{"id":6474,"date":"2025-10-11T16:51:28","date_gmt":"2025-10-11T14:51:28","guid":{"rendered":"https:\/\/kogabau.facilitytest.sk\/produkcja-nietypowych-ksztaltek\/"},"modified":"2025-12-12T13:34:10","modified_gmt":"2025-12-12T12:34:10","slug":"produkcja-nietypowych-ksztaltek","status":"publish","type":"page","link":"https:\/\/kogabau.facilitytest.sk\/pl\/produkcja-nietypowych-ksztaltek\/","title":{"rendered":"Produkcja nietypowych kszta\u0142tek"},"content":{"rendered":"\t\t<div data-elementor-type=\"wp-page\" data-elementor-id=\"6474\" class=\"elementor elementor-6474 elementor-881\" data-elementor-post-type=\"page\">\n\t\t\t\t\t\t<section class=\"elementor-section elementor-top-section elementor-element elementor-element-1e8c51c elementor-section-boxed elementor-section-height-default elementor-section-height-default\" data-id=\"1e8c51c\" data-element_type=\"section\" data-settings=\"{&quot;background_background&quot;:&quot;classic&quot;}\">\n\t\t\t\t\t\t<div class=\"elementor-container elementor-column-gap-default\">\n\t\t\t\t\t<div class=\"elementor-column elementor-col-100 elementor-top-column elementor-element elementor-element-8485e09\" data-id=\"8485e09\" data-element_type=\"column\">\n\t\t\t<div class=\"elementor-widget-wrap elementor-element-populated\">\n\t\t\t\t\t\t<div class=\"elementor-element elementor-element-f5a3ced elementor-widget elementor-widget-spacer\" data-id=\"f5a3ced\" data-element_type=\"widget\" data-widget_type=\"spacer.default\">\n\t\t\t\t<div class=\"elementor-widget-container\">\n\t\t\t\t\t\t\t<div class=\"elementor-spacer\">\n\t\t\t<div class=\"elementor-spacer-inner\"><\/div>\n\t\t<\/div>\n\t\t\t\t\t\t<\/div>\n\t\t\t\t<\/div>\n\t\t\t\t<div class=\"elementor-element elementor-element-010b38e elementor-widget elementor-widget-heading\" data-id=\"010b38e\" data-element_type=\"widget\" data-widget_type=\"heading.default\">\n\t\t\t\t<div class=\"elementor-widget-container\">\n\t\t\t\t\t<h1 class=\"elementor-heading-title elementor-size-default\">\nRada<\/h1>\t\t\t\t<\/div>\n\t\t\t\t<\/div>\n\t\t\t\t\t<\/div>\n\t\t<\/div>\n\t\t\t\t\t<\/div>\n\t\t<\/section>\n\t\t\t\t<section class=\"elementor-section elementor-top-section elementor-element elementor-element-3395629 elementor-section-boxed elementor-section-height-default elementor-section-height-default\" data-id=\"3395629\" data-element_type=\"section\" data-settings=\"{&quot;background_background&quot;:&quot;classic&quot;}\">\n\t\t\t\t\t\t<div class=\"elementor-container elementor-column-gap-default\">\n\t\t\t\t\t<div class=\"elementor-column elementor-col-50 elementor-top-column elementor-element elementor-element-8297679\" data-id=\"8297679\" data-element_type=\"column\">\n\t\t\t<div class=\"elementor-widget-wrap elementor-element-populated\">\n\t\t\t\t\t\t<div class=\"elementor-element elementor-element-da0a5ed elementor-widget elementor-widget-text-editor\" data-id=\"da0a5ed\" data-element_type=\"widget\" data-widget_type=\"text-editor.default\">\n\t\t\t\t<div class=\"elementor-widget-container\">\n\t\t\t\t\t\t\t\t\t<p>Us\u0142ugi \u2013 Doradztwo: obliczenia hydrauliczne, projektowanie dokumentacji produkcyjnej i technicznej system\u00f3w odwodnie\u0144, szkolenia.<\/p><p>Nasza firma oferuje r\u00f3wnie\u017c swoim partnerom biznesowym i wszystkim stronom zaanga\u017cowanym w proces budowy szeroki zakres us\u0142ug doradczych.<\/p><p>Doradztwo, kt\u00f3re \u015bwiadczymy, koncentruje si\u0119 g\u0142\u00f3wnie na pomocy projektantom w projektowaniu ca\u0142ego systemu odwodnie\u0144. W ramach tej wsp\u00f3\u0142pracy mo\u017cemy wykona\u0107 obliczenia hydrauliczne rozmieszczenia drena\u017cu i rur na konstrukcji mostu. Nast\u0119pnie mo\u017cemy zaleci\u0107 odpowiednie rozmieszczenie tych element\u00f3w wyposa\u017cenia mostu, aby unikn\u0105\u0107 ewentualnych kolizji z innymi elementami wyposa\u017cenia mostu.<\/p><p>Podczas budowy \u015bci\u015ble wsp\u00f3\u0142pracujemy z wykonawcami i oferujemy doradztwo bezpo\u015brednio na miejscu budowy. Doradztwo to koncentruje si\u0119 g\u0142\u00f3wnie na prawid\u0142owym stosowaniu dostarczanych przez nas produkt\u00f3w i sprz\u0119tu.<\/p><p>Nasza dzia\u0142alno\u015b\u0107 doradcza koncentruje si\u0119 r\u00f3wnie\u017c na szkoleniu projektant\u00f3w, inspektor\u00f3w nadzoru i inwestor\u00f3w w zakresie odwodnie\u0144 mostowych. Nasze do\u015bwiadczenie opiera si\u0119 na ponad dwudziestoletnim do\u015bwiadczeniu naszych partner\u00f3w i ekspert\u00f3w w dziedzinie odwodnie\u0144 mostowych, g\u0142\u00f3wnie dzi\u0119ki in\u017c. Petrowi Vl\u010dkowi.<\/p>\t\t\t\t\t\t\t\t<\/div>\n\t\t\t\t<\/div>\n\t\t\t\t\t<\/div>\n\t\t<\/div>\n\t\t\t\t<div class=\"elementor-column elementor-col-50 elementor-top-column elementor-element elementor-element-f54d5c0\" data-id=\"f54d5c0\" data-element_type=\"column\">\n\t\t\t<div class=\"elementor-widget-wrap\">\n\t\t\t\t\t\t\t<\/div>\n\t\t<\/div>\n\t\t\t\t\t<\/div>\n\t\t<\/section>\n\t\t\t\t<section class=\"elementor-section elementor-top-section elementor-element elementor-element-0d5305a elementor-hidden-mobile elementor-section-boxed elementor-section-height-default elementor-section-height-default\" data-id=\"0d5305a\" data-element_type=\"section\" data-settings=\"{&quot;background_background&quot;:&quot;classic&quot;}\">\n\t\t\t\t\t\t<div class=\"elementor-container elementor-column-gap-default\">\n\t\t\t\t\t<div class=\"make-column-clickable-elementor elementor-column elementor-col-100 elementor-top-column elementor-element elementor-element-06d87aa\" style=\"cursor: pointer;\" data-column-clickable=\"https:\/\/kogabau.facilitytest.sk\/pl\/lacznosc\/\" data-column-clickable-blank=\"_self\" data-id=\"06d87aa\" data-element_type=\"column\" data-settings=\"{&quot;background_background&quot;:&quot;classic&quot;}\">\n\t\t\t<div class=\"elementor-widget-wrap elementor-element-populated\">\n\t\t\t\t\t<div class=\"elementor-background-overlay\"><\/div>\n\t\t\t\t\t\t<div class=\"elementor-element elementor-element-4812868 elementor-widget elementor-widget-heading\" data-id=\"4812868\" data-element_type=\"widget\" data-widget_type=\"heading.default\">\n\t\t\t\t<div class=\"elementor-widget-container\">\n\t\t\t\t\t<h2 class=\"elementor-heading-title elementor-size-default\">Jeste\u015b zainteresowany wynajmem?<\/h2>\t\t\t\t<\/div>\n\t\t\t\t<\/div>\n\t\t\t\t<div class=\"elementor-element elementor-element-cbec9f0 elementor-widget elementor-widget-text-editor\" data-id=\"cbec9f0\" data-element_type=\"widget\" data-widget_type=\"text-editor.default\">\n\t\t\t\t<div class=\"elementor-widget-container\">\n\t\t\t\t\t\t\t\t\t<p>Cena wynajmu jest zawsze ustalana indywidualnie. W przypadku zainteresowania prosimy o przes\u0142anie maila ze swoimi wymaganiami na adres: <strong>kogabau@kogabau.facilitytest.sk<\/strong>, lub skontaktuj si\u0119 z nami za pomoc\u0105 <br><strong>formularz kontaktowy.<\/strong> Nasi kierownicy sprzeda\u017cy skontaktuj\u0105 si\u0119 z Pa\u0144stwem w celu ustalenia szczeg\u00f3\u0142\u00f3w wynajmu. <\/p>\t\t\t\t\t\t\t\t<\/div>\n\t\t\t\t<\/div>\n\t\t\t\t<div class=\"elementor-element elementor-element-4afe639 elementor-widget elementor-widget-button\" data-id=\"4afe639\" data-element_type=\"widget\" data-widget_type=\"button.default\">\n\t\t\t\t<div class=\"elementor-widget-container\">\n\t\t\t\t\t\t\t\t\t<div class=\"elementor-button-wrapper\">\n\t\t\t\t\t<a class=\"elementor-button elementor-button-link elementor-size-sm elementor-animation-grow\" href=\"https:\/\/kogabau.facilitytest.sk\/pl\/lacznosc\/\">\n\t\t\t\t\t\t<span class=\"elementor-button-content-wrapper\">\n\t\t\t\t\t\t\t\t\t<span class=\"elementor-button-text\">SKONTAKTUJ SI\u0118 Z NAMI<\/span>\n\t\t\t\t\t<\/span>\n\t\t\t\t\t<\/a>\n\t\t\t\t<\/div>\n\t\t\t\t\t\t\t\t<\/div>\n\t\t\t\t<\/div>\n\t\t\t\t\t<\/div>\n\t\t<\/div>\n\t\t\t\t\t<\/div>\n\t\t<\/section>\n\t\t\t\t<\/div>\n\t\t","protected":false},"excerpt":{"rendered":"<p>Rada Us\u0142ugi \u2013 Doradztwo: obliczenia hydrauliczne, projektowanie dokumentacji produkcyjnej i technicznej system\u00f3w odwodnie\u0144, szkolenia. Nasza firma oferuje r\u00f3wnie\u017c swoim partnerom biznesowym i wszystkim stronom zaanga\u017cowanym w proces budowy szeroki zakres us\u0142ug doradczych. Doradztwo, kt\u00f3re \u015bwiadczymy, koncentruje si\u0119 g\u0142\u00f3wnie na pomocy projektantom w projektowaniu ca\u0142ego systemu odwodnie\u0144. W ramach tej wsp\u00f3\u0142pracy mo\u017cemy wykona\u0107 obliczenia hydrauliczne rozmieszczenia [&hellip;]<\/p>\n","protected":false},"author":15,"featured_media":0,"parent":0,"menu_order":0,"comment_status":"closed","ping_status":"closed","template":"","meta":{"footnotes":""},"class_list":["post-6474","page","type-page","status-publish","hentry"],"yoast_head":"<!-- This site is optimized with the Yoast SEO plugin v26.2 - https:\/\/yoast.com\/wordpress\/plugins\/seo\/ -->\n<title>Produkcja nietypowych kszta\u0142tek | Spawanie rur DN50\u2013DN630 | KOGA Bau<\/title>\n<meta name=\"description\" content=\"Firma KOGA Bau oferuje profesjonaln\u0105 produkcj\u0119 nietypowych kszta\u0142tek, zgodnie z wymaganiami klienta. Dysponujemy technologi\u0105 spawania doczo\u0142owego rur DN50\u2013DN630, spawania pod k\u0105tem powy\u017cej 45\u00b0, a tak\u017ce z wykorzystaniem ekstrudera. Produkujemy mufy przej\u015bciowe i z\u0142\u0105cza z r\u00f3\u017cnych materia\u0142\u00f3w o wysokiej wytrzyma\u0142o\u015bci. Skontaktuj si\u0119 z nami, aby uzyska\u0107 indywidualne rozwi\u0105zanie techniczne.\" \/>\n<meta name=\"robots\" content=\"noindex, follow, max-snippet:-1, max-image-preview:large, max-video-preview:-1\" \/>\n<meta property=\"og:locale\" content=\"pl_PL\" \/>\n<meta property=\"og:type\" content=\"article\" \/>\n<meta property=\"og:title\" content=\"Produkcja nietypowych kszta\u0142tek | Spawanie rur DN50\u2013DN630 | KOGA Bau\" \/>\n<meta property=\"og:description\" content=\"Firma KOGA Bau oferuje profesjonaln\u0105 produkcj\u0119 nietypowych kszta\u0142tek, zgodnie z wymaganiami klienta. Dysponujemy technologi\u0105 spawania doczo\u0142owego rur DN50\u2013DN630, spawania pod k\u0105tem powy\u017cej 45\u00b0, a tak\u017ce z wykorzystaniem ekstrudera. Produkujemy mufy przej\u015bciowe i z\u0142\u0105cza z r\u00f3\u017cnych materia\u0142\u00f3w o wysokiej wytrzyma\u0142o\u015bci. Skontaktuj si\u0119 z nami, aby uzyska\u0107 indywidualne rozwi\u0105zanie techniczne.\" \/>\n<meta property=\"og:url\" content=\"https:\/\/kogabau.facilitytest.sk\/pl\/produkcja-nietypowych-ksztaltek\/\" \/>\n<meta property=\"og:site_name\" content=\"KOGABAU\" \/>\n<meta property=\"article:modified_time\" content=\"2025-12-12T12:34:10+00:00\" \/>\n<meta name=\"twitter:card\" content=\"summary_large_image\" \/>\n<meta name=\"twitter:label1\" content=\"Szacowany czas czytania\" \/>\n\t<meta name=\"twitter:data1\" content=\"2 minuty\" \/>\n<script type=\"application\/ld+json\" class=\"yoast-schema-graph\">{\"@context\":\"https:\/\/schema.org\",\"@graph\":[{\"@type\":\"WebPage\",\"@id\":\"https:\/\/kogabau.facilitytest.sk\/pl\/produkcja-nietypowych-ksztaltek\/\",\"url\":\"https:\/\/kogabau.facilitytest.sk\/pl\/produkcja-nietypowych-ksztaltek\/\",\"name\":\"Produkcja nietypowych kszta\u0142tek | Spawanie rur DN50\u2013DN630 | KOGA Bau\",\"isPartOf\":{\"@id\":\"https:\/\/kogabau.facilitytest.sk\/pl\/#website\"},\"datePublished\":\"2025-10-11T14:51:28+00:00\",\"dateModified\":\"2025-12-12T12:34:10+00:00\",\"description\":\"Firma KOGA Bau oferuje profesjonaln\u0105 produkcj\u0119 nietypowych kszta\u0142tek, zgodnie z wymaganiami klienta. Dysponujemy technologi\u0105 spawania doczo\u0142owego rur DN50\u2013DN630, spawania pod k\u0105tem powy\u017cej 45\u00b0, a tak\u017ce z wykorzystaniem ekstrudera. Produkujemy mufy przej\u015bciowe i z\u0142\u0105cza z r\u00f3\u017cnych materia\u0142\u00f3w o wysokiej wytrzyma\u0142o\u015bci. Skontaktuj si\u0119 z nami, aby uzyska\u0107 indywidualne rozwi\u0105zanie techniczne.\",\"breadcrumb\":{\"@id\":\"https:\/\/kogabau.facilitytest.sk\/pl\/produkcja-nietypowych-ksztaltek\/#breadcrumb\"},\"inLanguage\":\"pl-PL\",\"potentialAction\":[{\"@type\":\"ReadAction\",\"target\":[\"https:\/\/kogabau.facilitytest.sk\/pl\/produkcja-nietypowych-ksztaltek\/\"]}]},{\"@type\":\"BreadcrumbList\",\"@id\":\"https:\/\/kogabau.facilitytest.sk\/pl\/produkcja-nietypowych-ksztaltek\/#breadcrumb\",\"itemListElement\":[{\"@type\":\"ListItem\",\"position\":1,\"name\":\"Home\",\"item\":\"https:\/\/kogabau.facilitytest.sk\/pl\/\"},{\"@type\":\"ListItem\",\"position\":2,\"name\":\"Produkcja nietypowych kszta\u0142tek\"}]},{\"@type\":\"WebSite\",\"@id\":\"https:\/\/kogabau.facilitytest.sk\/pl\/#website\",\"url\":\"https:\/\/kogabau.facilitytest.sk\/pl\/\",\"name\":\"KOGABAU\",\"description\":\"\",\"publisher\":{\"@id\":\"https:\/\/kogabau.facilitytest.sk\/pl\/#organization\"},\"potentialAction\":[{\"@type\":\"SearchAction\",\"target\":{\"@type\":\"EntryPoint\",\"urlTemplate\":\"https:\/\/kogabau.facilitytest.sk\/pl\/?s={search_term_string}\"},\"query-input\":{\"@type\":\"PropertyValueSpecification\",\"valueRequired\":true,\"valueName\":\"search_term_string\"}}],\"inLanguage\":\"pl-PL\"},{\"@type\":\"Organization\",\"@id\":\"https:\/\/kogabau.facilitytest.sk\/pl\/#organization\",\"name\":\"KOGABAU\",\"url\":\"https:\/\/kogabau.facilitytest.sk\/pl\/\",\"logo\":{\"@type\":\"ImageObject\",\"inLanguage\":\"pl-PL\",\"@id\":\"https:\/\/kogabau.facilitytest.sk\/pl\/#\/schema\/logo\/image\/\",\"url\":\"https:\/\/kogabau.facilitytest.sk\/wp-content\/uploads\/2021\/02\/KOGA-BAU-logo-cierne.png\",\"contentUrl\":\"https:\/\/kogabau.facilitytest.sk\/wp-content\/uploads\/2021\/02\/KOGA-BAU-logo-cierne.png\",\"width\":516,\"height\":66,\"caption\":\"KOGABAU\"},\"image\":{\"@id\":\"https:\/\/kogabau.facilitytest.sk\/pl\/#\/schema\/logo\/image\/\"}}]}<\/script>\n<!-- \/ Yoast SEO plugin. -->","yoast_head_json":{"title":"Produkcja nietypowych kszta\u0142tek | Spawanie rur DN50\u2013DN630 | KOGA Bau","description":"Firma KOGA Bau oferuje profesjonaln\u0105 produkcj\u0119 nietypowych kszta\u0142tek, zgodnie z wymaganiami klienta. Dysponujemy technologi\u0105 spawania doczo\u0142owego rur DN50\u2013DN630, spawania pod k\u0105tem powy\u017cej 45\u00b0, a tak\u017ce z wykorzystaniem ekstrudera. Produkujemy mufy przej\u015bciowe i z\u0142\u0105cza z r\u00f3\u017cnych materia\u0142\u00f3w o wysokiej wytrzyma\u0142o\u015bci. Skontaktuj si\u0119 z nami, aby uzyska\u0107 indywidualne rozwi\u0105zanie techniczne.","robots":{"index":"noindex","follow":"follow","max-snippet":"max-snippet:-1","max-image-preview":"max-image-preview:large","max-video-preview":"max-video-preview:-1"},"og_locale":"pl_PL","og_type":"article","og_title":"Produkcja nietypowych kszta\u0142tek | Spawanie rur DN50\u2013DN630 | KOGA Bau","og_description":"Firma KOGA Bau oferuje profesjonaln\u0105 produkcj\u0119 nietypowych kszta\u0142tek, zgodnie z wymaganiami klienta. Dysponujemy technologi\u0105 spawania doczo\u0142owego rur DN50\u2013DN630, spawania pod k\u0105tem powy\u017cej 45\u00b0, a tak\u017ce z wykorzystaniem ekstrudera. Produkujemy mufy przej\u015bciowe i z\u0142\u0105cza z r\u00f3\u017cnych materia\u0142\u00f3w o wysokiej wytrzyma\u0142o\u015bci. Skontaktuj si\u0119 z nami, aby uzyska\u0107 indywidualne rozwi\u0105zanie techniczne.","og_url":"https:\/\/kogabau.facilitytest.sk\/pl\/produkcja-nietypowych-ksztaltek\/","og_site_name":"KOGABAU","article_modified_time":"2025-12-12T12:34:10+00:00","twitter_card":"summary_large_image","twitter_misc":{"Szacowany czas czytania":"2 minuty"},"schema":{"@context":"https:\/\/schema.org","@graph":[{"@type":"WebPage","@id":"https:\/\/kogabau.facilitytest.sk\/pl\/produkcja-nietypowych-ksztaltek\/","url":"https:\/\/kogabau.facilitytest.sk\/pl\/produkcja-nietypowych-ksztaltek\/","name":"Produkcja nietypowych kszta\u0142tek | Spawanie rur DN50\u2013DN630 | KOGA Bau","isPartOf":{"@id":"https:\/\/kogabau.facilitytest.sk\/pl\/#website"},"datePublished":"2025-10-11T14:51:28+00:00","dateModified":"2025-12-12T12:34:10+00:00","description":"Firma KOGA Bau oferuje profesjonaln\u0105 produkcj\u0119 nietypowych kszta\u0142tek, zgodnie z wymaganiami klienta. Dysponujemy technologi\u0105 spawania doczo\u0142owego rur DN50\u2013DN630, spawania pod k\u0105tem powy\u017cej 45\u00b0, a tak\u017ce z wykorzystaniem ekstrudera. Produkujemy mufy przej\u015bciowe i z\u0142\u0105cza z r\u00f3\u017cnych materia\u0142\u00f3w o wysokiej wytrzyma\u0142o\u015bci. Skontaktuj si\u0119 z nami, aby uzyska\u0107 indywidualne rozwi\u0105zanie techniczne.","breadcrumb":{"@id":"https:\/\/kogabau.facilitytest.sk\/pl\/produkcja-nietypowych-ksztaltek\/#breadcrumb"},"inLanguage":"pl-PL","potentialAction":[{"@type":"ReadAction","target":["https:\/\/kogabau.facilitytest.sk\/pl\/produkcja-nietypowych-ksztaltek\/"]}]},{"@type":"BreadcrumbList","@id":"https:\/\/kogabau.facilitytest.sk\/pl\/produkcja-nietypowych-ksztaltek\/#breadcrumb","itemListElement":[{"@type":"ListItem","position":1,"name":"Home","item":"https:\/\/kogabau.facilitytest.sk\/pl\/"},{"@type":"ListItem","position":2,"name":"Produkcja nietypowych kszta\u0142tek"}]},{"@type":"WebSite","@id":"https:\/\/kogabau.facilitytest.sk\/pl\/#website","url":"https:\/\/kogabau.facilitytest.sk\/pl\/","name":"KOGABAU","description":"","publisher":{"@id":"https:\/\/kogabau.facilitytest.sk\/pl\/#organization"},"potentialAction":[{"@type":"SearchAction","target":{"@type":"EntryPoint","urlTemplate":"https:\/\/kogabau.facilitytest.sk\/pl\/?s={search_term_string}"},"query-input":{"@type":"PropertyValueSpecification","valueRequired":true,"valueName":"search_term_string"}}],"inLanguage":"pl-PL"},{"@type":"Organization","@id":"https:\/\/kogabau.facilitytest.sk\/pl\/#organization","name":"KOGABAU","url":"https:\/\/kogabau.facilitytest.sk\/pl\/","logo":{"@type":"ImageObject","inLanguage":"pl-PL","@id":"https:\/\/kogabau.facilitytest.sk\/pl\/#\/schema\/logo\/image\/","url":"https:\/\/kogabau.facilitytest.sk\/wp-content\/uploads\/2021\/02\/KOGA-BAU-logo-cierne.png","contentUrl":"https:\/\/kogabau.facilitytest.sk\/wp-content\/uploads\/2021\/02\/KOGA-BAU-logo-cierne.png","width":516,"height":66,"caption":"KOGABAU"},"image":{"@id":"https:\/\/kogabau.facilitytest.sk\/pl\/#\/schema\/logo\/image\/"}}]}},"_links":{"self":[{"href":"https:\/\/kogabau.facilitytest.sk\/pl\/wp-json\/wp\/v2\/pages\/6474","targetHints":{"allow":["GET"]}}],"collection":[{"href":"https:\/\/kogabau.facilitytest.sk\/pl\/wp-json\/wp\/v2\/pages"}],"about":[{"href":"https:\/\/kogabau.facilitytest.sk\/pl\/wp-json\/wp\/v2\/types\/page"}],"author":[{"embeddable":true,"href":"https:\/\/kogabau.facilitytest.sk\/pl\/wp-json\/wp\/v2\/users\/15"}],"replies":[{"embeddable":true,"href":"https:\/\/kogabau.facilitytest.sk\/pl\/wp-json\/wp\/v2\/comments?post=6474"}],"version-history":[{"count":13,"href":"https:\/\/kogabau.facilitytest.sk\/pl\/wp-json\/wp\/v2\/pages\/6474\/revisions"}],"predecessor-version":[{"id":8806,"href":"https:\/\/kogabau.facilitytest.sk\/pl\/wp-json\/wp\/v2\/pages\/6474\/revisions\/8806"}],"wp:attachment":[{"href":"https:\/\/kogabau.facilitytest.sk\/pl\/wp-json\/wp\/v2\/media?parent=6474"}],"curies":[{"name":"wp","href":"https:\/\/api.w.org\/{rel}","templated":true}]}}