{"id":6377,"date":"2025-10-12T14:34:52","date_gmt":"2025-10-12T12:34:52","guid":{"rendered":"https:\/\/kogabau.facilitytest.sk\/rohy\/"},"modified":"2025-11-10T23:00:34","modified_gmt":"2025-11-10T22:00:34","slug":"rohy","status":"publish","type":"page","link":"https:\/\/kogabau.facilitytest.sk\/pl\/rohy\/","title":{"rendered":"Rohy"},"content":{"rendered":"\t\t<div data-elementor-type=\"wp-page\" data-elementor-id=\"6377\" class=\"elementor elementor-6377 elementor-1088\" data-elementor-post-type=\"page\">\n\t\t\t\t\t\t<section class=\"elementor-section elementor-top-section elementor-element elementor-element-8c5cc58 elementor-section-boxed elementor-section-height-default elementor-section-height-default\" data-id=\"8c5cc58\" data-element_type=\"section\" data-settings=\"{&quot;background_background&quot;:&quot;classic&quot;}\">\n\t\t\t\t\t\t<div class=\"elementor-container elementor-column-gap-default\">\n\t\t\t\t\t<div class=\"elementor-column elementor-col-100 elementor-top-column elementor-element elementor-element-4c061b6\" data-id=\"4c061b6\" data-element_type=\"column\">\n\t\t\t<div class=\"elementor-widget-wrap elementor-element-populated\">\n\t\t\t\t\t\t<div class=\"elementor-element elementor-element-efc54a5 elementor-widget elementor-widget-spacer\" data-id=\"efc54a5\" data-element_type=\"widget\" data-widget_type=\"spacer.default\">\n\t\t\t\t<div class=\"elementor-widget-container\">\n\t\t\t\t\t\t\t<div class=\"elementor-spacer\">\n\t\t\t<div class=\"elementor-spacer-inner\"><\/div>\n\t\t<\/div>\n\t\t\t\t\t\t<\/div>\n\t\t\t\t<\/div>\n\t\t\t\t<div class=\"elementor-element elementor-element-db8ba8f elementor-widget elementor-widget-heading\" data-id=\"db8ba8f\" data-element_type=\"widget\" data-widget_type=\"heading.default\">\n\t\t\t\t<div class=\"elementor-widget-container\">\n\t\t\t\t\t<h1 class=\"elementor-heading-title elementor-size-default\">Rohy\u00ae<\/h1>\t\t\t\t<\/div>\n\t\t\t\t<\/div>\n\t\t\t\t\t<\/div>\n\t\t<\/div>\n\t\t\t\t\t<\/div>\n\t\t<\/section>\n\t\t\t\t<section class=\"elementor-section elementor-top-section elementor-element elementor-element-6606034 elementor-reverse-tablet elementor-reverse-mobile elementor-section-boxed elementor-section-height-default elementor-section-height-default\" data-id=\"6606034\" data-element_type=\"section\" data-settings=\"{&quot;background_background&quot;:&quot;classic&quot;}\">\n\t\t\t\t\t\t<div class=\"elementor-container elementor-column-gap-default\">\n\t\t\t\t\t<div class=\"elementor-column elementor-col-50 elementor-top-column elementor-element elementor-element-ea36663\" data-id=\"ea36663\" data-element_type=\"column\">\n\t\t\t<div class=\"elementor-widget-wrap elementor-element-populated\">\n\t\t\t\t\t\t<div class=\"elementor-element elementor-element-b6169b0 elementor-widget__width-initial elementor-widget elementor-widget-text-editor\" data-id=\"b6169b0\" data-element_type=\"widget\" data-widget_type=\"text-editor.default\">\n\t\t\t\t<div class=\"elementor-widget-container\">\n\t\t\t\t\t\t\t\t\t<p>Ogranicznik \u015bcie\u017cek rowerowych i miejsc parkingowych s\u0142u\u017cy do wizualnego i fizycznego rozgraniczenia przestrzeni, na przyk\u0142ad mi\u0119dzy \u015bcie\u017ck\u0105 rowerow\u0105 a chodnikiem lub w pobli\u017cu miejsc parkingowych. Ograniczniki s\u0105 solidne, wykonane w ca\u0142o\u015bci z \u017celiwa i zakotwiczone w pod\u0142o\u017cu za pomoc\u0105 pr\u0119ta gwintowanego (trzpienia), co zapewnia stabilno\u015b\u0107. Mog\u0105 by\u0107 wyko\u0144czone powierzchniowo zgodnie z \u017cyczeniem klienta (np. w kolorze miasta).  <\/p>\t\t\t\t\t\t\t\t<\/div>\n\t\t\t\t<\/div>\n\t\t\t\t\t<\/div>\n\t\t<\/div>\n\t\t\t\t<div class=\"elementor-column elementor-col-50 elementor-top-column elementor-element elementor-element-215eb55\" data-id=\"215eb55\" data-element_type=\"column\" data-settings=\"{&quot;background_background&quot;:&quot;classic&quot;}\">\n\t\t\t<div class=\"elementor-widget-wrap elementor-element-populated\">\n\t\t\t\t\t\t<div class=\"elementor-element elementor-element-4536708 elementor-widget elementor-widget-image\" data-id=\"4536708\" data-element_type=\"widget\" data-widget_type=\"image.default\">\n\t\t\t\t<div class=\"elementor-widget-container\">\n\t\t\t\t\t\t\t\t\t\t\t\t\t\t\t<img fetchpriority=\"high\" decoding=\"async\" width=\"575\" height=\"580\" src=\"https:\/\/kogabau.facilitytest.sk\/wp-content\/uploads\/2025\/10\/KoGaBau-Rohy.png\" class=\"attachment-full size-full wp-image-6376\" alt=\"\" srcset=\"https:\/\/kogabau.facilitytest.sk\/wp-content\/uploads\/2025\/10\/KoGaBau-Rohy.png 575w, https:\/\/kogabau.facilitytest.sk\/wp-content\/uploads\/2025\/10\/KoGaBau-Rohy-297x300.png 297w, https:\/\/kogabau.facilitytest.sk\/wp-content\/uploads\/2025\/10\/KoGaBau-Rohy-150x150.png 150w\" sizes=\"(max-width: 575px) 100vw, 575px\" \/>\t\t\t\t\t\t\t\t\t\t\t\t\t\t\t<\/div>\n\t\t\t\t<\/div>\n\t\t\t\t\t<\/div>\n\t\t<\/div>\n\t\t\t\t\t<\/div>\n\t\t<\/section>\n\t\t\t\t<\/div>\n\t\t","protected":false},"excerpt":{"rendered":"<p>Rohy\u00ae Ogranicznik \u015bcie\u017cek rowerowych i miejsc parkingowych s\u0142u\u017cy do wizualnego i fizycznego rozgraniczenia przestrzeni, na przyk\u0142ad mi\u0119dzy \u015bcie\u017ck\u0105 rowerow\u0105 a chodnikiem lub w pobli\u017cu miejsc parkingowych. Ograniczniki s\u0105 solidne, wykonane w ca\u0142o\u015bci z \u017celiwa i zakotwiczone w pod\u0142o\u017cu za pomoc\u0105 pr\u0119ta gwintowanego (trzpienia), co zapewnia stabilno\u015b\u0107. Mog\u0105 by\u0107 wyko\u0144czone powierzchniowo zgodnie z \u017cyczeniem klienta (np. [&hellip;]<\/p>\n","protected":false},"author":16,"featured_media":0,"parent":0,"menu_order":0,"comment_status":"closed","ping_status":"closed","template":"","meta":{"footnotes":""},"class_list":["post-6377","page","type-page","status-publish","hentry"],"yoast_head":"<!-- This site is optimized with the Yoast SEO plugin v26.2 - https:\/\/yoast.com\/wordpress\/plugins\/seo\/ -->\n<title>Corners\u00ae \u2013 \u017beliwne ograniczniki \u015bcie\u017cek rowerowych i miejsc parkingowych | KOGA Bau<\/title>\n<meta name=\"description\" content=\"Corners\u00ae firmy KOGA Bau to solidne, \u017celiwne przegrody przeznaczone do oddzielania \u015bcie\u017cek rowerowych, chodnik\u00f3w i miejsc parkingowych. Mocowane za pomoc\u0105 pr\u0119ta gwintowanego, z mo\u017cliwo\u015bci\u0105 wyko\u0144czenia kolorystycznego zgodnie z wymaganiami miasta lub inwestora. Niezawodne, trwa\u0142e i bezpieczne rozwi\u0105zanie dla przestrzeni publicznych.\" \/>\n<meta name=\"robots\" content=\"noindex, follow, max-snippet:-1, max-image-preview:large, max-video-preview:-1\" \/>\n<meta property=\"og:locale\" content=\"pl_PL\" \/>\n<meta property=\"og:type\" content=\"article\" \/>\n<meta property=\"og:title\" content=\"Corners\u00ae \u2013 \u017beliwne ograniczniki \u015bcie\u017cek rowerowych i miejsc parkingowych | KOGA Bau\" \/>\n<meta property=\"og:description\" content=\"Corners\u00ae firmy KOGA Bau to solidne, \u017celiwne przegrody przeznaczone do oddzielania \u015bcie\u017cek rowerowych, chodnik\u00f3w i miejsc parkingowych. Mocowane za pomoc\u0105 pr\u0119ta gwintowanego, z mo\u017cliwo\u015bci\u0105 wyko\u0144czenia kolorystycznego zgodnie z wymaganiami miasta lub inwestora. Niezawodne, trwa\u0142e i bezpieczne rozwi\u0105zanie dla przestrzeni publicznych.\" \/>\n<meta property=\"og:url\" content=\"https:\/\/kogabau.facilitytest.sk\/pl\/rohy\/\" \/>\n<meta property=\"og:site_name\" content=\"KOGABAU\" \/>\n<meta property=\"article:modified_time\" content=\"2025-11-10T22:00:34+00:00\" \/>\n<meta property=\"og:image\" content=\"https:\/\/kogabau.facilitytest.sk\/wp-content\/uploads\/2025\/10\/KoGaBau-Rohy.png\" \/>\n\t<meta property=\"og:image:width\" content=\"575\" \/>\n\t<meta property=\"og:image:height\" content=\"580\" \/>\n\t<meta property=\"og:image:type\" content=\"image\/png\" \/>\n<meta name=\"twitter:card\" content=\"summary_large_image\" \/>\n<script type=\"application\/ld+json\" class=\"yoast-schema-graph\">{\"@context\":\"https:\/\/schema.org\",\"@graph\":[{\"@type\":\"WebPage\",\"@id\":\"https:\/\/kogabau.facilitytest.sk\/pl\/rohy\/\",\"url\":\"https:\/\/kogabau.facilitytest.sk\/pl\/rohy\/\",\"name\":\"Corners\u00ae \u2013 \u017beliwne ograniczniki \u015bcie\u017cek rowerowych i miejsc parkingowych | KOGA Bau\",\"isPartOf\":{\"@id\":\"https:\/\/kogabau.facilitytest.sk\/pl\/#website\"},\"primaryImageOfPage\":{\"@id\":\"https:\/\/kogabau.facilitytest.sk\/pl\/rohy\/#primaryimage\"},\"image\":{\"@id\":\"https:\/\/kogabau.facilitytest.sk\/pl\/rohy\/#primaryimage\"},\"thumbnailUrl\":\"https:\/\/kogabau.facilitytest.sk\/wp-content\/uploads\/2025\/10\/KoGaBau-Rohy.png\",\"datePublished\":\"2025-10-12T12:34:52+00:00\",\"dateModified\":\"2025-11-10T22:00:34+00:00\",\"description\":\"Corners\u00ae firmy KOGA Bau to solidne, \u017celiwne przegrody przeznaczone do oddzielania \u015bcie\u017cek rowerowych, chodnik\u00f3w i miejsc parkingowych. Mocowane za pomoc\u0105 pr\u0119ta gwintowanego, z mo\u017cliwo\u015bci\u0105 wyko\u0144czenia kolorystycznego zgodnie z wymaganiami miasta lub inwestora. Niezawodne, trwa\u0142e i bezpieczne rozwi\u0105zanie dla przestrzeni publicznych.\",\"breadcrumb\":{\"@id\":\"https:\/\/kogabau.facilitytest.sk\/pl\/rohy\/#breadcrumb\"},\"inLanguage\":\"pl-PL\",\"potentialAction\":[{\"@type\":\"ReadAction\",\"target\":[\"https:\/\/kogabau.facilitytest.sk\/pl\/rohy\/\"]}]},{\"@type\":\"ImageObject\",\"inLanguage\":\"pl-PL\",\"@id\":\"https:\/\/kogabau.facilitytest.sk\/pl\/rohy\/#primaryimage\",\"url\":\"https:\/\/kogabau.facilitytest.sk\/wp-content\/uploads\/2025\/10\/KoGaBau-Rohy.png\",\"contentUrl\":\"https:\/\/kogabau.facilitytest.sk\/wp-content\/uploads\/2025\/10\/KoGaBau-Rohy.png\"},{\"@type\":\"BreadcrumbList\",\"@id\":\"https:\/\/kogabau.facilitytest.sk\/pl\/rohy\/#breadcrumb\",\"itemListElement\":[{\"@type\":\"ListItem\",\"position\":1,\"name\":\"Home\",\"item\":\"https:\/\/kogabau.facilitytest.sk\/pl\/\"},{\"@type\":\"ListItem\",\"position\":2,\"name\":\"Rohy\"}]},{\"@type\":\"WebSite\",\"@id\":\"https:\/\/kogabau.facilitytest.sk\/pl\/#website\",\"url\":\"https:\/\/kogabau.facilitytest.sk\/pl\/\",\"name\":\"KOGABAU\",\"description\":\"\",\"publisher\":{\"@id\":\"https:\/\/kogabau.facilitytest.sk\/pl\/#organization\"},\"potentialAction\":[{\"@type\":\"SearchAction\",\"target\":{\"@type\":\"EntryPoint\",\"urlTemplate\":\"https:\/\/kogabau.facilitytest.sk\/pl\/?s={search_term_string}\"},\"query-input\":{\"@type\":\"PropertyValueSpecification\",\"valueRequired\":true,\"valueName\":\"search_term_string\"}}],\"inLanguage\":\"pl-PL\"},{\"@type\":\"Organization\",\"@id\":\"https:\/\/kogabau.facilitytest.sk\/pl\/#organization\",\"name\":\"KOGABAU\",\"url\":\"https:\/\/kogabau.facilitytest.sk\/pl\/\",\"logo\":{\"@type\":\"ImageObject\",\"inLanguage\":\"pl-PL\",\"@id\":\"https:\/\/kogabau.facilitytest.sk\/pl\/#\/schema\/logo\/image\/\",\"url\":\"https:\/\/kogabau.facilitytest.sk\/wp-content\/uploads\/2021\/02\/KOGA-BAU-logo-cierne.png\",\"contentUrl\":\"https:\/\/kogabau.facilitytest.sk\/wp-content\/uploads\/2021\/02\/KOGA-BAU-logo-cierne.png\",\"width\":516,\"height\":66,\"caption\":\"KOGABAU\"},\"image\":{\"@id\":\"https:\/\/kogabau.facilitytest.sk\/pl\/#\/schema\/logo\/image\/\"}}]}<\/script>\n<!-- \/ Yoast SEO plugin. -->","yoast_head_json":{"title":"Corners\u00ae \u2013 \u017beliwne ograniczniki \u015bcie\u017cek rowerowych i miejsc parkingowych | KOGA Bau","description":"Corners\u00ae firmy KOGA Bau to solidne, \u017celiwne przegrody przeznaczone do oddzielania \u015bcie\u017cek rowerowych, chodnik\u00f3w i miejsc parkingowych. Mocowane za pomoc\u0105 pr\u0119ta gwintowanego, z mo\u017cliwo\u015bci\u0105 wyko\u0144czenia kolorystycznego zgodnie z wymaganiami miasta lub inwestora. Niezawodne, trwa\u0142e i bezpieczne rozwi\u0105zanie dla przestrzeni publicznych.","robots":{"index":"noindex","follow":"follow","max-snippet":"max-snippet:-1","max-image-preview":"max-image-preview:large","max-video-preview":"max-video-preview:-1"},"og_locale":"pl_PL","og_type":"article","og_title":"Corners\u00ae \u2013 \u017beliwne ograniczniki \u015bcie\u017cek rowerowych i miejsc parkingowych | KOGA Bau","og_description":"Corners\u00ae firmy KOGA Bau to solidne, \u017celiwne przegrody przeznaczone do oddzielania \u015bcie\u017cek rowerowych, chodnik\u00f3w i miejsc parkingowych. Mocowane za pomoc\u0105 pr\u0119ta gwintowanego, z mo\u017cliwo\u015bci\u0105 wyko\u0144czenia kolorystycznego zgodnie z wymaganiami miasta lub inwestora. Niezawodne, trwa\u0142e i bezpieczne rozwi\u0105zanie dla przestrzeni publicznych.","og_url":"https:\/\/kogabau.facilitytest.sk\/pl\/rohy\/","og_site_name":"KOGABAU","article_modified_time":"2025-11-10T22:00:34+00:00","og_image":[{"width":575,"height":580,"url":"https:\/\/kogabau.facilitytest.sk\/wp-content\/uploads\/2025\/10\/KoGaBau-Rohy.png","type":"image\/png"}],"twitter_card":"summary_large_image","schema":{"@context":"https:\/\/schema.org","@graph":[{"@type":"WebPage","@id":"https:\/\/kogabau.facilitytest.sk\/pl\/rohy\/","url":"https:\/\/kogabau.facilitytest.sk\/pl\/rohy\/","name":"Corners\u00ae \u2013 \u017beliwne ograniczniki \u015bcie\u017cek rowerowych i miejsc parkingowych | KOGA Bau","isPartOf":{"@id":"https:\/\/kogabau.facilitytest.sk\/pl\/#website"},"primaryImageOfPage":{"@id":"https:\/\/kogabau.facilitytest.sk\/pl\/rohy\/#primaryimage"},"image":{"@id":"https:\/\/kogabau.facilitytest.sk\/pl\/rohy\/#primaryimage"},"thumbnailUrl":"https:\/\/kogabau.facilitytest.sk\/wp-content\/uploads\/2025\/10\/KoGaBau-Rohy.png","datePublished":"2025-10-12T12:34:52+00:00","dateModified":"2025-11-10T22:00:34+00:00","description":"Corners\u00ae firmy KOGA Bau to solidne, \u017celiwne przegrody przeznaczone do oddzielania \u015bcie\u017cek rowerowych, chodnik\u00f3w i miejsc parkingowych. Mocowane za pomoc\u0105 pr\u0119ta gwintowanego, z mo\u017cliwo\u015bci\u0105 wyko\u0144czenia kolorystycznego zgodnie z wymaganiami miasta lub inwestora. Niezawodne, trwa\u0142e i bezpieczne rozwi\u0105zanie dla przestrzeni publicznych.","breadcrumb":{"@id":"https:\/\/kogabau.facilitytest.sk\/pl\/rohy\/#breadcrumb"},"inLanguage":"pl-PL","potentialAction":[{"@type":"ReadAction","target":["https:\/\/kogabau.facilitytest.sk\/pl\/rohy\/"]}]},{"@type":"ImageObject","inLanguage":"pl-PL","@id":"https:\/\/kogabau.facilitytest.sk\/pl\/rohy\/#primaryimage","url":"https:\/\/kogabau.facilitytest.sk\/wp-content\/uploads\/2025\/10\/KoGaBau-Rohy.png","contentUrl":"https:\/\/kogabau.facilitytest.sk\/wp-content\/uploads\/2025\/10\/KoGaBau-Rohy.png"},{"@type":"BreadcrumbList","@id":"https:\/\/kogabau.facilitytest.sk\/pl\/rohy\/#breadcrumb","itemListElement":[{"@type":"ListItem","position":1,"name":"Home","item":"https:\/\/kogabau.facilitytest.sk\/pl\/"},{"@type":"ListItem","position":2,"name":"Rohy"}]},{"@type":"WebSite","@id":"https:\/\/kogabau.facilitytest.sk\/pl\/#website","url":"https:\/\/kogabau.facilitytest.sk\/pl\/","name":"KOGABAU","description":"","publisher":{"@id":"https:\/\/kogabau.facilitytest.sk\/pl\/#organization"},"potentialAction":[{"@type":"SearchAction","target":{"@type":"EntryPoint","urlTemplate":"https:\/\/kogabau.facilitytest.sk\/pl\/?s={search_term_string}"},"query-input":{"@type":"PropertyValueSpecification","valueRequired":true,"valueName":"search_term_string"}}],"inLanguage":"pl-PL"},{"@type":"Organization","@id":"https:\/\/kogabau.facilitytest.sk\/pl\/#organization","name":"KOGABAU","url":"https:\/\/kogabau.facilitytest.sk\/pl\/","logo":{"@type":"ImageObject","inLanguage":"pl-PL","@id":"https:\/\/kogabau.facilitytest.sk\/pl\/#\/schema\/logo\/image\/","url":"https:\/\/kogabau.facilitytest.sk\/wp-content\/uploads\/2021\/02\/KOGA-BAU-logo-cierne.png","contentUrl":"https:\/\/kogabau.facilitytest.sk\/wp-content\/uploads\/2021\/02\/KOGA-BAU-logo-cierne.png","width":516,"height":66,"caption":"KOGABAU"},"image":{"@id":"https:\/\/kogabau.facilitytest.sk\/pl\/#\/schema\/logo\/image\/"}}]}},"_links":{"self":[{"href":"https:\/\/kogabau.facilitytest.sk\/pl\/wp-json\/wp\/v2\/pages\/6377","targetHints":{"allow":["GET"]}}],"collection":[{"href":"https:\/\/kogabau.facilitytest.sk\/pl\/wp-json\/wp\/v2\/pages"}],"about":[{"href":"https:\/\/kogabau.facilitytest.sk\/pl\/wp-json\/wp\/v2\/types\/page"}],"author":[{"embeddable":true,"href":"https:\/\/kogabau.facilitytest.sk\/pl\/wp-json\/wp\/v2\/users\/16"}],"replies":[{"embeddable":true,"href":"https:\/\/kogabau.facilitytest.sk\/pl\/wp-json\/wp\/v2\/comments?post=6377"}],"version-history":[{"count":1,"href":"https:\/\/kogabau.facilitytest.sk\/pl\/wp-json\/wp\/v2\/pages\/6377\/revisions"}],"predecessor-version":[{"id":6378,"href":"https:\/\/kogabau.facilitytest.sk\/pl\/wp-json\/wp\/v2\/pages\/6377\/revisions\/6378"}],"wp:attachment":[{"href":"https:\/\/kogabau.facilitytest.sk\/pl\/wp-json\/wp\/v2\/media?parent=6377"}],"curies":[{"name":"wp","href":"https:\/\/api.w.org\/{rel}","templated":true}]}}