{"id":6363,"date":"2025-10-12T20:17:48","date_gmt":"2025-10-12T18:17:48","guid":{"rendered":"https:\/\/kogabau.facilitytest.sk\/radbuza\/"},"modified":"2025-11-12T15:02:15","modified_gmt":"2025-11-12T14:02:15","slug":"radbuza","status":"publish","type":"page","link":"https:\/\/kogabau.facilitytest.sk\/pl\/radbuza\/","title":{"rendered":"Radbuza"},"content":{"rendered":"\t\t<div data-elementor-type=\"wp-page\" data-elementor-id=\"6363\" class=\"elementor elementor-6363 elementor-1452\" data-elementor-post-type=\"page\">\n\t\t\t\t\t\t<section class=\"elementor-section elementor-top-section elementor-element elementor-element-8c5cc58 elementor-section-boxed elementor-section-height-default elementor-section-height-default\" data-id=\"8c5cc58\" data-element_type=\"section\" data-settings=\"{&quot;background_background&quot;:&quot;classic&quot;}\">\n\t\t\t\t\t\t<div class=\"elementor-container elementor-column-gap-default\">\n\t\t\t\t\t<div class=\"elementor-column elementor-col-100 elementor-top-column elementor-element elementor-element-4c061b6\" data-id=\"4c061b6\" data-element_type=\"column\">\n\t\t\t<div class=\"elementor-widget-wrap elementor-element-populated\">\n\t\t\t\t\t\t<div class=\"elementor-element elementor-element-efc54a5 elementor-widget elementor-widget-spacer\" data-id=\"efc54a5\" data-element_type=\"widget\" data-widget_type=\"spacer.default\">\n\t\t\t\t<div class=\"elementor-widget-container\">\n\t\t\t\t\t\t\t<div class=\"elementor-spacer\">\n\t\t\t<div class=\"elementor-spacer-inner\"><\/div>\n\t\t<\/div>\n\t\t\t\t\t\t<\/div>\n\t\t\t\t<\/div>\n\t\t\t\t<div class=\"elementor-element elementor-element-db8ba8f elementor-widget elementor-widget-heading\" data-id=\"db8ba8f\" data-element_type=\"widget\" data-widget_type=\"heading.default\">\n\t\t\t\t<div class=\"elementor-widget-container\">\n\t\t\t\t\t<h1 class=\"elementor-heading-title elementor-size-default\">Radbuza\u00ae<\/h1>\t\t\t\t<\/div>\n\t\t\t\t<\/div>\n\t\t\t\t\t<\/div>\n\t\t<\/div>\n\t\t\t\t\t<\/div>\n\t\t<\/section>\n\t\t\t\t<section class=\"elementor-section elementor-top-section elementor-element elementor-element-6606034 elementor-reverse-tablet elementor-reverse-mobile elementor-section-boxed elementor-section-height-default elementor-section-height-default\" data-id=\"6606034\" data-element_type=\"section\" data-settings=\"{&quot;background_background&quot;:&quot;classic&quot;}\">\n\t\t\t\t\t\t<div class=\"elementor-container elementor-column-gap-default\">\n\t\t\t\t\t<div class=\"elementor-column elementor-col-50 elementor-top-column elementor-element elementor-element-ea36663\" data-id=\"ea36663\" data-element_type=\"column\">\n\t\t\t<div class=\"elementor-widget-wrap elementor-element-populated\">\n\t\t\t\t\t\t<div class=\"elementor-element elementor-element-b6169b0 elementor-widget elementor-widget-text-editor\" data-id=\"b6169b0\" data-element_type=\"widget\" data-widget_type=\"text-editor.default\">\n\t\t\t\t<div class=\"elementor-widget-container\">\n\t\t\t\t\t\t\t\t\t<p>Odp\u0142yw wykonany jest z wytrzyma\u0142ego \u017celiwa i spe\u0142nia norm\u0119 STN EN 124-2 dla kategorii obci\u0105\u017cenia B 125, co sprawia, \u017ce \u200b\u200bnadaje si\u0119 do miejsc o mniejszym nat\u0119\u017ceniu ruchu, takich jak chodniki i parkingi. Odp\u0142yw wyposa\u017cony jest w \u015brub\u0119 ze stali nierdzewnej M16 DIN912 z gniazdem sze\u015bciok\u0105tnym, przednia cz\u0119\u015b\u0107 odp\u0142ywu jest \u015bci\u0119ta pod k\u0105tem 11\u00b0, a ca\u0142kowita wysoko\u015b\u0107 kraw\u0119\u017cnika wynosi 150. Monta\u017c mo\u017cliwy jest na DN 450 i DN 500, z mo\u017cliwo\u015bci\u0105 zastosowania koszy A4 i B1.   W zestawie znajduje si\u0119 stalowy ruszt, kt\u00f3ry gwarantuje efektywny drena\u017c i zapobiega zatykaniu.<\/p><p>Odp\u0142yw mo\u017ce by\u0107 wyposa\u017cony w pe\u0142n\u0105 \u017celiwn\u0105 pokryw\u0119 lub pokryw\u0119 do nape\u0142niania (w zestawie znajduje si\u0119 sitko do curry). W obu przypadkach oferujemy r\u00f3wnie\u017c mo\u017cliwo\u015b\u0107 modyfikacji, dodaj\u0105c w\u0142asny motyw, np. herb miasta.  <\/p>\t\t\t\t\t\t\t\t<\/div>\n\t\t\t\t<\/div>\n\t\t\t\t\t<\/div>\n\t\t<\/div>\n\t\t\t\t<div class=\"elementor-column elementor-col-50 elementor-top-column elementor-element elementor-element-215eb55\" data-id=\"215eb55\" data-element_type=\"column\" data-settings=\"{&quot;background_background&quot;:&quot;classic&quot;}\">\n\t\t\t<div class=\"elementor-widget-wrap elementor-element-populated\">\n\t\t\t\t\t\t<div class=\"elementor-element elementor-element-4536708 elementor-widget elementor-widget-image\" data-id=\"4536708\" data-element_type=\"widget\" data-widget_type=\"image.default\">\n\t\t\t\t<div class=\"elementor-widget-container\">\n\t\t\t\t\t\t\t\t\t\t\t\t\t\t\t<img fetchpriority=\"high\" decoding=\"async\" width=\"575\" height=\"580\" src=\"https:\/\/kogabau.facilitytest.sk\/wp-content\/uploads\/2025\/10\/KoGaBau-Radbuza.png\" class=\"attachment-full size-full wp-image-5927\" alt=\"\" srcset=\"https:\/\/kogabau.facilitytest.sk\/wp-content\/uploads\/2025\/10\/KoGaBau-Radbuza.png 575w, https:\/\/kogabau.facilitytest.sk\/wp-content\/uploads\/2025\/10\/KoGaBau-Radbuza-297x300.png 297w, https:\/\/kogabau.facilitytest.sk\/wp-content\/uploads\/2025\/10\/KoGaBau-Radbuza-150x150.png 150w\" sizes=\"(max-width: 575px) 100vw, 575px\" \/>\t\t\t\t\t\t\t\t\t\t\t\t\t\t\t<\/div>\n\t\t\t\t<\/div>\n\t\t\t\t\t<\/div>\n\t\t<\/div>\n\t\t\t\t\t<\/div>\n\t\t<\/section>\n\t\t\t\t<section class=\"elementor-section elementor-top-section elementor-element elementor-element-d0c7ab7 horizontale elementor-section-boxed elementor-section-height-default elementor-section-height-default\" data-id=\"d0c7ab7\" data-element_type=\"section\" data-settings=\"{&quot;background_background&quot;:&quot;classic&quot;}\">\n\t\t\t\t\t\t<div class=\"elementor-container elementor-column-gap-default\">\n\t\t\t\t\t<div class=\"elementor-column elementor-col-100 elementor-top-column elementor-element elementor-element-8305e8f\" data-id=\"8305e8f\" data-element_type=\"column\">\n\t\t\t<div class=\"elementor-widget-wrap elementor-element-populated\">\n\t\t\t\t\t\t<section class=\"elementor-section elementor-inner-section elementor-element elementor-element-621b0c2 elementor-section-boxed elementor-section-height-default elementor-section-height-default\" data-id=\"621b0c2\" data-element_type=\"section\" data-settings=\"{&quot;background_background&quot;:&quot;classic&quot;}\">\n\t\t\t\t\t\t<div class=\"elementor-container elementor-column-gap-default\">\n\t\t\t\t\t<div class=\"elementor-column elementor-col-50 elementor-inner-column elementor-element elementor-element-471665a\" data-id=\"471665a\" data-element_type=\"column\">\n\t\t\t<div class=\"elementor-widget-wrap elementor-element-populated\">\n\t\t\t\t\t\t<div class=\"elementor-element elementor-element-e0ce8d8 elementor-widget elementor-widget-heading\" data-id=\"e0ce8d8\" data-element_type=\"widget\" data-widget_type=\"heading.default\">\n\t\t\t\t<div class=\"elementor-widget-container\">\n\t\t\t\t\t<h2 class=\"elementor-heading-title elementor-size-default\">Waga (kg)<\/h2>\t\t\t\t<\/div>\n\t\t\t\t<\/div>\n\t\t\t\t\t<\/div>\n\t\t<\/div>\n\t\t\t\t<div class=\"elementor-column elementor-col-50 elementor-inner-column elementor-element elementor-element-e3b4d68\" data-id=\"e3b4d68\" data-element_type=\"column\">\n\t\t\t<div class=\"elementor-widget-wrap elementor-element-populated\">\n\t\t\t\t\t\t<div class=\"elementor-element elementor-element-0a063a1 elementor-widget elementor-widget-text-editor\" data-id=\"0a063a1\" data-element_type=\"widget\" data-widget_type=\"text-editor.default\">\n\t\t\t\t<div class=\"elementor-widget-container\">\n\t\t\t\t\t\t\t\t\t<p>88<\/p>\t\t\t\t\t\t\t\t<\/div>\n\t\t\t\t<\/div>\n\t\t\t\t\t<\/div>\n\t\t<\/div>\n\t\t\t\t\t<\/div>\n\t\t<\/section>\n\t\t\t\t<section class=\"elementor-section elementor-inner-section elementor-element elementor-element-a4d4c29 elementor-section-boxed elementor-section-height-default elementor-section-height-default\" data-id=\"a4d4c29\" data-element_type=\"section\" data-settings=\"{&quot;background_background&quot;:&quot;classic&quot;}\">\n\t\t\t\t\t\t<div class=\"elementor-container elementor-column-gap-default\">\n\t\t\t\t\t<div class=\"elementor-column elementor-col-50 elementor-inner-column elementor-element elementor-element-4e227fc\" data-id=\"4e227fc\" data-element_type=\"column\">\n\t\t\t<div class=\"elementor-widget-wrap elementor-element-populated\">\n\t\t\t\t\t\t<div class=\"elementor-element elementor-element-1e7141e elementor-widget elementor-widget-heading\" data-id=\"1e7141e\" data-element_type=\"widget\" data-widget_type=\"heading.default\">\n\t\t\t\t<div class=\"elementor-widget-container\">\n\t\t\t\t\t<h2 class=\"elementor-heading-title elementor-size-default\">Wysoko\u015b\u0107 (mm)<\/h2>\t\t\t\t<\/div>\n\t\t\t\t<\/div>\n\t\t\t\t\t<\/div>\n\t\t<\/div>\n\t\t\t\t<div class=\"elementor-column elementor-col-50 elementor-inner-column elementor-element elementor-element-7b3fe65\" data-id=\"7b3fe65\" data-element_type=\"column\">\n\t\t\t<div class=\"elementor-widget-wrap elementor-element-populated\">\n\t\t\t\t\t\t<div class=\"elementor-element elementor-element-8c0c91d elementor-widget elementor-widget-text-editor\" data-id=\"8c0c91d\" data-element_type=\"widget\" data-widget_type=\"text-editor.default\">\n\t\t\t\t<div class=\"elementor-widget-container\">\n\t\t\t\t\t\t\t\t\t<p>195<\/p>\t\t\t\t\t\t\t\t<\/div>\n\t\t\t\t<\/div>\n\t\t\t\t\t<\/div>\n\t\t<\/div>\n\t\t\t\t\t<\/div>\n\t\t<\/section>\n\t\t\t\t<section class=\"elementor-section elementor-inner-section elementor-element elementor-element-6c16a53 elementor-section-boxed elementor-section-height-default elementor-section-height-default\" data-id=\"6c16a53\" data-element_type=\"section\" data-settings=\"{&quot;background_background&quot;:&quot;classic&quot;}\">\n\t\t\t\t\t\t<div class=\"elementor-container elementor-column-gap-default\">\n\t\t\t\t\t<div class=\"elementor-column elementor-col-50 elementor-inner-column elementor-element elementor-element-7939c13\" data-id=\"7939c13\" data-element_type=\"column\">\n\t\t\t<div class=\"elementor-widget-wrap elementor-element-populated\">\n\t\t\t\t\t\t<div class=\"elementor-element elementor-element-9a42591 elementor-widget elementor-widget-heading\" data-id=\"9a42591\" data-element_type=\"widget\" data-widget_type=\"heading.default\">\n\t\t\t\t<div class=\"elementor-widget-container\">\n\t\t\t\t\t<h2 class=\"elementor-heading-title elementor-size-default\">Przekr\u00f3j wlotowy (m2)<\/h2>\t\t\t\t<\/div>\n\t\t\t\t<\/div>\n\t\t\t\t\t<\/div>\n\t\t<\/div>\n\t\t\t\t<div class=\"elementor-column elementor-col-50 elementor-inner-column elementor-element elementor-element-7f8fbd3\" data-id=\"7f8fbd3\" data-element_type=\"column\">\n\t\t\t<div class=\"elementor-widget-wrap elementor-element-populated\">\n\t\t\t\t\t\t<div class=\"elementor-element elementor-element-1489b5e elementor-widget elementor-widget-text-editor\" data-id=\"1489b5e\" data-element_type=\"widget\" data-widget_type=\"text-editor.default\">\n\t\t\t\t<div class=\"elementor-widget-container\">\n\t\t\t\t\t\t\t\t\t<p>0,056<\/p>\t\t\t\t\t\t\t\t<\/div>\n\t\t\t\t<\/div>\n\t\t\t\t\t<\/div>\n\t\t<\/div>\n\t\t\t\t\t<\/div>\n\t\t<\/section>\n\t\t\t\t<section class=\"elementor-section elementor-inner-section elementor-element elementor-element-e944eb0 elementor-section-boxed elementor-section-height-default elementor-section-height-default\" data-id=\"e944eb0\" data-element_type=\"section\" data-settings=\"{&quot;background_background&quot;:&quot;classic&quot;}\">\n\t\t\t\t\t\t<div class=\"elementor-container elementor-column-gap-default\">\n\t\t\t\t\t<div class=\"elementor-column elementor-col-50 elementor-inner-column elementor-element elementor-element-bbdf468\" data-id=\"bbdf468\" data-element_type=\"column\">\n\t\t\t<div class=\"elementor-widget-wrap elementor-element-populated\">\n\t\t\t\t\t\t<div class=\"elementor-element elementor-element-4a93e63 elementor-widget elementor-widget-heading\" data-id=\"4a93e63\" data-element_type=\"widget\" data-widget_type=\"heading.default\">\n\t\t\t\t<div class=\"elementor-widget-container\">\n\t\t\t\t\t<h2 class=\"elementor-heading-title elementor-size-default\">Przekr\u00f3j wlotowy siatki (m2)<\/h2>\t\t\t\t<\/div>\n\t\t\t\t<\/div>\n\t\t\t\t\t<\/div>\n\t\t<\/div>\n\t\t\t\t<div class=\"elementor-column elementor-col-50 elementor-inner-column elementor-element elementor-element-bf1b229\" data-id=\"bf1b229\" data-element_type=\"column\">\n\t\t\t<div class=\"elementor-widget-wrap elementor-element-populated\">\n\t\t\t\t\t\t<div class=\"elementor-element elementor-element-3ce1d39 elementor-widget elementor-widget-text-editor\" data-id=\"3ce1d39\" data-element_type=\"widget\" data-widget_type=\"text-editor.default\">\n\t\t\t\t<div class=\"elementor-widget-container\">\n\t\t\t\t\t\t\t\t\t<p>&#8211;<\/p>\t\t\t\t\t\t\t\t<\/div>\n\t\t\t\t<\/div>\n\t\t\t\t\t<\/div>\n\t\t<\/div>\n\t\t\t\t\t<\/div>\n\t\t<\/section>\n\t\t\t\t<section class=\"elementor-section elementor-inner-section elementor-element elementor-element-e7ae22c elementor-section-boxed elementor-section-height-default elementor-section-height-default\" data-id=\"e7ae22c\" data-element_type=\"section\" data-settings=\"{&quot;background_background&quot;:&quot;classic&quot;}\">\n\t\t\t\t\t\t<div class=\"elementor-container elementor-column-gap-default\">\n\t\t\t\t\t<div class=\"elementor-column elementor-col-50 elementor-inner-column elementor-element elementor-element-ee88966\" data-id=\"ee88966\" data-element_type=\"column\">\n\t\t\t<div class=\"elementor-widget-wrap elementor-element-populated\">\n\t\t\t\t\t\t<div class=\"elementor-element elementor-element-5c60f8a elementor-widget elementor-widget-heading\" data-id=\"5c60f8a\" data-element_type=\"widget\" data-widget_type=\"heading.default\">\n\t\t\t\t<div class=\"elementor-widget-container\">\n\t\t\t\t\t<h2 class=\"elementor-heading-title elementor-size-default\">Osadzenie dla kosza<\/h2>\t\t\t\t<\/div>\n\t\t\t\t<\/div>\n\t\t\t\t\t<\/div>\n\t\t<\/div>\n\t\t\t\t<div class=\"elementor-column elementor-col-50 elementor-inner-column elementor-element elementor-element-ae2dc23\" data-id=\"ae2dc23\" data-element_type=\"column\">\n\t\t\t<div class=\"elementor-widget-wrap elementor-element-populated\">\n\t\t\t\t\t\t<div class=\"elementor-element elementor-element-4616216 elementor-widget elementor-widget-text-editor\" data-id=\"4616216\" data-element_type=\"widget\" data-widget_type=\"text-editor.default\">\n\t\t\t\t<div class=\"elementor-widget-container\">\n\t\t\t\t\t\t\t\t\t<p>&#8211;<\/p>\t\t\t\t\t\t\t\t<\/div>\n\t\t\t\t<\/div>\n\t\t\t\t\t<\/div>\n\t\t<\/div>\n\t\t\t\t\t<\/div>\n\t\t<\/section>\n\t\t\t\t\t<\/div>\n\t\t<\/div>\n\t\t\t\t\t<\/div>\n\t\t<\/section>\n\t\t\t\t<\/div>\n\t\t","protected":false},"excerpt":{"rendered":"<p>Radbuza\u00ae Odp\u0142yw wykonany jest z wytrzyma\u0142ego \u017celiwa i spe\u0142nia norm\u0119 STN EN 124-2 dla kategorii obci\u0105\u017cenia B 125, co sprawia, \u017ce \u200b\u200bnadaje si\u0119 do miejsc o mniejszym nat\u0119\u017ceniu ruchu, takich jak chodniki i parkingi. Odp\u0142yw wyposa\u017cony jest w \u015brub\u0119 ze stali nierdzewnej M16 DIN912 z gniazdem sze\u015bciok\u0105tnym, przednia cz\u0119\u015b\u0107 odp\u0142ywu jest \u015bci\u0119ta pod k\u0105tem 11\u00b0, [&hellip;]<\/p>\n","protected":false},"author":16,"featured_media":0,"parent":0,"menu_order":0,"comment_status":"closed","ping_status":"closed","template":"","meta":{"footnotes":""},"class_list":["post-6363","page","type-page","status-publish","hentry"],"yoast_head":"<!-- This site is optimized with the Yoast SEO plugin v26.2 - https:\/\/yoast.com\/wordpress\/plugins\/seo\/ -->\n<title>Radbuza\u00ae \u2013 \u017celiwny przepust B125 na chodniki i parkingi | KOGA Bau<\/title>\n<meta name=\"description\" content=\"Radbuza\u00ae to solidny \u017celiwny wpust klasy B125 o spadku 11\u00b0, odpowiedni do chodnik\u00f3w i parking\u00f3w. Oferuje monta\u017c DN 450\/500, kompatybilno\u015b\u0107 z koszami A4 i B1, stalowy ruszt oraz mo\u017cliwo\u015b\u0107 wyboru w\u0142asnego motywu pokrywy. Niezawodny odp\u0142yw od KOGA Bau.\" \/>\n<meta name=\"robots\" content=\"noindex, follow, max-snippet:-1, max-image-preview:large, max-video-preview:-1\" \/>\n<meta property=\"og:locale\" content=\"pl_PL\" \/>\n<meta property=\"og:type\" content=\"article\" \/>\n<meta property=\"og:title\" content=\"Radbuza\u00ae \u2013 \u017celiwny przepust B125 na chodniki i parkingi | KOGA Bau\" \/>\n<meta property=\"og:description\" content=\"Radbuza\u00ae to solidny \u017celiwny wpust klasy B125 o spadku 11\u00b0, odpowiedni do chodnik\u00f3w i parking\u00f3w. Oferuje monta\u017c DN 450\/500, kompatybilno\u015b\u0107 z koszami A4 i B1, stalowy ruszt oraz mo\u017cliwo\u015b\u0107 wyboru w\u0142asnego motywu pokrywy. Niezawodny odp\u0142yw od KOGA Bau.\" \/>\n<meta property=\"og:url\" content=\"https:\/\/kogabau.facilitytest.sk\/pl\/radbuza\/\" \/>\n<meta property=\"og:site_name\" content=\"KOGABAU\" \/>\n<meta property=\"article:modified_time\" content=\"2025-11-12T14:02:15+00:00\" \/>\n<meta property=\"og:image\" content=\"https:\/\/kogabau.facilitytest.sk\/wp-content\/uploads\/2025\/10\/KoGaBau-Radbuza.png\" \/>\n\t<meta property=\"og:image:width\" content=\"575\" \/>\n\t<meta property=\"og:image:height\" content=\"580\" \/>\n\t<meta property=\"og:image:type\" content=\"image\/png\" \/>\n<meta name=\"twitter:card\" content=\"summary_large_image\" \/>\n<meta name=\"twitter:label1\" content=\"Szacowany czas czytania\" \/>\n\t<meta name=\"twitter:data1\" content=\"2 minuty\" \/>\n<script type=\"application\/ld+json\" class=\"yoast-schema-graph\">{\"@context\":\"https:\/\/schema.org\",\"@graph\":[{\"@type\":\"WebPage\",\"@id\":\"https:\/\/kogabau.facilitytest.sk\/pl\/radbuza\/\",\"url\":\"https:\/\/kogabau.facilitytest.sk\/pl\/radbuza\/\",\"name\":\"Radbuza\u00ae \u2013 \u017celiwny przepust B125 na chodniki i parkingi | KOGA Bau\",\"isPartOf\":{\"@id\":\"https:\/\/kogabau.facilitytest.sk\/pl\/#website\"},\"primaryImageOfPage\":{\"@id\":\"https:\/\/kogabau.facilitytest.sk\/pl\/radbuza\/#primaryimage\"},\"image\":{\"@id\":\"https:\/\/kogabau.facilitytest.sk\/pl\/radbuza\/#primaryimage\"},\"thumbnailUrl\":\"https:\/\/kogabau.facilitytest.sk\/wp-content\/uploads\/2025\/10\/KoGaBau-Radbuza.png\",\"datePublished\":\"2025-10-12T18:17:48+00:00\",\"dateModified\":\"2025-11-12T14:02:15+00:00\",\"description\":\"Radbuza\u00ae to solidny \u017celiwny wpust klasy B125 o spadku 11\u00b0, odpowiedni do chodnik\u00f3w i parking\u00f3w. Oferuje monta\u017c DN 450\/500, kompatybilno\u015b\u0107 z koszami A4 i B1, stalowy ruszt oraz mo\u017cliwo\u015b\u0107 wyboru w\u0142asnego motywu pokrywy. Niezawodny odp\u0142yw od KOGA Bau.\",\"breadcrumb\":{\"@id\":\"https:\/\/kogabau.facilitytest.sk\/pl\/radbuza\/#breadcrumb\"},\"inLanguage\":\"pl-PL\",\"potentialAction\":[{\"@type\":\"ReadAction\",\"target\":[\"https:\/\/kogabau.facilitytest.sk\/pl\/radbuza\/\"]}]},{\"@type\":\"ImageObject\",\"inLanguage\":\"pl-PL\",\"@id\":\"https:\/\/kogabau.facilitytest.sk\/pl\/radbuza\/#primaryimage\",\"url\":\"https:\/\/kogabau.facilitytest.sk\/wp-content\/uploads\/2025\/10\/KoGaBau-Radbuza.png\",\"contentUrl\":\"https:\/\/kogabau.facilitytest.sk\/wp-content\/uploads\/2025\/10\/KoGaBau-Radbuza.png\"},{\"@type\":\"BreadcrumbList\",\"@id\":\"https:\/\/kogabau.facilitytest.sk\/pl\/radbuza\/#breadcrumb\",\"itemListElement\":[{\"@type\":\"ListItem\",\"position\":1,\"name\":\"Home\",\"item\":\"https:\/\/kogabau.facilitytest.sk\/pl\/\"},{\"@type\":\"ListItem\",\"position\":2,\"name\":\"Radbuza\"}]},{\"@type\":\"WebSite\",\"@id\":\"https:\/\/kogabau.facilitytest.sk\/pl\/#website\",\"url\":\"https:\/\/kogabau.facilitytest.sk\/pl\/\",\"name\":\"KOGABAU\",\"description\":\"\",\"publisher\":{\"@id\":\"https:\/\/kogabau.facilitytest.sk\/pl\/#organization\"},\"potentialAction\":[{\"@type\":\"SearchAction\",\"target\":{\"@type\":\"EntryPoint\",\"urlTemplate\":\"https:\/\/kogabau.facilitytest.sk\/pl\/?s={search_term_string}\"},\"query-input\":{\"@type\":\"PropertyValueSpecification\",\"valueRequired\":true,\"valueName\":\"search_term_string\"}}],\"inLanguage\":\"pl-PL\"},{\"@type\":\"Organization\",\"@id\":\"https:\/\/kogabau.facilitytest.sk\/pl\/#organization\",\"name\":\"KOGABAU\",\"url\":\"https:\/\/kogabau.facilitytest.sk\/pl\/\",\"logo\":{\"@type\":\"ImageObject\",\"inLanguage\":\"pl-PL\",\"@id\":\"https:\/\/kogabau.facilitytest.sk\/pl\/#\/schema\/logo\/image\/\",\"url\":\"https:\/\/kogabau.facilitytest.sk\/wp-content\/uploads\/2021\/02\/KOGA-BAU-logo-cierne.png\",\"contentUrl\":\"https:\/\/kogabau.facilitytest.sk\/wp-content\/uploads\/2021\/02\/KOGA-BAU-logo-cierne.png\",\"width\":516,\"height\":66,\"caption\":\"KOGABAU\"},\"image\":{\"@id\":\"https:\/\/kogabau.facilitytest.sk\/pl\/#\/schema\/logo\/image\/\"}}]}<\/script>\n<!-- \/ Yoast SEO plugin. -->","yoast_head_json":{"title":"Radbuza\u00ae \u2013 \u017celiwny przepust B125 na chodniki i parkingi | KOGA Bau","description":"Radbuza\u00ae to solidny \u017celiwny wpust klasy B125 o spadku 11\u00b0, odpowiedni do chodnik\u00f3w i parking\u00f3w. Oferuje monta\u017c DN 450\/500, kompatybilno\u015b\u0107 z koszami A4 i B1, stalowy ruszt oraz mo\u017cliwo\u015b\u0107 wyboru w\u0142asnego motywu pokrywy. Niezawodny odp\u0142yw od KOGA Bau.","robots":{"index":"noindex","follow":"follow","max-snippet":"max-snippet:-1","max-image-preview":"max-image-preview:large","max-video-preview":"max-video-preview:-1"},"og_locale":"pl_PL","og_type":"article","og_title":"Radbuza\u00ae \u2013 \u017celiwny przepust B125 na chodniki i parkingi | KOGA Bau","og_description":"Radbuza\u00ae to solidny \u017celiwny wpust klasy B125 o spadku 11\u00b0, odpowiedni do chodnik\u00f3w i parking\u00f3w. Oferuje monta\u017c DN 450\/500, kompatybilno\u015b\u0107 z koszami A4 i B1, stalowy ruszt oraz mo\u017cliwo\u015b\u0107 wyboru w\u0142asnego motywu pokrywy. Niezawodny odp\u0142yw od KOGA Bau.","og_url":"https:\/\/kogabau.facilitytest.sk\/pl\/radbuza\/","og_site_name":"KOGABAU","article_modified_time":"2025-11-12T14:02:15+00:00","og_image":[{"width":575,"height":580,"url":"https:\/\/kogabau.facilitytest.sk\/wp-content\/uploads\/2025\/10\/KoGaBau-Radbuza.png","type":"image\/png"}],"twitter_card":"summary_large_image","twitter_misc":{"Szacowany czas czytania":"2 minuty"},"schema":{"@context":"https:\/\/schema.org","@graph":[{"@type":"WebPage","@id":"https:\/\/kogabau.facilitytest.sk\/pl\/radbuza\/","url":"https:\/\/kogabau.facilitytest.sk\/pl\/radbuza\/","name":"Radbuza\u00ae \u2013 \u017celiwny przepust B125 na chodniki i parkingi | KOGA Bau","isPartOf":{"@id":"https:\/\/kogabau.facilitytest.sk\/pl\/#website"},"primaryImageOfPage":{"@id":"https:\/\/kogabau.facilitytest.sk\/pl\/radbuza\/#primaryimage"},"image":{"@id":"https:\/\/kogabau.facilitytest.sk\/pl\/radbuza\/#primaryimage"},"thumbnailUrl":"https:\/\/kogabau.facilitytest.sk\/wp-content\/uploads\/2025\/10\/KoGaBau-Radbuza.png","datePublished":"2025-10-12T18:17:48+00:00","dateModified":"2025-11-12T14:02:15+00:00","description":"Radbuza\u00ae to solidny \u017celiwny wpust klasy B125 o spadku 11\u00b0, odpowiedni do chodnik\u00f3w i parking\u00f3w. Oferuje monta\u017c DN 450\/500, kompatybilno\u015b\u0107 z koszami A4 i B1, stalowy ruszt oraz mo\u017cliwo\u015b\u0107 wyboru w\u0142asnego motywu pokrywy. Niezawodny odp\u0142yw od KOGA Bau.","breadcrumb":{"@id":"https:\/\/kogabau.facilitytest.sk\/pl\/radbuza\/#breadcrumb"},"inLanguage":"pl-PL","potentialAction":[{"@type":"ReadAction","target":["https:\/\/kogabau.facilitytest.sk\/pl\/radbuza\/"]}]},{"@type":"ImageObject","inLanguage":"pl-PL","@id":"https:\/\/kogabau.facilitytest.sk\/pl\/radbuza\/#primaryimage","url":"https:\/\/kogabau.facilitytest.sk\/wp-content\/uploads\/2025\/10\/KoGaBau-Radbuza.png","contentUrl":"https:\/\/kogabau.facilitytest.sk\/wp-content\/uploads\/2025\/10\/KoGaBau-Radbuza.png"},{"@type":"BreadcrumbList","@id":"https:\/\/kogabau.facilitytest.sk\/pl\/radbuza\/#breadcrumb","itemListElement":[{"@type":"ListItem","position":1,"name":"Home","item":"https:\/\/kogabau.facilitytest.sk\/pl\/"},{"@type":"ListItem","position":2,"name":"Radbuza"}]},{"@type":"WebSite","@id":"https:\/\/kogabau.facilitytest.sk\/pl\/#website","url":"https:\/\/kogabau.facilitytest.sk\/pl\/","name":"KOGABAU","description":"","publisher":{"@id":"https:\/\/kogabau.facilitytest.sk\/pl\/#organization"},"potentialAction":[{"@type":"SearchAction","target":{"@type":"EntryPoint","urlTemplate":"https:\/\/kogabau.facilitytest.sk\/pl\/?s={search_term_string}"},"query-input":{"@type":"PropertyValueSpecification","valueRequired":true,"valueName":"search_term_string"}}],"inLanguage":"pl-PL"},{"@type":"Organization","@id":"https:\/\/kogabau.facilitytest.sk\/pl\/#organization","name":"KOGABAU","url":"https:\/\/kogabau.facilitytest.sk\/pl\/","logo":{"@type":"ImageObject","inLanguage":"pl-PL","@id":"https:\/\/kogabau.facilitytest.sk\/pl\/#\/schema\/logo\/image\/","url":"https:\/\/kogabau.facilitytest.sk\/wp-content\/uploads\/2021\/02\/KOGA-BAU-logo-cierne.png","contentUrl":"https:\/\/kogabau.facilitytest.sk\/wp-content\/uploads\/2021\/02\/KOGA-BAU-logo-cierne.png","width":516,"height":66,"caption":"KOGABAU"},"image":{"@id":"https:\/\/kogabau.facilitytest.sk\/pl\/#\/schema\/logo\/image\/"}}]}},"_links":{"self":[{"href":"https:\/\/kogabau.facilitytest.sk\/pl\/wp-json\/wp\/v2\/pages\/6363","targetHints":{"allow":["GET"]}}],"collection":[{"href":"https:\/\/kogabau.facilitytest.sk\/pl\/wp-json\/wp\/v2\/pages"}],"about":[{"href":"https:\/\/kogabau.facilitytest.sk\/pl\/wp-json\/wp\/v2\/types\/page"}],"author":[{"embeddable":true,"href":"https:\/\/kogabau.facilitytest.sk\/pl\/wp-json\/wp\/v2\/users\/16"}],"replies":[{"embeddable":true,"href":"https:\/\/kogabau.facilitytest.sk\/pl\/wp-json\/wp\/v2\/comments?post=6363"}],"version-history":[{"count":4,"href":"https:\/\/kogabau.facilitytest.sk\/pl\/wp-json\/wp\/v2\/pages\/6363\/revisions"}],"predecessor-version":[{"id":7134,"href":"https:\/\/kogabau.facilitytest.sk\/pl\/wp-json\/wp\/v2\/pages\/6363\/revisions\/7134"}],"wp:attachment":[{"href":"https:\/\/kogabau.facilitytest.sk\/pl\/wp-json\/wp\/v2\/media?parent=6363"}],"curies":[{"name":"wp","href":"https:\/\/api.w.org\/{rel}","templated":true}]}}