{"id":6338,"date":"2022-02-14T19:56:10","date_gmt":"2022-02-14T18:56:10","guid":{"rendered":"https:\/\/kogabau.facilitytest.sk\/wykorzystanie-plikow-cookie\/"},"modified":"2025-11-10T22:50:56","modified_gmt":"2025-11-10T21:50:56","slug":"wykorzystanie-plikow-cookie","status":"publish","type":"page","link":"https:\/\/kogabau.facilitytest.sk\/pl\/wykorzystanie-plikow-cookie\/","title":{"rendered":"Wykorzystanie plik\u00f3w cookie"},"content":{"rendered":"\t\t<div data-elementor-type=\"wp-post\" data-elementor-id=\"6338\" class=\"elementor elementor-6338 elementor-54\" data-elementor-post-type=\"page\">\n\t\t\t\t\t\t<section class=\"elementor-section elementor-top-section elementor-element elementor-element-b5cb312 elementor-section-boxed elementor-section-height-default elementor-section-height-default\" data-id=\"b5cb312\" data-element_type=\"section\" data-settings=\"{&quot;background_background&quot;:&quot;classic&quot;}\">\n\t\t\t\t\t\t<div class=\"elementor-container elementor-column-gap-default\">\n\t\t\t\t\t<div class=\"elementor-column elementor-col-100 elementor-top-column elementor-element elementor-element-abf7891\" data-id=\"abf7891\" data-element_type=\"column\">\n\t\t\t<div class=\"elementor-widget-wrap elementor-element-populated\">\n\t\t\t\t\t\t<div class=\"elementor-element elementor-element-1c784e0 elementor-widget elementor-widget-spacer\" data-id=\"1c784e0\" data-element_type=\"widget\" data-widget_type=\"spacer.default\">\n\t\t\t\t<div class=\"elementor-widget-container\">\n\t\t\t\t\t\t\t<div class=\"elementor-spacer\">\n\t\t\t<div class=\"elementor-spacer-inner\"><\/div>\n\t\t<\/div>\n\t\t\t\t\t\t<\/div>\n\t\t\t\t<\/div>\n\t\t\t\t<div class=\"elementor-element elementor-element-3649150 elementor-widget elementor-widget-heading\" data-id=\"3649150\" data-element_type=\"widget\" data-widget_type=\"heading.default\">\n\t\t\t\t<div class=\"elementor-widget-container\">\n\t\t\t\t\t<h1 class=\"elementor-heading-title elementor-size-default\">Wykorzystanie plik\u00f3w cookie<\/h1>\t\t\t\t<\/div>\n\t\t\t\t<\/div>\n\t\t\t\t\t<\/div>\n\t\t<\/div>\n\t\t\t\t\t<\/div>\n\t\t<\/section>\n\t\t\t\t<section class=\"elementor-section elementor-top-section elementor-element elementor-element-7711da09 elementor-section-boxed elementor-section-height-default elementor-section-height-default\" data-id=\"7711da09\" data-element_type=\"section\">\n\t\t\t\t\t\t<div class=\"elementor-container elementor-column-gap-default\">\n\t\t\t\t\t<div class=\"elementor-column elementor-col-100 elementor-top-column elementor-element elementor-element-366fd1e\" data-id=\"366fd1e\" data-element_type=\"column\">\n\t\t\t<div class=\"elementor-widget-wrap elementor-element-populated\">\n\t\t\t\t\t\t<div class=\"elementor-element elementor-element-e96d9be elementor-widget elementor-widget-spacer\" data-id=\"e96d9be\" data-element_type=\"widget\" data-widget_type=\"spacer.default\">\n\t\t\t\t<div class=\"elementor-widget-container\">\n\t\t\t\t\t\t\t<div class=\"elementor-spacer\">\n\t\t\t<div class=\"elementor-spacer-inner\"><\/div>\n\t\t<\/div>\n\t\t\t\t\t\t<\/div>\n\t\t\t\t<\/div>\n\t\t\t\t<div class=\"elementor-element elementor-element-5e903318 elementor-widget elementor-widget-text-editor\" data-id=\"5e903318\" data-element_type=\"widget\" data-widget_type=\"text-editor.default\">\n\t\t\t\t<div class=\"elementor-widget-container\">\n\t\t\t\t\t\t\t\t\tNiniejsze zasady zawieraj\u0105 informacje o tym, w jaki spos\u00f3b sp\u00f3\u0142ka KOGA Bau s.r.o. z siedzib\u0105 pod adresem Kop\u010dianska 3756\/10 851 01 Bratys\u0142awa \u2013 dzielnica miasta Petr\u017ealka, REGON: 45462283, zarejestrowana w Rejestrze Handlowym S\u0105du Miejskiego Bratys\u0142awa III, sygnatura akt 118615\/B\n(zwana dalej \u201eOperatorem\u201d) wykorzystuje pliki cookie i podobne technologie (zwane dalej \u201eplikami cookie\u201d). \t\t\t\t\t\t\t\t<\/div>\n\t\t\t\t<\/div>\n\t\t\t\t<div class=\"elementor-element elementor-element-9fa745d elementor-widget elementor-widget-heading\" data-id=\"9fa745d\" data-element_type=\"widget\" data-widget_type=\"heading.default\">\n\t\t\t\t<div class=\"elementor-widget-container\">\n\t\t\t\t\t<h2 class=\"elementor-heading-title elementor-size-default\">Czym s\u0105 pliki cookie?<\/h2>\t\t\t\t<\/div>\n\t\t\t\t<\/div>\n\t\t\t\t<div class=\"elementor-element elementor-element-53b9e417 elementor-widget elementor-widget-text-editor\" data-id=\"53b9e417\" data-element_type=\"widget\" data-widget_type=\"text-editor.default\">\n\t\t\t\t<div class=\"elementor-widget-container\">\n\t\t\t\t\t\t\t\t\t<p>Pliki cookie to ma\u0142e pliki tekstowe, kt\u00f3re mog\u0105 by\u0107 wysy\u0142ane do przegl\u0105darki podczas odwiedzania strony internetowej i przechowywane na urz\u0105dzeniu (komputerze lub innym urz\u0105dzeniu z dost\u0119pem do internetu, takim jak smartfon czy tablet). Pliki cookie s\u0105 przechowywane w folderze plik\u00f3w przegl\u0105darki. Pliki cookie zazwyczaj zawieraj\u0105 nazw\u0119 strony internetowej, z kt\u00f3rej pochodz\u0105, sw\u00f3j okres wa\u017cno\u015bci i warto\u015b\u0107. Podczas kolejnej wizyty na stronie przegl\u0105darka internetowa ponownie \u0142aduje pliki cookie i wysy\u0142a te informacje z powrotem do strony internetowej, kt\u00f3ra je pierwotnie utworzy\u0142a. U\u017cywane przez nas pliki cookie nie wyrz\u0105dzaj\u0105 szkody Twojemu komputerowi ani urz\u0105dzeniu.    <\/p>\t\t\t\t\t\t\t\t<\/div>\n\t\t\t\t<\/div>\n\t\t\t\t<div class=\"elementor-element elementor-element-2b8a5428 elementor-widget elementor-widget-heading\" data-id=\"2b8a5428\" data-element_type=\"widget\" data-widget_type=\"heading.default\">\n\t\t\t\t<div class=\"elementor-widget-container\">\n\t\t\t\t\t<h2 class=\"elementor-heading-title elementor-size-default\">Dlaczego u\u017cywamy plik\u00f3w cookie?<\/h2>\t\t\t\t<\/div>\n\t\t\t\t<\/div>\n\t\t\t\t<div class=\"elementor-element elementor-element-d895c32 elementor-widget elementor-widget-text-editor\" data-id=\"d895c32\" data-element_type=\"widget\" data-widget_type=\"text-editor.default\">\n\t\t\t\t<div class=\"elementor-widget-container\">\n\t\t\t\t\t\t\t\t\t<p>U\u017cywamy plik\u00f3w cookie, aby optymalnie tworzy\u0107 i stale ulepsza\u0107 nasze us\u0142ugi, dostosowywa\u0107 je do Twoich zainteresowa\u0144 i potrzeb oraz ulepsza\u0107 ich struktur\u0119 i zawarto\u015b\u0107. Na stronie internetowej www.kogabau.sk mog\u0105 by\u0107 u\u017cywane pliki cookie tymczasowe i sta\u0142e. Pliki cookie tymczasowe s\u0105 przechowywane na Twoim urz\u0105dzeniu do momentu opuszczenia strony. Pliki cookie sta\u0142e pozostaj\u0105 na Twoim urz\u0105dzeniu do momentu ich wyga\u015bni\u0119cia lub do momentu ich r\u0119cznego usuni\u0119cia. Okres przechowywania informacji zale\u017cy od rodzaju pliku cookie.    <\/p>\t\t\t\t\t\t\t\t<\/div>\n\t\t\t\t<\/div>\n\t\t\t\t<div class=\"elementor-element elementor-element-8fbe329 elementor-widget elementor-widget-heading\" data-id=\"8fbe329\" data-element_type=\"widget\" data-widget_type=\"heading.default\">\n\t\t\t\t<div class=\"elementor-widget-container\">\n\t\t\t\t\t<h2 class=\"elementor-heading-title elementor-size-default\">Na naszej stronie internetowej u\u017cywamy wy\u0142\u0105cznie niezb\u0119dnych plik\u00f3w cookie:<\/h2>\t\t\t\t<\/div>\n\t\t\t\t<\/div>\n\t\t\t\t<div class=\"elementor-element elementor-element-70610cef elementor-widget elementor-widget-text-editor\" data-id=\"70610cef\" data-element_type=\"widget\" data-widget_type=\"text-editor.default\">\n\t\t\t\t<div class=\"elementor-widget-container\">\n\t\t\t\t\t\t\t\t\t<p>Te pliki cookie stanowi\u0105 podstaw\u0119 dzia\u0142ania naszej strony internetowej i umo\u017cliwiaj\u0105 korzystanie z podstawowych funkcji. Bez tych plik\u00f3w cookie nie by\u0142oby mo\u017cliwe \u015bwiadczenie us\u0142ug stanowi\u0105cych podstaw\u0119 naszej strony internetowej, poniewa\u017c niekt\u00f3re funkcje naszej strony nie wy\u015bwietla\u0142yby si\u0119 poprawnie. <\/p><p> <\/p><p>Zgodnie z obowi\u0105zuj\u0105cymi przepisami, Operator ma prawo umieszcza\u0107 na Twoim urz\u0105dzeniu pliki cookie funkcjonalne nawet bez Twojej zgody. Mo\u017cesz wy\u0142\u0105czy\u0107 obs\u0142ug\u0119 plik\u00f3w cookie funkcjonalnych w ustawieniach swojej przegl\u0105darki. W takim przypadku niekt\u00f3re funkcje strony internetowej nie b\u0119d\u0105 jednak wy\u015bwietlane poprawnie.  <\/p>\t\t\t\t\t\t\t\t<\/div>\n\t\t\t\t<\/div>\n\t\t\t\t<div class=\"elementor-element elementor-element-75279ffb elementor-widget elementor-widget-heading\" data-id=\"75279ffb\" data-element_type=\"widget\" data-widget_type=\"heading.default\">\n\t\t\t\t<div class=\"elementor-widget-container\">\n\t\t\t\t\t<h2 class=\"elementor-heading-title elementor-size-default\">Jak mo\u017cesz zmieni\u0107 ustawienia dotycz\u0105ce plik\u00f3w cookie?<\/h2>\t\t\t\t<\/div>\n\t\t\t\t<\/div>\n\t\t\t\t<div class=\"elementor-element elementor-element-734f6fc0 elementor-widget elementor-widget-text-editor\" data-id=\"734f6fc0\" data-element_type=\"widget\" data-widget_type=\"text-editor.default\">\n\t\t\t\t<div class=\"elementor-widget-container\">\n\t\t\t\t\t\t\t\t\t<p>Zgod\u0119 na zapisywanie plik\u00f3w cookies na Twoim urz\u0105dzeniu mo\u017cesz w ka\u017cdej chwili cofn\u0105\u0107 lub zmieni\u0107 w ustawieniach plik\u00f3w cookies Twojej przegl\u0105darki internetowej.<\/p>\t\t\t\t\t\t\t\t<\/div>\n\t\t\t\t<\/div>\n\t\t\t\t<div class=\"elementor-element elementor-element-4e182f78 elementor-widget elementor-widget-heading\" data-id=\"4e182f78\" data-element_type=\"widget\" data-widget_type=\"heading.default\">\n\t\t\t\t<div class=\"elementor-widget-container\">\n\t\t\t\t\t<h2 class=\"elementor-heading-title elementor-size-default\">Wa\u017cno\u015b\u0107<\/h2>\t\t\t\t<\/div>\n\t\t\t\t<\/div>\n\t\t\t\t<div class=\"elementor-element elementor-element-3689263a elementor-widget elementor-widget-text-editor\" data-id=\"3689263a\" data-element_type=\"widget\" data-widget_type=\"text-editor.default\">\n\t\t\t\t<div class=\"elementor-widget-container\">\n\t\t\t\t\t\t\t\t\t<p>Niniejsza zaktualizowana polityka plik\u00f3w cookie na naszej stronie internetowej obowi\u0105zuje od 1 lutego 2022 r. Operator jest uprawniony do aktualizacji i zmiany niniejszej polityki plik\u00f3w cookie. <\/p>\t\t\t\t\t\t\t\t<\/div>\n\t\t\t\t<\/div>\n\t\t\t\t<div class=\"elementor-element elementor-element-6a1b2dfd elementor-widget elementor-widget-heading\" data-id=\"6a1b2dfd\" data-element_type=\"widget\" data-widget_type=\"heading.default\">\n\t\t\t\t<div class=\"elementor-widget-container\">\n\t\t\t\t\t<h2 class=\"elementor-heading-title elementor-size-default\">Lista plik\u00f3w cookie u\u017cywanych na stronie www.kogabau.sk<\/h2>\t\t\t\t<\/div>\n\t\t\t\t<\/div>\n\t\t\t\t<div class=\"elementor-element elementor-element-74355cca elementor-widget elementor-widget-text-editor\" data-id=\"74355cca\" data-element_type=\"widget\" data-widget_type=\"text-editor.default\">\n\t\t\t\t<div class=\"elementor-widget-container\">\n\t\t\t\t\t\t\t\t\t<p>Kategoria: Niezb\u0119dne (1)<\/p>\n<table>\n<tbody>\n<tr>\n<td width=\"143\">\n<p><strong>NAZWA PLIKU COOKIE<\/strong><\/p>\n<\/td>\n<td width=\"148\">\n<p><strong>DOSTAWCA<\/strong><\/p>\n<\/td>\n<td width=\"40\">\n<p><strong>TYP<\/strong><\/p>\n<\/td>\n<td width=\"74\">\n<p><strong>WYGASA<\/strong><\/p>\n<\/td>\n<td width=\"66\">\n<p><strong>WYS\u0141ANE DO<\/strong><\/p>\n<\/td>\n<td width=\"120\">\n<p><strong>OPIS<\/strong><\/p>\n<\/td>\n<\/tr>\n<tr>\n<td width=\"143\">\n<p>elementor<\/p>\n<\/td>\n<td width=\"148\">\n<p>kogabau.sk<\/p>\n<\/td>\n<td width=\"40\">\n<p>HTML<\/p>\n<\/td>\n<td width=\"74\">\n<p>Sta\u0142y<\/p>\n<\/td>\n<td width=\"66\">\n<p>S\u0142owacja<\/p>\n<\/td>\n<td width=\"120\">\n<p>U\u017cywany w kontek\u015bcie motywu WordPress witryny internetowej. Plik cookie umo\u017cliwia w\u0142a\u015bcicielowi witryny wdra\u017canie lub zmian\u0119 zawarto\u015bci witryny w czasie rzeczywistym. <\/p>\n<\/td>\n<\/tr>\n<\/tbody>\n<\/table>\t\t\t\t\t\t\t\t<\/div>\n\t\t\t\t<\/div>\n\t\t\t\t\t<\/div>\n\t\t<\/div>\n\t\t\t\t\t<\/div>\n\t\t<\/section>\n\t\t\t\t<\/div>\n\t\t","protected":false},"excerpt":{"rendered":"<p>Wykorzystanie plik\u00f3w cookie Niniejsze zasady zawieraj\u0105 informacje o tym, w jaki spos\u00f3b sp\u00f3\u0142ka KOGA Bau s.r.o. z siedzib\u0105 pod adresem Kop\u010dianska 3756\/10 851 01 Bratys\u0142awa \u2013 dzielnica miasta Petr\u017ealka, REGON: 45462283, zarejestrowana w Rejestrze Handlowym S\u0105du Miejskiego Bratys\u0142awa III, sygnatura akt 118615\/B (zwana dalej \u201eOperatorem\u201d) wykorzystuje pliki cookie i podobne technologie (zwane dalej \u201eplikami cookie\u201d). [&hellip;]<\/p>\n","protected":false},"author":3,"featured_media":0,"parent":0,"menu_order":0,"comment_status":"closed","ping_status":"closed","template":"elementor_header_footer","meta":{"footnotes":""},"class_list":["post-6338","page","type-page","status-publish","hentry"],"yoast_head":"<!-- This site is optimized with the Yoast SEO plugin v26.2 - https:\/\/yoast.com\/wordpress\/plugins\/seo\/ -->\n<title>Wykorzystanie plik\u00f3w cookie<\/title>\n<meta name=\"description\" content=\"Przeczytaj, jak przetwarzamy pliki cookie.\" \/>\n<meta name=\"robots\" content=\"noindex, follow, max-snippet:-1, max-image-preview:large, max-video-preview:-1\" \/>\n<meta property=\"og:locale\" content=\"pl_PL\" \/>\n<meta property=\"og:type\" content=\"article\" \/>\n<meta property=\"og:title\" content=\"Wykorzystanie plik\u00f3w cookie\" \/>\n<meta property=\"og:description\" content=\"Przeczytaj, jak przetwarzamy pliki cookie.\" \/>\n<meta property=\"og:url\" content=\"https:\/\/kogabau.facilitytest.sk\/pl\/wykorzystanie-plikow-cookie\/\" \/>\n<meta property=\"og:site_name\" content=\"KOGABAU\" \/>\n<meta property=\"article:modified_time\" content=\"2025-11-10T21:50:56+00:00\" \/>\n<meta name=\"twitter:card\" content=\"summary_large_image\" \/>\n<meta name=\"twitter:label1\" content=\"Szacowany czas czytania\" \/>\n\t<meta name=\"twitter:data1\" content=\"3 minuty\" \/>\n<script type=\"application\/ld+json\" class=\"yoast-schema-graph\">{\"@context\":\"https:\/\/schema.org\",\"@graph\":[{\"@type\":\"WebPage\",\"@id\":\"https:\/\/kogabau.facilitytest.sk\/pl\/wykorzystanie-plikow-cookie\/\",\"url\":\"https:\/\/kogabau.facilitytest.sk\/pl\/wykorzystanie-plikow-cookie\/\",\"name\":\"Wykorzystanie plik\u00f3w cookie\",\"isPartOf\":{\"@id\":\"https:\/\/kogabau.facilitytest.sk\/pl\/#website\"},\"datePublished\":\"2022-02-14T18:56:10+00:00\",\"dateModified\":\"2025-11-10T21:50:56+00:00\",\"description\":\"Przeczytaj, jak przetwarzamy pliki cookie.\",\"breadcrumb\":{\"@id\":\"https:\/\/kogabau.facilitytest.sk\/pl\/wykorzystanie-plikow-cookie\/#breadcrumb\"},\"inLanguage\":\"pl-PL\",\"potentialAction\":[{\"@type\":\"ReadAction\",\"target\":[\"https:\/\/kogabau.facilitytest.sk\/pl\/wykorzystanie-plikow-cookie\/\"]}]},{\"@type\":\"BreadcrumbList\",\"@id\":\"https:\/\/kogabau.facilitytest.sk\/pl\/wykorzystanie-plikow-cookie\/#breadcrumb\",\"itemListElement\":[{\"@type\":\"ListItem\",\"position\":1,\"name\":\"Home\",\"item\":\"https:\/\/kogabau.facilitytest.sk\/pl\/\"},{\"@type\":\"ListItem\",\"position\":2,\"name\":\"Wykorzystanie plik\u00f3w cookie\"}]},{\"@type\":\"WebSite\",\"@id\":\"https:\/\/kogabau.facilitytest.sk\/pl\/#website\",\"url\":\"https:\/\/kogabau.facilitytest.sk\/pl\/\",\"name\":\"KOGABAU\",\"description\":\"\",\"publisher\":{\"@id\":\"https:\/\/kogabau.facilitytest.sk\/pl\/#organization\"},\"potentialAction\":[{\"@type\":\"SearchAction\",\"target\":{\"@type\":\"EntryPoint\",\"urlTemplate\":\"https:\/\/kogabau.facilitytest.sk\/pl\/?s={search_term_string}\"},\"query-input\":{\"@type\":\"PropertyValueSpecification\",\"valueRequired\":true,\"valueName\":\"search_term_string\"}}],\"inLanguage\":\"pl-PL\"},{\"@type\":\"Organization\",\"@id\":\"https:\/\/kogabau.facilitytest.sk\/pl\/#organization\",\"name\":\"KOGABAU\",\"url\":\"https:\/\/kogabau.facilitytest.sk\/pl\/\",\"logo\":{\"@type\":\"ImageObject\",\"inLanguage\":\"pl-PL\",\"@id\":\"https:\/\/kogabau.facilitytest.sk\/pl\/#\/schema\/logo\/image\/\",\"url\":\"https:\/\/kogabau.facilitytest.sk\/wp-content\/uploads\/2021\/02\/KOGA-BAU-logo-cierne.png\",\"contentUrl\":\"https:\/\/kogabau.facilitytest.sk\/wp-content\/uploads\/2021\/02\/KOGA-BAU-logo-cierne.png\",\"width\":516,\"height\":66,\"caption\":\"KOGABAU\"},\"image\":{\"@id\":\"https:\/\/kogabau.facilitytest.sk\/pl\/#\/schema\/logo\/image\/\"}}]}<\/script>\n<!-- \/ Yoast SEO plugin. -->","yoast_head_json":{"title":"Wykorzystanie plik\u00f3w cookie","description":"Przeczytaj, jak przetwarzamy pliki cookie.","robots":{"index":"noindex","follow":"follow","max-snippet":"max-snippet:-1","max-image-preview":"max-image-preview:large","max-video-preview":"max-video-preview:-1"},"og_locale":"pl_PL","og_type":"article","og_title":"Wykorzystanie plik\u00f3w cookie","og_description":"Przeczytaj, jak przetwarzamy pliki cookie.","og_url":"https:\/\/kogabau.facilitytest.sk\/pl\/wykorzystanie-plikow-cookie\/","og_site_name":"KOGABAU","article_modified_time":"2025-11-10T21:50:56+00:00","twitter_card":"summary_large_image","twitter_misc":{"Szacowany czas czytania":"3 minuty"},"schema":{"@context":"https:\/\/schema.org","@graph":[{"@type":"WebPage","@id":"https:\/\/kogabau.facilitytest.sk\/pl\/wykorzystanie-plikow-cookie\/","url":"https:\/\/kogabau.facilitytest.sk\/pl\/wykorzystanie-plikow-cookie\/","name":"Wykorzystanie plik\u00f3w cookie","isPartOf":{"@id":"https:\/\/kogabau.facilitytest.sk\/pl\/#website"},"datePublished":"2022-02-14T18:56:10+00:00","dateModified":"2025-11-10T21:50:56+00:00","description":"Przeczytaj, jak przetwarzamy pliki cookie.","breadcrumb":{"@id":"https:\/\/kogabau.facilitytest.sk\/pl\/wykorzystanie-plikow-cookie\/#breadcrumb"},"inLanguage":"pl-PL","potentialAction":[{"@type":"ReadAction","target":["https:\/\/kogabau.facilitytest.sk\/pl\/wykorzystanie-plikow-cookie\/"]}]},{"@type":"BreadcrumbList","@id":"https:\/\/kogabau.facilitytest.sk\/pl\/wykorzystanie-plikow-cookie\/#breadcrumb","itemListElement":[{"@type":"ListItem","position":1,"name":"Home","item":"https:\/\/kogabau.facilitytest.sk\/pl\/"},{"@type":"ListItem","position":2,"name":"Wykorzystanie plik\u00f3w cookie"}]},{"@type":"WebSite","@id":"https:\/\/kogabau.facilitytest.sk\/pl\/#website","url":"https:\/\/kogabau.facilitytest.sk\/pl\/","name":"KOGABAU","description":"","publisher":{"@id":"https:\/\/kogabau.facilitytest.sk\/pl\/#organization"},"potentialAction":[{"@type":"SearchAction","target":{"@type":"EntryPoint","urlTemplate":"https:\/\/kogabau.facilitytest.sk\/pl\/?s={search_term_string}"},"query-input":{"@type":"PropertyValueSpecification","valueRequired":true,"valueName":"search_term_string"}}],"inLanguage":"pl-PL"},{"@type":"Organization","@id":"https:\/\/kogabau.facilitytest.sk\/pl\/#organization","name":"KOGABAU","url":"https:\/\/kogabau.facilitytest.sk\/pl\/","logo":{"@type":"ImageObject","inLanguage":"pl-PL","@id":"https:\/\/kogabau.facilitytest.sk\/pl\/#\/schema\/logo\/image\/","url":"https:\/\/kogabau.facilitytest.sk\/wp-content\/uploads\/2021\/02\/KOGA-BAU-logo-cierne.png","contentUrl":"https:\/\/kogabau.facilitytest.sk\/wp-content\/uploads\/2021\/02\/KOGA-BAU-logo-cierne.png","width":516,"height":66,"caption":"KOGABAU"},"image":{"@id":"https:\/\/kogabau.facilitytest.sk\/pl\/#\/schema\/logo\/image\/"}}]}},"_links":{"self":[{"href":"https:\/\/kogabau.facilitytest.sk\/pl\/wp-json\/wp\/v2\/pages\/6338","targetHints":{"allow":["GET"]}}],"collection":[{"href":"https:\/\/kogabau.facilitytest.sk\/pl\/wp-json\/wp\/v2\/pages"}],"about":[{"href":"https:\/\/kogabau.facilitytest.sk\/pl\/wp-json\/wp\/v2\/types\/page"}],"author":[{"embeddable":true,"href":"https:\/\/kogabau.facilitytest.sk\/pl\/wp-json\/wp\/v2\/users\/3"}],"replies":[{"embeddable":true,"href":"https:\/\/kogabau.facilitytest.sk\/pl\/wp-json\/wp\/v2\/comments?post=6338"}],"version-history":[{"count":1,"href":"https:\/\/kogabau.facilitytest.sk\/pl\/wp-json\/wp\/v2\/pages\/6338\/revisions"}],"predecessor-version":[{"id":6339,"href":"https:\/\/kogabau.facilitytest.sk\/pl\/wp-json\/wp\/v2\/pages\/6338\/revisions\/6339"}],"wp:attachment":[{"href":"https:\/\/kogabau.facilitytest.sk\/pl\/wp-json\/wp\/v2\/media?parent=6338"}],"curies":[{"name":"wp","href":"https:\/\/api.w.org\/{rel}","templated":true}]}}