{"id":6332,"date":"2025-10-12T16:06:02","date_gmt":"2025-10-12T14:06:02","guid":{"rendered":"https:\/\/kogabau.facilitytest.sk\/doradztwo\/"},"modified":"2025-11-14T14:53:35","modified_gmt":"2025-11-14T13:53:35","slug":"doradztwo","status":"publish","type":"page","link":"https:\/\/kogabau.facilitytest.sk\/pl\/doradztwo\/","title":{"rendered":"Doradztwo"},"content":{"rendered":"\t\t<div data-elementor-type=\"wp-page\" data-elementor-id=\"6332\" class=\"elementor elementor-6332 elementor-1140\" data-elementor-post-type=\"page\">\n\t\t\t\t\t\t<section class=\"elementor-section elementor-top-section elementor-element elementor-element-4074a75 elementor-section-boxed elementor-section-height-default elementor-section-height-default\" data-id=\"4074a75\" data-element_type=\"section\" data-settings=\"{&quot;background_background&quot;:&quot;classic&quot;}\">\n\t\t\t\t\t\t<div class=\"elementor-container elementor-column-gap-default\">\n\t\t\t\t\t<div class=\"elementor-column elementor-col-100 elementor-top-column elementor-element elementor-element-94e9e1f\" data-id=\"94e9e1f\" data-element_type=\"column\">\n\t\t\t<div class=\"elementor-widget-wrap elementor-element-populated\">\n\t\t\t\t\t\t<div class=\"elementor-element elementor-element-8927d6b elementor-widget elementor-widget-spacer\" data-id=\"8927d6b\" data-element_type=\"widget\" data-widget_type=\"spacer.default\">\n\t\t\t\t<div class=\"elementor-widget-container\">\n\t\t\t\t\t\t\t<div class=\"elementor-spacer\">\n\t\t\t<div class=\"elementor-spacer-inner\"><\/div>\n\t\t<\/div>\n\t\t\t\t\t\t<\/div>\n\t\t\t\t<\/div>\n\t\t\t\t<div class=\"elementor-element elementor-element-a6ab897 elementor-widget elementor-widget-heading\" data-id=\"a6ab897\" data-element_type=\"widget\" data-widget_type=\"heading.default\">\n\t\t\t\t<div class=\"elementor-widget-container\">\n\t\t\t\t\t<h1 class=\"elementor-heading-title elementor-size-default\">Doradztwo:<\/h1>\t\t\t\t<\/div>\n\t\t\t\t<\/div>\n\t\t\t\t<div class=\"elementor-element elementor-element-4705da6 elementor-widget elementor-widget-heading\" data-id=\"4705da6\" data-element_type=\"widget\" data-widget_type=\"heading.default\">\n\t\t\t\t<div class=\"elementor-widget-container\">\n\t\t\t\t\t<h2 class=\"elementor-heading-title elementor-size-default\">Obliczenia hydrauliczne, projektowanie dokumentacji produkcyjno-technicznej dla system\u00f3w odwodnieniowych, szkolenia. <\/h2>\t\t\t\t<\/div>\n\t\t\t\t<\/div>\n\t\t\t\t\t<\/div>\n\t\t<\/div>\n\t\t\t\t\t<\/div>\n\t\t<\/section>\n\t\t\t\t<section class=\"elementor-section elementor-top-section elementor-element elementor-element-c1701f4 elementor-section-boxed elementor-section-height-default elementor-section-height-default\" data-id=\"c1701f4\" data-element_type=\"section\" data-settings=\"{&quot;background_background&quot;:&quot;classic&quot;}\">\n\t\t\t\t\t\t<div class=\"elementor-container elementor-column-gap-default\">\n\t\t\t\t\t<div class=\"elementor-column elementor-col-50 elementor-top-column elementor-element elementor-element-4ecf00a\" data-id=\"4ecf00a\" data-element_type=\"column\">\n\t\t\t<div class=\"elementor-widget-wrap elementor-element-populated\">\n\t\t\t\t\t\t<div class=\"elementor-element elementor-element-e43167d elementor-widget elementor-widget-text-editor\" data-id=\"e43167d\" data-element_type=\"widget\" data-widget_type=\"text-editor.default\">\n\t\t\t\t<div class=\"elementor-widget-container\">\n\t\t\t\t\t\t\t\t\t<p>Nasza firma oferuje swoim partnerom biznesowym i wszystkim stronom zaanga\u017cowanym w proces budowlany szeroki wachlarz us\u0142ug doradczych. <\/p><p>Nasze doradztwo koncentruje si\u0119 g\u0142\u00f3wnie na pomocy projektantom w projektowaniu ca\u0142ego systemu odwodnienia. W ramach tej wsp\u00f3\u0142pracy oferujemy obliczenia hydrauliczne dotycz\u0105ce rozmieszczenia drena\u017cu i ruroci\u0105g\u00f3w na konstrukcji mostu. Nast\u0119pnie mo\u017cemy zaleci\u0107 odpowiednie rozmieszczenie tych element\u00f3w wyposa\u017cenia mostu, aby unikn\u0105\u0107 ewentualnych kolizji z innymi elementami wyposa\u017cenia mostu.   <\/p><p>Podczas budowy \u015bci\u015ble wsp\u00f3\u0142pracujemy z wykonawc\u0105 i oferujemy doradztwo na miejscu. Doradztwo koncentruje si\u0119 g\u0142\u00f3wnie na prawid\u0142owym u\u017cytkowaniu dostarczanych przez nas produkt\u00f3w i sprz\u0119tu.  <\/p><p>Nasza dzia\u0142alno\u015b\u0107 doradcza koncentruje si\u0119 r\u00f3wnie\u017c na szkoleniu projektant\u00f3w, inspektor\u00f3w nadzoru i inwestor\u00f3w w zakresie odwodnie\u0144 mostowych. Nasze do\u015bwiadczenie opiera si\u0119 na ponad dwudziestoletnim do\u015bwiadczeniu naszych partner\u00f3w i ekspert\u00f3w w dziedzinie odwodnie\u0144 mostowych. <\/p><p>W ramach naszej dzia\u0142alno\u015bci prowadzimy szkolenia dla projektant\u00f3w, inspektor\u00f3w nadzoru i inwestor\u00f3w dotycz\u0105ce nowych trend\u00f3w materia\u0142owych oraz prawid\u0142owej metody wykonywania systemu odwodnienia mostowego.<\/p>\t\t\t\t\t\t\t\t<\/div>\n\t\t\t\t<\/div>\n\t\t\t\t\t<\/div>\n\t\t<\/div>\n\t\t\t\t<div class=\"elementor-column elementor-col-50 elementor-top-column elementor-element elementor-element-0bb13b5\" data-id=\"0bb13b5\" data-element_type=\"column\">\n\t\t\t<div class=\"elementor-widget-wrap elementor-element-populated\">\n\t\t\t\t\t\t<div class=\"elementor-element elementor-element-a898308 elementor-widget elementor-widget-image\" data-id=\"a898308\" data-element_type=\"widget\" data-widget_type=\"image.default\">\n\t\t\t\t<div class=\"elementor-widget-container\">\n\t\t\t\t\t\t\t\t\t\t\t\t\t\t\t<img fetchpriority=\"high\" decoding=\"async\" width=\"706\" height=\"469\" src=\"https:\/\/kogabau.facilitytest.sk\/wp-content\/uploads\/2025\/10\/kogabau-detail-sluzby-poradenstvo.png\" class=\"attachment-full size-full wp-image-6329\" alt=\"\" srcset=\"https:\/\/kogabau.facilitytest.sk\/wp-content\/uploads\/2025\/10\/kogabau-detail-sluzby-poradenstvo.png 706w, https:\/\/kogabau.facilitytest.sk\/wp-content\/uploads\/2025\/10\/kogabau-detail-sluzby-poradenstvo-300x199.png 300w\" sizes=\"(max-width: 706px) 100vw, 706px\" \/>\t\t\t\t\t\t\t\t\t\t\t\t\t\t\t<\/div>\n\t\t\t\t<\/div>\n\t\t\t\t\t<\/div>\n\t\t<\/div>\n\t\t\t\t\t<\/div>\n\t\t<\/section>\n\t\t\t\t<section class=\"elementor-section elementor-top-section elementor-element elementor-element-947dcea elementor-hidden-mobile elementor-section-boxed elementor-section-height-default elementor-section-height-default\" data-id=\"947dcea\" data-element_type=\"section\" data-settings=\"{&quot;background_background&quot;:&quot;classic&quot;}\">\n\t\t\t\t\t\t<div class=\"elementor-container elementor-column-gap-default\">\n\t\t\t\t\t<div class=\"make-column-clickable-elementor elementor-column elementor-col-100 elementor-top-column elementor-element elementor-element-de2609d\" style=\"cursor: pointer;\" data-column-clickable=\"https:\/\/kogabau.facilitytest.sk\/pl\/lacznosc\/\" data-column-clickable-blank=\"_self\" data-id=\"de2609d\" data-element_type=\"column\" data-settings=\"{&quot;background_background&quot;:&quot;classic&quot;}\">\n\t\t\t<div class=\"elementor-widget-wrap elementor-element-populated\">\n\t\t\t\t\t<div class=\"elementor-background-overlay\"><\/div>\n\t\t\t\t\t\t<div class=\"elementor-element elementor-element-babc8fe elementor-widget elementor-widget-heading\" data-id=\"babc8fe\" data-element_type=\"widget\" data-widget_type=\"heading.default\">\n\t\t\t\t<div class=\"elementor-widget-container\">\n\t\t\t\t\t<h2 class=\"elementor-heading-title elementor-size-default\">Jeste\u015b zainteresowany wynajmem?<\/h2>\t\t\t\t<\/div>\n\t\t\t\t<\/div>\n\t\t\t\t<div class=\"elementor-element elementor-element-0cdd8ad elementor-widget elementor-widget-text-editor\" data-id=\"0cdd8ad\" data-element_type=\"widget\" data-widget_type=\"text-editor.default\">\n\t\t\t\t<div class=\"elementor-widget-container\">\n\t\t\t\t\t\t\t\t\t<p>Cena wynajmu jest zawsze ustalana indywidualnie. W przypadku zainteresowania prosimy o przes\u0142anie maila ze swoimi wymaganiami na adres: <strong>kogabau@kogabau.facilitytest.sk<\/strong>, lub skontaktuj si\u0119 z nami za pomoc\u0105 <br><strong>formularz kontaktowy.<\/strong> Nasi kierownicy sprzeda\u017cy skontaktuj\u0105 si\u0119 z Pa\u0144stwem w celu ustalenia szczeg\u00f3\u0142\u00f3w wynajmu. <\/p>\t\t\t\t\t\t\t\t<\/div>\n\t\t\t\t<\/div>\n\t\t\t\t<div class=\"elementor-element elementor-element-c7967ce elementor-widget elementor-widget-button\" data-id=\"c7967ce\" data-element_type=\"widget\" data-widget_type=\"button.default\">\n\t\t\t\t<div class=\"elementor-widget-container\">\n\t\t\t\t\t\t\t\t\t<div class=\"elementor-button-wrapper\">\n\t\t\t\t\t<a class=\"elementor-button elementor-button-link elementor-size-sm elementor-animation-grow\" href=\"https:\/\/kogabau.facilitytest.sk\/pl\/lacznosc\/\">\n\t\t\t\t\t\t<span class=\"elementor-button-content-wrapper\">\n\t\t\t\t\t\t\t\t\t<span class=\"elementor-button-text\">SKONTAKTUJ SI\u0118 Z NAMI<\/span>\n\t\t\t\t\t<\/span>\n\t\t\t\t\t<\/a>\n\t\t\t\t<\/div>\n\t\t\t\t\t\t\t\t<\/div>\n\t\t\t\t<\/div>\n\t\t\t\t\t<\/div>\n\t\t<\/div>\n\t\t\t\t\t<\/div>\n\t\t<\/section>\n\t\t\t\t<\/div>\n\t\t","protected":false},"excerpt":{"rendered":"<p>Doradztwo: Obliczenia hydrauliczne, projektowanie dokumentacji produkcyjno-technicznej dla system\u00f3w odwodnieniowych, szkolenia. Nasza firma oferuje swoim partnerom biznesowym i wszystkim stronom zaanga\u017cowanym w proces budowlany szeroki wachlarz us\u0142ug doradczych. Nasze doradztwo koncentruje si\u0119 g\u0142\u00f3wnie na pomocy projektantom w projektowaniu ca\u0142ego systemu odwodnienia. W ramach tej wsp\u00f3\u0142pracy oferujemy obliczenia hydrauliczne dotycz\u0105ce rozmieszczenia drena\u017cu i ruroci\u0105g\u00f3w na konstrukcji mostu. [&hellip;]<\/p>\n","protected":false},"author":15,"featured_media":0,"parent":0,"menu_order":0,"comment_status":"closed","ping_status":"closed","template":"","meta":{"footnotes":""},"class_list":["post-6332","page","type-page","status-publish","hentry"],"yoast_head":"<!-- This site is optimized with the Yoast SEO plugin v26.2 - https:\/\/yoast.com\/wordpress\/plugins\/seo\/ -->\n<title>Doradztwo - KOGABAU<\/title>\n<meta name=\"robots\" content=\"noindex, follow, max-snippet:-1, max-image-preview:large, max-video-preview:-1\" \/>\n<meta property=\"og:locale\" content=\"pl_PL\" \/>\n<meta property=\"og:type\" content=\"article\" \/>\n<meta property=\"og:title\" content=\"Doradztwo - KOGABAU\" \/>\n<meta property=\"og:description\" content=\"Doradztwo: Obliczenia hydrauliczne, projektowanie dokumentacji produkcyjno-technicznej dla system\u00f3w odwodnieniowych, szkolenia. Nasza firma oferuje swoim partnerom biznesowym i wszystkim stronom zaanga\u017cowanym w proces budowlany szeroki wachlarz us\u0142ug doradczych. Nasze doradztwo koncentruje si\u0119 g\u0142\u00f3wnie na pomocy projektantom w projektowaniu ca\u0142ego systemu odwodnienia. W ramach tej wsp\u00f3\u0142pracy oferujemy obliczenia hydrauliczne dotycz\u0105ce rozmieszczenia drena\u017cu i ruroci\u0105g\u00f3w na konstrukcji mostu. [&hellip;]\" \/>\n<meta property=\"og:url\" content=\"https:\/\/kogabau.facilitytest.sk\/pl\/doradztwo\/\" \/>\n<meta property=\"og:site_name\" content=\"KOGABAU\" \/>\n<meta property=\"article:modified_time\" content=\"2025-11-14T13:53:35+00:00\" \/>\n<meta property=\"og:image\" content=\"https:\/\/kogabau.facilitytest.sk\/wp-content\/uploads\/2025\/10\/kogabau-detail-sluzby-poradenstvo.png\" \/>\n\t<meta property=\"og:image:width\" content=\"706\" \/>\n\t<meta property=\"og:image:height\" content=\"469\" \/>\n\t<meta property=\"og:image:type\" content=\"image\/png\" \/>\n<meta name=\"twitter:card\" content=\"summary_large_image\" \/>\n<meta name=\"twitter:label1\" content=\"Szacowany czas czytania\" \/>\n\t<meta name=\"twitter:data1\" content=\"2 minuty\" \/>\n<script type=\"application\/ld+json\" class=\"yoast-schema-graph\">{\"@context\":\"https:\/\/schema.org\",\"@graph\":[{\"@type\":\"WebPage\",\"@id\":\"https:\/\/kogabau.facilitytest.sk\/pl\/doradztwo\/\",\"url\":\"https:\/\/kogabau.facilitytest.sk\/pl\/doradztwo\/\",\"name\":\"Doradztwo - KOGABAU\",\"isPartOf\":{\"@id\":\"https:\/\/kogabau.facilitytest.sk\/pl\/#website\"},\"primaryImageOfPage\":{\"@id\":\"https:\/\/kogabau.facilitytest.sk\/pl\/doradztwo\/#primaryimage\"},\"image\":{\"@id\":\"https:\/\/kogabau.facilitytest.sk\/pl\/doradztwo\/#primaryimage\"},\"thumbnailUrl\":\"https:\/\/kogabau.facilitytest.sk\/wp-content\/uploads\/2025\/10\/kogabau-detail-sluzby-poradenstvo.png\",\"datePublished\":\"2025-10-12T14:06:02+00:00\",\"dateModified\":\"2025-11-14T13:53:35+00:00\",\"breadcrumb\":{\"@id\":\"https:\/\/kogabau.facilitytest.sk\/pl\/doradztwo\/#breadcrumb\"},\"inLanguage\":\"pl-PL\",\"potentialAction\":[{\"@type\":\"ReadAction\",\"target\":[\"https:\/\/kogabau.facilitytest.sk\/pl\/doradztwo\/\"]}]},{\"@type\":\"ImageObject\",\"inLanguage\":\"pl-PL\",\"@id\":\"https:\/\/kogabau.facilitytest.sk\/pl\/doradztwo\/#primaryimage\",\"url\":\"https:\/\/kogabau.facilitytest.sk\/wp-content\/uploads\/2025\/10\/kogabau-detail-sluzby-poradenstvo.png\",\"contentUrl\":\"https:\/\/kogabau.facilitytest.sk\/wp-content\/uploads\/2025\/10\/kogabau-detail-sluzby-poradenstvo.png\"},{\"@type\":\"BreadcrumbList\",\"@id\":\"https:\/\/kogabau.facilitytest.sk\/pl\/doradztwo\/#breadcrumb\",\"itemListElement\":[{\"@type\":\"ListItem\",\"position\":1,\"name\":\"Home\",\"item\":\"https:\/\/kogabau.facilitytest.sk\/pl\/\"},{\"@type\":\"ListItem\",\"position\":2,\"name\":\"Doradztwo\"}]},{\"@type\":\"WebSite\",\"@id\":\"https:\/\/kogabau.facilitytest.sk\/pl\/#website\",\"url\":\"https:\/\/kogabau.facilitytest.sk\/pl\/\",\"name\":\"KOGABAU\",\"description\":\"\",\"publisher\":{\"@id\":\"https:\/\/kogabau.facilitytest.sk\/pl\/#organization\"},\"potentialAction\":[{\"@type\":\"SearchAction\",\"target\":{\"@type\":\"EntryPoint\",\"urlTemplate\":\"https:\/\/kogabau.facilitytest.sk\/pl\/?s={search_term_string}\"},\"query-input\":{\"@type\":\"PropertyValueSpecification\",\"valueRequired\":true,\"valueName\":\"search_term_string\"}}],\"inLanguage\":\"pl-PL\"},{\"@type\":\"Organization\",\"@id\":\"https:\/\/kogabau.facilitytest.sk\/pl\/#organization\",\"name\":\"KOGABAU\",\"url\":\"https:\/\/kogabau.facilitytest.sk\/pl\/\",\"logo\":{\"@type\":\"ImageObject\",\"inLanguage\":\"pl-PL\",\"@id\":\"https:\/\/kogabau.facilitytest.sk\/pl\/#\/schema\/logo\/image\/\",\"url\":\"https:\/\/kogabau.facilitytest.sk\/wp-content\/uploads\/2021\/02\/KOGA-BAU-logo-cierne.png\",\"contentUrl\":\"https:\/\/kogabau.facilitytest.sk\/wp-content\/uploads\/2021\/02\/KOGA-BAU-logo-cierne.png\",\"width\":516,\"height\":66,\"caption\":\"KOGABAU\"},\"image\":{\"@id\":\"https:\/\/kogabau.facilitytest.sk\/pl\/#\/schema\/logo\/image\/\"}}]}<\/script>\n<!-- \/ Yoast SEO plugin. -->","yoast_head_json":{"title":"Doradztwo - KOGABAU","robots":{"index":"noindex","follow":"follow","max-snippet":"max-snippet:-1","max-image-preview":"max-image-preview:large","max-video-preview":"max-video-preview:-1"},"og_locale":"pl_PL","og_type":"article","og_title":"Doradztwo - KOGABAU","og_description":"Doradztwo: Obliczenia hydrauliczne, projektowanie dokumentacji produkcyjno-technicznej dla system\u00f3w odwodnieniowych, szkolenia. Nasza firma oferuje swoim partnerom biznesowym i wszystkim stronom zaanga\u017cowanym w proces budowlany szeroki wachlarz us\u0142ug doradczych. Nasze doradztwo koncentruje si\u0119 g\u0142\u00f3wnie na pomocy projektantom w projektowaniu ca\u0142ego systemu odwodnienia. W ramach tej wsp\u00f3\u0142pracy oferujemy obliczenia hydrauliczne dotycz\u0105ce rozmieszczenia drena\u017cu i ruroci\u0105g\u00f3w na konstrukcji mostu. [&hellip;]","og_url":"https:\/\/kogabau.facilitytest.sk\/pl\/doradztwo\/","og_site_name":"KOGABAU","article_modified_time":"2025-11-14T13:53:35+00:00","og_image":[{"width":706,"height":469,"url":"https:\/\/kogabau.facilitytest.sk\/wp-content\/uploads\/2025\/10\/kogabau-detail-sluzby-poradenstvo.png","type":"image\/png"}],"twitter_card":"summary_large_image","twitter_misc":{"Szacowany czas czytania":"2 minuty"},"schema":{"@context":"https:\/\/schema.org","@graph":[{"@type":"WebPage","@id":"https:\/\/kogabau.facilitytest.sk\/pl\/doradztwo\/","url":"https:\/\/kogabau.facilitytest.sk\/pl\/doradztwo\/","name":"Doradztwo - KOGABAU","isPartOf":{"@id":"https:\/\/kogabau.facilitytest.sk\/pl\/#website"},"primaryImageOfPage":{"@id":"https:\/\/kogabau.facilitytest.sk\/pl\/doradztwo\/#primaryimage"},"image":{"@id":"https:\/\/kogabau.facilitytest.sk\/pl\/doradztwo\/#primaryimage"},"thumbnailUrl":"https:\/\/kogabau.facilitytest.sk\/wp-content\/uploads\/2025\/10\/kogabau-detail-sluzby-poradenstvo.png","datePublished":"2025-10-12T14:06:02+00:00","dateModified":"2025-11-14T13:53:35+00:00","breadcrumb":{"@id":"https:\/\/kogabau.facilitytest.sk\/pl\/doradztwo\/#breadcrumb"},"inLanguage":"pl-PL","potentialAction":[{"@type":"ReadAction","target":["https:\/\/kogabau.facilitytest.sk\/pl\/doradztwo\/"]}]},{"@type":"ImageObject","inLanguage":"pl-PL","@id":"https:\/\/kogabau.facilitytest.sk\/pl\/doradztwo\/#primaryimage","url":"https:\/\/kogabau.facilitytest.sk\/wp-content\/uploads\/2025\/10\/kogabau-detail-sluzby-poradenstvo.png","contentUrl":"https:\/\/kogabau.facilitytest.sk\/wp-content\/uploads\/2025\/10\/kogabau-detail-sluzby-poradenstvo.png"},{"@type":"BreadcrumbList","@id":"https:\/\/kogabau.facilitytest.sk\/pl\/doradztwo\/#breadcrumb","itemListElement":[{"@type":"ListItem","position":1,"name":"Home","item":"https:\/\/kogabau.facilitytest.sk\/pl\/"},{"@type":"ListItem","position":2,"name":"Doradztwo"}]},{"@type":"WebSite","@id":"https:\/\/kogabau.facilitytest.sk\/pl\/#website","url":"https:\/\/kogabau.facilitytest.sk\/pl\/","name":"KOGABAU","description":"","publisher":{"@id":"https:\/\/kogabau.facilitytest.sk\/pl\/#organization"},"potentialAction":[{"@type":"SearchAction","target":{"@type":"EntryPoint","urlTemplate":"https:\/\/kogabau.facilitytest.sk\/pl\/?s={search_term_string}"},"query-input":{"@type":"PropertyValueSpecification","valueRequired":true,"valueName":"search_term_string"}}],"inLanguage":"pl-PL"},{"@type":"Organization","@id":"https:\/\/kogabau.facilitytest.sk\/pl\/#organization","name":"KOGABAU","url":"https:\/\/kogabau.facilitytest.sk\/pl\/","logo":{"@type":"ImageObject","inLanguage":"pl-PL","@id":"https:\/\/kogabau.facilitytest.sk\/pl\/#\/schema\/logo\/image\/","url":"https:\/\/kogabau.facilitytest.sk\/wp-content\/uploads\/2021\/02\/KOGA-BAU-logo-cierne.png","contentUrl":"https:\/\/kogabau.facilitytest.sk\/wp-content\/uploads\/2021\/02\/KOGA-BAU-logo-cierne.png","width":516,"height":66,"caption":"KOGABAU"},"image":{"@id":"https:\/\/kogabau.facilitytest.sk\/pl\/#\/schema\/logo\/image\/"}}]}},"_links":{"self":[{"href":"https:\/\/kogabau.facilitytest.sk\/pl\/wp-json\/wp\/v2\/pages\/6332","targetHints":{"allow":["GET"]}}],"collection":[{"href":"https:\/\/kogabau.facilitytest.sk\/pl\/wp-json\/wp\/v2\/pages"}],"about":[{"href":"https:\/\/kogabau.facilitytest.sk\/pl\/wp-json\/wp\/v2\/types\/page"}],"author":[{"embeddable":true,"href":"https:\/\/kogabau.facilitytest.sk\/pl\/wp-json\/wp\/v2\/users\/15"}],"replies":[{"embeddable":true,"href":"https:\/\/kogabau.facilitytest.sk\/pl\/wp-json\/wp\/v2\/comments?post=6332"}],"version-history":[{"count":7,"href":"https:\/\/kogabau.facilitytest.sk\/pl\/wp-json\/wp\/v2\/pages\/6332\/revisions"}],"predecessor-version":[{"id":8816,"href":"https:\/\/kogabau.facilitytest.sk\/pl\/wp-json\/wp\/v2\/pages\/6332\/revisions\/8816"}],"wp:attachment":[{"href":"https:\/\/kogabau.facilitytest.sk\/pl\/wp-json\/wp\/v2\/media?parent=6332"}],"curies":[{"name":"wp","href":"https:\/\/api.w.org\/{rel}","templated":true}]}}