{"id":6307,"date":"2025-10-12T14:32:00","date_gmt":"2025-10-12T12:32:00","guid":{"rendered":"https:\/\/kogabau.facilitytest.sk\/palmovka\/"},"modified":"2025-11-10T22:32:27","modified_gmt":"2025-11-10T21:32:27","slug":"palmovka","status":"publish","type":"page","link":"https:\/\/kogabau.facilitytest.sk\/pl\/palmovka\/","title":{"rendered":"Palmovka"},"content":{"rendered":"\t\t<div data-elementor-type=\"wp-page\" data-elementor-id=\"6307\" class=\"elementor elementor-6307 elementor-1082\" data-elementor-post-type=\"page\">\n\t\t\t\t\t\t<section class=\"elementor-section elementor-top-section elementor-element elementor-element-8c5cc58 elementor-section-boxed elementor-section-height-default elementor-section-height-default\" data-id=\"8c5cc58\" data-element_type=\"section\" data-settings=\"{&quot;background_background&quot;:&quot;classic&quot;}\">\n\t\t\t\t\t\t<div class=\"elementor-container elementor-column-gap-default\">\n\t\t\t\t\t<div class=\"elementor-column elementor-col-100 elementor-top-column elementor-element elementor-element-4c061b6\" data-id=\"4c061b6\" data-element_type=\"column\">\n\t\t\t<div class=\"elementor-widget-wrap elementor-element-populated\">\n\t\t\t\t\t\t<div class=\"elementor-element elementor-element-efc54a5 elementor-widget elementor-widget-spacer\" data-id=\"efc54a5\" data-element_type=\"widget\" data-widget_type=\"spacer.default\">\n\t\t\t\t<div class=\"elementor-widget-container\">\n\t\t\t\t\t\t\t<div class=\"elementor-spacer\">\n\t\t\t<div class=\"elementor-spacer-inner\"><\/div>\n\t\t<\/div>\n\t\t\t\t\t\t<\/div>\n\t\t\t\t<\/div>\n\t\t\t\t<div class=\"elementor-element elementor-element-db8ba8f elementor-widget elementor-widget-heading\" data-id=\"db8ba8f\" data-element_type=\"widget\" data-widget_type=\"heading.default\">\n\t\t\t\t<div class=\"elementor-widget-container\">\n\t\t\t\t\t<h1 class=\"elementor-heading-title elementor-size-default\">Palmovka\u00ae<\/h1>\t\t\t\t<\/div>\n\t\t\t\t<\/div>\n\t\t\t\t\t<\/div>\n\t\t<\/div>\n\t\t\t\t\t<\/div>\n\t\t<\/section>\n\t\t\t\t<section class=\"elementor-section elementor-top-section elementor-element elementor-element-6606034 elementor-reverse-tablet elementor-reverse-mobile elementor-section-boxed elementor-section-height-default elementor-section-height-default\" data-id=\"6606034\" data-element_type=\"section\" data-settings=\"{&quot;background_background&quot;:&quot;classic&quot;}\">\n\t\t\t\t\t\t<div class=\"elementor-container elementor-column-gap-default\">\n\t\t\t\t\t<div class=\"elementor-column elementor-col-50 elementor-top-column elementor-element elementor-element-ea36663\" data-id=\"ea36663\" data-element_type=\"column\">\n\t\t\t<div class=\"elementor-widget-wrap elementor-element-populated\">\n\t\t\t\t\t\t<div class=\"elementor-element elementor-element-b6169b0 elementor-widget elementor-widget-text-editor\" data-id=\"b6169b0\" data-element_type=\"widget\" data-widget_type=\"text-editor.default\">\n\t\t\t\t<div class=\"elementor-widget-container\">\n\t\t\t\t\t\t\t\t\t<p>\u0141awka miejska s\u0142u\u017cy do odpoczynku w parkach, na skwerach i w strefach pieszych. Wykonana jest z wytrzyma\u0142ego \u017celiwa i drewna, co zapewnia d\u0142ug\u0105 \u017cywotno\u015b\u0107 i minimaln\u0105 konserwacj\u0119. Boki \u0142awki mo\u017cna regulowa\u0107 wed\u0142ug \u017cyczenia klienta. Dzi\u0119ki swojej stabilno\u015bci i wadze jest odporna na akty wandalizmu i niekorzystne warunki atmosferyczne.   <\/p>\t\t\t\t\t\t\t\t<\/div>\n\t\t\t\t<\/div>\n\t\t\t\t\t<\/div>\n\t\t<\/div>\n\t\t\t\t<div class=\"elementor-column elementor-col-50 elementor-top-column elementor-element elementor-element-215eb55\" data-id=\"215eb55\" data-element_type=\"column\" data-settings=\"{&quot;background_background&quot;:&quot;classic&quot;}\">\n\t\t\t<div class=\"elementor-widget-wrap elementor-element-populated\">\n\t\t\t\t\t\t<div class=\"elementor-element elementor-element-4536708 elementor-widget elementor-widget-image\" data-id=\"4536708\" data-element_type=\"widget\" data-widget_type=\"image.default\">\n\t\t\t\t<div class=\"elementor-widget-container\">\n\t\t\t\t\t\t\t\t\t\t\t\t\t\t\t<img fetchpriority=\"high\" decoding=\"async\" width=\"575\" height=\"580\" src=\"https:\/\/kogabau.facilitytest.sk\/wp-content\/uploads\/2025\/10\/KoGaBau-Palmovka.png\" class=\"attachment-full size-full wp-image-6306\" alt=\"\" srcset=\"https:\/\/kogabau.facilitytest.sk\/wp-content\/uploads\/2025\/10\/KoGaBau-Palmovka.png 575w, https:\/\/kogabau.facilitytest.sk\/wp-content\/uploads\/2025\/10\/KoGaBau-Palmovka-297x300.png 297w, https:\/\/kogabau.facilitytest.sk\/wp-content\/uploads\/2025\/10\/KoGaBau-Palmovka-150x150.png 150w\" sizes=\"(max-width: 575px) 100vw, 575px\" \/>\t\t\t\t\t\t\t\t\t\t\t\t\t\t\t<\/div>\n\t\t\t\t<\/div>\n\t\t\t\t\t<\/div>\n\t\t<\/div>\n\t\t\t\t\t<\/div>\n\t\t<\/section>\n\t\t\t\t<\/div>\n\t\t","protected":false},"excerpt":{"rendered":"<p>Palmovka\u00ae \u0141awka miejska s\u0142u\u017cy do odpoczynku w parkach, na skwerach i w strefach pieszych. Wykonana jest z wytrzyma\u0142ego \u017celiwa i drewna, co zapewnia d\u0142ug\u0105 \u017cywotno\u015b\u0107 i minimaln\u0105 konserwacj\u0119. Boki \u0142awki mo\u017cna regulowa\u0107 wed\u0142ug \u017cyczenia klienta. Dzi\u0119ki swojej stabilno\u015bci i wadze jest odporna na akty wandalizmu i niekorzystne warunki atmosferyczne.<\/p>\n","protected":false},"author":16,"featured_media":0,"parent":0,"menu_order":0,"comment_status":"closed","ping_status":"closed","template":"","meta":{"footnotes":""},"class_list":["post-6307","page","type-page","status-publish","hentry"],"yoast_head":"<!-- This site is optimized with the Yoast SEO plugin v26.2 - https:\/\/yoast.com\/wordpress\/plugins\/seo\/ -->\n<title>Palmovka\u00ae \u2013 Miejska \u0142awka \u017celiwna o d\u0142ugiej \u017cywotno\u015bci | KOGA Bau<\/title>\n<meta name=\"description\" content=\"Palmovka\u00ae to trwa\u0142a \u0142awka miejska wykonana z \u017celiwa i drewna, przeznaczona do park\u00f3w, skwer\u00f3w i stref dla pieszych. Stabilna, odporna na akty wandalizmu, z mo\u017cliwo\u015bci\u0105 regulacji bok\u00f3w wed\u0142ug \u017cyczenia klienta. Trwa\u0142e i estetyczne rozwi\u0105zanie od KOGA Bau.\" \/>\n<meta name=\"robots\" content=\"noindex, follow, max-snippet:-1, max-image-preview:large, max-video-preview:-1\" \/>\n<meta property=\"og:locale\" content=\"pl_PL\" \/>\n<meta property=\"og:type\" content=\"article\" \/>\n<meta property=\"og:title\" content=\"Palmovka\u00ae \u2013 Miejska \u0142awka \u017celiwna o d\u0142ugiej \u017cywotno\u015bci | KOGA Bau\" \/>\n<meta property=\"og:description\" content=\"Palmovka\u00ae to trwa\u0142a \u0142awka miejska wykonana z \u017celiwa i drewna, przeznaczona do park\u00f3w, skwer\u00f3w i stref dla pieszych. Stabilna, odporna na akty wandalizmu, z mo\u017cliwo\u015bci\u0105 regulacji bok\u00f3w wed\u0142ug \u017cyczenia klienta. Trwa\u0142e i estetyczne rozwi\u0105zanie od KOGA Bau.\" \/>\n<meta property=\"og:url\" content=\"https:\/\/kogabau.facilitytest.sk\/pl\/palmovka\/\" \/>\n<meta property=\"og:site_name\" content=\"KOGABAU\" \/>\n<meta property=\"article:modified_time\" content=\"2025-11-10T21:32:27+00:00\" \/>\n<meta property=\"og:image\" content=\"https:\/\/kogabau.facilitytest.sk\/wp-content\/uploads\/2025\/10\/KoGaBau-Palmovka.png\" \/>\n\t<meta property=\"og:image:width\" content=\"575\" \/>\n\t<meta property=\"og:image:height\" content=\"580\" \/>\n\t<meta property=\"og:image:type\" content=\"image\/png\" \/>\n<meta name=\"twitter:card\" content=\"summary_large_image\" \/>\n<script type=\"application\/ld+json\" class=\"yoast-schema-graph\">{\"@context\":\"https:\/\/schema.org\",\"@graph\":[{\"@type\":\"WebPage\",\"@id\":\"https:\/\/kogabau.facilitytest.sk\/pl\/palmovka\/\",\"url\":\"https:\/\/kogabau.facilitytest.sk\/pl\/palmovka\/\",\"name\":\"Palmovka\u00ae \u2013 Miejska \u0142awka \u017celiwna o d\u0142ugiej \u017cywotno\u015bci | KOGA Bau\",\"isPartOf\":{\"@id\":\"https:\/\/kogabau.facilitytest.sk\/pl\/#website\"},\"primaryImageOfPage\":{\"@id\":\"https:\/\/kogabau.facilitytest.sk\/pl\/palmovka\/#primaryimage\"},\"image\":{\"@id\":\"https:\/\/kogabau.facilitytest.sk\/pl\/palmovka\/#primaryimage\"},\"thumbnailUrl\":\"https:\/\/kogabau.facilitytest.sk\/wp-content\/uploads\/2025\/10\/KoGaBau-Palmovka.png\",\"datePublished\":\"2025-10-12T12:32:00+00:00\",\"dateModified\":\"2025-11-10T21:32:27+00:00\",\"description\":\"Palmovka\u00ae to trwa\u0142a \u0142awka miejska wykonana z \u017celiwa i drewna, przeznaczona do park\u00f3w, skwer\u00f3w i stref dla pieszych. Stabilna, odporna na akty wandalizmu, z mo\u017cliwo\u015bci\u0105 regulacji bok\u00f3w wed\u0142ug \u017cyczenia klienta. Trwa\u0142e i estetyczne rozwi\u0105zanie od KOGA Bau.\",\"breadcrumb\":{\"@id\":\"https:\/\/kogabau.facilitytest.sk\/pl\/palmovka\/#breadcrumb\"},\"inLanguage\":\"pl-PL\",\"potentialAction\":[{\"@type\":\"ReadAction\",\"target\":[\"https:\/\/kogabau.facilitytest.sk\/pl\/palmovka\/\"]}]},{\"@type\":\"ImageObject\",\"inLanguage\":\"pl-PL\",\"@id\":\"https:\/\/kogabau.facilitytest.sk\/pl\/palmovka\/#primaryimage\",\"url\":\"https:\/\/kogabau.facilitytest.sk\/wp-content\/uploads\/2025\/10\/KoGaBau-Palmovka.png\",\"contentUrl\":\"https:\/\/kogabau.facilitytest.sk\/wp-content\/uploads\/2025\/10\/KoGaBau-Palmovka.png\"},{\"@type\":\"BreadcrumbList\",\"@id\":\"https:\/\/kogabau.facilitytest.sk\/pl\/palmovka\/#breadcrumb\",\"itemListElement\":[{\"@type\":\"ListItem\",\"position\":1,\"name\":\"Home\",\"item\":\"https:\/\/kogabau.facilitytest.sk\/pl\/\"},{\"@type\":\"ListItem\",\"position\":2,\"name\":\"Palmovka\"}]},{\"@type\":\"WebSite\",\"@id\":\"https:\/\/kogabau.facilitytest.sk\/pl\/#website\",\"url\":\"https:\/\/kogabau.facilitytest.sk\/pl\/\",\"name\":\"KOGABAU\",\"description\":\"\",\"publisher\":{\"@id\":\"https:\/\/kogabau.facilitytest.sk\/pl\/#organization\"},\"potentialAction\":[{\"@type\":\"SearchAction\",\"target\":{\"@type\":\"EntryPoint\",\"urlTemplate\":\"https:\/\/kogabau.facilitytest.sk\/pl\/?s={search_term_string}\"},\"query-input\":{\"@type\":\"PropertyValueSpecification\",\"valueRequired\":true,\"valueName\":\"search_term_string\"}}],\"inLanguage\":\"pl-PL\"},{\"@type\":\"Organization\",\"@id\":\"https:\/\/kogabau.facilitytest.sk\/pl\/#organization\",\"name\":\"KOGABAU\",\"url\":\"https:\/\/kogabau.facilitytest.sk\/pl\/\",\"logo\":{\"@type\":\"ImageObject\",\"inLanguage\":\"pl-PL\",\"@id\":\"https:\/\/kogabau.facilitytest.sk\/pl\/#\/schema\/logo\/image\/\",\"url\":\"https:\/\/kogabau.facilitytest.sk\/wp-content\/uploads\/2021\/02\/KOGA-BAU-logo-cierne.png\",\"contentUrl\":\"https:\/\/kogabau.facilitytest.sk\/wp-content\/uploads\/2021\/02\/KOGA-BAU-logo-cierne.png\",\"width\":516,\"height\":66,\"caption\":\"KOGABAU\"},\"image\":{\"@id\":\"https:\/\/kogabau.facilitytest.sk\/pl\/#\/schema\/logo\/image\/\"}}]}<\/script>\n<!-- \/ Yoast SEO plugin. -->","yoast_head_json":{"title":"Palmovka\u00ae \u2013 Miejska \u0142awka \u017celiwna o d\u0142ugiej \u017cywotno\u015bci | KOGA Bau","description":"Palmovka\u00ae to trwa\u0142a \u0142awka miejska wykonana z \u017celiwa i drewna, przeznaczona do park\u00f3w, skwer\u00f3w i stref dla pieszych. Stabilna, odporna na akty wandalizmu, z mo\u017cliwo\u015bci\u0105 regulacji bok\u00f3w wed\u0142ug \u017cyczenia klienta. Trwa\u0142e i estetyczne rozwi\u0105zanie od KOGA Bau.","robots":{"index":"noindex","follow":"follow","max-snippet":"max-snippet:-1","max-image-preview":"max-image-preview:large","max-video-preview":"max-video-preview:-1"},"og_locale":"pl_PL","og_type":"article","og_title":"Palmovka\u00ae \u2013 Miejska \u0142awka \u017celiwna o d\u0142ugiej \u017cywotno\u015bci | KOGA Bau","og_description":"Palmovka\u00ae to trwa\u0142a \u0142awka miejska wykonana z \u017celiwa i drewna, przeznaczona do park\u00f3w, skwer\u00f3w i stref dla pieszych. Stabilna, odporna na akty wandalizmu, z mo\u017cliwo\u015bci\u0105 regulacji bok\u00f3w wed\u0142ug \u017cyczenia klienta. Trwa\u0142e i estetyczne rozwi\u0105zanie od KOGA Bau.","og_url":"https:\/\/kogabau.facilitytest.sk\/pl\/palmovka\/","og_site_name":"KOGABAU","article_modified_time":"2025-11-10T21:32:27+00:00","og_image":[{"width":575,"height":580,"url":"https:\/\/kogabau.facilitytest.sk\/wp-content\/uploads\/2025\/10\/KoGaBau-Palmovka.png","type":"image\/png"}],"twitter_card":"summary_large_image","schema":{"@context":"https:\/\/schema.org","@graph":[{"@type":"WebPage","@id":"https:\/\/kogabau.facilitytest.sk\/pl\/palmovka\/","url":"https:\/\/kogabau.facilitytest.sk\/pl\/palmovka\/","name":"Palmovka\u00ae \u2013 Miejska \u0142awka \u017celiwna o d\u0142ugiej \u017cywotno\u015bci | KOGA Bau","isPartOf":{"@id":"https:\/\/kogabau.facilitytest.sk\/pl\/#website"},"primaryImageOfPage":{"@id":"https:\/\/kogabau.facilitytest.sk\/pl\/palmovka\/#primaryimage"},"image":{"@id":"https:\/\/kogabau.facilitytest.sk\/pl\/palmovka\/#primaryimage"},"thumbnailUrl":"https:\/\/kogabau.facilitytest.sk\/wp-content\/uploads\/2025\/10\/KoGaBau-Palmovka.png","datePublished":"2025-10-12T12:32:00+00:00","dateModified":"2025-11-10T21:32:27+00:00","description":"Palmovka\u00ae to trwa\u0142a \u0142awka miejska wykonana z \u017celiwa i drewna, przeznaczona do park\u00f3w, skwer\u00f3w i stref dla pieszych. Stabilna, odporna na akty wandalizmu, z mo\u017cliwo\u015bci\u0105 regulacji bok\u00f3w wed\u0142ug \u017cyczenia klienta. Trwa\u0142e i estetyczne rozwi\u0105zanie od KOGA Bau.","breadcrumb":{"@id":"https:\/\/kogabau.facilitytest.sk\/pl\/palmovka\/#breadcrumb"},"inLanguage":"pl-PL","potentialAction":[{"@type":"ReadAction","target":["https:\/\/kogabau.facilitytest.sk\/pl\/palmovka\/"]}]},{"@type":"ImageObject","inLanguage":"pl-PL","@id":"https:\/\/kogabau.facilitytest.sk\/pl\/palmovka\/#primaryimage","url":"https:\/\/kogabau.facilitytest.sk\/wp-content\/uploads\/2025\/10\/KoGaBau-Palmovka.png","contentUrl":"https:\/\/kogabau.facilitytest.sk\/wp-content\/uploads\/2025\/10\/KoGaBau-Palmovka.png"},{"@type":"BreadcrumbList","@id":"https:\/\/kogabau.facilitytest.sk\/pl\/palmovka\/#breadcrumb","itemListElement":[{"@type":"ListItem","position":1,"name":"Home","item":"https:\/\/kogabau.facilitytest.sk\/pl\/"},{"@type":"ListItem","position":2,"name":"Palmovka"}]},{"@type":"WebSite","@id":"https:\/\/kogabau.facilitytest.sk\/pl\/#website","url":"https:\/\/kogabau.facilitytest.sk\/pl\/","name":"KOGABAU","description":"","publisher":{"@id":"https:\/\/kogabau.facilitytest.sk\/pl\/#organization"},"potentialAction":[{"@type":"SearchAction","target":{"@type":"EntryPoint","urlTemplate":"https:\/\/kogabau.facilitytest.sk\/pl\/?s={search_term_string}"},"query-input":{"@type":"PropertyValueSpecification","valueRequired":true,"valueName":"search_term_string"}}],"inLanguage":"pl-PL"},{"@type":"Organization","@id":"https:\/\/kogabau.facilitytest.sk\/pl\/#organization","name":"KOGABAU","url":"https:\/\/kogabau.facilitytest.sk\/pl\/","logo":{"@type":"ImageObject","inLanguage":"pl-PL","@id":"https:\/\/kogabau.facilitytest.sk\/pl\/#\/schema\/logo\/image\/","url":"https:\/\/kogabau.facilitytest.sk\/wp-content\/uploads\/2021\/02\/KOGA-BAU-logo-cierne.png","contentUrl":"https:\/\/kogabau.facilitytest.sk\/wp-content\/uploads\/2021\/02\/KOGA-BAU-logo-cierne.png","width":516,"height":66,"caption":"KOGABAU"},"image":{"@id":"https:\/\/kogabau.facilitytest.sk\/pl\/#\/schema\/logo\/image\/"}}]}},"_links":{"self":[{"href":"https:\/\/kogabau.facilitytest.sk\/pl\/wp-json\/wp\/v2\/pages\/6307","targetHints":{"allow":["GET"]}}],"collection":[{"href":"https:\/\/kogabau.facilitytest.sk\/pl\/wp-json\/wp\/v2\/pages"}],"about":[{"href":"https:\/\/kogabau.facilitytest.sk\/pl\/wp-json\/wp\/v2\/types\/page"}],"author":[{"embeddable":true,"href":"https:\/\/kogabau.facilitytest.sk\/pl\/wp-json\/wp\/v2\/users\/16"}],"replies":[{"embeddable":true,"href":"https:\/\/kogabau.facilitytest.sk\/pl\/wp-json\/wp\/v2\/comments?post=6307"}],"version-history":[{"count":1,"href":"https:\/\/kogabau.facilitytest.sk\/pl\/wp-json\/wp\/v2\/pages\/6307\/revisions"}],"predecessor-version":[{"id":6308,"href":"https:\/\/kogabau.facilitytest.sk\/pl\/wp-json\/wp\/v2\/pages\/6307\/revisions\/6308"}],"wp:attachment":[{"href":"https:\/\/kogabau.facilitytest.sk\/pl\/wp-json\/wp\/v2\/media?parent=6307"}],"curies":[{"name":"wp","href":"https:\/\/api.w.org\/{rel}","templated":true}]}}