{"id":6292,"date":"2025-10-12T17:53:14","date_gmt":"2025-10-12T15:53:14","guid":{"rendered":"https:\/\/kogabau.facilitytest.sk\/odwodnienie-murow-oporowych\/"},"modified":"2025-11-10T22:22:07","modified_gmt":"2025-11-10T21:22:07","slug":"odwodnienie-murow-oporowych","status":"publish","type":"page","link":"https:\/\/kogabau.facilitytest.sk\/pl\/odwodnienie-murow-oporowych\/","title":{"rendered":"Odwodnienie mur\u00f3w oporowych"},"content":{"rendered":"\t\t<div data-elementor-type=\"wp-page\" data-elementor-id=\"6292\" class=\"elementor elementor-6292 elementor-1288\" data-elementor-post-type=\"page\">\n\t\t\t\t\t\t<section class=\"elementor-section elementor-top-section elementor-element elementor-element-784a618 elementor-section-boxed elementor-section-height-default elementor-section-height-default\" data-id=\"784a618\" data-element_type=\"section\" data-settings=\"{&quot;background_background&quot;:&quot;classic&quot;}\">\n\t\t\t\t\t\t<div class=\"elementor-container elementor-column-gap-default\">\n\t\t\t\t\t<div class=\"elementor-column elementor-col-100 elementor-top-column elementor-element elementor-element-7fc5934\" data-id=\"7fc5934\" data-element_type=\"column\">\n\t\t\t<div class=\"elementor-widget-wrap elementor-element-populated\">\n\t\t\t\t\t\t<div class=\"elementor-element elementor-element-0a962e1 elementor-widget elementor-widget-spacer\" data-id=\"0a962e1\" data-element_type=\"widget\" data-widget_type=\"spacer.default\">\n\t\t\t\t<div class=\"elementor-widget-container\">\n\t\t\t\t\t\t\t<div class=\"elementor-spacer\">\n\t\t\t<div class=\"elementor-spacer-inner\"><\/div>\n\t\t<\/div>\n\t\t\t\t\t\t<\/div>\n\t\t\t\t<\/div>\n\t\t\t\t<div class=\"elementor-element elementor-element-b8fdf79 elementor-widget elementor-widget-heading\" data-id=\"b8fdf79\" data-element_type=\"widget\" data-widget_type=\"heading.default\">\n\t\t\t\t<div class=\"elementor-widget-container\">\n\t\t\t\t\t<h1 class=\"elementor-heading-title elementor-size-default\">Odwodnienie mur\u00f3w oporowych<\/h1>\t\t\t\t<\/div>\n\t\t\t\t<\/div>\n\t\t\t\t\t<\/div>\n\t\t<\/div>\n\t\t\t\t\t<\/div>\n\t\t<\/section>\n\t\t\t\t<section class=\"elementor-section elementor-top-section elementor-element elementor-element-029ccea elementor-section-boxed elementor-section-height-default elementor-section-height-default\" data-id=\"029ccea\" data-element_type=\"section\" data-settings=\"{&quot;background_background&quot;:&quot;classic&quot;}\">\n\t\t\t\t\t\t<div class=\"elementor-container elementor-column-gap-default\">\n\t\t\t\t\t<div class=\"elementor-column elementor-col-50 elementor-top-column elementor-element elementor-element-44082c2\" data-id=\"44082c2\" data-element_type=\"column\">\n\t\t\t<div class=\"elementor-widget-wrap elementor-element-populated\">\n\t\t\t\t\t\t<div class=\"elementor-element elementor-element-da6f880 elementor-widget elementor-widget-heading\" data-id=\"da6f880\" data-element_type=\"widget\" data-widget_type=\"heading.default\">\n\t\t\t\t<div class=\"elementor-widget-container\">\n\t\t\t\t\t<h2 class=\"elementor-heading-title elementor-size-default\">Jizera<\/h2>\t\t\t\t<\/div>\n\t\t\t\t<\/div>\n\t\t\t\t<div class=\"elementor-element elementor-element-6ec7b05 elementor-widget elementor-widget-text-editor\" data-id=\"6ec7b05\" data-element_type=\"widget\" data-widget_type=\"text-editor.default\">\n\t\t\t\t<div class=\"elementor-widget-container\">\n\t\t\t\t\t\t\t\t\t<p>s\u0142u\u017cy do odwodnienia tylnych powierzchni podp\u00f3r, \u015bcian oporowych, skrzyde\u0142, fundament\u00f3w i podobnych cz\u0119\u015bci konstrukcji mostowych, kt\u00f3re b\u0119d\u0105 wype\u0142niane ziemi\u0105 i w kt\u00f3rych wymagana jest ochrona przed wilgoci\u0105 gruntow\u0105.<\/p>\t\t\t\t\t\t\t\t<\/div>\n\t\t\t\t<\/div>\n\t\t\t\t\t<\/div>\n\t\t<\/div>\n\t\t\t\t<div class=\"elementor-column elementor-col-50 elementor-top-column elementor-element elementor-element-cc0f3be\" data-id=\"cc0f3be\" data-element_type=\"column\">\n\t\t\t<div class=\"elementor-widget-wrap elementor-element-populated\">\n\t\t\t\t\t\t<div class=\"elementor-element elementor-element-52262fb elementor-widget elementor-widget-image\" data-id=\"52262fb\" data-element_type=\"widget\" data-widget_type=\"image.default\">\n\t\t\t\t<div class=\"elementor-widget-container\">\n\t\t\t\t\t\t\t\t\t\t\t\t\t\t\t<img fetchpriority=\"high\" decoding=\"async\" width=\"705\" height=\"391\" src=\"https:\/\/kogabau.facilitytest.sk\/wp-content\/uploads\/2025\/10\/kogabau-odvodnenie-opornych-murov\u200b-jizera.png\" class=\"attachment-full size-full wp-image-6289\" alt=\"\" srcset=\"https:\/\/kogabau.facilitytest.sk\/wp-content\/uploads\/2025\/10\/kogabau-odvodnenie-opornych-murov\u200b-jizera.png 705w, https:\/\/kogabau.facilitytest.sk\/wp-content\/uploads\/2025\/10\/kogabau-odvodnenie-opornych-murov\u200b-jizera-300x166.png 300w\" sizes=\"(max-width: 705px) 100vw, 705px\" \/>\t\t\t\t\t\t\t\t\t\t\t\t\t\t\t<\/div>\n\t\t\t\t<\/div>\n\t\t\t\t\t<\/div>\n\t\t<\/div>\n\t\t\t\t\t<\/div>\n\t\t<\/section>\n\t\t\t\t<section class=\"elementor-section elementor-top-section elementor-element elementor-element-183e24d elementor-section-boxed elementor-section-height-default elementor-section-height-default\" data-id=\"183e24d\" data-element_type=\"section\" data-settings=\"{&quot;background_background&quot;:&quot;classic&quot;}\">\n\t\t\t\t\t\t<div class=\"elementor-container elementor-column-gap-default\">\n\t\t\t\t\t<div class=\"elementor-column elementor-col-50 elementor-top-column elementor-element elementor-element-8c0c56f\" data-id=\"8c0c56f\" data-element_type=\"column\">\n\t\t\t<div class=\"elementor-widget-wrap elementor-element-populated\">\n\t\t\t\t\t\t<div class=\"elementor-element elementor-element-71b08fc elementor-widget elementor-widget-heading\" data-id=\"71b08fc\" data-element_type=\"widget\" data-widget_type=\"heading.default\">\n\t\t\t\t<div class=\"elementor-widget-container\">\n\t\t\t\t\t<h2 class=\"elementor-heading-title elementor-size-default\">Blatnica II<\/h2>\t\t\t\t<\/div>\n\t\t\t\t<\/div>\n\t\t\t\t<div class=\"elementor-element elementor-element-1c8cd3c elementor-widget elementor-widget-text-editor\" data-id=\"1c8cd3c\" data-element_type=\"widget\" data-widget_type=\"text-editor.default\">\n\t\t\t\t<div class=\"elementor-widget-container\">\n\t\t\t\t\t\t\t\t\t<p>S\u0142u\u017cy do odwodnienia podp\u00f3r no\u015bnych przycz\u00f3\u0142k\u00f3w mostowych. Gromadz\u0105ca si\u0119 woda, pod wp\u0142ywem ci\u015bnienia hydrostatycznego, powoduje zwi\u0119kszone napr\u0119\u017cenia w konstrukcjach i hydroizolacji, zw\u0142aszcza w uszczelnieniach, a jej agresywne dzia\u0142anie i zmiany obj\u0119to\u015bci podczas zamarzania i rozmarzania mog\u0105 uszkodzi\u0107 konstrukcj\u0119 i hydroizolacj\u0119. Rynna ze stali nierdzewnej zapewnia ochron\u0119 konstrukcji mostowych przed wilgoci\u0105 gruntow\u0105 i sp\u0142ywaj\u0105c\u0105 wod\u0105.  <\/p>\t\t\t\t\t\t\t\t<\/div>\n\t\t\t\t<\/div>\n\t\t\t\t\t<\/div>\n\t\t<\/div>\n\t\t\t\t<div class=\"elementor-column elementor-col-50 elementor-top-column elementor-element elementor-element-e66a171\" data-id=\"e66a171\" data-element_type=\"column\">\n\t\t\t<div class=\"elementor-widget-wrap elementor-element-populated\">\n\t\t\t\t\t\t<div class=\"elementor-element elementor-element-1bf05b8 elementor-widget elementor-widget-image\" data-id=\"1bf05b8\" data-element_type=\"widget\" data-widget_type=\"image.default\">\n\t\t\t\t<div class=\"elementor-widget-container\">\n\t\t\t\t\t\t\t\t\t\t\t\t\t\t\t<img decoding=\"async\" width=\"705\" height=\"391\" src=\"https:\/\/kogabau.facilitytest.sk\/wp-content\/uploads\/2025\/10\/kogabau-odvodnenie-opornych-murov\u200b-blanica.png\" class=\"attachment-full size-full wp-image-6290\" alt=\"\" srcset=\"https:\/\/kogabau.facilitytest.sk\/wp-content\/uploads\/2025\/10\/kogabau-odvodnenie-opornych-murov\u200b-blanica.png 705w, https:\/\/kogabau.facilitytest.sk\/wp-content\/uploads\/2025\/10\/kogabau-odvodnenie-opornych-murov\u200b-blanica-300x166.png 300w\" sizes=\"(max-width: 705px) 100vw, 705px\" \/>\t\t\t\t\t\t\t\t\t\t\t\t\t\t\t<\/div>\n\t\t\t\t<\/div>\n\t\t\t\t\t<\/div>\n\t\t<\/div>\n\t\t\t\t\t<\/div>\n\t\t<\/section>\n\t\t\t\t<section class=\"elementor-section elementor-top-section elementor-element elementor-element-ee868c0 elementor-section-boxed elementor-section-height-default elementor-section-height-default\" data-id=\"ee868c0\" data-element_type=\"section\" data-settings=\"{&quot;background_background&quot;:&quot;classic&quot;}\">\n\t\t\t\t\t\t<div class=\"elementor-container elementor-column-gap-default\">\n\t\t\t\t\t<div class=\"elementor-column elementor-col-50 elementor-top-column elementor-element elementor-element-de95fd4\" data-id=\"de95fd4\" data-element_type=\"column\">\n\t\t\t<div class=\"elementor-widget-wrap elementor-element-populated\">\n\t\t\t\t\t\t<div class=\"elementor-element elementor-element-96057b4 elementor-widget elementor-widget-heading\" data-id=\"96057b4\" data-element_type=\"widget\" data-widget_type=\"heading.default\">\n\t\t\t\t<div class=\"elementor-widget-container\">\n\t\t\t\t\t<h2 class=\"elementor-heading-title elementor-size-default\">Armatura do odwodnienia mur\u00f3w oporowych<\/h2>\t\t\t\t<\/div>\n\t\t\t\t<\/div>\n\t\t\t\t<div class=\"elementor-element elementor-element-00dd869 elementor-widget elementor-widget-text-editor\" data-id=\"00dd869\" data-element_type=\"widget\" data-widget_type=\"text-editor.default\">\n\t\t\t\t<div class=\"elementor-widget-container\">\n\t\t\t\t\t\t\t\t\t<p>Oferujemy nietypowe kszta\u0142tki do odp\u0142yw\u00f3w odwodnie\u0144 poza konstrukcj\u0119 muru oporowego. Dostarczamy kszta\u0142tki proste, k\u0105towe oraz z zaworem zwrotnym. Dostarczane przez nas kszta\u0142tki s\u0105 odporne na promieniowanie UV, co gwarantuje d\u0142ug\u0105 \u017cywotno\u015b\u0107 i estetyk\u0119.  <\/p>\t\t\t\t\t\t\t\t<\/div>\n\t\t\t\t<\/div>\n\t\t\t\t\t<\/div>\n\t\t<\/div>\n\t\t\t\t<div class=\"elementor-column elementor-col-50 elementor-top-column elementor-element elementor-element-d8ef5c9\" data-id=\"d8ef5c9\" data-element_type=\"column\">\n\t\t\t<div class=\"elementor-widget-wrap elementor-element-populated\">\n\t\t\t\t\t\t<div class=\"elementor-element elementor-element-5b01d54 elementor-widget elementor-widget-image\" data-id=\"5b01d54\" data-element_type=\"widget\" data-widget_type=\"image.default\">\n\t\t\t\t<div class=\"elementor-widget-container\">\n\t\t\t\t\t\t\t\t\t\t\t\t\t\t\t<img decoding=\"async\" width=\"678\" height=\"522\" src=\"https:\/\/kogabau.facilitytest.sk\/wp-content\/uploads\/2025\/10\/KOGA-Bau-Tvarovky-pre-odvodnenie-opornych-murov-1.png\" class=\"attachment-full size-full wp-image-6291\" alt=\"\" srcset=\"https:\/\/kogabau.facilitytest.sk\/wp-content\/uploads\/2025\/10\/KOGA-Bau-Tvarovky-pre-odvodnenie-opornych-murov-1.png 678w, https:\/\/kogabau.facilitytest.sk\/wp-content\/uploads\/2025\/10\/KOGA-Bau-Tvarovky-pre-odvodnenie-opornych-murov-1-300x231.png 300w\" sizes=\"(max-width: 678px) 100vw, 678px\" \/>\t\t\t\t\t\t\t\t\t\t\t\t\t\t\t<\/div>\n\t\t\t\t<\/div>\n\t\t\t\t\t<\/div>\n\t\t<\/div>\n\t\t\t\t\t<\/div>\n\t\t<\/section>\n\t\t\t\t<\/div>\n\t\t","protected":false},"excerpt":{"rendered":"<p>Odwodnienie mur\u00f3w oporowych Jizera s\u0142u\u017cy do odwodnienia tylnych powierzchni podp\u00f3r, \u015bcian oporowych, skrzyde\u0142, fundament\u00f3w i podobnych cz\u0119\u015bci konstrukcji mostowych, kt\u00f3re b\u0119d\u0105 wype\u0142niane ziemi\u0105 i w kt\u00f3rych wymagana jest ochrona przed wilgoci\u0105 gruntow\u0105. Blatnica II S\u0142u\u017cy do odwodnienia podp\u00f3r no\u015bnych przycz\u00f3\u0142k\u00f3w mostowych. Gromadz\u0105ca si\u0119 woda, pod wp\u0142ywem ci\u015bnienia hydrostatycznego, powoduje zwi\u0119kszone napr\u0119\u017cenia w konstrukcjach i hydroizolacji, [&hellip;]<\/p>\n","protected":false},"author":15,"featured_media":0,"parent":0,"menu_order":0,"comment_status":"closed","ping_status":"closed","template":"","meta":{"footnotes":""},"class_list":["post-6292","page","type-page","status-publish","hentry"],"yoast_head":"<!-- This site is optimized with the Yoast SEO plugin v26.2 - https:\/\/yoast.com\/wordpress\/plugins\/seo\/ -->\n<title>Odwodnienie \u015bcian oporowych Jizera Blatnica Kszta\u0142tki drena\u017coweII | Kszta\u0142tki drena\u017cowe | KOGA Bau<\/title>\n<meta name=\"description\" content=\"Kompleksowe rozwi\u0105zania odwodnie\u0144 mur\u00f3w oporowych: elementy \u017celiwne Izera, rynna ze stali nierdzewnej Blatnica II oraz nietypowe kszta\u0142tki odwodnieniowe odporne na promieniowanie UV. Niezawodna ochrona konstrukcji mostowych przed wilgoci\u0105 i naporem wody. KOGA Bau \u2013 profesjonalne systemy odwodnie\u0144.\" \/>\n<meta name=\"robots\" content=\"noindex, follow, max-snippet:-1, max-image-preview:large, max-video-preview:-1\" \/>\n<meta property=\"og:locale\" content=\"pl_PL\" \/>\n<meta property=\"og:type\" content=\"article\" \/>\n<meta property=\"og:title\" content=\"Odwodnienie \u015bcian oporowych Jizera Blatnica Kszta\u0142tki drena\u017coweII | Kszta\u0142tki drena\u017cowe | KOGA Bau\" \/>\n<meta property=\"og:description\" content=\"Kompleksowe rozwi\u0105zania odwodnie\u0144 mur\u00f3w oporowych: elementy \u017celiwne Izera, rynna ze stali nierdzewnej Blatnica II oraz nietypowe kszta\u0142tki odwodnieniowe odporne na promieniowanie UV. Niezawodna ochrona konstrukcji mostowych przed wilgoci\u0105 i naporem wody. KOGA Bau \u2013 profesjonalne systemy odwodnie\u0144.\" \/>\n<meta property=\"og:url\" content=\"https:\/\/kogabau.facilitytest.sk\/pl\/odwodnienie-murow-oporowych\/\" \/>\n<meta property=\"og:site_name\" content=\"KOGABAU\" \/>\n<meta property=\"article:modified_time\" content=\"2025-11-10T21:22:07+00:00\" \/>\n<meta property=\"og:image\" content=\"https:\/\/kogabau.facilitytest.sk\/wp-content\/uploads\/2025\/10\/KOGA-Bau-Tvarovky-pre-odvodnenie-opornych-murov-1.png\" \/>\n<meta name=\"twitter:card\" content=\"summary_large_image\" \/>\n<meta name=\"twitter:label1\" content=\"Szacowany czas czytania\" \/>\n\t<meta name=\"twitter:data1\" content=\"1 minuta\" \/>\n<script type=\"application\/ld+json\" class=\"yoast-schema-graph\">{\"@context\":\"https:\/\/schema.org\",\"@graph\":[{\"@type\":\"WebPage\",\"@id\":\"https:\/\/kogabau.facilitytest.sk\/pl\/odwodnienie-murow-oporowych\/\",\"url\":\"https:\/\/kogabau.facilitytest.sk\/pl\/odwodnienie-murow-oporowych\/\",\"name\":\"Odwodnienie \u015bcian oporowych Jizera Blatnica Kszta\u0142tki drena\u017coweII | Kszta\u0142tki drena\u017cowe | KOGA Bau\",\"isPartOf\":{\"@id\":\"https:\/\/kogabau.facilitytest.sk\/pl\/#website\"},\"primaryImageOfPage\":{\"@id\":\"https:\/\/kogabau.facilitytest.sk\/pl\/odwodnienie-murow-oporowych\/#primaryimage\"},\"image\":{\"@id\":\"https:\/\/kogabau.facilitytest.sk\/pl\/odwodnienie-murow-oporowych\/#primaryimage\"},\"thumbnailUrl\":\"https:\/\/kogabau.facilitytest.sk\/wp-content\/uploads\/2025\/10\/KOGA-Bau-Tvarovky-pre-odvodnenie-opornych-murov-1.png\",\"datePublished\":\"2025-10-12T15:53:14+00:00\",\"dateModified\":\"2025-11-10T21:22:07+00:00\",\"description\":\"Kompleksowe rozwi\u0105zania odwodnie\u0144 mur\u00f3w oporowych: elementy \u017celiwne Izera, rynna ze stali nierdzewnej Blatnica II oraz nietypowe kszta\u0142tki odwodnieniowe odporne na promieniowanie UV. Niezawodna ochrona konstrukcji mostowych przed wilgoci\u0105 i naporem wody. KOGA Bau \u2013 profesjonalne systemy odwodnie\u0144.\",\"breadcrumb\":{\"@id\":\"https:\/\/kogabau.facilitytest.sk\/pl\/odwodnienie-murow-oporowych\/#breadcrumb\"},\"inLanguage\":\"pl-PL\",\"potentialAction\":[{\"@type\":\"ReadAction\",\"target\":[\"https:\/\/kogabau.facilitytest.sk\/pl\/odwodnienie-murow-oporowych\/\"]}]},{\"@type\":\"ImageObject\",\"inLanguage\":\"pl-PL\",\"@id\":\"https:\/\/kogabau.facilitytest.sk\/pl\/odwodnienie-murow-oporowych\/#primaryimage\",\"url\":\"https:\/\/kogabau.facilitytest.sk\/wp-content\/uploads\/2025\/10\/KOGA-Bau-Tvarovky-pre-odvodnenie-opornych-murov-1.png\",\"contentUrl\":\"https:\/\/kogabau.facilitytest.sk\/wp-content\/uploads\/2025\/10\/KOGA-Bau-Tvarovky-pre-odvodnenie-opornych-murov-1.png\"},{\"@type\":\"BreadcrumbList\",\"@id\":\"https:\/\/kogabau.facilitytest.sk\/pl\/odwodnienie-murow-oporowych\/#breadcrumb\",\"itemListElement\":[{\"@type\":\"ListItem\",\"position\":1,\"name\":\"Home\",\"item\":\"https:\/\/kogabau.facilitytest.sk\/pl\/\"},{\"@type\":\"ListItem\",\"position\":2,\"name\":\"Odwodnienie mur\u00f3w oporowych\"}]},{\"@type\":\"WebSite\",\"@id\":\"https:\/\/kogabau.facilitytest.sk\/pl\/#website\",\"url\":\"https:\/\/kogabau.facilitytest.sk\/pl\/\",\"name\":\"KOGABAU\",\"description\":\"\",\"publisher\":{\"@id\":\"https:\/\/kogabau.facilitytest.sk\/pl\/#organization\"},\"potentialAction\":[{\"@type\":\"SearchAction\",\"target\":{\"@type\":\"EntryPoint\",\"urlTemplate\":\"https:\/\/kogabau.facilitytest.sk\/pl\/?s={search_term_string}\"},\"query-input\":{\"@type\":\"PropertyValueSpecification\",\"valueRequired\":true,\"valueName\":\"search_term_string\"}}],\"inLanguage\":\"pl-PL\"},{\"@type\":\"Organization\",\"@id\":\"https:\/\/kogabau.facilitytest.sk\/pl\/#organization\",\"name\":\"KOGABAU\",\"url\":\"https:\/\/kogabau.facilitytest.sk\/pl\/\",\"logo\":{\"@type\":\"ImageObject\",\"inLanguage\":\"pl-PL\",\"@id\":\"https:\/\/kogabau.facilitytest.sk\/pl\/#\/schema\/logo\/image\/\",\"url\":\"https:\/\/kogabau.facilitytest.sk\/wp-content\/uploads\/2021\/02\/KOGA-BAU-logo-cierne.png\",\"contentUrl\":\"https:\/\/kogabau.facilitytest.sk\/wp-content\/uploads\/2021\/02\/KOGA-BAU-logo-cierne.png\",\"width\":516,\"height\":66,\"caption\":\"KOGABAU\"},\"image\":{\"@id\":\"https:\/\/kogabau.facilitytest.sk\/pl\/#\/schema\/logo\/image\/\"}}]}<\/script>\n<!-- \/ Yoast SEO plugin. -->","yoast_head_json":{"title":"Odwodnienie \u015bcian oporowych Jizera Blatnica Kszta\u0142tki drena\u017coweII | Kszta\u0142tki drena\u017cowe | KOGA Bau","description":"Kompleksowe rozwi\u0105zania odwodnie\u0144 mur\u00f3w oporowych: elementy \u017celiwne Izera, rynna ze stali nierdzewnej Blatnica II oraz nietypowe kszta\u0142tki odwodnieniowe odporne na promieniowanie UV. Niezawodna ochrona konstrukcji mostowych przed wilgoci\u0105 i naporem wody. KOGA Bau \u2013 profesjonalne systemy odwodnie\u0144.","robots":{"index":"noindex","follow":"follow","max-snippet":"max-snippet:-1","max-image-preview":"max-image-preview:large","max-video-preview":"max-video-preview:-1"},"og_locale":"pl_PL","og_type":"article","og_title":"Odwodnienie \u015bcian oporowych Jizera Blatnica Kszta\u0142tki drena\u017coweII | Kszta\u0142tki drena\u017cowe | KOGA Bau","og_description":"Kompleksowe rozwi\u0105zania odwodnie\u0144 mur\u00f3w oporowych: elementy \u017celiwne Izera, rynna ze stali nierdzewnej Blatnica II oraz nietypowe kszta\u0142tki odwodnieniowe odporne na promieniowanie UV. Niezawodna ochrona konstrukcji mostowych przed wilgoci\u0105 i naporem wody. KOGA Bau \u2013 profesjonalne systemy odwodnie\u0144.","og_url":"https:\/\/kogabau.facilitytest.sk\/pl\/odwodnienie-murow-oporowych\/","og_site_name":"KOGABAU","article_modified_time":"2025-11-10T21:22:07+00:00","og_image":[{"url":"https:\/\/kogabau.facilitytest.sk\/wp-content\/uploads\/2025\/10\/KOGA-Bau-Tvarovky-pre-odvodnenie-opornych-murov-1.png","type":"","width":"","height":""}],"twitter_card":"summary_large_image","twitter_misc":{"Szacowany czas czytania":"1 minuta"},"schema":{"@context":"https:\/\/schema.org","@graph":[{"@type":"WebPage","@id":"https:\/\/kogabau.facilitytest.sk\/pl\/odwodnienie-murow-oporowych\/","url":"https:\/\/kogabau.facilitytest.sk\/pl\/odwodnienie-murow-oporowych\/","name":"Odwodnienie \u015bcian oporowych Jizera Blatnica Kszta\u0142tki drena\u017coweII | Kszta\u0142tki drena\u017cowe | KOGA Bau","isPartOf":{"@id":"https:\/\/kogabau.facilitytest.sk\/pl\/#website"},"primaryImageOfPage":{"@id":"https:\/\/kogabau.facilitytest.sk\/pl\/odwodnienie-murow-oporowych\/#primaryimage"},"image":{"@id":"https:\/\/kogabau.facilitytest.sk\/pl\/odwodnienie-murow-oporowych\/#primaryimage"},"thumbnailUrl":"https:\/\/kogabau.facilitytest.sk\/wp-content\/uploads\/2025\/10\/KOGA-Bau-Tvarovky-pre-odvodnenie-opornych-murov-1.png","datePublished":"2025-10-12T15:53:14+00:00","dateModified":"2025-11-10T21:22:07+00:00","description":"Kompleksowe rozwi\u0105zania odwodnie\u0144 mur\u00f3w oporowych: elementy \u017celiwne Izera, rynna ze stali nierdzewnej Blatnica II oraz nietypowe kszta\u0142tki odwodnieniowe odporne na promieniowanie UV. Niezawodna ochrona konstrukcji mostowych przed wilgoci\u0105 i naporem wody. KOGA Bau \u2013 profesjonalne systemy odwodnie\u0144.","breadcrumb":{"@id":"https:\/\/kogabau.facilitytest.sk\/pl\/odwodnienie-murow-oporowych\/#breadcrumb"},"inLanguage":"pl-PL","potentialAction":[{"@type":"ReadAction","target":["https:\/\/kogabau.facilitytest.sk\/pl\/odwodnienie-murow-oporowych\/"]}]},{"@type":"ImageObject","inLanguage":"pl-PL","@id":"https:\/\/kogabau.facilitytest.sk\/pl\/odwodnienie-murow-oporowych\/#primaryimage","url":"https:\/\/kogabau.facilitytest.sk\/wp-content\/uploads\/2025\/10\/KOGA-Bau-Tvarovky-pre-odvodnenie-opornych-murov-1.png","contentUrl":"https:\/\/kogabau.facilitytest.sk\/wp-content\/uploads\/2025\/10\/KOGA-Bau-Tvarovky-pre-odvodnenie-opornych-murov-1.png"},{"@type":"BreadcrumbList","@id":"https:\/\/kogabau.facilitytest.sk\/pl\/odwodnienie-murow-oporowych\/#breadcrumb","itemListElement":[{"@type":"ListItem","position":1,"name":"Home","item":"https:\/\/kogabau.facilitytest.sk\/pl\/"},{"@type":"ListItem","position":2,"name":"Odwodnienie mur\u00f3w oporowych"}]},{"@type":"WebSite","@id":"https:\/\/kogabau.facilitytest.sk\/pl\/#website","url":"https:\/\/kogabau.facilitytest.sk\/pl\/","name":"KOGABAU","description":"","publisher":{"@id":"https:\/\/kogabau.facilitytest.sk\/pl\/#organization"},"potentialAction":[{"@type":"SearchAction","target":{"@type":"EntryPoint","urlTemplate":"https:\/\/kogabau.facilitytest.sk\/pl\/?s={search_term_string}"},"query-input":{"@type":"PropertyValueSpecification","valueRequired":true,"valueName":"search_term_string"}}],"inLanguage":"pl-PL"},{"@type":"Organization","@id":"https:\/\/kogabau.facilitytest.sk\/pl\/#organization","name":"KOGABAU","url":"https:\/\/kogabau.facilitytest.sk\/pl\/","logo":{"@type":"ImageObject","inLanguage":"pl-PL","@id":"https:\/\/kogabau.facilitytest.sk\/pl\/#\/schema\/logo\/image\/","url":"https:\/\/kogabau.facilitytest.sk\/wp-content\/uploads\/2021\/02\/KOGA-BAU-logo-cierne.png","contentUrl":"https:\/\/kogabau.facilitytest.sk\/wp-content\/uploads\/2021\/02\/KOGA-BAU-logo-cierne.png","width":516,"height":66,"caption":"KOGABAU"},"image":{"@id":"https:\/\/kogabau.facilitytest.sk\/pl\/#\/schema\/logo\/image\/"}}]}},"_links":{"self":[{"href":"https:\/\/kogabau.facilitytest.sk\/pl\/wp-json\/wp\/v2\/pages\/6292","targetHints":{"allow":["GET"]}}],"collection":[{"href":"https:\/\/kogabau.facilitytest.sk\/pl\/wp-json\/wp\/v2\/pages"}],"about":[{"href":"https:\/\/kogabau.facilitytest.sk\/pl\/wp-json\/wp\/v2\/types\/page"}],"author":[{"embeddable":true,"href":"https:\/\/kogabau.facilitytest.sk\/pl\/wp-json\/wp\/v2\/users\/15"}],"replies":[{"embeddable":true,"href":"https:\/\/kogabau.facilitytest.sk\/pl\/wp-json\/wp\/v2\/comments?post=6292"}],"version-history":[{"count":1,"href":"https:\/\/kogabau.facilitytest.sk\/pl\/wp-json\/wp\/v2\/pages\/6292\/revisions"}],"predecessor-version":[{"id":6294,"href":"https:\/\/kogabau.facilitytest.sk\/pl\/wp-json\/wp\/v2\/pages\/6292\/revisions\/6294"}],"wp:attachment":[{"href":"https:\/\/kogabau.facilitytest.sk\/pl\/wp-json\/wp\/v2\/media?parent=6292"}],"curies":[{"name":"wp","href":"https:\/\/api.w.org\/{rel}","templated":true}]}}