{"id":6241,"date":"2025-10-11T11:09:21","date_gmt":"2025-10-11T09:09:21","guid":{"rendered":"https:\/\/kogabau.facilitytest.sk\/moravka-b\/"},"modified":"2025-11-10T20:33:06","modified_gmt":"2025-11-10T19:33:06","slug":"moravka-b","status":"publish","type":"page","link":"https:\/\/kogabau.facilitytest.sk\/pl\/moravka-b\/","title":{"rendered":"Moravka B"},"content":{"rendered":"\t\t<div data-elementor-type=\"wp-page\" data-elementor-id=\"6241\" class=\"elementor elementor-6241 elementor-795\" data-elementor-post-type=\"page\">\n\t\t\t\t\t\t<section class=\"elementor-section elementor-top-section elementor-element elementor-element-8c5cc58 elementor-section-boxed elementor-section-height-default elementor-section-height-default\" data-id=\"8c5cc58\" data-element_type=\"section\" data-settings=\"{&quot;background_background&quot;:&quot;classic&quot;}\">\n\t\t\t\t\t\t<div class=\"elementor-container elementor-column-gap-default\">\n\t\t\t\t\t<div class=\"elementor-column elementor-col-100 elementor-top-column elementor-element elementor-element-4c061b6\" data-id=\"4c061b6\" data-element_type=\"column\">\n\t\t\t<div class=\"elementor-widget-wrap elementor-element-populated\">\n\t\t\t\t\t\t<div class=\"elementor-element elementor-element-efc54a5 elementor-widget elementor-widget-spacer\" data-id=\"efc54a5\" data-element_type=\"widget\" data-widget_type=\"spacer.default\">\n\t\t\t\t<div class=\"elementor-widget-container\">\n\t\t\t\t\t\t\t<div class=\"elementor-spacer\">\n\t\t\t<div class=\"elementor-spacer-inner\"><\/div>\n\t\t<\/div>\n\t\t\t\t\t\t<\/div>\n\t\t\t\t<\/div>\n\t\t\t\t<div class=\"elementor-element elementor-element-db8ba8f elementor-widget elementor-widget-heading\" data-id=\"db8ba8f\" data-element_type=\"widget\" data-widget_type=\"heading.default\">\n\t\t\t\t<div class=\"elementor-widget-container\">\n\t\t\t\t\t<h1 class=\"elementor-heading-title elementor-size-default\">Moravka B\u00ae<\/h1>\t\t\t\t<\/div>\n\t\t\t\t<\/div>\n\t\t\t\t\t<\/div>\n\t\t<\/div>\n\t\t\t\t\t<\/div>\n\t\t<\/section>\n\t\t\t\t<section class=\"elementor-section elementor-top-section elementor-element elementor-element-6606034 elementor-reverse-tablet elementor-reverse-mobile elementor-section-boxed elementor-section-height-default elementor-section-height-default\" data-id=\"6606034\" data-element_type=\"section\" data-settings=\"{&quot;background_background&quot;:&quot;classic&quot;}\">\n\t\t\t\t\t\t<div class=\"elementor-container elementor-column-gap-default\">\n\t\t\t\t\t<div class=\"elementor-column elementor-col-50 elementor-top-column elementor-element elementor-element-ea36663\" data-id=\"ea36663\" data-element_type=\"column\">\n\t\t\t<div class=\"elementor-widget-wrap elementor-element-populated\">\n\t\t\t\t\t\t<div class=\"elementor-element elementor-element-b6169b0 elementor-widget elementor-widget-text-editor\" data-id=\"b6169b0\" data-element_type=\"widget\" data-widget_type=\"text-editor.default\">\n\t\t\t\t<div class=\"elementor-widget-container\">\n\t\t\t\t\t\t\t\t\t<p>Produkty \u2013 Wpusty mostowe Vl\u010dek-KOGA \u2013 Moravka\u00ae<\/p><p>Moravka\u00ae \u2013 B<br>Odwodnienia mostowe dla most\u00f3w kolejowych z podbudow\u0105 \u017cwirow\u0105.<\/p><p>Stosuje si\u0119 j\u0105 do odwodnienia podbudowy \u017cwirowej most\u00f3w kolejowych i tramwajowych lub do odwodnienia izolacji spod pod\u0142o\u017ca \u017cwirowego obiekt\u00f3w mostowych o nawierzchni kamiennej.<\/p>\t\t\t\t\t\t\t\t<\/div>\n\t\t\t\t<\/div>\n\t\t\t\t\t<\/div>\n\t\t<\/div>\n\t\t\t\t<div class=\"elementor-column elementor-col-50 elementor-top-column elementor-element elementor-element-215eb55\" data-id=\"215eb55\" data-element_type=\"column\" data-settings=\"{&quot;background_background&quot;:&quot;classic&quot;}\">\n\t\t\t<div class=\"elementor-widget-wrap elementor-element-populated\">\n\t\t\t\t\t\t<div class=\"elementor-element elementor-element-4536708 elementor-widget elementor-widget-image\" data-id=\"4536708\" data-element_type=\"widget\" data-widget_type=\"image.default\">\n\t\t\t\t<div class=\"elementor-widget-container\">\n\t\t\t\t\t\t\t\t\t\t\t\t\t\t\t<img fetchpriority=\"high\" decoding=\"async\" width=\"464\" height=\"468\" src=\"https:\/\/kogabau.facilitytest.sk\/wp-content\/uploads\/2025\/10\/KOGABAU-Moravka-B-foto-1-1.png\" class=\"attachment-full size-full wp-image-6240\" alt=\"\" srcset=\"https:\/\/kogabau.facilitytest.sk\/wp-content\/uploads\/2025\/10\/KOGABAU-Moravka-B-foto-1-1.png 464w, https:\/\/kogabau.facilitytest.sk\/wp-content\/uploads\/2025\/10\/KOGABAU-Moravka-B-foto-1-1-297x300.png 297w, https:\/\/kogabau.facilitytest.sk\/wp-content\/uploads\/2025\/10\/KOGABAU-Moravka-B-foto-1-1-150x150.png 150w\" sizes=\"(max-width: 464px) 100vw, 464px\" \/>\t\t\t\t\t\t\t\t\t\t\t\t\t\t\t<\/div>\n\t\t\t\t<\/div>\n\t\t\t\t\t<\/div>\n\t\t<\/div>\n\t\t\t\t\t<\/div>\n\t\t<\/section>\n\t\t\t\t<section class=\"elementor-section elementor-top-section elementor-element elementor-element-710cf83 horizontale elementor-section-boxed elementor-section-height-default elementor-section-height-default\" data-id=\"710cf83\" data-element_type=\"section\" data-settings=\"{&quot;background_background&quot;:&quot;classic&quot;}\">\n\t\t\t\t\t\t<div class=\"elementor-container elementor-column-gap-default\">\n\t\t\t\t\t<div class=\"elementor-column elementor-col-100 elementor-top-column elementor-element elementor-element-ede8826\" data-id=\"ede8826\" data-element_type=\"column\">\n\t\t\t<div class=\"elementor-widget-wrap elementor-element-populated\">\n\t\t\t\t\t\t<section class=\"elementor-section elementor-inner-section elementor-element elementor-element-703bbc6 elementor-section-boxed elementor-section-height-default elementor-section-height-default\" data-id=\"703bbc6\" data-element_type=\"section\" data-settings=\"{&quot;background_background&quot;:&quot;classic&quot;}\">\n\t\t\t\t\t\t<div class=\"elementor-container elementor-column-gap-default\">\n\t\t\t\t\t<div class=\"elementor-column elementor-col-50 elementor-inner-column elementor-element elementor-element-fc7fb44\" data-id=\"fc7fb44\" data-element_type=\"column\">\n\t\t\t<div class=\"elementor-widget-wrap elementor-element-populated\">\n\t\t\t\t\t\t<div class=\"elementor-element elementor-element-69468fc elementor-widget elementor-widget-heading\" data-id=\"69468fc\" data-element_type=\"widget\" data-widget_type=\"heading.default\">\n\t\t\t\t<div class=\"elementor-widget-container\">\n\t\t\t\t\t<h2 class=\"elementor-heading-title elementor-size-default\">Opis:<\/h2>\t\t\t\t<\/div>\n\t\t\t\t<\/div>\n\t\t\t\t\t<\/div>\n\t\t<\/div>\n\t\t\t\t<div class=\"elementor-column elementor-col-50 elementor-inner-column elementor-element elementor-element-1aceaf1\" data-id=\"1aceaf1\" data-element_type=\"column\">\n\t\t\t<div class=\"elementor-widget-wrap elementor-element-populated\">\n\t\t\t\t\t\t<div class=\"elementor-element elementor-element-119496c elementor-widget elementor-widget-text-editor\" data-id=\"119496c\" data-element_type=\"widget\" data-widget_type=\"text-editor.default\">\n\t\t\t\t<div class=\"elementor-widget-container\">\n\t\t\t\t\t\t\t\t\t<p>Odp\u0142yw stalowy z mo\u017cliwo\u015bci\u0105 przed\u0142u\u017cenia wed\u0142ug wymaga\u0144 klienta.<\/p>\t\t\t\t\t\t\t\t<\/div>\n\t\t\t\t<\/div>\n\t\t\t\t\t<\/div>\n\t\t<\/div>\n\t\t\t\t\t<\/div>\n\t\t<\/section>\n\t\t\t\t<section class=\"elementor-section elementor-inner-section elementor-element elementor-element-eaac63c elementor-section-boxed elementor-section-height-default elementor-section-height-default\" data-id=\"eaac63c\" data-element_type=\"section\" data-settings=\"{&quot;background_background&quot;:&quot;classic&quot;}\">\n\t\t\t\t\t\t<div class=\"elementor-container elementor-column-gap-default\">\n\t\t\t\t\t<div class=\"elementor-column elementor-col-50 elementor-inner-column elementor-element elementor-element-81d0bcf\" data-id=\"81d0bcf\" data-element_type=\"column\">\n\t\t\t<div class=\"elementor-widget-wrap elementor-element-populated\">\n\t\t\t\t\t\t<div class=\"elementor-element elementor-element-055f7cd elementor-widget elementor-widget-heading\" data-id=\"055f7cd\" data-element_type=\"widget\" data-widget_type=\"heading.default\">\n\t\t\t\t<div class=\"elementor-widget-container\">\n\t\t\t\t\t<h2 class=\"elementor-heading-title elementor-size-default\">Tworzywo:<\/h2>\t\t\t\t<\/div>\n\t\t\t\t<\/div>\n\t\t\t\t\t<\/div>\n\t\t<\/div>\n\t\t\t\t<div class=\"elementor-column elementor-col-50 elementor-inner-column elementor-element elementor-element-8eb6941\" data-id=\"8eb6941\" data-element_type=\"column\">\n\t\t\t<div class=\"elementor-widget-wrap elementor-element-populated\">\n\t\t\t\t\t\t<div class=\"elementor-element elementor-element-ab48784 elementor-widget elementor-widget-text-editor\" data-id=\"ab48784\" data-element_type=\"widget\" data-widget_type=\"text-editor.default\">\n\t\t\t\t<div class=\"elementor-widget-container\">\n\t\t\t\t\t\t\t\t\t<p>stal nierdzewna 1.4404 lub 1.4571<\/p>\t\t\t\t\t\t\t\t<\/div>\n\t\t\t\t<\/div>\n\t\t\t\t\t<\/div>\n\t\t<\/div>\n\t\t\t\t\t<\/div>\n\t\t<\/section>\n\t\t\t\t<section class=\"elementor-section elementor-inner-section elementor-element elementor-element-6080928 elementor-section-boxed elementor-section-height-default elementor-section-height-default\" data-id=\"6080928\" data-element_type=\"section\" data-settings=\"{&quot;background_background&quot;:&quot;classic&quot;}\">\n\t\t\t\t\t\t<div class=\"elementor-container elementor-column-gap-default\">\n\t\t\t\t\t<div class=\"elementor-column elementor-col-50 elementor-inner-column elementor-element elementor-element-29a469c\" data-id=\"29a469c\" data-element_type=\"column\">\n\t\t\t<div class=\"elementor-widget-wrap elementor-element-populated\">\n\t\t\t\t\t\t<div class=\"elementor-element elementor-element-86b4ad9 elementor-widget elementor-widget-heading\" data-id=\"86b4ad9\" data-element_type=\"widget\" data-widget_type=\"heading.default\">\n\t\t\t\t<div class=\"elementor-widget-container\">\n\t\t\t\t\t<h2 class=\"elementor-heading-title elementor-size-default\">Waga:<\/h2>\t\t\t\t<\/div>\n\t\t\t\t<\/div>\n\t\t\t\t\t<\/div>\n\t\t<\/div>\n\t\t\t\t<div class=\"elementor-column elementor-col-50 elementor-inner-column elementor-element elementor-element-91522e7\" data-id=\"91522e7\" data-element_type=\"column\">\n\t\t\t<div class=\"elementor-widget-wrap elementor-element-populated\">\n\t\t\t\t\t\t<div class=\"elementor-element elementor-element-9f184f1 elementor-widget elementor-widget-text-editor\" data-id=\"9f184f1\" data-element_type=\"widget\" data-widget_type=\"text-editor.default\">\n\t\t\t\t<div class=\"elementor-widget-container\">\n\t\t\t\t\t\t\t\t\t<p>9 kg<\/p>\t\t\t\t\t\t\t\t<\/div>\n\t\t\t\t<\/div>\n\t\t\t\t\t<\/div>\n\t\t<\/div>\n\t\t\t\t\t<\/div>\n\t\t<\/section>\n\t\t\t\t<section class=\"elementor-section elementor-inner-section elementor-element elementor-element-6cc14ec elementor-section-boxed elementor-section-height-default elementor-section-height-default\" data-id=\"6cc14ec\" data-element_type=\"section\" data-settings=\"{&quot;background_background&quot;:&quot;classic&quot;}\">\n\t\t\t\t\t\t<div class=\"elementor-container elementor-column-gap-default\">\n\t\t\t\t\t<div class=\"elementor-column elementor-col-50 elementor-inner-column elementor-element elementor-element-a521f6a\" data-id=\"a521f6a\" data-element_type=\"column\">\n\t\t\t<div class=\"elementor-widget-wrap elementor-element-populated\">\n\t\t\t\t\t\t<div class=\"elementor-element elementor-element-d1f4e83 elementor-widget elementor-widget-heading\" data-id=\"d1f4e83\" data-element_type=\"widget\" data-widget_type=\"heading.default\">\n\t\t\t\t<div class=\"elementor-widget-container\">\n\t\t\t\t\t<h2 class=\"elementor-heading-title elementor-size-default\">Wymiar zewn\u0119trzny:<\/h2>\t\t\t\t<\/div>\n\t\t\t\t<\/div>\n\t\t\t\t\t<\/div>\n\t\t<\/div>\n\t\t\t\t<div class=\"elementor-column elementor-col-50 elementor-inner-column elementor-element elementor-element-f736b30\" data-id=\"f736b30\" data-element_type=\"column\">\n\t\t\t<div class=\"elementor-widget-wrap elementor-element-populated\">\n\t\t\t\t\t\t<div class=\"elementor-element elementor-element-e16aa78 elementor-widget elementor-widget-text-editor\" data-id=\"e16aa78\" data-element_type=\"widget\" data-widget_type=\"text-editor.default\">\n\t\t\t\t<div class=\"elementor-widget-container\">\n\t\t\t\t\t\t\t\t\t<p>400 x 400 mm<\/p>\t\t\t\t\t\t\t\t<\/div>\n\t\t\t\t<\/div>\n\t\t\t\t\t<\/div>\n\t\t<\/div>\n\t\t\t\t\t<\/div>\n\t\t<\/section>\n\t\t\t\t<section class=\"elementor-section elementor-inner-section elementor-element elementor-element-69e914f elementor-section-boxed elementor-section-height-default elementor-section-height-default\" data-id=\"69e914f\" data-element_type=\"section\" data-settings=\"{&quot;background_background&quot;:&quot;classic&quot;}\">\n\t\t\t\t\t\t<div class=\"elementor-container elementor-column-gap-default\">\n\t\t\t\t\t<div class=\"elementor-column elementor-col-50 elementor-inner-column elementor-element elementor-element-67143bd\" data-id=\"67143bd\" data-element_type=\"column\">\n\t\t\t<div class=\"elementor-widget-wrap elementor-element-populated\">\n\t\t\t\t\t\t<div class=\"elementor-element elementor-element-b88ff96 elementor-widget elementor-widget-heading\" data-id=\"b88ff96\" data-element_type=\"widget\" data-widget_type=\"heading.default\">\n\t\t\t\t<div class=\"elementor-widget-container\">\n\t\t\t\t\t<h2 class=\"elementor-heading-title elementor-size-default\">Wyczy\u015b\u0107 wymiar:<\/h2>\t\t\t\t<\/div>\n\t\t\t\t<\/div>\n\t\t\t\t\t<\/div>\n\t\t<\/div>\n\t\t\t\t<div class=\"elementor-column elementor-col-50 elementor-inner-column elementor-element elementor-element-09159ba\" data-id=\"09159ba\" data-element_type=\"column\">\n\t\t\t<div class=\"elementor-widget-wrap elementor-element-populated\">\n\t\t\t\t\t\t<div class=\"elementor-element elementor-element-3347ed0 elementor-widget elementor-widget-text-editor\" data-id=\"3347ed0\" data-element_type=\"widget\" data-widget_type=\"text-editor.default\">\n\t\t\t\t<div class=\"elementor-widget-container\">\n\t\t\t\t\t\t\t\t\t<p>DN100, DN150<\/p>\t\t\t\t\t\t\t\t<\/div>\n\t\t\t\t<\/div>\n\t\t\t\t\t<\/div>\n\t\t<\/div>\n\t\t\t\t\t<\/div>\n\t\t<\/section>\n\t\t\t\t\t<\/div>\n\t\t<\/div>\n\t\t\t\t\t<\/div>\n\t\t<\/section>\n\t\t\t\t<\/div>\n\t\t","protected":false},"excerpt":{"rendered":"<p>Moravka B\u00ae Produkty \u2013 Wpusty mostowe Vl\u010dek-KOGA \u2013 Moravka\u00ae Moravka\u00ae \u2013 BOdwodnienia mostowe dla most\u00f3w kolejowych z podbudow\u0105 \u017cwirow\u0105. Stosuje si\u0119 j\u0105 do odwodnienia podbudowy \u017cwirowej most\u00f3w kolejowych i tramwajowych lub do odwodnienia izolacji spod pod\u0142o\u017ca \u017cwirowego obiekt\u00f3w mostowych o nawierzchni kamiennej. Opis: Odp\u0142yw stalowy z mo\u017cliwo\u015bci\u0105 przed\u0142u\u017cenia wed\u0142ug wymaga\u0144 klienta. Tworzywo: stal nierdzewna 1.4404 [&hellip;]<\/p>\n","protected":false},"author":16,"featured_media":0,"parent":0,"menu_order":0,"comment_status":"closed","ping_status":"closed","template":"","meta":{"footnotes":""},"class_list":["post-6241","page","type-page","status-publish","hentry"],"yoast_head":"<!-- This site is optimized with the Yoast SEO plugin v26.2 - https:\/\/yoast.com\/wordpress\/plugins\/seo\/ -->\n<title>Moravka B\u00ae \u2013 stalowy odwodnienie mostowe dla most\u00f3w kolejowych i tramwajowych | KOGA Bau<\/title>\n<meta name=\"description\" content=\"Moravka B\u00ae to stalowy odwodnienie przeznaczone do most\u00f3w kolejowych i tramwajowych z podsypk\u0105 \u017cwirow\u0105, dost\u0119pne w \u015brednicach nominalnych DN100 i DN150, z mo\u017cliwo\u015bci\u0105 rozszerzenia odwodnienia w zale\u017cno\u015bci od potrzeb.\" \/>\n<meta name=\"robots\" content=\"noindex, follow, max-snippet:-1, max-image-preview:large, max-video-preview:-1\" \/>\n<meta property=\"og:locale\" content=\"pl_PL\" \/>\n<meta property=\"og:type\" content=\"article\" \/>\n<meta property=\"og:title\" content=\"Moravka B\u00ae \u2013 stalowy odwodnienie mostowe dla most\u00f3w kolejowych i tramwajowych | KOGA Bau\" \/>\n<meta property=\"og:description\" content=\"Moravka B\u00ae to stalowy odwodnienie przeznaczone do most\u00f3w kolejowych i tramwajowych z podsypk\u0105 \u017cwirow\u0105, dost\u0119pne w \u015brednicach nominalnych DN100 i DN150, z mo\u017cliwo\u015bci\u0105 rozszerzenia odwodnienia w zale\u017cno\u015bci od potrzeb.\" \/>\n<meta property=\"og:url\" content=\"https:\/\/kogabau.facilitytest.sk\/pl\/moravka-b\/\" \/>\n<meta property=\"og:site_name\" content=\"KOGABAU\" \/>\n<meta property=\"article:modified_time\" content=\"2025-11-10T19:33:06+00:00\" \/>\n<meta property=\"og:image\" content=\"https:\/\/kogabau.facilitytest.sk\/wp-content\/uploads\/2025\/10\/KOGABAU-Moravka-B-foto-1-1.png\" \/>\n\t<meta property=\"og:image:width\" content=\"464\" \/>\n\t<meta property=\"og:image:height\" content=\"468\" \/>\n\t<meta property=\"og:image:type\" content=\"image\/png\" \/>\n<meta name=\"twitter:card\" content=\"summary_large_image\" \/>\n<script type=\"application\/ld+json\" class=\"yoast-schema-graph\">{\"@context\":\"https:\/\/schema.org\",\"@graph\":[{\"@type\":\"WebPage\",\"@id\":\"https:\/\/kogabau.facilitytest.sk\/pl\/moravka-b\/\",\"url\":\"https:\/\/kogabau.facilitytest.sk\/pl\/moravka-b\/\",\"name\":\"Moravka B\u00ae \u2013 stalowy odwodnienie mostowe dla most\u00f3w kolejowych i tramwajowych | KOGA Bau\",\"isPartOf\":{\"@id\":\"https:\/\/kogabau.facilitytest.sk\/pl\/#website\"},\"primaryImageOfPage\":{\"@id\":\"https:\/\/kogabau.facilitytest.sk\/pl\/moravka-b\/#primaryimage\"},\"image\":{\"@id\":\"https:\/\/kogabau.facilitytest.sk\/pl\/moravka-b\/#primaryimage\"},\"thumbnailUrl\":\"https:\/\/kogabau.facilitytest.sk\/wp-content\/uploads\/2025\/10\/KOGABAU-Moravka-B-foto-1-1.png\",\"datePublished\":\"2025-10-11T09:09:21+00:00\",\"dateModified\":\"2025-11-10T19:33:06+00:00\",\"description\":\"Moravka B\u00ae to stalowy odwodnienie przeznaczone do most\u00f3w kolejowych i tramwajowych z podsypk\u0105 \u017cwirow\u0105, dost\u0119pne w \u015brednicach nominalnych DN100 i DN150, z mo\u017cliwo\u015bci\u0105 rozszerzenia odwodnienia w zale\u017cno\u015bci od potrzeb.\",\"breadcrumb\":{\"@id\":\"https:\/\/kogabau.facilitytest.sk\/pl\/moravka-b\/#breadcrumb\"},\"inLanguage\":\"pl-PL\",\"potentialAction\":[{\"@type\":\"ReadAction\",\"target\":[\"https:\/\/kogabau.facilitytest.sk\/pl\/moravka-b\/\"]}]},{\"@type\":\"ImageObject\",\"inLanguage\":\"pl-PL\",\"@id\":\"https:\/\/kogabau.facilitytest.sk\/pl\/moravka-b\/#primaryimage\",\"url\":\"https:\/\/kogabau.facilitytest.sk\/wp-content\/uploads\/2025\/10\/KOGABAU-Moravka-B-foto-1-1.png\",\"contentUrl\":\"https:\/\/kogabau.facilitytest.sk\/wp-content\/uploads\/2025\/10\/KOGABAU-Moravka-B-foto-1-1.png\"},{\"@type\":\"BreadcrumbList\",\"@id\":\"https:\/\/kogabau.facilitytest.sk\/pl\/moravka-b\/#breadcrumb\",\"itemListElement\":[{\"@type\":\"ListItem\",\"position\":1,\"name\":\"Home\",\"item\":\"https:\/\/kogabau.facilitytest.sk\/pl\/\"},{\"@type\":\"ListItem\",\"position\":2,\"name\":\"Moravka B\"}]},{\"@type\":\"WebSite\",\"@id\":\"https:\/\/kogabau.facilitytest.sk\/pl\/#website\",\"url\":\"https:\/\/kogabau.facilitytest.sk\/pl\/\",\"name\":\"KOGABAU\",\"description\":\"\",\"publisher\":{\"@id\":\"https:\/\/kogabau.facilitytest.sk\/pl\/#organization\"},\"potentialAction\":[{\"@type\":\"SearchAction\",\"target\":{\"@type\":\"EntryPoint\",\"urlTemplate\":\"https:\/\/kogabau.facilitytest.sk\/pl\/?s={search_term_string}\"},\"query-input\":{\"@type\":\"PropertyValueSpecification\",\"valueRequired\":true,\"valueName\":\"search_term_string\"}}],\"inLanguage\":\"pl-PL\"},{\"@type\":\"Organization\",\"@id\":\"https:\/\/kogabau.facilitytest.sk\/pl\/#organization\",\"name\":\"KOGABAU\",\"url\":\"https:\/\/kogabau.facilitytest.sk\/pl\/\",\"logo\":{\"@type\":\"ImageObject\",\"inLanguage\":\"pl-PL\",\"@id\":\"https:\/\/kogabau.facilitytest.sk\/pl\/#\/schema\/logo\/image\/\",\"url\":\"https:\/\/kogabau.facilitytest.sk\/wp-content\/uploads\/2021\/02\/KOGA-BAU-logo-cierne.png\",\"contentUrl\":\"https:\/\/kogabau.facilitytest.sk\/wp-content\/uploads\/2021\/02\/KOGA-BAU-logo-cierne.png\",\"width\":516,\"height\":66,\"caption\":\"KOGABAU\"},\"image\":{\"@id\":\"https:\/\/kogabau.facilitytest.sk\/pl\/#\/schema\/logo\/image\/\"}}]}<\/script>\n<!-- \/ Yoast SEO plugin. -->","yoast_head_json":{"title":"Moravka B\u00ae \u2013 stalowy odwodnienie mostowe dla most\u00f3w kolejowych i tramwajowych | KOGA Bau","description":"Moravka B\u00ae to stalowy odwodnienie przeznaczone do most\u00f3w kolejowych i tramwajowych z podsypk\u0105 \u017cwirow\u0105, dost\u0119pne w \u015brednicach nominalnych DN100 i DN150, z mo\u017cliwo\u015bci\u0105 rozszerzenia odwodnienia w zale\u017cno\u015bci od potrzeb.","robots":{"index":"noindex","follow":"follow","max-snippet":"max-snippet:-1","max-image-preview":"max-image-preview:large","max-video-preview":"max-video-preview:-1"},"og_locale":"pl_PL","og_type":"article","og_title":"Moravka B\u00ae \u2013 stalowy odwodnienie mostowe dla most\u00f3w kolejowych i tramwajowych | KOGA Bau","og_description":"Moravka B\u00ae to stalowy odwodnienie przeznaczone do most\u00f3w kolejowych i tramwajowych z podsypk\u0105 \u017cwirow\u0105, dost\u0119pne w \u015brednicach nominalnych DN100 i DN150, z mo\u017cliwo\u015bci\u0105 rozszerzenia odwodnienia w zale\u017cno\u015bci od potrzeb.","og_url":"https:\/\/kogabau.facilitytest.sk\/pl\/moravka-b\/","og_site_name":"KOGABAU","article_modified_time":"2025-11-10T19:33:06+00:00","og_image":[{"width":464,"height":468,"url":"https:\/\/kogabau.facilitytest.sk\/wp-content\/uploads\/2025\/10\/KOGABAU-Moravka-B-foto-1-1.png","type":"image\/png"}],"twitter_card":"summary_large_image","schema":{"@context":"https:\/\/schema.org","@graph":[{"@type":"WebPage","@id":"https:\/\/kogabau.facilitytest.sk\/pl\/moravka-b\/","url":"https:\/\/kogabau.facilitytest.sk\/pl\/moravka-b\/","name":"Moravka B\u00ae \u2013 stalowy odwodnienie mostowe dla most\u00f3w kolejowych i tramwajowych | KOGA Bau","isPartOf":{"@id":"https:\/\/kogabau.facilitytest.sk\/pl\/#website"},"primaryImageOfPage":{"@id":"https:\/\/kogabau.facilitytest.sk\/pl\/moravka-b\/#primaryimage"},"image":{"@id":"https:\/\/kogabau.facilitytest.sk\/pl\/moravka-b\/#primaryimage"},"thumbnailUrl":"https:\/\/kogabau.facilitytest.sk\/wp-content\/uploads\/2025\/10\/KOGABAU-Moravka-B-foto-1-1.png","datePublished":"2025-10-11T09:09:21+00:00","dateModified":"2025-11-10T19:33:06+00:00","description":"Moravka B\u00ae to stalowy odwodnienie przeznaczone do most\u00f3w kolejowych i tramwajowych z podsypk\u0105 \u017cwirow\u0105, dost\u0119pne w \u015brednicach nominalnych DN100 i DN150, z mo\u017cliwo\u015bci\u0105 rozszerzenia odwodnienia w zale\u017cno\u015bci od potrzeb.","breadcrumb":{"@id":"https:\/\/kogabau.facilitytest.sk\/pl\/moravka-b\/#breadcrumb"},"inLanguage":"pl-PL","potentialAction":[{"@type":"ReadAction","target":["https:\/\/kogabau.facilitytest.sk\/pl\/moravka-b\/"]}]},{"@type":"ImageObject","inLanguage":"pl-PL","@id":"https:\/\/kogabau.facilitytest.sk\/pl\/moravka-b\/#primaryimage","url":"https:\/\/kogabau.facilitytest.sk\/wp-content\/uploads\/2025\/10\/KOGABAU-Moravka-B-foto-1-1.png","contentUrl":"https:\/\/kogabau.facilitytest.sk\/wp-content\/uploads\/2025\/10\/KOGABAU-Moravka-B-foto-1-1.png"},{"@type":"BreadcrumbList","@id":"https:\/\/kogabau.facilitytest.sk\/pl\/moravka-b\/#breadcrumb","itemListElement":[{"@type":"ListItem","position":1,"name":"Home","item":"https:\/\/kogabau.facilitytest.sk\/pl\/"},{"@type":"ListItem","position":2,"name":"Moravka B"}]},{"@type":"WebSite","@id":"https:\/\/kogabau.facilitytest.sk\/pl\/#website","url":"https:\/\/kogabau.facilitytest.sk\/pl\/","name":"KOGABAU","description":"","publisher":{"@id":"https:\/\/kogabau.facilitytest.sk\/pl\/#organization"},"potentialAction":[{"@type":"SearchAction","target":{"@type":"EntryPoint","urlTemplate":"https:\/\/kogabau.facilitytest.sk\/pl\/?s={search_term_string}"},"query-input":{"@type":"PropertyValueSpecification","valueRequired":true,"valueName":"search_term_string"}}],"inLanguage":"pl-PL"},{"@type":"Organization","@id":"https:\/\/kogabau.facilitytest.sk\/pl\/#organization","name":"KOGABAU","url":"https:\/\/kogabau.facilitytest.sk\/pl\/","logo":{"@type":"ImageObject","inLanguage":"pl-PL","@id":"https:\/\/kogabau.facilitytest.sk\/pl\/#\/schema\/logo\/image\/","url":"https:\/\/kogabau.facilitytest.sk\/wp-content\/uploads\/2021\/02\/KOGA-BAU-logo-cierne.png","contentUrl":"https:\/\/kogabau.facilitytest.sk\/wp-content\/uploads\/2021\/02\/KOGA-BAU-logo-cierne.png","width":516,"height":66,"caption":"KOGABAU"},"image":{"@id":"https:\/\/kogabau.facilitytest.sk\/pl\/#\/schema\/logo\/image\/"}}]}},"_links":{"self":[{"href":"https:\/\/kogabau.facilitytest.sk\/pl\/wp-json\/wp\/v2\/pages\/6241","targetHints":{"allow":["GET"]}}],"collection":[{"href":"https:\/\/kogabau.facilitytest.sk\/pl\/wp-json\/wp\/v2\/pages"}],"about":[{"href":"https:\/\/kogabau.facilitytest.sk\/pl\/wp-json\/wp\/v2\/types\/page"}],"author":[{"embeddable":true,"href":"https:\/\/kogabau.facilitytest.sk\/pl\/wp-json\/wp\/v2\/users\/16"}],"replies":[{"embeddable":true,"href":"https:\/\/kogabau.facilitytest.sk\/pl\/wp-json\/wp\/v2\/comments?post=6241"}],"version-history":[{"count":1,"href":"https:\/\/kogabau.facilitytest.sk\/pl\/wp-json\/wp\/v2\/pages\/6241\/revisions"}],"predecessor-version":[{"id":6242,"href":"https:\/\/kogabau.facilitytest.sk\/pl\/wp-json\/wp\/v2\/pages\/6241\/revisions\/6242"}],"wp:attachment":[{"href":"https:\/\/kogabau.facilitytest.sk\/pl\/wp-json\/wp\/v2\/media?parent=6241"}],"curies":[{"name":"wp","href":"https:\/\/api.w.org\/{rel}","templated":true}]}}