{"id":6226,"date":"2025-10-12T16:19:18","date_gmt":"2025-10-12T14:19:18","guid":{"rendered":"https:\/\/kogabau.facilitytest.sk\/infrastruktura-niebiesko-zielona\/"},"modified":"2025-11-10T20:23:14","modified_gmt":"2025-11-10T19:23:14","slug":"infrastruktura-niebiesko-zielona","status":"publish","type":"page","link":"https:\/\/kogabau.facilitytest.sk\/pl\/infrastruktura-niebiesko-zielona\/","title":{"rendered":"Infrastruktura niebiesko-zielona"},"content":{"rendered":"\t\t<div data-elementor-type=\"wp-page\" data-elementor-id=\"6226\" class=\"elementor elementor-6226 elementor-1159\" data-elementor-post-type=\"page\">\n\t\t\t\t\t\t<section class=\"elementor-section elementor-top-section elementor-element elementor-element-bdd03d9 elementor-section-boxed elementor-section-height-default elementor-section-height-default\" data-id=\"bdd03d9\" data-element_type=\"section\" data-settings=\"{&quot;background_background&quot;:&quot;classic&quot;}\">\n\t\t\t\t\t\t<div class=\"elementor-container elementor-column-gap-default\">\n\t\t\t\t\t<div class=\"elementor-column elementor-col-100 elementor-top-column elementor-element elementor-element-68e2ae7\" data-id=\"68e2ae7\" data-element_type=\"column\">\n\t\t\t<div class=\"elementor-widget-wrap elementor-element-populated\">\n\t\t\t\t\t\t<div class=\"elementor-element elementor-element-c55e6a2 elementor-widget elementor-widget-spacer\" data-id=\"c55e6a2\" data-element_type=\"widget\" data-widget_type=\"spacer.default\">\n\t\t\t\t<div class=\"elementor-widget-container\">\n\t\t\t\t\t\t\t<div class=\"elementor-spacer\">\n\t\t\t<div class=\"elementor-spacer-inner\"><\/div>\n\t\t<\/div>\n\t\t\t\t\t\t<\/div>\n\t\t\t\t<\/div>\n\t\t\t\t<div class=\"elementor-element elementor-element-e8058a8 elementor-widget elementor-widget-heading\" data-id=\"e8058a8\" data-element_type=\"widget\" data-widget_type=\"heading.default\">\n\t\t\t\t<div class=\"elementor-widget-container\">\n\t\t\t\t\t<h1 class=\"elementor-heading-title elementor-size-default\">Infrastruktura niebiesko-zielona<\/h1>\t\t\t\t<\/div>\n\t\t\t\t<\/div>\n\t\t\t\t\t<\/div>\n\t\t<\/div>\n\t\t\t\t\t<\/div>\n\t\t<\/section>\n\t\t\t\t<section class=\"elementor-section elementor-top-section elementor-element elementor-element-3ae368f elementor-section-boxed elementor-section-height-default elementor-section-height-default\" data-id=\"3ae368f\" data-element_type=\"section\" data-settings=\"{&quot;background_background&quot;:&quot;classic&quot;}\">\n\t\t\t\t\t\t<div class=\"elementor-container elementor-column-gap-default\">\n\t\t\t\t\t<div class=\"elementor-column elementor-col-100 elementor-top-column elementor-element elementor-element-6ac00df\" data-id=\"6ac00df\" data-element_type=\"column\">\n\t\t\t<div class=\"elementor-widget-wrap elementor-element-populated\">\n\t\t\t\t\t\t<div class=\"elementor-element elementor-element-cb16a13 elementor-widget elementor-widget-text-editor\" data-id=\"cb16a13\" data-element_type=\"widget\" data-widget_type=\"text-editor.default\">\n\t\t\t\t<div class=\"elementor-widget-container\">\n\t\t\t\t\t\t\t\t\t<p>B\u0142\u0119kitno-zielona infrastruktura (BGI) to radykalna zmiana w podej\u015bciu do zarz\u0105dzania wodami opadowymi, kt\u00f3r\u0105 obserwujemy w ostatnich latach. Nowe projekty nie traktuj\u0105 ju\u017c w\u00f3d opadowych jako odpadu, kt\u00f3ry nale\u017cy jak najszybciej usun\u0105\u0107 z danego obszaru, ale traktuj\u0105 je jako cenny zas\u00f3b. Woda ma by\u0107 retencjonowana i wykorzystywana do utrzymania zieleni miejskiej oraz utrzymania odpowiedniego klimatu dla ludzi w trakcie i po opadach deszczu. Wsp\u00f3\u0142pracujemy przy projektach z projektantami i architektami, aby jak najefektywniej wykorzysta\u0107 wod\u0119 spadaj\u0105c\u0105 na dany obszar. W naszym portfolio posiadamy gotowe produkty, kt\u00f3re mo\u017cna wykorzysta\u0107 w projektach BGI, ale opracowujemy r\u00f3wnie\u017c nowe elementy dedykowane konkretnym projektom.    <\/p><p><strong>Ch\u0119tnie we\u017amiemy udzia\u0142 w nowych projektach, dlatego prosimy o kontakt z naszym dzia\u0142em sprzeda\u017cy.<\/strong><\/p>\t\t\t\t\t\t\t\t<\/div>\n\t\t\t\t<\/div>\n\t\t\t\t<div class=\"elementor-element elementor-element-05be724 elementor-widget elementor-widget-image\" data-id=\"05be724\" data-element_type=\"widget\" data-widget_type=\"image.default\">\n\t\t\t\t<div class=\"elementor-widget-container\">\n\t\t\t\t\t\t\t\t\t\t\t\t\t\t\t<img fetchpriority=\"high\" decoding=\"async\" width=\"1432\" height=\"700\" src=\"https:\/\/kogabau.facilitytest.sk\/wp-content\/uploads\/2025\/10\/kogabau-modro-zelena-infrastruktura.png\" class=\"attachment-full size-full wp-image-6225\" alt=\"\" srcset=\"https:\/\/kogabau.facilitytest.sk\/wp-content\/uploads\/2025\/10\/kogabau-modro-zelena-infrastruktura.png 1432w, https:\/\/kogabau.facilitytest.sk\/wp-content\/uploads\/2025\/10\/kogabau-modro-zelena-infrastruktura-300x147.png 300w, https:\/\/kogabau.facilitytest.sk\/wp-content\/uploads\/2025\/10\/kogabau-modro-zelena-infrastruktura-1024x501.png 1024w, https:\/\/kogabau.facilitytest.sk\/wp-content\/uploads\/2025\/10\/kogabau-modro-zelena-infrastruktura-768x375.png 768w\" sizes=\"(max-width: 1432px) 100vw, 1432px\" \/>\t\t\t\t\t\t\t\t\t\t\t\t\t\t\t<\/div>\n\t\t\t\t<\/div>\n\t\t\t\t\t<\/div>\n\t\t<\/div>\n\t\t\t\t\t<\/div>\n\t\t<\/section>\n\t\t\t\t<\/div>\n\t\t","protected":false},"excerpt":{"rendered":"<p>Infrastruktura niebiesko-zielona B\u0142\u0119kitno-zielona infrastruktura (BGI) to radykalna zmiana w podej\u015bciu do zarz\u0105dzania wodami opadowymi, kt\u00f3r\u0105 obserwujemy w ostatnich latach. Nowe projekty nie traktuj\u0105 ju\u017c w\u00f3d opadowych jako odpadu, kt\u00f3ry nale\u017cy jak najszybciej usun\u0105\u0107 z danego obszaru, ale traktuj\u0105 je jako cenny zas\u00f3b. Woda ma by\u0107 retencjonowana i wykorzystywana do utrzymania zieleni miejskiej oraz utrzymania odpowiedniego [&hellip;]<\/p>\n","protected":false},"author":15,"featured_media":0,"parent":0,"menu_order":0,"comment_status":"closed","ping_status":"closed","template":"","meta":{"footnotes":""},"class_list":["post-6226","page","type-page","status-publish","hentry"],"yoast_head":"<!-- This site is optimized with the Yoast SEO plugin v26.2 - https:\/\/yoast.com\/wordpress\/plugins\/seo\/ -->\n<title>Infrastruktura niebiesko-zielona \u2013 zarz\u0105dzanie wodami deszczowymi | KOGA Bau<\/title>\n<meta name=\"description\" content=\"KOGA Bau wspiera b\u0142\u0119kitno-zielon\u0105 infrastruktur\u0119: efektywne wykorzystanie wody deszczowej na rzecz zieleni miejskiej i klimatu. Wsp\u00f3\u0142pracujemy przy projektach z architektami i urbanistami.\" \/>\n<meta name=\"robots\" content=\"noindex, follow, max-snippet:-1, max-image-preview:large, max-video-preview:-1\" \/>\n<meta property=\"og:locale\" content=\"pl_PL\" \/>\n<meta property=\"og:type\" content=\"article\" \/>\n<meta property=\"og:title\" content=\"Infrastruktura niebiesko-zielona \u2013 zarz\u0105dzanie wodami deszczowymi | KOGA Bau\" \/>\n<meta property=\"og:description\" content=\"KOGA Bau wspiera b\u0142\u0119kitno-zielon\u0105 infrastruktur\u0119: efektywne wykorzystanie wody deszczowej na rzecz zieleni miejskiej i klimatu. Wsp\u00f3\u0142pracujemy przy projektach z architektami i urbanistami.\" \/>\n<meta property=\"og:url\" content=\"https:\/\/kogabau.facilitytest.sk\/pl\/infrastruktura-niebiesko-zielona\/\" \/>\n<meta property=\"og:site_name\" content=\"KOGABAU\" \/>\n<meta property=\"article:modified_time\" content=\"2025-11-10T19:23:14+00:00\" \/>\n<meta property=\"og:image\" content=\"https:\/\/kogabau.facilitytest.sk\/wp-content\/uploads\/2025\/10\/kogabau-modro-zelena-infrastruktura.png\" \/>\n\t<meta property=\"og:image:width\" content=\"1432\" \/>\n\t<meta property=\"og:image:height\" content=\"700\" \/>\n\t<meta property=\"og:image:type\" content=\"image\/png\" \/>\n<meta name=\"twitter:card\" content=\"summary_large_image\" \/>\n<meta name=\"twitter:label1\" content=\"Szacowany czas czytania\" \/>\n\t<meta name=\"twitter:data1\" content=\"1 minuta\" \/>\n<script type=\"application\/ld+json\" class=\"yoast-schema-graph\">{\"@context\":\"https:\/\/schema.org\",\"@graph\":[{\"@type\":\"WebPage\",\"@id\":\"https:\/\/kogabau.facilitytest.sk\/pl\/infrastruktura-niebiesko-zielona\/\",\"url\":\"https:\/\/kogabau.facilitytest.sk\/pl\/infrastruktura-niebiesko-zielona\/\",\"name\":\"Infrastruktura niebiesko-zielona \u2013 zarz\u0105dzanie wodami deszczowymi | KOGA Bau\",\"isPartOf\":{\"@id\":\"https:\/\/kogabau.facilitytest.sk\/pl\/#website\"},\"primaryImageOfPage\":{\"@id\":\"https:\/\/kogabau.facilitytest.sk\/pl\/infrastruktura-niebiesko-zielona\/#primaryimage\"},\"image\":{\"@id\":\"https:\/\/kogabau.facilitytest.sk\/pl\/infrastruktura-niebiesko-zielona\/#primaryimage\"},\"thumbnailUrl\":\"https:\/\/kogabau.facilitytest.sk\/wp-content\/uploads\/2025\/10\/kogabau-modro-zelena-infrastruktura.png\",\"datePublished\":\"2025-10-12T14:19:18+00:00\",\"dateModified\":\"2025-11-10T19:23:14+00:00\",\"description\":\"KOGA Bau wspiera b\u0142\u0119kitno-zielon\u0105 infrastruktur\u0119: efektywne wykorzystanie wody deszczowej na rzecz zieleni miejskiej i klimatu. Wsp\u00f3\u0142pracujemy przy projektach z architektami i urbanistami.\",\"breadcrumb\":{\"@id\":\"https:\/\/kogabau.facilitytest.sk\/pl\/infrastruktura-niebiesko-zielona\/#breadcrumb\"},\"inLanguage\":\"pl-PL\",\"potentialAction\":[{\"@type\":\"ReadAction\",\"target\":[\"https:\/\/kogabau.facilitytest.sk\/pl\/infrastruktura-niebiesko-zielona\/\"]}]},{\"@type\":\"ImageObject\",\"inLanguage\":\"pl-PL\",\"@id\":\"https:\/\/kogabau.facilitytest.sk\/pl\/infrastruktura-niebiesko-zielona\/#primaryimage\",\"url\":\"https:\/\/kogabau.facilitytest.sk\/wp-content\/uploads\/2025\/10\/kogabau-modro-zelena-infrastruktura.png\",\"contentUrl\":\"https:\/\/kogabau.facilitytest.sk\/wp-content\/uploads\/2025\/10\/kogabau-modro-zelena-infrastruktura.png\"},{\"@type\":\"BreadcrumbList\",\"@id\":\"https:\/\/kogabau.facilitytest.sk\/pl\/infrastruktura-niebiesko-zielona\/#breadcrumb\",\"itemListElement\":[{\"@type\":\"ListItem\",\"position\":1,\"name\":\"Home\",\"item\":\"https:\/\/kogabau.facilitytest.sk\/pl\/\"},{\"@type\":\"ListItem\",\"position\":2,\"name\":\"Infrastruktura niebiesko-zielona\"}]},{\"@type\":\"WebSite\",\"@id\":\"https:\/\/kogabau.facilitytest.sk\/pl\/#website\",\"url\":\"https:\/\/kogabau.facilitytest.sk\/pl\/\",\"name\":\"KOGABAU\",\"description\":\"\",\"publisher\":{\"@id\":\"https:\/\/kogabau.facilitytest.sk\/pl\/#organization\"},\"potentialAction\":[{\"@type\":\"SearchAction\",\"target\":{\"@type\":\"EntryPoint\",\"urlTemplate\":\"https:\/\/kogabau.facilitytest.sk\/pl\/?s={search_term_string}\"},\"query-input\":{\"@type\":\"PropertyValueSpecification\",\"valueRequired\":true,\"valueName\":\"search_term_string\"}}],\"inLanguage\":\"pl-PL\"},{\"@type\":\"Organization\",\"@id\":\"https:\/\/kogabau.facilitytest.sk\/pl\/#organization\",\"name\":\"KOGABAU\",\"url\":\"https:\/\/kogabau.facilitytest.sk\/pl\/\",\"logo\":{\"@type\":\"ImageObject\",\"inLanguage\":\"pl-PL\",\"@id\":\"https:\/\/kogabau.facilitytest.sk\/pl\/#\/schema\/logo\/image\/\",\"url\":\"https:\/\/kogabau.facilitytest.sk\/wp-content\/uploads\/2021\/02\/KOGA-BAU-logo-cierne.png\",\"contentUrl\":\"https:\/\/kogabau.facilitytest.sk\/wp-content\/uploads\/2021\/02\/KOGA-BAU-logo-cierne.png\",\"width\":516,\"height\":66,\"caption\":\"KOGABAU\"},\"image\":{\"@id\":\"https:\/\/kogabau.facilitytest.sk\/pl\/#\/schema\/logo\/image\/\"}}]}<\/script>\n<!-- \/ Yoast SEO plugin. -->","yoast_head_json":{"title":"Infrastruktura niebiesko-zielona \u2013 zarz\u0105dzanie wodami deszczowymi | KOGA Bau","description":"KOGA Bau wspiera b\u0142\u0119kitno-zielon\u0105 infrastruktur\u0119: efektywne wykorzystanie wody deszczowej na rzecz zieleni miejskiej i klimatu. Wsp\u00f3\u0142pracujemy przy projektach z architektami i urbanistami.","robots":{"index":"noindex","follow":"follow","max-snippet":"max-snippet:-1","max-image-preview":"max-image-preview:large","max-video-preview":"max-video-preview:-1"},"og_locale":"pl_PL","og_type":"article","og_title":"Infrastruktura niebiesko-zielona \u2013 zarz\u0105dzanie wodami deszczowymi | KOGA Bau","og_description":"KOGA Bau wspiera b\u0142\u0119kitno-zielon\u0105 infrastruktur\u0119: efektywne wykorzystanie wody deszczowej na rzecz zieleni miejskiej i klimatu. Wsp\u00f3\u0142pracujemy przy projektach z architektami i urbanistami.","og_url":"https:\/\/kogabau.facilitytest.sk\/pl\/infrastruktura-niebiesko-zielona\/","og_site_name":"KOGABAU","article_modified_time":"2025-11-10T19:23:14+00:00","og_image":[{"width":1432,"height":700,"url":"https:\/\/kogabau.facilitytest.sk\/wp-content\/uploads\/2025\/10\/kogabau-modro-zelena-infrastruktura.png","type":"image\/png"}],"twitter_card":"summary_large_image","twitter_misc":{"Szacowany czas czytania":"1 minuta"},"schema":{"@context":"https:\/\/schema.org","@graph":[{"@type":"WebPage","@id":"https:\/\/kogabau.facilitytest.sk\/pl\/infrastruktura-niebiesko-zielona\/","url":"https:\/\/kogabau.facilitytest.sk\/pl\/infrastruktura-niebiesko-zielona\/","name":"Infrastruktura niebiesko-zielona \u2013 zarz\u0105dzanie wodami deszczowymi | KOGA Bau","isPartOf":{"@id":"https:\/\/kogabau.facilitytest.sk\/pl\/#website"},"primaryImageOfPage":{"@id":"https:\/\/kogabau.facilitytest.sk\/pl\/infrastruktura-niebiesko-zielona\/#primaryimage"},"image":{"@id":"https:\/\/kogabau.facilitytest.sk\/pl\/infrastruktura-niebiesko-zielona\/#primaryimage"},"thumbnailUrl":"https:\/\/kogabau.facilitytest.sk\/wp-content\/uploads\/2025\/10\/kogabau-modro-zelena-infrastruktura.png","datePublished":"2025-10-12T14:19:18+00:00","dateModified":"2025-11-10T19:23:14+00:00","description":"KOGA Bau wspiera b\u0142\u0119kitno-zielon\u0105 infrastruktur\u0119: efektywne wykorzystanie wody deszczowej na rzecz zieleni miejskiej i klimatu. Wsp\u00f3\u0142pracujemy przy projektach z architektami i urbanistami.","breadcrumb":{"@id":"https:\/\/kogabau.facilitytest.sk\/pl\/infrastruktura-niebiesko-zielona\/#breadcrumb"},"inLanguage":"pl-PL","potentialAction":[{"@type":"ReadAction","target":["https:\/\/kogabau.facilitytest.sk\/pl\/infrastruktura-niebiesko-zielona\/"]}]},{"@type":"ImageObject","inLanguage":"pl-PL","@id":"https:\/\/kogabau.facilitytest.sk\/pl\/infrastruktura-niebiesko-zielona\/#primaryimage","url":"https:\/\/kogabau.facilitytest.sk\/wp-content\/uploads\/2025\/10\/kogabau-modro-zelena-infrastruktura.png","contentUrl":"https:\/\/kogabau.facilitytest.sk\/wp-content\/uploads\/2025\/10\/kogabau-modro-zelena-infrastruktura.png"},{"@type":"BreadcrumbList","@id":"https:\/\/kogabau.facilitytest.sk\/pl\/infrastruktura-niebiesko-zielona\/#breadcrumb","itemListElement":[{"@type":"ListItem","position":1,"name":"Home","item":"https:\/\/kogabau.facilitytest.sk\/pl\/"},{"@type":"ListItem","position":2,"name":"Infrastruktura niebiesko-zielona"}]},{"@type":"WebSite","@id":"https:\/\/kogabau.facilitytest.sk\/pl\/#website","url":"https:\/\/kogabau.facilitytest.sk\/pl\/","name":"KOGABAU","description":"","publisher":{"@id":"https:\/\/kogabau.facilitytest.sk\/pl\/#organization"},"potentialAction":[{"@type":"SearchAction","target":{"@type":"EntryPoint","urlTemplate":"https:\/\/kogabau.facilitytest.sk\/pl\/?s={search_term_string}"},"query-input":{"@type":"PropertyValueSpecification","valueRequired":true,"valueName":"search_term_string"}}],"inLanguage":"pl-PL"},{"@type":"Organization","@id":"https:\/\/kogabau.facilitytest.sk\/pl\/#organization","name":"KOGABAU","url":"https:\/\/kogabau.facilitytest.sk\/pl\/","logo":{"@type":"ImageObject","inLanguage":"pl-PL","@id":"https:\/\/kogabau.facilitytest.sk\/pl\/#\/schema\/logo\/image\/","url":"https:\/\/kogabau.facilitytest.sk\/wp-content\/uploads\/2021\/02\/KOGA-BAU-logo-cierne.png","contentUrl":"https:\/\/kogabau.facilitytest.sk\/wp-content\/uploads\/2021\/02\/KOGA-BAU-logo-cierne.png","width":516,"height":66,"caption":"KOGABAU"},"image":{"@id":"https:\/\/kogabau.facilitytest.sk\/pl\/#\/schema\/logo\/image\/"}}]}},"_links":{"self":[{"href":"https:\/\/kogabau.facilitytest.sk\/pl\/wp-json\/wp\/v2\/pages\/6226","targetHints":{"allow":["GET"]}}],"collection":[{"href":"https:\/\/kogabau.facilitytest.sk\/pl\/wp-json\/wp\/v2\/pages"}],"about":[{"href":"https:\/\/kogabau.facilitytest.sk\/pl\/wp-json\/wp\/v2\/types\/page"}],"author":[{"embeddable":true,"href":"https:\/\/kogabau.facilitytest.sk\/pl\/wp-json\/wp\/v2\/users\/15"}],"replies":[{"embeddable":true,"href":"https:\/\/kogabau.facilitytest.sk\/pl\/wp-json\/wp\/v2\/comments?post=6226"}],"version-history":[{"count":1,"href":"https:\/\/kogabau.facilitytest.sk\/pl\/wp-json\/wp\/v2\/pages\/6226\/revisions"}],"predecessor-version":[{"id":6227,"href":"https:\/\/kogabau.facilitytest.sk\/pl\/wp-json\/wp\/v2\/pages\/6226\/revisions\/6227"}],"wp:attachment":[{"href":"https:\/\/kogabau.facilitytest.sk\/pl\/wp-json\/wp\/v2\/media?parent=6226"}],"curies":[{"name":"wp","href":"https:\/\/api.w.org\/{rel}","templated":true}]}}