{"id":5988,"date":"2025-10-12T17:14:53","date_gmt":"2025-10-12T15:14:53","guid":{"rendered":"https:\/\/kogabau.facilitytest.sk\/koga-toh\/"},"modified":"2025-11-10T08:02:03","modified_gmt":"2025-11-10T07:02:03","slug":"koga-toh","status":"publish","type":"page","link":"https:\/\/kogabau.facilitytest.sk\/pl\/koga-toh\/","title":{"rendered":"KOGA TOH"},"content":{"rendered":"\t\t<div data-elementor-type=\"wp-page\" data-elementor-id=\"5988\" class=\"elementor elementor-5988 elementor-1220\" data-elementor-post-type=\"page\">\n\t\t\t\t\t\t<section class=\"elementor-section elementor-top-section elementor-element elementor-element-9ae7452 elementor-section-boxed elementor-section-height-default elementor-section-height-default\" data-id=\"9ae7452\" data-element_type=\"section\" data-settings=\"{&quot;background_background&quot;:&quot;classic&quot;}\">\n\t\t\t\t\t\t<div class=\"elementor-container elementor-column-gap-default\">\n\t\t\t\t\t<div class=\"elementor-column elementor-col-100 elementor-top-column elementor-element elementor-element-f797e12\" data-id=\"f797e12\" data-element_type=\"column\">\n\t\t\t<div class=\"elementor-widget-wrap elementor-element-populated\">\n\t\t\t\t\t\t<div class=\"elementor-element elementor-element-9a2f37e elementor-widget elementor-widget-spacer\" data-id=\"9a2f37e\" data-element_type=\"widget\" data-widget_type=\"spacer.default\">\n\t\t\t\t<div class=\"elementor-widget-container\">\n\t\t\t\t\t\t\t<div class=\"elementor-spacer\">\n\t\t\t<div class=\"elementor-spacer-inner\"><\/div>\n\t\t<\/div>\n\t\t\t\t\t\t<\/div>\n\t\t\t\t<\/div>\n\t\t\t\t<div class=\"elementor-element elementor-element-004728d elementor-widget elementor-widget-heading\" data-id=\"004728d\" data-element_type=\"widget\" data-widget_type=\"heading.default\">\n\t\t\t\t<div class=\"elementor-widget-container\">\n\t\t\t\t\t<h1 class=\"elementor-heading-title elementor-size-default\">KOGA TOH<\/h1>\t\t\t\t<\/div>\n\t\t\t\t<\/div>\n\t\t\t\t\t<\/div>\n\t\t<\/div>\n\t\t\t\t\t<\/div>\n\t\t<\/section>\n\t\t\t\t<section class=\"elementor-section elementor-top-section elementor-element elementor-element-49ba05b elementor-section-boxed elementor-section-height-default elementor-section-height-default\" data-id=\"49ba05b\" data-element_type=\"section\" data-settings=\"{&quot;background_background&quot;:&quot;classic&quot;}\">\n\t\t\t\t\t\t<div class=\"elementor-container elementor-column-gap-default\">\n\t\t\t\t\t<div class=\"elementor-column elementor-col-100 elementor-top-column elementor-element elementor-element-6fd1e3e\" data-id=\"6fd1e3e\" data-element_type=\"column\">\n\t\t\t<div class=\"elementor-widget-wrap elementor-element-populated\">\n\t\t\t\t\t\t<div class=\"elementor-element elementor-element-ed72659 elementor-widget elementor-widget-text-editor\" data-id=\"ed72659\" data-element_type=\"widget\" data-widget_type=\"text-editor.default\">\n\t\t\t\t<div class=\"elementor-widget-container\">\n\t\t\t\t\t\t\t\t\t<p>Kszta\u0142tka odwodnienia hydroizolacji KOGA TOH jest niezb\u0119dnym elementem odwodnienia most\u00f3w. Jej zadaniem jest odprowadzanie wody przes\u0105czaj\u0105cej si\u0119 przez warstwy nawierzchni na poziomie hydroizolacji. <\/p><p>Wszystkie wersje KOGA TOH spe\u0142niaj\u0105 wymagania odpowiednich norm i Przepis\u00f3w Technicznych. <br>Produkujemy i dostarczamy na budow\u0119 TOH r\u00f3wnie\u017c w nietypowych wersjach, je\u015bli chodzi o kszta\u0142t i d\u0142ugo\u015b\u0107 odp\u0142ywu. W naszym portfolio mamy TOH wykonane z poliamidu wzmocnionego w\u0142\u00f3knem szklanym, kompozyt\u00f3w i stali nierdzewnej klasy A2 i A4.  <\/p><p>Wszystkie oferowane przez nas rozwi\u0105zania KOGA TOH posiadaj\u0105 indywidualny certyfikat produktu, potwierdzaj\u0105cy ich przydatno\u015b\u0107 do stosowania na obiektach mostowych. Takie podej\u015bcie gwarantuje wykonawcy bezproblemowy odbi\u00f3r obiektu, a inwestorowi bezproblemowe funkcjonowanie tego elementu podczas u\u017cytkowania obiektu mostowego.  <br>W ramach naszego systemu oferujemy mo\u017cliwo\u015b\u0107 pod\u0142\u0105czenia odp\u0142yw\u00f3w KOGA TOH do kolektora za pomoc\u0105 kszta\u0142tek wykonanych z w\u0119\u017cy elastycznych. <\/p><p>Zalety stosowania KOGA TOH:<\/p>\t\t\t\t\t\t\t\t<\/div>\n\t\t\t\t<\/div>\n\t\t\t\t<div class=\"elementor-element elementor-element-af5e893 elementor-widget elementor-widget-text-editor\" data-id=\"af5e893\" data-element_type=\"widget\" data-widget_type=\"text-editor.default\">\n\t\t\t\t<div class=\"elementor-widget-container\">\n\t\t\t\t\t\t\t\t\t<ul><li>dedykowany produkt przeznaczony do stosowania na mostach<\/li><li>jako\u015b\u0107 potwierdzona certyfikatem produktu \u2013 bezproblemowy odbi\u00f3r<\/li><li>profesjonalne doradztwo w projektowaniu KOGA TOH<\/li><li>mo\u017cliwo\u015b\u0107 wykonania nietypowego elementu wed\u0142ug potrzeb obiektu mostowego<\/li><li>KOGA TOH jako cz\u0119\u015b\u0107 ca\u0142ego systemu odwodnienia \u2013 bezproblemowe u\u017cytkowanie<\/li><\/ul>\t\t\t\t\t\t\t\t<\/div>\n\t\t\t\t<\/div>\n\t\t\t\t\t<\/div>\n\t\t<\/div>\n\t\t\t\t\t<\/div>\n\t\t<\/section>\n\t\t\t\t<section class=\"elementor-section elementor-top-section elementor-element elementor-element-44858ea elementor-section-boxed elementor-section-height-default elementor-section-height-default\" data-id=\"44858ea\" data-element_type=\"section\" data-settings=\"{&quot;background_background&quot;:&quot;classic&quot;}\">\n\t\t\t\t\t\t<div class=\"elementor-container elementor-column-gap-default\">\n\t\t\t\t\t<div class=\"elementor-column elementor-col-50 elementor-top-column elementor-element elementor-element-6f2353d\" data-id=\"6f2353d\" data-element_type=\"column\">\n\t\t\t<div class=\"elementor-widget-wrap elementor-element-populated\">\n\t\t\t\t\t\t<div class=\"elementor-element elementor-element-1a85c04 elementor-widget elementor-widget-image\" data-id=\"1a85c04\" data-element_type=\"widget\" data-widget_type=\"image.default\">\n\t\t\t\t<div class=\"elementor-widget-container\">\n\t\t\t\t\t\t\t\t\t\t\t\t\t\t\t<img fetchpriority=\"high\" decoding=\"async\" width=\"665\" height=\"819\" src=\"https:\/\/kogabau.facilitytest.sk\/wp-content\/uploads\/2025\/10\/kogabau-koga-toh1.png\" class=\"attachment-full size-full wp-image-5986\" alt=\"\" srcset=\"https:\/\/kogabau.facilitytest.sk\/wp-content\/uploads\/2025\/10\/kogabau-koga-toh1.png 665w, https:\/\/kogabau.facilitytest.sk\/wp-content\/uploads\/2025\/10\/kogabau-koga-toh1-244x300.png 244w\" sizes=\"(max-width: 665px) 100vw, 665px\" \/>\t\t\t\t\t\t\t\t\t\t\t\t\t\t\t<\/div>\n\t\t\t\t<\/div>\n\t\t\t\t\t<\/div>\n\t\t<\/div>\n\t\t\t\t<div class=\"elementor-column elementor-col-50 elementor-top-column elementor-element elementor-element-3865ee8\" data-id=\"3865ee8\" data-element_type=\"column\">\n\t\t\t<div class=\"elementor-widget-wrap elementor-element-populated\">\n\t\t\t\t\t\t<div class=\"elementor-element elementor-element-c1ca85c elementor-widget elementor-widget-image\" data-id=\"c1ca85c\" data-element_type=\"widget\" data-widget_type=\"image.default\">\n\t\t\t\t<div class=\"elementor-widget-container\">\n\t\t\t\t\t\t\t\t\t\t\t\t\t\t\t<img decoding=\"async\" width=\"557\" height=\"820\" src=\"https:\/\/kogabau.facilitytest.sk\/wp-content\/uploads\/2025\/10\/kogabau-koga-toh2.png\" class=\"attachment-full size-full wp-image-5987\" alt=\"\" srcset=\"https:\/\/kogabau.facilitytest.sk\/wp-content\/uploads\/2025\/10\/kogabau-koga-toh2.png 557w, https:\/\/kogabau.facilitytest.sk\/wp-content\/uploads\/2025\/10\/kogabau-koga-toh2-204x300.png 204w\" sizes=\"(max-width: 557px) 100vw, 557px\" \/>\t\t\t\t\t\t\t\t\t\t\t\t\t\t\t<\/div>\n\t\t\t\t<\/div>\n\t\t\t\t\t<\/div>\n\t\t<\/div>\n\t\t\t\t\t<\/div>\n\t\t<\/section>\n\t\t\t\t<\/div>\n\t\t","protected":false},"excerpt":{"rendered":"<p>KOGA TOH Kszta\u0142tka odwodnienia hydroizolacji KOGA TOH jest niezb\u0119dnym elementem odwodnienia most\u00f3w. Jej zadaniem jest odprowadzanie wody przes\u0105czaj\u0105cej si\u0119 przez warstwy nawierzchni na poziomie hydroizolacji. Wszystkie wersje KOGA TOH spe\u0142niaj\u0105 wymagania odpowiednich norm i Przepis\u00f3w Technicznych. Produkujemy i dostarczamy na budow\u0119 TOH r\u00f3wnie\u017c w nietypowych wersjach, je\u015bli chodzi o kszta\u0142t i d\u0142ugo\u015b\u0107 odp\u0142ywu. W naszym [&hellip;]<\/p>\n","protected":false},"author":15,"featured_media":0,"parent":0,"menu_order":0,"comment_status":"closed","ping_status":"closed","template":"","meta":{"footnotes":""},"class_list":["post-5988","page","type-page","status-publish","hentry"],"yoast_head":"<!-- This site is optimized with the Yoast SEO plugin v26.2 - https:\/\/yoast.com\/wordpress\/plugins\/seo\/ -->\n<title>KOGA TOH \u2013 kszta\u0142tki odwodnienia hydroizolacji most\u00f3w | KOGA Bau<\/title>\n<meta name=\"description\" content=\"KOGA TOH to certyfikowane kszta\u0142tki do odwodnienia hydroizolacji most\u00f3w, dost\u0119pne w wersji poliamidowej, kompozytowej i ze stali nierdzewnej. Mo\u017cliwo\u015b\u0107 wykonania nietypowych wersji i pod\u0142\u0105czenia do kolektora gwarantuje niezawodne dzia\u0142anie systemu.\" \/>\n<meta name=\"robots\" content=\"noindex, follow, max-snippet:-1, max-image-preview:large, max-video-preview:-1\" \/>\n<meta property=\"og:locale\" content=\"pl_PL\" \/>\n<meta property=\"og:type\" content=\"article\" \/>\n<meta property=\"og:title\" content=\"KOGA TOH \u2013 kszta\u0142tki odwodnienia hydroizolacji most\u00f3w | KOGA Bau\" \/>\n<meta property=\"og:description\" content=\"KOGA TOH to certyfikowane kszta\u0142tki do odwodnienia hydroizolacji most\u00f3w, dost\u0119pne w wersji poliamidowej, kompozytowej i ze stali nierdzewnej. Mo\u017cliwo\u015b\u0107 wykonania nietypowych wersji i pod\u0142\u0105czenia do kolektora gwarantuje niezawodne dzia\u0142anie systemu.\" \/>\n<meta property=\"og:url\" content=\"https:\/\/kogabau.facilitytest.sk\/pl\/koga-toh\/\" \/>\n<meta property=\"og:site_name\" content=\"KOGABAU\" \/>\n<meta property=\"article:modified_time\" content=\"2025-11-10T07:02:03+00:00\" \/>\n<meta property=\"og:image\" content=\"https:\/\/kogabau.facilitytest.sk\/wp-content\/uploads\/2025\/10\/kogabau-koga-toh1.png\" \/>\n\t<meta property=\"og:image:width\" content=\"665\" \/>\n\t<meta property=\"og:image:height\" content=\"819\" \/>\n\t<meta property=\"og:image:type\" content=\"image\/png\" \/>\n<meta name=\"twitter:card\" content=\"summary_large_image\" \/>\n<meta name=\"twitter:label1\" content=\"Szacowany czas czytania\" \/>\n\t<meta name=\"twitter:data1\" content=\"1 minuta\" \/>\n<script type=\"application\/ld+json\" class=\"yoast-schema-graph\">{\"@context\":\"https:\/\/schema.org\",\"@graph\":[{\"@type\":\"WebPage\",\"@id\":\"https:\/\/kogabau.facilitytest.sk\/pl\/koga-toh\/\",\"url\":\"https:\/\/kogabau.facilitytest.sk\/pl\/koga-toh\/\",\"name\":\"KOGA TOH \u2013 kszta\u0142tki odwodnienia hydroizolacji most\u00f3w | KOGA Bau\",\"isPartOf\":{\"@id\":\"https:\/\/kogabau.facilitytest.sk\/pl\/#website\"},\"primaryImageOfPage\":{\"@id\":\"https:\/\/kogabau.facilitytest.sk\/pl\/koga-toh\/#primaryimage\"},\"image\":{\"@id\":\"https:\/\/kogabau.facilitytest.sk\/pl\/koga-toh\/#primaryimage\"},\"thumbnailUrl\":\"https:\/\/kogabau.facilitytest.sk\/wp-content\/uploads\/2025\/10\/kogabau-koga-toh1.png\",\"datePublished\":\"2025-10-12T15:14:53+00:00\",\"dateModified\":\"2025-11-10T07:02:03+00:00\",\"description\":\"KOGA TOH to certyfikowane kszta\u0142tki do odwodnienia hydroizolacji most\u00f3w, dost\u0119pne w wersji poliamidowej, kompozytowej i ze stali nierdzewnej. Mo\u017cliwo\u015b\u0107 wykonania nietypowych wersji i pod\u0142\u0105czenia do kolektora gwarantuje niezawodne dzia\u0142anie systemu.\",\"breadcrumb\":{\"@id\":\"https:\/\/kogabau.facilitytest.sk\/pl\/koga-toh\/#breadcrumb\"},\"inLanguage\":\"pl-PL\",\"potentialAction\":[{\"@type\":\"ReadAction\",\"target\":[\"https:\/\/kogabau.facilitytest.sk\/pl\/koga-toh\/\"]}]},{\"@type\":\"ImageObject\",\"inLanguage\":\"pl-PL\",\"@id\":\"https:\/\/kogabau.facilitytest.sk\/pl\/koga-toh\/#primaryimage\",\"url\":\"https:\/\/kogabau.facilitytest.sk\/wp-content\/uploads\/2025\/10\/kogabau-koga-toh1.png\",\"contentUrl\":\"https:\/\/kogabau.facilitytest.sk\/wp-content\/uploads\/2025\/10\/kogabau-koga-toh1.png\"},{\"@type\":\"BreadcrumbList\",\"@id\":\"https:\/\/kogabau.facilitytest.sk\/pl\/koga-toh\/#breadcrumb\",\"itemListElement\":[{\"@type\":\"ListItem\",\"position\":1,\"name\":\"Home\",\"item\":\"https:\/\/kogabau.facilitytest.sk\/pl\/\"},{\"@type\":\"ListItem\",\"position\":2,\"name\":\"KOGA TOH\"}]},{\"@type\":\"WebSite\",\"@id\":\"https:\/\/kogabau.facilitytest.sk\/pl\/#website\",\"url\":\"https:\/\/kogabau.facilitytest.sk\/pl\/\",\"name\":\"KOGABAU\",\"description\":\"\",\"publisher\":{\"@id\":\"https:\/\/kogabau.facilitytest.sk\/pl\/#organization\"},\"potentialAction\":[{\"@type\":\"SearchAction\",\"target\":{\"@type\":\"EntryPoint\",\"urlTemplate\":\"https:\/\/kogabau.facilitytest.sk\/pl\/?s={search_term_string}\"},\"query-input\":{\"@type\":\"PropertyValueSpecification\",\"valueRequired\":true,\"valueName\":\"search_term_string\"}}],\"inLanguage\":\"pl-PL\"},{\"@type\":\"Organization\",\"@id\":\"https:\/\/kogabau.facilitytest.sk\/pl\/#organization\",\"name\":\"KOGABAU\",\"url\":\"https:\/\/kogabau.facilitytest.sk\/pl\/\",\"logo\":{\"@type\":\"ImageObject\",\"inLanguage\":\"pl-PL\",\"@id\":\"https:\/\/kogabau.facilitytest.sk\/pl\/#\/schema\/logo\/image\/\",\"url\":\"https:\/\/kogabau.facilitytest.sk\/wp-content\/uploads\/2021\/02\/KOGA-BAU-logo-cierne.png\",\"contentUrl\":\"https:\/\/kogabau.facilitytest.sk\/wp-content\/uploads\/2021\/02\/KOGA-BAU-logo-cierne.png\",\"width\":516,\"height\":66,\"caption\":\"KOGABAU\"},\"image\":{\"@id\":\"https:\/\/kogabau.facilitytest.sk\/pl\/#\/schema\/logo\/image\/\"}}]}<\/script>\n<!-- \/ Yoast SEO plugin. -->","yoast_head_json":{"title":"KOGA TOH \u2013 kszta\u0142tki odwodnienia hydroizolacji most\u00f3w | KOGA Bau","description":"KOGA TOH to certyfikowane kszta\u0142tki do odwodnienia hydroizolacji most\u00f3w, dost\u0119pne w wersji poliamidowej, kompozytowej i ze stali nierdzewnej. Mo\u017cliwo\u015b\u0107 wykonania nietypowych wersji i pod\u0142\u0105czenia do kolektora gwarantuje niezawodne dzia\u0142anie systemu.","robots":{"index":"noindex","follow":"follow","max-snippet":"max-snippet:-1","max-image-preview":"max-image-preview:large","max-video-preview":"max-video-preview:-1"},"og_locale":"pl_PL","og_type":"article","og_title":"KOGA TOH \u2013 kszta\u0142tki odwodnienia hydroizolacji most\u00f3w | KOGA Bau","og_description":"KOGA TOH to certyfikowane kszta\u0142tki do odwodnienia hydroizolacji most\u00f3w, dost\u0119pne w wersji poliamidowej, kompozytowej i ze stali nierdzewnej. Mo\u017cliwo\u015b\u0107 wykonania nietypowych wersji i pod\u0142\u0105czenia do kolektora gwarantuje niezawodne dzia\u0142anie systemu.","og_url":"https:\/\/kogabau.facilitytest.sk\/pl\/koga-toh\/","og_site_name":"KOGABAU","article_modified_time":"2025-11-10T07:02:03+00:00","og_image":[{"width":665,"height":819,"url":"https:\/\/kogabau.facilitytest.sk\/wp-content\/uploads\/2025\/10\/kogabau-koga-toh1.png","type":"image\/png"}],"twitter_card":"summary_large_image","twitter_misc":{"Szacowany czas czytania":"1 minuta"},"schema":{"@context":"https:\/\/schema.org","@graph":[{"@type":"WebPage","@id":"https:\/\/kogabau.facilitytest.sk\/pl\/koga-toh\/","url":"https:\/\/kogabau.facilitytest.sk\/pl\/koga-toh\/","name":"KOGA TOH \u2013 kszta\u0142tki odwodnienia hydroizolacji most\u00f3w | KOGA Bau","isPartOf":{"@id":"https:\/\/kogabau.facilitytest.sk\/pl\/#website"},"primaryImageOfPage":{"@id":"https:\/\/kogabau.facilitytest.sk\/pl\/koga-toh\/#primaryimage"},"image":{"@id":"https:\/\/kogabau.facilitytest.sk\/pl\/koga-toh\/#primaryimage"},"thumbnailUrl":"https:\/\/kogabau.facilitytest.sk\/wp-content\/uploads\/2025\/10\/kogabau-koga-toh1.png","datePublished":"2025-10-12T15:14:53+00:00","dateModified":"2025-11-10T07:02:03+00:00","description":"KOGA TOH to certyfikowane kszta\u0142tki do odwodnienia hydroizolacji most\u00f3w, dost\u0119pne w wersji poliamidowej, kompozytowej i ze stali nierdzewnej. Mo\u017cliwo\u015b\u0107 wykonania nietypowych wersji i pod\u0142\u0105czenia do kolektora gwarantuje niezawodne dzia\u0142anie systemu.","breadcrumb":{"@id":"https:\/\/kogabau.facilitytest.sk\/pl\/koga-toh\/#breadcrumb"},"inLanguage":"pl-PL","potentialAction":[{"@type":"ReadAction","target":["https:\/\/kogabau.facilitytest.sk\/pl\/koga-toh\/"]}]},{"@type":"ImageObject","inLanguage":"pl-PL","@id":"https:\/\/kogabau.facilitytest.sk\/pl\/koga-toh\/#primaryimage","url":"https:\/\/kogabau.facilitytest.sk\/wp-content\/uploads\/2025\/10\/kogabau-koga-toh1.png","contentUrl":"https:\/\/kogabau.facilitytest.sk\/wp-content\/uploads\/2025\/10\/kogabau-koga-toh1.png"},{"@type":"BreadcrumbList","@id":"https:\/\/kogabau.facilitytest.sk\/pl\/koga-toh\/#breadcrumb","itemListElement":[{"@type":"ListItem","position":1,"name":"Home","item":"https:\/\/kogabau.facilitytest.sk\/pl\/"},{"@type":"ListItem","position":2,"name":"KOGA TOH"}]},{"@type":"WebSite","@id":"https:\/\/kogabau.facilitytest.sk\/pl\/#website","url":"https:\/\/kogabau.facilitytest.sk\/pl\/","name":"KOGABAU","description":"","publisher":{"@id":"https:\/\/kogabau.facilitytest.sk\/pl\/#organization"},"potentialAction":[{"@type":"SearchAction","target":{"@type":"EntryPoint","urlTemplate":"https:\/\/kogabau.facilitytest.sk\/pl\/?s={search_term_string}"},"query-input":{"@type":"PropertyValueSpecification","valueRequired":true,"valueName":"search_term_string"}}],"inLanguage":"pl-PL"},{"@type":"Organization","@id":"https:\/\/kogabau.facilitytest.sk\/pl\/#organization","name":"KOGABAU","url":"https:\/\/kogabau.facilitytest.sk\/pl\/","logo":{"@type":"ImageObject","inLanguage":"pl-PL","@id":"https:\/\/kogabau.facilitytest.sk\/pl\/#\/schema\/logo\/image\/","url":"https:\/\/kogabau.facilitytest.sk\/wp-content\/uploads\/2021\/02\/KOGA-BAU-logo-cierne.png","contentUrl":"https:\/\/kogabau.facilitytest.sk\/wp-content\/uploads\/2021\/02\/KOGA-BAU-logo-cierne.png","width":516,"height":66,"caption":"KOGABAU"},"image":{"@id":"https:\/\/kogabau.facilitytest.sk\/pl\/#\/schema\/logo\/image\/"}}]}},"_links":{"self":[{"href":"https:\/\/kogabau.facilitytest.sk\/pl\/wp-json\/wp\/v2\/pages\/5988","targetHints":{"allow":["GET"]}}],"collection":[{"href":"https:\/\/kogabau.facilitytest.sk\/pl\/wp-json\/wp\/v2\/pages"}],"about":[{"href":"https:\/\/kogabau.facilitytest.sk\/pl\/wp-json\/wp\/v2\/types\/page"}],"author":[{"embeddable":true,"href":"https:\/\/kogabau.facilitytest.sk\/pl\/wp-json\/wp\/v2\/users\/15"}],"replies":[{"embeddable":true,"href":"https:\/\/kogabau.facilitytest.sk\/pl\/wp-json\/wp\/v2\/comments?post=5988"}],"version-history":[{"count":1,"href":"https:\/\/kogabau.facilitytest.sk\/pl\/wp-json\/wp\/v2\/pages\/5988\/revisions"}],"predecessor-version":[{"id":5989,"href":"https:\/\/kogabau.facilitytest.sk\/pl\/wp-json\/wp\/v2\/pages\/5988\/revisions\/5989"}],"wp:attachment":[{"href":"https:\/\/kogabau.facilitytest.sk\/pl\/wp-json\/wp\/v2\/media?parent=5988"}],"curies":[{"name":"wp","href":"https:\/\/api.w.org\/{rel}","templated":true}]}}