{"id":5984,"date":"2025-10-12T17:28:03","date_gmt":"2025-10-12T15:28:03","guid":{"rendered":"https:\/\/kogabau.facilitytest.sk\/koga-isd\/"},"modified":"2025-11-10T08:01:23","modified_gmt":"2025-11-10T07:01:23","slug":"koga-isd","status":"publish","type":"page","link":"https:\/\/kogabau.facilitytest.sk\/pl\/koga-isd\/","title":{"rendered":"KOGA ISD"},"content":{"rendered":"\t\t<div data-elementor-type=\"wp-page\" data-elementor-id=\"5984\" class=\"elementor elementor-5984 elementor-1237\" data-elementor-post-type=\"page\">\n\t\t\t\t\t\t<section class=\"elementor-section elementor-top-section elementor-element elementor-element-b40f2e0 elementor-section-boxed elementor-section-height-default elementor-section-height-default\" data-id=\"b40f2e0\" data-element_type=\"section\" data-settings=\"{&quot;background_background&quot;:&quot;classic&quot;}\">\n\t\t\t\t\t\t<div class=\"elementor-container elementor-column-gap-default\">\n\t\t\t\t\t<div class=\"elementor-column elementor-col-100 elementor-top-column elementor-element elementor-element-05d16ed\" data-id=\"05d16ed\" data-element_type=\"column\">\n\t\t\t<div class=\"elementor-widget-wrap elementor-element-populated\">\n\t\t\t\t\t\t<div class=\"elementor-element elementor-element-587a97d elementor-widget elementor-widget-spacer\" data-id=\"587a97d\" data-element_type=\"widget\" data-widget_type=\"spacer.default\">\n\t\t\t\t<div class=\"elementor-widget-container\">\n\t\t\t\t\t\t\t<div class=\"elementor-spacer\">\n\t\t\t<div class=\"elementor-spacer-inner\"><\/div>\n\t\t<\/div>\n\t\t\t\t\t\t<\/div>\n\t\t\t\t<\/div>\n\t\t\t\t<div class=\"elementor-element elementor-element-1084de9 elementor-widget elementor-widget-heading\" data-id=\"1084de9\" data-element_type=\"widget\" data-widget_type=\"heading.default\">\n\t\t\t\t<div class=\"elementor-widget-container\">\n\t\t\t\t\t<h1 class=\"elementor-heading-title elementor-size-default\">KOGA ISD<\/h1>\t\t\t\t<\/div>\n\t\t\t\t<\/div>\n\t\t\t\t<div class=\"elementor-element elementor-element-1bed025 elementor-widget elementor-widget-heading\" data-id=\"1bed025\" data-element_type=\"widget\" data-widget_type=\"heading.default\">\n\t\t\t\t<div class=\"elementor-widget-container\">\n\t\t\t\t\t<h2 class=\"elementor-heading-title elementor-size-default\">system przeznaczony do uk\u0142adania kabli ISD na mostach<\/h2>\t\t\t\t<\/div>\n\t\t\t\t<\/div>\n\t\t\t\t\t<\/div>\n\t\t<\/div>\n\t\t\t\t\t<\/div>\n\t\t<\/section>\n\t\t\t\t<section class=\"elementor-section elementor-top-section elementor-element elementor-element-2a2e37b elementor-section-boxed elementor-section-height-default elementor-section-height-default\" data-id=\"2a2e37b\" data-element_type=\"section\" data-settings=\"{&quot;background_background&quot;:&quot;classic&quot;}\">\n\t\t\t\t\t\t<div class=\"elementor-container elementor-column-gap-default\">\n\t\t\t\t\t<div class=\"elementor-column elementor-col-50 elementor-top-column elementor-element elementor-element-38f756f\" data-id=\"38f756f\" data-element_type=\"column\">\n\t\t\t<div class=\"elementor-widget-wrap elementor-element-populated\">\n\t\t\t\t\t\t<div class=\"elementor-element elementor-element-c969e7b elementor-widget elementor-widget-text-editor\" data-id=\"c969e7b\" data-element_type=\"widget\" data-widget_type=\"text-editor.default\">\n\t\t\t\t<div class=\"elementor-widget-container\">\n\t\t\t\t\t\t\t\t\t<p>Opis systemu:<br>Ochrona wykonana jest z rury z polietylenu o wysokiej g\u0119sto\u015bci (HDPE) przeznaczonej do ochrony kabli elektrycznych, telefonicznych i transmisji danych u\u0142o\u017conych pod mostem. Jest to jednowarstwowy, modu\u0142owy system rur wtykowych, opracowany wraz z ramowym, teleskopowym systemem zawieszenia wy\u0142\u0105cznie na potrzeby obiekt\u00f3w in\u017cynieryjnych na zewn\u0105trz budynk\u00f3w. W projekcie uwzgl\u0119dniono wszystkie czynniki i aspekty zwi\u0105zane z przeznaczeniem tego systemu. System zosta\u0142 zaprojektowany tak, aby spe\u0142nia\u0142 wszystkie wymagania NDS a.s., SSC oraz Ministerstwa Transportu, Budownictwa i Rozwoju Regionalnego Republiki S\u0142owackiej (TP05\/2013). Ochrona antykorozyjna stalowych konstrukcji mostowych, TP03\/2014, podstawowe \u015brodki ochronne ograniczaj\u0105ce wp\u0142yw pr\u0105d\u00f3w b\u0142\u0105dz\u0105cych na konstrukcje mostowe dr\u00f3g l\u0105dowych. Rura, dzi\u0119ki dodatkowym stabilizatorom, jest odporna na degradacj\u0119 wywo\u0142an\u0105 promieniowaniem UV i charakteryzuje si\u0119 stabilno\u015bci\u0105 koloru w trakcie eksploatacji. Wed\u0142ug naszych informacji, jest to jedyny termoplastyczny system odwodnienia mostowego, kt\u00f3ry uzyska\u0142 pozytywny wynik bada\u0144 stabilno\u015bci i odporno\u015bci na starzenie si\u0119 materia\u0142u pod wp\u0142ywem promieniowania UV zgodnie z norm\u0105 DIN EN STN ISO 4892, co potwierdzi\u0142o 30-letni\u0105 \u017cywotno\u015b\u0107. System zachowuje sw\u00f3j kszta\u0142t, wymagan\u0105 wytrzyma\u0142o\u015b\u0107 mechaniczn\u0105 i wytrzymuje temperatury w zakresie od -40\u00b0C do 60\u00b0C. Ca\u0142y system charakteryzuje si\u0119 wysok\u0105 odporno\u015bci\u0105 chemiczn\u0105 na chlorki i siarczki (substancje ropopochodne), nie rdzewieje i jest odporny na korozj\u0119 elektrochemiczn\u0105. Rura jest produkowana w kolorze szarym i czarnym.         <\/p>\t\t\t\t\t\t\t\t<\/div>\n\t\t\t\t<\/div>\n\t\t\t\t\t<\/div>\n\t\t<\/div>\n\t\t\t\t<div class=\"elementor-column elementor-col-50 elementor-top-column elementor-element elementor-element-5a8f416\" data-id=\"5a8f416\" data-element_type=\"column\">\n\t\t\t<div class=\"elementor-widget-wrap elementor-element-populated\">\n\t\t\t\t\t\t<div class=\"elementor-element elementor-element-9d25a9c elementor-widget elementor-widget-image\" data-id=\"9d25a9c\" data-element_type=\"widget\" data-widget_type=\"image.default\">\n\t\t\t\t<div class=\"elementor-widget-container\">\n\t\t\t\t\t\t\t\t\t\t\t\t\t\t\t<img fetchpriority=\"high\" decoding=\"async\" width=\"466\" height=\"806\" src=\"https:\/\/kogabau.facilitytest.sk\/wp-content\/uploads\/2025\/10\/kogabau-koga-isd1.png\" class=\"attachment-full size-full wp-image-5980\" alt=\"\" srcset=\"https:\/\/kogabau.facilitytest.sk\/wp-content\/uploads\/2025\/10\/kogabau-koga-isd1.png 466w, https:\/\/kogabau.facilitytest.sk\/wp-content\/uploads\/2025\/10\/kogabau-koga-isd1-173x300.png 173w\" sizes=\"(max-width: 466px) 100vw, 466px\" \/>\t\t\t\t\t\t\t\t\t\t\t\t\t\t\t<\/div>\n\t\t\t\t<\/div>\n\t\t\t\t\t<\/div>\n\t\t<\/div>\n\t\t\t\t\t<\/div>\n\t\t<\/section>\n\t\t\t\t<section class=\"elementor-section elementor-top-section elementor-element elementor-element-fed5678 elementor-section-boxed elementor-section-height-default elementor-section-height-default\" data-id=\"fed5678\" data-element_type=\"section\" data-settings=\"{&quot;background_background&quot;:&quot;classic&quot;}\">\n\t\t\t\t\t\t<div class=\"elementor-container elementor-column-gap-default\">\n\t\t\t\t\t<div class=\"elementor-column elementor-col-50 elementor-top-column elementor-element elementor-element-9243801\" data-id=\"9243801\" data-element_type=\"column\">\n\t\t\t<div class=\"elementor-widget-wrap elementor-element-populated\">\n\t\t\t\t\t\t<div class=\"elementor-element elementor-element-583d57a elementor-widget elementor-widget-heading\" data-id=\"583d57a\" data-element_type=\"widget\" data-widget_type=\"heading.default\">\n\t\t\t\t<div class=\"elementor-widget-container\">\n\t\t\t\t\t<h3 class=\"elementor-heading-title elementor-size-default\">Zalety systemu rur polietylenowych KOGA ISD:<\/h3>\t\t\t\t<\/div>\n\t\t\t\t<\/div>\n\t\t\t\t<div class=\"elementor-element elementor-element-916f6df elementor-widget elementor-widget-text-editor\" data-id=\"916f6df\" data-element_type=\"widget\" data-widget_type=\"text-editor.default\">\n\t\t\t\t<div class=\"elementor-widget-container\">\n\t\t\t\t\t\t\t\t\t<p>System oferuje wy\u017cszy poziom techniczny i estetyczny oraz korzystniejsz\u0105 cen\u0119 ni\u017c systemy obecnie stosowane na S\u0142owacji. Jego g\u0142\u00f3wne zalety to: <\/p><ul><li>system przeznaczony jest do konstrukcji mostowych, a nie tylko do instalacji podziemnych<\/li><li>system jest zaprojektowany jako kompatybilna jednostka obejmuj\u0105ca technologi\u0119 zawieszenia<\/li><li>system posiada deklarowan\u0105 stabilno\u015b\u0107 UV zgodnie z norm\u0105 STN EN 4892, z \u017cywotno\u015bci\u0105 30 lat<\/li><li>system jest jednorodny, tzn. rury i kszta\u0142tki wykonane s\u0105 z tego samego materia\u0142u<\/li><li>zawiasy stalowe do ramy teleskopowej:<\/li><li>odporne na korozj\u0119 zgodnie z TP05\/2013 i TP11\/2012 (cynkowanie ogniowe, malowanie proszkowe), materia\u0142 \u0142\u0105cz\u0105cy i kotwi\u0105cy ze stali odpornej na korozj\u0119 klasy A4,<\/li><li>produkt fabryczny, rektyfikacja nie powoduje przeci\u0119cia materia\u0142u ani uszkodzenia wyko\u0144czenia powierzchni<\/li><li>kolanka i kszta\u0142tki spawane bezpo\u015brednio do rury zbiorczej, czyli mniej z\u0142\u0105czek, mo\u017cliwo\u015b\u0107 uzyskania r\u00f3\u017cnorodnych kszta\u0142t\u00f3w.<\/li><li>Os\u0142ona jest wykonana z plastiku, tzn. nie ulega korozji i nie jest interesuj\u0105ca dla kolekcjoner\u00f3w metali.<\/li><li>kolor szary RAL7032 systemu odpowiada kolorowi konstrukcji mostu,<\/li><li>kompleksowe us\u0142ugi \u2013 projekt, produkcja, dostawa, monta\u017c \u2013 gwarancja jako\u015bci<\/li><\/ul>\t\t\t\t\t\t\t\t<\/div>\n\t\t\t\t<\/div>\n\t\t\t\t\t<\/div>\n\t\t<\/div>\n\t\t\t\t<div class=\"elementor-column elementor-col-50 elementor-top-column elementor-element elementor-element-18045c3\" data-id=\"18045c3\" data-element_type=\"column\">\n\t\t\t<div class=\"elementor-widget-wrap\">\n\t\t\t\t\t\t\t<\/div>\n\t\t<\/div>\n\t\t\t\t\t<\/div>\n\t\t<\/section>\n\t\t\t\t<section class=\"elementor-section elementor-top-section elementor-element elementor-element-be08196 elementor-section-boxed elementor-section-height-default elementor-section-height-default\" data-id=\"be08196\" data-element_type=\"section\" data-settings=\"{&quot;background_background&quot;:&quot;classic&quot;}\">\n\t\t\t\t\t\t<div class=\"elementor-container elementor-column-gap-default\">\n\t\t\t\t\t<div class=\"elementor-column elementor-col-33 elementor-top-column elementor-element elementor-element-794ef08\" data-id=\"794ef08\" data-element_type=\"column\">\n\t\t\t<div class=\"elementor-widget-wrap elementor-element-populated\">\n\t\t\t\t\t\t<div class=\"elementor-element elementor-element-6ca3eb0 elementor-widget elementor-widget-image\" data-id=\"6ca3eb0\" data-element_type=\"widget\" data-widget_type=\"image.default\">\n\t\t\t\t<div class=\"elementor-widget-container\">\n\t\t\t\t\t\t\t\t\t\t\t\t\t\t\t<img decoding=\"async\" width=\"464\" height=\"323\" src=\"https:\/\/kogabau.facilitytest.sk\/wp-content\/uploads\/2025\/10\/kogabau-koga-isd2.png\" class=\"attachment-full size-full wp-image-5981\" alt=\"\" srcset=\"https:\/\/kogabau.facilitytest.sk\/wp-content\/uploads\/2025\/10\/kogabau-koga-isd2.png 464w, https:\/\/kogabau.facilitytest.sk\/wp-content\/uploads\/2025\/10\/kogabau-koga-isd2-300x209.png 300w\" sizes=\"(max-width: 464px) 100vw, 464px\" \/>\t\t\t\t\t\t\t\t\t\t\t\t\t\t\t<\/div>\n\t\t\t\t<\/div>\n\t\t\t\t\t<\/div>\n\t\t<\/div>\n\t\t\t\t<div class=\"elementor-column elementor-col-33 elementor-top-column elementor-element elementor-element-c88a900\" data-id=\"c88a900\" data-element_type=\"column\">\n\t\t\t<div class=\"elementor-widget-wrap elementor-element-populated\">\n\t\t\t\t\t\t<div class=\"elementor-element elementor-element-4197a75 elementor-widget elementor-widget-image\" data-id=\"4197a75\" data-element_type=\"widget\" data-widget_type=\"image.default\">\n\t\t\t\t<div class=\"elementor-widget-container\">\n\t\t\t\t\t\t\t\t\t\t\t\t\t\t\t<img decoding=\"async\" width=\"464\" height=\"323\" src=\"https:\/\/kogabau.facilitytest.sk\/wp-content\/uploads\/2025\/10\/kogabau-koga-isd3.png\" class=\"attachment-full size-full wp-image-5982\" alt=\"\" srcset=\"https:\/\/kogabau.facilitytest.sk\/wp-content\/uploads\/2025\/10\/kogabau-koga-isd3.png 464w, https:\/\/kogabau.facilitytest.sk\/wp-content\/uploads\/2025\/10\/kogabau-koga-isd3-300x209.png 300w\" sizes=\"(max-width: 464px) 100vw, 464px\" \/>\t\t\t\t\t\t\t\t\t\t\t\t\t\t\t<\/div>\n\t\t\t\t<\/div>\n\t\t\t\t\t<\/div>\n\t\t<\/div>\n\t\t\t\t<div class=\"elementor-column elementor-col-33 elementor-top-column elementor-element elementor-element-6e67a4b\" data-id=\"6e67a4b\" data-element_type=\"column\">\n\t\t\t<div class=\"elementor-widget-wrap elementor-element-populated\">\n\t\t\t\t\t\t<div class=\"elementor-element elementor-element-eab0109 elementor-widget elementor-widget-image\" data-id=\"eab0109\" data-element_type=\"widget\" data-widget_type=\"image.default\">\n\t\t\t\t<div class=\"elementor-widget-container\">\n\t\t\t\t\t\t\t\t\t\t\t\t\t\t\t<img loading=\"lazy\" decoding=\"async\" width=\"464\" height=\"323\" src=\"https:\/\/kogabau.facilitytest.sk\/wp-content\/uploads\/2025\/10\/kogabau-koga-isd4.png\" class=\"attachment-full size-full wp-image-5983\" alt=\"\" srcset=\"https:\/\/kogabau.facilitytest.sk\/wp-content\/uploads\/2025\/10\/kogabau-koga-isd4.png 464w, https:\/\/kogabau.facilitytest.sk\/wp-content\/uploads\/2025\/10\/kogabau-koga-isd4-300x209.png 300w\" sizes=\"(max-width: 464px) 100vw, 464px\" \/>\t\t\t\t\t\t\t\t\t\t\t\t\t\t\t<\/div>\n\t\t\t\t<\/div>\n\t\t\t\t\t<\/div>\n\t\t<\/div>\n\t\t\t\t\t<\/div>\n\t\t<\/section>\n\t\t\t\t<\/div>\n\t\t","protected":false},"excerpt":{"rendered":"<p>KOGA ISD system przeznaczony do uk\u0142adania kabli ISD na mostach Opis systemu:Ochrona wykonana jest z rury z polietylenu o wysokiej g\u0119sto\u015bci (HDPE) przeznaczonej do ochrony kabli elektrycznych, telefonicznych i transmisji danych u\u0142o\u017conych pod mostem. Jest to jednowarstwowy, modu\u0142owy system rur wtykowych, opracowany wraz z ramowym, teleskopowym systemem zawieszenia wy\u0142\u0105cznie na potrzeby obiekt\u00f3w in\u017cynieryjnych na zewn\u0105trz [&hellip;]<\/p>\n","protected":false},"author":15,"featured_media":0,"parent":0,"menu_order":0,"comment_status":"closed","ping_status":"closed","template":"","meta":{"footnotes":""},"class_list":["post-5984","page","type-page","status-publish","hentry"],"yoast_head":"<!-- This site is optimized with the Yoast SEO plugin v26.2 - https:\/\/yoast.com\/wordpress\/plugins\/seo\/ -->\n<title>KOGA ISD \u2013 Rury os\u0142onowe HDPE do uk\u0142adania kabli ISD na mostach | KOGA Bau<\/title>\n<meta name=\"description\" content=\"KOGA ISD to jednowarstwowy system rur os\u0142onowych z HDPE do kabli elektrycznych, telefonicznych i transmisji danych na mostach. Odporny na promieniowanie UV, chemikalia, z teleskopowymi wieszakami i 30-letnim okresem eksploatacji, obejmuj\u0105cym projektowanie, produkcj\u0119 i monta\u017c.\" \/>\n<meta name=\"robots\" content=\"noindex, follow, max-snippet:-1, max-image-preview:large, max-video-preview:-1\" \/>\n<meta property=\"og:locale\" content=\"pl_PL\" \/>\n<meta property=\"og:type\" content=\"article\" \/>\n<meta property=\"og:title\" content=\"KOGA ISD \u2013 Rury os\u0142onowe HDPE do uk\u0142adania kabli ISD na mostach | KOGA Bau\" \/>\n<meta property=\"og:description\" content=\"KOGA ISD to jednowarstwowy system rur os\u0142onowych z HDPE do kabli elektrycznych, telefonicznych i transmisji danych na mostach. Odporny na promieniowanie UV, chemikalia, z teleskopowymi wieszakami i 30-letnim okresem eksploatacji, obejmuj\u0105cym projektowanie, produkcj\u0119 i monta\u017c.\" \/>\n<meta property=\"og:url\" content=\"https:\/\/kogabau.facilitytest.sk\/pl\/koga-isd\/\" \/>\n<meta property=\"og:site_name\" content=\"KOGABAU\" \/>\n<meta property=\"article:modified_time\" content=\"2025-11-10T07:01:23+00:00\" \/>\n<meta property=\"og:image\" content=\"https:\/\/kogabau.facilitytest.sk\/wp-content\/uploads\/2025\/10\/kogabau-koga-isd1.png\" \/>\n\t<meta property=\"og:image:width\" content=\"466\" \/>\n\t<meta property=\"og:image:height\" content=\"806\" \/>\n\t<meta property=\"og:image:type\" content=\"image\/png\" \/>\n<meta name=\"twitter:card\" content=\"summary_large_image\" \/>\n<meta name=\"twitter:label1\" content=\"Szacowany czas czytania\" \/>\n\t<meta name=\"twitter:data1\" content=\"2 minuty\" \/>\n<script type=\"application\/ld+json\" class=\"yoast-schema-graph\">{\"@context\":\"https:\/\/schema.org\",\"@graph\":[{\"@type\":\"WebPage\",\"@id\":\"https:\/\/kogabau.facilitytest.sk\/pl\/koga-isd\/\",\"url\":\"https:\/\/kogabau.facilitytest.sk\/pl\/koga-isd\/\",\"name\":\"KOGA ISD \u2013 Rury os\u0142onowe HDPE do uk\u0142adania kabli ISD na mostach | KOGA Bau\",\"isPartOf\":{\"@id\":\"https:\/\/kogabau.facilitytest.sk\/pl\/#website\"},\"primaryImageOfPage\":{\"@id\":\"https:\/\/kogabau.facilitytest.sk\/pl\/koga-isd\/#primaryimage\"},\"image\":{\"@id\":\"https:\/\/kogabau.facilitytest.sk\/pl\/koga-isd\/#primaryimage\"},\"thumbnailUrl\":\"https:\/\/kogabau.facilitytest.sk\/wp-content\/uploads\/2025\/10\/kogabau-koga-isd1.png\",\"datePublished\":\"2025-10-12T15:28:03+00:00\",\"dateModified\":\"2025-11-10T07:01:23+00:00\",\"description\":\"KOGA ISD to jednowarstwowy system rur os\u0142onowych z HDPE do kabli elektrycznych, telefonicznych i transmisji danych na mostach. Odporny na promieniowanie UV, chemikalia, z teleskopowymi wieszakami i 30-letnim okresem eksploatacji, obejmuj\u0105cym projektowanie, produkcj\u0119 i monta\u017c.\",\"breadcrumb\":{\"@id\":\"https:\/\/kogabau.facilitytest.sk\/pl\/koga-isd\/#breadcrumb\"},\"inLanguage\":\"pl-PL\",\"potentialAction\":[{\"@type\":\"ReadAction\",\"target\":[\"https:\/\/kogabau.facilitytest.sk\/pl\/koga-isd\/\"]}]},{\"@type\":\"ImageObject\",\"inLanguage\":\"pl-PL\",\"@id\":\"https:\/\/kogabau.facilitytest.sk\/pl\/koga-isd\/#primaryimage\",\"url\":\"https:\/\/kogabau.facilitytest.sk\/wp-content\/uploads\/2025\/10\/kogabau-koga-isd1.png\",\"contentUrl\":\"https:\/\/kogabau.facilitytest.sk\/wp-content\/uploads\/2025\/10\/kogabau-koga-isd1.png\"},{\"@type\":\"BreadcrumbList\",\"@id\":\"https:\/\/kogabau.facilitytest.sk\/pl\/koga-isd\/#breadcrumb\",\"itemListElement\":[{\"@type\":\"ListItem\",\"position\":1,\"name\":\"Home\",\"item\":\"https:\/\/kogabau.facilitytest.sk\/pl\/\"},{\"@type\":\"ListItem\",\"position\":2,\"name\":\"KOGA ISD\"}]},{\"@type\":\"WebSite\",\"@id\":\"https:\/\/kogabau.facilitytest.sk\/pl\/#website\",\"url\":\"https:\/\/kogabau.facilitytest.sk\/pl\/\",\"name\":\"KOGABAU\",\"description\":\"\",\"publisher\":{\"@id\":\"https:\/\/kogabau.facilitytest.sk\/pl\/#organization\"},\"potentialAction\":[{\"@type\":\"SearchAction\",\"target\":{\"@type\":\"EntryPoint\",\"urlTemplate\":\"https:\/\/kogabau.facilitytest.sk\/pl\/?s={search_term_string}\"},\"query-input\":{\"@type\":\"PropertyValueSpecification\",\"valueRequired\":true,\"valueName\":\"search_term_string\"}}],\"inLanguage\":\"pl-PL\"},{\"@type\":\"Organization\",\"@id\":\"https:\/\/kogabau.facilitytest.sk\/pl\/#organization\",\"name\":\"KOGABAU\",\"url\":\"https:\/\/kogabau.facilitytest.sk\/pl\/\",\"logo\":{\"@type\":\"ImageObject\",\"inLanguage\":\"pl-PL\",\"@id\":\"https:\/\/kogabau.facilitytest.sk\/pl\/#\/schema\/logo\/image\/\",\"url\":\"https:\/\/kogabau.facilitytest.sk\/wp-content\/uploads\/2021\/02\/KOGA-BAU-logo-cierne.png\",\"contentUrl\":\"https:\/\/kogabau.facilitytest.sk\/wp-content\/uploads\/2021\/02\/KOGA-BAU-logo-cierne.png\",\"width\":516,\"height\":66,\"caption\":\"KOGABAU\"},\"image\":{\"@id\":\"https:\/\/kogabau.facilitytest.sk\/pl\/#\/schema\/logo\/image\/\"}}]}<\/script>\n<!-- \/ Yoast SEO plugin. -->","yoast_head_json":{"title":"KOGA ISD \u2013 Rury os\u0142onowe HDPE do uk\u0142adania kabli ISD na mostach | KOGA Bau","description":"KOGA ISD to jednowarstwowy system rur os\u0142onowych z HDPE do kabli elektrycznych, telefonicznych i transmisji danych na mostach. Odporny na promieniowanie UV, chemikalia, z teleskopowymi wieszakami i 30-letnim okresem eksploatacji, obejmuj\u0105cym projektowanie, produkcj\u0119 i monta\u017c.","robots":{"index":"noindex","follow":"follow","max-snippet":"max-snippet:-1","max-image-preview":"max-image-preview:large","max-video-preview":"max-video-preview:-1"},"og_locale":"pl_PL","og_type":"article","og_title":"KOGA ISD \u2013 Rury os\u0142onowe HDPE do uk\u0142adania kabli ISD na mostach | KOGA Bau","og_description":"KOGA ISD to jednowarstwowy system rur os\u0142onowych z HDPE do kabli elektrycznych, telefonicznych i transmisji danych na mostach. Odporny na promieniowanie UV, chemikalia, z teleskopowymi wieszakami i 30-letnim okresem eksploatacji, obejmuj\u0105cym projektowanie, produkcj\u0119 i monta\u017c.","og_url":"https:\/\/kogabau.facilitytest.sk\/pl\/koga-isd\/","og_site_name":"KOGABAU","article_modified_time":"2025-11-10T07:01:23+00:00","og_image":[{"width":466,"height":806,"url":"https:\/\/kogabau.facilitytest.sk\/wp-content\/uploads\/2025\/10\/kogabau-koga-isd1.png","type":"image\/png"}],"twitter_card":"summary_large_image","twitter_misc":{"Szacowany czas czytania":"2 minuty"},"schema":{"@context":"https:\/\/schema.org","@graph":[{"@type":"WebPage","@id":"https:\/\/kogabau.facilitytest.sk\/pl\/koga-isd\/","url":"https:\/\/kogabau.facilitytest.sk\/pl\/koga-isd\/","name":"KOGA ISD \u2013 Rury os\u0142onowe HDPE do uk\u0142adania kabli ISD na mostach | KOGA Bau","isPartOf":{"@id":"https:\/\/kogabau.facilitytest.sk\/pl\/#website"},"primaryImageOfPage":{"@id":"https:\/\/kogabau.facilitytest.sk\/pl\/koga-isd\/#primaryimage"},"image":{"@id":"https:\/\/kogabau.facilitytest.sk\/pl\/koga-isd\/#primaryimage"},"thumbnailUrl":"https:\/\/kogabau.facilitytest.sk\/wp-content\/uploads\/2025\/10\/kogabau-koga-isd1.png","datePublished":"2025-10-12T15:28:03+00:00","dateModified":"2025-11-10T07:01:23+00:00","description":"KOGA ISD to jednowarstwowy system rur os\u0142onowych z HDPE do kabli elektrycznych, telefonicznych i transmisji danych na mostach. Odporny na promieniowanie UV, chemikalia, z teleskopowymi wieszakami i 30-letnim okresem eksploatacji, obejmuj\u0105cym projektowanie, produkcj\u0119 i monta\u017c.","breadcrumb":{"@id":"https:\/\/kogabau.facilitytest.sk\/pl\/koga-isd\/#breadcrumb"},"inLanguage":"pl-PL","potentialAction":[{"@type":"ReadAction","target":["https:\/\/kogabau.facilitytest.sk\/pl\/koga-isd\/"]}]},{"@type":"ImageObject","inLanguage":"pl-PL","@id":"https:\/\/kogabau.facilitytest.sk\/pl\/koga-isd\/#primaryimage","url":"https:\/\/kogabau.facilitytest.sk\/wp-content\/uploads\/2025\/10\/kogabau-koga-isd1.png","contentUrl":"https:\/\/kogabau.facilitytest.sk\/wp-content\/uploads\/2025\/10\/kogabau-koga-isd1.png"},{"@type":"BreadcrumbList","@id":"https:\/\/kogabau.facilitytest.sk\/pl\/koga-isd\/#breadcrumb","itemListElement":[{"@type":"ListItem","position":1,"name":"Home","item":"https:\/\/kogabau.facilitytest.sk\/pl\/"},{"@type":"ListItem","position":2,"name":"KOGA ISD"}]},{"@type":"WebSite","@id":"https:\/\/kogabau.facilitytest.sk\/pl\/#website","url":"https:\/\/kogabau.facilitytest.sk\/pl\/","name":"KOGABAU","description":"","publisher":{"@id":"https:\/\/kogabau.facilitytest.sk\/pl\/#organization"},"potentialAction":[{"@type":"SearchAction","target":{"@type":"EntryPoint","urlTemplate":"https:\/\/kogabau.facilitytest.sk\/pl\/?s={search_term_string}"},"query-input":{"@type":"PropertyValueSpecification","valueRequired":true,"valueName":"search_term_string"}}],"inLanguage":"pl-PL"},{"@type":"Organization","@id":"https:\/\/kogabau.facilitytest.sk\/pl\/#organization","name":"KOGABAU","url":"https:\/\/kogabau.facilitytest.sk\/pl\/","logo":{"@type":"ImageObject","inLanguage":"pl-PL","@id":"https:\/\/kogabau.facilitytest.sk\/pl\/#\/schema\/logo\/image\/","url":"https:\/\/kogabau.facilitytest.sk\/wp-content\/uploads\/2021\/02\/KOGA-BAU-logo-cierne.png","contentUrl":"https:\/\/kogabau.facilitytest.sk\/wp-content\/uploads\/2021\/02\/KOGA-BAU-logo-cierne.png","width":516,"height":66,"caption":"KOGABAU"},"image":{"@id":"https:\/\/kogabau.facilitytest.sk\/pl\/#\/schema\/logo\/image\/"}}]}},"_links":{"self":[{"href":"https:\/\/kogabau.facilitytest.sk\/pl\/wp-json\/wp\/v2\/pages\/5984","targetHints":{"allow":["GET"]}}],"collection":[{"href":"https:\/\/kogabau.facilitytest.sk\/pl\/wp-json\/wp\/v2\/pages"}],"about":[{"href":"https:\/\/kogabau.facilitytest.sk\/pl\/wp-json\/wp\/v2\/types\/page"}],"author":[{"embeddable":true,"href":"https:\/\/kogabau.facilitytest.sk\/pl\/wp-json\/wp\/v2\/users\/15"}],"replies":[{"embeddable":true,"href":"https:\/\/kogabau.facilitytest.sk\/pl\/wp-json\/wp\/v2\/comments?post=5984"}],"version-history":[{"count":1,"href":"https:\/\/kogabau.facilitytest.sk\/pl\/wp-json\/wp\/v2\/pages\/5984\/revisions"}],"predecessor-version":[{"id":5985,"href":"https:\/\/kogabau.facilitytest.sk\/pl\/wp-json\/wp\/v2\/pages\/5984\/revisions\/5985"}],"wp:attachment":[{"href":"https:\/\/kogabau.facilitytest.sk\/pl\/wp-json\/wp\/v2\/media?parent=5984"}],"curies":[{"name":"wp","href":"https:\/\/api.w.org\/{rel}","templated":true}]}}