{"id":5974,"date":"2025-10-12T16:42:25","date_gmt":"2025-10-12T14:42:25","guid":{"rendered":"https:\/\/kogabau.facilitytest.sk\/koga-grp-wall\/"},"modified":"2025-11-12T12:00:15","modified_gmt":"2025-11-12T11:00:15","slug":"koga-grp-wall","status":"publish","type":"page","link":"https:\/\/kogabau.facilitytest.sk\/pl\/koga-grp-wall\/","title":{"rendered":"KOGA GRP WALL"},"content":{"rendered":"\t\t<div data-elementor-type=\"wp-page\" data-elementor-id=\"5974\" class=\"elementor elementor-5974 elementor-1184\" data-elementor-post-type=\"page\">\n\t\t\t\t\t\t<section class=\"elementor-section elementor-top-section elementor-element elementor-element-1ed1a57 elementor-section-boxed elementor-section-height-default elementor-section-height-default\" data-id=\"1ed1a57\" data-element_type=\"section\" data-settings=\"{&quot;background_background&quot;:&quot;classic&quot;}\">\n\t\t\t\t\t\t<div class=\"elementor-container elementor-column-gap-default\">\n\t\t\t\t\t<div class=\"elementor-column elementor-col-100 elementor-top-column elementor-element elementor-element-e249fcf\" data-id=\"e249fcf\" data-element_type=\"column\">\n\t\t\t<div class=\"elementor-widget-wrap elementor-element-populated\">\n\t\t\t\t\t\t<div class=\"elementor-element elementor-element-1bcb4fc elementor-widget elementor-widget-spacer\" data-id=\"1bcb4fc\" data-element_type=\"widget\" data-widget_type=\"spacer.default\">\n\t\t\t\t<div class=\"elementor-widget-container\">\n\t\t\t\t\t\t\t<div class=\"elementor-spacer\">\n\t\t\t<div class=\"elementor-spacer-inner\"><\/div>\n\t\t<\/div>\n\t\t\t\t\t\t<\/div>\n\t\t\t\t<\/div>\n\t\t\t\t<div class=\"elementor-element elementor-element-8b748ae elementor-widget elementor-widget-heading\" data-id=\"8b748ae\" data-element_type=\"widget\" data-widget_type=\"heading.default\">\n\t\t\t\t<div class=\"elementor-widget-container\">\n\t\t\t\t\t<h1 class=\"elementor-heading-title elementor-size-default\">KOGA HDPE WALL<\/h1>\t\t\t\t<\/div>\n\t\t\t\t<\/div>\n\t\t\t\t\t<\/div>\n\t\t<\/div>\n\t\t\t\t\t<\/div>\n\t\t<\/section>\n\t\t\t\t<section class=\"elementor-section elementor-top-section elementor-element elementor-element-4832341 elementor-section-boxed elementor-section-height-default elementor-section-height-default\" data-id=\"4832341\" data-element_type=\"section\" data-settings=\"{&quot;background_background&quot;:&quot;classic&quot;}\">\n\t\t\t\t\t\t<div class=\"elementor-container elementor-column-gap-default\">\n\t\t\t\t\t<div class=\"elementor-column elementor-col-100 elementor-top-column elementor-element elementor-element-7b7c4bf\" data-id=\"7b7c4bf\" data-element_type=\"column\">\n\t\t\t<div class=\"elementor-widget-wrap elementor-element-populated\">\n\t\t\t\t\t\t<div class=\"elementor-element elementor-element-d25919c elementor-widget elementor-widget-text-editor\" data-id=\"d25919c\" data-element_type=\"widget\" data-widget_type=\"text-editor.default\">\n\t\t\t\t<div class=\"elementor-widget-container\">\n\t\t\t\t\t\t\t\t\t<p>KOGA GRP WALL to system ok\u0142adzin \u015bciennych i powierzchniowych opracowany w celu estetycznego wyko\u0144czenia widocznych cz\u0119\u015bci przej\u015b\u0107 podziemnych i tuneli.<\/p>\t\t\t\t\t\t\t\t<\/div>\n\t\t\t\t<\/div>\n\t\t\t\t<div class=\"elementor-element elementor-element-4860e5c elementor-widget elementor-widget-heading\" data-id=\"4860e5c\" data-element_type=\"widget\" data-widget_type=\"heading.default\">\n\t\t\t\t<div class=\"elementor-widget-container\">\n\t\t\t\t\t<h2 class=\"elementor-heading-title elementor-size-default\">Cechy<\/h2>\t\t\t\t<\/div>\n\t\t\t\t<\/div>\n\t\t\t\t<div class=\"elementor-element elementor-element-ed4af2e elementor-widget elementor-widget-text-editor\" data-id=\"ed4af2e\" data-element_type=\"widget\" data-widget_type=\"text-editor.default\">\n\t\t\t\t<div class=\"elementor-widget-container\">\n\t\t\t\t\t\t\t\t\t<p>System obejmuje elementy fasadowe wykonane z tworzywa sztucznego wzmocnionego w\u0142\u00f3knem szklanym (GRP) zaprojektowane w po\u0142\u0105czeniu z konstrukcj\u0105 bazow\u0105 ze stali nierdzewnej. Mo\u017cliwe jest \u0142\u0105czenie kszta\u0142t\u00f3w i kolor\u00f3w na jednej fasadzie, dzi\u0119ki czemu uzyskujemy niepowtarzalny efekt architektoniczny. Dostarczamy dokumentacj\u0119 produkcyjno-techniczn\u0105 oraz plan u\u0142o\u017cenia, sporz\u0105dzon\u0105 z uwzgl\u0119dnieniem specyfiki placu budowy. Oferujemy profesjonalne projektowanie, produkcj\u0119 i wdro\u017cenie systemu bezpo\u015brednio na obiekcie.   <\/p><p>GRP ma doskona\u0142e w\u0142a\u015bciwo\u015bci u\u017cytkowe, zw\u0142aszcza takie jak: nienasi\u0105kliwo\u015b\u0107, mrozoodporno\u015b\u0107, trwa\u0142o\u015b\u0107 koloru ze wzgl\u0119du na odporno\u015b\u0107 na promieniowanie UV oraz wysoka wytrzyma\u0142o\u015b\u0107 na napr\u0119\u017cenia i obci\u0105\u017cenia dynamiczne.<\/p><p>Wszelkie uszkodzenia powsta\u0142e w wyniku akt\u00f3w wandalizmu (malowanie, graffiti) mo\u017cna \u0142atwo usun\u0105\u0107 bez uszkadzania powierzchni zewn\u0119trznej. System zosta\u0142 zaprojektowany tak, aby umo\u017cliwi\u0107 ewentualn\u0105 wymian\u0119 powa\u017cnie uszkodzonych element\u00f3w, kt\u00f3re mo\u017cna wymienia\u0107 pojedynczo, bez konieczno\u015bci demonta\u017cu wi\u0119kszej powierzchni ni\u017c uszkodzona. <\/p>\t\t\t\t\t\t\t\t<\/div>\n\t\t\t\t<\/div>\n\t\t\t\t<div class=\"elementor-element elementor-element-541c9be elementor-widget elementor-widget-image\" data-id=\"541c9be\" data-element_type=\"widget\" data-widget_type=\"image.default\">\n\t\t\t\t<div class=\"elementor-widget-container\">\n\t\t\t\t\t\t\t\t\t\t\t\t\t\t\t<img fetchpriority=\"high\" decoding=\"async\" width=\"1433\" height=\"478\" src=\"https:\/\/kogabau.facilitytest.sk\/wp-content\/uploads\/2025\/10\/kogabau-KOGA-GRP-WALL1.png\" class=\"attachment-full size-full wp-image-5972\" alt=\"\" srcset=\"https:\/\/kogabau.facilitytest.sk\/wp-content\/uploads\/2025\/10\/kogabau-KOGA-GRP-WALL1.png 1433w, https:\/\/kogabau.facilitytest.sk\/wp-content\/uploads\/2025\/10\/kogabau-KOGA-GRP-WALL1-300x100.png 300w, https:\/\/kogabau.facilitytest.sk\/wp-content\/uploads\/2025\/10\/kogabau-KOGA-GRP-WALL1-1024x342.png 1024w, https:\/\/kogabau.facilitytest.sk\/wp-content\/uploads\/2025\/10\/kogabau-KOGA-GRP-WALL1-768x256.png 768w\" sizes=\"(max-width: 1433px) 100vw, 1433px\" \/>\t\t\t\t\t\t\t\t\t\t\t\t\t\t\t<\/div>\n\t\t\t\t<\/div>\n\t\t\t\t\t<\/div>\n\t\t<\/div>\n\t\t\t\t\t<\/div>\n\t\t<\/section>\n\t\t\t\t<section class=\"elementor-section elementor-top-section elementor-element elementor-element-f32dd25 elementor-section-boxed elementor-section-height-default elementor-section-height-default\" data-id=\"f32dd25\" data-element_type=\"section\" data-settings=\"{&quot;background_background&quot;:&quot;classic&quot;}\">\n\t\t\t\t\t\t<div class=\"elementor-container elementor-column-gap-default\">\n\t\t\t\t\t<div class=\"elementor-column elementor-col-100 elementor-top-column elementor-element elementor-element-ddc9ec7\" data-id=\"ddc9ec7\" data-element_type=\"column\">\n\t\t\t<div class=\"elementor-widget-wrap elementor-element-populated\">\n\t\t\t\t\t\t<div class=\"elementor-element elementor-element-ba32012 elementor-widget elementor-widget-heading\" data-id=\"ba32012\" data-element_type=\"widget\" data-widget_type=\"heading.default\">\n\t\t\t\t<div class=\"elementor-widget-container\">\n\t\t\t\t\t<h2 class=\"elementor-heading-title elementor-size-default\">Podbudowa<\/h2>\t\t\t\t<\/div>\n\t\t\t\t<\/div>\n\t\t\t\t<div class=\"elementor-element elementor-element-fe23eb3 elementor-widget elementor-widget-text-editor\" data-id=\"fe23eb3\" data-element_type=\"widget\" data-widget_type=\"text-editor.default\">\n\t\t\t\t<div class=\"elementor-widget-container\">\n\t\t\t\t\t\t\t\t\t<p>Do monta\u017cu i instalacji opracowano innowacyjny system podkonstrukcji, wykonany ze stali odpornej na korozj\u0119. Wytrzyma\u0142o\u015b\u0107 ca\u0142ego systemu zosta\u0142a obliczona z uwzgl\u0119dnieniem statycznych i dynamicznych w\u0142a\u015bciwo\u015bci dzia\u0142aj\u0105cych wewn\u0105trz eksploatowanego tunelu. Podkonstrukcja zosta\u0142a zaprojektowana tak, aby umo\u017cliwi\u0107 korekt\u0119 punkt\u00f3w mocowania oraz niwelacj\u0119 powierzchni i lokalnych zag\u0142\u0119bie\u0144 pod systemem ok\u0142adzin. System kotwienia zosta\u0142 zaprojektowany tak, aby elementy monta\u017cowe nie by\u0142y widoczne na widocznej powierzchni prefabrykat\u00f3w elewacyjnych, co znacz\u0105co poprawia ko\u0144cowy efekt estetyczny.   <\/p><p>Dzi\u0119ki takiemu rozwi\u0105zaniu materia\u0142owemu system KOGA GRP WALL mo\u017ce by\u0107 stosowany w tunelach i przej\u015bciach podziemnych, w kt\u00f3rych nieszczelno\u015bci skierowane s\u0105 do wn\u0119trza budynku i nie s\u0105 widoczne, przez co nie zagra\u017caj\u0105 \u017cywotno\u015bci ca\u0142ego systemu.<\/p>\t\t\t\t\t\t\t\t<\/div>\n\t\t\t\t<\/div>\n\t\t\t\t<div class=\"elementor-element elementor-element-b2dba3e elementor-widget elementor-widget-image\" data-id=\"b2dba3e\" data-element_type=\"widget\" data-widget_type=\"image.default\">\n\t\t\t\t<div class=\"elementor-widget-container\">\n\t\t\t\t\t\t\t\t\t\t\t\t\t\t\t<img decoding=\"async\" width=\"1432\" height=\"495\" src=\"https:\/\/kogabau.facilitytest.sk\/wp-content\/uploads\/2025\/10\/kogabau-KOGA-GRP-WALL2.png\" class=\"attachment-full size-full wp-image-5973\" alt=\"\" srcset=\"https:\/\/kogabau.facilitytest.sk\/wp-content\/uploads\/2025\/10\/kogabau-KOGA-GRP-WALL2.png 1432w, https:\/\/kogabau.facilitytest.sk\/wp-content\/uploads\/2025\/10\/kogabau-KOGA-GRP-WALL2-300x104.png 300w, https:\/\/kogabau.facilitytest.sk\/wp-content\/uploads\/2025\/10\/kogabau-KOGA-GRP-WALL2-1024x354.png 1024w, https:\/\/kogabau.facilitytest.sk\/wp-content\/uploads\/2025\/10\/kogabau-KOGA-GRP-WALL2-768x265.png 768w\" sizes=\"(max-width: 1432px) 100vw, 1432px\" \/>\t\t\t\t\t\t\t\t\t\t\t\t\t\t\t<\/div>\n\t\t\t\t<\/div>\n\t\t\t\t\t<\/div>\n\t\t<\/div>\n\t\t\t\t\t<\/div>\n\t\t<\/section>\n\t\t\t\t<section class=\"elementor-section elementor-top-section elementor-element elementor-element-566e56a elementor-section-boxed elementor-section-height-default elementor-section-height-default\" data-id=\"566e56a\" data-element_type=\"section\" data-settings=\"{&quot;background_background&quot;:&quot;classic&quot;}\">\n\t\t\t\t\t\t<div class=\"elementor-container elementor-column-gap-default\">\n\t\t\t\t\t<div class=\"elementor-column elementor-col-100 elementor-top-column elementor-element elementor-element-0d65092\" data-id=\"0d65092\" data-element_type=\"column\">\n\t\t\t<div class=\"elementor-widget-wrap elementor-element-populated\">\n\t\t\t\t\t\t<div class=\"elementor-element elementor-element-0c9ad2a elementor-widget elementor-widget-heading\" data-id=\"0c9ad2a\" data-element_type=\"widget\" data-widget_type=\"heading.default\">\n\t\t\t\t<div class=\"elementor-widget-container\">\n\t\t\t\t\t<h2 class=\"elementor-heading-title elementor-size-default\">Zalety<\/h2>\t\t\t\t<\/div>\n\t\t\t\t<\/div>\n\t\t\t\t<section class=\"elementor-section elementor-inner-section elementor-element elementor-element-41d49e8 elementor-section-boxed elementor-section-height-default elementor-section-height-default\" data-id=\"41d49e8\" data-element_type=\"section\">\n\t\t\t\t\t\t<div class=\"elementor-container elementor-column-gap-default\">\n\t\t\t\t\t<div class=\"elementor-column elementor-col-50 elementor-inner-column elementor-element elementor-element-4221ba1\" data-id=\"4221ba1\" data-element_type=\"column\">\n\t\t\t<div class=\"elementor-widget-wrap elementor-element-populated\">\n\t\t\t\t\t\t<div class=\"elementor-element elementor-element-35cd1a6 elementor-widget elementor-widget-text-editor\" data-id=\"35cd1a6\" data-element_type=\"widget\" data-widget_type=\"text-editor.default\">\n\t\t\t\t<div class=\"elementor-widget-container\">\n\t\t\t\t\t\t\t\t\t<ul><li>wysoka warto\u015b\u0107 estetyczna gotowego dzie\u0142a<\/li><li>niewidoczne stawy<\/li><li>system bezobs\u0142ugowy<\/li><li>mo\u017cliwo\u015b\u0107 korekty podbudowy, co eliminuje nier\u00f3wno\u015bci nak\u0142adaj\u0105cej si\u0119 powierzchni<\/li><li>mrozoodporno\u015b\u0107 dzi\u0119ki nienasi\u0105kliwej powierzchni poszczeg\u00f3lnych paneli<\/li><li>stabilno\u015b\u0107 koloru dzi\u0119ki zwi\u0119kszonej odporno\u015bci na promieniowanie UV<\/li><\/ul>\t\t\t\t\t\t\t\t<\/div>\n\t\t\t\t<\/div>\n\t\t\t\t\t<\/div>\n\t\t<\/div>\n\t\t\t\t<div class=\"elementor-column elementor-col-50 elementor-inner-column elementor-element elementor-element-e8cc753\" data-id=\"e8cc753\" data-element_type=\"column\">\n\t\t\t<div class=\"elementor-widget-wrap elementor-element-populated\">\n\t\t\t\t\t\t<div class=\"elementor-element elementor-element-bd74e4c elementor-widget elementor-widget-text-editor\" data-id=\"bd74e4c\" data-element_type=\"widget\" data-widget_type=\"text-editor.default\">\n\t\t\t\t<div class=\"elementor-widget-container\">\n\t\t\t\t\t\t\t\t\t<ul><li>mo\u017cliwo\u015b\u0107 \u0142\u0105czenia kolor\u00f3w i kszta\u0142t\u00f3w, co gwarantuje niepowtarzalny efekt ko\u0144cowy<\/li><li>\u0142atwa obs\u0142uga na miejscu, poniewa\u017c jeden panel wa\u017cy oko\u0142o 5 kg<\/li><li>szybki monta\u017c na budowie<\/li><li>wysoka wydajno\u015b\u0107 dostaw<\/li><li>d\u0142uga \u017cywotno\u015b\u0107 podbudowy, nawet przy lokalnym przesi\u0105kaniu w\u00f3d gruntowych, dzi\u0119ki zastosowaniu stali odpornej na korozj\u0119 klasy A2 (DIN1.43) lub A4 (DIN1.44)<\/li><\/ul>\t\t\t\t\t\t\t\t<\/div>\n\t\t\t\t<\/div>\n\t\t\t\t\t<\/div>\n\t\t<\/div>\n\t\t\t\t\t<\/div>\n\t\t<\/section>\n\t\t\t\t<div class=\"elementor-element elementor-element-e5eaef6 elementor-mobile-align-center elementor-widget elementor-widget-button\" data-id=\"e5eaef6\" data-element_type=\"widget\" data-widget_type=\"button.default\">\n\t\t\t\t<div class=\"elementor-widget-container\">\n\t\t\t\t\t\t\t\t\t<div class=\"elementor-button-wrapper\">\n\t\t\t\t\t<a class=\"elementor-button elementor-button-link elementor-size-sm elementor-animation-grow\" href=\"https:\/\/kogabau.facilitytest.sk\/pl\/nasze-referencje\/\">\n\t\t\t\t\t\t<span class=\"elementor-button-content-wrapper\">\n\t\t\t\t\t\t\t\t\t<span class=\"elementor-button-text\">ODNIESIENIA<\/span>\n\t\t\t\t\t<\/span>\n\t\t\t\t\t<\/a>\n\t\t\t\t<\/div>\n\t\t\t\t\t\t\t\t<\/div>\n\t\t\t\t<\/div>\n\t\t\t\t\t<\/div>\n\t\t<\/div>\n\t\t\t\t\t<\/div>\n\t\t<\/section>\n\t\t\t\t<\/div>\n\t\t","protected":false},"excerpt":{"rendered":"<p>KOGA HDPE WALL KOGA GRP WALL to system ok\u0142adzin \u015bciennych i powierzchniowych opracowany w celu estetycznego wyko\u0144czenia widocznych cz\u0119\u015bci przej\u015b\u0107 podziemnych i tuneli. Cechy System obejmuje elementy fasadowe wykonane z tworzywa sztucznego wzmocnionego w\u0142\u00f3knem szklanym (GRP) zaprojektowane w po\u0142\u0105czeniu z konstrukcj\u0105 bazow\u0105 ze stali nierdzewnej. Mo\u017cliwe jest \u0142\u0105czenie kszta\u0142t\u00f3w i kolor\u00f3w na jednej fasadzie, dzi\u0119ki [&hellip;]<\/p>\n","protected":false},"author":15,"featured_media":0,"parent":0,"menu_order":0,"comment_status":"closed","ping_status":"closed","template":"","meta":{"footnotes":""},"class_list":["post-5974","page","type-page","status-publish","hentry"],"yoast_head":"<!-- This site is optimized with the Yoast SEO plugin v26.2 - https:\/\/yoast.com\/wordpress\/plugins\/seo\/ -->\n<title>KOGA GRP WALL \u2013 estetyczny i trwa\u0142y system ok\u0142adzin do tuneli i przej\u015b\u0107 podziemnych | KOGA Bau<\/title>\n<meta name=\"description\" content=\"KOGA GRP WALL to system ok\u0142adzin \u015bciennych i powierzchniowych z GRP z podkonstrukcj\u0105 ze stali nierdzewnej. Mrozoodporny, o stabilnym kolorze, z niewidocznymi spoinami, \u0142atwy w monta\u017cu i z mo\u017cliwo\u015bci\u0105 rektyfikacji.\" \/>\n<meta name=\"robots\" content=\"noindex, follow, max-snippet:-1, max-image-preview:large, max-video-preview:-1\" \/>\n<meta property=\"og:locale\" content=\"pl_PL\" \/>\n<meta property=\"og:type\" content=\"article\" \/>\n<meta property=\"og:title\" content=\"KOGA GRP WALL \u2013 estetyczny i trwa\u0142y system ok\u0142adzin do tuneli i przej\u015b\u0107 podziemnych | KOGA Bau\" \/>\n<meta property=\"og:description\" content=\"KOGA GRP WALL to system ok\u0142adzin \u015bciennych i powierzchniowych z GRP z podkonstrukcj\u0105 ze stali nierdzewnej. Mrozoodporny, o stabilnym kolorze, z niewidocznymi spoinami, \u0142atwy w monta\u017cu i z mo\u017cliwo\u015bci\u0105 rektyfikacji.\" \/>\n<meta property=\"og:url\" content=\"https:\/\/kogabau.facilitytest.sk\/pl\/koga-grp-wall\/\" \/>\n<meta property=\"og:site_name\" content=\"KOGABAU\" \/>\n<meta property=\"article:modified_time\" content=\"2025-11-12T11:00:15+00:00\" \/>\n<meta property=\"og:image\" content=\"https:\/\/kogabau.facilitytest.sk\/wp-content\/uploads\/2025\/10\/kogabau-KOGA-GRP-WALL1.png\" \/>\n\t<meta property=\"og:image:width\" content=\"1433\" \/>\n\t<meta property=\"og:image:height\" content=\"478\" \/>\n\t<meta property=\"og:image:type\" content=\"image\/png\" \/>\n<meta name=\"twitter:card\" content=\"summary_large_image\" \/>\n<meta name=\"twitter:label1\" content=\"Szacowany czas czytania\" \/>\n\t<meta name=\"twitter:data1\" content=\"3 minuty\" \/>\n<script type=\"application\/ld+json\" class=\"yoast-schema-graph\">{\"@context\":\"https:\/\/schema.org\",\"@graph\":[{\"@type\":\"WebPage\",\"@id\":\"https:\/\/kogabau.facilitytest.sk\/pl\/koga-grp-wall\/\",\"url\":\"https:\/\/kogabau.facilitytest.sk\/pl\/koga-grp-wall\/\",\"name\":\"KOGA GRP WALL \u2013 estetyczny i trwa\u0142y system ok\u0142adzin do tuneli i przej\u015b\u0107 podziemnych | KOGA Bau\",\"isPartOf\":{\"@id\":\"https:\/\/kogabau.facilitytest.sk\/pl\/#website\"},\"primaryImageOfPage\":{\"@id\":\"https:\/\/kogabau.facilitytest.sk\/pl\/koga-grp-wall\/#primaryimage\"},\"image\":{\"@id\":\"https:\/\/kogabau.facilitytest.sk\/pl\/koga-grp-wall\/#primaryimage\"},\"thumbnailUrl\":\"https:\/\/kogabau.facilitytest.sk\/wp-content\/uploads\/2025\/10\/kogabau-KOGA-GRP-WALL1.png\",\"datePublished\":\"2025-10-12T14:42:25+00:00\",\"dateModified\":\"2025-11-12T11:00:15+00:00\",\"description\":\"KOGA GRP WALL to system ok\u0142adzin \u015bciennych i powierzchniowych z GRP z podkonstrukcj\u0105 ze stali nierdzewnej. Mrozoodporny, o stabilnym kolorze, z niewidocznymi spoinami, \u0142atwy w monta\u017cu i z mo\u017cliwo\u015bci\u0105 rektyfikacji.\",\"breadcrumb\":{\"@id\":\"https:\/\/kogabau.facilitytest.sk\/pl\/koga-grp-wall\/#breadcrumb\"},\"inLanguage\":\"pl-PL\",\"potentialAction\":[{\"@type\":\"ReadAction\",\"target\":[\"https:\/\/kogabau.facilitytest.sk\/pl\/koga-grp-wall\/\"]}]},{\"@type\":\"ImageObject\",\"inLanguage\":\"pl-PL\",\"@id\":\"https:\/\/kogabau.facilitytest.sk\/pl\/koga-grp-wall\/#primaryimage\",\"url\":\"https:\/\/kogabau.facilitytest.sk\/wp-content\/uploads\/2025\/10\/kogabau-KOGA-GRP-WALL1.png\",\"contentUrl\":\"https:\/\/kogabau.facilitytest.sk\/wp-content\/uploads\/2025\/10\/kogabau-KOGA-GRP-WALL1.png\"},{\"@type\":\"BreadcrumbList\",\"@id\":\"https:\/\/kogabau.facilitytest.sk\/pl\/koga-grp-wall\/#breadcrumb\",\"itemListElement\":[{\"@type\":\"ListItem\",\"position\":1,\"name\":\"Home\",\"item\":\"https:\/\/kogabau.facilitytest.sk\/pl\/\"},{\"@type\":\"ListItem\",\"position\":2,\"name\":\"KOGA GRP WALL\"}]},{\"@type\":\"WebSite\",\"@id\":\"https:\/\/kogabau.facilitytest.sk\/pl\/#website\",\"url\":\"https:\/\/kogabau.facilitytest.sk\/pl\/\",\"name\":\"KOGABAU\",\"description\":\"\",\"publisher\":{\"@id\":\"https:\/\/kogabau.facilitytest.sk\/pl\/#organization\"},\"potentialAction\":[{\"@type\":\"SearchAction\",\"target\":{\"@type\":\"EntryPoint\",\"urlTemplate\":\"https:\/\/kogabau.facilitytest.sk\/pl\/?s={search_term_string}\"},\"query-input\":{\"@type\":\"PropertyValueSpecification\",\"valueRequired\":true,\"valueName\":\"search_term_string\"}}],\"inLanguage\":\"pl-PL\"},{\"@type\":\"Organization\",\"@id\":\"https:\/\/kogabau.facilitytest.sk\/pl\/#organization\",\"name\":\"KOGABAU\",\"url\":\"https:\/\/kogabau.facilitytest.sk\/pl\/\",\"logo\":{\"@type\":\"ImageObject\",\"inLanguage\":\"pl-PL\",\"@id\":\"https:\/\/kogabau.facilitytest.sk\/pl\/#\/schema\/logo\/image\/\",\"url\":\"https:\/\/kogabau.facilitytest.sk\/wp-content\/uploads\/2021\/02\/KOGA-BAU-logo-cierne.png\",\"contentUrl\":\"https:\/\/kogabau.facilitytest.sk\/wp-content\/uploads\/2021\/02\/KOGA-BAU-logo-cierne.png\",\"width\":516,\"height\":66,\"caption\":\"KOGABAU\"},\"image\":{\"@id\":\"https:\/\/kogabau.facilitytest.sk\/pl\/#\/schema\/logo\/image\/\"}}]}<\/script>\n<!-- \/ Yoast SEO plugin. -->","yoast_head_json":{"title":"KOGA GRP WALL \u2013 estetyczny i trwa\u0142y system ok\u0142adzin do tuneli i przej\u015b\u0107 podziemnych | KOGA Bau","description":"KOGA GRP WALL to system ok\u0142adzin \u015bciennych i powierzchniowych z GRP z podkonstrukcj\u0105 ze stali nierdzewnej. Mrozoodporny, o stabilnym kolorze, z niewidocznymi spoinami, \u0142atwy w monta\u017cu i z mo\u017cliwo\u015bci\u0105 rektyfikacji.","robots":{"index":"noindex","follow":"follow","max-snippet":"max-snippet:-1","max-image-preview":"max-image-preview:large","max-video-preview":"max-video-preview:-1"},"og_locale":"pl_PL","og_type":"article","og_title":"KOGA GRP WALL \u2013 estetyczny i trwa\u0142y system ok\u0142adzin do tuneli i przej\u015b\u0107 podziemnych | KOGA Bau","og_description":"KOGA GRP WALL to system ok\u0142adzin \u015bciennych i powierzchniowych z GRP z podkonstrukcj\u0105 ze stali nierdzewnej. Mrozoodporny, o stabilnym kolorze, z niewidocznymi spoinami, \u0142atwy w monta\u017cu i z mo\u017cliwo\u015bci\u0105 rektyfikacji.","og_url":"https:\/\/kogabau.facilitytest.sk\/pl\/koga-grp-wall\/","og_site_name":"KOGABAU","article_modified_time":"2025-11-12T11:00:15+00:00","og_image":[{"width":1433,"height":478,"url":"https:\/\/kogabau.facilitytest.sk\/wp-content\/uploads\/2025\/10\/kogabau-KOGA-GRP-WALL1.png","type":"image\/png"}],"twitter_card":"summary_large_image","twitter_misc":{"Szacowany czas czytania":"3 minuty"},"schema":{"@context":"https:\/\/schema.org","@graph":[{"@type":"WebPage","@id":"https:\/\/kogabau.facilitytest.sk\/pl\/koga-grp-wall\/","url":"https:\/\/kogabau.facilitytest.sk\/pl\/koga-grp-wall\/","name":"KOGA GRP WALL \u2013 estetyczny i trwa\u0142y system ok\u0142adzin do tuneli i przej\u015b\u0107 podziemnych | KOGA Bau","isPartOf":{"@id":"https:\/\/kogabau.facilitytest.sk\/pl\/#website"},"primaryImageOfPage":{"@id":"https:\/\/kogabau.facilitytest.sk\/pl\/koga-grp-wall\/#primaryimage"},"image":{"@id":"https:\/\/kogabau.facilitytest.sk\/pl\/koga-grp-wall\/#primaryimage"},"thumbnailUrl":"https:\/\/kogabau.facilitytest.sk\/wp-content\/uploads\/2025\/10\/kogabau-KOGA-GRP-WALL1.png","datePublished":"2025-10-12T14:42:25+00:00","dateModified":"2025-11-12T11:00:15+00:00","description":"KOGA GRP WALL to system ok\u0142adzin \u015bciennych i powierzchniowych z GRP z podkonstrukcj\u0105 ze stali nierdzewnej. Mrozoodporny, o stabilnym kolorze, z niewidocznymi spoinami, \u0142atwy w monta\u017cu i z mo\u017cliwo\u015bci\u0105 rektyfikacji.","breadcrumb":{"@id":"https:\/\/kogabau.facilitytest.sk\/pl\/koga-grp-wall\/#breadcrumb"},"inLanguage":"pl-PL","potentialAction":[{"@type":"ReadAction","target":["https:\/\/kogabau.facilitytest.sk\/pl\/koga-grp-wall\/"]}]},{"@type":"ImageObject","inLanguage":"pl-PL","@id":"https:\/\/kogabau.facilitytest.sk\/pl\/koga-grp-wall\/#primaryimage","url":"https:\/\/kogabau.facilitytest.sk\/wp-content\/uploads\/2025\/10\/kogabau-KOGA-GRP-WALL1.png","contentUrl":"https:\/\/kogabau.facilitytest.sk\/wp-content\/uploads\/2025\/10\/kogabau-KOGA-GRP-WALL1.png"},{"@type":"BreadcrumbList","@id":"https:\/\/kogabau.facilitytest.sk\/pl\/koga-grp-wall\/#breadcrumb","itemListElement":[{"@type":"ListItem","position":1,"name":"Home","item":"https:\/\/kogabau.facilitytest.sk\/pl\/"},{"@type":"ListItem","position":2,"name":"KOGA GRP WALL"}]},{"@type":"WebSite","@id":"https:\/\/kogabau.facilitytest.sk\/pl\/#website","url":"https:\/\/kogabau.facilitytest.sk\/pl\/","name":"KOGABAU","description":"","publisher":{"@id":"https:\/\/kogabau.facilitytest.sk\/pl\/#organization"},"potentialAction":[{"@type":"SearchAction","target":{"@type":"EntryPoint","urlTemplate":"https:\/\/kogabau.facilitytest.sk\/pl\/?s={search_term_string}"},"query-input":{"@type":"PropertyValueSpecification","valueRequired":true,"valueName":"search_term_string"}}],"inLanguage":"pl-PL"},{"@type":"Organization","@id":"https:\/\/kogabau.facilitytest.sk\/pl\/#organization","name":"KOGABAU","url":"https:\/\/kogabau.facilitytest.sk\/pl\/","logo":{"@type":"ImageObject","inLanguage":"pl-PL","@id":"https:\/\/kogabau.facilitytest.sk\/pl\/#\/schema\/logo\/image\/","url":"https:\/\/kogabau.facilitytest.sk\/wp-content\/uploads\/2021\/02\/KOGA-BAU-logo-cierne.png","contentUrl":"https:\/\/kogabau.facilitytest.sk\/wp-content\/uploads\/2021\/02\/KOGA-BAU-logo-cierne.png","width":516,"height":66,"caption":"KOGABAU"},"image":{"@id":"https:\/\/kogabau.facilitytest.sk\/pl\/#\/schema\/logo\/image\/"}}]}},"_links":{"self":[{"href":"https:\/\/kogabau.facilitytest.sk\/pl\/wp-json\/wp\/v2\/pages\/5974","targetHints":{"allow":["GET"]}}],"collection":[{"href":"https:\/\/kogabau.facilitytest.sk\/pl\/wp-json\/wp\/v2\/pages"}],"about":[{"href":"https:\/\/kogabau.facilitytest.sk\/pl\/wp-json\/wp\/v2\/types\/page"}],"author":[{"embeddable":true,"href":"https:\/\/kogabau.facilitytest.sk\/pl\/wp-json\/wp\/v2\/users\/15"}],"replies":[{"embeddable":true,"href":"https:\/\/kogabau.facilitytest.sk\/pl\/wp-json\/wp\/v2\/comments?post=5974"}],"version-history":[{"count":4,"href":"https:\/\/kogabau.facilitytest.sk\/pl\/wp-json\/wp\/v2\/pages\/5974\/revisions"}],"predecessor-version":[{"id":6990,"href":"https:\/\/kogabau.facilitytest.sk\/pl\/wp-json\/wp\/v2\/pages\/5974\/revisions\/6990"}],"wp:attachment":[{"href":"https:\/\/kogabau.facilitytest.sk\/pl\/wp-json\/wp\/v2\/media?parent=5974"}],"curies":[{"name":"wp","href":"https:\/\/api.w.org\/{rel}","templated":true}]}}