{"id":5970,"date":"2025-10-12T16:50:38","date_gmt":"2025-10-12T14:50:38","guid":{"rendered":"https:\/\/kogabau.facilitytest.sk\/koga-cornice-i-z-grp-koga-cornice-grp\/"},"modified":"2025-11-10T07:51:10","modified_gmt":"2025-11-10T06:51:10","slug":"koga-cornice-i-z-grp-koga-cornice-grp","status":"publish","type":"page","link":"https:\/\/kogabau.facilitytest.sk\/pl\/koga-cornice-i-z-grp-koga-cornice-grp\/","title":{"rendered":"KOGA CORNICE i z GRP KOGA CORNICE GRP"},"content":{"rendered":"\t\t<div data-elementor-type=\"wp-page\" data-elementor-id=\"5970\" class=\"elementor elementor-5970 elementor-1194\" data-elementor-post-type=\"page\">\n\t\t\t\t\t\t<section class=\"elementor-section elementor-top-section elementor-element elementor-element-95dbdbc elementor-section-boxed elementor-section-height-default elementor-section-height-default\" data-id=\"95dbdbc\" data-element_type=\"section\" data-settings=\"{&quot;background_background&quot;:&quot;classic&quot;}\">\n\t\t\t\t\t\t<div class=\"elementor-container elementor-column-gap-default\">\n\t\t\t\t\t<div class=\"elementor-column elementor-col-100 elementor-top-column elementor-element elementor-element-78e5e81\" data-id=\"78e5e81\" data-element_type=\"column\">\n\t\t\t<div class=\"elementor-widget-wrap elementor-element-populated\">\n\t\t\t\t\t\t<div class=\"elementor-element elementor-element-3ff8e3a elementor-widget elementor-widget-spacer\" data-id=\"3ff8e3a\" data-element_type=\"widget\" data-widget_type=\"spacer.default\">\n\t\t\t\t<div class=\"elementor-widget-container\">\n\t\t\t\t\t\t\t<div class=\"elementor-spacer\">\n\t\t\t<div class=\"elementor-spacer-inner\"><\/div>\n\t\t<\/div>\n\t\t\t\t\t\t<\/div>\n\t\t\t\t<\/div>\n\t\t\t\t<div class=\"elementor-element elementor-element-427b940 elementor-widget elementor-widget-heading\" data-id=\"427b940\" data-element_type=\"widget\" data-widget_type=\"heading.default\">\n\t\t\t\t<div class=\"elementor-widget-container\">\n\t\t\t\t\t<h1 class=\"elementor-heading-title elementor-size-default\">KOGA CORNICE i KOGA CORNICE GRP<\/h1>\t\t\t\t<\/div>\n\t\t\t\t<\/div>\n\t\t\t\t\t<\/div>\n\t\t<\/div>\n\t\t\t\t\t<\/div>\n\t\t<\/section>\n\t\t\t\t<section class=\"elementor-section elementor-top-section elementor-element elementor-element-1edceee elementor-section-boxed elementor-section-height-default elementor-section-height-default\" data-id=\"1edceee\" data-element_type=\"section\" data-settings=\"{&quot;background_background&quot;:&quot;classic&quot;}\">\n\t\t\t\t\t\t<div class=\"elementor-container elementor-column-gap-default\">\n\t\t\t\t\t<div class=\"elementor-column elementor-col-100 elementor-top-column elementor-element elementor-element-37f2fa0\" data-id=\"37f2fa0\" data-element_type=\"column\">\n\t\t\t<div class=\"elementor-widget-wrap elementor-element-populated\">\n\t\t\t\t\t\t<div class=\"elementor-element elementor-element-a07fc31 elementor-widget elementor-widget-text-editor\" data-id=\"a07fc31\" data-element_type=\"widget\" data-widget_type=\"text-editor.default\">\n\t\t\t\t<div class=\"elementor-widget-container\">\n\t\t\t\t\t\t\t\t\t<p>Prefabrykaty gzymsowe wykonane z polimerbetonu s\u0105 nowoczesnym i innowacyjnym materia\u0142em przeznaczonym do estetycznego i trwa\u0142ego wyko\u0144czenia gzymsu mostowego. Dzi\u0119ki swoim w\u0142a\u015bciwo\u015bciom KOGA CORNICE przed\u0142u\u017ca \u017cywotno\u015b\u0107 tego elementu na obiekcie mostowym. Strona widoczna prefabrykat\u00f3w pokryta jest warstw\u0105 \u017celkotu, kt\u00f3ry gwarantuje trwa\u0142o\u015b\u0107 koloru i odporno\u015b\u0107 ca\u0142ego produktu na warunki atmosferyczne podczas eksploatacji. Prefabrykaty gzymsowe z polimerbetonu i GRP maj\u0105 szeroki wyb\u00f3r kolor\u00f3w i kszta\u0142t\u00f3w, co pozwala architektom wybra\u0107 ten element, kt\u00f3ry decyduje o ko\u0144cowym wygl\u0105dzie obiektu mostowego.   <\/p>\t\t\t\t\t\t\t\t<\/div>\n\t\t\t\t<\/div>\n\t\t\t\t<div class=\"elementor-element elementor-element-37e3c74 elementor-widget elementor-widget-heading\" data-id=\"37e3c74\" data-element_type=\"widget\" data-widget_type=\"heading.default\">\n\t\t\t\t<div class=\"elementor-widget-container\">\n\t\t\t\t\t<h2 class=\"elementor-heading-title elementor-size-default\">W\u0142a\u015bciwo\u015bci prefabrykat\u00f3w gzymsowych KOGA CORNICE z polimerbetonu<\/h2>\t\t\t\t<\/div>\n\t\t\t\t<\/div>\n\t\t\t\t<div class=\"elementor-element elementor-element-769ae5c elementor-widget elementor-widget-text-editor\" data-id=\"769ae5c\" data-element_type=\"widget\" data-widget_type=\"text-editor.default\">\n\t\t\t\t<div class=\"elementor-widget-container\">\n\t\t\t\t\t\t\t\t\t<p>Polimerbeton ma w\u0142a\u015bciwo\u015bci wytrzyma\u0142o\u015bciowe przewy\u017cszaj\u0105ce klasyczny beton. Dzi\u0119ki temu prefabrykat gzymsowy na most mo\u017ce mie\u0107 grubo\u015b\u0107 40 mm, a metr gzymsu wraz z uchwytami mo\u017ce wa\u017cy\u0107 od 40 kg\/mb. Dzi\u0119ki takim parametrom manipulacja na budowie i sama instalacja na obiekcie mostowym jest mniej wymagaj\u0105ca w por\u00f3wnaniu z klasycznymi prefabrykatami betonowymi. Monta\u017c mo\u017cna realizowa\u0107 bez u\u017cycia ci\u0119\u017ckiego sprz\u0119tu.   <\/p><p>Polimerbeton sam w sobie ma doskona\u0142e w\u0142a\u015bciwo\u015bci chemiczno-fizyczne i mechaniczne. Mi\u0119dzy innymi nale\u017cy podkre\u015bli\u0107 zerow\u0105 nasi\u0105kliwo\u015b\u0107, mrozoodporno\u015b\u0107, odporno\u015b\u0107 na substancje ropopochodne i chlorki, trwa\u0142o\u015b\u0107 koloru, wysok\u0105 odporno\u015b\u0107 na promieniowanie UV. <\/p>\t\t\t\t\t\t\t\t<\/div>\n\t\t\t\t<\/div>\n\t\t\t\t<div class=\"elementor-element elementor-element-83c1498 elementor-widget elementor-widget-image\" data-id=\"83c1498\" data-element_type=\"widget\" data-widget_type=\"image.default\">\n\t\t\t\t<div class=\"elementor-widget-container\">\n\t\t\t\t\t\t\t\t\t\t\t\t\t\t\t<img fetchpriority=\"high\" decoding=\"async\" width=\"1433\" height=\"478\" src=\"https:\/\/kogabau.facilitytest.sk\/wp-content\/uploads\/2025\/10\/kogabau-KOGA-CORNICE-a-z-GRP-KOGA-CORNICE-GRP.png\" class=\"attachment-full size-full wp-image-5969\" alt=\"\" srcset=\"https:\/\/kogabau.facilitytest.sk\/wp-content\/uploads\/2025\/10\/kogabau-KOGA-CORNICE-a-z-GRP-KOGA-CORNICE-GRP.png 1433w, https:\/\/kogabau.facilitytest.sk\/wp-content\/uploads\/2025\/10\/kogabau-KOGA-CORNICE-a-z-GRP-KOGA-CORNICE-GRP-300x100.png 300w, https:\/\/kogabau.facilitytest.sk\/wp-content\/uploads\/2025\/10\/kogabau-KOGA-CORNICE-a-z-GRP-KOGA-CORNICE-GRP-1024x342.png 1024w, https:\/\/kogabau.facilitytest.sk\/wp-content\/uploads\/2025\/10\/kogabau-KOGA-CORNICE-a-z-GRP-KOGA-CORNICE-GRP-768x256.png 768w\" sizes=\"(max-width: 1433px) 100vw, 1433px\" \/>\t\t\t\t\t\t\t\t\t\t\t\t\t\t\t<\/div>\n\t\t\t\t<\/div>\n\t\t\t\t\t<\/div>\n\t\t<\/div>\n\t\t\t\t\t<\/div>\n\t\t<\/section>\n\t\t\t\t<section class=\"elementor-section elementor-top-section elementor-element elementor-element-52978b0 elementor-section-boxed elementor-section-height-default elementor-section-height-default\" data-id=\"52978b0\" data-element_type=\"section\" data-settings=\"{&quot;background_background&quot;:&quot;classic&quot;}\">\n\t\t\t\t\t\t<div class=\"elementor-container elementor-column-gap-default\">\n\t\t\t\t\t<div class=\"elementor-column elementor-col-100 elementor-top-column elementor-element elementor-element-eb63ef0\" data-id=\"eb63ef0\" data-element_type=\"column\">\n\t\t\t<div class=\"elementor-widget-wrap elementor-element-populated\">\n\t\t\t\t\t\t<div class=\"elementor-element elementor-element-31b74d1 elementor-widget elementor-widget-heading\" data-id=\"31b74d1\" data-element_type=\"widget\" data-widget_type=\"heading.default\">\n\t\t\t\t<div class=\"elementor-widget-container\">\n\t\t\t\t\t<h2 class=\"elementor-heading-title elementor-size-default\">Elementy mocuj\u0105ce:<\/h2>\t\t\t\t<\/div>\n\t\t\t\t<\/div>\n\t\t\t\t<div class=\"elementor-element elementor-element-204afdf elementor-widget elementor-widget-text-editor\" data-id=\"204afdf\" data-element_type=\"widget\" data-widget_type=\"text-editor.default\">\n\t\t\t\t<div class=\"elementor-widget-container\">\n\t\t\t\t\t\t\t\t\t<p>Prefabrykaty gzymsowe s\u0105 dostarczane wraz z elementami umo\u017cliwiaj\u0105cymi monta\u017c na mo\u015bcie i p\u00f3\u017aniejsze powi\u0105zanie zbrojenia prefabrykat\u00f3w ze zbrojeniem konstrukcji mostu. We wsp\u00f3\u0142pracy z projektantem mo\u017cemy zaproponowa\u0107 system element\u00f3w najbardziej odpowiedni dla zbrojenia mostu, jednocze\u015bnie umo\u017cliwiaj\u0105cy \u0142atw\u0105 manipulacj\u0119 i monta\u017c prefabrykatu w trakcie budowy. <\/p>\t\t\t\t\t\t\t\t<\/div>\n\t\t\t\t<\/div>\n\t\t\t\t\t<\/div>\n\t\t<\/div>\n\t\t\t\t\t<\/div>\n\t\t<\/section>\n\t\t\t\t<section class=\"elementor-section elementor-top-section elementor-element elementor-element-20cff49 elementor-section-boxed elementor-section-height-default elementor-section-height-default\" data-id=\"20cff49\" data-element_type=\"section\" data-settings=\"{&quot;background_background&quot;:&quot;classic&quot;}\">\n\t\t\t\t\t\t<div class=\"elementor-container elementor-column-gap-default\">\n\t\t\t\t\t<div class=\"elementor-column elementor-col-100 elementor-top-column elementor-element elementor-element-886d016\" data-id=\"886d016\" data-element_type=\"column\">\n\t\t\t<div class=\"elementor-widget-wrap elementor-element-populated\">\n\t\t\t\t\t\t<div class=\"elementor-element elementor-element-ded8ece elementor-widget elementor-widget-heading\" data-id=\"ded8ece\" data-element_type=\"widget\" data-widget_type=\"heading.default\">\n\t\t\t\t<div class=\"elementor-widget-container\">\n\t\t\t\t\t<h2 class=\"elementor-heading-title elementor-size-default\">Zalety prefabrykat\u00f3w gzymsowych KOGA <br>CORNICE i KOGA CORNICE GRP:<\/h2>\t\t\t\t<\/div>\n\t\t\t\t<\/div>\n\t\t\t\t<section class=\"elementor-section elementor-inner-section elementor-element elementor-element-e566ef6 elementor-section-boxed elementor-section-height-default elementor-section-height-default\" data-id=\"e566ef6\" data-element_type=\"section\">\n\t\t\t\t\t\t<div class=\"elementor-container elementor-column-gap-default\">\n\t\t\t\t\t<div class=\"elementor-column elementor-col-100 elementor-inner-column elementor-element elementor-element-2995bc2\" data-id=\"2995bc2\" data-element_type=\"column\">\n\t\t\t<div class=\"elementor-widget-wrap elementor-element-populated\">\n\t\t\t\t\t\t<div class=\"elementor-element elementor-element-7522857 elementor-widget elementor-widget-text-editor\" data-id=\"7522857\" data-element_type=\"widget\" data-widget_type=\"text-editor.default\">\n\t\t\t\t<div class=\"elementor-widget-container\">\n\t\t\t\t\t\t\t\t\t<ul><li>wysoka warto\u015b\u0107 estetyczna gotowego gzymsu obiektu mostowego<\/li><li>\u0142atwa manipulacja na budowie dzi\u0119ki niskiej wadze<\/li><li>mrozoodporno\u015b\u0107 dzi\u0119ki nienasi\u0105kliwemu materia\u0142owi<\/li><li>trwa\u0142o\u015b\u0107 koloru dzi\u0119ki zwi\u0119kszonej odporno\u015bci na promieniowanie UV<\/li><li>mo\u017cliwo\u015b\u0107 \u0142\u0105czenia kszta\u0142t\u00f3w i kolor\u00f3w, co gwarantuje unikalny efekt ko\u0144cowy<\/li><li>szybki monta\u017c na budowie<\/li><li>wysoka wydajno\u015b\u0107 dostaw<\/li><\/ul>\t\t\t\t\t\t\t\t<\/div>\n\t\t\t\t<\/div>\n\t\t\t\t\t<\/div>\n\t\t<\/div>\n\t\t\t\t\t<\/div>\n\t\t<\/section>\n\t\t\t\t\t<\/div>\n\t\t<\/div>\n\t\t\t\t\t<\/div>\n\t\t<\/section>\n\t\t\t\t<\/div>\n\t\t","protected":false},"excerpt":{"rendered":"<p>KOGA CORNICE i KOGA CORNICE GRP Prefabrykaty gzymsowe wykonane z polimerbetonu s\u0105 nowoczesnym i innowacyjnym materia\u0142em przeznaczonym do estetycznego i trwa\u0142ego wyko\u0144czenia gzymsu mostowego. Dzi\u0119ki swoim w\u0142a\u015bciwo\u015bciom KOGA CORNICE przed\u0142u\u017ca \u017cywotno\u015b\u0107 tego elementu na obiekcie mostowym. Strona widoczna prefabrykat\u00f3w pokryta jest warstw\u0105 \u017celkotu, kt\u00f3ry gwarantuje trwa\u0142o\u015b\u0107 koloru i odporno\u015b\u0107 ca\u0142ego produktu na warunki atmosferyczne podczas [&hellip;]<\/p>\n","protected":false},"author":15,"featured_media":0,"parent":0,"menu_order":0,"comment_status":"closed","ping_status":"closed","template":"","meta":{"footnotes":""},"class_list":["post-5970","page","type-page","status-publish","hentry"],"yoast_head":"<!-- This site is optimized with the Yoast SEO plugin v26.2 - https:\/\/yoast.com\/wordpress\/plugins\/seo\/ -->\n<title>KOGA CORNICE &amp; CORNICE GRP \u2013 prefabrykaty gzymsowe z polimerbetonu dla most\u00f3w | KOGA Bau<\/title>\n<meta name=\"description\" content=\"Prefabrykaty gzymsowe KOGA CORNICE i CORNICE GRP z polimerbetonu i GRP zapewniaj\u0105 estetyczne i trwa\u0142e wyko\u0144czenie gzyms\u00f3w mostowych, mrozoodporno\u015b\u0107, trwa\u0142o\u015b\u0107 koloru, \u0142atw\u0105 obs\u0142ug\u0119 i szybki monta\u017c.\" \/>\n<meta name=\"robots\" content=\"noindex, follow, max-snippet:-1, max-image-preview:large, max-video-preview:-1\" \/>\n<meta property=\"og:locale\" content=\"pl_PL\" \/>\n<meta property=\"og:type\" content=\"article\" \/>\n<meta property=\"og:title\" content=\"KOGA CORNICE &amp; CORNICE GRP \u2013 prefabrykaty gzymsowe z polimerbetonu dla most\u00f3w | KOGA Bau\" \/>\n<meta property=\"og:description\" content=\"Prefabrykaty gzymsowe KOGA CORNICE i CORNICE GRP z polimerbetonu i GRP zapewniaj\u0105 estetyczne i trwa\u0142e wyko\u0144czenie gzyms\u00f3w mostowych, mrozoodporno\u015b\u0107, trwa\u0142o\u015b\u0107 koloru, \u0142atw\u0105 obs\u0142ug\u0119 i szybki monta\u017c.\" \/>\n<meta property=\"og:url\" content=\"https:\/\/kogabau.facilitytest.sk\/pl\/koga-cornice-i-z-grp-koga-cornice-grp\/\" \/>\n<meta property=\"og:site_name\" content=\"KOGABAU\" \/>\n<meta property=\"article:modified_time\" content=\"2025-11-10T06:51:10+00:00\" \/>\n<meta property=\"og:image\" content=\"https:\/\/kogabau.facilitytest.sk\/wp-content\/uploads\/2025\/10\/kogabau-KOGA-CORNICE-a-z-GRP-KOGA-CORNICE-GRP.png\" \/>\n\t<meta property=\"og:image:width\" content=\"1433\" \/>\n\t<meta property=\"og:image:height\" content=\"478\" \/>\n\t<meta property=\"og:image:type\" content=\"image\/png\" \/>\n<meta name=\"twitter:card\" content=\"summary_large_image\" \/>\n<meta name=\"twitter:label1\" content=\"Szacowany czas czytania\" \/>\n\t<meta name=\"twitter:data1\" content=\"2 minuty\" \/>\n<script type=\"application\/ld+json\" class=\"yoast-schema-graph\">{\"@context\":\"https:\/\/schema.org\",\"@graph\":[{\"@type\":\"WebPage\",\"@id\":\"https:\/\/kogabau.facilitytest.sk\/pl\/koga-cornice-i-z-grp-koga-cornice-grp\/\",\"url\":\"https:\/\/kogabau.facilitytest.sk\/pl\/koga-cornice-i-z-grp-koga-cornice-grp\/\",\"name\":\"KOGA CORNICE & CORNICE GRP \u2013 prefabrykaty gzymsowe z polimerbetonu dla most\u00f3w | KOGA Bau\",\"isPartOf\":{\"@id\":\"https:\/\/kogabau.facilitytest.sk\/pl\/#website\"},\"primaryImageOfPage\":{\"@id\":\"https:\/\/kogabau.facilitytest.sk\/pl\/koga-cornice-i-z-grp-koga-cornice-grp\/#primaryimage\"},\"image\":{\"@id\":\"https:\/\/kogabau.facilitytest.sk\/pl\/koga-cornice-i-z-grp-koga-cornice-grp\/#primaryimage\"},\"thumbnailUrl\":\"https:\/\/kogabau.facilitytest.sk\/wp-content\/uploads\/2025\/10\/kogabau-KOGA-CORNICE-a-z-GRP-KOGA-CORNICE-GRP.png\",\"datePublished\":\"2025-10-12T14:50:38+00:00\",\"dateModified\":\"2025-11-10T06:51:10+00:00\",\"description\":\"Prefabrykaty gzymsowe KOGA CORNICE i CORNICE GRP z polimerbetonu i GRP zapewniaj\u0105 estetyczne i trwa\u0142e wyko\u0144czenie gzyms\u00f3w mostowych, mrozoodporno\u015b\u0107, trwa\u0142o\u015b\u0107 koloru, \u0142atw\u0105 obs\u0142ug\u0119 i szybki monta\u017c.\",\"breadcrumb\":{\"@id\":\"https:\/\/kogabau.facilitytest.sk\/pl\/koga-cornice-i-z-grp-koga-cornice-grp\/#breadcrumb\"},\"inLanguage\":\"pl-PL\",\"potentialAction\":[{\"@type\":\"ReadAction\",\"target\":[\"https:\/\/kogabau.facilitytest.sk\/pl\/koga-cornice-i-z-grp-koga-cornice-grp\/\"]}]},{\"@type\":\"ImageObject\",\"inLanguage\":\"pl-PL\",\"@id\":\"https:\/\/kogabau.facilitytest.sk\/pl\/koga-cornice-i-z-grp-koga-cornice-grp\/#primaryimage\",\"url\":\"https:\/\/kogabau.facilitytest.sk\/wp-content\/uploads\/2025\/10\/kogabau-KOGA-CORNICE-a-z-GRP-KOGA-CORNICE-GRP.png\",\"contentUrl\":\"https:\/\/kogabau.facilitytest.sk\/wp-content\/uploads\/2025\/10\/kogabau-KOGA-CORNICE-a-z-GRP-KOGA-CORNICE-GRP.png\"},{\"@type\":\"BreadcrumbList\",\"@id\":\"https:\/\/kogabau.facilitytest.sk\/pl\/koga-cornice-i-z-grp-koga-cornice-grp\/#breadcrumb\",\"itemListElement\":[{\"@type\":\"ListItem\",\"position\":1,\"name\":\"Home\",\"item\":\"https:\/\/kogabau.facilitytest.sk\/pl\/\"},{\"@type\":\"ListItem\",\"position\":2,\"name\":\"KOGA CORNICE i z GRP KOGA CORNICE GRP\"}]},{\"@type\":\"WebSite\",\"@id\":\"https:\/\/kogabau.facilitytest.sk\/pl\/#website\",\"url\":\"https:\/\/kogabau.facilitytest.sk\/pl\/\",\"name\":\"KOGABAU\",\"description\":\"\",\"publisher\":{\"@id\":\"https:\/\/kogabau.facilitytest.sk\/pl\/#organization\"},\"potentialAction\":[{\"@type\":\"SearchAction\",\"target\":{\"@type\":\"EntryPoint\",\"urlTemplate\":\"https:\/\/kogabau.facilitytest.sk\/pl\/?s={search_term_string}\"},\"query-input\":{\"@type\":\"PropertyValueSpecification\",\"valueRequired\":true,\"valueName\":\"search_term_string\"}}],\"inLanguage\":\"pl-PL\"},{\"@type\":\"Organization\",\"@id\":\"https:\/\/kogabau.facilitytest.sk\/pl\/#organization\",\"name\":\"KOGABAU\",\"url\":\"https:\/\/kogabau.facilitytest.sk\/pl\/\",\"logo\":{\"@type\":\"ImageObject\",\"inLanguage\":\"pl-PL\",\"@id\":\"https:\/\/kogabau.facilitytest.sk\/pl\/#\/schema\/logo\/image\/\",\"url\":\"https:\/\/kogabau.facilitytest.sk\/wp-content\/uploads\/2021\/02\/KOGA-BAU-logo-cierne.png\",\"contentUrl\":\"https:\/\/kogabau.facilitytest.sk\/wp-content\/uploads\/2021\/02\/KOGA-BAU-logo-cierne.png\",\"width\":516,\"height\":66,\"caption\":\"KOGABAU\"},\"image\":{\"@id\":\"https:\/\/kogabau.facilitytest.sk\/pl\/#\/schema\/logo\/image\/\"}}]}<\/script>\n<!-- \/ Yoast SEO plugin. -->","yoast_head_json":{"title":"KOGA CORNICE & CORNICE GRP \u2013 prefabrykaty gzymsowe z polimerbetonu dla most\u00f3w | KOGA Bau","description":"Prefabrykaty gzymsowe KOGA CORNICE i CORNICE GRP z polimerbetonu i GRP zapewniaj\u0105 estetyczne i trwa\u0142e wyko\u0144czenie gzyms\u00f3w mostowych, mrozoodporno\u015b\u0107, trwa\u0142o\u015b\u0107 koloru, \u0142atw\u0105 obs\u0142ug\u0119 i szybki monta\u017c.","robots":{"index":"noindex","follow":"follow","max-snippet":"max-snippet:-1","max-image-preview":"max-image-preview:large","max-video-preview":"max-video-preview:-1"},"og_locale":"pl_PL","og_type":"article","og_title":"KOGA CORNICE & CORNICE GRP \u2013 prefabrykaty gzymsowe z polimerbetonu dla most\u00f3w | KOGA Bau","og_description":"Prefabrykaty gzymsowe KOGA CORNICE i CORNICE GRP z polimerbetonu i GRP zapewniaj\u0105 estetyczne i trwa\u0142e wyko\u0144czenie gzyms\u00f3w mostowych, mrozoodporno\u015b\u0107, trwa\u0142o\u015b\u0107 koloru, \u0142atw\u0105 obs\u0142ug\u0119 i szybki monta\u017c.","og_url":"https:\/\/kogabau.facilitytest.sk\/pl\/koga-cornice-i-z-grp-koga-cornice-grp\/","og_site_name":"KOGABAU","article_modified_time":"2025-11-10T06:51:10+00:00","og_image":[{"width":1433,"height":478,"url":"https:\/\/kogabau.facilitytest.sk\/wp-content\/uploads\/2025\/10\/kogabau-KOGA-CORNICE-a-z-GRP-KOGA-CORNICE-GRP.png","type":"image\/png"}],"twitter_card":"summary_large_image","twitter_misc":{"Szacowany czas czytania":"2 minuty"},"schema":{"@context":"https:\/\/schema.org","@graph":[{"@type":"WebPage","@id":"https:\/\/kogabau.facilitytest.sk\/pl\/koga-cornice-i-z-grp-koga-cornice-grp\/","url":"https:\/\/kogabau.facilitytest.sk\/pl\/koga-cornice-i-z-grp-koga-cornice-grp\/","name":"KOGA CORNICE & CORNICE GRP \u2013 prefabrykaty gzymsowe z polimerbetonu dla most\u00f3w | KOGA Bau","isPartOf":{"@id":"https:\/\/kogabau.facilitytest.sk\/pl\/#website"},"primaryImageOfPage":{"@id":"https:\/\/kogabau.facilitytest.sk\/pl\/koga-cornice-i-z-grp-koga-cornice-grp\/#primaryimage"},"image":{"@id":"https:\/\/kogabau.facilitytest.sk\/pl\/koga-cornice-i-z-grp-koga-cornice-grp\/#primaryimage"},"thumbnailUrl":"https:\/\/kogabau.facilitytest.sk\/wp-content\/uploads\/2025\/10\/kogabau-KOGA-CORNICE-a-z-GRP-KOGA-CORNICE-GRP.png","datePublished":"2025-10-12T14:50:38+00:00","dateModified":"2025-11-10T06:51:10+00:00","description":"Prefabrykaty gzymsowe KOGA CORNICE i CORNICE GRP z polimerbetonu i GRP zapewniaj\u0105 estetyczne i trwa\u0142e wyko\u0144czenie gzyms\u00f3w mostowych, mrozoodporno\u015b\u0107, trwa\u0142o\u015b\u0107 koloru, \u0142atw\u0105 obs\u0142ug\u0119 i szybki monta\u017c.","breadcrumb":{"@id":"https:\/\/kogabau.facilitytest.sk\/pl\/koga-cornice-i-z-grp-koga-cornice-grp\/#breadcrumb"},"inLanguage":"pl-PL","potentialAction":[{"@type":"ReadAction","target":["https:\/\/kogabau.facilitytest.sk\/pl\/koga-cornice-i-z-grp-koga-cornice-grp\/"]}]},{"@type":"ImageObject","inLanguage":"pl-PL","@id":"https:\/\/kogabau.facilitytest.sk\/pl\/koga-cornice-i-z-grp-koga-cornice-grp\/#primaryimage","url":"https:\/\/kogabau.facilitytest.sk\/wp-content\/uploads\/2025\/10\/kogabau-KOGA-CORNICE-a-z-GRP-KOGA-CORNICE-GRP.png","contentUrl":"https:\/\/kogabau.facilitytest.sk\/wp-content\/uploads\/2025\/10\/kogabau-KOGA-CORNICE-a-z-GRP-KOGA-CORNICE-GRP.png"},{"@type":"BreadcrumbList","@id":"https:\/\/kogabau.facilitytest.sk\/pl\/koga-cornice-i-z-grp-koga-cornice-grp\/#breadcrumb","itemListElement":[{"@type":"ListItem","position":1,"name":"Home","item":"https:\/\/kogabau.facilitytest.sk\/pl\/"},{"@type":"ListItem","position":2,"name":"KOGA CORNICE i z GRP KOGA CORNICE GRP"}]},{"@type":"WebSite","@id":"https:\/\/kogabau.facilitytest.sk\/pl\/#website","url":"https:\/\/kogabau.facilitytest.sk\/pl\/","name":"KOGABAU","description":"","publisher":{"@id":"https:\/\/kogabau.facilitytest.sk\/pl\/#organization"},"potentialAction":[{"@type":"SearchAction","target":{"@type":"EntryPoint","urlTemplate":"https:\/\/kogabau.facilitytest.sk\/pl\/?s={search_term_string}"},"query-input":{"@type":"PropertyValueSpecification","valueRequired":true,"valueName":"search_term_string"}}],"inLanguage":"pl-PL"},{"@type":"Organization","@id":"https:\/\/kogabau.facilitytest.sk\/pl\/#organization","name":"KOGABAU","url":"https:\/\/kogabau.facilitytest.sk\/pl\/","logo":{"@type":"ImageObject","inLanguage":"pl-PL","@id":"https:\/\/kogabau.facilitytest.sk\/pl\/#\/schema\/logo\/image\/","url":"https:\/\/kogabau.facilitytest.sk\/wp-content\/uploads\/2021\/02\/KOGA-BAU-logo-cierne.png","contentUrl":"https:\/\/kogabau.facilitytest.sk\/wp-content\/uploads\/2021\/02\/KOGA-BAU-logo-cierne.png","width":516,"height":66,"caption":"KOGABAU"},"image":{"@id":"https:\/\/kogabau.facilitytest.sk\/pl\/#\/schema\/logo\/image\/"}}]}},"_links":{"self":[{"href":"https:\/\/kogabau.facilitytest.sk\/pl\/wp-json\/wp\/v2\/pages\/5970","targetHints":{"allow":["GET"]}}],"collection":[{"href":"https:\/\/kogabau.facilitytest.sk\/pl\/wp-json\/wp\/v2\/pages"}],"about":[{"href":"https:\/\/kogabau.facilitytest.sk\/pl\/wp-json\/wp\/v2\/types\/page"}],"author":[{"embeddable":true,"href":"https:\/\/kogabau.facilitytest.sk\/pl\/wp-json\/wp\/v2\/users\/15"}],"replies":[{"embeddable":true,"href":"https:\/\/kogabau.facilitytest.sk\/pl\/wp-json\/wp\/v2\/comments?post=5970"}],"version-history":[{"count":1,"href":"https:\/\/kogabau.facilitytest.sk\/pl\/wp-json\/wp\/v2\/pages\/5970\/revisions"}],"predecessor-version":[{"id":5971,"href":"https:\/\/kogabau.facilitytest.sk\/pl\/wp-json\/wp\/v2\/pages\/5970\/revisions\/5971"}],"wp:attachment":[{"href":"https:\/\/kogabau.facilitytest.sk\/pl\/wp-json\/wp\/v2\/media?parent=5970"}],"curies":[{"name":"wp","href":"https:\/\/api.w.org\/{rel}","templated":true}]}}