{"id":5919,"date":"2025-10-12T20:01:03","date_gmt":"2025-10-12T18:01:03","guid":{"rendered":"https:\/\/kogabau.facilitytest.sk\/botic\/"},"modified":"2025-11-09T22:49:20","modified_gmt":"2025-11-09T21:49:20","slug":"botic","status":"publish","type":"page","link":"https:\/\/kogabau.facilitytest.sk\/pl\/botic\/","title":{"rendered":"Botic"},"content":{"rendered":"\t\t<div data-elementor-type=\"wp-page\" data-elementor-id=\"5919\" class=\"elementor elementor-5919 elementor-1424\" data-elementor-post-type=\"page\">\n\t\t\t\t\t\t<section class=\"elementor-section elementor-top-section elementor-element elementor-element-8c5cc58 elementor-section-boxed elementor-section-height-default elementor-section-height-default\" data-id=\"8c5cc58\" data-element_type=\"section\" data-settings=\"{&quot;background_background&quot;:&quot;classic&quot;}\">\n\t\t\t\t\t\t<div class=\"elementor-container elementor-column-gap-default\">\n\t\t\t\t\t<div class=\"elementor-column elementor-col-100 elementor-top-column elementor-element elementor-element-4c061b6\" data-id=\"4c061b6\" data-element_type=\"column\">\n\t\t\t<div class=\"elementor-widget-wrap elementor-element-populated\">\n\t\t\t\t\t\t<div class=\"elementor-element elementor-element-efc54a5 elementor-widget elementor-widget-spacer\" data-id=\"efc54a5\" data-element_type=\"widget\" data-widget_type=\"spacer.default\">\n\t\t\t\t<div class=\"elementor-widget-container\">\n\t\t\t\t\t\t\t<div class=\"elementor-spacer\">\n\t\t\t<div class=\"elementor-spacer-inner\"><\/div>\n\t\t<\/div>\n\t\t\t\t\t\t<\/div>\n\t\t\t\t<\/div>\n\t\t\t\t<div class=\"elementor-element elementor-element-db8ba8f elementor-widget elementor-widget-heading\" data-id=\"db8ba8f\" data-element_type=\"widget\" data-widget_type=\"heading.default\">\n\t\t\t\t<div class=\"elementor-widget-container\">\n\t\t\t\t\t<h1 class=\"elementor-heading-title elementor-size-default\">Botic\u00ae<\/h1>\t\t\t\t<\/div>\n\t\t\t\t<\/div>\n\t\t\t\t\t<\/div>\n\t\t<\/div>\n\t\t\t\t\t<\/div>\n\t\t<\/section>\n\t\t\t\t<section class=\"elementor-section elementor-top-section elementor-element elementor-element-6606034 elementor-reverse-tablet elementor-reverse-mobile elementor-section-boxed elementor-section-height-default elementor-section-height-default\" data-id=\"6606034\" data-element_type=\"section\" data-settings=\"{&quot;background_background&quot;:&quot;classic&quot;}\">\n\t\t\t\t\t\t<div class=\"elementor-container elementor-column-gap-default\">\n\t\t\t\t\t<div class=\"elementor-column elementor-col-50 elementor-top-column elementor-element elementor-element-ea36663\" data-id=\"ea36663\" data-element_type=\"column\">\n\t\t\t<div class=\"elementor-widget-wrap elementor-element-populated\">\n\t\t\t\t\t\t<div class=\"elementor-element elementor-element-f7d27b7 elementor-widget elementor-widget-text-editor\" data-id=\"f7d27b7\" data-element_type=\"widget\" data-widget_type=\"text-editor.default\">\n\t\t\t\t<div class=\"elementor-widget-container\">\n\t\t\t\t\t\t\t\t\t<p>Kratki kraw\u0119\u017cnikowe \u017celiwne z zawiasem, zatrzaskiem i wymiennym segmentem \u015brodkowym, wariant A \u2013 monta\u017c na wpust DN 450, wariant B \u2013 wpust DN 100 i DN 125. Przeznaczone do odwodnie\u0144 ulic i innych powierzchni utwardzonych. Zaprojektowane do obci\u0105\u017cenia D400, co pozwala na ich stosowanie na obszarach o intensywnym ruchu drogowym. Dost\u0119pne w dw\u00f3ch wariantach. Wariant A przeznaczony jest do monta\u017cu na wpust DN 450, natomiast wariant B przeznaczony jest do odwodnie\u0144 przez korpus chodnika i jest kompatybilny z rurami DN 100 lub DN 125.    <\/p><p>Oba warianty oferuj\u0105 mo\u017cliwo\u015b\u0107 modyfikacji segmentu \u015brodkowego, na przyk\u0142ad w celu umieszczenia herbu miasta. Botic\u00ae jest r\u00f3wnie\u017c przystosowany do kraw\u0119\u017cnik\u00f3w \u015bci\u0119tych o wysoko\u015bci 160 mm. <\/p>\t\t\t\t\t\t\t\t<\/div>\n\t\t\t\t<\/div>\n\t\t\t\t\t<\/div>\n\t\t<\/div>\n\t\t\t\t<div class=\"elementor-column elementor-col-50 elementor-top-column elementor-element elementor-element-215eb55\" data-id=\"215eb55\" data-element_type=\"column\" data-settings=\"{&quot;background_background&quot;:&quot;classic&quot;}\">\n\t\t\t<div class=\"elementor-widget-wrap elementor-element-populated\">\n\t\t\t\t\t\t<div class=\"elementor-element elementor-element-4536708 elementor-widget elementor-widget-image\" data-id=\"4536708\" data-element_type=\"widget\" data-widget_type=\"image.default\">\n\t\t\t\t<div class=\"elementor-widget-container\">\n\t\t\t\t\t\t\t\t\t\t\t\t\t\t\t<img fetchpriority=\"high\" decoding=\"async\" width=\"575\" height=\"580\" src=\"https:\/\/kogabau.facilitytest.sk\/wp-content\/uploads\/2025\/10\/KoGaBau-Botic.png\" class=\"attachment-full size-full wp-image-5918\" alt=\"\" srcset=\"https:\/\/kogabau.facilitytest.sk\/wp-content\/uploads\/2025\/10\/KoGaBau-Botic.png 575w, https:\/\/kogabau.facilitytest.sk\/wp-content\/uploads\/2025\/10\/KoGaBau-Botic-297x300.png 297w, https:\/\/kogabau.facilitytest.sk\/wp-content\/uploads\/2025\/10\/KoGaBau-Botic-150x150.png 150w\" sizes=\"(max-width: 575px) 100vw, 575px\" \/>\t\t\t\t\t\t\t\t\t\t\t\t\t\t\t<\/div>\n\t\t\t\t<\/div>\n\t\t\t\t\t<\/div>\n\t\t<\/div>\n\t\t\t\t\t<\/div>\n\t\t<\/section>\n\t\t\t\t<section class=\"elementor-section elementor-top-section elementor-element elementor-element-5c906f8 horizontale elementor-section-boxed elementor-section-height-default elementor-section-height-default\" data-id=\"5c906f8\" data-element_type=\"section\" data-settings=\"{&quot;background_background&quot;:&quot;classic&quot;}\">\n\t\t\t\t\t\t<div class=\"elementor-container elementor-column-gap-default\">\n\t\t\t\t\t<div class=\"elementor-column elementor-col-100 elementor-top-column elementor-element elementor-element-d4210af\" data-id=\"d4210af\" data-element_type=\"column\">\n\t\t\t<div class=\"elementor-widget-wrap elementor-element-populated\">\n\t\t\t\t\t\t<section class=\"elementor-section elementor-inner-section elementor-element elementor-element-10b27e1 elementor-section-boxed elementor-section-height-default elementor-section-height-default\" data-id=\"10b27e1\" data-element_type=\"section\" data-settings=\"{&quot;background_background&quot;:&quot;classic&quot;}\">\n\t\t\t\t\t\t<div class=\"elementor-container elementor-column-gap-default\">\n\t\t\t\t\t<div class=\"elementor-column elementor-col-50 elementor-inner-column elementor-element elementor-element-72c6795\" data-id=\"72c6795\" data-element_type=\"column\">\n\t\t\t<div class=\"elementor-widget-wrap elementor-element-populated\">\n\t\t\t\t\t\t<div class=\"elementor-element elementor-element-4219f24 elementor-widget elementor-widget-heading\" data-id=\"4219f24\" data-element_type=\"widget\" data-widget_type=\"heading.default\">\n\t\t\t\t<div class=\"elementor-widget-container\">\n\t\t\t\t\t<h2 class=\"elementor-heading-title elementor-size-default\">Wariant produktu<\/h2>\t\t\t\t<\/div>\n\t\t\t\t<\/div>\n\t\t\t\t\t<\/div>\n\t\t<\/div>\n\t\t\t\t<div class=\"elementor-column elementor-col-25 elementor-inner-column elementor-element elementor-element-e339f3a\" data-id=\"e339f3a\" data-element_type=\"column\">\n\t\t\t<div class=\"elementor-widget-wrap elementor-element-populated\">\n\t\t\t\t\t\t<div class=\"elementor-element elementor-element-b602982 elementor-widget elementor-widget-text-editor\" data-id=\"b602982\" data-element_type=\"widget\" data-widget_type=\"text-editor.default\">\n\t\t\t\t<div class=\"elementor-widget-container\">\n\t\t\t\t\t\t\t\t\t<p>Botic\u00ae A<\/p>\t\t\t\t\t\t\t\t<\/div>\n\t\t\t\t<\/div>\n\t\t\t\t\t<\/div>\n\t\t<\/div>\n\t\t\t\t<div class=\"elementor-column elementor-col-25 elementor-inner-column elementor-element elementor-element-afb7b5f\" data-id=\"afb7b5f\" data-element_type=\"column\">\n\t\t\t<div class=\"elementor-widget-wrap elementor-element-populated\">\n\t\t\t\t\t\t<div class=\"elementor-element elementor-element-415620b elementor-widget elementor-widget-text-editor\" data-id=\"415620b\" data-element_type=\"widget\" data-widget_type=\"text-editor.default\">\n\t\t\t\t<div class=\"elementor-widget-container\">\n\t\t\t\t\t\t\t\t\t<p>Botic\u00ae B<\/p>\t\t\t\t\t\t\t\t<\/div>\n\t\t\t\t<\/div>\n\t\t\t\t\t<\/div>\n\t\t<\/div>\n\t\t\t\t\t<\/div>\n\t\t<\/section>\n\t\t\t\t<section class=\"elementor-section elementor-inner-section elementor-element elementor-element-d305da7 elementor-section-boxed elementor-section-height-default elementor-section-height-default\" data-id=\"d305da7\" data-element_type=\"section\" data-settings=\"{&quot;background_background&quot;:&quot;classic&quot;}\">\n\t\t\t\t\t\t<div class=\"elementor-container elementor-column-gap-default\">\n\t\t\t\t\t<div class=\"elementor-column elementor-col-50 elementor-inner-column elementor-element elementor-element-de93849\" data-id=\"de93849\" data-element_type=\"column\">\n\t\t\t<div class=\"elementor-widget-wrap elementor-element-populated\">\n\t\t\t\t\t\t<div class=\"elementor-element elementor-element-1be2e02 elementor-widget elementor-widget-heading\" data-id=\"1be2e02\" data-element_type=\"widget\" data-widget_type=\"heading.default\">\n\t\t\t\t<div class=\"elementor-widget-container\">\n\t\t\t\t\t<h2 class=\"elementor-heading-title elementor-size-default\">Waga (kg)<\/h2>\t\t\t\t<\/div>\n\t\t\t\t<\/div>\n\t\t\t\t\t<\/div>\n\t\t<\/div>\n\t\t\t\t<div class=\"elementor-column elementor-col-25 elementor-inner-column elementor-element elementor-element-1e3d17b\" data-id=\"1e3d17b\" data-element_type=\"column\">\n\t\t\t<div class=\"elementor-widget-wrap elementor-element-populated\">\n\t\t\t\t\t\t<div class=\"elementor-element elementor-element-40f0628 elementor-widget elementor-widget-text-editor\" data-id=\"40f0628\" data-element_type=\"widget\" data-widget_type=\"text-editor.default\">\n\t\t\t\t<div class=\"elementor-widget-container\">\n\t\t\t\t\t\t\t\t\t<p>57<\/p>\t\t\t\t\t\t\t\t<\/div>\n\t\t\t\t<\/div>\n\t\t\t\t\t<\/div>\n\t\t<\/div>\n\t\t\t\t<div class=\"elementor-column elementor-col-25 elementor-inner-column elementor-element elementor-element-3b6d02c\" data-id=\"3b6d02c\" data-element_type=\"column\">\n\t\t\t<div class=\"elementor-widget-wrap elementor-element-populated\">\n\t\t\t\t\t\t<div class=\"elementor-element elementor-element-067912f elementor-widget elementor-widget-text-editor\" data-id=\"067912f\" data-element_type=\"widget\" data-widget_type=\"text-editor.default\">\n\t\t\t\t<div class=\"elementor-widget-container\">\n\t\t\t\t\t\t\t\t\t<p>57<\/p>\t\t\t\t\t\t\t\t<\/div>\n\t\t\t\t<\/div>\n\t\t\t\t\t<\/div>\n\t\t<\/div>\n\t\t\t\t\t<\/div>\n\t\t<\/section>\n\t\t\t\t<section class=\"elementor-section elementor-inner-section elementor-element elementor-element-d0dcd5d elementor-section-boxed elementor-section-height-default elementor-section-height-default\" data-id=\"d0dcd5d\" data-element_type=\"section\" data-settings=\"{&quot;background_background&quot;:&quot;classic&quot;}\">\n\t\t\t\t\t\t<div class=\"elementor-container elementor-column-gap-default\">\n\t\t\t\t\t<div class=\"elementor-column elementor-col-50 elementor-inner-column elementor-element elementor-element-7256734\" data-id=\"7256734\" data-element_type=\"column\">\n\t\t\t<div class=\"elementor-widget-wrap elementor-element-populated\">\n\t\t\t\t\t\t<div class=\"elementor-element elementor-element-37390f2 elementor-widget elementor-widget-heading\" data-id=\"37390f2\" data-element_type=\"widget\" data-widget_type=\"heading.default\">\n\t\t\t\t<div class=\"elementor-widget-container\">\n\t\t\t\t\t<h2 class=\"elementor-heading-title elementor-size-default\">Przekr\u00f3j wlotowy (m2)<\/h2>\t\t\t\t<\/div>\n\t\t\t\t<\/div>\n\t\t\t\t\t<\/div>\n\t\t<\/div>\n\t\t\t\t<div class=\"elementor-column elementor-col-25 elementor-inner-column elementor-element elementor-element-3055aee\" data-id=\"3055aee\" data-element_type=\"column\">\n\t\t\t<div class=\"elementor-widget-wrap elementor-element-populated\">\n\t\t\t\t\t\t<div class=\"elementor-element elementor-element-d79d81a elementor-widget elementor-widget-text-editor\" data-id=\"d79d81a\" data-element_type=\"widget\" data-widget_type=\"text-editor.default\">\n\t\t\t\t<div class=\"elementor-widget-container\">\n\t\t\t\t\t\t\t\t\t<p>0,03283<\/p>\t\t\t\t\t\t\t\t<\/div>\n\t\t\t\t<\/div>\n\t\t\t\t\t<\/div>\n\t\t<\/div>\n\t\t\t\t<div class=\"elementor-column elementor-col-25 elementor-inner-column elementor-element elementor-element-0f3819d\" data-id=\"0f3819d\" data-element_type=\"column\">\n\t\t\t<div class=\"elementor-widget-wrap elementor-element-populated\">\n\t\t\t\t\t\t<div class=\"elementor-element elementor-element-3b7ed9c elementor-widget elementor-widget-text-editor\" data-id=\"3b7ed9c\" data-element_type=\"widget\" data-widget_type=\"text-editor.default\">\n\t\t\t\t<div class=\"elementor-widget-container\">\n\t\t\t\t\t\t\t\t\t<p>0,03283<\/p>\t\t\t\t\t\t\t\t<\/div>\n\t\t\t\t<\/div>\n\t\t\t\t\t<\/div>\n\t\t<\/div>\n\t\t\t\t\t<\/div>\n\t\t<\/section>\n\t\t\t\t<section class=\"elementor-section elementor-inner-section elementor-element elementor-element-9fdfa75 elementor-section-boxed elementor-section-height-default elementor-section-height-default\" data-id=\"9fdfa75\" data-element_type=\"section\" data-settings=\"{&quot;background_background&quot;:&quot;classic&quot;}\">\n\t\t\t\t\t\t<div class=\"elementor-container elementor-column-gap-default\">\n\t\t\t\t\t<div class=\"elementor-column elementor-col-50 elementor-inner-column elementor-element elementor-element-1bacf17\" data-id=\"1bacf17\" data-element_type=\"column\">\n\t\t\t<div class=\"elementor-widget-wrap elementor-element-populated\">\n\t\t\t\t\t\t<div class=\"elementor-element elementor-element-2b2c6f5 elementor-widget elementor-widget-heading\" data-id=\"2b2c6f5\" data-element_type=\"widget\" data-widget_type=\"heading.default\">\n\t\t\t\t<div class=\"elementor-widget-container\">\n\t\t\t\t\t<h2 class=\"elementor-heading-title elementor-size-default\">Osadzenie dla kosza<\/h2>\t\t\t\t<\/div>\n\t\t\t\t<\/div>\n\t\t\t\t\t<\/div>\n\t\t<\/div>\n\t\t\t\t<div class=\"elementor-column elementor-col-25 elementor-inner-column elementor-element elementor-element-dd55b7d\" data-id=\"dd55b7d\" data-element_type=\"column\">\n\t\t\t<div class=\"elementor-widget-wrap elementor-element-populated\">\n\t\t\t\t\t\t<div class=\"elementor-element elementor-element-e2343c2 elementor-widget elementor-widget-text-editor\" data-id=\"e2343c2\" data-element_type=\"widget\" data-widget_type=\"text-editor.default\">\n\t\t\t\t<div class=\"elementor-widget-container\">\n\t\t\t\t\t\t\t\t\t<p>A4, B1<\/p>\t\t\t\t\t\t\t\t<\/div>\n\t\t\t\t<\/div>\n\t\t\t\t\t<\/div>\n\t\t<\/div>\n\t\t\t\t<div class=\"elementor-column elementor-col-25 elementor-inner-column elementor-element elementor-element-a558e33\" data-id=\"a558e33\" data-element_type=\"column\">\n\t\t\t<div class=\"elementor-widget-wrap elementor-element-populated\">\n\t\t\t\t\t\t<div class=\"elementor-element elementor-element-3979e8f elementor-widget elementor-widget-text-editor\" data-id=\"3979e8f\" data-element_type=\"widget\" data-widget_type=\"text-editor.default\">\n\t\t\t\t<div class=\"elementor-widget-container\">\n\t\t\t\t\t\t\t\t\t<p>A4, B1<\/p>\t\t\t\t\t\t\t\t<\/div>\n\t\t\t\t<\/div>\n\t\t\t\t\t<\/div>\n\t\t<\/div>\n\t\t\t\t\t<\/div>\n\t\t<\/section>\n\t\t\t\t\t<\/div>\n\t\t<\/div>\n\t\t\t\t\t<\/div>\n\t\t<\/section>\n\t\t\t\t<\/div>\n\t\t","protected":false},"excerpt":{"rendered":"<p>Botic\u00ae Kratki kraw\u0119\u017cnikowe \u017celiwne z zawiasem, zatrzaskiem i wymiennym segmentem \u015brodkowym, wariant A \u2013 monta\u017c na wpust DN 450, wariant B \u2013 wpust DN 100 i DN 125. Przeznaczone do odwodnie\u0144 ulic i innych powierzchni utwardzonych. Zaprojektowane do obci\u0105\u017cenia D400, co pozwala na ich stosowanie na obszarach o intensywnym ruchu drogowym. Dost\u0119pne w dw\u00f3ch wariantach. [&hellip;]<\/p>\n","protected":false},"author":16,"featured_media":0,"parent":0,"menu_order":0,"comment_status":"closed","ping_status":"closed","template":"","meta":{"footnotes":""},"class_list":["post-5919","page","type-page","status-publish","hentry"],"yoast_head":"<!-- This site is optimized with the Yoast SEO plugin v26.2 - https:\/\/yoast.com\/wordpress\/plugins\/seo\/ -->\n<title>Botic\u00ae \u2013 \u017celiwne kratki kraw\u0119\u017cnikowe D400 do ulic | KOGA Bau<\/title>\n<meta name=\"description\" content=\"\u017beliwne kratki wlotowe Botic\u00ae z zawiasem, zatrzaskiem i wymiennym segmentem, obci\u0105\u017cenie D400. Warianty A (DN 450) i B (DN 100\/125), odpowiednie do odwodnienia ulic i nawierzchni utwardzonych.\" \/>\n<meta name=\"robots\" content=\"noindex, follow, max-snippet:-1, max-image-preview:large, max-video-preview:-1\" \/>\n<meta property=\"og:locale\" content=\"pl_PL\" \/>\n<meta property=\"og:type\" content=\"article\" \/>\n<meta property=\"og:title\" content=\"Botic\u00ae \u2013 \u017celiwne kratki kraw\u0119\u017cnikowe D400 do ulic | KOGA Bau\" \/>\n<meta property=\"og:description\" content=\"\u017beliwne kratki wlotowe Botic\u00ae z zawiasem, zatrzaskiem i wymiennym segmentem, obci\u0105\u017cenie D400. Warianty A (DN 450) i B (DN 100\/125), odpowiednie do odwodnienia ulic i nawierzchni utwardzonych.\" \/>\n<meta property=\"og:url\" content=\"https:\/\/kogabau.facilitytest.sk\/pl\/botic\/\" \/>\n<meta property=\"og:site_name\" content=\"KOGABAU\" \/>\n<meta property=\"article:modified_time\" content=\"2025-11-09T21:49:20+00:00\" \/>\n<meta property=\"og:image\" content=\"https:\/\/kogabau.facilitytest.sk\/wp-content\/uploads\/2025\/10\/KoGaBau-Botic.png\" \/>\n\t<meta property=\"og:image:width\" content=\"575\" \/>\n\t<meta property=\"og:image:height\" content=\"580\" \/>\n\t<meta property=\"og:image:type\" content=\"image\/png\" \/>\n<meta name=\"twitter:card\" content=\"summary_large_image\" \/>\n<meta name=\"twitter:label1\" content=\"Szacowany czas czytania\" \/>\n\t<meta name=\"twitter:data1\" content=\"1 minuta\" \/>\n<script type=\"application\/ld+json\" class=\"yoast-schema-graph\">{\"@context\":\"https:\/\/schema.org\",\"@graph\":[{\"@type\":\"WebPage\",\"@id\":\"https:\/\/kogabau.facilitytest.sk\/pl\/botic\/\",\"url\":\"https:\/\/kogabau.facilitytest.sk\/pl\/botic\/\",\"name\":\"Botic\u00ae \u2013 \u017celiwne kratki kraw\u0119\u017cnikowe D400 do ulic | KOGA Bau\",\"isPartOf\":{\"@id\":\"https:\/\/kogabau.facilitytest.sk\/pl\/#website\"},\"primaryImageOfPage\":{\"@id\":\"https:\/\/kogabau.facilitytest.sk\/pl\/botic\/#primaryimage\"},\"image\":{\"@id\":\"https:\/\/kogabau.facilitytest.sk\/pl\/botic\/#primaryimage\"},\"thumbnailUrl\":\"https:\/\/kogabau.facilitytest.sk\/wp-content\/uploads\/2025\/10\/KoGaBau-Botic.png\",\"datePublished\":\"2025-10-12T18:01:03+00:00\",\"dateModified\":\"2025-11-09T21:49:20+00:00\",\"description\":\"\u017beliwne kratki wlotowe Botic\u00ae z zawiasem, zatrzaskiem i wymiennym segmentem, obci\u0105\u017cenie D400. Warianty A (DN 450) i B (DN 100\/125), odpowiednie do odwodnienia ulic i nawierzchni utwardzonych.\",\"breadcrumb\":{\"@id\":\"https:\/\/kogabau.facilitytest.sk\/pl\/botic\/#breadcrumb\"},\"inLanguage\":\"pl-PL\",\"potentialAction\":[{\"@type\":\"ReadAction\",\"target\":[\"https:\/\/kogabau.facilitytest.sk\/pl\/botic\/\"]}]},{\"@type\":\"ImageObject\",\"inLanguage\":\"pl-PL\",\"@id\":\"https:\/\/kogabau.facilitytest.sk\/pl\/botic\/#primaryimage\",\"url\":\"https:\/\/kogabau.facilitytest.sk\/wp-content\/uploads\/2025\/10\/KoGaBau-Botic.png\",\"contentUrl\":\"https:\/\/kogabau.facilitytest.sk\/wp-content\/uploads\/2025\/10\/KoGaBau-Botic.png\"},{\"@type\":\"BreadcrumbList\",\"@id\":\"https:\/\/kogabau.facilitytest.sk\/pl\/botic\/#breadcrumb\",\"itemListElement\":[{\"@type\":\"ListItem\",\"position\":1,\"name\":\"Home\",\"item\":\"https:\/\/kogabau.facilitytest.sk\/pl\/\"},{\"@type\":\"ListItem\",\"position\":2,\"name\":\"Botic\"}]},{\"@type\":\"WebSite\",\"@id\":\"https:\/\/kogabau.facilitytest.sk\/pl\/#website\",\"url\":\"https:\/\/kogabau.facilitytest.sk\/pl\/\",\"name\":\"KOGABAU\",\"description\":\"\",\"publisher\":{\"@id\":\"https:\/\/kogabau.facilitytest.sk\/pl\/#organization\"},\"potentialAction\":[{\"@type\":\"SearchAction\",\"target\":{\"@type\":\"EntryPoint\",\"urlTemplate\":\"https:\/\/kogabau.facilitytest.sk\/pl\/?s={search_term_string}\"},\"query-input\":{\"@type\":\"PropertyValueSpecification\",\"valueRequired\":true,\"valueName\":\"search_term_string\"}}],\"inLanguage\":\"pl-PL\"},{\"@type\":\"Organization\",\"@id\":\"https:\/\/kogabau.facilitytest.sk\/pl\/#organization\",\"name\":\"KOGABAU\",\"url\":\"https:\/\/kogabau.facilitytest.sk\/pl\/\",\"logo\":{\"@type\":\"ImageObject\",\"inLanguage\":\"pl-PL\",\"@id\":\"https:\/\/kogabau.facilitytest.sk\/pl\/#\/schema\/logo\/image\/\",\"url\":\"https:\/\/kogabau.facilitytest.sk\/wp-content\/uploads\/2021\/02\/KOGA-BAU-logo-cierne.png\",\"contentUrl\":\"https:\/\/kogabau.facilitytest.sk\/wp-content\/uploads\/2021\/02\/KOGA-BAU-logo-cierne.png\",\"width\":516,\"height\":66,\"caption\":\"KOGABAU\"},\"image\":{\"@id\":\"https:\/\/kogabau.facilitytest.sk\/pl\/#\/schema\/logo\/image\/\"}}]}<\/script>\n<!-- \/ Yoast SEO plugin. -->","yoast_head_json":{"title":"Botic\u00ae \u2013 \u017celiwne kratki kraw\u0119\u017cnikowe D400 do ulic | KOGA Bau","description":"\u017beliwne kratki wlotowe Botic\u00ae z zawiasem, zatrzaskiem i wymiennym segmentem, obci\u0105\u017cenie D400. Warianty A (DN 450) i B (DN 100\/125), odpowiednie do odwodnienia ulic i nawierzchni utwardzonych.","robots":{"index":"noindex","follow":"follow","max-snippet":"max-snippet:-1","max-image-preview":"max-image-preview:large","max-video-preview":"max-video-preview:-1"},"og_locale":"pl_PL","og_type":"article","og_title":"Botic\u00ae \u2013 \u017celiwne kratki kraw\u0119\u017cnikowe D400 do ulic | KOGA Bau","og_description":"\u017beliwne kratki wlotowe Botic\u00ae z zawiasem, zatrzaskiem i wymiennym segmentem, obci\u0105\u017cenie D400. Warianty A (DN 450) i B (DN 100\/125), odpowiednie do odwodnienia ulic i nawierzchni utwardzonych.","og_url":"https:\/\/kogabau.facilitytest.sk\/pl\/botic\/","og_site_name":"KOGABAU","article_modified_time":"2025-11-09T21:49:20+00:00","og_image":[{"width":575,"height":580,"url":"https:\/\/kogabau.facilitytest.sk\/wp-content\/uploads\/2025\/10\/KoGaBau-Botic.png","type":"image\/png"}],"twitter_card":"summary_large_image","twitter_misc":{"Szacowany czas czytania":"1 minuta"},"schema":{"@context":"https:\/\/schema.org","@graph":[{"@type":"WebPage","@id":"https:\/\/kogabau.facilitytest.sk\/pl\/botic\/","url":"https:\/\/kogabau.facilitytest.sk\/pl\/botic\/","name":"Botic\u00ae \u2013 \u017celiwne kratki kraw\u0119\u017cnikowe D400 do ulic | KOGA Bau","isPartOf":{"@id":"https:\/\/kogabau.facilitytest.sk\/pl\/#website"},"primaryImageOfPage":{"@id":"https:\/\/kogabau.facilitytest.sk\/pl\/botic\/#primaryimage"},"image":{"@id":"https:\/\/kogabau.facilitytest.sk\/pl\/botic\/#primaryimage"},"thumbnailUrl":"https:\/\/kogabau.facilitytest.sk\/wp-content\/uploads\/2025\/10\/KoGaBau-Botic.png","datePublished":"2025-10-12T18:01:03+00:00","dateModified":"2025-11-09T21:49:20+00:00","description":"\u017beliwne kratki wlotowe Botic\u00ae z zawiasem, zatrzaskiem i wymiennym segmentem, obci\u0105\u017cenie D400. Warianty A (DN 450) i B (DN 100\/125), odpowiednie do odwodnienia ulic i nawierzchni utwardzonych.","breadcrumb":{"@id":"https:\/\/kogabau.facilitytest.sk\/pl\/botic\/#breadcrumb"},"inLanguage":"pl-PL","potentialAction":[{"@type":"ReadAction","target":["https:\/\/kogabau.facilitytest.sk\/pl\/botic\/"]}]},{"@type":"ImageObject","inLanguage":"pl-PL","@id":"https:\/\/kogabau.facilitytest.sk\/pl\/botic\/#primaryimage","url":"https:\/\/kogabau.facilitytest.sk\/wp-content\/uploads\/2025\/10\/KoGaBau-Botic.png","contentUrl":"https:\/\/kogabau.facilitytest.sk\/wp-content\/uploads\/2025\/10\/KoGaBau-Botic.png"},{"@type":"BreadcrumbList","@id":"https:\/\/kogabau.facilitytest.sk\/pl\/botic\/#breadcrumb","itemListElement":[{"@type":"ListItem","position":1,"name":"Home","item":"https:\/\/kogabau.facilitytest.sk\/pl\/"},{"@type":"ListItem","position":2,"name":"Botic"}]},{"@type":"WebSite","@id":"https:\/\/kogabau.facilitytest.sk\/pl\/#website","url":"https:\/\/kogabau.facilitytest.sk\/pl\/","name":"KOGABAU","description":"","publisher":{"@id":"https:\/\/kogabau.facilitytest.sk\/pl\/#organization"},"potentialAction":[{"@type":"SearchAction","target":{"@type":"EntryPoint","urlTemplate":"https:\/\/kogabau.facilitytest.sk\/pl\/?s={search_term_string}"},"query-input":{"@type":"PropertyValueSpecification","valueRequired":true,"valueName":"search_term_string"}}],"inLanguage":"pl-PL"},{"@type":"Organization","@id":"https:\/\/kogabau.facilitytest.sk\/pl\/#organization","name":"KOGABAU","url":"https:\/\/kogabau.facilitytest.sk\/pl\/","logo":{"@type":"ImageObject","inLanguage":"pl-PL","@id":"https:\/\/kogabau.facilitytest.sk\/pl\/#\/schema\/logo\/image\/","url":"https:\/\/kogabau.facilitytest.sk\/wp-content\/uploads\/2021\/02\/KOGA-BAU-logo-cierne.png","contentUrl":"https:\/\/kogabau.facilitytest.sk\/wp-content\/uploads\/2021\/02\/KOGA-BAU-logo-cierne.png","width":516,"height":66,"caption":"KOGABAU"},"image":{"@id":"https:\/\/kogabau.facilitytest.sk\/pl\/#\/schema\/logo\/image\/"}}]}},"_links":{"self":[{"href":"https:\/\/kogabau.facilitytest.sk\/pl\/wp-json\/wp\/v2\/pages\/5919","targetHints":{"allow":["GET"]}}],"collection":[{"href":"https:\/\/kogabau.facilitytest.sk\/pl\/wp-json\/wp\/v2\/pages"}],"about":[{"href":"https:\/\/kogabau.facilitytest.sk\/pl\/wp-json\/wp\/v2\/types\/page"}],"author":[{"embeddable":true,"href":"https:\/\/kogabau.facilitytest.sk\/pl\/wp-json\/wp\/v2\/users\/16"}],"replies":[{"embeddable":true,"href":"https:\/\/kogabau.facilitytest.sk\/pl\/wp-json\/wp\/v2\/comments?post=5919"}],"version-history":[{"count":2,"href":"https:\/\/kogabau.facilitytest.sk\/pl\/wp-json\/wp\/v2\/pages\/5919\/revisions"}],"predecessor-version":[{"id":8287,"href":"https:\/\/kogabau.facilitytest.sk\/pl\/wp-json\/wp\/v2\/pages\/5919\/revisions\/8287"}],"wp:attachment":[{"href":"https:\/\/kogabau.facilitytest.sk\/pl\/wp-json\/wp\/v2\/media?parent=5919"}],"curies":[{"name":"wp","href":"https:\/\/api.w.org\/{rel}","templated":true}]}}