{"id":5579,"date":"2025-10-12T14:34:52","date_gmt":"2025-10-12T12:34:52","guid":{"rendered":"https:\/\/kogabau.facilitytest.sk\/rohy\/"},"modified":"2025-11-09T12:58:03","modified_gmt":"2025-11-09T11:58:03","slug":"rohy","status":"publish","type":"page","link":"https:\/\/kogabau.facilitytest.sk\/de\/rohy\/","title":{"rendered":"Rohy"},"content":{"rendered":"\t\t<div data-elementor-type=\"wp-page\" data-elementor-id=\"5579\" class=\"elementor elementor-5579 elementor-1088\" data-elementor-post-type=\"page\">\n\t\t\t\t\t\t<section class=\"elementor-section elementor-top-section elementor-element elementor-element-8c5cc58 elementor-section-boxed elementor-section-height-default elementor-section-height-default\" data-id=\"8c5cc58\" data-element_type=\"section\" data-settings=\"{&quot;background_background&quot;:&quot;classic&quot;}\">\n\t\t\t\t\t\t<div class=\"elementor-container elementor-column-gap-default\">\n\t\t\t\t\t<div class=\"elementor-column elementor-col-100 elementor-top-column elementor-element elementor-element-4c061b6\" data-id=\"4c061b6\" data-element_type=\"column\">\n\t\t\t<div class=\"elementor-widget-wrap elementor-element-populated\">\n\t\t\t\t\t\t<div class=\"elementor-element elementor-element-efc54a5 elementor-widget elementor-widget-spacer\" data-id=\"efc54a5\" data-element_type=\"widget\" data-widget_type=\"spacer.default\">\n\t\t\t\t<div class=\"elementor-widget-container\">\n\t\t\t\t\t\t\t<div class=\"elementor-spacer\">\n\t\t\t<div class=\"elementor-spacer-inner\"><\/div>\n\t\t<\/div>\n\t\t\t\t\t\t<\/div>\n\t\t\t\t<\/div>\n\t\t\t\t<div class=\"elementor-element elementor-element-db8ba8f elementor-widget elementor-widget-heading\" data-id=\"db8ba8f\" data-element_type=\"widget\" data-widget_type=\"heading.default\">\n\t\t\t\t<div class=\"elementor-widget-container\">\n\t\t\t\t\t<h1 class=\"elementor-heading-title elementor-size-default\">Rohy\u00ae<\/h1>\t\t\t\t<\/div>\n\t\t\t\t<\/div>\n\t\t\t\t\t<\/div>\n\t\t<\/div>\n\t\t\t\t\t<\/div>\n\t\t<\/section>\n\t\t\t\t<section class=\"elementor-section elementor-top-section elementor-element elementor-element-6606034 elementor-reverse-tablet elementor-reverse-mobile elementor-section-boxed elementor-section-height-default elementor-section-height-default\" data-id=\"6606034\" data-element_type=\"section\" data-settings=\"{&quot;background_background&quot;:&quot;classic&quot;}\">\n\t\t\t\t\t\t<div class=\"elementor-container elementor-column-gap-default\">\n\t\t\t\t\t<div class=\"elementor-column elementor-col-50 elementor-top-column elementor-element elementor-element-ea36663\" data-id=\"ea36663\" data-element_type=\"column\">\n\t\t\t<div class=\"elementor-widget-wrap elementor-element-populated\">\n\t\t\t\t\t\t<div class=\"elementor-element elementor-element-b6169b0 elementor-widget__width-initial elementor-widget elementor-widget-text-editor\" data-id=\"b6169b0\" data-element_type=\"widget\" data-widget_type=\"text-editor.default\">\n\t\t\t\t<div class=\"elementor-widget-container\">\n\t\t\t\t\t\t\t\t\t<p>Die Radweg- und Parkplatzbegrenzungsmarkierungen dienen der optischen und physischen Abgrenzung von Bereichen, beispielsweise zwischen einem Radweg und einem Gehweg oder in der N\u00e4he von Parkpl\u00e4tzen. Die robusten Markierungen sind komplett aus Gusseisen gefertigt und werden zur Gew\u00e4hrleistung der Stabilit\u00e4t mittels Gewindestange (Dorn) im Boden verankert. Sie k\u00f6nnen je nach Kundenwunsch oberfl\u00e4chenbehandelt werden (z. B. in der jeweiligen Stadtfarbe).  <\/p>\t\t\t\t\t\t\t\t<\/div>\n\t\t\t\t<\/div>\n\t\t\t\t\t<\/div>\n\t\t<\/div>\n\t\t\t\t<div class=\"elementor-column elementor-col-50 elementor-top-column elementor-element elementor-element-215eb55\" data-id=\"215eb55\" data-element_type=\"column\" data-settings=\"{&quot;background_background&quot;:&quot;classic&quot;}\">\n\t\t\t<div class=\"elementor-widget-wrap elementor-element-populated\">\n\t\t\t\t\t\t<div class=\"elementor-element elementor-element-4536708 elementor-widget elementor-widget-image\" data-id=\"4536708\" data-element_type=\"widget\" data-widget_type=\"image.default\">\n\t\t\t\t<div class=\"elementor-widget-container\">\n\t\t\t\t\t\t\t\t\t\t\t\t\t\t\t<img fetchpriority=\"high\" decoding=\"async\" width=\"575\" height=\"580\" src=\"https:\/\/kogabau.facilitytest.sk\/wp-content\/uploads\/2025\/10\/KoGaBau-Rohy.png\" class=\"attachment-full size-full wp-image-5547\" alt=\"\" srcset=\"https:\/\/kogabau.facilitytest.sk\/wp-content\/uploads\/2025\/10\/KoGaBau-Rohy.png 575w, https:\/\/kogabau.facilitytest.sk\/wp-content\/uploads\/2025\/10\/KoGaBau-Rohy-297x300.png 297w, https:\/\/kogabau.facilitytest.sk\/wp-content\/uploads\/2025\/10\/KoGaBau-Rohy-150x150.png 150w\" sizes=\"(max-width: 575px) 100vw, 575px\" \/>\t\t\t\t\t\t\t\t\t\t\t\t\t\t\t<\/div>\n\t\t\t\t<\/div>\n\t\t\t\t\t<\/div>\n\t\t<\/div>\n\t\t\t\t\t<\/div>\n\t\t<\/section>\n\t\t\t\t<\/div>\n\t\t","protected":false},"excerpt":{"rendered":"<p>Rohy\u00ae Die Radweg- und Parkplatzbegrenzungsmarkierungen dienen der optischen und physischen Abgrenzung von Bereichen, beispielsweise zwischen einem Radweg und einem Gehweg oder in der N\u00e4he von Parkpl\u00e4tzen. Die robusten Markierungen sind komplett aus Gusseisen gefertigt und werden zur Gew\u00e4hrleistung der Stabilit\u00e4t mittels Gewindestange (Dorn) im Boden verankert. Sie k\u00f6nnen je nach Kundenwunsch oberfl\u00e4chenbehandelt werden (z. B. [&hellip;]<\/p>\n","protected":false},"author":16,"featured_media":0,"parent":0,"menu_order":0,"comment_status":"closed","ping_status":"closed","template":"","meta":{"footnotes":""},"class_list":["post-5579","page","type-page","status-publish","hentry"],"yoast_head":"<!-- This site is optimized with the Yoast SEO plugin v26.2 - https:\/\/yoast.com\/wordpress\/plugins\/seo\/ -->\n<title>Rohy\u00ae \u2013 Abgrenzungen aus Gusseisen f\u00fcr Radwege und Parkpl\u00e4tze | KOGA Bau<\/title>\n<meta name=\"description\" content=\"Rohy\u00ae od KOGA Bau s\u00fa robustn\u00e9 liatinov\u00e9 vymedzova\u010de ur\u010den\u00e9 na oddelenie cyklotr\u00e1s, chodn\u00edkov a parkovac\u00edch miest. Kotven\u00e9 pomocou z\u00e1vitovej ty\u010de, s mo\u017enos\u0165ou farebnej \u00fapravy pod\u013ea po\u017eiadaviek mesta \u010di investora. Spo\u013eahliv\u00e9, trv\u00e1cne a bezpe\u010dn\u00e9 rie\u0161enie pre verejn\u00fd priestor.\" \/>\n<meta name=\"robots\" content=\"noindex, follow, max-snippet:-1, max-image-preview:large, max-video-preview:-1\" \/>\n<meta property=\"og:locale\" content=\"de_DE\" \/>\n<meta property=\"og:type\" content=\"article\" \/>\n<meta property=\"og:title\" content=\"Rohy\u00ae \u2013 Abgrenzungen aus Gusseisen f\u00fcr Radwege und Parkpl\u00e4tze | KOGA Bau\" \/>\n<meta property=\"og:description\" content=\"Rohy\u00ae od KOGA Bau s\u00fa robustn\u00e9 liatinov\u00e9 vymedzova\u010de ur\u010den\u00e9 na oddelenie cyklotr\u00e1s, chodn\u00edkov a parkovac\u00edch miest. Kotven\u00e9 pomocou z\u00e1vitovej ty\u010de, s mo\u017enos\u0165ou farebnej \u00fapravy pod\u013ea po\u017eiadaviek mesta \u010di investora. Spo\u013eahliv\u00e9, trv\u00e1cne a bezpe\u010dn\u00e9 rie\u0161enie pre verejn\u00fd priestor.\" \/>\n<meta property=\"og:url\" content=\"https:\/\/kogabau.facilitytest.sk\/de\/rohy\/\" \/>\n<meta property=\"og:site_name\" content=\"KOGABAU\" \/>\n<meta property=\"article:modified_time\" content=\"2025-11-09T11:58:03+00:00\" \/>\n<meta property=\"og:image\" content=\"https:\/\/kogabau.facilitytest.sk\/wp-content\/uploads\/2025\/10\/KoGaBau-Rohy.png\" \/>\n\t<meta property=\"og:image:width\" content=\"575\" \/>\n\t<meta property=\"og:image:height\" content=\"580\" \/>\n\t<meta property=\"og:image:type\" content=\"image\/png\" \/>\n<meta name=\"twitter:card\" content=\"summary_large_image\" \/>\n<script type=\"application\/ld+json\" class=\"yoast-schema-graph\">{\"@context\":\"https:\/\/schema.org\",\"@graph\":[{\"@type\":\"WebPage\",\"@id\":\"https:\/\/kogabau.facilitytest.sk\/de\/rohy\/\",\"url\":\"https:\/\/kogabau.facilitytest.sk\/de\/rohy\/\",\"name\":\"Rohy\u00ae \u2013 Abgrenzungen aus Gusseisen f\u00fcr Radwege und Parkpl\u00e4tze | KOGA Bau\",\"isPartOf\":{\"@id\":\"https:\/\/kogabau.facilitytest.sk\/de\/#website\"},\"primaryImageOfPage\":{\"@id\":\"https:\/\/kogabau.facilitytest.sk\/de\/rohy\/#primaryimage\"},\"image\":{\"@id\":\"https:\/\/kogabau.facilitytest.sk\/de\/rohy\/#primaryimage\"},\"thumbnailUrl\":\"https:\/\/kogabau.facilitytest.sk\/wp-content\/uploads\/2025\/10\/KoGaBau-Rohy.png\",\"datePublished\":\"2025-10-12T12:34:52+00:00\",\"dateModified\":\"2025-11-09T11:58:03+00:00\",\"description\":\"Rohy\u00ae od KOGA Bau s\u00fa robustn\u00e9 liatinov\u00e9 vymedzova\u010de ur\u010den\u00e9 na oddelenie cyklotr\u00e1s, chodn\u00edkov a parkovac\u00edch miest. Kotven\u00e9 pomocou z\u00e1vitovej ty\u010de, s mo\u017enos\u0165ou farebnej \u00fapravy pod\u013ea po\u017eiadaviek mesta \u010di investora. Spo\u013eahliv\u00e9, trv\u00e1cne a bezpe\u010dn\u00e9 rie\u0161enie pre verejn\u00fd priestor.\",\"breadcrumb\":{\"@id\":\"https:\/\/kogabau.facilitytest.sk\/de\/rohy\/#breadcrumb\"},\"inLanguage\":\"de\",\"potentialAction\":[{\"@type\":\"ReadAction\",\"target\":[\"https:\/\/kogabau.facilitytest.sk\/de\/rohy\/\"]}]},{\"@type\":\"ImageObject\",\"inLanguage\":\"de\",\"@id\":\"https:\/\/kogabau.facilitytest.sk\/de\/rohy\/#primaryimage\",\"url\":\"https:\/\/kogabau.facilitytest.sk\/wp-content\/uploads\/2025\/10\/KoGaBau-Rohy.png\",\"contentUrl\":\"https:\/\/kogabau.facilitytest.sk\/wp-content\/uploads\/2025\/10\/KoGaBau-Rohy.png\"},{\"@type\":\"BreadcrumbList\",\"@id\":\"https:\/\/kogabau.facilitytest.sk\/de\/rohy\/#breadcrumb\",\"itemListElement\":[{\"@type\":\"ListItem\",\"position\":1,\"name\":\"Home\",\"item\":\"https:\/\/kogabau.facilitytest.sk\/de\/\"},{\"@type\":\"ListItem\",\"position\":2,\"name\":\"Rohy\"}]},{\"@type\":\"WebSite\",\"@id\":\"https:\/\/kogabau.facilitytest.sk\/de\/#website\",\"url\":\"https:\/\/kogabau.facilitytest.sk\/de\/\",\"name\":\"KOGABAU\",\"description\":\"\",\"publisher\":{\"@id\":\"https:\/\/kogabau.facilitytest.sk\/de\/#organization\"},\"potentialAction\":[{\"@type\":\"SearchAction\",\"target\":{\"@type\":\"EntryPoint\",\"urlTemplate\":\"https:\/\/kogabau.facilitytest.sk\/de\/?s={search_term_string}\"},\"query-input\":{\"@type\":\"PropertyValueSpecification\",\"valueRequired\":true,\"valueName\":\"search_term_string\"}}],\"inLanguage\":\"de\"},{\"@type\":\"Organization\",\"@id\":\"https:\/\/kogabau.facilitytest.sk\/de\/#organization\",\"name\":\"KOGABAU\",\"url\":\"https:\/\/kogabau.facilitytest.sk\/de\/\",\"logo\":{\"@type\":\"ImageObject\",\"inLanguage\":\"de\",\"@id\":\"https:\/\/kogabau.facilitytest.sk\/de\/#\/schema\/logo\/image\/\",\"url\":\"https:\/\/kogabau.facilitytest.sk\/wp-content\/uploads\/2021\/02\/KOGA-BAU-logo-cierne.png\",\"contentUrl\":\"https:\/\/kogabau.facilitytest.sk\/wp-content\/uploads\/2021\/02\/KOGA-BAU-logo-cierne.png\",\"width\":516,\"height\":66,\"caption\":\"KOGABAU\"},\"image\":{\"@id\":\"https:\/\/kogabau.facilitytest.sk\/de\/#\/schema\/logo\/image\/\"}}]}<\/script>\n<!-- \/ Yoast SEO plugin. -->","yoast_head_json":{"title":"Rohy\u00ae \u2013 Abgrenzungen aus Gusseisen f\u00fcr Radwege und Parkpl\u00e4tze | KOGA Bau","description":"Rohy\u00ae od KOGA Bau s\u00fa robustn\u00e9 liatinov\u00e9 vymedzova\u010de ur\u010den\u00e9 na oddelenie cyklotr\u00e1s, chodn\u00edkov a parkovac\u00edch miest. Kotven\u00e9 pomocou z\u00e1vitovej ty\u010de, s mo\u017enos\u0165ou farebnej \u00fapravy pod\u013ea po\u017eiadaviek mesta \u010di investora. Spo\u013eahliv\u00e9, trv\u00e1cne a bezpe\u010dn\u00e9 rie\u0161enie pre verejn\u00fd priestor.","robots":{"index":"noindex","follow":"follow","max-snippet":"max-snippet:-1","max-image-preview":"max-image-preview:large","max-video-preview":"max-video-preview:-1"},"og_locale":"de_DE","og_type":"article","og_title":"Rohy\u00ae \u2013 Abgrenzungen aus Gusseisen f\u00fcr Radwege und Parkpl\u00e4tze | KOGA Bau","og_description":"Rohy\u00ae od KOGA Bau s\u00fa robustn\u00e9 liatinov\u00e9 vymedzova\u010de ur\u010den\u00e9 na oddelenie cyklotr\u00e1s, chodn\u00edkov a parkovac\u00edch miest. Kotven\u00e9 pomocou z\u00e1vitovej ty\u010de, s mo\u017enos\u0165ou farebnej \u00fapravy pod\u013ea po\u017eiadaviek mesta \u010di investora. Spo\u013eahliv\u00e9, trv\u00e1cne a bezpe\u010dn\u00e9 rie\u0161enie pre verejn\u00fd priestor.","og_url":"https:\/\/kogabau.facilitytest.sk\/de\/rohy\/","og_site_name":"KOGABAU","article_modified_time":"2025-11-09T11:58:03+00:00","og_image":[{"width":575,"height":580,"url":"https:\/\/kogabau.facilitytest.sk\/wp-content\/uploads\/2025\/10\/KoGaBau-Rohy.png","type":"image\/png"}],"twitter_card":"summary_large_image","schema":{"@context":"https:\/\/schema.org","@graph":[{"@type":"WebPage","@id":"https:\/\/kogabau.facilitytest.sk\/de\/rohy\/","url":"https:\/\/kogabau.facilitytest.sk\/de\/rohy\/","name":"Rohy\u00ae \u2013 Abgrenzungen aus Gusseisen f\u00fcr Radwege und Parkpl\u00e4tze | KOGA Bau","isPartOf":{"@id":"https:\/\/kogabau.facilitytest.sk\/de\/#website"},"primaryImageOfPage":{"@id":"https:\/\/kogabau.facilitytest.sk\/de\/rohy\/#primaryimage"},"image":{"@id":"https:\/\/kogabau.facilitytest.sk\/de\/rohy\/#primaryimage"},"thumbnailUrl":"https:\/\/kogabau.facilitytest.sk\/wp-content\/uploads\/2025\/10\/KoGaBau-Rohy.png","datePublished":"2025-10-12T12:34:52+00:00","dateModified":"2025-11-09T11:58:03+00:00","description":"Rohy\u00ae od KOGA Bau s\u00fa robustn\u00e9 liatinov\u00e9 vymedzova\u010de ur\u010den\u00e9 na oddelenie cyklotr\u00e1s, chodn\u00edkov a parkovac\u00edch miest. Kotven\u00e9 pomocou z\u00e1vitovej ty\u010de, s mo\u017enos\u0165ou farebnej \u00fapravy pod\u013ea po\u017eiadaviek mesta \u010di investora. Spo\u013eahliv\u00e9, trv\u00e1cne a bezpe\u010dn\u00e9 rie\u0161enie pre verejn\u00fd priestor.","breadcrumb":{"@id":"https:\/\/kogabau.facilitytest.sk\/de\/rohy\/#breadcrumb"},"inLanguage":"de","potentialAction":[{"@type":"ReadAction","target":["https:\/\/kogabau.facilitytest.sk\/de\/rohy\/"]}]},{"@type":"ImageObject","inLanguage":"de","@id":"https:\/\/kogabau.facilitytest.sk\/de\/rohy\/#primaryimage","url":"https:\/\/kogabau.facilitytest.sk\/wp-content\/uploads\/2025\/10\/KoGaBau-Rohy.png","contentUrl":"https:\/\/kogabau.facilitytest.sk\/wp-content\/uploads\/2025\/10\/KoGaBau-Rohy.png"},{"@type":"BreadcrumbList","@id":"https:\/\/kogabau.facilitytest.sk\/de\/rohy\/#breadcrumb","itemListElement":[{"@type":"ListItem","position":1,"name":"Home","item":"https:\/\/kogabau.facilitytest.sk\/de\/"},{"@type":"ListItem","position":2,"name":"Rohy"}]},{"@type":"WebSite","@id":"https:\/\/kogabau.facilitytest.sk\/de\/#website","url":"https:\/\/kogabau.facilitytest.sk\/de\/","name":"KOGABAU","description":"","publisher":{"@id":"https:\/\/kogabau.facilitytest.sk\/de\/#organization"},"potentialAction":[{"@type":"SearchAction","target":{"@type":"EntryPoint","urlTemplate":"https:\/\/kogabau.facilitytest.sk\/de\/?s={search_term_string}"},"query-input":{"@type":"PropertyValueSpecification","valueRequired":true,"valueName":"search_term_string"}}],"inLanguage":"de"},{"@type":"Organization","@id":"https:\/\/kogabau.facilitytest.sk\/de\/#organization","name":"KOGABAU","url":"https:\/\/kogabau.facilitytest.sk\/de\/","logo":{"@type":"ImageObject","inLanguage":"de","@id":"https:\/\/kogabau.facilitytest.sk\/de\/#\/schema\/logo\/image\/","url":"https:\/\/kogabau.facilitytest.sk\/wp-content\/uploads\/2021\/02\/KOGA-BAU-logo-cierne.png","contentUrl":"https:\/\/kogabau.facilitytest.sk\/wp-content\/uploads\/2021\/02\/KOGA-BAU-logo-cierne.png","width":516,"height":66,"caption":"KOGABAU"},"image":{"@id":"https:\/\/kogabau.facilitytest.sk\/de\/#\/schema\/logo\/image\/"}}]}},"_links":{"self":[{"href":"https:\/\/kogabau.facilitytest.sk\/de\/wp-json\/wp\/v2\/pages\/5579","targetHints":{"allow":["GET"]}}],"collection":[{"href":"https:\/\/kogabau.facilitytest.sk\/de\/wp-json\/wp\/v2\/pages"}],"about":[{"href":"https:\/\/kogabau.facilitytest.sk\/de\/wp-json\/wp\/v2\/types\/page"}],"author":[{"embeddable":true,"href":"https:\/\/kogabau.facilitytest.sk\/de\/wp-json\/wp\/v2\/users\/16"}],"replies":[{"embeddable":true,"href":"https:\/\/kogabau.facilitytest.sk\/de\/wp-json\/wp\/v2\/comments?post=5579"}],"version-history":[{"count":1,"href":"https:\/\/kogabau.facilitytest.sk\/de\/wp-json\/wp\/v2\/pages\/5579\/revisions"}],"predecessor-version":[{"id":5580,"href":"https:\/\/kogabau.facilitytest.sk\/de\/wp-json\/wp\/v2\/pages\/5579\/revisions\/5580"}],"wp:attachment":[{"href":"https:\/\/kogabau.facilitytest.sk\/de\/wp-json\/wp\/v2\/media?parent=5579"}],"curies":[{"name":"wp","href":"https:\/\/api.w.org\/{rel}","templated":true}]}}