{"id":5388,"date":"2025-10-12T17:53:14","date_gmt":"2025-10-12T15:53:14","guid":{"rendered":"https:\/\/kogabau.facilitytest.sk\/entwaesserung-von-stuetzmauern\/"},"modified":"2025-11-10T11:35:41","modified_gmt":"2025-11-10T10:35:41","slug":"entwaesserung-von-stuetzmauern","status":"publish","type":"page","link":"https:\/\/kogabau.facilitytest.sk\/de\/entwaesserung-von-stuetzmauern\/","title":{"rendered":"Entw\u00e4sserung von St\u00fctzmauern"},"content":{"rendered":"\t\t<div data-elementor-type=\"wp-page\" data-elementor-id=\"5388\" class=\"elementor elementor-5388 elementor-1288\" data-elementor-post-type=\"page\">\n\t\t\t\t\t\t<section class=\"elementor-section elementor-top-section elementor-element elementor-element-784a618 elementor-section-boxed elementor-section-height-default elementor-section-height-default\" data-id=\"784a618\" data-element_type=\"section\" data-settings=\"{&quot;background_background&quot;:&quot;classic&quot;}\">\n\t\t\t\t\t\t<div class=\"elementor-container elementor-column-gap-default\">\n\t\t\t\t\t<div class=\"elementor-column elementor-col-100 elementor-top-column elementor-element elementor-element-7fc5934\" data-id=\"7fc5934\" data-element_type=\"column\">\n\t\t\t<div class=\"elementor-widget-wrap elementor-element-populated\">\n\t\t\t\t\t\t<div class=\"elementor-element elementor-element-0a962e1 elementor-widget elementor-widget-spacer\" data-id=\"0a962e1\" data-element_type=\"widget\" data-widget_type=\"spacer.default\">\n\t\t\t\t<div class=\"elementor-widget-container\">\n\t\t\t\t\t\t\t<div class=\"elementor-spacer\">\n\t\t\t<div class=\"elementor-spacer-inner\"><\/div>\n\t\t<\/div>\n\t\t\t\t\t\t<\/div>\n\t\t\t\t<\/div>\n\t\t\t\t<div class=\"elementor-element elementor-element-b8fdf79 elementor-widget elementor-widget-heading\" data-id=\"b8fdf79\" data-element_type=\"widget\" data-widget_type=\"heading.default\">\n\t\t\t\t<div class=\"elementor-widget-container\">\n\t\t\t\t\t<h1 class=\"elementor-heading-title elementor-size-default\">Entw\u00e4sserung von St\u00fctzmauern<\/h1>\t\t\t\t<\/div>\n\t\t\t\t<\/div>\n\t\t\t\t\t<\/div>\n\t\t<\/div>\n\t\t\t\t\t<\/div>\n\t\t<\/section>\n\t\t\t\t<section class=\"elementor-section elementor-top-section elementor-element elementor-element-029ccea elementor-section-boxed elementor-section-height-default elementor-section-height-default\" data-id=\"029ccea\" data-element_type=\"section\" data-settings=\"{&quot;background_background&quot;:&quot;classic&quot;}\">\n\t\t\t\t\t\t<div class=\"elementor-container elementor-column-gap-default\">\n\t\t\t\t\t<div class=\"elementor-column elementor-col-50 elementor-top-column elementor-element elementor-element-44082c2\" data-id=\"44082c2\" data-element_type=\"column\">\n\t\t\t<div class=\"elementor-widget-wrap elementor-element-populated\">\n\t\t\t\t\t\t<div class=\"elementor-element elementor-element-da6f880 elementor-widget elementor-widget-heading\" data-id=\"da6f880\" data-element_type=\"widget\" data-widget_type=\"heading.default\">\n\t\t\t\t<div class=\"elementor-widget-container\">\n\t\t\t\t\t<h2 class=\"elementor-heading-title elementor-size-default\">Jizera<\/h2>\t\t\t\t<\/div>\n\t\t\t\t<\/div>\n\t\t\t\t<div class=\"elementor-element elementor-element-6ec7b05 elementor-widget elementor-widget-text-editor\" data-id=\"6ec7b05\" data-element_type=\"widget\" data-widget_type=\"text-editor.default\">\n\t\t\t\t<div class=\"elementor-widget-container\">\n\t\t\t\t\t\t\t\t\t<p>wird zur Entw\u00e4sserung der R\u00fcckseiten von St\u00fctzen, St\u00fctzmauern, Fl\u00fcgeln, Fundamenten und \u00e4hnlichen Teilen von Br\u00fcckenkonstruktionen verwendet, die mit Erde gef\u00fcllt werden und bei denen ein Schutz vor Bodenfeuchtigkeit erforderlich ist.<\/p>\t\t\t\t\t\t\t\t<\/div>\n\t\t\t\t<\/div>\n\t\t\t\t\t<\/div>\n\t\t<\/div>\n\t\t\t\t<div class=\"elementor-column elementor-col-50 elementor-top-column elementor-element elementor-element-cc0f3be\" data-id=\"cc0f3be\" data-element_type=\"column\">\n\t\t\t<div class=\"elementor-widget-wrap elementor-element-populated\">\n\t\t\t\t\t\t<div class=\"elementor-element elementor-element-52262fb elementor-widget elementor-widget-image\" data-id=\"52262fb\" data-element_type=\"widget\" data-widget_type=\"image.default\">\n\t\t\t\t<div class=\"elementor-widget-container\">\n\t\t\t\t\t\t\t\t\t\t\t\t\t\t\t<img fetchpriority=\"high\" decoding=\"async\" width=\"705\" height=\"391\" src=\"https:\/\/kogabau.facilitytest.sk\/wp-content\/uploads\/2025\/10\/kogabau-odvodnenie-opornych-murov\u200b-jizera.png\" class=\"attachment-full size-full wp-image-5385\" alt=\"\" srcset=\"https:\/\/kogabau.facilitytest.sk\/wp-content\/uploads\/2025\/10\/kogabau-odvodnenie-opornych-murov\u200b-jizera.png 705w, https:\/\/kogabau.facilitytest.sk\/wp-content\/uploads\/2025\/10\/kogabau-odvodnenie-opornych-murov\u200b-jizera-300x166.png 300w\" sizes=\"(max-width: 705px) 100vw, 705px\" \/>\t\t\t\t\t\t\t\t\t\t\t\t\t\t\t<\/div>\n\t\t\t\t<\/div>\n\t\t\t\t\t<\/div>\n\t\t<\/div>\n\t\t\t\t\t<\/div>\n\t\t<\/section>\n\t\t\t\t<section class=\"elementor-section elementor-top-section elementor-element elementor-element-183e24d elementor-section-boxed elementor-section-height-default elementor-section-height-default\" data-id=\"183e24d\" data-element_type=\"section\" data-settings=\"{&quot;background_background&quot;:&quot;classic&quot;}\">\n\t\t\t\t\t\t<div class=\"elementor-container elementor-column-gap-default\">\n\t\t\t\t\t<div class=\"elementor-column elementor-col-50 elementor-top-column elementor-element elementor-element-8c0c56f\" data-id=\"8c0c56f\" data-element_type=\"column\">\n\t\t\t<div class=\"elementor-widget-wrap elementor-element-populated\">\n\t\t\t\t\t\t<div class=\"elementor-element elementor-element-71b08fc elementor-widget elementor-widget-heading\" data-id=\"71b08fc\" data-element_type=\"widget\" data-widget_type=\"heading.default\">\n\t\t\t\t<div class=\"elementor-widget-container\">\n\t\t\t\t\t<h2 class=\"elementor-heading-title elementor-size-default\">Blatnica II<\/h2>\t\t\t\t<\/div>\n\t\t\t\t<\/div>\n\t\t\t\t<div class=\"elementor-element elementor-element-1c8cd3c elementor-widget elementor-widget-text-editor\" data-id=\"1c8cd3c\" data-element_type=\"widget\" data-widget_type=\"text-editor.default\">\n\t\t\t\t<div class=\"elementor-widget-container\">\n\t\t\t\t\t\t\t\t\t<p>Sie dient der Entw\u00e4sserung der Schwellen von Br\u00fcckenwiderlagern. Das angesammelte Wasser \u00fcbt mit seinem hydrostatischen Druck erh\u00f6hte Belastungen auf die Konstruktion und die Abdichtung, insbesondere auf die Dichtungen, aus und kann diese durch seine aggressive Wirkung und die Volumen\u00e4nderungen beim Gefrieren und Auftauen besch\u00e4digen. Die Edelstahlrinne sch\u00fctzt die Br\u00fcckenkonstruktion vor Bodenfeuchtigkeit und flie\u00dfendem Wasser.  <\/p>\t\t\t\t\t\t\t\t<\/div>\n\t\t\t\t<\/div>\n\t\t\t\t\t<\/div>\n\t\t<\/div>\n\t\t\t\t<div class=\"elementor-column elementor-col-50 elementor-top-column elementor-element elementor-element-e66a171\" data-id=\"e66a171\" data-element_type=\"column\">\n\t\t\t<div class=\"elementor-widget-wrap elementor-element-populated\">\n\t\t\t\t\t\t<div class=\"elementor-element elementor-element-1bf05b8 elementor-widget elementor-widget-image\" data-id=\"1bf05b8\" data-element_type=\"widget\" data-widget_type=\"image.default\">\n\t\t\t\t<div class=\"elementor-widget-container\">\n\t\t\t\t\t\t\t\t\t\t\t\t\t\t\t<img decoding=\"async\" width=\"705\" height=\"391\" src=\"https:\/\/kogabau.facilitytest.sk\/wp-content\/uploads\/2025\/10\/kogabau-odvodnenie-opornych-murov\u200b-blanica.png\" class=\"attachment-full size-full wp-image-5386\" alt=\"\" srcset=\"https:\/\/kogabau.facilitytest.sk\/wp-content\/uploads\/2025\/10\/kogabau-odvodnenie-opornych-murov\u200b-blanica.png 705w, https:\/\/kogabau.facilitytest.sk\/wp-content\/uploads\/2025\/10\/kogabau-odvodnenie-opornych-murov\u200b-blanica-300x166.png 300w\" sizes=\"(max-width: 705px) 100vw, 705px\" \/>\t\t\t\t\t\t\t\t\t\t\t\t\t\t\t<\/div>\n\t\t\t\t<\/div>\n\t\t\t\t\t<\/div>\n\t\t<\/div>\n\t\t\t\t\t<\/div>\n\t\t<\/section>\n\t\t\t\t<section class=\"elementor-section elementor-top-section elementor-element elementor-element-ee868c0 elementor-section-boxed elementor-section-height-default elementor-section-height-default\" data-id=\"ee868c0\" data-element_type=\"section\" data-settings=\"{&quot;background_background&quot;:&quot;classic&quot;}\">\n\t\t\t\t\t\t<div class=\"elementor-container elementor-column-gap-default\">\n\t\t\t\t\t<div class=\"elementor-column elementor-col-50 elementor-top-column elementor-element elementor-element-de95fd4\" data-id=\"de95fd4\" data-element_type=\"column\">\n\t\t\t<div class=\"elementor-widget-wrap elementor-element-populated\">\n\t\t\t\t\t\t<div class=\"elementor-element elementor-element-96057b4 elementor-widget elementor-widget-heading\" data-id=\"96057b4\" data-element_type=\"widget\" data-widget_type=\"heading.default\">\n\t\t\t\t<div class=\"elementor-widget-container\">\n\t\t\t\t\t<h2 class=\"elementor-heading-title elementor-size-default\">Armaturen f\u00fcr die Entw\u00e4sserung von St\u00fctzmauern<\/h2>\t\t\t\t<\/div>\n\t\t\t\t<\/div>\n\t\t\t\t<div class=\"elementor-element elementor-element-00dd869 elementor-widget elementor-widget-text-editor\" data-id=\"00dd869\" data-element_type=\"widget\" data-widget_type=\"text-editor.default\">\n\t\t\t\t<div class=\"elementor-widget-container\">\n\t\t\t\t\t\t\t\t\t<p>Wir bieten spezielle Formst\u00fccke f\u00fcr Entw\u00e4sserungsabl\u00e4ufe au\u00dferhalb von St\u00fctzmauern an. Wir liefern gerade, abgewinkelte und mit R\u00fcckschlagventil ausgestattete Formst\u00fccke. Unsere Formst\u00fccke sind UV-best\u00e4ndig und garantieren so eine lange Lebensdauer und ein ansprechendes Aussehen.  <\/p>\t\t\t\t\t\t\t\t<\/div>\n\t\t\t\t<\/div>\n\t\t\t\t\t<\/div>\n\t\t<\/div>\n\t\t\t\t<div class=\"elementor-column elementor-col-50 elementor-top-column elementor-element elementor-element-d8ef5c9\" data-id=\"d8ef5c9\" data-element_type=\"column\">\n\t\t\t<div class=\"elementor-widget-wrap elementor-element-populated\">\n\t\t\t\t\t\t<div class=\"elementor-element elementor-element-5b01d54 elementor-widget elementor-widget-image\" data-id=\"5b01d54\" data-element_type=\"widget\" data-widget_type=\"image.default\">\n\t\t\t\t<div class=\"elementor-widget-container\">\n\t\t\t\t\t\t\t\t\t\t\t\t\t\t\t<img decoding=\"async\" width=\"678\" height=\"522\" src=\"https:\/\/kogabau.facilitytest.sk\/wp-content\/uploads\/2025\/10\/KOGA-Bau-Tvarovky-pre-odvodnenie-opornych-murov-1.png\" class=\"attachment-full size-full wp-image-5387\" alt=\"\" srcset=\"https:\/\/kogabau.facilitytest.sk\/wp-content\/uploads\/2025\/10\/KOGA-Bau-Tvarovky-pre-odvodnenie-opornych-murov-1.png 678w, https:\/\/kogabau.facilitytest.sk\/wp-content\/uploads\/2025\/10\/KOGA-Bau-Tvarovky-pre-odvodnenie-opornych-murov-1-300x231.png 300w\" sizes=\"(max-width: 678px) 100vw, 678px\" \/>\t\t\t\t\t\t\t\t\t\t\t\t\t\t\t<\/div>\n\t\t\t\t<\/div>\n\t\t\t\t\t<\/div>\n\t\t<\/div>\n\t\t\t\t\t<\/div>\n\t\t<\/section>\n\t\t\t\t<\/div>\n\t\t","protected":false},"excerpt":{"rendered":"<p>Entw\u00e4sserung von St\u00fctzmauern Jizera wird zur Entw\u00e4sserung der R\u00fcckseiten von St\u00fctzen, St\u00fctzmauern, Fl\u00fcgeln, Fundamenten und \u00e4hnlichen Teilen von Br\u00fcckenkonstruktionen verwendet, die mit Erde gef\u00fcllt werden und bei denen ein Schutz vor Bodenfeuchtigkeit erforderlich ist. Blatnica II Sie dient der Entw\u00e4sserung der Schwellen von Br\u00fcckenwiderlagern. Das angesammelte Wasser \u00fcbt mit seinem hydrostatischen Druck erh\u00f6hte Belastungen auf [&hellip;]<\/p>\n","protected":false},"author":15,"featured_media":0,"parent":0,"menu_order":0,"comment_status":"closed","ping_status":"closed","template":"","meta":{"footnotes":""},"class_list":["post-5388","page","type-page","status-publish","hentry"],"yoast_head":"<!-- This site is optimized with the Yoast SEO plugin v26.2 - https:\/\/yoast.com\/wordpress\/plugins\/seo\/ -->\n<title>Entw\u00e4sserung von St\u00fctzmauern Jizera &amp; Blatnica II | Entw\u00e4sserungsformst\u00fccke | KOGA Bau<\/title>\n<meta name=\"description\" content=\"Umfassende L\u00f6sungen f\u00fcr die Entw\u00e4sserung von St\u00fctzmauern: Gusseisenelemente Jizera, Edelstahlrinnen Blatnica II und UV-best\u00e4ndige Spezialformst\u00fccke. Zuverl\u00e4ssiger Schutz von Br\u00fcckenkonstruktionen vor Feuchtigkeit und Wasserdruck. KOGA Bau \u2013 professionelle Entw\u00e4sserungssysteme.\" \/>\n<meta name=\"robots\" content=\"noindex, follow, max-snippet:-1, max-image-preview:large, max-video-preview:-1\" \/>\n<meta property=\"og:locale\" content=\"de_DE\" \/>\n<meta property=\"og:type\" content=\"article\" \/>\n<meta property=\"og:title\" content=\"Entw\u00e4sserung von St\u00fctzmauern Jizera &amp; Blatnica II | Entw\u00e4sserungsformst\u00fccke | KOGA Bau\" \/>\n<meta property=\"og:description\" content=\"Umfassende L\u00f6sungen f\u00fcr die Entw\u00e4sserung von St\u00fctzmauern: Gusseisenelemente Jizera, Edelstahlrinnen Blatnica II und UV-best\u00e4ndige Spezialformst\u00fccke. Zuverl\u00e4ssiger Schutz von Br\u00fcckenkonstruktionen vor Feuchtigkeit und Wasserdruck. KOGA Bau \u2013 professionelle Entw\u00e4sserungssysteme.\" \/>\n<meta property=\"og:url\" content=\"https:\/\/kogabau.facilitytest.sk\/de\/entwaesserung-von-stuetzmauern\/\" \/>\n<meta property=\"og:site_name\" content=\"KOGABAU\" \/>\n<meta property=\"article:modified_time\" content=\"2025-11-10T10:35:41+00:00\" \/>\n<meta property=\"og:image\" content=\"https:\/\/kogabau.facilitytest.sk\/wp-content\/uploads\/2025\/10\/KOGA-Bau-Tvarovky-pre-odvodnenie-opornych-murov-1.png\" \/>\n<meta name=\"twitter:card\" content=\"summary_large_image\" \/>\n<meta name=\"twitter:label1\" content=\"Gesch\u00e4tzte Lesezeit\" \/>\n\t<meta name=\"twitter:data1\" content=\"1\u00a0Minute\" \/>\n<script type=\"application\/ld+json\" class=\"yoast-schema-graph\">{\"@context\":\"https:\/\/schema.org\",\"@graph\":[{\"@type\":\"WebPage\",\"@id\":\"https:\/\/kogabau.facilitytest.sk\/de\/entwaesserung-von-stuetzmauern\/\",\"url\":\"https:\/\/kogabau.facilitytest.sk\/de\/entwaesserung-von-stuetzmauern\/\",\"name\":\"Entw\u00e4sserung von St\u00fctzmauern Jizera & Blatnica II | Entw\u00e4sserungsformst\u00fccke | KOGA Bau\",\"isPartOf\":{\"@id\":\"https:\/\/kogabau.facilitytest.sk\/de\/#website\"},\"primaryImageOfPage\":{\"@id\":\"https:\/\/kogabau.facilitytest.sk\/de\/entwaesserung-von-stuetzmauern\/#primaryimage\"},\"image\":{\"@id\":\"https:\/\/kogabau.facilitytest.sk\/de\/entwaesserung-von-stuetzmauern\/#primaryimage\"},\"thumbnailUrl\":\"https:\/\/kogabau.facilitytest.sk\/wp-content\/uploads\/2025\/10\/KOGA-Bau-Tvarovky-pre-odvodnenie-opornych-murov-1.png\",\"datePublished\":\"2025-10-12T15:53:14+00:00\",\"dateModified\":\"2025-11-10T10:35:41+00:00\",\"description\":\"Umfassende L\u00f6sungen f\u00fcr die Entw\u00e4sserung von St\u00fctzmauern: Gusseisenelemente Jizera, Edelstahlrinnen Blatnica II und UV-best\u00e4ndige Spezialformst\u00fccke. Zuverl\u00e4ssiger Schutz von Br\u00fcckenkonstruktionen vor Feuchtigkeit und Wasserdruck. KOGA Bau \u2013 professionelle Entw\u00e4sserungssysteme.\",\"breadcrumb\":{\"@id\":\"https:\/\/kogabau.facilitytest.sk\/de\/entwaesserung-von-stuetzmauern\/#breadcrumb\"},\"inLanguage\":\"de\",\"potentialAction\":[{\"@type\":\"ReadAction\",\"target\":[\"https:\/\/kogabau.facilitytest.sk\/de\/entwaesserung-von-stuetzmauern\/\"]}]},{\"@type\":\"ImageObject\",\"inLanguage\":\"de\",\"@id\":\"https:\/\/kogabau.facilitytest.sk\/de\/entwaesserung-von-stuetzmauern\/#primaryimage\",\"url\":\"https:\/\/kogabau.facilitytest.sk\/wp-content\/uploads\/2025\/10\/KOGA-Bau-Tvarovky-pre-odvodnenie-opornych-murov-1.png\",\"contentUrl\":\"https:\/\/kogabau.facilitytest.sk\/wp-content\/uploads\/2025\/10\/KOGA-Bau-Tvarovky-pre-odvodnenie-opornych-murov-1.png\"},{\"@type\":\"BreadcrumbList\",\"@id\":\"https:\/\/kogabau.facilitytest.sk\/de\/entwaesserung-von-stuetzmauern\/#breadcrumb\",\"itemListElement\":[{\"@type\":\"ListItem\",\"position\":1,\"name\":\"Home\",\"item\":\"https:\/\/kogabau.facilitytest.sk\/de\/\"},{\"@type\":\"ListItem\",\"position\":2,\"name\":\"Entw\u00e4sserung von St\u00fctzmauern\"}]},{\"@type\":\"WebSite\",\"@id\":\"https:\/\/kogabau.facilitytest.sk\/de\/#website\",\"url\":\"https:\/\/kogabau.facilitytest.sk\/de\/\",\"name\":\"KOGABAU\",\"description\":\"\",\"publisher\":{\"@id\":\"https:\/\/kogabau.facilitytest.sk\/de\/#organization\"},\"potentialAction\":[{\"@type\":\"SearchAction\",\"target\":{\"@type\":\"EntryPoint\",\"urlTemplate\":\"https:\/\/kogabau.facilitytest.sk\/de\/?s={search_term_string}\"},\"query-input\":{\"@type\":\"PropertyValueSpecification\",\"valueRequired\":true,\"valueName\":\"search_term_string\"}}],\"inLanguage\":\"de\"},{\"@type\":\"Organization\",\"@id\":\"https:\/\/kogabau.facilitytest.sk\/de\/#organization\",\"name\":\"KOGABAU\",\"url\":\"https:\/\/kogabau.facilitytest.sk\/de\/\",\"logo\":{\"@type\":\"ImageObject\",\"inLanguage\":\"de\",\"@id\":\"https:\/\/kogabau.facilitytest.sk\/de\/#\/schema\/logo\/image\/\",\"url\":\"https:\/\/kogabau.facilitytest.sk\/wp-content\/uploads\/2021\/02\/KOGA-BAU-logo-cierne.png\",\"contentUrl\":\"https:\/\/kogabau.facilitytest.sk\/wp-content\/uploads\/2021\/02\/KOGA-BAU-logo-cierne.png\",\"width\":516,\"height\":66,\"caption\":\"KOGABAU\"},\"image\":{\"@id\":\"https:\/\/kogabau.facilitytest.sk\/de\/#\/schema\/logo\/image\/\"}}]}<\/script>\n<!-- \/ Yoast SEO plugin. -->","yoast_head_json":{"title":"Entw\u00e4sserung von St\u00fctzmauern Jizera & Blatnica II | Entw\u00e4sserungsformst\u00fccke | KOGA Bau","description":"Umfassende L\u00f6sungen f\u00fcr die Entw\u00e4sserung von St\u00fctzmauern: Gusseisenelemente Jizera, Edelstahlrinnen Blatnica II und UV-best\u00e4ndige Spezialformst\u00fccke. Zuverl\u00e4ssiger Schutz von Br\u00fcckenkonstruktionen vor Feuchtigkeit und Wasserdruck. KOGA Bau \u2013 professionelle Entw\u00e4sserungssysteme.","robots":{"index":"noindex","follow":"follow","max-snippet":"max-snippet:-1","max-image-preview":"max-image-preview:large","max-video-preview":"max-video-preview:-1"},"og_locale":"de_DE","og_type":"article","og_title":"Entw\u00e4sserung von St\u00fctzmauern Jizera & Blatnica II | Entw\u00e4sserungsformst\u00fccke | KOGA Bau","og_description":"Umfassende L\u00f6sungen f\u00fcr die Entw\u00e4sserung von St\u00fctzmauern: Gusseisenelemente Jizera, Edelstahlrinnen Blatnica II und UV-best\u00e4ndige Spezialformst\u00fccke. Zuverl\u00e4ssiger Schutz von Br\u00fcckenkonstruktionen vor Feuchtigkeit und Wasserdruck. KOGA Bau \u2013 professionelle Entw\u00e4sserungssysteme.","og_url":"https:\/\/kogabau.facilitytest.sk\/de\/entwaesserung-von-stuetzmauern\/","og_site_name":"KOGABAU","article_modified_time":"2025-11-10T10:35:41+00:00","og_image":[{"url":"https:\/\/kogabau.facilitytest.sk\/wp-content\/uploads\/2025\/10\/KOGA-Bau-Tvarovky-pre-odvodnenie-opornych-murov-1.png","type":"","width":"","height":""}],"twitter_card":"summary_large_image","twitter_misc":{"Gesch\u00e4tzte Lesezeit":"1\u00a0Minute"},"schema":{"@context":"https:\/\/schema.org","@graph":[{"@type":"WebPage","@id":"https:\/\/kogabau.facilitytest.sk\/de\/entwaesserung-von-stuetzmauern\/","url":"https:\/\/kogabau.facilitytest.sk\/de\/entwaesserung-von-stuetzmauern\/","name":"Entw\u00e4sserung von St\u00fctzmauern Jizera & Blatnica II | Entw\u00e4sserungsformst\u00fccke | KOGA Bau","isPartOf":{"@id":"https:\/\/kogabau.facilitytest.sk\/de\/#website"},"primaryImageOfPage":{"@id":"https:\/\/kogabau.facilitytest.sk\/de\/entwaesserung-von-stuetzmauern\/#primaryimage"},"image":{"@id":"https:\/\/kogabau.facilitytest.sk\/de\/entwaesserung-von-stuetzmauern\/#primaryimage"},"thumbnailUrl":"https:\/\/kogabau.facilitytest.sk\/wp-content\/uploads\/2025\/10\/KOGA-Bau-Tvarovky-pre-odvodnenie-opornych-murov-1.png","datePublished":"2025-10-12T15:53:14+00:00","dateModified":"2025-11-10T10:35:41+00:00","description":"Umfassende L\u00f6sungen f\u00fcr die Entw\u00e4sserung von St\u00fctzmauern: Gusseisenelemente Jizera, Edelstahlrinnen Blatnica II und UV-best\u00e4ndige Spezialformst\u00fccke. Zuverl\u00e4ssiger Schutz von Br\u00fcckenkonstruktionen vor Feuchtigkeit und Wasserdruck. KOGA Bau \u2013 professionelle Entw\u00e4sserungssysteme.","breadcrumb":{"@id":"https:\/\/kogabau.facilitytest.sk\/de\/entwaesserung-von-stuetzmauern\/#breadcrumb"},"inLanguage":"de","potentialAction":[{"@type":"ReadAction","target":["https:\/\/kogabau.facilitytest.sk\/de\/entwaesserung-von-stuetzmauern\/"]}]},{"@type":"ImageObject","inLanguage":"de","@id":"https:\/\/kogabau.facilitytest.sk\/de\/entwaesserung-von-stuetzmauern\/#primaryimage","url":"https:\/\/kogabau.facilitytest.sk\/wp-content\/uploads\/2025\/10\/KOGA-Bau-Tvarovky-pre-odvodnenie-opornych-murov-1.png","contentUrl":"https:\/\/kogabau.facilitytest.sk\/wp-content\/uploads\/2025\/10\/KOGA-Bau-Tvarovky-pre-odvodnenie-opornych-murov-1.png"},{"@type":"BreadcrumbList","@id":"https:\/\/kogabau.facilitytest.sk\/de\/entwaesserung-von-stuetzmauern\/#breadcrumb","itemListElement":[{"@type":"ListItem","position":1,"name":"Home","item":"https:\/\/kogabau.facilitytest.sk\/de\/"},{"@type":"ListItem","position":2,"name":"Entw\u00e4sserung von St\u00fctzmauern"}]},{"@type":"WebSite","@id":"https:\/\/kogabau.facilitytest.sk\/de\/#website","url":"https:\/\/kogabau.facilitytest.sk\/de\/","name":"KOGABAU","description":"","publisher":{"@id":"https:\/\/kogabau.facilitytest.sk\/de\/#organization"},"potentialAction":[{"@type":"SearchAction","target":{"@type":"EntryPoint","urlTemplate":"https:\/\/kogabau.facilitytest.sk\/de\/?s={search_term_string}"},"query-input":{"@type":"PropertyValueSpecification","valueRequired":true,"valueName":"search_term_string"}}],"inLanguage":"de"},{"@type":"Organization","@id":"https:\/\/kogabau.facilitytest.sk\/de\/#organization","name":"KOGABAU","url":"https:\/\/kogabau.facilitytest.sk\/de\/","logo":{"@type":"ImageObject","inLanguage":"de","@id":"https:\/\/kogabau.facilitytest.sk\/de\/#\/schema\/logo\/image\/","url":"https:\/\/kogabau.facilitytest.sk\/wp-content\/uploads\/2021\/02\/KOGA-BAU-logo-cierne.png","contentUrl":"https:\/\/kogabau.facilitytest.sk\/wp-content\/uploads\/2021\/02\/KOGA-BAU-logo-cierne.png","width":516,"height":66,"caption":"KOGABAU"},"image":{"@id":"https:\/\/kogabau.facilitytest.sk\/de\/#\/schema\/logo\/image\/"}}]}},"_links":{"self":[{"href":"https:\/\/kogabau.facilitytest.sk\/de\/wp-json\/wp\/v2\/pages\/5388","targetHints":{"allow":["GET"]}}],"collection":[{"href":"https:\/\/kogabau.facilitytest.sk\/de\/wp-json\/wp\/v2\/pages"}],"about":[{"href":"https:\/\/kogabau.facilitytest.sk\/de\/wp-json\/wp\/v2\/types\/page"}],"author":[{"embeddable":true,"href":"https:\/\/kogabau.facilitytest.sk\/de\/wp-json\/wp\/v2\/users\/15"}],"replies":[{"embeddable":true,"href":"https:\/\/kogabau.facilitytest.sk\/de\/wp-json\/wp\/v2\/comments?post=5388"}],"version-history":[{"count":3,"href":"https:\/\/kogabau.facilitytest.sk\/de\/wp-json\/wp\/v2\/pages\/5388\/revisions"}],"predecessor-version":[{"id":6107,"href":"https:\/\/kogabau.facilitytest.sk\/de\/wp-json\/wp\/v2\/pages\/5388\/revisions\/6107"}],"wp:attachment":[{"href":"https:\/\/kogabau.facilitytest.sk\/de\/wp-json\/wp\/v2\/media?parent=5388"}],"curies":[{"name":"wp","href":"https:\/\/api.w.org\/{rel}","templated":true}]}}