{"id":5354,"date":"2025-05-06T18:54:51","date_gmt":"2025-05-06T16:54:51","guid":{"rendered":"https:\/\/kogabau.facilitytest.sk\/ueber-uns\/"},"modified":"2025-11-09T12:13:22","modified_gmt":"2025-11-09T11:13:22","slug":"ueber-uns","status":"publish","type":"page","link":"https:\/\/kogabau.facilitytest.sk\/de\/ueber-uns\/","title":{"rendered":"\u00dcber uns"},"content":{"rendered":"\t\t<div data-elementor-type=\"wp-page\" data-elementor-id=\"5354\" class=\"elementor elementor-5354 elementor-363\" data-elementor-post-type=\"page\">\n\t\t\t\t\t\t<section class=\"elementor-section elementor-top-section elementor-element elementor-element-65de7eb elementor-section-boxed elementor-section-height-default elementor-section-height-default\" data-id=\"65de7eb\" data-element_type=\"section\" data-settings=\"{&quot;background_background&quot;:&quot;classic&quot;}\">\n\t\t\t\t\t\t<div class=\"elementor-container elementor-column-gap-default\">\n\t\t\t\t\t<div class=\"elementor-column elementor-col-100 elementor-top-column elementor-element elementor-element-f2cccb7\" data-id=\"f2cccb7\" data-element_type=\"column\">\n\t\t\t<div class=\"elementor-widget-wrap elementor-element-populated\">\n\t\t\t\t\t\t<div class=\"elementor-element elementor-element-c6696aa elementor-widget elementor-widget-spacer\" data-id=\"c6696aa\" data-element_type=\"widget\" data-widget_type=\"spacer.default\">\n\t\t\t\t<div class=\"elementor-widget-container\">\n\t\t\t\t\t\t\t<div class=\"elementor-spacer\">\n\t\t\t<div class=\"elementor-spacer-inner\"><\/div>\n\t\t<\/div>\n\t\t\t\t\t\t<\/div>\n\t\t\t\t<\/div>\n\t\t\t\t<div class=\"elementor-element elementor-element-f83ecd9 elementor-widget elementor-widget-heading\" data-id=\"f83ecd9\" data-element_type=\"widget\" data-widget_type=\"heading.default\">\n\t\t\t\t<div class=\"elementor-widget-container\">\n\t\t\t\t\t<h1 class=\"elementor-heading-title elementor-size-default\">\u00dcber uns<\/h1>\t\t\t\t<\/div>\n\t\t\t\t<\/div>\n\t\t\t\t\t<\/div>\n\t\t<\/div>\n\t\t\t\t\t<\/div>\n\t\t<\/section>\n\t\t\t\t<section class=\"elementor-section elementor-top-section elementor-element elementor-element-48dcae8 elementor-section-boxed elementor-section-height-default elementor-section-height-default\" data-id=\"48dcae8\" data-element_type=\"section\" data-settings=\"{&quot;background_background&quot;:&quot;classic&quot;}\">\n\t\t\t\t\t\t<div class=\"elementor-container elementor-column-gap-default\">\n\t\t\t\t\t<div class=\"elementor-column elementor-col-100 elementor-top-column elementor-element elementor-element-3718dcf\" data-id=\"3718dcf\" data-element_type=\"column\">\n\t\t\t<div class=\"elementor-widget-wrap elementor-element-populated\">\n\t\t\t\t\t\t<div class=\"elementor-element elementor-element-13933d6 elementor-widget elementor-widget-text-editor\" data-id=\"13933d6\" data-element_type=\"widget\" data-widget_type=\"text-editor.default\">\n\t\t\t\t<div class=\"elementor-widget-container\">\n\t\t\t\t\t\t\t\t\t<p>KOGA Bau s.r.o. wurde mit dem Ziel gegr\u00fcndet, Bauunternehmen umfassende technische L\u00f6sungen anzubieten. Wir arbeiten eng mit Planern zusammen, um die optimale technische L\u00f6sung zu entwickeln, und begleiten Bauunternehmen von der Auswahl bis zur finalen Abnahme. Wir sind in der Slowakei, Tschechien, Bulgarien, Polen und der Ukraine aktiv. Unsere Projekte befinden sich in D\u00e4nemark, Serbien, Lettland und weiteren EU-L\u00e4ndern.   <\/p><p>Unser Unternehmen besteht aus einem jungen und dynamischen Team, das seine Arbeit mit Begeisterung angeht.<br>Eine unserer Kernkompetenzen ist die spezialisierte Entw\u00e4sserung von Br\u00fccken und Viadukten. Hierf\u00fcr bieten wir ein umfassendes Produktsortiment an. Die Komplexit\u00e4t unserer Leistungen ergibt sich aus der professionellen Planung, Produktion, Lieferung und Montage von Br\u00fcckenentw\u00e4sserungssystemen. Dabei handelt es sich stets um eine ganzheitliche Systeml\u00f6sung mit pr\u00e4zise definierten Details. Unser Motto lautet: \u201eAuf die Details kommt es an.\u201c   <\/p><p> Wir befassen uns auch mit Br\u00fccken- und Tunnelzubeh\u00f6r, insbesondere mit Br\u00fcckengesimsen aus Polymerbeton oder Glasfaser sowie Tunnelentw\u00e4sserung aus Polymerbeton. Dar\u00fcber hinaus bieten wir Sonderanfertigungen aus Glasfaser, Polymerbeton und Gusseisen an.  <br>Unser Ziel ist die wiederholte Zusammenarbeit mit Bauunternehmen bei ihren Projekten. Grundvoraussetzung daf\u00fcr ist die Kundenzufriedenheit mit unseren Leistungen zu einem fairen Preis. Wenn ein Unternehmen, mit dem wir bereits bei einem fr\u00fcheren Bauprojekt zusammengearbeitet haben, wiederholt Preisanfragen stellt, best\u00e4tigt dies f\u00fcr uns, dass unsere Bem\u00fchungen erfolgreich sind und motiviert uns zu st\u00e4ndiger Verbesserung.  <\/p>\t\t\t\t\t\t\t\t<\/div>\n\t\t\t\t<\/div>\n\t\t\t\t\t<\/div>\n\t\t<\/div>\n\t\t\t\t\t<\/div>\n\t\t<\/section>\n\t\t\t\t<section class=\"elementor-section elementor-top-section elementor-element elementor-element-c219992 elementor-section-boxed elementor-section-height-default elementor-section-height-default\" data-id=\"c219992\" data-element_type=\"section\" data-settings=\"{&quot;background_background&quot;:&quot;classic&quot;}\">\n\t\t\t\t\t\t<div class=\"elementor-container elementor-column-gap-default\">\n\t\t\t\t\t<div class=\"elementor-column elementor-col-33 elementor-top-column elementor-element elementor-element-67a325b\" data-id=\"67a325b\" data-element_type=\"column\">\n\t\t\t<div class=\"elementor-widget-wrap elementor-element-populated\">\n\t\t\t\t\t\t<div class=\"elementor-element elementor-element-9a8c1e0 elementor-widget elementor-widget-image\" data-id=\"9a8c1e0\" data-element_type=\"widget\" data-widget_type=\"image.default\">\n\t\t\t\t<div class=\"elementor-widget-container\">\n\t\t\t\t\t\t\t\t\t\t\t\t\t\t\t<img fetchpriority=\"high\" decoding=\"async\" width=\"464\" height=\"464\" src=\"https:\/\/kogabau.facilitytest.sk\/wp-content\/uploads\/2025\/10\/kogabau-onas-1.png\" class=\"attachment-full size-full wp-image-5210\" alt=\"\" srcset=\"https:\/\/kogabau.facilitytest.sk\/wp-content\/uploads\/2025\/10\/kogabau-onas-1.png 464w, https:\/\/kogabau.facilitytest.sk\/wp-content\/uploads\/2025\/10\/kogabau-onas-1-300x300.png 300w, https:\/\/kogabau.facilitytest.sk\/wp-content\/uploads\/2025\/10\/kogabau-onas-1-150x150.png 150w\" sizes=\"(max-width: 464px) 100vw, 464px\" \/>\t\t\t\t\t\t\t\t\t\t\t\t\t\t\t<\/div>\n\t\t\t\t<\/div>\n\t\t\t\t\t<\/div>\n\t\t<\/div>\n\t\t\t\t<div class=\"elementor-column elementor-col-33 elementor-top-column elementor-element elementor-element-49347b1\" data-id=\"49347b1\" data-element_type=\"column\">\n\t\t\t<div class=\"elementor-widget-wrap elementor-element-populated\">\n\t\t\t\t\t\t<div class=\"elementor-element elementor-element-2fb2a14 elementor-widget elementor-widget-image\" data-id=\"2fb2a14\" data-element_type=\"widget\" data-widget_type=\"image.default\">\n\t\t\t\t<div class=\"elementor-widget-container\">\n\t\t\t\t\t\t\t\t\t\t\t\t\t\t\t<img decoding=\"async\" width=\"464\" height=\"464\" src=\"https:\/\/kogabau.facilitytest.sk\/wp-content\/uploads\/2025\/10\/kogabau-onas-2.png\" class=\"attachment-full size-full wp-image-5211\" alt=\"\" srcset=\"https:\/\/kogabau.facilitytest.sk\/wp-content\/uploads\/2025\/10\/kogabau-onas-2.png 464w, https:\/\/kogabau.facilitytest.sk\/wp-content\/uploads\/2025\/10\/kogabau-onas-2-300x300.png 300w, https:\/\/kogabau.facilitytest.sk\/wp-content\/uploads\/2025\/10\/kogabau-onas-2-150x150.png 150w\" sizes=\"(max-width: 464px) 100vw, 464px\" \/>\t\t\t\t\t\t\t\t\t\t\t\t\t\t\t<\/div>\n\t\t\t\t<\/div>\n\t\t\t\t\t<\/div>\n\t\t<\/div>\n\t\t\t\t<div class=\"elementor-column elementor-col-33 elementor-top-column elementor-element elementor-element-e8661af\" data-id=\"e8661af\" data-element_type=\"column\">\n\t\t\t<div class=\"elementor-widget-wrap elementor-element-populated\">\n\t\t\t\t\t\t<div class=\"elementor-element elementor-element-e0ac896 elementor-widget elementor-widget-image\" data-id=\"e0ac896\" data-element_type=\"widget\" data-widget_type=\"image.default\">\n\t\t\t\t<div class=\"elementor-widget-container\">\n\t\t\t\t\t\t\t\t\t\t\t\t\t\t\t<img decoding=\"async\" width=\"464\" height=\"464\" src=\"https:\/\/kogabau.facilitytest.sk\/wp-content\/uploads\/2025\/10\/kogabau-onas-3.png\" class=\"attachment-full size-full wp-image-5212\" alt=\"\" srcset=\"https:\/\/kogabau.facilitytest.sk\/wp-content\/uploads\/2025\/10\/kogabau-onas-3.png 464w, https:\/\/kogabau.facilitytest.sk\/wp-content\/uploads\/2025\/10\/kogabau-onas-3-300x300.png 300w, https:\/\/kogabau.facilitytest.sk\/wp-content\/uploads\/2025\/10\/kogabau-onas-3-150x150.png 150w\" sizes=\"(max-width: 464px) 100vw, 464px\" \/>\t\t\t\t\t\t\t\t\t\t\t\t\t\t\t<\/div>\n\t\t\t\t<\/div>\n\t\t\t\t\t<\/div>\n\t\t<\/div>\n\t\t\t\t\t<\/div>\n\t\t<\/section>\n\t\t\t\t<section class=\"elementor-section elementor-top-section elementor-element elementor-element-8691f60 elementor-section-boxed elementor-section-height-default elementor-section-height-default\" data-id=\"8691f60\" data-element_type=\"section\" data-settings=\"{&quot;background_background&quot;:&quot;classic&quot;}\">\n\t\t\t\t\t\t<div class=\"elementor-container elementor-column-gap-default\">\n\t\t\t\t\t<div class=\"elementor-column elementor-col-100 elementor-top-column elementor-element elementor-element-9f10fcd\" data-id=\"9f10fcd\" data-element_type=\"column\">\n\t\t\t<div class=\"elementor-widget-wrap elementor-element-populated\">\n\t\t\t\t\t\t<div class=\"elementor-element elementor-element-9d20d49 elementor-widget elementor-widget-heading\" data-id=\"9d20d49\" data-element_type=\"widget\" data-widget_type=\"heading.default\">\n\t\t\t\t<div class=\"elementor-widget-container\">\n\t\t\t\t\t<h2 class=\"elementor-heading-title elementor-size-default\">Bildung des Vereins<\/h2>\t\t\t\t<\/div>\n\t\t\t\t<\/div>\n\t\t\t\t<div class=\"elementor-element elementor-element-3317c09 elementor-widget elementor-widget-text-editor\" data-id=\"3317c09\" data-element_type=\"widget\" data-widget_type=\"text-editor.default\">\n\t\t\t\t<div class=\"elementor-widget-container\">\n\t\t\t\t\t\t\t\t\t<p>Das Team der Firma KOGA Bau s. r. o. befasst sich seit vielen Jahren mit der Rohrentw\u00e4sserung von Br\u00fcckenbauwerken. Wir kennen die Vor- und Nachteile der verschiedenen Rohrmaterialien sowie deren Anwendungsmethoden f\u00fcr die jeweiligen Bauwerke und deren Wechselwirkung mit H\u00e4ngekonstruktionen und anderen Bauteilen.<br>Wie in der Branche allgemein bekannt ist, ist die Firma Vl\u010dek Solution s.r.o. der einzige und wahre Nachfolger der Firma Vl\u010dek group s.r.o. Ihre Gusseisenprodukte, insbesondere Br\u00fcckenentw\u00e4sserungssysteme, sind nicht nur in Tschechien und der Slowakei, sondern auch in Europa und weltweit im Br\u00fcckenbau bekannt und werden dort eingesetzt.  <\/p><p>Die ideale Erg\u00e4nzung unserer Angebote und die enge Zusammenarbeit zwischen KOGA Bau s.r.o. und Vl\u010dek Solution s.r.o. f\u00fchrten zur Unterzeichnung des Vertrags \u00fcber die Gr\u00fcndung des Vereins \u201eVLCEK-KOGA\u201c. Dieser Schritt war eine nat\u00fcrliche und logische Konsequenz der oben genannten Tatsachen. Initiator und professioneller Garant unseres Vereins ist der allgemein anerkannte und bekannte Ingenieur Petr Vl\u010dek.   <\/p><p>Der Verband \u201eVLCEK-KOGA\u201c ist die Antwort auf die Frage nach \u201eExpertise\u201c f\u00fcr ausl\u00e4ndische Unternehmen, die, ohne die Anforderungen lokaler Firmen zu kennen, auf dem tschechischen und slowakischen Markt lediglich mit niedrigen Preisen und minderwertigen Materialien werben, die weder die Lebensdauer noch die \u00fcbliche Garantiezeit erf\u00fcllen. Unser Verband produziert unter der Eigenmarke \u201eVLCEK-KOGA\u201c eine neue Produktlinie von Br\u00fcckenabl\u00e4ufen. <\/p><p>Innerhalb dieses Firmenverbundes bearbeiten wir Einzelauftr\u00e4ge in Tschechien, der Slowakei, aber auch in anderen L\u00e4ndern, in denen wir t\u00e4tig sind. Im Rahmen der Marktkooperation haben wir eine exklusive Vertretung f\u00fcr KOGA Bau s.r.o. f\u00fcr das gesamte Sortiment an Br\u00fcckenentw\u00e4sserungssystemen der Firma Vl\u010dek Solution s.r.o. in der Slowakischen Republik vereinbart.  <br>Ziel unseres Verbandes ist es, die Bed\u00fcrfnisse unserer Kunden zuverl\u00e4ssig und schnell zu erf\u00fcllen. Dabei greifen wir auf langj\u00e4hrige Erfahrung und Expertise im Bereich der Br\u00fcckenentw\u00e4sserung zur\u00fcck. Dank der Verwendung erstklassiger Materialien, die vor allem nach Qualit\u00e4t und nicht nur nach dem niedrigsten Preis ausgew\u00e4hlt werden, garantiert der Verband \u201eVLCEK-KOGA\u201c die Zufriedenheit mit seinen Leistungen w\u00e4hrend der gesamten Projektphase sowie die Gew\u00e4hrleistungsfrist und Lebensdauer der Br\u00fcckenkonstruktion \u2013 eine Leistung, die sich in der Praxis bew\u00e4hrt hat.  <\/p>\t\t\t\t\t\t\t\t<\/div>\n\t\t\t\t<\/div>\n\t\t\t\t\t<\/div>\n\t\t<\/div>\n\t\t\t\t\t<\/div>\n\t\t<\/section>\n\t\t\t\t<\/div>\n\t\t","protected":false},"excerpt":{"rendered":"<p>\u00dcber uns KOGA Bau s.r.o. wurde mit dem Ziel gegr\u00fcndet, Bauunternehmen umfassende technische L\u00f6sungen anzubieten. Wir arbeiten eng mit Planern zusammen, um die optimale technische L\u00f6sung zu entwickeln, und begleiten Bauunternehmen von der Auswahl bis zur finalen Abnahme. Wir sind in der Slowakei, Tschechien, Bulgarien, Polen und der Ukraine aktiv. Unsere Projekte befinden sich in [&hellip;]<\/p>\n","protected":false},"author":15,"featured_media":0,"parent":0,"menu_order":0,"comment_status":"closed","ping_status":"closed","template":"","meta":{"footnotes":""},"class_list":["post-5354","page","type-page","status-publish","hentry"],"yoast_head":"<!-- This site is optimized with the Yoast SEO plugin v26.2 - https:\/\/yoast.com\/wordpress\/plugins\/seo\/ -->\n<title>\u00dcber uns | KOGA Bau \u2013 Spezialisten f\u00fcr Br\u00fcckenentw\u00e4sserung und Tiefbau<\/title>\n<meta name=\"description\" content=\"KOGA Bau s.r.o. bietet Komplettl\u00f6sungen f\u00fcr die Entw\u00e4sserung von Br\u00fccken und Viadukten, inklusive Planung, Produktion, Lieferung und Montage. Wir kooperieren mit Planern und Bauunternehmen in der Slowakei, Tschechien und anderen EU-L\u00e4ndern und gew\u00e4hrleisten so die Qualit\u00e4t und Langlebigkeit der Bauwerke.\" \/>\n<meta name=\"robots\" content=\"noindex, follow, max-snippet:-1, max-image-preview:large, max-video-preview:-1\" \/>\n<meta property=\"og:locale\" content=\"de_DE\" \/>\n<meta property=\"og:type\" content=\"article\" \/>\n<meta property=\"og:title\" content=\"\u00dcber uns | KOGA Bau \u2013 Spezialisten f\u00fcr Br\u00fcckenentw\u00e4sserung und Tiefbau\" \/>\n<meta property=\"og:description\" content=\"KOGA Bau s.r.o. bietet Komplettl\u00f6sungen f\u00fcr die Entw\u00e4sserung von Br\u00fccken und Viadukten, inklusive Planung, Produktion, Lieferung und Montage. Wir kooperieren mit Planern und Bauunternehmen in der Slowakei, Tschechien und anderen EU-L\u00e4ndern und gew\u00e4hrleisten so die Qualit\u00e4t und Langlebigkeit der Bauwerke.\" \/>\n<meta property=\"og:url\" content=\"https:\/\/kogabau.facilitytest.sk\/de\/ueber-uns\/\" \/>\n<meta property=\"og:site_name\" content=\"KOGABAU\" \/>\n<meta property=\"article:modified_time\" content=\"2025-11-09T11:13:22+00:00\" \/>\n<meta property=\"og:image\" content=\"https:\/\/kogabau.facilitytest.sk\/wp-content\/uploads\/2025\/10\/kogabau-onas-1.png\" \/>\n\t<meta property=\"og:image:width\" content=\"464\" \/>\n\t<meta property=\"og:image:height\" content=\"464\" \/>\n\t<meta property=\"og:image:type\" content=\"image\/png\" \/>\n<meta name=\"twitter:card\" content=\"summary_large_image\" \/>\n<meta name=\"twitter:label1\" content=\"Gesch\u00e4tzte Lesezeit\" \/>\n\t<meta name=\"twitter:data1\" content=\"3\u00a0Minuten\" \/>\n<script type=\"application\/ld+json\" class=\"yoast-schema-graph\">{\"@context\":\"https:\/\/schema.org\",\"@graph\":[{\"@type\":\"WebPage\",\"@id\":\"https:\/\/kogabau.facilitytest.sk\/de\/ueber-uns\/\",\"url\":\"https:\/\/kogabau.facilitytest.sk\/de\/ueber-uns\/\",\"name\":\"\u00dcber uns | KOGA Bau \u2013 Spezialisten f\u00fcr Br\u00fcckenentw\u00e4sserung und Tiefbau\",\"isPartOf\":{\"@id\":\"https:\/\/kogabau.facilitytest.sk\/de\/#website\"},\"primaryImageOfPage\":{\"@id\":\"https:\/\/kogabau.facilitytest.sk\/de\/ueber-uns\/#primaryimage\"},\"image\":{\"@id\":\"https:\/\/kogabau.facilitytest.sk\/de\/ueber-uns\/#primaryimage\"},\"thumbnailUrl\":\"https:\/\/kogabau.facilitytest.sk\/wp-content\/uploads\/2025\/10\/kogabau-onas-1.png\",\"datePublished\":\"2025-05-06T16:54:51+00:00\",\"dateModified\":\"2025-11-09T11:13:22+00:00\",\"description\":\"KOGA Bau s.r.o. bietet Komplettl\u00f6sungen f\u00fcr die Entw\u00e4sserung von Br\u00fccken und Viadukten, inklusive Planung, Produktion, Lieferung und Montage. Wir kooperieren mit Planern und Bauunternehmen in der Slowakei, Tschechien und anderen EU-L\u00e4ndern und gew\u00e4hrleisten so die Qualit\u00e4t und Langlebigkeit der Bauwerke.\",\"breadcrumb\":{\"@id\":\"https:\/\/kogabau.facilitytest.sk\/de\/ueber-uns\/#breadcrumb\"},\"inLanguage\":\"de\",\"potentialAction\":[{\"@type\":\"ReadAction\",\"target\":[\"https:\/\/kogabau.facilitytest.sk\/de\/ueber-uns\/\"]}]},{\"@type\":\"ImageObject\",\"inLanguage\":\"de\",\"@id\":\"https:\/\/kogabau.facilitytest.sk\/de\/ueber-uns\/#primaryimage\",\"url\":\"https:\/\/kogabau.facilitytest.sk\/wp-content\/uploads\/2025\/10\/kogabau-onas-1.png\",\"contentUrl\":\"https:\/\/kogabau.facilitytest.sk\/wp-content\/uploads\/2025\/10\/kogabau-onas-1.png\"},{\"@type\":\"BreadcrumbList\",\"@id\":\"https:\/\/kogabau.facilitytest.sk\/de\/ueber-uns\/#breadcrumb\",\"itemListElement\":[{\"@type\":\"ListItem\",\"position\":1,\"name\":\"Home\",\"item\":\"https:\/\/kogabau.facilitytest.sk\/de\/\"},{\"@type\":\"ListItem\",\"position\":2,\"name\":\"\u00dcber uns\"}]},{\"@type\":\"WebSite\",\"@id\":\"https:\/\/kogabau.facilitytest.sk\/de\/#website\",\"url\":\"https:\/\/kogabau.facilitytest.sk\/de\/\",\"name\":\"KOGABAU\",\"description\":\"\",\"publisher\":{\"@id\":\"https:\/\/kogabau.facilitytest.sk\/de\/#organization\"},\"potentialAction\":[{\"@type\":\"SearchAction\",\"target\":{\"@type\":\"EntryPoint\",\"urlTemplate\":\"https:\/\/kogabau.facilitytest.sk\/de\/?s={search_term_string}\"},\"query-input\":{\"@type\":\"PropertyValueSpecification\",\"valueRequired\":true,\"valueName\":\"search_term_string\"}}],\"inLanguage\":\"de\"},{\"@type\":\"Organization\",\"@id\":\"https:\/\/kogabau.facilitytest.sk\/de\/#organization\",\"name\":\"KOGABAU\",\"url\":\"https:\/\/kogabau.facilitytest.sk\/de\/\",\"logo\":{\"@type\":\"ImageObject\",\"inLanguage\":\"de\",\"@id\":\"https:\/\/kogabau.facilitytest.sk\/de\/#\/schema\/logo\/image\/\",\"url\":\"https:\/\/kogabau.facilitytest.sk\/wp-content\/uploads\/2021\/02\/KOGA-BAU-logo-cierne.png\",\"contentUrl\":\"https:\/\/kogabau.facilitytest.sk\/wp-content\/uploads\/2021\/02\/KOGA-BAU-logo-cierne.png\",\"width\":516,\"height\":66,\"caption\":\"KOGABAU\"},\"image\":{\"@id\":\"https:\/\/kogabau.facilitytest.sk\/de\/#\/schema\/logo\/image\/\"}}]}<\/script>\n<!-- \/ Yoast SEO plugin. -->","yoast_head_json":{"title":"\u00dcber uns | KOGA Bau \u2013 Spezialisten f\u00fcr Br\u00fcckenentw\u00e4sserung und Tiefbau","description":"KOGA Bau s.r.o. bietet Komplettl\u00f6sungen f\u00fcr die Entw\u00e4sserung von Br\u00fccken und Viadukten, inklusive Planung, Produktion, Lieferung und Montage. Wir kooperieren mit Planern und Bauunternehmen in der Slowakei, Tschechien und anderen EU-L\u00e4ndern und gew\u00e4hrleisten so die Qualit\u00e4t und Langlebigkeit der Bauwerke.","robots":{"index":"noindex","follow":"follow","max-snippet":"max-snippet:-1","max-image-preview":"max-image-preview:large","max-video-preview":"max-video-preview:-1"},"og_locale":"de_DE","og_type":"article","og_title":"\u00dcber uns | KOGA Bau \u2013 Spezialisten f\u00fcr Br\u00fcckenentw\u00e4sserung und Tiefbau","og_description":"KOGA Bau s.r.o. bietet Komplettl\u00f6sungen f\u00fcr die Entw\u00e4sserung von Br\u00fccken und Viadukten, inklusive Planung, Produktion, Lieferung und Montage. Wir kooperieren mit Planern und Bauunternehmen in der Slowakei, Tschechien und anderen EU-L\u00e4ndern und gew\u00e4hrleisten so die Qualit\u00e4t und Langlebigkeit der Bauwerke.","og_url":"https:\/\/kogabau.facilitytest.sk\/de\/ueber-uns\/","og_site_name":"KOGABAU","article_modified_time":"2025-11-09T11:13:22+00:00","og_image":[{"width":464,"height":464,"url":"https:\/\/kogabau.facilitytest.sk\/wp-content\/uploads\/2025\/10\/kogabau-onas-1.png","type":"image\/png"}],"twitter_card":"summary_large_image","twitter_misc":{"Gesch\u00e4tzte Lesezeit":"3\u00a0Minuten"},"schema":{"@context":"https:\/\/schema.org","@graph":[{"@type":"WebPage","@id":"https:\/\/kogabau.facilitytest.sk\/de\/ueber-uns\/","url":"https:\/\/kogabau.facilitytest.sk\/de\/ueber-uns\/","name":"\u00dcber uns | KOGA Bau \u2013 Spezialisten f\u00fcr Br\u00fcckenentw\u00e4sserung und Tiefbau","isPartOf":{"@id":"https:\/\/kogabau.facilitytest.sk\/de\/#website"},"primaryImageOfPage":{"@id":"https:\/\/kogabau.facilitytest.sk\/de\/ueber-uns\/#primaryimage"},"image":{"@id":"https:\/\/kogabau.facilitytest.sk\/de\/ueber-uns\/#primaryimage"},"thumbnailUrl":"https:\/\/kogabau.facilitytest.sk\/wp-content\/uploads\/2025\/10\/kogabau-onas-1.png","datePublished":"2025-05-06T16:54:51+00:00","dateModified":"2025-11-09T11:13:22+00:00","description":"KOGA Bau s.r.o. bietet Komplettl\u00f6sungen f\u00fcr die Entw\u00e4sserung von Br\u00fccken und Viadukten, inklusive Planung, Produktion, Lieferung und Montage. Wir kooperieren mit Planern und Bauunternehmen in der Slowakei, Tschechien und anderen EU-L\u00e4ndern und gew\u00e4hrleisten so die Qualit\u00e4t und Langlebigkeit der Bauwerke.","breadcrumb":{"@id":"https:\/\/kogabau.facilitytest.sk\/de\/ueber-uns\/#breadcrumb"},"inLanguage":"de","potentialAction":[{"@type":"ReadAction","target":["https:\/\/kogabau.facilitytest.sk\/de\/ueber-uns\/"]}]},{"@type":"ImageObject","inLanguage":"de","@id":"https:\/\/kogabau.facilitytest.sk\/de\/ueber-uns\/#primaryimage","url":"https:\/\/kogabau.facilitytest.sk\/wp-content\/uploads\/2025\/10\/kogabau-onas-1.png","contentUrl":"https:\/\/kogabau.facilitytest.sk\/wp-content\/uploads\/2025\/10\/kogabau-onas-1.png"},{"@type":"BreadcrumbList","@id":"https:\/\/kogabau.facilitytest.sk\/de\/ueber-uns\/#breadcrumb","itemListElement":[{"@type":"ListItem","position":1,"name":"Home","item":"https:\/\/kogabau.facilitytest.sk\/de\/"},{"@type":"ListItem","position":2,"name":"\u00dcber uns"}]},{"@type":"WebSite","@id":"https:\/\/kogabau.facilitytest.sk\/de\/#website","url":"https:\/\/kogabau.facilitytest.sk\/de\/","name":"KOGABAU","description":"","publisher":{"@id":"https:\/\/kogabau.facilitytest.sk\/de\/#organization"},"potentialAction":[{"@type":"SearchAction","target":{"@type":"EntryPoint","urlTemplate":"https:\/\/kogabau.facilitytest.sk\/de\/?s={search_term_string}"},"query-input":{"@type":"PropertyValueSpecification","valueRequired":true,"valueName":"search_term_string"}}],"inLanguage":"de"},{"@type":"Organization","@id":"https:\/\/kogabau.facilitytest.sk\/de\/#organization","name":"KOGABAU","url":"https:\/\/kogabau.facilitytest.sk\/de\/","logo":{"@type":"ImageObject","inLanguage":"de","@id":"https:\/\/kogabau.facilitytest.sk\/de\/#\/schema\/logo\/image\/","url":"https:\/\/kogabau.facilitytest.sk\/wp-content\/uploads\/2021\/02\/KOGA-BAU-logo-cierne.png","contentUrl":"https:\/\/kogabau.facilitytest.sk\/wp-content\/uploads\/2021\/02\/KOGA-BAU-logo-cierne.png","width":516,"height":66,"caption":"KOGABAU"},"image":{"@id":"https:\/\/kogabau.facilitytest.sk\/de\/#\/schema\/logo\/image\/"}}]}},"_links":{"self":[{"href":"https:\/\/kogabau.facilitytest.sk\/de\/wp-json\/wp\/v2\/pages\/5354","targetHints":{"allow":["GET"]}}],"collection":[{"href":"https:\/\/kogabau.facilitytest.sk\/de\/wp-json\/wp\/v2\/pages"}],"about":[{"href":"https:\/\/kogabau.facilitytest.sk\/de\/wp-json\/wp\/v2\/types\/page"}],"author":[{"embeddable":true,"href":"https:\/\/kogabau.facilitytest.sk\/de\/wp-json\/wp\/v2\/users\/15"}],"replies":[{"embeddable":true,"href":"https:\/\/kogabau.facilitytest.sk\/de\/wp-json\/wp\/v2\/comments?post=5354"}],"version-history":[{"count":1,"href":"https:\/\/kogabau.facilitytest.sk\/de\/wp-json\/wp\/v2\/pages\/5354\/revisions"}],"predecessor-version":[{"id":5357,"href":"https:\/\/kogabau.facilitytest.sk\/de\/wp-json\/wp\/v2\/pages\/5354\/revisions\/5357"}],"wp:attachment":[{"href":"https:\/\/kogabau.facilitytest.sk\/de\/wp-json\/wp\/v2\/media?parent=5354"}],"curies":[{"name":"wp","href":"https:\/\/api.w.org\/{rel}","templated":true}]}}