{"id":5239,"date":"2025-10-14T00:39:45","date_gmt":"2025-10-13T22:39:45","guid":{"rendered":"https:\/\/kogabau.facilitytest.sk\/luzny-bruecke\/"},"modified":"2025-11-12T10:29:50","modified_gmt":"2025-11-12T09:29:50","slug":"luzny-bruecke","status":"publish","type":"page","link":"https:\/\/kogabau.facilitytest.sk\/de\/luzny-bruecke\/","title":{"rendered":"Lu\u017en\u00fd-Br\u00fccke"},"content":{"rendered":"\t\t<div data-elementor-type=\"wp-page\" data-elementor-id=\"5239\" class=\"elementor elementor-5239 elementor-1989\" data-elementor-post-type=\"page\">\n\t\t\t\t\t\t<section class=\"elementor-section elementor-top-section elementor-element elementor-element-8148f91 elementor-section-boxed elementor-section-height-default elementor-section-height-default\" data-id=\"8148f91\" data-element_type=\"section\" data-settings=\"{&quot;background_background&quot;:&quot;classic&quot;}\">\n\t\t\t\t\t\t<div class=\"elementor-container elementor-column-gap-default\">\n\t\t\t\t\t<div class=\"elementor-column elementor-col-100 elementor-top-column elementor-element elementor-element-5a3b9b3\" data-id=\"5a3b9b3\" data-element_type=\"column\">\n\t\t\t<div class=\"elementor-widget-wrap elementor-element-populated\">\n\t\t\t\t\t\t<div class=\"elementor-element elementor-element-fd30b84 elementor-widget elementor-widget-spacer\" data-id=\"fd30b84\" data-element_type=\"widget\" data-widget_type=\"spacer.default\">\n\t\t\t\t<div class=\"elementor-widget-container\">\n\t\t\t\t\t\t\t<div class=\"elementor-spacer\">\n\t\t\t<div class=\"elementor-spacer-inner\"><\/div>\n\t\t<\/div>\n\t\t\t\t\t\t<\/div>\n\t\t\t\t<\/div>\n\t\t\t\t<div class=\"elementor-element elementor-element-b019a02 elementor-widget elementor-widget-heading\" data-id=\"b019a02\" data-element_type=\"widget\" data-widget_type=\"heading.default\">\n\t\t\t\t<div class=\"elementor-widget-container\">\n\t\t\t\t\t<h1 class=\"elementor-heading-title elementor-size-default\">Lu\u017en\u00fd-Br\u00fccke<\/h1>\t\t\t\t<\/div>\n\t\t\t\t<\/div>\n\t\t\t\t\t<\/div>\n\t\t<\/div>\n\t\t\t\t\t<\/div>\n\t\t<\/section>\n\t\t\t\t<section class=\"elementor-section elementor-top-section elementor-element elementor-element-29395f9 elementor-section-boxed elementor-section-height-default elementor-section-height-default\" data-id=\"29395f9\" data-element_type=\"section\" data-settings=\"{&quot;background_background&quot;:&quot;classic&quot;}\">\n\t\t\t\t\t\t<div class=\"elementor-container elementor-column-gap-default\">\n\t\t\t\t\t<div class=\"elementor-column elementor-col-50 elementor-top-column elementor-element elementor-element-4c29deb\" data-id=\"4c29deb\" data-element_type=\"column\">\n\t\t\t<div class=\"elementor-widget-wrap elementor-element-populated\">\n\t\t\t\t\t\t<div class=\"elementor-element elementor-element-b7dbd86 elementor-widget elementor-widget-heading\" data-id=\"b7dbd86\" data-element_type=\"widget\" data-widget_type=\"heading.default\">\n\t\t\t\t<div class=\"elementor-widget-container\">\n\t\t\t\t\t<h2 class=\"elementor-heading-title elementor-size-default\">Lokalisierung<\/h2>\t\t\t\t<\/div>\n\t\t\t\t<\/div>\n\t\t\t\t<div class=\"elementor-element elementor-element-0626055 elementor-widget elementor-widget-text-editor\" data-id=\"0626055\" data-element_type=\"widget\" data-widget_type=\"text-editor.default\">\n\t\t\t\t<div class=\"elementor-widget-container\">\n\t\t\t\t\t\t\t\t\t<p>Land: Slowakei<\/p><p>Projektname: Planung und Bau von Abschnitten der Autobahn D4<\/p><p>Jarovce \u2013 Ra\u010da und Abschnitte der R7 Bratislava Prievoz \u2013 Holice<\/p><p>Objekt: Lu\u017en\u00fd-Br\u00fccke<\/p><p>GPS-Koordinaten: 48.08320N, 17.15225E<\/p>\t\t\t\t\t\t\t\t<\/div>\n\t\t\t\t<\/div>\n\t\t\t\t<div class=\"elementor-element elementor-element-01b8870 elementor-widget elementor-widget-heading\" data-id=\"01b8870\" data-element_type=\"widget\" data-widget_type=\"heading.default\">\n\t\t\t\t<div class=\"elementor-widget-container\">\n\t\t\t\t\t<h2 class=\"elementor-heading-title elementor-size-default\">Beteiligte Parteien:<\/h2>\t\t\t\t<\/div>\n\t\t\t\t<\/div>\n\t\t\t\t<div class=\"elementor-element elementor-element-711a439 elementor-widget elementor-widget-text-editor\" data-id=\"711a439\" data-element_type=\"widget\" data-widget_type=\"text-editor.default\">\n\t\t\t\t<div class=\"elementor-widget-container\">\n\t\t\t\t\t\t\t\t\t<p>Investor: Ministerium f\u00fcr Verkehr und Bauwesen der SR<\/p><p>Designb\u00fcro:<\/p><p>DOPRAVOPROJEKT, a. s. <\/p><p>Auftragnehmer: D4R7 Construction s.r.o.<\/p>\t\t\t\t\t\t\t\t<\/div>\n\t\t\t\t<\/div>\n\t\t\t\t<div class=\"elementor-element elementor-element-8469b97 elementor-widget elementor-widget-heading\" data-id=\"8469b97\" data-element_type=\"widget\" data-widget_type=\"heading.default\">\n\t\t\t\t<div class=\"elementor-widget-container\">\n\t\t\t\t\t<h2 class=\"elementor-heading-title elementor-size-default\">Beschreibung der Geb\u00e4udestrukturen:<\/h2>\t\t\t\t<\/div>\n\t\t\t\t<\/div>\n\t\t\t\t<div class=\"elementor-element elementor-element-a67bc67 elementor-widget elementor-widget-text-editor\" data-id=\"a67bc67\" data-element_type=\"widget\" data-widget_type=\"text-editor.default\">\n\t\t\t\t<div class=\"elementor-widget-container\">\n\t\t\t\t\t\t\t\t\t<p>Br\u00fcckenl\u00e4nge: 2.939 m \u2013 die l\u00e4ngste Autobahnbr\u00fccke der Slowakei<br>Br\u00fcckenkonstruktion: vier separate Spannbetonkonstruktionen<\/p>\t\t\t\t\t\t\t\t<\/div>\n\t\t\t\t<\/div>\n\t\t\t\t<div class=\"elementor-element elementor-element-2839a4c elementor-widget elementor-widget-heading\" data-id=\"2839a4c\" data-element_type=\"widget\" data-widget_type=\"heading.default\">\n\t\t\t\t<div class=\"elementor-widget-container\">\n\t\t\t\t\t<h2 class=\"elementor-heading-title elementor-size-default\">Beschreibung der Entw\u00e4sserung:<\/h2>\t\t\t\t<\/div>\n\t\t\t\t<\/div>\n\t\t\t\t<div class=\"elementor-element elementor-element-02cdff5 elementor-widget elementor-widget-text-editor\" data-id=\"02cdff5\" data-element_type=\"widget\" data-widget_type=\"text-editor.default\">\n\t\t\t\t<div class=\"elementor-widget-container\">\n\t\t\t\t\t\t\t\t\t<p>Verwendetes System: KOGA HDPE Grau<\/p><p>Verwenden Sie Premieren: DN50 \u2013 DN630,<\/p><p>Anschluss an Abfl\u00fcsse: 1.282 St\u00fcck<\/p><p>Anschluss an Armaturen: 4 St\u00fcck<\/p><p>Hauptkompensation: Kompensationsh\u00e4lse DN560, DN630<\/p><p>Gesamtinstallationsl\u00e4nge: 12.300 m. <\/p>\t\t\t\t\t\t\t\t<\/div>\n\t\t\t\t<\/div>\n\t\t\t\t\t<\/div>\n\t\t<\/div>\n\t\t\t\t<div class=\"elementor-column elementor-col-50 elementor-top-column elementor-element elementor-element-25c50e4\" data-id=\"25c50e4\" data-element_type=\"column\">\n\t\t\t<div class=\"elementor-widget-wrap elementor-element-populated\">\n\t\t\t\t\t\t<div class=\"elementor-element elementor-element-1927bee elementor-widget elementor-widget-google_maps\" data-id=\"1927bee\" data-element_type=\"widget\" data-widget_type=\"google_maps.default\">\n\t\t\t\t<div class=\"elementor-widget-container\">\n\t\t\t\t\t\t\t<div class=\"elementor-custom-embed\">\n\t\t\t<iframe loading=\"lazy\"\n\t\t\t\t\tsrc=\"https:\/\/maps.google.com\/maps?q=48.08320N%2C%2017.15225E&#038;t=m&#038;z=15&#038;output=embed&#038;iwloc=near\"\n\t\t\t\t\ttitle=\"48.08320N, 17.15225E\"\n\t\t\t\t\taria-label=\"48.08320N, 17.15225E\"\n\t\t\t><\/iframe>\n\t\t<\/div>\n\t\t\t\t\t\t<\/div>\n\t\t\t\t<\/div>\n\t\t\t\t<section class=\"elementor-section elementor-inner-section elementor-element elementor-element-2119a62 elementor-section-boxed elementor-section-height-default elementor-section-height-default\" data-id=\"2119a62\" data-element_type=\"section\">\n\t\t\t\t\t\t<div class=\"elementor-container elementor-column-gap-default\">\n\t\t\t\t\t<div class=\"elementor-column elementor-col-33 elementor-inner-column elementor-element elementor-element-761ddbb\" data-id=\"761ddbb\" data-element_type=\"column\" data-settings=\"{&quot;background_background&quot;:&quot;classic&quot;}\">\n\t\t\t<div class=\"elementor-widget-wrap elementor-element-populated\">\n\t\t\t\t\t\t<div class=\"elementor-element elementor-element-6ada9ce elementor-widget elementor-widget-video\" data-id=\"6ada9ce\" data-element_type=\"widget\" data-settings=\"{&quot;video_type&quot;:&quot;hosted&quot;,&quot;controls&quot;:&quot;yes&quot;}\" data-widget_type=\"video.default\">\n\t\t\t\t<div class=\"elementor-widget-container\">\n\t\t\t\t\t\t\t<div class=\"e-hosted-video elementor-wrapper elementor-open-inline\">\n\t\t\t\t\t<video class=\"elementor-video\" src=\"https:\/\/kogabau.facilitytest.sk\/wp-content\/uploads\/2025\/10\/KOGA-BAU-Luzny-most-video.mp4\" controls=\"\" preload=\"metadata\" controlsList=\"nodownload\" poster=\"https:\/\/kogabau.facilitytest.sk\/wp-content\/uploads\/2025\/10\/Luzny-most-cover-foto.png\"><\/video>\n\t\t\t\t<\/div>\n\t\t\t\t\t\t<\/div>\n\t\t\t\t<\/div>\n\t\t\t\t\t<\/div>\n\t\t<\/div>\n\t\t\t\t<div class=\"elementor-column elementor-col-33 elementor-inner-column elementor-element elementor-element-c4e37b6\" data-id=\"c4e37b6\" data-element_type=\"column\" data-settings=\"{&quot;background_background&quot;:&quot;classic&quot;}\">\n\t\t\t<div class=\"elementor-widget-wrap elementor-element-populated\">\n\t\t\t\t\t\t<div class=\"elementor-element elementor-element-314f141 elementor-widget elementor-widget-image\" data-id=\"314f141\" data-element_type=\"widget\" data-widget_type=\"image.default\">\n\t\t\t\t<div class=\"elementor-widget-container\">\n\t\t\t\t\t\t\t\t\t\t\t\t\t\t\t<img fetchpriority=\"high\" decoding=\"async\" width=\"270\" height=\"247\" src=\"https:\/\/kogabau.facilitytest.sk\/wp-content\/uploads\/2025\/10\/IMG_8626.png\" class=\"attachment-full size-full wp-image-5237\" alt=\"\" \/>\t\t\t\t\t\t\t\t\t\t\t\t\t\t\t<\/div>\n\t\t\t\t<\/div>\n\t\t\t\t\t<\/div>\n\t\t<\/div>\n\t\t\t\t<div class=\"elementor-column elementor-col-33 elementor-inner-column elementor-element elementor-element-cf532d4\" data-id=\"cf532d4\" data-element_type=\"column\" data-settings=\"{&quot;background_background&quot;:&quot;classic&quot;}\">\n\t\t\t<div class=\"elementor-widget-wrap elementor-element-populated\">\n\t\t\t\t\t\t<div class=\"elementor-element elementor-element-3884935 elementor-widget elementor-widget-image\" data-id=\"3884935\" data-element_type=\"widget\" data-widget_type=\"image.default\">\n\t\t\t\t<div class=\"elementor-widget-container\">\n\t\t\t\t\t\t\t\t\t\t\t\t\t\t\t<img decoding=\"async\" width=\"269\" height=\"246\" src=\"https:\/\/kogabau.facilitytest.sk\/wp-content\/uploads\/2025\/10\/IMG_8627.png\" class=\"attachment-full size-full wp-image-5238\" alt=\"\" \/>\t\t\t\t\t\t\t\t\t\t\t\t\t\t\t<\/div>\n\t\t\t\t<\/div>\n\t\t\t\t\t<\/div>\n\t\t<\/div>\n\t\t\t\t\t<\/div>\n\t\t<\/section>\n\t\t\t\t\t<\/div>\n\t\t<\/div>\n\t\t\t\t\t<\/div>\n\t\t<\/section>\n\t\t\t\t<\/div>\n\t\t","protected":false},"excerpt":{"rendered":"<p>Lu\u017en\u00fd-Br\u00fccke Lokalisierung Land: Slowakei Projektname: Planung und Bau von Abschnitten der Autobahn D4 Jarovce \u2013 Ra\u010da und Abschnitte der R7 Bratislava Prievoz \u2013 Holice Objekt: Lu\u017en\u00fd-Br\u00fccke GPS-Koordinaten: 48.08320N, 17.15225E Beteiligte Parteien: Investor: Ministerium f\u00fcr Verkehr und Bauwesen der SR Designb\u00fcro: DOPRAVOPROJEKT, a. s. Auftragnehmer: D4R7 Construction s.r.o. Beschreibung der Geb\u00e4udestrukturen: Br\u00fcckenl\u00e4nge: 2.939 m \u2013 die [&hellip;]<\/p>\n","protected":false},"author":15,"featured_media":0,"parent":0,"menu_order":0,"comment_status":"closed","ping_status":"closed","template":"","meta":{"footnotes":""},"class_list":["post-5239","page","type-page","status-publish","hentry"],"yoast_head":"<!-- This site is optimized with the Yoast SEO plugin v26.2 - https:\/\/yoast.com\/wordpress\/plugins\/seo\/ -->\n<title>Lu\u017en\u00fd-Br\u00fccke \u2013 die l\u00e4ngste Autobahnbr\u00fccke der Slowakischen Republik mit KOGA HDPE-Entw\u00e4sserung | KOGA Bau<\/title>\n<meta name=\"description\" content=\"Lu\u017en\u00fd Br\u00fccke an der D4 Bratislava \u2013 2 939 m, vier vorgespannten Betonbauwerke mit Installation des KOGA HDPE-Grau Rohrentw\u00e4sserungssystems DN50\u2013DN630, Gesamtl\u00e4nge 12 300 lfm.\" \/>\n<meta name=\"robots\" content=\"noindex, follow, max-snippet:-1, max-image-preview:large, max-video-preview:-1\" \/>\n<meta property=\"og:locale\" content=\"de_DE\" \/>\n<meta property=\"og:type\" content=\"article\" \/>\n<meta property=\"og:title\" content=\"Lu\u017en\u00fd-Br\u00fccke \u2013 die l\u00e4ngste Autobahnbr\u00fccke der Slowakischen Republik mit KOGA HDPE-Entw\u00e4sserung | KOGA Bau\" \/>\n<meta property=\"og:description\" content=\"Lu\u017en\u00fd Br\u00fccke an der D4 Bratislava \u2013 2 939 m, vier vorgespannten Betonbauwerke mit Installation des KOGA HDPE-Grau Rohrentw\u00e4sserungssystems DN50\u2013DN630, Gesamtl\u00e4nge 12 300 lfm.\" \/>\n<meta property=\"og:url\" content=\"https:\/\/kogabau.facilitytest.sk\/de\/luzny-bruecke\/\" \/>\n<meta property=\"og:site_name\" content=\"KOGABAU\" \/>\n<meta property=\"article:modified_time\" content=\"2025-11-12T09:29:50+00:00\" \/>\n<meta property=\"og:image\" content=\"https:\/\/kogabau.facilitytest.sk\/wp-content\/uploads\/2025\/10\/IMG_8626.png\" \/>\n\t<meta property=\"og:image:width\" content=\"270\" \/>\n\t<meta property=\"og:image:height\" content=\"247\" \/>\n\t<meta property=\"og:image:type\" content=\"image\/png\" \/>\n<meta name=\"twitter:card\" content=\"summary_large_image\" \/>\n<meta name=\"twitter:label1\" content=\"Gesch\u00e4tzte Lesezeit\" \/>\n\t<meta name=\"twitter:data1\" content=\"1\u00a0Minute\" \/>\n<script type=\"application\/ld+json\" class=\"yoast-schema-graph\">{\"@context\":\"https:\/\/schema.org\",\"@graph\":[{\"@type\":\"WebPage\",\"@id\":\"https:\/\/kogabau.facilitytest.sk\/de\/luzny-bruecke\/\",\"url\":\"https:\/\/kogabau.facilitytest.sk\/de\/luzny-bruecke\/\",\"name\":\"Lu\u017en\u00fd-Br\u00fccke \u2013 die l\u00e4ngste Autobahnbr\u00fccke der Slowakischen Republik mit KOGA HDPE-Entw\u00e4sserung | KOGA Bau\",\"isPartOf\":{\"@id\":\"https:\/\/kogabau.facilitytest.sk\/de\/#website\"},\"primaryImageOfPage\":{\"@id\":\"https:\/\/kogabau.facilitytest.sk\/de\/luzny-bruecke\/#primaryimage\"},\"image\":{\"@id\":\"https:\/\/kogabau.facilitytest.sk\/de\/luzny-bruecke\/#primaryimage\"},\"thumbnailUrl\":\"https:\/\/kogabau.facilitytest.sk\/wp-content\/uploads\/2025\/10\/IMG_8626.png\",\"datePublished\":\"2025-10-13T22:39:45+00:00\",\"dateModified\":\"2025-11-12T09:29:50+00:00\",\"description\":\"Lu\u017en\u00fd Br\u00fccke an der D4 Bratislava \u2013 2 939 m, vier vorgespannten Betonbauwerke mit Installation des KOGA HDPE-Grau Rohrentw\u00e4sserungssystems DN50\u2013DN630, Gesamtl\u00e4nge 12 300 lfm.\",\"breadcrumb\":{\"@id\":\"https:\/\/kogabau.facilitytest.sk\/de\/luzny-bruecke\/#breadcrumb\"},\"inLanguage\":\"de\",\"potentialAction\":[{\"@type\":\"ReadAction\",\"target\":[\"https:\/\/kogabau.facilitytest.sk\/de\/luzny-bruecke\/\"]}]},{\"@type\":\"ImageObject\",\"inLanguage\":\"de\",\"@id\":\"https:\/\/kogabau.facilitytest.sk\/de\/luzny-bruecke\/#primaryimage\",\"url\":\"https:\/\/kogabau.facilitytest.sk\/wp-content\/uploads\/2025\/10\/IMG_8626.png\",\"contentUrl\":\"https:\/\/kogabau.facilitytest.sk\/wp-content\/uploads\/2025\/10\/IMG_8626.png\"},{\"@type\":\"BreadcrumbList\",\"@id\":\"https:\/\/kogabau.facilitytest.sk\/de\/luzny-bruecke\/#breadcrumb\",\"itemListElement\":[{\"@type\":\"ListItem\",\"position\":1,\"name\":\"Home\",\"item\":\"https:\/\/kogabau.facilitytest.sk\/de\/\"},{\"@type\":\"ListItem\",\"position\":2,\"name\":\"Lu\u017en\u00fd-Br\u00fccke\"}]},{\"@type\":\"WebSite\",\"@id\":\"https:\/\/kogabau.facilitytest.sk\/de\/#website\",\"url\":\"https:\/\/kogabau.facilitytest.sk\/de\/\",\"name\":\"KOGABAU\",\"description\":\"\",\"publisher\":{\"@id\":\"https:\/\/kogabau.facilitytest.sk\/de\/#organization\"},\"potentialAction\":[{\"@type\":\"SearchAction\",\"target\":{\"@type\":\"EntryPoint\",\"urlTemplate\":\"https:\/\/kogabau.facilitytest.sk\/de\/?s={search_term_string}\"},\"query-input\":{\"@type\":\"PropertyValueSpecification\",\"valueRequired\":true,\"valueName\":\"search_term_string\"}}],\"inLanguage\":\"de\"},{\"@type\":\"Organization\",\"@id\":\"https:\/\/kogabau.facilitytest.sk\/de\/#organization\",\"name\":\"KOGABAU\",\"url\":\"https:\/\/kogabau.facilitytest.sk\/de\/\",\"logo\":{\"@type\":\"ImageObject\",\"inLanguage\":\"de\",\"@id\":\"https:\/\/kogabau.facilitytest.sk\/de\/#\/schema\/logo\/image\/\",\"url\":\"https:\/\/kogabau.facilitytest.sk\/wp-content\/uploads\/2021\/02\/KOGA-BAU-logo-cierne.png\",\"contentUrl\":\"https:\/\/kogabau.facilitytest.sk\/wp-content\/uploads\/2021\/02\/KOGA-BAU-logo-cierne.png\",\"width\":516,\"height\":66,\"caption\":\"KOGABAU\"},\"image\":{\"@id\":\"https:\/\/kogabau.facilitytest.sk\/de\/#\/schema\/logo\/image\/\"}}]}<\/script>\n<!-- \/ Yoast SEO plugin. -->","yoast_head_json":{"title":"Lu\u017en\u00fd-Br\u00fccke \u2013 die l\u00e4ngste Autobahnbr\u00fccke der Slowakischen Republik mit KOGA HDPE-Entw\u00e4sserung | KOGA Bau","description":"Lu\u017en\u00fd Br\u00fccke an der D4 Bratislava \u2013 2 939 m, vier vorgespannten Betonbauwerke mit Installation des KOGA HDPE-Grau Rohrentw\u00e4sserungssystems DN50\u2013DN630, Gesamtl\u00e4nge 12 300 lfm.","robots":{"index":"noindex","follow":"follow","max-snippet":"max-snippet:-1","max-image-preview":"max-image-preview:large","max-video-preview":"max-video-preview:-1"},"og_locale":"de_DE","og_type":"article","og_title":"Lu\u017en\u00fd-Br\u00fccke \u2013 die l\u00e4ngste Autobahnbr\u00fccke der Slowakischen Republik mit KOGA HDPE-Entw\u00e4sserung | KOGA Bau","og_description":"Lu\u017en\u00fd Br\u00fccke an der D4 Bratislava \u2013 2 939 m, vier vorgespannten Betonbauwerke mit Installation des KOGA HDPE-Grau Rohrentw\u00e4sserungssystems DN50\u2013DN630, Gesamtl\u00e4nge 12 300 lfm.","og_url":"https:\/\/kogabau.facilitytest.sk\/de\/luzny-bruecke\/","og_site_name":"KOGABAU","article_modified_time":"2025-11-12T09:29:50+00:00","og_image":[{"width":270,"height":247,"url":"https:\/\/kogabau.facilitytest.sk\/wp-content\/uploads\/2025\/10\/IMG_8626.png","type":"image\/png"}],"twitter_card":"summary_large_image","twitter_misc":{"Gesch\u00e4tzte Lesezeit":"1\u00a0Minute"},"schema":{"@context":"https:\/\/schema.org","@graph":[{"@type":"WebPage","@id":"https:\/\/kogabau.facilitytest.sk\/de\/luzny-bruecke\/","url":"https:\/\/kogabau.facilitytest.sk\/de\/luzny-bruecke\/","name":"Lu\u017en\u00fd-Br\u00fccke \u2013 die l\u00e4ngste Autobahnbr\u00fccke der Slowakischen Republik mit KOGA HDPE-Entw\u00e4sserung | KOGA Bau","isPartOf":{"@id":"https:\/\/kogabau.facilitytest.sk\/de\/#website"},"primaryImageOfPage":{"@id":"https:\/\/kogabau.facilitytest.sk\/de\/luzny-bruecke\/#primaryimage"},"image":{"@id":"https:\/\/kogabau.facilitytest.sk\/de\/luzny-bruecke\/#primaryimage"},"thumbnailUrl":"https:\/\/kogabau.facilitytest.sk\/wp-content\/uploads\/2025\/10\/IMG_8626.png","datePublished":"2025-10-13T22:39:45+00:00","dateModified":"2025-11-12T09:29:50+00:00","description":"Lu\u017en\u00fd Br\u00fccke an der D4 Bratislava \u2013 2 939 m, vier vorgespannten Betonbauwerke mit Installation des KOGA HDPE-Grau Rohrentw\u00e4sserungssystems DN50\u2013DN630, Gesamtl\u00e4nge 12 300 lfm.","breadcrumb":{"@id":"https:\/\/kogabau.facilitytest.sk\/de\/luzny-bruecke\/#breadcrumb"},"inLanguage":"de","potentialAction":[{"@type":"ReadAction","target":["https:\/\/kogabau.facilitytest.sk\/de\/luzny-bruecke\/"]}]},{"@type":"ImageObject","inLanguage":"de","@id":"https:\/\/kogabau.facilitytest.sk\/de\/luzny-bruecke\/#primaryimage","url":"https:\/\/kogabau.facilitytest.sk\/wp-content\/uploads\/2025\/10\/IMG_8626.png","contentUrl":"https:\/\/kogabau.facilitytest.sk\/wp-content\/uploads\/2025\/10\/IMG_8626.png"},{"@type":"BreadcrumbList","@id":"https:\/\/kogabau.facilitytest.sk\/de\/luzny-bruecke\/#breadcrumb","itemListElement":[{"@type":"ListItem","position":1,"name":"Home","item":"https:\/\/kogabau.facilitytest.sk\/de\/"},{"@type":"ListItem","position":2,"name":"Lu\u017en\u00fd-Br\u00fccke"}]},{"@type":"WebSite","@id":"https:\/\/kogabau.facilitytest.sk\/de\/#website","url":"https:\/\/kogabau.facilitytest.sk\/de\/","name":"KOGABAU","description":"","publisher":{"@id":"https:\/\/kogabau.facilitytest.sk\/de\/#organization"},"potentialAction":[{"@type":"SearchAction","target":{"@type":"EntryPoint","urlTemplate":"https:\/\/kogabau.facilitytest.sk\/de\/?s={search_term_string}"},"query-input":{"@type":"PropertyValueSpecification","valueRequired":true,"valueName":"search_term_string"}}],"inLanguage":"de"},{"@type":"Organization","@id":"https:\/\/kogabau.facilitytest.sk\/de\/#organization","name":"KOGABAU","url":"https:\/\/kogabau.facilitytest.sk\/de\/","logo":{"@type":"ImageObject","inLanguage":"de","@id":"https:\/\/kogabau.facilitytest.sk\/de\/#\/schema\/logo\/image\/","url":"https:\/\/kogabau.facilitytest.sk\/wp-content\/uploads\/2021\/02\/KOGA-BAU-logo-cierne.png","contentUrl":"https:\/\/kogabau.facilitytest.sk\/wp-content\/uploads\/2021\/02\/KOGA-BAU-logo-cierne.png","width":516,"height":66,"caption":"KOGABAU"},"image":{"@id":"https:\/\/kogabau.facilitytest.sk\/de\/#\/schema\/logo\/image\/"}}]}},"_links":{"self":[{"href":"https:\/\/kogabau.facilitytest.sk\/de\/wp-json\/wp\/v2\/pages\/5239","targetHints":{"allow":["GET"]}}],"collection":[{"href":"https:\/\/kogabau.facilitytest.sk\/de\/wp-json\/wp\/v2\/pages"}],"about":[{"href":"https:\/\/kogabau.facilitytest.sk\/de\/wp-json\/wp\/v2\/types\/page"}],"author":[{"embeddable":true,"href":"https:\/\/kogabau.facilitytest.sk\/de\/wp-json\/wp\/v2\/users\/15"}],"replies":[{"embeddable":true,"href":"https:\/\/kogabau.facilitytest.sk\/de\/wp-json\/wp\/v2\/comments?post=5239"}],"version-history":[{"count":4,"href":"https:\/\/kogabau.facilitytest.sk\/de\/wp-json\/wp\/v2\/pages\/5239\/revisions"}],"predecessor-version":[{"id":8328,"href":"https:\/\/kogabau.facilitytest.sk\/de\/wp-json\/wp\/v2\/pages\/5239\/revisions\/8328"}],"wp:attachment":[{"href":"https:\/\/kogabau.facilitytest.sk\/de\/wp-json\/wp\/v2\/media?parent=5239"}],"curies":[{"name":"wp","href":"https:\/\/api.w.org\/{rel}","templated":true}]}}