{"id":5204,"date":"2025-10-12T17:28:03","date_gmt":"2025-10-12T15:28:03","guid":{"rendered":"https:\/\/kogabau.facilitytest.sk\/koga-isd\/"},"modified":"2025-11-09T11:17:17","modified_gmt":"2025-11-09T10:17:17","slug":"koga-isd","status":"publish","type":"page","link":"https:\/\/kogabau.facilitytest.sk\/de\/koga-isd\/","title":{"rendered":"KOGA ISD"},"content":{"rendered":"\t\t<div data-elementor-type=\"wp-page\" data-elementor-id=\"5204\" class=\"elementor elementor-5204 elementor-1237\" data-elementor-post-type=\"page\">\n\t\t\t\t\t\t<section class=\"elementor-section elementor-top-section elementor-element elementor-element-b40f2e0 elementor-section-boxed elementor-section-height-default elementor-section-height-default\" data-id=\"b40f2e0\" data-element_type=\"section\" data-settings=\"{&quot;background_background&quot;:&quot;classic&quot;}\">\n\t\t\t\t\t\t<div class=\"elementor-container elementor-column-gap-default\">\n\t\t\t\t\t<div class=\"elementor-column elementor-col-100 elementor-top-column elementor-element elementor-element-05d16ed\" data-id=\"05d16ed\" data-element_type=\"column\">\n\t\t\t<div class=\"elementor-widget-wrap elementor-element-populated\">\n\t\t\t\t\t\t<div class=\"elementor-element elementor-element-587a97d elementor-widget elementor-widget-spacer\" data-id=\"587a97d\" data-element_type=\"widget\" data-widget_type=\"spacer.default\">\n\t\t\t\t<div class=\"elementor-widget-container\">\n\t\t\t\t\t\t\t<div class=\"elementor-spacer\">\n\t\t\t<div class=\"elementor-spacer-inner\"><\/div>\n\t\t<\/div>\n\t\t\t\t\t\t<\/div>\n\t\t\t\t<\/div>\n\t\t\t\t<div class=\"elementor-element elementor-element-1084de9 elementor-widget elementor-widget-heading\" data-id=\"1084de9\" data-element_type=\"widget\" data-widget_type=\"heading.default\">\n\t\t\t\t<div class=\"elementor-widget-container\">\n\t\t\t\t\t<h1 class=\"elementor-heading-title elementor-size-default\">KOGA ISD<\/h1>\t\t\t\t<\/div>\n\t\t\t\t<\/div>\n\t\t\t\t<div class=\"elementor-element elementor-element-1bed025 elementor-widget elementor-widget-heading\" data-id=\"1bed025\" data-element_type=\"widget\" data-widget_type=\"heading.default\">\n\t\t\t\t<div class=\"elementor-widget-container\">\n\t\t\t\t\t<h2 class=\"elementor-heading-title elementor-size-default\">System zur Verlegung von ISD-Kabeln auf Br\u00fccken<\/h2>\t\t\t\t<\/div>\n\t\t\t\t<\/div>\n\t\t\t\t\t<\/div>\n\t\t<\/div>\n\t\t\t\t\t<\/div>\n\t\t<\/section>\n\t\t\t\t<section class=\"elementor-section elementor-top-section elementor-element elementor-element-2a2e37b elementor-section-boxed elementor-section-height-default elementor-section-height-default\" data-id=\"2a2e37b\" data-element_type=\"section\" data-settings=\"{&quot;background_background&quot;:&quot;classic&quot;}\">\n\t\t\t\t\t\t<div class=\"elementor-container elementor-column-gap-default\">\n\t\t\t\t\t<div class=\"elementor-column elementor-col-50 elementor-top-column elementor-element elementor-element-38f756f\" data-id=\"38f756f\" data-element_type=\"column\">\n\t\t\t<div class=\"elementor-widget-wrap elementor-element-populated\">\n\t\t\t\t\t\t<div class=\"elementor-element elementor-element-c969e7b elementor-widget elementor-widget-text-editor\" data-id=\"c969e7b\" data-element_type=\"widget\" data-widget_type=\"text-editor.default\">\n\t\t\t\t<div class=\"elementor-widget-container\">\n\t\t\t\t\t\t\t\t\t<p>Systembeschreibung: Die Schutzvorrichtung besteht aus einem Rohr aus hochdichtem Polyethylen (HDPE) und dient dem Schutz von Strom-, Telefon- und Datenkabeln, die unter der Br\u00fccke verlaufen. Es handelt sich um ein einlagiges modulares Rohrmuffensystem, das zusammen mit einem teleskopierbaren Rahmenaufh\u00e4ngungssystem ausschlie\u00dflich f\u00fcr den Einsatz in technischen Konstruktionen au\u00dferhalb von Geb\u00e4uden entwickelt wurde. Bei der Konstruktion wurden alle Faktoren und Aspekte ber\u00fccksichtigt, die mit dem beabsichtigten Einsatz dieses Systems zusammenh\u00e4ngen. Das System ist so konzipiert, dass es alle Anforderungen von NDS a.s., SSC und dem Ministerium f\u00fcr Verkehr, Bauwesen und regionale Entwicklung der Slowakischen Republik erf\u00fcllt (TP05\/2013). Korrosionsschutz von Stahlbr\u00fcckenkonstruktionen, TP03\/2014 grundlegende Schutzma\u00dfnahmen zur Begrenzung der Auswirkungen von Streustr\u00f6men auf Br\u00fcckenkonstruktionen von Stra\u00dfen. Dank zus\u00e4tzlicher Stabilisatoren ist das Rohr best\u00e4ndig gegen durch UV-Strahlung verursachte Zersetzung und zeichnet sich durch Farbstabilit\u00e4t im Betrieb aus. Nach unseren Informationen handelt es sich um das einzige thermoplastische Br\u00fcckenentw\u00e4sserungssystem, das hinsichtlich Stabilit\u00e4t und Alterung des Materials durch UV-Strahlung gem\u00e4\u00df der Norm DIN EN STN ISO 4892 mit positivem Ergebnis getestet wurde und eine Lebensdauer von 30 Jahren aufweist. Das System beh\u00e4lt seine Form, die erforderliche mechanische Festigkeit und h\u00e4lt Temperaturen im Bereich von -40\u00b0C bis 60\u00b0C stand. Das gesamte System weist eine hohe chemische Best\u00e4ndigkeit gegen\u00fcber Chloriden und Sulfiden (Erd\u00f6lsubstanzen) auf, rostet nicht und ist best\u00e4ndig gegen elektrochemische Korrosion. Das Rohr wird in den Farben Grau und Schwarz hergestellt.<\/p>\t\t\t\t\t\t\t\t<\/div>\n\t\t\t\t<\/div>\n\t\t\t\t\t<\/div>\n\t\t<\/div>\n\t\t\t\t<div class=\"elementor-column elementor-col-50 elementor-top-column elementor-element elementor-element-5a8f416\" data-id=\"5a8f416\" data-element_type=\"column\">\n\t\t\t<div class=\"elementor-widget-wrap elementor-element-populated\">\n\t\t\t\t\t\t<div class=\"elementor-element elementor-element-9d25a9c elementor-widget elementor-widget-image\" data-id=\"9d25a9c\" data-element_type=\"widget\" data-widget_type=\"image.default\">\n\t\t\t\t<div class=\"elementor-widget-container\">\n\t\t\t\t\t\t\t\t\t\t\t\t\t\t\t<img fetchpriority=\"high\" decoding=\"async\" width=\"466\" height=\"806\" src=\"https:\/\/kogabau.facilitytest.sk\/wp-content\/uploads\/2025\/10\/kogabau-koga-isd1.png\" class=\"attachment-full size-full wp-image-5200\" alt=\"\" srcset=\"https:\/\/kogabau.facilitytest.sk\/wp-content\/uploads\/2025\/10\/kogabau-koga-isd1.png 466w, https:\/\/kogabau.facilitytest.sk\/wp-content\/uploads\/2025\/10\/kogabau-koga-isd1-173x300.png 173w\" sizes=\"(max-width: 466px) 100vw, 466px\" \/>\t\t\t\t\t\t\t\t\t\t\t\t\t\t\t<\/div>\n\t\t\t\t<\/div>\n\t\t\t\t\t<\/div>\n\t\t<\/div>\n\t\t\t\t\t<\/div>\n\t\t<\/section>\n\t\t\t\t<section class=\"elementor-section elementor-top-section elementor-element elementor-element-fed5678 elementor-section-boxed elementor-section-height-default elementor-section-height-default\" data-id=\"fed5678\" data-element_type=\"section\" data-settings=\"{&quot;background_background&quot;:&quot;classic&quot;}\">\n\t\t\t\t\t\t<div class=\"elementor-container elementor-column-gap-default\">\n\t\t\t\t\t<div class=\"elementor-column elementor-col-50 elementor-top-column elementor-element elementor-element-9243801\" data-id=\"9243801\" data-element_type=\"column\">\n\t\t\t<div class=\"elementor-widget-wrap elementor-element-populated\">\n\t\t\t\t\t\t<div class=\"elementor-element elementor-element-583d57a elementor-widget elementor-widget-heading\" data-id=\"583d57a\" data-element_type=\"widget\" data-widget_type=\"heading.default\">\n\t\t\t\t<div class=\"elementor-widget-container\">\n\t\t\t\t\t<h3 class=\"elementor-heading-title elementor-size-default\">Vorteile des KOGA ISD Polyethylen-Rohrsystems:<\/h3>\t\t\t\t<\/div>\n\t\t\t\t<\/div>\n\t\t\t\t<div class=\"elementor-element elementor-element-916f6df elementor-widget elementor-widget-text-editor\" data-id=\"916f6df\" data-element_type=\"widget\" data-widget_type=\"text-editor.default\">\n\t\t\t\t<div class=\"elementor-widget-container\">\n\t\t\t\t\t\t\t\t\t<p>Das System bietet ein h\u00f6heres technisches und \u00e4sthetisches Niveau und einen g\u00fcnstigeren Preis als die derzeit in der Slowakei verwendeten Systeme. Zu den wichtigsten Vorteilen geh\u00f6ren:<\/p><ul><li>Das System ist f\u00fcr Br\u00fcckenkonstruktionen konzipiert, nicht nur f\u00fcr die unterirdische Installation.<\/li><li>Das System ist als kompatible Einheit inklusive Federungstechnik konzipiert.<\/li><li>Das System verf\u00fcgt \u00fcber eine nach STN EN 4892 deklarierte UV-Stabilit\u00e4t mit einer Lebensdauer von 30 Jahren.<\/li><li>Das System ist homogen, d. h. Rohre und Formst\u00fccke bestehen aus dem gleichen Material.<\/li><li> Teleskoprahmen-Stahlscharniere:<\/li><li>Korrosionsbest\u00e4ndig gem\u00e4\u00df TP05\/2013 und TP11\/2012 (Feuerverzinkung, Pulverbeschichtung), Verbindungs- und Verankerungsmaterial aus korrosionsbest\u00e4ndigem Stahl der Klasse A4,<\/li><li>Fabrikprodukt, die Nachbearbeitung f\u00fchrt weder zu Materialverlust noch zu Besch\u00e4digungen der Oberfl\u00e4chenbeschaffenheit.<\/li><li>B\u00f6gen und Formst\u00fccke werden direkt an das Sammelrohr geschwei\u00dft, d.h. weniger Verbindungsst\u00fccke, Formvariabilit\u00e4t.<\/li><li>Der Schutz besteht aus Kunststoff, d.h. er korrodiert nicht und ist f\u00fcr Metallsammler uninteressant.<\/li><li>Die graue Farbe RAL7032 des Systems entspricht der Farbe der Br\u00fcckenkonstruktion.<\/li><li>Komplettservice \u2013 Planung, Produktion, Lieferung, Montage \u2013 Qualit\u00e4tsgarantie<\/li><\/ul>\t\t\t\t\t\t\t\t<\/div>\n\t\t\t\t<\/div>\n\t\t\t\t\t<\/div>\n\t\t<\/div>\n\t\t\t\t<div class=\"elementor-column elementor-col-50 elementor-top-column elementor-element elementor-element-18045c3\" data-id=\"18045c3\" data-element_type=\"column\">\n\t\t\t<div class=\"elementor-widget-wrap\">\n\t\t\t\t\t\t\t<\/div>\n\t\t<\/div>\n\t\t\t\t\t<\/div>\n\t\t<\/section>\n\t\t\t\t<section class=\"elementor-section elementor-top-section elementor-element elementor-element-be08196 elementor-section-boxed elementor-section-height-default elementor-section-height-default\" data-id=\"be08196\" data-element_type=\"section\" data-settings=\"{&quot;background_background&quot;:&quot;classic&quot;}\">\n\t\t\t\t\t\t<div class=\"elementor-container elementor-column-gap-default\">\n\t\t\t\t\t<div class=\"elementor-column elementor-col-33 elementor-top-column elementor-element elementor-element-794ef08\" data-id=\"794ef08\" data-element_type=\"column\">\n\t\t\t<div class=\"elementor-widget-wrap elementor-element-populated\">\n\t\t\t\t\t\t<div class=\"elementor-element elementor-element-6ca3eb0 elementor-widget elementor-widget-image\" data-id=\"6ca3eb0\" data-element_type=\"widget\" data-widget_type=\"image.default\">\n\t\t\t\t<div class=\"elementor-widget-container\">\n\t\t\t\t\t\t\t\t\t\t\t\t\t\t\t<img decoding=\"async\" width=\"464\" height=\"323\" src=\"https:\/\/kogabau.facilitytest.sk\/wp-content\/uploads\/2025\/10\/kogabau-koga-isd2.png\" class=\"attachment-full size-full wp-image-5201\" alt=\"\" srcset=\"https:\/\/kogabau.facilitytest.sk\/wp-content\/uploads\/2025\/10\/kogabau-koga-isd2.png 464w, https:\/\/kogabau.facilitytest.sk\/wp-content\/uploads\/2025\/10\/kogabau-koga-isd2-300x209.png 300w\" sizes=\"(max-width: 464px) 100vw, 464px\" \/>\t\t\t\t\t\t\t\t\t\t\t\t\t\t\t<\/div>\n\t\t\t\t<\/div>\n\t\t\t\t\t<\/div>\n\t\t<\/div>\n\t\t\t\t<div class=\"elementor-column elementor-col-33 elementor-top-column elementor-element elementor-element-c88a900\" data-id=\"c88a900\" data-element_type=\"column\">\n\t\t\t<div class=\"elementor-widget-wrap elementor-element-populated\">\n\t\t\t\t\t\t<div class=\"elementor-element elementor-element-4197a75 elementor-widget elementor-widget-image\" data-id=\"4197a75\" data-element_type=\"widget\" data-widget_type=\"image.default\">\n\t\t\t\t<div class=\"elementor-widget-container\">\n\t\t\t\t\t\t\t\t\t\t\t\t\t\t\t<img decoding=\"async\" width=\"464\" height=\"323\" src=\"https:\/\/kogabau.facilitytest.sk\/wp-content\/uploads\/2025\/10\/kogabau-koga-isd3.png\" class=\"attachment-full size-full wp-image-5202\" alt=\"\" srcset=\"https:\/\/kogabau.facilitytest.sk\/wp-content\/uploads\/2025\/10\/kogabau-koga-isd3.png 464w, https:\/\/kogabau.facilitytest.sk\/wp-content\/uploads\/2025\/10\/kogabau-koga-isd3-300x209.png 300w\" sizes=\"(max-width: 464px) 100vw, 464px\" \/>\t\t\t\t\t\t\t\t\t\t\t\t\t\t\t<\/div>\n\t\t\t\t<\/div>\n\t\t\t\t\t<\/div>\n\t\t<\/div>\n\t\t\t\t<div class=\"elementor-column elementor-col-33 elementor-top-column elementor-element elementor-element-6e67a4b\" data-id=\"6e67a4b\" data-element_type=\"column\">\n\t\t\t<div class=\"elementor-widget-wrap elementor-element-populated\">\n\t\t\t\t\t\t<div class=\"elementor-element elementor-element-eab0109 elementor-widget elementor-widget-image\" data-id=\"eab0109\" data-element_type=\"widget\" data-widget_type=\"image.default\">\n\t\t\t\t<div class=\"elementor-widget-container\">\n\t\t\t\t\t\t\t\t\t\t\t\t\t\t\t<img loading=\"lazy\" decoding=\"async\" width=\"464\" height=\"323\" src=\"https:\/\/kogabau.facilitytest.sk\/wp-content\/uploads\/2025\/10\/kogabau-koga-isd4.png\" class=\"attachment-full size-full wp-image-5203\" alt=\"\" srcset=\"https:\/\/kogabau.facilitytest.sk\/wp-content\/uploads\/2025\/10\/kogabau-koga-isd4.png 464w, https:\/\/kogabau.facilitytest.sk\/wp-content\/uploads\/2025\/10\/kogabau-koga-isd4-300x209.png 300w\" sizes=\"(max-width: 464px) 100vw, 464px\" \/>\t\t\t\t\t\t\t\t\t\t\t\t\t\t\t<\/div>\n\t\t\t\t<\/div>\n\t\t\t\t\t<\/div>\n\t\t<\/div>\n\t\t\t\t\t<\/div>\n\t\t<\/section>\n\t\t\t\t<\/div>\n\t\t","protected":false},"excerpt":{"rendered":"<p>KOGA ISD System zur Verlegung von ISD-Kabeln auf Br\u00fccken Systembeschreibung: Die Schutzvorrichtung besteht aus einem Rohr aus hochdichtem Polyethylen (HDPE) und dient dem Schutz von Strom-, Telefon- und Datenkabeln, die unter der Br\u00fccke verlaufen. Es handelt sich um ein einlagiges modulares Rohrmuffensystem, das zusammen mit einem teleskopierbaren Rahmenaufh\u00e4ngungssystem ausschlie\u00dflich f\u00fcr den Einsatz in technischen Konstruktionen [&hellip;]<\/p>\n","protected":false},"author":15,"featured_media":0,"parent":0,"menu_order":0,"comment_status":"closed","ping_status":"closed","template":"","meta":{"footnotes":""},"class_list":["post-5204","page","type-page","status-publish","hentry"],"yoast_head":"<!-- This site is optimized with the Yoast SEO plugin v26.2 - https:\/\/yoast.com\/wordpress\/plugins\/seo\/ -->\n<title>KOGA ISD \u2013 HDPE-Rohre f\u00fcr die ISD-Kabelverlegung auf Br\u00fccken | KOGA Bau<\/title>\n<meta name=\"description\" content=\"KOGA ISD ist ein einlagiges HDPE-Rohrsystem f\u00fcr elektrische, Telefon- und Datenkabel auf Br\u00fccken. UV-best\u00e4ndig, chemikalienresistent, mit Teleskopscharnieren und einer Lebensdauer von 30 Jahren, einschlie\u00dflich Konstruktion, Produktion und Installation.\" \/>\n<meta name=\"robots\" content=\"noindex, follow, max-snippet:-1, max-image-preview:large, max-video-preview:-1\" \/>\n<meta property=\"og:locale\" content=\"de_DE\" \/>\n<meta property=\"og:type\" content=\"article\" \/>\n<meta property=\"og:title\" content=\"KOGA ISD \u2013 HDPE-Rohre f\u00fcr die ISD-Kabelverlegung auf Br\u00fccken | KOGA Bau\" \/>\n<meta property=\"og:description\" content=\"KOGA ISD ist ein einlagiges HDPE-Rohrsystem f\u00fcr elektrische, Telefon- und Datenkabel auf Br\u00fccken. UV-best\u00e4ndig, chemikalienresistent, mit Teleskopscharnieren und einer Lebensdauer von 30 Jahren, einschlie\u00dflich Konstruktion, Produktion und Installation.\" \/>\n<meta property=\"og:url\" content=\"https:\/\/kogabau.facilitytest.sk\/de\/koga-isd\/\" \/>\n<meta property=\"og:site_name\" content=\"KOGABAU\" \/>\n<meta property=\"article:modified_time\" content=\"2025-11-09T10:17:17+00:00\" \/>\n<meta property=\"og:image\" content=\"https:\/\/kogabau.facilitytest.sk\/wp-content\/uploads\/2025\/10\/kogabau-koga-isd1.png\" \/>\n\t<meta property=\"og:image:width\" content=\"466\" \/>\n\t<meta property=\"og:image:height\" content=\"806\" \/>\n\t<meta property=\"og:image:type\" content=\"image\/png\" \/>\n<meta name=\"twitter:card\" content=\"summary_large_image\" \/>\n<meta name=\"twitter:label1\" content=\"Gesch\u00e4tzte Lesezeit\" \/>\n\t<meta name=\"twitter:data1\" content=\"2\u00a0Minuten\" \/>\n<script type=\"application\/ld+json\" class=\"yoast-schema-graph\">{\"@context\":\"https:\/\/schema.org\",\"@graph\":[{\"@type\":\"WebPage\",\"@id\":\"https:\/\/kogabau.facilitytest.sk\/de\/koga-isd\/\",\"url\":\"https:\/\/kogabau.facilitytest.sk\/de\/koga-isd\/\",\"name\":\"KOGA ISD \u2013 HDPE-Rohre f\u00fcr die ISD-Kabelverlegung auf Br\u00fccken | KOGA Bau\",\"isPartOf\":{\"@id\":\"https:\/\/kogabau.facilitytest.sk\/de\/#website\"},\"primaryImageOfPage\":{\"@id\":\"https:\/\/kogabau.facilitytest.sk\/de\/koga-isd\/#primaryimage\"},\"image\":{\"@id\":\"https:\/\/kogabau.facilitytest.sk\/de\/koga-isd\/#primaryimage\"},\"thumbnailUrl\":\"https:\/\/kogabau.facilitytest.sk\/wp-content\/uploads\/2025\/10\/kogabau-koga-isd1.png\",\"datePublished\":\"2025-10-12T15:28:03+00:00\",\"dateModified\":\"2025-11-09T10:17:17+00:00\",\"description\":\"KOGA ISD ist ein einlagiges HDPE-Rohrsystem f\u00fcr elektrische, Telefon- und Datenkabel auf Br\u00fccken. UV-best\u00e4ndig, chemikalienresistent, mit Teleskopscharnieren und einer Lebensdauer von 30 Jahren, einschlie\u00dflich Konstruktion, Produktion und Installation.\",\"breadcrumb\":{\"@id\":\"https:\/\/kogabau.facilitytest.sk\/de\/koga-isd\/#breadcrumb\"},\"inLanguage\":\"de\",\"potentialAction\":[{\"@type\":\"ReadAction\",\"target\":[\"https:\/\/kogabau.facilitytest.sk\/de\/koga-isd\/\"]}]},{\"@type\":\"ImageObject\",\"inLanguage\":\"de\",\"@id\":\"https:\/\/kogabau.facilitytest.sk\/de\/koga-isd\/#primaryimage\",\"url\":\"https:\/\/kogabau.facilitytest.sk\/wp-content\/uploads\/2025\/10\/kogabau-koga-isd1.png\",\"contentUrl\":\"https:\/\/kogabau.facilitytest.sk\/wp-content\/uploads\/2025\/10\/kogabau-koga-isd1.png\"},{\"@type\":\"BreadcrumbList\",\"@id\":\"https:\/\/kogabau.facilitytest.sk\/de\/koga-isd\/#breadcrumb\",\"itemListElement\":[{\"@type\":\"ListItem\",\"position\":1,\"name\":\"Home\",\"item\":\"https:\/\/kogabau.facilitytest.sk\/de\/\"},{\"@type\":\"ListItem\",\"position\":2,\"name\":\"KOGA ISD\"}]},{\"@type\":\"WebSite\",\"@id\":\"https:\/\/kogabau.facilitytest.sk\/de\/#website\",\"url\":\"https:\/\/kogabau.facilitytest.sk\/de\/\",\"name\":\"KOGABAU\",\"description\":\"\",\"publisher\":{\"@id\":\"https:\/\/kogabau.facilitytest.sk\/de\/#organization\"},\"potentialAction\":[{\"@type\":\"SearchAction\",\"target\":{\"@type\":\"EntryPoint\",\"urlTemplate\":\"https:\/\/kogabau.facilitytest.sk\/de\/?s={search_term_string}\"},\"query-input\":{\"@type\":\"PropertyValueSpecification\",\"valueRequired\":true,\"valueName\":\"search_term_string\"}}],\"inLanguage\":\"de\"},{\"@type\":\"Organization\",\"@id\":\"https:\/\/kogabau.facilitytest.sk\/de\/#organization\",\"name\":\"KOGABAU\",\"url\":\"https:\/\/kogabau.facilitytest.sk\/de\/\",\"logo\":{\"@type\":\"ImageObject\",\"inLanguage\":\"de\",\"@id\":\"https:\/\/kogabau.facilitytest.sk\/de\/#\/schema\/logo\/image\/\",\"url\":\"https:\/\/kogabau.facilitytest.sk\/wp-content\/uploads\/2021\/02\/KOGA-BAU-logo-cierne.png\",\"contentUrl\":\"https:\/\/kogabau.facilitytest.sk\/wp-content\/uploads\/2021\/02\/KOGA-BAU-logo-cierne.png\",\"width\":516,\"height\":66,\"caption\":\"KOGABAU\"},\"image\":{\"@id\":\"https:\/\/kogabau.facilitytest.sk\/de\/#\/schema\/logo\/image\/\"}}]}<\/script>\n<!-- \/ Yoast SEO plugin. -->","yoast_head_json":{"title":"KOGA ISD \u2013 HDPE-Rohre f\u00fcr die ISD-Kabelverlegung auf Br\u00fccken | KOGA Bau","description":"KOGA ISD ist ein einlagiges HDPE-Rohrsystem f\u00fcr elektrische, Telefon- und Datenkabel auf Br\u00fccken. UV-best\u00e4ndig, chemikalienresistent, mit Teleskopscharnieren und einer Lebensdauer von 30 Jahren, einschlie\u00dflich Konstruktion, Produktion und Installation.","robots":{"index":"noindex","follow":"follow","max-snippet":"max-snippet:-1","max-image-preview":"max-image-preview:large","max-video-preview":"max-video-preview:-1"},"og_locale":"de_DE","og_type":"article","og_title":"KOGA ISD \u2013 HDPE-Rohre f\u00fcr die ISD-Kabelverlegung auf Br\u00fccken | KOGA Bau","og_description":"KOGA ISD ist ein einlagiges HDPE-Rohrsystem f\u00fcr elektrische, Telefon- und Datenkabel auf Br\u00fccken. UV-best\u00e4ndig, chemikalienresistent, mit Teleskopscharnieren und einer Lebensdauer von 30 Jahren, einschlie\u00dflich Konstruktion, Produktion und Installation.","og_url":"https:\/\/kogabau.facilitytest.sk\/de\/koga-isd\/","og_site_name":"KOGABAU","article_modified_time":"2025-11-09T10:17:17+00:00","og_image":[{"width":466,"height":806,"url":"https:\/\/kogabau.facilitytest.sk\/wp-content\/uploads\/2025\/10\/kogabau-koga-isd1.png","type":"image\/png"}],"twitter_card":"summary_large_image","twitter_misc":{"Gesch\u00e4tzte Lesezeit":"2\u00a0Minuten"},"schema":{"@context":"https:\/\/schema.org","@graph":[{"@type":"WebPage","@id":"https:\/\/kogabau.facilitytest.sk\/de\/koga-isd\/","url":"https:\/\/kogabau.facilitytest.sk\/de\/koga-isd\/","name":"KOGA ISD \u2013 HDPE-Rohre f\u00fcr die ISD-Kabelverlegung auf Br\u00fccken | KOGA Bau","isPartOf":{"@id":"https:\/\/kogabau.facilitytest.sk\/de\/#website"},"primaryImageOfPage":{"@id":"https:\/\/kogabau.facilitytest.sk\/de\/koga-isd\/#primaryimage"},"image":{"@id":"https:\/\/kogabau.facilitytest.sk\/de\/koga-isd\/#primaryimage"},"thumbnailUrl":"https:\/\/kogabau.facilitytest.sk\/wp-content\/uploads\/2025\/10\/kogabau-koga-isd1.png","datePublished":"2025-10-12T15:28:03+00:00","dateModified":"2025-11-09T10:17:17+00:00","description":"KOGA ISD ist ein einlagiges HDPE-Rohrsystem f\u00fcr elektrische, Telefon- und Datenkabel auf Br\u00fccken. UV-best\u00e4ndig, chemikalienresistent, mit Teleskopscharnieren und einer Lebensdauer von 30 Jahren, einschlie\u00dflich Konstruktion, Produktion und Installation.","breadcrumb":{"@id":"https:\/\/kogabau.facilitytest.sk\/de\/koga-isd\/#breadcrumb"},"inLanguage":"de","potentialAction":[{"@type":"ReadAction","target":["https:\/\/kogabau.facilitytest.sk\/de\/koga-isd\/"]}]},{"@type":"ImageObject","inLanguage":"de","@id":"https:\/\/kogabau.facilitytest.sk\/de\/koga-isd\/#primaryimage","url":"https:\/\/kogabau.facilitytest.sk\/wp-content\/uploads\/2025\/10\/kogabau-koga-isd1.png","contentUrl":"https:\/\/kogabau.facilitytest.sk\/wp-content\/uploads\/2025\/10\/kogabau-koga-isd1.png"},{"@type":"BreadcrumbList","@id":"https:\/\/kogabau.facilitytest.sk\/de\/koga-isd\/#breadcrumb","itemListElement":[{"@type":"ListItem","position":1,"name":"Home","item":"https:\/\/kogabau.facilitytest.sk\/de\/"},{"@type":"ListItem","position":2,"name":"KOGA ISD"}]},{"@type":"WebSite","@id":"https:\/\/kogabau.facilitytest.sk\/de\/#website","url":"https:\/\/kogabau.facilitytest.sk\/de\/","name":"KOGABAU","description":"","publisher":{"@id":"https:\/\/kogabau.facilitytest.sk\/de\/#organization"},"potentialAction":[{"@type":"SearchAction","target":{"@type":"EntryPoint","urlTemplate":"https:\/\/kogabau.facilitytest.sk\/de\/?s={search_term_string}"},"query-input":{"@type":"PropertyValueSpecification","valueRequired":true,"valueName":"search_term_string"}}],"inLanguage":"de"},{"@type":"Organization","@id":"https:\/\/kogabau.facilitytest.sk\/de\/#organization","name":"KOGABAU","url":"https:\/\/kogabau.facilitytest.sk\/de\/","logo":{"@type":"ImageObject","inLanguage":"de","@id":"https:\/\/kogabau.facilitytest.sk\/de\/#\/schema\/logo\/image\/","url":"https:\/\/kogabau.facilitytest.sk\/wp-content\/uploads\/2021\/02\/KOGA-BAU-logo-cierne.png","contentUrl":"https:\/\/kogabau.facilitytest.sk\/wp-content\/uploads\/2021\/02\/KOGA-BAU-logo-cierne.png","width":516,"height":66,"caption":"KOGABAU"},"image":{"@id":"https:\/\/kogabau.facilitytest.sk\/de\/#\/schema\/logo\/image\/"}}]}},"_links":{"self":[{"href":"https:\/\/kogabau.facilitytest.sk\/de\/wp-json\/wp\/v2\/pages\/5204","targetHints":{"allow":["GET"]}}],"collection":[{"href":"https:\/\/kogabau.facilitytest.sk\/de\/wp-json\/wp\/v2\/pages"}],"about":[{"href":"https:\/\/kogabau.facilitytest.sk\/de\/wp-json\/wp\/v2\/types\/page"}],"author":[{"embeddable":true,"href":"https:\/\/kogabau.facilitytest.sk\/de\/wp-json\/wp\/v2\/users\/15"}],"replies":[{"embeddable":true,"href":"https:\/\/kogabau.facilitytest.sk\/de\/wp-json\/wp\/v2\/comments?post=5204"}],"version-history":[{"count":2,"href":"https:\/\/kogabau.facilitytest.sk\/de\/wp-json\/wp\/v2\/pages\/5204\/revisions"}],"predecessor-version":[{"id":8316,"href":"https:\/\/kogabau.facilitytest.sk\/de\/wp-json\/wp\/v2\/pages\/5204\/revisions\/8316"}],"wp:attachment":[{"href":"https:\/\/kogabau.facilitytest.sk\/de\/wp-json\/wp\/v2\/media?parent=5204"}],"curies":[{"name":"wp","href":"https:\/\/api.w.org\/{rel}","templated":true}]}}