{"id":5198,"date":"2025-10-12T16:28:03","date_gmt":"2025-10-12T14:28:03","guid":{"rendered":"https:\/\/kogabau.facilitytest.sk\/koga-hdpe\/"},"modified":"2025-11-10T10:25:54","modified_gmt":"2025-11-10T09:25:54","slug":"koga-hdpe","status":"publish","type":"page","link":"https:\/\/kogabau.facilitytest.sk\/de\/koga-hdpe\/","title":{"rendered":"KOGA HDPE"},"content":{"rendered":"\t\t<div data-elementor-type=\"wp-page\" data-elementor-id=\"5198\" class=\"elementor elementor-5198 elementor-1166\" data-elementor-post-type=\"page\">\n\t\t\t\t\t\t<section class=\"elementor-section elementor-top-section elementor-element elementor-element-a81c785 elementor-section-boxed elementor-section-height-default elementor-section-height-default\" data-id=\"a81c785\" data-element_type=\"section\" data-settings=\"{&quot;background_background&quot;:&quot;classic&quot;}\">\n\t\t\t\t\t\t<div class=\"elementor-container elementor-column-gap-default\">\n\t\t\t\t\t<div class=\"elementor-column elementor-col-100 elementor-top-column elementor-element elementor-element-6a7a90e\" data-id=\"6a7a90e\" data-element_type=\"column\">\n\t\t\t<div class=\"elementor-widget-wrap elementor-element-populated\">\n\t\t\t\t\t\t<div class=\"elementor-element elementor-element-a5ddccc elementor-widget elementor-widget-spacer\" data-id=\"a5ddccc\" data-element_type=\"widget\" data-widget_type=\"spacer.default\">\n\t\t\t\t<div class=\"elementor-widget-container\">\n\t\t\t\t\t\t\t<div class=\"elementor-spacer\">\n\t\t\t<div class=\"elementor-spacer-inner\"><\/div>\n\t\t<\/div>\n\t\t\t\t\t\t<\/div>\n\t\t\t\t<\/div>\n\t\t\t\t<div class=\"elementor-element elementor-element-d5fc363 elementor-widget elementor-widget-heading\" data-id=\"d5fc363\" data-element_type=\"widget\" data-widget_type=\"heading.default\">\n\t\t\t\t<div class=\"elementor-widget-container\">\n\t\t\t\t\t<h1 class=\"elementor-heading-title elementor-size-default\">KOGA HDPE<\/h1>\t\t\t\t<\/div>\n\t\t\t\t<\/div>\n\t\t\t\t\t<\/div>\n\t\t<\/div>\n\t\t\t\t\t<\/div>\n\t\t<\/section>\n\t\t\t\t<section class=\"elementor-section elementor-top-section elementor-element elementor-element-9f6b074 elementor-section-boxed elementor-section-height-default elementor-section-height-default\" data-id=\"9f6b074\" data-element_type=\"section\" data-settings=\"{&quot;background_background&quot;:&quot;classic&quot;}\">\n\t\t\t\t\t\t<div class=\"elementor-container elementor-column-gap-default\">\n\t\t\t\t\t<div class=\"elementor-column elementor-col-100 elementor-top-column elementor-element elementor-element-4fdafc7\" data-id=\"4fdafc7\" data-element_type=\"column\">\n\t\t\t<div class=\"elementor-widget-wrap elementor-element-populated\">\n\t\t\t\t\t\t<div class=\"elementor-element elementor-element-cff97c3 elementor-widget elementor-widget-text-editor\" data-id=\"cff97c3\" data-element_type=\"widget\" data-widget_type=\"text-editor.default\">\n\t\t\t\t<div class=\"elementor-widget-container\">\n\t\t\t\t\t\t\t\t\t<p>KOGA HDPE ist ein fortschrittliches, innovatives und vor allem zuverl\u00e4ssiges System zur kompletten Rohrentw\u00e4sserung von Br\u00fccken. Das System umfasst Rohre und Formst\u00fccke aus HDPE (Polyethylen hoher Dichte) und ist mit einem Tragsystem ausgestattet. Unser System erf\u00fcllt alle relevanten Normen, insbesondere die Norm TP063 (11\/2012) \u201eEntw\u00e4sserung von Br\u00fccken im Stra\u00dfenverkehr\u201c des slowakischen Ministeriums f\u00fcr Verkehr, Bauwesen und regionale Entwicklung. Wir bieten die professionelle Planung, Produktion und Montage des Rohrsystems an der Br\u00fcckenkonstruktion an.   <\/p>\t\t\t\t\t\t\t\t<\/div>\n\t\t\t\t<\/div>\n\t\t\t\t<div class=\"elementor-element elementor-element-ca8b51a elementor-widget elementor-widget-heading\" data-id=\"ca8b51a\" data-element_type=\"widget\" data-widget_type=\"heading.default\">\n\t\t\t\t<div class=\"elementor-widget-container\">\n\t\t\t\t\t<h2 class=\"elementor-heading-title elementor-size-default\">Merkmale<\/h2>\t\t\t\t<\/div>\n\t\t\t\t<\/div>\n\t\t\t\t<div class=\"elementor-element elementor-element-8347ea8 elementor-widget elementor-widget-text-editor\" data-id=\"8347ea8\" data-element_type=\"widget\" data-widget_type=\"text-editor.default\">\n\t\t\t\t<div class=\"elementor-widget-container\">\n\t\t\t\t\t\t\t\t\t<p>KOGA HDPE ist ein einlagiges Rohrmuffensystem, das speziell f\u00fcr die Entw\u00e4sserung von Bauwerken au\u00dferhalb von Geb\u00e4uden entwickelt wurde. Das Rohrsystem ist homogen. Dank zus\u00e4tzlicher Stabilisatoren ist es UV-best\u00e4ndig und zeichnet sich durch Farbstabilit\u00e4t im Betrieb aus. Als einziges thermoplastisches Br\u00fcckenentw\u00e4sserungssystem wurde es gem\u00e4\u00df DIN EN ISO 4892 mit positivem Ergebnis auf UV-Best\u00e4ndigkeit gepr\u00fcft und hat eine Lebensdauer von 30 Jahren. Das System beh\u00e4lt seine Form und die erforderliche mechanische Festigkeit und ist temperaturbest\u00e4ndig von -40 \u00b0C bis +60 \u00b0C. Es weist zudem eine hohe chemische Best\u00e4ndigkeit gegen\u00fcber Chloriden und Sulfiden (Erd\u00f6lprodukten) auf, rostet nicht und ist best\u00e4ndig gegen elektrochemische Korrosion. Die glatte Innenfl\u00e4che verleiht dem System hervorragende hydraulische Eigenschaften, und dank seiner hohen Abriebfestigkeit neigt es kaum zu Ablagerungen.      <\/p><p>Jede Rohrbaugruppe wird individuell nach Projektdokumentation und der von uns f\u00fcr die jeweilige Br\u00fccke erstellten Produktions- und technischen Dokumentation (VTD) gefertigt. Im Vergleich zu anderen Systemen bedeutet eine geringere Anzahl an Kupplungen und l\u00f6sbaren Verbindungen Zuverl\u00e4ssigkeit und Dichtheit. Durch das Verschwei\u00dfen der Formst\u00fccke mit dem Rohr l\u00e4sst sich der Abstand zwischen Br\u00fcckenkonstruktion und L\u00e4ngsrohr\/Sammler minimieren. Die Rohre sind in Grau und Schwarz erh\u00e4ltlich.   <\/p>\t\t\t\t\t\t\t\t<\/div>\n\t\t\t\t<\/div>\n\t\t\t\t<div class=\"elementor-element elementor-element-3be9941 elementor-widget elementor-widget-image\" data-id=\"3be9941\" data-element_type=\"widget\" data-widget_type=\"image.default\">\n\t\t\t\t<div class=\"elementor-widget-container\">\n\t\t\t\t\t\t\t\t\t\t\t\t\t\t\t<img fetchpriority=\"high\" decoding=\"async\" width=\"1433\" height=\"478\" src=\"https:\/\/kogabau.facilitytest.sk\/wp-content\/uploads\/2025\/10\/kogabau-koga-hdpe-potrubie.png\" class=\"attachment-full size-full wp-image-5196\" alt=\"\" srcset=\"https:\/\/kogabau.facilitytest.sk\/wp-content\/uploads\/2025\/10\/kogabau-koga-hdpe-potrubie.png 1433w, https:\/\/kogabau.facilitytest.sk\/wp-content\/uploads\/2025\/10\/kogabau-koga-hdpe-potrubie-300x100.png 300w, https:\/\/kogabau.facilitytest.sk\/wp-content\/uploads\/2025\/10\/kogabau-koga-hdpe-potrubie-1024x342.png 1024w, https:\/\/kogabau.facilitytest.sk\/wp-content\/uploads\/2025\/10\/kogabau-koga-hdpe-potrubie-768x256.png 768w\" sizes=\"(max-width: 1433px) 100vw, 1433px\" \/>\t\t\t\t\t\t\t\t\t\t\t\t\t\t\t<\/div>\n\t\t\t\t<\/div>\n\t\t\t\t\t<\/div>\n\t\t<\/div>\n\t\t\t\t\t<\/div>\n\t\t<\/section>\n\t\t\t\t<section class=\"elementor-section elementor-top-section elementor-element elementor-element-c8a06d9 elementor-section-boxed elementor-section-height-default elementor-section-height-default\" data-id=\"c8a06d9\" data-element_type=\"section\" data-settings=\"{&quot;background_background&quot;:&quot;classic&quot;}\">\n\t\t\t\t\t\t<div class=\"elementor-container elementor-column-gap-default\">\n\t\t\t\t\t<div class=\"elementor-column elementor-col-100 elementor-top-column elementor-element elementor-element-7b0ef92\" data-id=\"7b0ef92\" data-element_type=\"column\">\n\t\t\t<div class=\"elementor-widget-wrap elementor-element-populated\">\n\t\t\t\t\t\t<div class=\"elementor-element elementor-element-909a7c5 elementor-widget elementor-widget-heading\" data-id=\"909a7c5\" data-element_type=\"widget\" data-widget_type=\"heading.default\">\n\t\t\t\t<div class=\"elementor-widget-container\">\n\t\t\t\t\t<h2 class=\"elementor-heading-title elementor-size-default\">H\u00e4ngetechnologie<\/h2>\t\t\t\t<\/div>\n\t\t\t\t<\/div>\n\t\t\t\t<div class=\"elementor-element elementor-element-49322c2 elementor-widget elementor-widget-text-editor\" data-id=\"49322c2\" data-element_type=\"widget\" data-widget_type=\"text-editor.default\">\n\t\t\t\t<div class=\"elementor-widget-container\">\n\t\t\t\t\t\t\t\t\t<p>F\u00fcr die Montage und Installation wurde ein innovatives Rahmenteleskop-Scharniersystem entwickelt. Dieses besteht aus verzinkten Stahlelementen (Zinkschichtdicke \u2265 80 \u00b5m), die zus\u00e4tzlich mit einer farblich an das Rohr angepassten Pulverbeschichtung (Schichtdicke \u2265 70 \u00b5m) versehen sind. Das Verbindungs- und Verankerungsmaterial ist aus korrosionsbest\u00e4ndigem Stahl der Klasse A4 gefertigt. Diese Materialwahl gew\u00e4hrleistet eine problemlose Nutzung, eine hohe \u00c4sthetik sowie eine einfache Qualit\u00e4tskontrolle und minimiert gleichzeitig das Risiko des Diebstahls von Teilen der Scharnierkonstruktion.  <\/p><p>Die Scharniere k\u00f6nnen auch aus Edelstahl gefertigt sein.<\/p>\t\t\t\t\t\t\t\t<\/div>\n\t\t\t\t<\/div>\n\t\t\t\t<div class=\"elementor-element elementor-element-5a3b250 elementor-widget elementor-widget-image\" data-id=\"5a3b250\" data-element_type=\"widget\" data-widget_type=\"image.default\">\n\t\t\t\t<div class=\"elementor-widget-container\">\n\t\t\t\t\t\t\t\t\t\t\t\t\t\t\t<img decoding=\"async\" width=\"1432\" height=\"495\" src=\"https:\/\/kogabau.facilitytest.sk\/wp-content\/uploads\/2025\/10\/kogabau-koga-hdpe-zaavesna-technika.png\" class=\"attachment-full size-full wp-image-5197\" alt=\"\" srcset=\"https:\/\/kogabau.facilitytest.sk\/wp-content\/uploads\/2025\/10\/kogabau-koga-hdpe-zaavesna-technika.png 1432w, https:\/\/kogabau.facilitytest.sk\/wp-content\/uploads\/2025\/10\/kogabau-koga-hdpe-zaavesna-technika-300x104.png 300w, https:\/\/kogabau.facilitytest.sk\/wp-content\/uploads\/2025\/10\/kogabau-koga-hdpe-zaavesna-technika-1024x354.png 1024w, https:\/\/kogabau.facilitytest.sk\/wp-content\/uploads\/2025\/10\/kogabau-koga-hdpe-zaavesna-technika-768x265.png 768w\" sizes=\"(max-width: 1432px) 100vw, 1432px\" \/>\t\t\t\t\t\t\t\t\t\t\t\t\t\t\t<\/div>\n\t\t\t\t<\/div>\n\t\t\t\t<div class=\"elementor-element elementor-element-0b78c9f elementor-widget elementor-widget-text-editor\" data-id=\"0b78c9f\" data-element_type=\"widget\" data-widget_type=\"text-editor.default\">\n\t\t\t\t<div class=\"elementor-widget-container\">\n\t\t\t\t\t\t\t\t\t<p>Bei der Konstruktion der Aufh\u00e4ngungen verwendeten wir die Finite-Elemente-Methode (FEM), um sicherzustellen, dass die entworfenen Profile allen w\u00e4hrend des Betriebs des Entw\u00e4sserungssystems auftretenden Kr\u00e4ften standhalten, einschlie\u00dflich der R\u00fcckstellkr\u00e4fte der Ausgleichsd\u00fcsen. Das Ergebnis dieses Prozesses ist ein vollst\u00e4ndiger Satz standardisierter Elemente f\u00fcr das Aufh\u00e4ngungssystem, der dessen Anwendung auf allen Br\u00fccken erm\u00f6glicht. Der Vorteil der Standardisierung der Elemente liegt in der M\u00f6glichkeit, die Elemente im Schadensfall (Vandalismus, Unfall) anhand der Bauzeichnungen oder Fotos von der Baustelle st\u00fcckweise auszutauschen.  <\/p>\t\t\t\t\t\t\t\t<\/div>\n\t\t\t\t<\/div>\n\t\t\t\t\t<\/div>\n\t\t<\/div>\n\t\t\t\t\t<\/div>\n\t\t<\/section>\n\t\t\t\t<section class=\"elementor-section elementor-top-section elementor-element elementor-element-7717276 elementor-section-boxed elementor-section-height-default elementor-section-height-default\" data-id=\"7717276\" data-element_type=\"section\" data-settings=\"{&quot;background_background&quot;:&quot;classic&quot;}\">\n\t\t\t\t\t\t<div class=\"elementor-container elementor-column-gap-default\">\n\t\t\t\t\t<div class=\"elementor-column elementor-col-100 elementor-top-column elementor-element elementor-element-b0793c7\" data-id=\"b0793c7\" data-element_type=\"column\">\n\t\t\t<div class=\"elementor-widget-wrap elementor-element-populated\">\n\t\t\t\t\t\t<div class=\"elementor-element elementor-element-c824e1f elementor-widget elementor-widget-heading\" data-id=\"c824e1f\" data-element_type=\"widget\" data-widget_type=\"heading.default\">\n\t\t\t\t<div class=\"elementor-widget-container\">\n\t\t\t\t\t<h2 class=\"elementor-heading-title elementor-size-default\">Vorteile<\/h2>\t\t\t\t<\/div>\n\t\t\t\t<\/div>\n\t\t\t\t<section class=\"elementor-section elementor-inner-section elementor-element elementor-element-faf6dee elementor-section-boxed elementor-section-height-default elementor-section-height-default\" data-id=\"faf6dee\" data-element_type=\"section\">\n\t\t\t\t\t\t<div class=\"elementor-container elementor-column-gap-default\">\n\t\t\t\t\t<div class=\"elementor-column elementor-col-50 elementor-inner-column elementor-element elementor-element-e36ccef\" data-id=\"e36ccef\" data-element_type=\"column\">\n\t\t\t<div class=\"elementor-widget-wrap elementor-element-populated\">\n\t\t\t\t\t\t<div class=\"elementor-element elementor-element-c69b2cc elementor-widget elementor-widget-text-editor\" data-id=\"c69b2cc\" data-element_type=\"widget\" data-widget_type=\"text-editor.default\">\n\t\t\t\t<div class=\"elementor-widget-container\">\n\t\t\t\t\t\t\t\t\t<ul><li>niedrigerer Preis als GFK-, Edelstahl- und Gusseisensysteme<\/li><li> Systemzertifikat f\u00fcr Br\u00fccken (einschlie\u00dflich H\u00e4ngebr\u00fcckentechnik)<\/li><li>Die graue Farbe des Systems entspricht der Farbe der Br\u00fcckenstruktur.<\/li><li>UV-Stabilit\u00e4t, 30 Jahre Lebensdauer, gepr\u00fcft nach DIN EN ISO 4892<\/li><li>Systemhomogenit\u00e4t, Einfachheit, vorgefertigte Elemente, schnellere Montage<\/li><li>nicht trennbare Verbindungen, d.h. weniger Verbindungen  <\/li><li>Weniger Fugen = geringeres Risiko von Leckagen, wasserdichte Fugen und gr\u00f6\u00dfere Formvariabilit\u00e4t<\/li><li>Beseitigung von Gummikompensatoren<\/li><\/ul>\t\t\t\t\t\t\t\t<\/div>\n\t\t\t\t<\/div>\n\t\t\t\t\t<\/div>\n\t\t<\/div>\n\t\t\t\t<div class=\"elementor-column elementor-col-50 elementor-inner-column elementor-element elementor-element-636267e\" data-id=\"636267e\" data-element_type=\"column\">\n\t\t\t<div class=\"elementor-widget-wrap elementor-element-populated\">\n\t\t\t\t\t\t<div class=\"elementor-element elementor-element-8154e7b elementor-widget elementor-widget-text-editor\" data-id=\"8154e7b\" data-element_type=\"widget\" data-widget_type=\"text-editor.default\">\n\t\t\t\t<div class=\"elementor-widget-container\">\n\t\t\t\t\t\t\t\t\t<ul><li>systembasierte Verbindungsdetails<\/li><li>Farbvarianten \u2013 Grau RAL 7032 oder Schwarz<\/li><li>Teleskoprahmen-Aufh\u00e4ngungssystem, unterteilt in feste und verschiebbare Punkte<\/li><li>Die Vorh\u00e4nge sind f\u00fcr \u201eMetallsammler\u201c nicht interessant.<\/li><li>F\u00fcr die Montage der Scharniere ist kein Zuschneiden von Bauteilen erforderlich \u2013 der Korrosionsschutz der Bauteile wird nicht beeintr\u00e4chtigt.<\/li><li>PKO entspricht TKP19b, beim Richten von Scharnieren findet kein Materialabtrag statt.<\/li><li>Umfassende Dienstleistungen von der Planung bis zur Installation<\/li><li>geringe Rauheit = Verhinderung von Ablagerungen<\/li><li>hervorragende hydraulische Eigenschaften<\/li><\/ul>\t\t\t\t\t\t\t\t<\/div>\n\t\t\t\t<\/div>\n\t\t\t\t\t<\/div>\n\t\t<\/div>\n\t\t\t\t\t<\/div>\n\t\t<\/section>\n\t\t\t\t<div class=\"elementor-element elementor-element-f751e12 elementor-mobile-align-center elementor-widget elementor-widget-button\" data-id=\"f751e12\" data-element_type=\"widget\" data-widget_type=\"button.default\">\n\t\t\t\t<div class=\"elementor-widget-container\">\n\t\t\t\t\t\t\t\t\t<div class=\"elementor-button-wrapper\">\n\t\t\t\t\t<a class=\"elementor-button elementor-button-link elementor-size-sm elementor-animation-grow\" href=\"https:\/\/kogabau.facilitytest.sk\/de\/unsere-referenzen\/\">\n\t\t\t\t\t\t<span class=\"elementor-button-content-wrapper\">\n\t\t\t\t\t\t\t\t\t<span class=\"elementor-button-text\">LITERATURVERZEICHNIS<\/span>\n\t\t\t\t\t<\/span>\n\t\t\t\t\t<\/a>\n\t\t\t\t<\/div>\n\t\t\t\t\t\t\t\t<\/div>\n\t\t\t\t<\/div>\n\t\t\t\t\t<\/div>\n\t\t<\/div>\n\t\t\t\t\t<\/div>\n\t\t<\/section>\n\t\t\t\t<\/div>\n\t\t","protected":false},"excerpt":{"rendered":"<p>KOGA HDPE KOGA HDPE ist ein fortschrittliches, innovatives und vor allem zuverl\u00e4ssiges System zur kompletten Rohrentw\u00e4sserung von Br\u00fccken. Das System umfasst Rohre und Formst\u00fccke aus HDPE (Polyethylen hoher Dichte) und ist mit einem Tragsystem ausgestattet. Unser System erf\u00fcllt alle relevanten Normen, insbesondere die Norm TP063 (11\/2012) \u201eEntw\u00e4sserung von Br\u00fccken im Stra\u00dfenverkehr\u201c des slowakischen Ministeriums f\u00fcr [&hellip;]<\/p>\n","protected":false},"author":15,"featured_media":0,"parent":0,"menu_order":0,"comment_status":"closed","ping_status":"closed","template":"","meta":{"footnotes":""},"class_list":["post-5198","page","type-page","status-publish","hentry"],"yoast_head":"<!-- This site is optimized with the Yoast SEO plugin v26.2 - https:\/\/yoast.com\/wordpress\/plugins\/seo\/ -->\n<title>KOGA HDPE \u2013 zuverl\u00e4ssiges Br\u00fcckenentw\u00e4sserungssystem mit 30 Jahren Lebensdauer | KOGA Bau<\/title>\n<meta name=\"description\" content=\"KOGA HDPE ist ein einwandiges Br\u00fcckenentw\u00e4sserungssystem aus HDPE, das UV-, chemikalien- und temperaturbest\u00e4ndig ist (-40 \u00b0C bis +60 \u00b0C). Das System mit Teleskopaufh\u00e4ngungen, wasserdichten Verbindungen und schneller Montage gew\u00e4hrleistet Zuverl\u00e4ssigkeit und lange Lebensdauer.\" \/>\n<meta name=\"robots\" content=\"noindex, follow, max-snippet:-1, max-image-preview:large, max-video-preview:-1\" \/>\n<meta property=\"og:locale\" content=\"de_DE\" \/>\n<meta property=\"og:type\" content=\"article\" \/>\n<meta property=\"og:title\" content=\"KOGA HDPE \u2013 zuverl\u00e4ssiges Br\u00fcckenentw\u00e4sserungssystem mit 30 Jahren Lebensdauer | KOGA Bau\" \/>\n<meta property=\"og:description\" content=\"KOGA HDPE ist ein einwandiges Br\u00fcckenentw\u00e4sserungssystem aus HDPE, das UV-, chemikalien- und temperaturbest\u00e4ndig ist (-40 \u00b0C bis +60 \u00b0C). Das System mit Teleskopaufh\u00e4ngungen, wasserdichten Verbindungen und schneller Montage gew\u00e4hrleistet Zuverl\u00e4ssigkeit und lange Lebensdauer.\" \/>\n<meta property=\"og:url\" content=\"https:\/\/kogabau.facilitytest.sk\/de\/koga-hdpe\/\" \/>\n<meta property=\"og:site_name\" content=\"KOGABAU\" \/>\n<meta property=\"article:modified_time\" content=\"2025-11-10T09:25:54+00:00\" \/>\n<meta property=\"og:image\" content=\"https:\/\/kogabau.facilitytest.sk\/wp-content\/uploads\/2025\/10\/kogabau-koga-hdpe-potrubie.png\" \/>\n\t<meta property=\"og:image:width\" content=\"1433\" \/>\n\t<meta property=\"og:image:height\" content=\"478\" \/>\n\t<meta property=\"og:image:type\" content=\"image\/png\" \/>\n<meta name=\"twitter:card\" content=\"summary_large_image\" \/>\n<meta name=\"twitter:label1\" content=\"Gesch\u00e4tzte Lesezeit\" \/>\n\t<meta name=\"twitter:data1\" content=\"4\u00a0Minuten\" \/>\n<script type=\"application\/ld+json\" class=\"yoast-schema-graph\">{\"@context\":\"https:\/\/schema.org\",\"@graph\":[{\"@type\":\"WebPage\",\"@id\":\"https:\/\/kogabau.facilitytest.sk\/de\/koga-hdpe\/\",\"url\":\"https:\/\/kogabau.facilitytest.sk\/de\/koga-hdpe\/\",\"name\":\"KOGA HDPE \u2013 zuverl\u00e4ssiges Br\u00fcckenentw\u00e4sserungssystem mit 30 Jahren Lebensdauer | KOGA Bau\",\"isPartOf\":{\"@id\":\"https:\/\/kogabau.facilitytest.sk\/de\/#website\"},\"primaryImageOfPage\":{\"@id\":\"https:\/\/kogabau.facilitytest.sk\/de\/koga-hdpe\/#primaryimage\"},\"image\":{\"@id\":\"https:\/\/kogabau.facilitytest.sk\/de\/koga-hdpe\/#primaryimage\"},\"thumbnailUrl\":\"https:\/\/kogabau.facilitytest.sk\/wp-content\/uploads\/2025\/10\/kogabau-koga-hdpe-potrubie.png\",\"datePublished\":\"2025-10-12T14:28:03+00:00\",\"dateModified\":\"2025-11-10T09:25:54+00:00\",\"description\":\"KOGA HDPE ist ein einwandiges Br\u00fcckenentw\u00e4sserungssystem aus HDPE, das UV-, chemikalien- und temperaturbest\u00e4ndig ist (-40 \u00b0C bis +60 \u00b0C). Das System mit Teleskopaufh\u00e4ngungen, wasserdichten Verbindungen und schneller Montage gew\u00e4hrleistet Zuverl\u00e4ssigkeit und lange Lebensdauer.\",\"breadcrumb\":{\"@id\":\"https:\/\/kogabau.facilitytest.sk\/de\/koga-hdpe\/#breadcrumb\"},\"inLanguage\":\"de\",\"potentialAction\":[{\"@type\":\"ReadAction\",\"target\":[\"https:\/\/kogabau.facilitytest.sk\/de\/koga-hdpe\/\"]}]},{\"@type\":\"ImageObject\",\"inLanguage\":\"de\",\"@id\":\"https:\/\/kogabau.facilitytest.sk\/de\/koga-hdpe\/#primaryimage\",\"url\":\"https:\/\/kogabau.facilitytest.sk\/wp-content\/uploads\/2025\/10\/kogabau-koga-hdpe-potrubie.png\",\"contentUrl\":\"https:\/\/kogabau.facilitytest.sk\/wp-content\/uploads\/2025\/10\/kogabau-koga-hdpe-potrubie.png\"},{\"@type\":\"BreadcrumbList\",\"@id\":\"https:\/\/kogabau.facilitytest.sk\/de\/koga-hdpe\/#breadcrumb\",\"itemListElement\":[{\"@type\":\"ListItem\",\"position\":1,\"name\":\"Home\",\"item\":\"https:\/\/kogabau.facilitytest.sk\/de\/\"},{\"@type\":\"ListItem\",\"position\":2,\"name\":\"KOGA HDPE\"}]},{\"@type\":\"WebSite\",\"@id\":\"https:\/\/kogabau.facilitytest.sk\/de\/#website\",\"url\":\"https:\/\/kogabau.facilitytest.sk\/de\/\",\"name\":\"KOGABAU\",\"description\":\"\",\"publisher\":{\"@id\":\"https:\/\/kogabau.facilitytest.sk\/de\/#organization\"},\"potentialAction\":[{\"@type\":\"SearchAction\",\"target\":{\"@type\":\"EntryPoint\",\"urlTemplate\":\"https:\/\/kogabau.facilitytest.sk\/de\/?s={search_term_string}\"},\"query-input\":{\"@type\":\"PropertyValueSpecification\",\"valueRequired\":true,\"valueName\":\"search_term_string\"}}],\"inLanguage\":\"de\"},{\"@type\":\"Organization\",\"@id\":\"https:\/\/kogabau.facilitytest.sk\/de\/#organization\",\"name\":\"KOGABAU\",\"url\":\"https:\/\/kogabau.facilitytest.sk\/de\/\",\"logo\":{\"@type\":\"ImageObject\",\"inLanguage\":\"de\",\"@id\":\"https:\/\/kogabau.facilitytest.sk\/de\/#\/schema\/logo\/image\/\",\"url\":\"https:\/\/kogabau.facilitytest.sk\/wp-content\/uploads\/2021\/02\/KOGA-BAU-logo-cierne.png\",\"contentUrl\":\"https:\/\/kogabau.facilitytest.sk\/wp-content\/uploads\/2021\/02\/KOGA-BAU-logo-cierne.png\",\"width\":516,\"height\":66,\"caption\":\"KOGABAU\"},\"image\":{\"@id\":\"https:\/\/kogabau.facilitytest.sk\/de\/#\/schema\/logo\/image\/\"}}]}<\/script>\n<!-- \/ Yoast SEO plugin. -->","yoast_head_json":{"title":"KOGA HDPE \u2013 zuverl\u00e4ssiges Br\u00fcckenentw\u00e4sserungssystem mit 30 Jahren Lebensdauer | KOGA Bau","description":"KOGA HDPE ist ein einwandiges Br\u00fcckenentw\u00e4sserungssystem aus HDPE, das UV-, chemikalien- und temperaturbest\u00e4ndig ist (-40 \u00b0C bis +60 \u00b0C). Das System mit Teleskopaufh\u00e4ngungen, wasserdichten Verbindungen und schneller Montage gew\u00e4hrleistet Zuverl\u00e4ssigkeit und lange Lebensdauer.","robots":{"index":"noindex","follow":"follow","max-snippet":"max-snippet:-1","max-image-preview":"max-image-preview:large","max-video-preview":"max-video-preview:-1"},"og_locale":"de_DE","og_type":"article","og_title":"KOGA HDPE \u2013 zuverl\u00e4ssiges Br\u00fcckenentw\u00e4sserungssystem mit 30 Jahren Lebensdauer | KOGA Bau","og_description":"KOGA HDPE ist ein einwandiges Br\u00fcckenentw\u00e4sserungssystem aus HDPE, das UV-, chemikalien- und temperaturbest\u00e4ndig ist (-40 \u00b0C bis +60 \u00b0C). Das System mit Teleskopaufh\u00e4ngungen, wasserdichten Verbindungen und schneller Montage gew\u00e4hrleistet Zuverl\u00e4ssigkeit und lange Lebensdauer.","og_url":"https:\/\/kogabau.facilitytest.sk\/de\/koga-hdpe\/","og_site_name":"KOGABAU","article_modified_time":"2025-11-10T09:25:54+00:00","og_image":[{"width":1433,"height":478,"url":"https:\/\/kogabau.facilitytest.sk\/wp-content\/uploads\/2025\/10\/kogabau-koga-hdpe-potrubie.png","type":"image\/png"}],"twitter_card":"summary_large_image","twitter_misc":{"Gesch\u00e4tzte Lesezeit":"4\u00a0Minuten"},"schema":{"@context":"https:\/\/schema.org","@graph":[{"@type":"WebPage","@id":"https:\/\/kogabau.facilitytest.sk\/de\/koga-hdpe\/","url":"https:\/\/kogabau.facilitytest.sk\/de\/koga-hdpe\/","name":"KOGA HDPE \u2013 zuverl\u00e4ssiges Br\u00fcckenentw\u00e4sserungssystem mit 30 Jahren Lebensdauer | KOGA Bau","isPartOf":{"@id":"https:\/\/kogabau.facilitytest.sk\/de\/#website"},"primaryImageOfPage":{"@id":"https:\/\/kogabau.facilitytest.sk\/de\/koga-hdpe\/#primaryimage"},"image":{"@id":"https:\/\/kogabau.facilitytest.sk\/de\/koga-hdpe\/#primaryimage"},"thumbnailUrl":"https:\/\/kogabau.facilitytest.sk\/wp-content\/uploads\/2025\/10\/kogabau-koga-hdpe-potrubie.png","datePublished":"2025-10-12T14:28:03+00:00","dateModified":"2025-11-10T09:25:54+00:00","description":"KOGA HDPE ist ein einwandiges Br\u00fcckenentw\u00e4sserungssystem aus HDPE, das UV-, chemikalien- und temperaturbest\u00e4ndig ist (-40 \u00b0C bis +60 \u00b0C). Das System mit Teleskopaufh\u00e4ngungen, wasserdichten Verbindungen und schneller Montage gew\u00e4hrleistet Zuverl\u00e4ssigkeit und lange Lebensdauer.","breadcrumb":{"@id":"https:\/\/kogabau.facilitytest.sk\/de\/koga-hdpe\/#breadcrumb"},"inLanguage":"de","potentialAction":[{"@type":"ReadAction","target":["https:\/\/kogabau.facilitytest.sk\/de\/koga-hdpe\/"]}]},{"@type":"ImageObject","inLanguage":"de","@id":"https:\/\/kogabau.facilitytest.sk\/de\/koga-hdpe\/#primaryimage","url":"https:\/\/kogabau.facilitytest.sk\/wp-content\/uploads\/2025\/10\/kogabau-koga-hdpe-potrubie.png","contentUrl":"https:\/\/kogabau.facilitytest.sk\/wp-content\/uploads\/2025\/10\/kogabau-koga-hdpe-potrubie.png"},{"@type":"BreadcrumbList","@id":"https:\/\/kogabau.facilitytest.sk\/de\/koga-hdpe\/#breadcrumb","itemListElement":[{"@type":"ListItem","position":1,"name":"Home","item":"https:\/\/kogabau.facilitytest.sk\/de\/"},{"@type":"ListItem","position":2,"name":"KOGA HDPE"}]},{"@type":"WebSite","@id":"https:\/\/kogabau.facilitytest.sk\/de\/#website","url":"https:\/\/kogabau.facilitytest.sk\/de\/","name":"KOGABAU","description":"","publisher":{"@id":"https:\/\/kogabau.facilitytest.sk\/de\/#organization"},"potentialAction":[{"@type":"SearchAction","target":{"@type":"EntryPoint","urlTemplate":"https:\/\/kogabau.facilitytest.sk\/de\/?s={search_term_string}"},"query-input":{"@type":"PropertyValueSpecification","valueRequired":true,"valueName":"search_term_string"}}],"inLanguage":"de"},{"@type":"Organization","@id":"https:\/\/kogabau.facilitytest.sk\/de\/#organization","name":"KOGABAU","url":"https:\/\/kogabau.facilitytest.sk\/de\/","logo":{"@type":"ImageObject","inLanguage":"de","@id":"https:\/\/kogabau.facilitytest.sk\/de\/#\/schema\/logo\/image\/","url":"https:\/\/kogabau.facilitytest.sk\/wp-content\/uploads\/2021\/02\/KOGA-BAU-logo-cierne.png","contentUrl":"https:\/\/kogabau.facilitytest.sk\/wp-content\/uploads\/2021\/02\/KOGA-BAU-logo-cierne.png","width":516,"height":66,"caption":"KOGABAU"},"image":{"@id":"https:\/\/kogabau.facilitytest.sk\/de\/#\/schema\/logo\/image\/"}}]}},"_links":{"self":[{"href":"https:\/\/kogabau.facilitytest.sk\/de\/wp-json\/wp\/v2\/pages\/5198","targetHints":{"allow":["GET"]}}],"collection":[{"href":"https:\/\/kogabau.facilitytest.sk\/de\/wp-json\/wp\/v2\/pages"}],"about":[{"href":"https:\/\/kogabau.facilitytest.sk\/de\/wp-json\/wp\/v2\/types\/page"}],"author":[{"embeddable":true,"href":"https:\/\/kogabau.facilitytest.sk\/de\/wp-json\/wp\/v2\/users\/15"}],"replies":[{"embeddable":true,"href":"https:\/\/kogabau.facilitytest.sk\/de\/wp-json\/wp\/v2\/comments?post=5198"}],"version-history":[{"count":5,"href":"https:\/\/kogabau.facilitytest.sk\/de\/wp-json\/wp\/v2\/pages\/5198\/revisions"}],"predecessor-version":[{"id":8235,"href":"https:\/\/kogabau.facilitytest.sk\/de\/wp-json\/wp\/v2\/pages\/5198\/revisions\/8235"}],"wp:attachment":[{"href":"https:\/\/kogabau.facilitytest.sk\/de\/wp-json\/wp\/v2\/media?parent=5198"}],"curies":[{"name":"wp","href":"https:\/\/api.w.org\/{rel}","templated":true}]}}