{"id":5190,"date":"2025-10-12T16:50:38","date_gmt":"2025-10-12T14:50:38","guid":{"rendered":"https:\/\/kogabau.facilitytest.sk\/koga-cornice-und-von-grp-koga-cornice-grp\/"},"modified":"2025-11-09T11:04:42","modified_gmt":"2025-11-09T10:04:42","slug":"koga-cornice-und-von-grp-koga-cornice-grp","status":"publish","type":"page","link":"https:\/\/kogabau.facilitytest.sk\/de\/koga-cornice-und-von-grp-koga-cornice-grp\/","title":{"rendered":"KOGA CORNICE und von GRP KOGA CORNICE GRP"},"content":{"rendered":"\t\t<div data-elementor-type=\"wp-page\" data-elementor-id=\"5190\" class=\"elementor elementor-5190 elementor-1194\" data-elementor-post-type=\"page\">\n\t\t\t\t\t\t<section class=\"elementor-section elementor-top-section elementor-element elementor-element-95dbdbc elementor-section-boxed elementor-section-height-default elementor-section-height-default\" data-id=\"95dbdbc\" data-element_type=\"section\" data-settings=\"{&quot;background_background&quot;:&quot;classic&quot;}\">\n\t\t\t\t\t\t<div class=\"elementor-container elementor-column-gap-default\">\n\t\t\t\t\t<div class=\"elementor-column elementor-col-100 elementor-top-column elementor-element elementor-element-78e5e81\" data-id=\"78e5e81\" data-element_type=\"column\">\n\t\t\t<div class=\"elementor-widget-wrap elementor-element-populated\">\n\t\t\t\t\t\t<div class=\"elementor-element elementor-element-3ff8e3a elementor-widget elementor-widget-spacer\" data-id=\"3ff8e3a\" data-element_type=\"widget\" data-widget_type=\"spacer.default\">\n\t\t\t\t<div class=\"elementor-widget-container\">\n\t\t\t\t\t\t\t<div class=\"elementor-spacer\">\n\t\t\t<div class=\"elementor-spacer-inner\"><\/div>\n\t\t<\/div>\n\t\t\t\t\t\t<\/div>\n\t\t\t\t<\/div>\n\t\t\t\t<div class=\"elementor-element elementor-element-427b940 elementor-widget elementor-widget-heading\" data-id=\"427b940\" data-element_type=\"widget\" data-widget_type=\"heading.default\">\n\t\t\t\t<div class=\"elementor-widget-container\">\n\t\t\t\t\t<h1 class=\"elementor-heading-title elementor-size-default\"> KOGA CORNICE und KOGA CORNICE GRP<\/h1>\t\t\t\t<\/div>\n\t\t\t\t<\/div>\n\t\t\t\t\t<\/div>\n\t\t<\/div>\n\t\t\t\t\t<\/div>\n\t\t<\/section>\n\t\t\t\t<section class=\"elementor-section elementor-top-section elementor-element elementor-element-1edceee elementor-section-boxed elementor-section-height-default elementor-section-height-default\" data-id=\"1edceee\" data-element_type=\"section\" data-settings=\"{&quot;background_background&quot;:&quot;classic&quot;}\">\n\t\t\t\t\t\t<div class=\"elementor-container elementor-column-gap-default\">\n\t\t\t\t\t<div class=\"elementor-column elementor-col-100 elementor-top-column elementor-element elementor-element-37f2fa0\" data-id=\"37f2fa0\" data-element_type=\"column\">\n\t\t\t<div class=\"elementor-widget-wrap elementor-element-populated\">\n\t\t\t\t\t\t<div class=\"elementor-element elementor-element-a07fc31 elementor-widget elementor-widget-text-editor\" data-id=\"a07fc31\" data-element_type=\"widget\" data-widget_type=\"text-editor.default\">\n\t\t\t\t<div class=\"elementor-widget-container\">\n\t\t\t\t\t\t\t\t\t<p>KOGA CORNICE ist ein modernes und innovatives Material f\u00fcr die \u00e4sthetische und dauerhafte Gestaltung von Br\u00fcckengesimsen. Dank seiner Eigenschaften verl\u00e4ngert KOGA CORNICE die Lebensdauer dieses Bauteils an der Br\u00fcckenkonstruktion. Die sichtbare Seite des Betonfertigteils ist mit einer Gelcoat-Schicht versehen, die Farbstabilit\u00e4t und Witterungsbest\u00e4ndigkeit im Betrieb gew\u00e4hrleistet. KOGA CORNICE ist in einer breiten Palette von Farben und Formen erh\u00e4ltlich, sodass Architekten dieses Element, das das endg\u00fcltige Erscheinungsbild der Br\u00fcckenkonstruktion pr\u00e4gt, individuell ausw\u00e4hlen k\u00f6nnen.   <\/p>\t\t\t\t\t\t\t\t<\/div>\n\t\t\t\t<\/div>\n\t\t\t\t<div class=\"elementor-element elementor-element-37e3c74 elementor-widget elementor-widget-heading\" data-id=\"37e3c74\" data-element_type=\"widget\" data-widget_type=\"heading.default\">\n\t\t\t\t<div class=\"elementor-widget-container\">\n\t\t\t\t\t<h2 class=\"elementor-heading-title elementor-size-default\">Merkmale der KOGA CORNICE Gesimsfertigteile aus Polymerbeton<\/h2>\t\t\t\t<\/div>\n\t\t\t\t<\/div>\n\t\t\t\t<div class=\"elementor-element elementor-element-769ae5c elementor-widget elementor-widget-text-editor\" data-id=\"769ae5c\" data-element_type=\"widget\" data-widget_type=\"text-editor.default\">\n\t\t\t\t<div class=\"elementor-widget-container\">\n\t\t\t\t\t\t\t\t\t<p>Polymerbeton weist Festigkeitseigenschaften auf, die herk\u00f6mmlicher Beton \u00fcbertreffen. Dadurch kann das Br\u00fcckengesims vorgefertigt nur 40 mm dick sein, und ein Meter Gesims inklusive Halterungen wiegt ab 40 kg\/m\u00b2. Dank dieser Eigenschaften gestaltet sich die Handhabung auf der Baustelle und die Montage am Br\u00fcckenbauwerk im Vergleich zu herk\u00f6mmlichen Betonfertigteilen deutlich einfacher. Die Montage kann ohne den Einsatz schwerer Ger\u00e4te erfolgen.   <\/p><p>Polymerbeton selbst besitzt hervorragende chemisch-physikalische und mechanische Eigenschaften. Zu nennen sind unter anderem die fehlende Wasseraufnahme, Frostbest\u00e4ndigkeit, Best\u00e4ndigkeit gegen\u00fcber Erd\u00f6lprodukten und Chloriden, Farbstabilit\u00e4t und hohe UV-Best\u00e4ndigkeit. <\/p>\t\t\t\t\t\t\t\t<\/div>\n\t\t\t\t<\/div>\n\t\t\t\t<div class=\"elementor-element elementor-element-83c1498 elementor-widget elementor-widget-image\" data-id=\"83c1498\" data-element_type=\"widget\" data-widget_type=\"image.default\">\n\t\t\t\t<div class=\"elementor-widget-container\">\n\t\t\t\t\t\t\t\t\t\t\t\t\t\t\t<img fetchpriority=\"high\" decoding=\"async\" width=\"1433\" height=\"478\" src=\"https:\/\/kogabau.facilitytest.sk\/wp-content\/uploads\/2025\/10\/kogabau-KOGA-CORNICE-a-z-GRP-KOGA-CORNICE-GRP.png\" class=\"attachment-full size-full wp-image-5189\" alt=\"\" srcset=\"https:\/\/kogabau.facilitytest.sk\/wp-content\/uploads\/2025\/10\/kogabau-KOGA-CORNICE-a-z-GRP-KOGA-CORNICE-GRP.png 1433w, https:\/\/kogabau.facilitytest.sk\/wp-content\/uploads\/2025\/10\/kogabau-KOGA-CORNICE-a-z-GRP-KOGA-CORNICE-GRP-300x100.png 300w, https:\/\/kogabau.facilitytest.sk\/wp-content\/uploads\/2025\/10\/kogabau-KOGA-CORNICE-a-z-GRP-KOGA-CORNICE-GRP-1024x342.png 1024w, https:\/\/kogabau.facilitytest.sk\/wp-content\/uploads\/2025\/10\/kogabau-KOGA-CORNICE-a-z-GRP-KOGA-CORNICE-GRP-768x256.png 768w\" sizes=\"(max-width: 1433px) 100vw, 1433px\" \/>\t\t\t\t\t\t\t\t\t\t\t\t\t\t\t<\/div>\n\t\t\t\t<\/div>\n\t\t\t\t\t<\/div>\n\t\t<\/div>\n\t\t\t\t\t<\/div>\n\t\t<\/section>\n\t\t\t\t<section class=\"elementor-section elementor-top-section elementor-element elementor-element-52978b0 elementor-section-boxed elementor-section-height-default elementor-section-height-default\" data-id=\"52978b0\" data-element_type=\"section\" data-settings=\"{&quot;background_background&quot;:&quot;classic&quot;}\">\n\t\t\t\t\t\t<div class=\"elementor-container elementor-column-gap-default\">\n\t\t\t\t\t<div class=\"elementor-column elementor-col-100 elementor-top-column elementor-element elementor-element-eb63ef0\" data-id=\"eb63ef0\" data-element_type=\"column\">\n\t\t\t<div class=\"elementor-widget-wrap elementor-element-populated\">\n\t\t\t\t\t\t<div class=\"elementor-element elementor-element-31b74d1 elementor-widget elementor-widget-heading\" data-id=\"31b74d1\" data-element_type=\"widget\" data-widget_type=\"heading.default\">\n\t\t\t\t<div class=\"elementor-widget-container\">\n\t\t\t\t\t<h2 class=\"elementor-heading-title elementor-size-default\">Befestigungselemente:<\/h2>\t\t\t\t<\/div>\n\t\t\t\t<\/div>\n\t\t\t\t<div class=\"elementor-element elementor-element-204afdf elementor-widget elementor-widget-text-editor\" data-id=\"204afdf\" data-element_type=\"widget\" data-widget_type=\"text-editor.default\">\n\t\t\t\t<div class=\"elementor-widget-container\">\n\t\t\t\t\t\t\t\t\t<p>Die vorgefertigten Gesimselemente werden zusammen mit den Elementen geliefert, die die Montage auf der Br\u00fccke und die anschlie\u00dfende Verbindung der Fertigbewehrung mit der Br\u00fcckenkonstruktion erm\u00f6glichen. In Zusammenarbeit mit dem Planer entwickeln wir das optimale Elementsystem f\u00fcr die Br\u00fcckenbewehrung, das gleichzeitig eine einfache Handhabung und Montage der Fertigteile w\u00e4hrend der Bauphase gew\u00e4hrleistet. <\/p>\t\t\t\t\t\t\t\t<\/div>\n\t\t\t\t<\/div>\n\t\t\t\t\t<\/div>\n\t\t<\/div>\n\t\t\t\t\t<\/div>\n\t\t<\/section>\n\t\t\t\t<section class=\"elementor-section elementor-top-section elementor-element elementor-element-20cff49 elementor-section-boxed elementor-section-height-default elementor-section-height-default\" data-id=\"20cff49\" data-element_type=\"section\" data-settings=\"{&quot;background_background&quot;:&quot;classic&quot;}\">\n\t\t\t\t\t\t<div class=\"elementor-container elementor-column-gap-default\">\n\t\t\t\t\t<div class=\"elementor-column elementor-col-100 elementor-top-column elementor-element elementor-element-886d016\" data-id=\"886d016\" data-element_type=\"column\">\n\t\t\t<div class=\"elementor-widget-wrap elementor-element-populated\">\n\t\t\t\t\t\t<div class=\"elementor-element elementor-element-ded8ece elementor-widget elementor-widget-heading\" data-id=\"ded8ece\" data-element_type=\"widget\" data-widget_type=\"heading.default\">\n\t\t\t\t<div class=\"elementor-widget-container\">\n\t\t\t\t\t<h2 class=\"elementor-heading-title elementor-size-default\">Vorteile der KOGA<br>CORNICE und KOGA CORNICE GRP Gesims-Fertigprodukte:<\/h2>\t\t\t\t<\/div>\n\t\t\t\t<\/div>\n\t\t\t\t<section class=\"elementor-section elementor-inner-section elementor-element elementor-element-e566ef6 elementor-section-boxed elementor-section-height-default elementor-section-height-default\" data-id=\"e566ef6\" data-element_type=\"section\">\n\t\t\t\t\t\t<div class=\"elementor-container elementor-column-gap-default\">\n\t\t\t\t\t<div class=\"elementor-column elementor-col-100 elementor-inner-column elementor-element elementor-element-2995bc2\" data-id=\"2995bc2\" data-element_type=\"column\">\n\t\t\t<div class=\"elementor-widget-wrap elementor-element-populated\">\n\t\t\t\t\t\t<div class=\"elementor-element elementor-element-7522857 elementor-widget elementor-widget-text-editor\" data-id=\"7522857\" data-element_type=\"widget\" data-widget_type=\"text-editor.default\">\n\t\t\t\t<div class=\"elementor-widget-container\">\n\t\t\t\t\t\t\t\t\t<ul><li>hoher \u00e4sthetischer Wert des fertigen Br\u00fcckengesimses<\/li><li>einfache Handhabung vor Ort dank geringem Gewicht<\/li><li>Frostbest\u00e4ndigkeit dank nicht absorbierendem Material<\/li><li>Farbstabilit\u00e4t dank erh\u00f6hter UV-Best\u00e4ndigkeit<\/li><li>Die M\u00f6glichkeit, Formen und Farben zu kombinieren, garantiert einen einzigartigen Endeffekt.<\/li><li>schnelle Montage vor Ort<\/li><li>hohe Lieferkapazit\u00e4t<\/li><\/ul>\t\t\t\t\t\t\t\t<\/div>\n\t\t\t\t<\/div>\n\t\t\t\t\t<\/div>\n\t\t<\/div>\n\t\t\t\t\t<\/div>\n\t\t<\/section>\n\t\t\t\t\t<\/div>\n\t\t<\/div>\n\t\t\t\t\t<\/div>\n\t\t<\/section>\n\t\t\t\t<\/div>\n\t\t","protected":false},"excerpt":{"rendered":"<p>KOGA CORNICE und KOGA CORNICE GRP KOGA CORNICE ist ein modernes und innovatives Material f\u00fcr die \u00e4sthetische und dauerhafte Gestaltung von Br\u00fcckengesimsen. Dank seiner Eigenschaften verl\u00e4ngert KOGA CORNICE die Lebensdauer dieses Bauteils an der Br\u00fcckenkonstruktion. Die sichtbare Seite des Betonfertigteils ist mit einer Gelcoat-Schicht versehen, die Farbstabilit\u00e4t und Witterungsbest\u00e4ndigkeit im Betrieb gew\u00e4hrleistet. KOGA CORNICE ist [&hellip;]<\/p>\n","protected":false},"author":15,"featured_media":0,"parent":0,"menu_order":0,"comment_status":"closed","ping_status":"closed","template":"","meta":{"footnotes":""},"class_list":["post-5190","page","type-page","status-publish","hentry"],"yoast_head":"<!-- This site is optimized with the Yoast SEO plugin v26.2 - https:\/\/yoast.com\/wordpress\/plugins\/seo\/ -->\n<title>KOGA CORNICE &amp; CORNICE GRP \u2013 vorgefertigte Gesimselemente aus Polymerbeton f\u00fcr Br\u00fccken | KOGA Bau<\/title>\n<meta name=\"description\" content=\"KOGA CORNICE und CORNICE GRP sind vorgefertigte Gesimsprodukte aus Polymerbeton und GFK, die eine \u00e4sthetische und dauerhafte L\u00f6sung f\u00fcr Br\u00fcckengesimse bieten. Sie zeichnen sich durch Frostbest\u00e4ndigkeit, Farbstabilit\u00e4t, einfache Handhabung und schnelle Montage aus.\" \/>\n<meta name=\"robots\" content=\"noindex, follow, max-snippet:-1, max-image-preview:large, max-video-preview:-1\" \/>\n<meta property=\"og:locale\" content=\"de_DE\" \/>\n<meta property=\"og:type\" content=\"article\" \/>\n<meta property=\"og:title\" content=\"KOGA CORNICE &amp; CORNICE GRP \u2013 vorgefertigte Gesimselemente aus Polymerbeton f\u00fcr Br\u00fccken | KOGA Bau\" \/>\n<meta property=\"og:description\" content=\"KOGA CORNICE und CORNICE GRP sind vorgefertigte Gesimsprodukte aus Polymerbeton und GFK, die eine \u00e4sthetische und dauerhafte L\u00f6sung f\u00fcr Br\u00fcckengesimse bieten. Sie zeichnen sich durch Frostbest\u00e4ndigkeit, Farbstabilit\u00e4t, einfache Handhabung und schnelle Montage aus.\" \/>\n<meta property=\"og:url\" content=\"https:\/\/kogabau.facilitytest.sk\/de\/koga-cornice-und-von-grp-koga-cornice-grp\/\" \/>\n<meta property=\"og:site_name\" content=\"KOGABAU\" \/>\n<meta property=\"article:modified_time\" content=\"2025-11-09T10:04:42+00:00\" \/>\n<meta property=\"og:image\" content=\"https:\/\/kogabau.facilitytest.sk\/wp-content\/uploads\/2025\/10\/kogabau-KOGA-CORNICE-a-z-GRP-KOGA-CORNICE-GRP.png\" \/>\n\t<meta property=\"og:image:width\" content=\"1433\" \/>\n\t<meta property=\"og:image:height\" content=\"478\" \/>\n\t<meta property=\"og:image:type\" content=\"image\/png\" \/>\n<meta name=\"twitter:card\" content=\"summary_large_image\" \/>\n<meta name=\"twitter:label1\" content=\"Gesch\u00e4tzte Lesezeit\" \/>\n\t<meta name=\"twitter:data1\" content=\"2\u00a0Minuten\" \/>\n<script type=\"application\/ld+json\" class=\"yoast-schema-graph\">{\"@context\":\"https:\/\/schema.org\",\"@graph\":[{\"@type\":\"WebPage\",\"@id\":\"https:\/\/kogabau.facilitytest.sk\/de\/koga-cornice-und-von-grp-koga-cornice-grp\/\",\"url\":\"https:\/\/kogabau.facilitytest.sk\/de\/koga-cornice-und-von-grp-koga-cornice-grp\/\",\"name\":\"KOGA CORNICE & CORNICE GRP \u2013 vorgefertigte Gesimselemente aus Polymerbeton f\u00fcr Br\u00fccken | KOGA Bau\",\"isPartOf\":{\"@id\":\"https:\/\/kogabau.facilitytest.sk\/de\/#website\"},\"primaryImageOfPage\":{\"@id\":\"https:\/\/kogabau.facilitytest.sk\/de\/koga-cornice-und-von-grp-koga-cornice-grp\/#primaryimage\"},\"image\":{\"@id\":\"https:\/\/kogabau.facilitytest.sk\/de\/koga-cornice-und-von-grp-koga-cornice-grp\/#primaryimage\"},\"thumbnailUrl\":\"https:\/\/kogabau.facilitytest.sk\/wp-content\/uploads\/2025\/10\/kogabau-KOGA-CORNICE-a-z-GRP-KOGA-CORNICE-GRP.png\",\"datePublished\":\"2025-10-12T14:50:38+00:00\",\"dateModified\":\"2025-11-09T10:04:42+00:00\",\"description\":\"KOGA CORNICE und CORNICE GRP sind vorgefertigte Gesimsprodukte aus Polymerbeton und GFK, die eine \u00e4sthetische und dauerhafte L\u00f6sung f\u00fcr Br\u00fcckengesimse bieten. Sie zeichnen sich durch Frostbest\u00e4ndigkeit, Farbstabilit\u00e4t, einfache Handhabung und schnelle Montage aus.\",\"breadcrumb\":{\"@id\":\"https:\/\/kogabau.facilitytest.sk\/de\/koga-cornice-und-von-grp-koga-cornice-grp\/#breadcrumb\"},\"inLanguage\":\"de\",\"potentialAction\":[{\"@type\":\"ReadAction\",\"target\":[\"https:\/\/kogabau.facilitytest.sk\/de\/koga-cornice-und-von-grp-koga-cornice-grp\/\"]}]},{\"@type\":\"ImageObject\",\"inLanguage\":\"de\",\"@id\":\"https:\/\/kogabau.facilitytest.sk\/de\/koga-cornice-und-von-grp-koga-cornice-grp\/#primaryimage\",\"url\":\"https:\/\/kogabau.facilitytest.sk\/wp-content\/uploads\/2025\/10\/kogabau-KOGA-CORNICE-a-z-GRP-KOGA-CORNICE-GRP.png\",\"contentUrl\":\"https:\/\/kogabau.facilitytest.sk\/wp-content\/uploads\/2025\/10\/kogabau-KOGA-CORNICE-a-z-GRP-KOGA-CORNICE-GRP.png\"},{\"@type\":\"BreadcrumbList\",\"@id\":\"https:\/\/kogabau.facilitytest.sk\/de\/koga-cornice-und-von-grp-koga-cornice-grp\/#breadcrumb\",\"itemListElement\":[{\"@type\":\"ListItem\",\"position\":1,\"name\":\"Home\",\"item\":\"https:\/\/kogabau.facilitytest.sk\/de\/\"},{\"@type\":\"ListItem\",\"position\":2,\"name\":\"KOGA CORNICE und von GRP KOGA CORNICE GRP\"}]},{\"@type\":\"WebSite\",\"@id\":\"https:\/\/kogabau.facilitytest.sk\/de\/#website\",\"url\":\"https:\/\/kogabau.facilitytest.sk\/de\/\",\"name\":\"KOGABAU\",\"description\":\"\",\"publisher\":{\"@id\":\"https:\/\/kogabau.facilitytest.sk\/de\/#organization\"},\"potentialAction\":[{\"@type\":\"SearchAction\",\"target\":{\"@type\":\"EntryPoint\",\"urlTemplate\":\"https:\/\/kogabau.facilitytest.sk\/de\/?s={search_term_string}\"},\"query-input\":{\"@type\":\"PropertyValueSpecification\",\"valueRequired\":true,\"valueName\":\"search_term_string\"}}],\"inLanguage\":\"de\"},{\"@type\":\"Organization\",\"@id\":\"https:\/\/kogabau.facilitytest.sk\/de\/#organization\",\"name\":\"KOGABAU\",\"url\":\"https:\/\/kogabau.facilitytest.sk\/de\/\",\"logo\":{\"@type\":\"ImageObject\",\"inLanguage\":\"de\",\"@id\":\"https:\/\/kogabau.facilitytest.sk\/de\/#\/schema\/logo\/image\/\",\"url\":\"https:\/\/kogabau.facilitytest.sk\/wp-content\/uploads\/2021\/02\/KOGA-BAU-logo-cierne.png\",\"contentUrl\":\"https:\/\/kogabau.facilitytest.sk\/wp-content\/uploads\/2021\/02\/KOGA-BAU-logo-cierne.png\",\"width\":516,\"height\":66,\"caption\":\"KOGABAU\"},\"image\":{\"@id\":\"https:\/\/kogabau.facilitytest.sk\/de\/#\/schema\/logo\/image\/\"}}]}<\/script>\n<!-- \/ Yoast SEO plugin. -->","yoast_head_json":{"title":"KOGA CORNICE & CORNICE GRP \u2013 vorgefertigte Gesimselemente aus Polymerbeton f\u00fcr Br\u00fccken | KOGA Bau","description":"KOGA CORNICE und CORNICE GRP sind vorgefertigte Gesimsprodukte aus Polymerbeton und GFK, die eine \u00e4sthetische und dauerhafte L\u00f6sung f\u00fcr Br\u00fcckengesimse bieten. Sie zeichnen sich durch Frostbest\u00e4ndigkeit, Farbstabilit\u00e4t, einfache Handhabung und schnelle Montage aus.","robots":{"index":"noindex","follow":"follow","max-snippet":"max-snippet:-1","max-image-preview":"max-image-preview:large","max-video-preview":"max-video-preview:-1"},"og_locale":"de_DE","og_type":"article","og_title":"KOGA CORNICE & CORNICE GRP \u2013 vorgefertigte Gesimselemente aus Polymerbeton f\u00fcr Br\u00fccken | KOGA Bau","og_description":"KOGA CORNICE und CORNICE GRP sind vorgefertigte Gesimsprodukte aus Polymerbeton und GFK, die eine \u00e4sthetische und dauerhafte L\u00f6sung f\u00fcr Br\u00fcckengesimse bieten. Sie zeichnen sich durch Frostbest\u00e4ndigkeit, Farbstabilit\u00e4t, einfache Handhabung und schnelle Montage aus.","og_url":"https:\/\/kogabau.facilitytest.sk\/de\/koga-cornice-und-von-grp-koga-cornice-grp\/","og_site_name":"KOGABAU","article_modified_time":"2025-11-09T10:04:42+00:00","og_image":[{"width":1433,"height":478,"url":"https:\/\/kogabau.facilitytest.sk\/wp-content\/uploads\/2025\/10\/kogabau-KOGA-CORNICE-a-z-GRP-KOGA-CORNICE-GRP.png","type":"image\/png"}],"twitter_card":"summary_large_image","twitter_misc":{"Gesch\u00e4tzte Lesezeit":"2\u00a0Minuten"},"schema":{"@context":"https:\/\/schema.org","@graph":[{"@type":"WebPage","@id":"https:\/\/kogabau.facilitytest.sk\/de\/koga-cornice-und-von-grp-koga-cornice-grp\/","url":"https:\/\/kogabau.facilitytest.sk\/de\/koga-cornice-und-von-grp-koga-cornice-grp\/","name":"KOGA CORNICE & CORNICE GRP \u2013 vorgefertigte Gesimselemente aus Polymerbeton f\u00fcr Br\u00fccken | KOGA Bau","isPartOf":{"@id":"https:\/\/kogabau.facilitytest.sk\/de\/#website"},"primaryImageOfPage":{"@id":"https:\/\/kogabau.facilitytest.sk\/de\/koga-cornice-und-von-grp-koga-cornice-grp\/#primaryimage"},"image":{"@id":"https:\/\/kogabau.facilitytest.sk\/de\/koga-cornice-und-von-grp-koga-cornice-grp\/#primaryimage"},"thumbnailUrl":"https:\/\/kogabau.facilitytest.sk\/wp-content\/uploads\/2025\/10\/kogabau-KOGA-CORNICE-a-z-GRP-KOGA-CORNICE-GRP.png","datePublished":"2025-10-12T14:50:38+00:00","dateModified":"2025-11-09T10:04:42+00:00","description":"KOGA CORNICE und CORNICE GRP sind vorgefertigte Gesimsprodukte aus Polymerbeton und GFK, die eine \u00e4sthetische und dauerhafte L\u00f6sung f\u00fcr Br\u00fcckengesimse bieten. Sie zeichnen sich durch Frostbest\u00e4ndigkeit, Farbstabilit\u00e4t, einfache Handhabung und schnelle Montage aus.","breadcrumb":{"@id":"https:\/\/kogabau.facilitytest.sk\/de\/koga-cornice-und-von-grp-koga-cornice-grp\/#breadcrumb"},"inLanguage":"de","potentialAction":[{"@type":"ReadAction","target":["https:\/\/kogabau.facilitytest.sk\/de\/koga-cornice-und-von-grp-koga-cornice-grp\/"]}]},{"@type":"ImageObject","inLanguage":"de","@id":"https:\/\/kogabau.facilitytest.sk\/de\/koga-cornice-und-von-grp-koga-cornice-grp\/#primaryimage","url":"https:\/\/kogabau.facilitytest.sk\/wp-content\/uploads\/2025\/10\/kogabau-KOGA-CORNICE-a-z-GRP-KOGA-CORNICE-GRP.png","contentUrl":"https:\/\/kogabau.facilitytest.sk\/wp-content\/uploads\/2025\/10\/kogabau-KOGA-CORNICE-a-z-GRP-KOGA-CORNICE-GRP.png"},{"@type":"BreadcrumbList","@id":"https:\/\/kogabau.facilitytest.sk\/de\/koga-cornice-und-von-grp-koga-cornice-grp\/#breadcrumb","itemListElement":[{"@type":"ListItem","position":1,"name":"Home","item":"https:\/\/kogabau.facilitytest.sk\/de\/"},{"@type":"ListItem","position":2,"name":"KOGA CORNICE und von GRP KOGA CORNICE GRP"}]},{"@type":"WebSite","@id":"https:\/\/kogabau.facilitytest.sk\/de\/#website","url":"https:\/\/kogabau.facilitytest.sk\/de\/","name":"KOGABAU","description":"","publisher":{"@id":"https:\/\/kogabau.facilitytest.sk\/de\/#organization"},"potentialAction":[{"@type":"SearchAction","target":{"@type":"EntryPoint","urlTemplate":"https:\/\/kogabau.facilitytest.sk\/de\/?s={search_term_string}"},"query-input":{"@type":"PropertyValueSpecification","valueRequired":true,"valueName":"search_term_string"}}],"inLanguage":"de"},{"@type":"Organization","@id":"https:\/\/kogabau.facilitytest.sk\/de\/#organization","name":"KOGABAU","url":"https:\/\/kogabau.facilitytest.sk\/de\/","logo":{"@type":"ImageObject","inLanguage":"de","@id":"https:\/\/kogabau.facilitytest.sk\/de\/#\/schema\/logo\/image\/","url":"https:\/\/kogabau.facilitytest.sk\/wp-content\/uploads\/2021\/02\/KOGA-BAU-logo-cierne.png","contentUrl":"https:\/\/kogabau.facilitytest.sk\/wp-content\/uploads\/2021\/02\/KOGA-BAU-logo-cierne.png","width":516,"height":66,"caption":"KOGABAU"},"image":{"@id":"https:\/\/kogabau.facilitytest.sk\/de\/#\/schema\/logo\/image\/"}}]}},"_links":{"self":[{"href":"https:\/\/kogabau.facilitytest.sk\/de\/wp-json\/wp\/v2\/pages\/5190","targetHints":{"allow":["GET"]}}],"collection":[{"href":"https:\/\/kogabau.facilitytest.sk\/de\/wp-json\/wp\/v2\/pages"}],"about":[{"href":"https:\/\/kogabau.facilitytest.sk\/de\/wp-json\/wp\/v2\/types\/page"}],"author":[{"embeddable":true,"href":"https:\/\/kogabau.facilitytest.sk\/de\/wp-json\/wp\/v2\/users\/15"}],"replies":[{"embeddable":true,"href":"https:\/\/kogabau.facilitytest.sk\/de\/wp-json\/wp\/v2\/comments?post=5190"}],"version-history":[{"count":2,"href":"https:\/\/kogabau.facilitytest.sk\/de\/wp-json\/wp\/v2\/pages\/5190\/revisions"}],"predecessor-version":[{"id":8319,"href":"https:\/\/kogabau.facilitytest.sk\/de\/wp-json\/wp\/v2\/pages\/5190\/revisions\/8319"}],"wp:attachment":[{"href":"https:\/\/kogabau.facilitytest.sk\/de\/wp-json\/wp\/v2\/media?parent=5190"}],"curies":[{"name":"wp","href":"https:\/\/api.w.org\/{rel}","templated":true}]}}