{"id":5183,"date":"2025-10-11T16:42:06","date_gmt":"2025-10-11T14:42:06","guid":{"rendered":"https:\/\/kogabau.facilitytest.sk\/schluessel\/"},"modified":"2025-11-26T12:55:59","modified_gmt":"2025-11-26T11:55:59","slug":"schluessel","status":"publish","type":"page","link":"https:\/\/kogabau.facilitytest.sk\/de\/schluessel\/","title":{"rendered":"Schl\u00fcssel"},"content":{"rendered":"\t\t<div data-elementor-type=\"wp-page\" data-elementor-id=\"5183\" class=\"elementor elementor-5183 elementor-874\" data-elementor-post-type=\"page\">\n\t\t\t\t\t\t<section class=\"elementor-section elementor-top-section elementor-element elementor-element-28130f5 elementor-section-boxed elementor-section-height-default elementor-section-height-default\" data-id=\"28130f5\" data-element_type=\"section\" data-settings=\"{&quot;background_background&quot;:&quot;classic&quot;}\">\n\t\t\t\t\t\t<div class=\"elementor-container elementor-column-gap-default\">\n\t\t\t\t\t<div class=\"elementor-column elementor-col-100 elementor-top-column elementor-element elementor-element-724cd9d\" data-id=\"724cd9d\" data-element_type=\"column\">\n\t\t\t<div class=\"elementor-widget-wrap elementor-element-populated\">\n\t\t\t\t\t\t<div class=\"elementor-element elementor-element-e809b96 elementor-widget elementor-widget-spacer\" data-id=\"e809b96\" data-element_type=\"widget\" data-widget_type=\"spacer.default\">\n\t\t\t\t<div class=\"elementor-widget-container\">\n\t\t\t\t\t\t\t<div class=\"elementor-spacer\">\n\t\t\t<div class=\"elementor-spacer-inner\"><\/div>\n\t\t<\/div>\n\t\t\t\t\t\t<\/div>\n\t\t\t\t<\/div>\n\t\t\t\t<div class=\"elementor-element elementor-element-fe17acc elementor-widget elementor-widget-heading\" data-id=\"fe17acc\" data-element_type=\"widget\" data-widget_type=\"heading.default\">\n\t\t\t\t<div class=\"elementor-widget-container\">\n\t\t\t\t\t<h1 class=\"elementor-heading-title elementor-size-default\">Schl\u00fcssel<\/h1>\t\t\t\t<\/div>\n\t\t\t\t<\/div>\n\t\t\t\t\t<\/div>\n\t\t<\/div>\n\t\t\t\t\t<\/div>\n\t\t<\/section>\n\t\t\t\t<section class=\"elementor-section elementor-top-section elementor-element elementor-element-dc06cf9 elementor-section-boxed elementor-section-height-default elementor-section-height-default\" data-id=\"dc06cf9\" data-element_type=\"section\" data-settings=\"{&quot;background_background&quot;:&quot;classic&quot;}\">\n\t\t\t\t\t\t<div class=\"elementor-container elementor-column-gap-default\">\n\t\t\t\t\t<div class=\"elementor-column elementor-col-50 elementor-top-column elementor-element elementor-element-bf10233\" data-id=\"bf10233\" data-element_type=\"column\">\n\t\t\t<div class=\"elementor-widget-wrap elementor-element-populated\">\n\t\t\t\t\t\t<div class=\"elementor-element elementor-element-c1ac4c0 elementor-widget elementor-widget-heading\" data-id=\"c1ac4c0\" data-element_type=\"widget\" data-widget_type=\"heading.default\">\n\t\t\t\t<div class=\"elementor-widget-container\">\n\t\t\t\t\t<h2 class=\"elementor-heading-title elementor-size-default\">Multifunktions-Handschl\u00fcssel aus Gusseisen<\/h2>\t\t\t\t<\/div>\n\t\t\t\t<\/div>\n\t\t\t\t<div class=\"elementor-element elementor-element-339235f elementor-widget elementor-widget-text-editor\" data-id=\"339235f\" data-element_type=\"widget\" data-widget_type=\"text-editor.default\">\n\t\t\t\t<div class=\"elementor-widget-container\">\n\t\t\t\t\t\t\t\t\t<p>Multifunktionaler, handlicher Gusseisenschl\u00fcssel in Hammerform, der das \u00d6ffnen von Luken und Deckeln erleichtert. Dieses Produkt erm\u00f6glicht:<\/p><p>a. L\u00f6sen von Vierkantschrauben dank des Griffendes des Schraubenschl\u00fcssels<br \/>b. L\u00f6sen von Schrauben mit Vierkant innen dank des stumpfen Teils des Schraubenschl\u00fcssels<br \/>c. Verwendung als Hebel zum Anheben von Gittern und Luken dank der scharfen Spitze<\/p>\t\t\t\t\t\t\t\t<\/div>\n\t\t\t\t<\/div>\n\t\t\t\t\t<\/div>\n\t\t<\/div>\n\t\t\t\t<div class=\"elementor-column elementor-col-50 elementor-top-column elementor-element elementor-element-e34eaab\" data-id=\"e34eaab\" data-element_type=\"column\">\n\t\t\t<div class=\"elementor-widget-wrap elementor-element-populated\">\n\t\t\t\t\t\t<div class=\"elementor-element elementor-element-2036c4c elementor-widget elementor-widget-image\" data-id=\"2036c4c\" data-element_type=\"widget\" data-widget_type=\"image.default\">\n\t\t\t\t<div class=\"elementor-widget-container\">\n\t\t\t\t\t\t\t\t\t\t\t\t\t\t\t<img fetchpriority=\"high\" decoding=\"async\" width=\"477\" height=\"370\" src=\"https:\/\/kogabau.facilitytest.sk\/wp-content\/uploads\/2025\/10\/image-65.png\" class=\"attachment-full size-full wp-image-5181\" alt=\"\" srcset=\"https:\/\/kogabau.facilitytest.sk\/wp-content\/uploads\/2025\/10\/image-65.png 477w, https:\/\/kogabau.facilitytest.sk\/wp-content\/uploads\/2025\/10\/image-65-300x233.png 300w\" sizes=\"(max-width: 477px) 100vw, 477px\" \/>\t\t\t\t\t\t\t\t\t\t\t\t\t\t\t<\/div>\n\t\t\t\t<\/div>\n\t\t\t\t\t<\/div>\n\t\t<\/div>\n\t\t\t\t\t<\/div>\n\t\t<\/section>\n\t\t\t\t<section class=\"elementor-section elementor-top-section elementor-element elementor-element-8d029a9 elementor-section-boxed elementor-section-height-default elementor-section-height-default\" data-id=\"8d029a9\" data-element_type=\"section\" data-settings=\"{&quot;background_background&quot;:&quot;classic&quot;}\">\n\t\t\t\t\t\t<div class=\"elementor-container elementor-column-gap-default\">\n\t\t\t\t\t<div class=\"elementor-column elementor-col-50 elementor-top-column elementor-element elementor-element-9dd7e92\" data-id=\"9dd7e92\" data-element_type=\"column\">\n\t\t\t<div class=\"elementor-widget-wrap elementor-element-populated\">\n\t\t\t\t\t\t<div class=\"elementor-element elementor-element-e7659de elementor-widget elementor-widget-heading\" data-id=\"e7659de\" data-element_type=\"widget\" data-widget_type=\"heading.default\">\n\t\t\t\t<div class=\"elementor-widget-container\">\n\t\t\t\t\t<h2 class=\"elementor-heading-title elementor-size-default\">Multifunktions-Handstahlschl\u00fcssel<\/h2>\t\t\t\t<\/div>\n\t\t\t\t<\/div>\n\t\t\t\t<div class=\"elementor-element elementor-element-e576f13 elementor-widget elementor-widget-text-editor\" data-id=\"e576f13\" data-element_type=\"widget\" data-widget_type=\"text-editor.default\">\n\t\t\t\t<div class=\"elementor-widget-container\">\n\t\t\t\t\t\t\t\t\t<p>Multifunktionaler Handstahlschl\u00fcssel in Hammerform, der das \u00d6ffnen von Luken und Deckeln erleichtert. Dieses Produkt erm\u00f6glicht: <br \/><br \/>a. L\u00f6sen von M16 DIN 912 Innensechskantschrauben dank des stumpfen Teils des Schl\u00fcssels<br \/>b. Anheben von Luken und Gittern mit Schl\u00fcsselschlitz dank des Endes des Schl\u00fcsselgriffs<br \/>c. Verwendung als Hebel zum Anheben von Gittern und Luken dank des scharfen Endes<\/p>\t\t\t\t\t\t\t\t<\/div>\n\t\t\t\t<\/div>\n\t\t\t\t\t<\/div>\n\t\t<\/div>\n\t\t\t\t<div class=\"elementor-column elementor-col-50 elementor-top-column elementor-element elementor-element-a113d54\" data-id=\"a113d54\" data-element_type=\"column\">\n\t\t\t<div class=\"elementor-widget-wrap elementor-element-populated\">\n\t\t\t\t\t\t<div class=\"elementor-element elementor-element-54bea42 elementor-widget elementor-widget-image\" data-id=\"54bea42\" data-element_type=\"widget\" data-widget_type=\"image.default\">\n\t\t\t\t<div class=\"elementor-widget-container\">\n\t\t\t\t\t\t\t\t\t\t\t\t\t\t\t<img decoding=\"async\" width=\"480\" height=\"367\" src=\"https:\/\/kogabau.facilitytest.sk\/wp-content\/uploads\/2025\/10\/image-66-1.png\" class=\"attachment-full size-full wp-image-5182\" alt=\"\" srcset=\"https:\/\/kogabau.facilitytest.sk\/wp-content\/uploads\/2025\/10\/image-66-1.png 480w, https:\/\/kogabau.facilitytest.sk\/wp-content\/uploads\/2025\/10\/image-66-1-300x229.png 300w\" sizes=\"(max-width: 480px) 100vw, 480px\" \/>\t\t\t\t\t\t\t\t\t\t\t\t\t\t\t<\/div>\n\t\t\t\t<\/div>\n\t\t\t\t\t<\/div>\n\t\t<\/div>\n\t\t\t\t\t<\/div>\n\t\t<\/section>\n\t\t\t\t<\/div>\n\t\t","protected":false},"excerpt":{"rendered":"<p>Schl\u00fcssel Multifunktions-Handschl\u00fcssel aus Gusseisen Multifunktionaler, handlicher Gusseisenschl\u00fcssel in Hammerform, der das \u00d6ffnen von Luken und Deckeln erleichtert. Dieses Produkt erm\u00f6glicht: a. L\u00f6sen von Vierkantschrauben dank des Griffendes des Schraubenschl\u00fcsselsb. L\u00f6sen von Schrauben mit Vierkant innen dank des stumpfen Teils des Schraubenschl\u00fcsselsc. Verwendung als Hebel zum Anheben von Gittern und Luken dank der scharfen Spitze Multifunktions-Handstahlschl\u00fcssel [&hellip;]<\/p>\n","protected":false},"author":15,"featured_media":0,"parent":0,"menu_order":0,"comment_status":"closed","ping_status":"closed","template":"","meta":{"footnotes":""},"class_list":["post-5183","page","type-page","status-publish","hentry"],"yoast_head":"<!-- This site is optimized with the Yoast SEO plugin v26.2 - https:\/\/yoast.com\/wordpress\/plugins\/seo\/ -->\n<title>Multifunktions-Handschl\u00fcssel \u2013 Gusseisen und Stahl f\u00fcr Roste und Luken | KOGA Bau<\/title>\n<meta name=\"description\" content=\"Die multifunktionalen Handschl\u00fcssel von KOGA Bau (aus Gusseisen und Stahl) erleichtern das \u00d6ffnen von Gittern und Luken. Sie dienen zum L\u00f6sen von Schrauben, Anheben von Luken und als Hebel \u2013 alles in einem praktischen Werkzeug.\" \/>\n<meta name=\"robots\" content=\"noindex, follow, max-snippet:-1, max-image-preview:large, max-video-preview:-1\" \/>\n<meta property=\"og:locale\" content=\"de_DE\" \/>\n<meta property=\"og:type\" content=\"article\" \/>\n<meta property=\"og:title\" content=\"Multifunktions-Handschl\u00fcssel \u2013 Gusseisen und Stahl f\u00fcr Roste und Luken | KOGA Bau\" \/>\n<meta property=\"og:description\" content=\"Die multifunktionalen Handschl\u00fcssel von KOGA Bau (aus Gusseisen und Stahl) erleichtern das \u00d6ffnen von Gittern und Luken. Sie dienen zum L\u00f6sen von Schrauben, Anheben von Luken und als Hebel \u2013 alles in einem praktischen Werkzeug.\" \/>\n<meta property=\"og:url\" content=\"https:\/\/kogabau.facilitytest.sk\/de\/schluessel\/\" \/>\n<meta property=\"og:site_name\" content=\"KOGABAU\" \/>\n<meta property=\"article:modified_time\" content=\"2025-11-26T11:55:59+00:00\" \/>\n<meta property=\"og:image\" content=\"https:\/\/kogabau.facilitytest.sk\/wp-content\/uploads\/2025\/10\/image-65.png\" \/>\n\t<meta property=\"og:image:width\" content=\"477\" \/>\n\t<meta property=\"og:image:height\" content=\"370\" \/>\n\t<meta property=\"og:image:type\" content=\"image\/png\" \/>\n<meta name=\"twitter:card\" content=\"summary_large_image\" \/>\n<meta name=\"twitter:label1\" content=\"Gesch\u00e4tzte Lesezeit\" \/>\n\t<meta name=\"twitter:data1\" content=\"2\u00a0Minuten\" \/>\n<script type=\"application\/ld+json\" class=\"yoast-schema-graph\">{\"@context\":\"https:\/\/schema.org\",\"@graph\":[{\"@type\":\"WebPage\",\"@id\":\"https:\/\/kogabau.facilitytest.sk\/de\/schluessel\/\",\"url\":\"https:\/\/kogabau.facilitytest.sk\/de\/schluessel\/\",\"name\":\"Multifunktions-Handschl\u00fcssel \u2013 Gusseisen und Stahl f\u00fcr Roste und Luken | KOGA Bau\",\"isPartOf\":{\"@id\":\"https:\/\/kogabau.facilitytest.sk\/de\/#website\"},\"primaryImageOfPage\":{\"@id\":\"https:\/\/kogabau.facilitytest.sk\/de\/schluessel\/#primaryimage\"},\"image\":{\"@id\":\"https:\/\/kogabau.facilitytest.sk\/de\/schluessel\/#primaryimage\"},\"thumbnailUrl\":\"https:\/\/kogabau.facilitytest.sk\/wp-content\/uploads\/2025\/10\/image-65.png\",\"datePublished\":\"2025-10-11T14:42:06+00:00\",\"dateModified\":\"2025-11-26T11:55:59+00:00\",\"description\":\"Die multifunktionalen Handschl\u00fcssel von KOGA Bau (aus Gusseisen und Stahl) erleichtern das \u00d6ffnen von Gittern und Luken. Sie dienen zum L\u00f6sen von Schrauben, Anheben von Luken und als Hebel \u2013 alles in einem praktischen Werkzeug.\",\"breadcrumb\":{\"@id\":\"https:\/\/kogabau.facilitytest.sk\/de\/schluessel\/#breadcrumb\"},\"inLanguage\":\"de\",\"potentialAction\":[{\"@type\":\"ReadAction\",\"target\":[\"https:\/\/kogabau.facilitytest.sk\/de\/schluessel\/\"]}]},{\"@type\":\"ImageObject\",\"inLanguage\":\"de\",\"@id\":\"https:\/\/kogabau.facilitytest.sk\/de\/schluessel\/#primaryimage\",\"url\":\"https:\/\/kogabau.facilitytest.sk\/wp-content\/uploads\/2025\/10\/image-65.png\",\"contentUrl\":\"https:\/\/kogabau.facilitytest.sk\/wp-content\/uploads\/2025\/10\/image-65.png\"},{\"@type\":\"BreadcrumbList\",\"@id\":\"https:\/\/kogabau.facilitytest.sk\/de\/schluessel\/#breadcrumb\",\"itemListElement\":[{\"@type\":\"ListItem\",\"position\":1,\"name\":\"Home\",\"item\":\"https:\/\/kogabau.facilitytest.sk\/de\/\"},{\"@type\":\"ListItem\",\"position\":2,\"name\":\"Schl\u00fcssel\"}]},{\"@type\":\"WebSite\",\"@id\":\"https:\/\/kogabau.facilitytest.sk\/de\/#website\",\"url\":\"https:\/\/kogabau.facilitytest.sk\/de\/\",\"name\":\"KOGABAU\",\"description\":\"\",\"publisher\":{\"@id\":\"https:\/\/kogabau.facilitytest.sk\/de\/#organization\"},\"potentialAction\":[{\"@type\":\"SearchAction\",\"target\":{\"@type\":\"EntryPoint\",\"urlTemplate\":\"https:\/\/kogabau.facilitytest.sk\/de\/?s={search_term_string}\"},\"query-input\":{\"@type\":\"PropertyValueSpecification\",\"valueRequired\":true,\"valueName\":\"search_term_string\"}}],\"inLanguage\":\"de\"},{\"@type\":\"Organization\",\"@id\":\"https:\/\/kogabau.facilitytest.sk\/de\/#organization\",\"name\":\"KOGABAU\",\"url\":\"https:\/\/kogabau.facilitytest.sk\/de\/\",\"logo\":{\"@type\":\"ImageObject\",\"inLanguage\":\"de\",\"@id\":\"https:\/\/kogabau.facilitytest.sk\/de\/#\/schema\/logo\/image\/\",\"url\":\"https:\/\/kogabau.facilitytest.sk\/wp-content\/uploads\/2021\/02\/KOGA-BAU-logo-cierne.png\",\"contentUrl\":\"https:\/\/kogabau.facilitytest.sk\/wp-content\/uploads\/2021\/02\/KOGA-BAU-logo-cierne.png\",\"width\":516,\"height\":66,\"caption\":\"KOGABAU\"},\"image\":{\"@id\":\"https:\/\/kogabau.facilitytest.sk\/de\/#\/schema\/logo\/image\/\"}}]}<\/script>\n<!-- \/ Yoast SEO plugin. -->","yoast_head_json":{"title":"Multifunktions-Handschl\u00fcssel \u2013 Gusseisen und Stahl f\u00fcr Roste und Luken | KOGA Bau","description":"Die multifunktionalen Handschl\u00fcssel von KOGA Bau (aus Gusseisen und Stahl) erleichtern das \u00d6ffnen von Gittern und Luken. Sie dienen zum L\u00f6sen von Schrauben, Anheben von Luken und als Hebel \u2013 alles in einem praktischen Werkzeug.","robots":{"index":"noindex","follow":"follow","max-snippet":"max-snippet:-1","max-image-preview":"max-image-preview:large","max-video-preview":"max-video-preview:-1"},"og_locale":"de_DE","og_type":"article","og_title":"Multifunktions-Handschl\u00fcssel \u2013 Gusseisen und Stahl f\u00fcr Roste und Luken | KOGA Bau","og_description":"Die multifunktionalen Handschl\u00fcssel von KOGA Bau (aus Gusseisen und Stahl) erleichtern das \u00d6ffnen von Gittern und Luken. Sie dienen zum L\u00f6sen von Schrauben, Anheben von Luken und als Hebel \u2013 alles in einem praktischen Werkzeug.","og_url":"https:\/\/kogabau.facilitytest.sk\/de\/schluessel\/","og_site_name":"KOGABAU","article_modified_time":"2025-11-26T11:55:59+00:00","og_image":[{"width":477,"height":370,"url":"https:\/\/kogabau.facilitytest.sk\/wp-content\/uploads\/2025\/10\/image-65.png","type":"image\/png"}],"twitter_card":"summary_large_image","twitter_misc":{"Gesch\u00e4tzte Lesezeit":"2\u00a0Minuten"},"schema":{"@context":"https:\/\/schema.org","@graph":[{"@type":"WebPage","@id":"https:\/\/kogabau.facilitytest.sk\/de\/schluessel\/","url":"https:\/\/kogabau.facilitytest.sk\/de\/schluessel\/","name":"Multifunktions-Handschl\u00fcssel \u2013 Gusseisen und Stahl f\u00fcr Roste und Luken | KOGA Bau","isPartOf":{"@id":"https:\/\/kogabau.facilitytest.sk\/de\/#website"},"primaryImageOfPage":{"@id":"https:\/\/kogabau.facilitytest.sk\/de\/schluessel\/#primaryimage"},"image":{"@id":"https:\/\/kogabau.facilitytest.sk\/de\/schluessel\/#primaryimage"},"thumbnailUrl":"https:\/\/kogabau.facilitytest.sk\/wp-content\/uploads\/2025\/10\/image-65.png","datePublished":"2025-10-11T14:42:06+00:00","dateModified":"2025-11-26T11:55:59+00:00","description":"Die multifunktionalen Handschl\u00fcssel von KOGA Bau (aus Gusseisen und Stahl) erleichtern das \u00d6ffnen von Gittern und Luken. Sie dienen zum L\u00f6sen von Schrauben, Anheben von Luken und als Hebel \u2013 alles in einem praktischen Werkzeug.","breadcrumb":{"@id":"https:\/\/kogabau.facilitytest.sk\/de\/schluessel\/#breadcrumb"},"inLanguage":"de","potentialAction":[{"@type":"ReadAction","target":["https:\/\/kogabau.facilitytest.sk\/de\/schluessel\/"]}]},{"@type":"ImageObject","inLanguage":"de","@id":"https:\/\/kogabau.facilitytest.sk\/de\/schluessel\/#primaryimage","url":"https:\/\/kogabau.facilitytest.sk\/wp-content\/uploads\/2025\/10\/image-65.png","contentUrl":"https:\/\/kogabau.facilitytest.sk\/wp-content\/uploads\/2025\/10\/image-65.png"},{"@type":"BreadcrumbList","@id":"https:\/\/kogabau.facilitytest.sk\/de\/schluessel\/#breadcrumb","itemListElement":[{"@type":"ListItem","position":1,"name":"Home","item":"https:\/\/kogabau.facilitytest.sk\/de\/"},{"@type":"ListItem","position":2,"name":"Schl\u00fcssel"}]},{"@type":"WebSite","@id":"https:\/\/kogabau.facilitytest.sk\/de\/#website","url":"https:\/\/kogabau.facilitytest.sk\/de\/","name":"KOGABAU","description":"","publisher":{"@id":"https:\/\/kogabau.facilitytest.sk\/de\/#organization"},"potentialAction":[{"@type":"SearchAction","target":{"@type":"EntryPoint","urlTemplate":"https:\/\/kogabau.facilitytest.sk\/de\/?s={search_term_string}"},"query-input":{"@type":"PropertyValueSpecification","valueRequired":true,"valueName":"search_term_string"}}],"inLanguage":"de"},{"@type":"Organization","@id":"https:\/\/kogabau.facilitytest.sk\/de\/#organization","name":"KOGABAU","url":"https:\/\/kogabau.facilitytest.sk\/de\/","logo":{"@type":"ImageObject","inLanguage":"de","@id":"https:\/\/kogabau.facilitytest.sk\/de\/#\/schema\/logo\/image\/","url":"https:\/\/kogabau.facilitytest.sk\/wp-content\/uploads\/2021\/02\/KOGA-BAU-logo-cierne.png","contentUrl":"https:\/\/kogabau.facilitytest.sk\/wp-content\/uploads\/2021\/02\/KOGA-BAU-logo-cierne.png","width":516,"height":66,"caption":"KOGABAU"},"image":{"@id":"https:\/\/kogabau.facilitytest.sk\/de\/#\/schema\/logo\/image\/"}}]}},"_links":{"self":[{"href":"https:\/\/kogabau.facilitytest.sk\/de\/wp-json\/wp\/v2\/pages\/5183","targetHints":{"allow":["GET"]}}],"collection":[{"href":"https:\/\/kogabau.facilitytest.sk\/de\/wp-json\/wp\/v2\/pages"}],"about":[{"href":"https:\/\/kogabau.facilitytest.sk\/de\/wp-json\/wp\/v2\/types\/page"}],"author":[{"embeddable":true,"href":"https:\/\/kogabau.facilitytest.sk\/de\/wp-json\/wp\/v2\/users\/15"}],"replies":[{"embeddable":true,"href":"https:\/\/kogabau.facilitytest.sk\/de\/wp-json\/wp\/v2\/comments?post=5183"}],"version-history":[{"count":4,"href":"https:\/\/kogabau.facilitytest.sk\/de\/wp-json\/wp\/v2\/pages\/5183\/revisions"}],"predecessor-version":[{"id":8259,"href":"https:\/\/kogabau.facilitytest.sk\/de\/wp-json\/wp\/v2\/pages\/5183\/revisions\/8259"}],"wp:attachment":[{"href":"https:\/\/kogabau.facilitytest.sk\/de\/wp-json\/wp\/v2\/media?parent=5183"}],"curies":[{"name":"wp","href":"https:\/\/api.w.org\/{rel}","templated":true}]}}