{"id":5136,"date":"2025-10-12T18:43:17","date_gmt":"2025-10-12T16:43:17","guid":{"rendered":"https:\/\/kogabau.facilitytest.sk\/bobrava-iii-d400\/"},"modified":"2025-11-09T10:39:57","modified_gmt":"2025-11-09T09:39:57","slug":"bobrava-iii-d400","status":"publish","type":"page","link":"https:\/\/kogabau.facilitytest.sk\/de\/bobrava-iii-d400\/","title":{"rendered":"Bobrava III D400"},"content":{"rendered":"\t\t<div data-elementor-type=\"wp-page\" data-elementor-id=\"5136\" class=\"elementor elementor-5136 elementor-1380\" data-elementor-post-type=\"page\">\n\t\t\t\t\t\t<section class=\"elementor-section elementor-top-section elementor-element elementor-element-8c5cc58 elementor-section-boxed elementor-section-height-default elementor-section-height-default\" data-id=\"8c5cc58\" data-element_type=\"section\" data-settings=\"{&quot;background_background&quot;:&quot;classic&quot;}\">\n\t\t\t\t\t\t<div class=\"elementor-container elementor-column-gap-default\">\n\t\t\t\t\t<div class=\"elementor-column elementor-col-100 elementor-top-column elementor-element elementor-element-4c061b6\" data-id=\"4c061b6\" data-element_type=\"column\">\n\t\t\t<div class=\"elementor-widget-wrap elementor-element-populated\">\n\t\t\t\t\t\t<div class=\"elementor-element elementor-element-efc54a5 elementor-widget elementor-widget-spacer\" data-id=\"efc54a5\" data-element_type=\"widget\" data-widget_type=\"spacer.default\">\n\t\t\t\t<div class=\"elementor-widget-container\">\n\t\t\t\t\t\t\t<div class=\"elementor-spacer\">\n\t\t\t<div class=\"elementor-spacer-inner\"><\/div>\n\t\t<\/div>\n\t\t\t\t\t\t<\/div>\n\t\t\t\t<\/div>\n\t\t\t\t<div class=\"elementor-element elementor-element-db8ba8f elementor-widget elementor-widget-heading\" data-id=\"db8ba8f\" data-element_type=\"widget\" data-widget_type=\"heading.default\">\n\t\t\t\t<div class=\"elementor-widget-container\">\n\t\t\t\t\t<h1 class=\"elementor-heading-title elementor-size-default\">Bobrava\u00ae III D400 <\/h1>\t\t\t\t<\/div>\n\t\t\t\t<\/div>\n\t\t\t\t\t<\/div>\n\t\t<\/div>\n\t\t\t\t\t<\/div>\n\t\t<\/section>\n\t\t\t\t<section class=\"elementor-section elementor-top-section elementor-element elementor-element-6606034 elementor-reverse-tablet elementor-reverse-mobile elementor-section-boxed elementor-section-height-default elementor-section-height-default\" data-id=\"6606034\" data-element_type=\"section\" data-settings=\"{&quot;background_background&quot;:&quot;classic&quot;}\">\n\t\t\t\t\t\t<div class=\"elementor-container elementor-column-gap-default\">\n\t\t\t\t\t<div class=\"elementor-column elementor-col-50 elementor-top-column elementor-element elementor-element-ea36663\" data-id=\"ea36663\" data-element_type=\"column\">\n\t\t\t<div class=\"elementor-widget-wrap elementor-element-populated\">\n\t\t\t\t\t\t<div class=\"elementor-element elementor-element-b6169b0 elementor-widget elementor-widget-text-editor\" data-id=\"b6169b0\" data-element_type=\"widget\" data-widget_type=\"text-editor.default\">\n\t\t\t\t<div class=\"elementor-widget-container\">\n\t\t\t\t\t\t\t\t\t<p>Einlaufrost aus Gusseisen mit den Abmessungen 500 x 500 mm und EPDM-Dichtung, durch Eigengewicht gesichert; die Konstruktion des Einlaufrosts entspricht der Norm DIN 19583; die Baugruppe ist f\u00fcr eine Last von D400 ausgelegt und wird auf einem DN450-Ablauf montiert.<\/p><p>Das Einlaufgitter dient dazu, Wasser in einen Regenwasserkanal oder Schacht abzuleiten und eignet sich f\u00fcr Stra\u00dfen mit hoher Verkehrsbelastung, wie zum Beispiel Fahrspuren, Park- und Lagerfl\u00e4chen.<\/p>\t\t\t\t\t\t\t\t<\/div>\n\t\t\t\t<\/div>\n\t\t\t\t\t<\/div>\n\t\t<\/div>\n\t\t\t\t<div class=\"elementor-column elementor-col-50 elementor-top-column elementor-element elementor-element-215eb55\" data-id=\"215eb55\" data-element_type=\"column\" data-settings=\"{&quot;background_background&quot;:&quot;classic&quot;}\">\n\t\t\t<div class=\"elementor-widget-wrap elementor-element-populated\">\n\t\t\t\t\t\t<div class=\"elementor-element elementor-element-4536708 elementor-widget elementor-widget-image\" data-id=\"4536708\" data-element_type=\"widget\" data-widget_type=\"image.default\">\n\t\t\t\t<div class=\"elementor-widget-container\">\n\t\t\t\t\t\t\t\t\t\t\t\t\t\t\t<img fetchpriority=\"high\" decoding=\"async\" width=\"575\" height=\"580\" src=\"https:\/\/kogabau.facilitytest.sk\/wp-content\/uploads\/2025\/10\/KoGaBau-Bobrava-III-D400-.png\" class=\"attachment-full size-full wp-image-5135\" alt=\"\" srcset=\"https:\/\/kogabau.facilitytest.sk\/wp-content\/uploads\/2025\/10\/KoGaBau-Bobrava-III-D400-.png 575w, https:\/\/kogabau.facilitytest.sk\/wp-content\/uploads\/2025\/10\/KoGaBau-Bobrava-III-D400--297x300.png 297w, https:\/\/kogabau.facilitytest.sk\/wp-content\/uploads\/2025\/10\/KoGaBau-Bobrava-III-D400--150x150.png 150w\" sizes=\"(max-width: 575px) 100vw, 575px\" \/>\t\t\t\t\t\t\t\t\t\t\t\t\t\t\t<\/div>\n\t\t\t\t<\/div>\n\t\t\t\t\t<\/div>\n\t\t<\/div>\n\t\t\t\t\t<\/div>\n\t\t<\/section>\n\t\t\t\t<section class=\"elementor-section elementor-top-section elementor-element elementor-element-bc0f3d3 horizontale elementor-section-boxed elementor-section-height-default elementor-section-height-default\" data-id=\"bc0f3d3\" data-element_type=\"section\" data-settings=\"{&quot;background_background&quot;:&quot;classic&quot;}\">\n\t\t\t\t\t\t<div class=\"elementor-container elementor-column-gap-default\">\n\t\t\t\t\t<div class=\"elementor-column elementor-col-100 elementor-top-column elementor-element elementor-element-83e3859\" data-id=\"83e3859\" data-element_type=\"column\">\n\t\t\t<div class=\"elementor-widget-wrap elementor-element-populated\">\n\t\t\t\t\t\t<section class=\"elementor-section elementor-inner-section elementor-element elementor-element-22f7fe7 elementor-section-boxed elementor-section-height-default elementor-section-height-default\" data-id=\"22f7fe7\" data-element_type=\"section\" data-settings=\"{&quot;background_background&quot;:&quot;classic&quot;}\">\n\t\t\t\t\t\t<div class=\"elementor-container elementor-column-gap-default\">\n\t\t\t\t\t<div class=\"elementor-column elementor-col-50 elementor-inner-column elementor-element elementor-element-b6ab5a1\" data-id=\"b6ab5a1\" data-element_type=\"column\">\n\t\t\t<div class=\"elementor-widget-wrap elementor-element-populated\">\n\t\t\t\t\t\t<div class=\"elementor-element elementor-element-be71505 elementor-widget elementor-widget-heading\" data-id=\"be71505\" data-element_type=\"widget\" data-widget_type=\"heading.default\">\n\t\t\t\t<div class=\"elementor-widget-container\">\n\t\t\t\t\t<h2 class=\"elementor-heading-title elementor-size-default\">Normative Dimension<\/h2>\t\t\t\t<\/div>\n\t\t\t\t<\/div>\n\t\t\t\t\t<\/div>\n\t\t<\/div>\n\t\t\t\t<div class=\"elementor-column elementor-col-50 elementor-inner-column elementor-element elementor-element-2a0c064\" data-id=\"2a0c064\" data-element_type=\"column\">\n\t\t\t<div class=\"elementor-widget-wrap elementor-element-populated\">\n\t\t\t\t\t\t<div class=\"elementor-element elementor-element-60b723e elementor-widget elementor-widget-text-editor\" data-id=\"60b723e\" data-element_type=\"widget\" data-widget_type=\"text-editor.default\">\n\t\t\t\t<div class=\"elementor-widget-container\">\n\t\t\t\t\t\t\t\t\t<p>500&#215;500<\/p>\t\t\t\t\t\t\t\t<\/div>\n\t\t\t\t<\/div>\n\t\t\t\t\t<\/div>\n\t\t<\/div>\n\t\t\t\t\t<\/div>\n\t\t<\/section>\n\t\t\t\t<section class=\"elementor-section elementor-inner-section elementor-element elementor-element-f7cc297 elementor-section-boxed elementor-section-height-default elementor-section-height-default\" data-id=\"f7cc297\" data-element_type=\"section\" data-settings=\"{&quot;background_background&quot;:&quot;classic&quot;}\">\n\t\t\t\t\t\t<div class=\"elementor-container elementor-column-gap-default\">\n\t\t\t\t\t<div class=\"elementor-column elementor-col-50 elementor-inner-column elementor-element elementor-element-c3fe56a\" data-id=\"c3fe56a\" data-element_type=\"column\">\n\t\t\t<div class=\"elementor-widget-wrap elementor-element-populated\">\n\t\t\t\t\t\t<div class=\"elementor-element elementor-element-f238ef8 elementor-widget elementor-widget-heading\" data-id=\"f238ef8\" data-element_type=\"widget\" data-widget_type=\"heading.default\">\n\t\t\t\t<div class=\"elementor-widget-container\">\n\t\t\t\t\t<h2 class=\"elementor-heading-title elementor-size-default\">Gewicht (kg)<\/h2>\t\t\t\t<\/div>\n\t\t\t\t<\/div>\n\t\t\t\t\t<\/div>\n\t\t<\/div>\n\t\t\t\t<div class=\"elementor-column elementor-col-50 elementor-inner-column elementor-element elementor-element-8a575f7\" data-id=\"8a575f7\" data-element_type=\"column\">\n\t\t\t<div class=\"elementor-widget-wrap elementor-element-populated\">\n\t\t\t\t\t\t<div class=\"elementor-element elementor-element-4969286 elementor-widget elementor-widget-text-editor\" data-id=\"4969286\" data-element_type=\"widget\" data-widget_type=\"text-editor.default\">\n\t\t\t\t<div class=\"elementor-widget-container\">\n\t\t\t\t\t\t\t\t\t<p>108<\/p>\t\t\t\t\t\t\t\t<\/div>\n\t\t\t\t<\/div>\n\t\t\t\t\t<\/div>\n\t\t<\/div>\n\t\t\t\t\t<\/div>\n\t\t<\/section>\n\t\t\t\t<section class=\"elementor-section elementor-inner-section elementor-element elementor-element-06124f8 elementor-section-boxed elementor-section-height-default elementor-section-height-default\" data-id=\"06124f8\" data-element_type=\"section\" data-settings=\"{&quot;background_background&quot;:&quot;classic&quot;}\">\n\t\t\t\t\t\t<div class=\"elementor-container elementor-column-gap-default\">\n\t\t\t\t\t<div class=\"elementor-column elementor-col-50 elementor-inner-column elementor-element elementor-element-dce9a12\" data-id=\"dce9a12\" data-element_type=\"column\">\n\t\t\t<div class=\"elementor-widget-wrap elementor-element-populated\">\n\t\t\t\t\t\t<div class=\"elementor-element elementor-element-fb2e364 elementor-widget elementor-widget-heading\" data-id=\"fb2e364\" data-element_type=\"widget\" data-widget_type=\"heading.default\">\n\t\t\t\t<div class=\"elementor-widget-container\">\n\t\t\t\t\t<h2 class=\"elementor-heading-title elementor-size-default\">H\u00f6he (mm)<\/h2>\t\t\t\t<\/div>\n\t\t\t\t<\/div>\n\t\t\t\t\t<\/div>\n\t\t<\/div>\n\t\t\t\t<div class=\"elementor-column elementor-col-50 elementor-inner-column elementor-element elementor-element-446d38c\" data-id=\"446d38c\" data-element_type=\"column\">\n\t\t\t<div class=\"elementor-widget-wrap elementor-element-populated\">\n\t\t\t\t\t\t<div class=\"elementor-element elementor-element-cdd7f2e elementor-widget elementor-widget-text-editor\" data-id=\"cdd7f2e\" data-element_type=\"widget\" data-widget_type=\"text-editor.default\">\n\t\t\t\t<div class=\"elementor-widget-container\">\n\t\t\t\t\t\t\t\t\t<p>160<\/p>\t\t\t\t\t\t\t\t<\/div>\n\t\t\t\t<\/div>\n\t\t\t\t\t<\/div>\n\t\t<\/div>\n\t\t\t\t\t<\/div>\n\t\t<\/section>\n\t\t\t\t<section class=\"elementor-section elementor-inner-section elementor-element elementor-element-9fc09c2 elementor-section-boxed elementor-section-height-default elementor-section-height-default\" data-id=\"9fc09c2\" data-element_type=\"section\" data-settings=\"{&quot;background_background&quot;:&quot;classic&quot;}\">\n\t\t\t\t\t\t<div class=\"elementor-container elementor-column-gap-default\">\n\t\t\t\t\t<div class=\"elementor-column elementor-col-50 elementor-inner-column elementor-element elementor-element-4b269c3\" data-id=\"4b269c3\" data-element_type=\"column\">\n\t\t\t<div class=\"elementor-widget-wrap elementor-element-populated\">\n\t\t\t\t\t\t<div class=\"elementor-element elementor-element-5ebf6f1 elementor-widget elementor-widget-heading\" data-id=\"5ebf6f1\" data-element_type=\"widget\" data-widget_type=\"heading.default\">\n\t\t\t\t<div class=\"elementor-widget-container\">\n\t\t\t\t\t<h2 class=\"elementor-heading-title elementor-size-default\">\u00c4u\u00dfere Abmessung (mm x mm)<\/h2>\t\t\t\t<\/div>\n\t\t\t\t<\/div>\n\t\t\t\t\t<\/div>\n\t\t<\/div>\n\t\t\t\t<div class=\"elementor-column elementor-col-50 elementor-inner-column elementor-element elementor-element-f45ab5c\" data-id=\"f45ab5c\" data-element_type=\"column\">\n\t\t\t<div class=\"elementor-widget-wrap elementor-element-populated\">\n\t\t\t\t\t\t<div class=\"elementor-element elementor-element-8cfff64 elementor-widget elementor-widget-text-editor\" data-id=\"8cfff64\" data-element_type=\"widget\" data-widget_type=\"text-editor.default\">\n\t\t\t\t<div class=\"elementor-widget-container\">\n\t\t\t\t\t\t\t\t\t<p>500&#215;500<\/p>\t\t\t\t\t\t\t\t<\/div>\n\t\t\t\t<\/div>\n\t\t\t\t\t<\/div>\n\t\t<\/div>\n\t\t\t\t\t<\/div>\n\t\t<\/section>\n\t\t\t\t<section class=\"elementor-section elementor-inner-section elementor-element elementor-element-d0588b5 elementor-section-boxed elementor-section-height-default elementor-section-height-default\" data-id=\"d0588b5\" data-element_type=\"section\" data-settings=\"{&quot;background_background&quot;:&quot;classic&quot;}\">\n\t\t\t\t\t\t<div class=\"elementor-container elementor-column-gap-default\">\n\t\t\t\t\t<div class=\"elementor-column elementor-col-50 elementor-inner-column elementor-element elementor-element-a71c51f\" data-id=\"a71c51f\" data-element_type=\"column\">\n\t\t\t<div class=\"elementor-widget-wrap elementor-element-populated\">\n\t\t\t\t\t\t<div class=\"elementor-element elementor-element-4884d67 elementor-widget elementor-widget-heading\" data-id=\"4884d67\" data-element_type=\"widget\" data-widget_type=\"heading.default\">\n\t\t\t\t<div class=\"elementor-widget-container\">\n\t\t\t\t\t<h2 class=\"elementor-heading-title elementor-size-default\">Lichte Abmessungen (mm x mm)<\/h2>\t\t\t\t<\/div>\n\t\t\t\t<\/div>\n\t\t\t\t\t<\/div>\n\t\t<\/div>\n\t\t\t\t<div class=\"elementor-column elementor-col-50 elementor-inner-column elementor-element elementor-element-99078ae\" data-id=\"99078ae\" data-element_type=\"column\">\n\t\t\t<div class=\"elementor-widget-wrap elementor-element-populated\">\n\t\t\t\t\t\t<div class=\"elementor-element elementor-element-1ddfd59 elementor-widget elementor-widget-text-editor\" data-id=\"1ddfd59\" data-element_type=\"widget\" data-widget_type=\"text-editor.default\">\n\t\t\t\t<div class=\"elementor-widget-container\">\n\t\t\t\t\t\t\t\t\t<p>470&#215;470<\/p>\t\t\t\t\t\t\t\t<\/div>\n\t\t\t\t<\/div>\n\t\t\t\t\t<\/div>\n\t\t<\/div>\n\t\t\t\t\t<\/div>\n\t\t<\/section>\n\t\t\t\t<section class=\"elementor-section elementor-inner-section elementor-element elementor-element-26c3bb4 elementor-section-boxed elementor-section-height-default elementor-section-height-default\" data-id=\"26c3bb4\" data-element_type=\"section\" data-settings=\"{&quot;background_background&quot;:&quot;classic&quot;}\">\n\t\t\t\t\t\t<div class=\"elementor-container elementor-column-gap-default\">\n\t\t\t\t\t<div class=\"elementor-column elementor-col-50 elementor-inner-column elementor-element elementor-element-99af954\" data-id=\"99af954\" data-element_type=\"column\">\n\t\t\t<div class=\"elementor-widget-wrap elementor-element-populated\">\n\t\t\t\t\t\t<div class=\"elementor-element elementor-element-219ae73 elementor-widget elementor-widget-heading\" data-id=\"219ae73\" data-element_type=\"widget\" data-widget_type=\"heading.default\">\n\t\t\t\t<div class=\"elementor-widget-container\">\n\t\t\t\t\t<h2 class=\"elementor-heading-title elementor-size-default\">Korbmontage<\/h2>\t\t\t\t<\/div>\n\t\t\t\t<\/div>\n\t\t\t\t\t<\/div>\n\t\t<\/div>\n\t\t\t\t<div class=\"elementor-column elementor-col-50 elementor-inner-column elementor-element elementor-element-e8fc98a\" data-id=\"e8fc98a\" data-element_type=\"column\">\n\t\t\t<div class=\"elementor-widget-wrap elementor-element-populated\">\n\t\t\t\t\t\t<div class=\"elementor-element elementor-element-53c7ad3 elementor-widget elementor-widget-text-editor\" data-id=\"53c7ad3\" data-element_type=\"widget\" data-widget_type=\"text-editor.default\">\n\t\t\t\t<div class=\"elementor-widget-container\">\n\t\t\t\t\t\t\t\t\t<p>A1, B1<\/p>\t\t\t\t\t\t\t\t<\/div>\n\t\t\t\t<\/div>\n\t\t\t\t\t<\/div>\n\t\t<\/div>\n\t\t\t\t\t<\/div>\n\t\t<\/section>\n\t\t\t\t\t<\/div>\n\t\t<\/div>\n\t\t\t\t\t<\/div>\n\t\t<\/section>\n\t\t\t\t<\/div>\n\t\t","protected":false},"excerpt":{"rendered":"<p>Bobrava\u00ae III D400 Einlaufrost aus Gusseisen mit den Abmessungen 500 x 500 mm und EPDM-Dichtung, durch Eigengewicht gesichert; die Konstruktion des Einlaufrosts entspricht der Norm DIN 19583; die Baugruppe ist f\u00fcr eine Last von D400 ausgelegt und wird auf einem DN450-Ablauf montiert. Das Einlaufgitter dient dazu, Wasser in einen Regenwasserkanal oder Schacht abzuleiten und eignet [&hellip;]<\/p>\n","protected":false},"author":16,"featured_media":0,"parent":0,"menu_order":0,"comment_status":"closed","ping_status":"closed","template":"","meta":{"footnotes":""},"class_list":["post-5136","page","type-page","status-publish","hentry"],"yoast_head":"<!-- This site is optimized with the Yoast SEO plugin v26.2 - https:\/\/yoast.com\/wordpress\/plugins\/seo\/ -->\n<title>Bobrava\u00ae III D400 \u2013 Einlaufrost aus Gusseisen mit EPDM-Dichtung | KOGA Bau<\/title>\n<meta name=\"description\" content=\"Einlaufrost aus Gusseisen Bobrava\u00ae III D400 mit EPDM-Dichtung und DN 450-Sitz, Last D400. Ideal f\u00fcr Stra\u00dfen, Parkpl\u00e4tze und Lagerfl\u00e4chen gem\u00e4\u00df DIN 19583.\" \/>\n<meta name=\"robots\" content=\"noindex, follow, max-snippet:-1, max-image-preview:large, max-video-preview:-1\" \/>\n<meta property=\"og:locale\" content=\"de_DE\" \/>\n<meta property=\"og:type\" content=\"article\" \/>\n<meta property=\"og:title\" content=\"Bobrava\u00ae III D400 \u2013 Einlaufrost aus Gusseisen mit EPDM-Dichtung | KOGA Bau\" \/>\n<meta property=\"og:description\" content=\"Einlaufrost aus Gusseisen Bobrava\u00ae III D400 mit EPDM-Dichtung und DN 450-Sitz, Last D400. Ideal f\u00fcr Stra\u00dfen, Parkpl\u00e4tze und Lagerfl\u00e4chen gem\u00e4\u00df DIN 19583.\" \/>\n<meta property=\"og:url\" content=\"https:\/\/kogabau.facilitytest.sk\/de\/bobrava-iii-d400\/\" \/>\n<meta property=\"og:site_name\" content=\"KOGABAU\" \/>\n<meta property=\"article:modified_time\" content=\"2025-11-09T09:39:57+00:00\" \/>\n<meta property=\"og:image\" content=\"https:\/\/kogabau.facilitytest.sk\/wp-content\/uploads\/2025\/10\/KoGaBau-Bobrava-III-D400-.png\" \/>\n\t<meta property=\"og:image:width\" content=\"575\" \/>\n\t<meta property=\"og:image:height\" content=\"580\" \/>\n\t<meta property=\"og:image:type\" content=\"image\/png\" \/>\n<meta name=\"twitter:card\" content=\"summary_large_image\" \/>\n<script type=\"application\/ld+json\" class=\"yoast-schema-graph\">{\"@context\":\"https:\/\/schema.org\",\"@graph\":[{\"@type\":\"WebPage\",\"@id\":\"https:\/\/kogabau.facilitytest.sk\/de\/bobrava-iii-d400\/\",\"url\":\"https:\/\/kogabau.facilitytest.sk\/de\/bobrava-iii-d400\/\",\"name\":\"Bobrava\u00ae III D400 \u2013 Einlaufrost aus Gusseisen mit EPDM-Dichtung | KOGA Bau\",\"isPartOf\":{\"@id\":\"https:\/\/kogabau.facilitytest.sk\/de\/#website\"},\"primaryImageOfPage\":{\"@id\":\"https:\/\/kogabau.facilitytest.sk\/de\/bobrava-iii-d400\/#primaryimage\"},\"image\":{\"@id\":\"https:\/\/kogabau.facilitytest.sk\/de\/bobrava-iii-d400\/#primaryimage\"},\"thumbnailUrl\":\"https:\/\/kogabau.facilitytest.sk\/wp-content\/uploads\/2025\/10\/KoGaBau-Bobrava-III-D400-.png\",\"datePublished\":\"2025-10-12T16:43:17+00:00\",\"dateModified\":\"2025-11-09T09:39:57+00:00\",\"description\":\"Einlaufrost aus Gusseisen Bobrava\u00ae III D400 mit EPDM-Dichtung und DN 450-Sitz, Last D400. Ideal f\u00fcr Stra\u00dfen, Parkpl\u00e4tze und Lagerfl\u00e4chen gem\u00e4\u00df DIN 19583.\",\"breadcrumb\":{\"@id\":\"https:\/\/kogabau.facilitytest.sk\/de\/bobrava-iii-d400\/#breadcrumb\"},\"inLanguage\":\"de\",\"potentialAction\":[{\"@type\":\"ReadAction\",\"target\":[\"https:\/\/kogabau.facilitytest.sk\/de\/bobrava-iii-d400\/\"]}]},{\"@type\":\"ImageObject\",\"inLanguage\":\"de\",\"@id\":\"https:\/\/kogabau.facilitytest.sk\/de\/bobrava-iii-d400\/#primaryimage\",\"url\":\"https:\/\/kogabau.facilitytest.sk\/wp-content\/uploads\/2025\/10\/KoGaBau-Bobrava-III-D400-.png\",\"contentUrl\":\"https:\/\/kogabau.facilitytest.sk\/wp-content\/uploads\/2025\/10\/KoGaBau-Bobrava-III-D400-.png\"},{\"@type\":\"BreadcrumbList\",\"@id\":\"https:\/\/kogabau.facilitytest.sk\/de\/bobrava-iii-d400\/#breadcrumb\",\"itemListElement\":[{\"@type\":\"ListItem\",\"position\":1,\"name\":\"Home\",\"item\":\"https:\/\/kogabau.facilitytest.sk\/de\/\"},{\"@type\":\"ListItem\",\"position\":2,\"name\":\"Bobrava III D400\"}]},{\"@type\":\"WebSite\",\"@id\":\"https:\/\/kogabau.facilitytest.sk\/de\/#website\",\"url\":\"https:\/\/kogabau.facilitytest.sk\/de\/\",\"name\":\"KOGABAU\",\"description\":\"\",\"publisher\":{\"@id\":\"https:\/\/kogabau.facilitytest.sk\/de\/#organization\"},\"potentialAction\":[{\"@type\":\"SearchAction\",\"target\":{\"@type\":\"EntryPoint\",\"urlTemplate\":\"https:\/\/kogabau.facilitytest.sk\/de\/?s={search_term_string}\"},\"query-input\":{\"@type\":\"PropertyValueSpecification\",\"valueRequired\":true,\"valueName\":\"search_term_string\"}}],\"inLanguage\":\"de\"},{\"@type\":\"Organization\",\"@id\":\"https:\/\/kogabau.facilitytest.sk\/de\/#organization\",\"name\":\"KOGABAU\",\"url\":\"https:\/\/kogabau.facilitytest.sk\/de\/\",\"logo\":{\"@type\":\"ImageObject\",\"inLanguage\":\"de\",\"@id\":\"https:\/\/kogabau.facilitytest.sk\/de\/#\/schema\/logo\/image\/\",\"url\":\"https:\/\/kogabau.facilitytest.sk\/wp-content\/uploads\/2021\/02\/KOGA-BAU-logo-cierne.png\",\"contentUrl\":\"https:\/\/kogabau.facilitytest.sk\/wp-content\/uploads\/2021\/02\/KOGA-BAU-logo-cierne.png\",\"width\":516,\"height\":66,\"caption\":\"KOGABAU\"},\"image\":{\"@id\":\"https:\/\/kogabau.facilitytest.sk\/de\/#\/schema\/logo\/image\/\"}}]}<\/script>\n<!-- \/ Yoast SEO plugin. -->","yoast_head_json":{"title":"Bobrava\u00ae III D400 \u2013 Einlaufrost aus Gusseisen mit EPDM-Dichtung | KOGA Bau","description":"Einlaufrost aus Gusseisen Bobrava\u00ae III D400 mit EPDM-Dichtung und DN 450-Sitz, Last D400. Ideal f\u00fcr Stra\u00dfen, Parkpl\u00e4tze und Lagerfl\u00e4chen gem\u00e4\u00df DIN 19583.","robots":{"index":"noindex","follow":"follow","max-snippet":"max-snippet:-1","max-image-preview":"max-image-preview:large","max-video-preview":"max-video-preview:-1"},"og_locale":"de_DE","og_type":"article","og_title":"Bobrava\u00ae III D400 \u2013 Einlaufrost aus Gusseisen mit EPDM-Dichtung | KOGA Bau","og_description":"Einlaufrost aus Gusseisen Bobrava\u00ae III D400 mit EPDM-Dichtung und DN 450-Sitz, Last D400. Ideal f\u00fcr Stra\u00dfen, Parkpl\u00e4tze und Lagerfl\u00e4chen gem\u00e4\u00df DIN 19583.","og_url":"https:\/\/kogabau.facilitytest.sk\/de\/bobrava-iii-d400\/","og_site_name":"KOGABAU","article_modified_time":"2025-11-09T09:39:57+00:00","og_image":[{"width":575,"height":580,"url":"https:\/\/kogabau.facilitytest.sk\/wp-content\/uploads\/2025\/10\/KoGaBau-Bobrava-III-D400-.png","type":"image\/png"}],"twitter_card":"summary_large_image","schema":{"@context":"https:\/\/schema.org","@graph":[{"@type":"WebPage","@id":"https:\/\/kogabau.facilitytest.sk\/de\/bobrava-iii-d400\/","url":"https:\/\/kogabau.facilitytest.sk\/de\/bobrava-iii-d400\/","name":"Bobrava\u00ae III D400 \u2013 Einlaufrost aus Gusseisen mit EPDM-Dichtung | KOGA Bau","isPartOf":{"@id":"https:\/\/kogabau.facilitytest.sk\/de\/#website"},"primaryImageOfPage":{"@id":"https:\/\/kogabau.facilitytest.sk\/de\/bobrava-iii-d400\/#primaryimage"},"image":{"@id":"https:\/\/kogabau.facilitytest.sk\/de\/bobrava-iii-d400\/#primaryimage"},"thumbnailUrl":"https:\/\/kogabau.facilitytest.sk\/wp-content\/uploads\/2025\/10\/KoGaBau-Bobrava-III-D400-.png","datePublished":"2025-10-12T16:43:17+00:00","dateModified":"2025-11-09T09:39:57+00:00","description":"Einlaufrost aus Gusseisen Bobrava\u00ae III D400 mit EPDM-Dichtung und DN 450-Sitz, Last D400. Ideal f\u00fcr Stra\u00dfen, Parkpl\u00e4tze und Lagerfl\u00e4chen gem\u00e4\u00df DIN 19583.","breadcrumb":{"@id":"https:\/\/kogabau.facilitytest.sk\/de\/bobrava-iii-d400\/#breadcrumb"},"inLanguage":"de","potentialAction":[{"@type":"ReadAction","target":["https:\/\/kogabau.facilitytest.sk\/de\/bobrava-iii-d400\/"]}]},{"@type":"ImageObject","inLanguage":"de","@id":"https:\/\/kogabau.facilitytest.sk\/de\/bobrava-iii-d400\/#primaryimage","url":"https:\/\/kogabau.facilitytest.sk\/wp-content\/uploads\/2025\/10\/KoGaBau-Bobrava-III-D400-.png","contentUrl":"https:\/\/kogabau.facilitytest.sk\/wp-content\/uploads\/2025\/10\/KoGaBau-Bobrava-III-D400-.png"},{"@type":"BreadcrumbList","@id":"https:\/\/kogabau.facilitytest.sk\/de\/bobrava-iii-d400\/#breadcrumb","itemListElement":[{"@type":"ListItem","position":1,"name":"Home","item":"https:\/\/kogabau.facilitytest.sk\/de\/"},{"@type":"ListItem","position":2,"name":"Bobrava III D400"}]},{"@type":"WebSite","@id":"https:\/\/kogabau.facilitytest.sk\/de\/#website","url":"https:\/\/kogabau.facilitytest.sk\/de\/","name":"KOGABAU","description":"","publisher":{"@id":"https:\/\/kogabau.facilitytest.sk\/de\/#organization"},"potentialAction":[{"@type":"SearchAction","target":{"@type":"EntryPoint","urlTemplate":"https:\/\/kogabau.facilitytest.sk\/de\/?s={search_term_string}"},"query-input":{"@type":"PropertyValueSpecification","valueRequired":true,"valueName":"search_term_string"}}],"inLanguage":"de"},{"@type":"Organization","@id":"https:\/\/kogabau.facilitytest.sk\/de\/#organization","name":"KOGABAU","url":"https:\/\/kogabau.facilitytest.sk\/de\/","logo":{"@type":"ImageObject","inLanguage":"de","@id":"https:\/\/kogabau.facilitytest.sk\/de\/#\/schema\/logo\/image\/","url":"https:\/\/kogabau.facilitytest.sk\/wp-content\/uploads\/2021\/02\/KOGA-BAU-logo-cierne.png","contentUrl":"https:\/\/kogabau.facilitytest.sk\/wp-content\/uploads\/2021\/02\/KOGA-BAU-logo-cierne.png","width":516,"height":66,"caption":"KOGABAU"},"image":{"@id":"https:\/\/kogabau.facilitytest.sk\/de\/#\/schema\/logo\/image\/"}}]}},"_links":{"self":[{"href":"https:\/\/kogabau.facilitytest.sk\/de\/wp-json\/wp\/v2\/pages\/5136","targetHints":{"allow":["GET"]}}],"collection":[{"href":"https:\/\/kogabau.facilitytest.sk\/de\/wp-json\/wp\/v2\/pages"}],"about":[{"href":"https:\/\/kogabau.facilitytest.sk\/de\/wp-json\/wp\/v2\/types\/page"}],"author":[{"embeddable":true,"href":"https:\/\/kogabau.facilitytest.sk\/de\/wp-json\/wp\/v2\/users\/16"}],"replies":[{"embeddable":true,"href":"https:\/\/kogabau.facilitytest.sk\/de\/wp-json\/wp\/v2\/comments?post=5136"}],"version-history":[{"count":2,"href":"https:\/\/kogabau.facilitytest.sk\/de\/wp-json\/wp\/v2\/pages\/5136\/revisions"}],"predecessor-version":[{"id":8279,"href":"https:\/\/kogabau.facilitytest.sk\/de\/wp-json\/wp\/v2\/pages\/5136\/revisions\/8279"}],"wp:attachment":[{"href":"https:\/\/kogabau.facilitytest.sk\/de\/wp-json\/wp\/v2\/media?parent=5136"}],"curies":[{"name":"wp","href":"https:\/\/api.w.org\/{rel}","templated":true}]}}