{"id":5130,"date":"2025-10-12T18:19:29","date_gmt":"2025-10-12T16:19:29","guid":{"rendered":"https:\/\/kogabau.facilitytest.sk\/bobrava-d400\/"},"modified":"2025-11-09T10:37:37","modified_gmt":"2025-11-09T09:37:37","slug":"bobrava-d400","status":"publish","type":"page","link":"https:\/\/kogabau.facilitytest.sk\/de\/bobrava-d400\/","title":{"rendered":"Bobrava D400"},"content":{"rendered":"\t\t<div data-elementor-type=\"wp-page\" data-elementor-id=\"5130\" class=\"elementor elementor-5130 elementor-1330\" data-elementor-post-type=\"page\">\n\t\t\t\t\t\t<section class=\"elementor-section elementor-top-section elementor-element elementor-element-8c5cc58 elementor-section-boxed elementor-section-height-default elementor-section-height-default\" data-id=\"8c5cc58\" data-element_type=\"section\" data-settings=\"{&quot;background_background&quot;:&quot;classic&quot;}\">\n\t\t\t\t\t\t<div class=\"elementor-container elementor-column-gap-default\">\n\t\t\t\t\t<div class=\"elementor-column elementor-col-100 elementor-top-column elementor-element elementor-element-4c061b6\" data-id=\"4c061b6\" data-element_type=\"column\">\n\t\t\t<div class=\"elementor-widget-wrap elementor-element-populated\">\n\t\t\t\t\t\t<div class=\"elementor-element elementor-element-efc54a5 elementor-widget elementor-widget-spacer\" data-id=\"efc54a5\" data-element_type=\"widget\" data-widget_type=\"spacer.default\">\n\t\t\t\t<div class=\"elementor-widget-container\">\n\t\t\t\t\t\t\t<div class=\"elementor-spacer\">\n\t\t\t<div class=\"elementor-spacer-inner\"><\/div>\n\t\t<\/div>\n\t\t\t\t\t\t<\/div>\n\t\t\t\t<\/div>\n\t\t\t\t<div class=\"elementor-element elementor-element-db8ba8f elementor-widget elementor-widget-heading\" data-id=\"db8ba8f\" data-element_type=\"widget\" data-widget_type=\"heading.default\">\n\t\t\t\t<div class=\"elementor-widget-container\">\n\t\t\t\t\t<h1 class=\"elementor-heading-title elementor-size-default\">Bobrava\u00ae D400<\/h1>\t\t\t\t<\/div>\n\t\t\t\t<\/div>\n\t\t\t\t\t<\/div>\n\t\t<\/div>\n\t\t\t\t\t<\/div>\n\t\t<\/section>\n\t\t\t\t<section class=\"elementor-section elementor-top-section elementor-element elementor-element-6606034 elementor-reverse-tablet elementor-reverse-mobile elementor-section-boxed elementor-section-height-default elementor-section-height-default\" data-id=\"6606034\" data-element_type=\"section\" data-settings=\"{&quot;background_background&quot;:&quot;classic&quot;}\">\n\t\t\t\t\t\t<div class=\"elementor-container elementor-column-gap-default\">\n\t\t\t\t\t<div class=\"elementor-column elementor-col-50 elementor-top-column elementor-element elementor-element-ea36663\" data-id=\"ea36663\" data-element_type=\"column\">\n\t\t\t<div class=\"elementor-widget-wrap elementor-element-populated\">\n\t\t\t\t\t\t<div class=\"elementor-element elementor-element-b6169b0 elementor-widget elementor-widget-text-editor\" data-id=\"b6169b0\" data-element_type=\"widget\" data-widget_type=\"text-editor.default\">\n\t\t\t\t<div class=\"elementor-widget-container\">\n\t\t\t\t\t\t\t\t\t<p>Einlaufrost aus Gusseisen mit den Abmessungen 500\u00d7500 mm, befestigt mit einem Scharnier und einer Edelstahlschraube M16, montiert auf einem Abflussrohr DN 450, die Baugruppe ist f\u00fcr eine Belastung von D400 ausgelegt; der Rost kann mit einem Logo, Stadtwappen usw. erg\u00e4nzt werden.<\/p><p>Das Einlaufgitter mit Scharnier dient zum Ableiten von Wasser in einen Regenwasserkanal oder Schacht und eignet sich f\u00fcr stark frequentierte Stra\u00dfen wie Fahrspuren, Parkpl\u00e4tze und Lagerfl\u00e4chen. <\/p>\t\t\t\t\t\t\t\t<\/div>\n\t\t\t\t<\/div>\n\t\t\t\t\t<\/div>\n\t\t<\/div>\n\t\t\t\t<div class=\"elementor-column elementor-col-50 elementor-top-column elementor-element elementor-element-215eb55\" data-id=\"215eb55\" data-element_type=\"column\" data-settings=\"{&quot;background_background&quot;:&quot;classic&quot;}\">\n\t\t\t<div class=\"elementor-widget-wrap elementor-element-populated\">\n\t\t\t\t\t\t<div class=\"elementor-element elementor-element-4536708 elementor-widget elementor-widget-image\" data-id=\"4536708\" data-element_type=\"widget\" data-widget_type=\"image.default\">\n\t\t\t\t<div class=\"elementor-widget-container\">\n\t\t\t\t\t\t\t\t\t\t\t\t\t\t\t<img fetchpriority=\"high\" decoding=\"async\" width=\"575\" height=\"580\" src=\"https:\/\/kogabau.facilitytest.sk\/wp-content\/uploads\/2025\/10\/KoGaBau-Bobrava-D400.png\" class=\"attachment-full size-full wp-image-5129\" alt=\"\" srcset=\"https:\/\/kogabau.facilitytest.sk\/wp-content\/uploads\/2025\/10\/KoGaBau-Bobrava-D400.png 575w, https:\/\/kogabau.facilitytest.sk\/wp-content\/uploads\/2025\/10\/KoGaBau-Bobrava-D400-297x300.png 297w, https:\/\/kogabau.facilitytest.sk\/wp-content\/uploads\/2025\/10\/KoGaBau-Bobrava-D400-150x150.png 150w\" sizes=\"(max-width: 575px) 100vw, 575px\" \/>\t\t\t\t\t\t\t\t\t\t\t\t\t\t\t<\/div>\n\t\t\t\t<\/div>\n\t\t\t\t\t<\/div>\n\t\t<\/div>\n\t\t\t\t\t<\/div>\n\t\t<\/section>\n\t\t\t\t<section class=\"elementor-section elementor-top-section elementor-element elementor-element-c9cb1ff horizontale elementor-section-boxed elementor-section-height-default elementor-section-height-default\" data-id=\"c9cb1ff\" data-element_type=\"section\" data-settings=\"{&quot;background_background&quot;:&quot;classic&quot;}\">\n\t\t\t\t\t\t<div class=\"elementor-container elementor-column-gap-default\">\n\t\t\t\t\t<div class=\"elementor-column elementor-col-100 elementor-top-column elementor-element elementor-element-d34ca63\" data-id=\"d34ca63\" data-element_type=\"column\">\n\t\t\t<div class=\"elementor-widget-wrap elementor-element-populated\">\n\t\t\t\t\t\t<section class=\"elementor-section elementor-inner-section elementor-element elementor-element-a517724 elementor-section-boxed elementor-section-height-default elementor-section-height-default\" data-id=\"a517724\" data-element_type=\"section\" data-settings=\"{&quot;background_background&quot;:&quot;classic&quot;}\">\n\t\t\t\t\t\t<div class=\"elementor-container elementor-column-gap-default\">\n\t\t\t\t\t<div class=\"elementor-column elementor-col-50 elementor-inner-column elementor-element elementor-element-1aa5cdd\" data-id=\"1aa5cdd\" data-element_type=\"column\">\n\t\t\t<div class=\"elementor-widget-wrap elementor-element-populated\">\n\t\t\t\t\t\t<div class=\"elementor-element elementor-element-bd1ada0 elementor-widget elementor-widget-heading\" data-id=\"bd1ada0\" data-element_type=\"widget\" data-widget_type=\"heading.default\">\n\t\t\t\t<div class=\"elementor-widget-container\">\n\t\t\t\t\t<h2 class=\"elementor-heading-title elementor-size-default\">Normative Dimension<\/h2>\t\t\t\t<\/div>\n\t\t\t\t<\/div>\n\t\t\t\t\t<\/div>\n\t\t<\/div>\n\t\t\t\t<div class=\"elementor-column elementor-col-50 elementor-inner-column elementor-element elementor-element-789203b\" data-id=\"789203b\" data-element_type=\"column\">\n\t\t\t<div class=\"elementor-widget-wrap elementor-element-populated\">\n\t\t\t\t\t\t<div class=\"elementor-element elementor-element-89fade9 elementor-widget elementor-widget-text-editor\" data-id=\"89fade9\" data-element_type=\"widget\" data-widget_type=\"text-editor.default\">\n\t\t\t\t<div class=\"elementor-widget-container\">\n\t\t\t\t\t\t\t\t\t<p>500&#215;500<\/p>\t\t\t\t\t\t\t\t<\/div>\n\t\t\t\t<\/div>\n\t\t\t\t\t<\/div>\n\t\t<\/div>\n\t\t\t\t\t<\/div>\n\t\t<\/section>\n\t\t\t\t<section class=\"elementor-section elementor-inner-section elementor-element elementor-element-e3dbb02 elementor-section-boxed elementor-section-height-default elementor-section-height-default\" data-id=\"e3dbb02\" data-element_type=\"section\" data-settings=\"{&quot;background_background&quot;:&quot;classic&quot;}\">\n\t\t\t\t\t\t<div class=\"elementor-container elementor-column-gap-default\">\n\t\t\t\t\t<div class=\"elementor-column elementor-col-50 elementor-inner-column elementor-element elementor-element-2f92b88\" data-id=\"2f92b88\" data-element_type=\"column\">\n\t\t\t<div class=\"elementor-widget-wrap elementor-element-populated\">\n\t\t\t\t\t\t<div class=\"elementor-element elementor-element-6bb36f4 elementor-widget elementor-widget-heading\" data-id=\"6bb36f4\" data-element_type=\"widget\" data-widget_type=\"heading.default\">\n\t\t\t\t<div class=\"elementor-widget-container\">\n\t\t\t\t\t<h2 class=\"elementor-heading-title elementor-size-default\">Gewicht (kg)<\/h2>\t\t\t\t<\/div>\n\t\t\t\t<\/div>\n\t\t\t\t\t<\/div>\n\t\t<\/div>\n\t\t\t\t<div class=\"elementor-column elementor-col-50 elementor-inner-column elementor-element elementor-element-ef2f495\" data-id=\"ef2f495\" data-element_type=\"column\">\n\t\t\t<div class=\"elementor-widget-wrap elementor-element-populated\">\n\t\t\t\t\t\t<div class=\"elementor-element elementor-element-0ef96b1 elementor-widget elementor-widget-text-editor\" data-id=\"0ef96b1\" data-element_type=\"widget\" data-widget_type=\"text-editor.default\">\n\t\t\t\t<div class=\"elementor-widget-container\">\n\t\t\t\t\t\t\t\t\t<p>48<\/p>\t\t\t\t\t\t\t\t<\/div>\n\t\t\t\t<\/div>\n\t\t\t\t\t<\/div>\n\t\t<\/div>\n\t\t\t\t\t<\/div>\n\t\t<\/section>\n\t\t\t\t<section class=\"elementor-section elementor-inner-section elementor-element elementor-element-bd96e6b elementor-section-boxed elementor-section-height-default elementor-section-height-default\" data-id=\"bd96e6b\" data-element_type=\"section\" data-settings=\"{&quot;background_background&quot;:&quot;classic&quot;}\">\n\t\t\t\t\t\t<div class=\"elementor-container elementor-column-gap-default\">\n\t\t\t\t\t<div class=\"elementor-column elementor-col-50 elementor-inner-column elementor-element elementor-element-ef12feb\" data-id=\"ef12feb\" data-element_type=\"column\">\n\t\t\t<div class=\"elementor-widget-wrap elementor-element-populated\">\n\t\t\t\t\t\t<div class=\"elementor-element elementor-element-7e402e5 elementor-widget elementor-widget-heading\" data-id=\"7e402e5\" data-element_type=\"widget\" data-widget_type=\"heading.default\">\n\t\t\t\t<div class=\"elementor-widget-container\">\n\t\t\t\t\t<h2 class=\"elementor-heading-title elementor-size-default\">H\u00f6he (mm)<\/h2>\t\t\t\t<\/div>\n\t\t\t\t<\/div>\n\t\t\t\t\t<\/div>\n\t\t<\/div>\n\t\t\t\t<div class=\"elementor-column elementor-col-50 elementor-inner-column elementor-element elementor-element-7cdcbdd\" data-id=\"7cdcbdd\" data-element_type=\"column\">\n\t\t\t<div class=\"elementor-widget-wrap elementor-element-populated\">\n\t\t\t\t\t\t<div class=\"elementor-element elementor-element-9dd08b3 elementor-widget elementor-widget-text-editor\" data-id=\"9dd08b3\" data-element_type=\"widget\" data-widget_type=\"text-editor.default\">\n\t\t\t\t<div class=\"elementor-widget-container\">\n\t\t\t\t\t\t\t\t\t<p>100<\/p>\t\t\t\t\t\t\t\t<\/div>\n\t\t\t\t<\/div>\n\t\t\t\t\t<\/div>\n\t\t<\/div>\n\t\t\t\t\t<\/div>\n\t\t<\/section>\n\t\t\t\t<section class=\"elementor-section elementor-inner-section elementor-element elementor-element-da037a7 elementor-section-boxed elementor-section-height-default elementor-section-height-default\" data-id=\"da037a7\" data-element_type=\"section\" data-settings=\"{&quot;background_background&quot;:&quot;classic&quot;}\">\n\t\t\t\t\t\t<div class=\"elementor-container elementor-column-gap-default\">\n\t\t\t\t\t<div class=\"elementor-column elementor-col-50 elementor-inner-column elementor-element elementor-element-b961bdf\" data-id=\"b961bdf\" data-element_type=\"column\">\n\t\t\t<div class=\"elementor-widget-wrap elementor-element-populated\">\n\t\t\t\t\t\t<div class=\"elementor-element elementor-element-918317e elementor-widget elementor-widget-heading\" data-id=\"918317e\" data-element_type=\"widget\" data-widget_type=\"heading.default\">\n\t\t\t\t<div class=\"elementor-widget-container\">\n\t\t\t\t\t<h2 class=\"elementor-heading-title elementor-size-default\">\u00c4u\u00dfere Abmessung (mm x mm)<\/h2>\t\t\t\t<\/div>\n\t\t\t\t<\/div>\n\t\t\t\t\t<\/div>\n\t\t<\/div>\n\t\t\t\t<div class=\"elementor-column elementor-col-50 elementor-inner-column elementor-element elementor-element-8ee5814\" data-id=\"8ee5814\" data-element_type=\"column\">\n\t\t\t<div class=\"elementor-widget-wrap elementor-element-populated\">\n\t\t\t\t\t\t<div class=\"elementor-element elementor-element-c83439a elementor-widget elementor-widget-text-editor\" data-id=\"c83439a\" data-element_type=\"widget\" data-widget_type=\"text-editor.default\">\n\t\t\t\t<div class=\"elementor-widget-container\">\n\t\t\t\t\t\t\t\t\t<p>500&#215;500<\/p>\t\t\t\t\t\t\t\t<\/div>\n\t\t\t\t<\/div>\n\t\t\t\t\t<\/div>\n\t\t<\/div>\n\t\t\t\t\t<\/div>\n\t\t<\/section>\n\t\t\t\t<section class=\"elementor-section elementor-inner-section elementor-element elementor-element-c6766d0 elementor-section-boxed elementor-section-height-default elementor-section-height-default\" data-id=\"c6766d0\" data-element_type=\"section\" data-settings=\"{&quot;background_background&quot;:&quot;classic&quot;}\">\n\t\t\t\t\t\t<div class=\"elementor-container elementor-column-gap-default\">\n\t\t\t\t\t<div class=\"elementor-column elementor-col-50 elementor-inner-column elementor-element elementor-element-fd7867e\" data-id=\"fd7867e\" data-element_type=\"column\">\n\t\t\t<div class=\"elementor-widget-wrap elementor-element-populated\">\n\t\t\t\t\t\t<div class=\"elementor-element elementor-element-771f4e9 elementor-widget elementor-widget-heading\" data-id=\"771f4e9\" data-element_type=\"widget\" data-widget_type=\"heading.default\">\n\t\t\t\t<div class=\"elementor-widget-container\">\n\t\t\t\t\t<h2 class=\"elementor-heading-title elementor-size-default\">Lichte Abmessungen (mm x mm)<\/h2>\t\t\t\t<\/div>\n\t\t\t\t<\/div>\n\t\t\t\t\t<\/div>\n\t\t<\/div>\n\t\t\t\t<div class=\"elementor-column elementor-col-50 elementor-inner-column elementor-element elementor-element-8021fc1\" data-id=\"8021fc1\" data-element_type=\"column\">\n\t\t\t<div class=\"elementor-widget-wrap elementor-element-populated\">\n\t\t\t\t\t\t<div class=\"elementor-element elementor-element-160a73c elementor-widget elementor-widget-text-editor\" data-id=\"160a73c\" data-element_type=\"widget\" data-widget_type=\"text-editor.default\">\n\t\t\t\t<div class=\"elementor-widget-container\">\n\t\t\t\t\t\t\t\t\t<p>470&#215;475<\/p>\t\t\t\t\t\t\t\t<\/div>\n\t\t\t\t<\/div>\n\t\t\t\t\t<\/div>\n\t\t<\/div>\n\t\t\t\t\t<\/div>\n\t\t<\/section>\n\t\t\t\t<section class=\"elementor-section elementor-inner-section elementor-element elementor-element-435a51a elementor-section-boxed elementor-section-height-default elementor-section-height-default\" data-id=\"435a51a\" data-element_type=\"section\" data-settings=\"{&quot;background_background&quot;:&quot;classic&quot;}\">\n\t\t\t\t\t\t<div class=\"elementor-container elementor-column-gap-default\">\n\t\t\t\t\t<div class=\"elementor-column elementor-col-50 elementor-inner-column elementor-element elementor-element-e220d96\" data-id=\"e220d96\" data-element_type=\"column\">\n\t\t\t<div class=\"elementor-widget-wrap elementor-element-populated\">\n\t\t\t\t\t\t<div class=\"elementor-element elementor-element-42db17c elementor-widget elementor-widget-heading\" data-id=\"42db17c\" data-element_type=\"widget\" data-widget_type=\"heading.default\">\n\t\t\t\t<div class=\"elementor-widget-container\">\n\t\t\t\t\t<h2 class=\"elementor-heading-title elementor-size-default\">Korbmontage<\/h2>\t\t\t\t<\/div>\n\t\t\t\t<\/div>\n\t\t\t\t\t<\/div>\n\t\t<\/div>\n\t\t\t\t<div class=\"elementor-column elementor-col-50 elementor-inner-column elementor-element elementor-element-399f133\" data-id=\"399f133\" data-element_type=\"column\">\n\t\t\t<div class=\"elementor-widget-wrap elementor-element-populated\">\n\t\t\t\t\t\t<div class=\"elementor-element elementor-element-e2f60f3 elementor-widget elementor-widget-text-editor\" data-id=\"e2f60f3\" data-element_type=\"widget\" data-widget_type=\"text-editor.default\">\n\t\t\t\t<div class=\"elementor-widget-container\">\n\t\t\t\t\t\t\t\t\t<p>A4, B1<\/p>\t\t\t\t\t\t\t\t<\/div>\n\t\t\t\t<\/div>\n\t\t\t\t\t<\/div>\n\t\t<\/div>\n\t\t\t\t\t<\/div>\n\t\t<\/section>\n\t\t\t\t\t<\/div>\n\t\t<\/div>\n\t\t\t\t\t<\/div>\n\t\t<\/section>\n\t\t\t\t<\/div>\n\t\t","protected":false},"excerpt":{"rendered":"<p>Bobrava\u00ae D400 Einlaufrost aus Gusseisen mit den Abmessungen 500\u00d7500 mm, befestigt mit einem Scharnier und einer Edelstahlschraube M16, montiert auf einem Abflussrohr DN 450, die Baugruppe ist f\u00fcr eine Belastung von D400 ausgelegt; der Rost kann mit einem Logo, Stadtwappen usw. erg\u00e4nzt werden. Das Einlaufgitter mit Scharnier dient zum Ableiten von Wasser in einen Regenwasserkanal [&hellip;]<\/p>\n","protected":false},"author":16,"featured_media":0,"parent":0,"menu_order":0,"comment_status":"closed","ping_status":"closed","template":"","meta":{"footnotes":""},"class_list":["post-5130","page","type-page","status-publish","hentry"],"yoast_head":"<!-- This site is optimized with the Yoast SEO plugin v26.2 - https:\/\/yoast.com\/wordpress\/plugins\/seo\/ -->\n<title>Bobrava\u00ae D400 \u2013 Einlaufrost aus Gusseisen 500\u00d7500 f\u00fcr Stra\u00dfen | KOGA Bau<\/title>\n<meta name=\"description\" content=\"Einlaufrost Bobrava\u00ae D400 aus Gusseisen mit Scharnier und Edelstahlschraube, DN 450-Anschluss. Tragf\u00e4higkeit D400, geeignet f\u00fcr Stra\u00dfen, Parkpl\u00e4tze und Lagerfl\u00e4chen, optional mit Ihrem eigenen Logo.\" \/>\n<meta name=\"robots\" content=\"noindex, follow, max-snippet:-1, max-image-preview:large, max-video-preview:-1\" \/>\n<meta property=\"og:locale\" content=\"de_DE\" \/>\n<meta property=\"og:type\" content=\"article\" \/>\n<meta property=\"og:title\" content=\"Bobrava\u00ae D400 \u2013 Einlaufrost aus Gusseisen 500\u00d7500 f\u00fcr Stra\u00dfen | KOGA Bau\" \/>\n<meta property=\"og:description\" content=\"Einlaufrost Bobrava\u00ae D400 aus Gusseisen mit Scharnier und Edelstahlschraube, DN 450-Anschluss. Tragf\u00e4higkeit D400, geeignet f\u00fcr Stra\u00dfen, Parkpl\u00e4tze und Lagerfl\u00e4chen, optional mit Ihrem eigenen Logo.\" \/>\n<meta property=\"og:url\" content=\"https:\/\/kogabau.facilitytest.sk\/de\/bobrava-d400\/\" \/>\n<meta property=\"og:site_name\" content=\"KOGABAU\" \/>\n<meta property=\"article:modified_time\" content=\"2025-11-09T09:37:37+00:00\" \/>\n<meta property=\"og:image\" content=\"https:\/\/kogabau.facilitytest.sk\/wp-content\/uploads\/2025\/10\/KoGaBau-Bobrava-D400.png\" \/>\n\t<meta property=\"og:image:width\" content=\"575\" \/>\n\t<meta property=\"og:image:height\" content=\"580\" \/>\n\t<meta property=\"og:image:type\" content=\"image\/png\" \/>\n<meta name=\"twitter:card\" content=\"summary_large_image\" \/>\n<script type=\"application\/ld+json\" class=\"yoast-schema-graph\">{\"@context\":\"https:\/\/schema.org\",\"@graph\":[{\"@type\":\"WebPage\",\"@id\":\"https:\/\/kogabau.facilitytest.sk\/de\/bobrava-d400\/\",\"url\":\"https:\/\/kogabau.facilitytest.sk\/de\/bobrava-d400\/\",\"name\":\"Bobrava\u00ae D400 \u2013 Einlaufrost aus Gusseisen 500\u00d7500 f\u00fcr Stra\u00dfen | KOGA Bau\",\"isPartOf\":{\"@id\":\"https:\/\/kogabau.facilitytest.sk\/de\/#website\"},\"primaryImageOfPage\":{\"@id\":\"https:\/\/kogabau.facilitytest.sk\/de\/bobrava-d400\/#primaryimage\"},\"image\":{\"@id\":\"https:\/\/kogabau.facilitytest.sk\/de\/bobrava-d400\/#primaryimage\"},\"thumbnailUrl\":\"https:\/\/kogabau.facilitytest.sk\/wp-content\/uploads\/2025\/10\/KoGaBau-Bobrava-D400.png\",\"datePublished\":\"2025-10-12T16:19:29+00:00\",\"dateModified\":\"2025-11-09T09:37:37+00:00\",\"description\":\"Einlaufrost Bobrava\u00ae D400 aus Gusseisen mit Scharnier und Edelstahlschraube, DN 450-Anschluss. Tragf\u00e4higkeit D400, geeignet f\u00fcr Stra\u00dfen, Parkpl\u00e4tze und Lagerfl\u00e4chen, optional mit Ihrem eigenen Logo.\",\"breadcrumb\":{\"@id\":\"https:\/\/kogabau.facilitytest.sk\/de\/bobrava-d400\/#breadcrumb\"},\"inLanguage\":\"de\",\"potentialAction\":[{\"@type\":\"ReadAction\",\"target\":[\"https:\/\/kogabau.facilitytest.sk\/de\/bobrava-d400\/\"]}]},{\"@type\":\"ImageObject\",\"inLanguage\":\"de\",\"@id\":\"https:\/\/kogabau.facilitytest.sk\/de\/bobrava-d400\/#primaryimage\",\"url\":\"https:\/\/kogabau.facilitytest.sk\/wp-content\/uploads\/2025\/10\/KoGaBau-Bobrava-D400.png\",\"contentUrl\":\"https:\/\/kogabau.facilitytest.sk\/wp-content\/uploads\/2025\/10\/KoGaBau-Bobrava-D400.png\"},{\"@type\":\"BreadcrumbList\",\"@id\":\"https:\/\/kogabau.facilitytest.sk\/de\/bobrava-d400\/#breadcrumb\",\"itemListElement\":[{\"@type\":\"ListItem\",\"position\":1,\"name\":\"Home\",\"item\":\"https:\/\/kogabau.facilitytest.sk\/de\/\"},{\"@type\":\"ListItem\",\"position\":2,\"name\":\"Bobrava D400\"}]},{\"@type\":\"WebSite\",\"@id\":\"https:\/\/kogabau.facilitytest.sk\/de\/#website\",\"url\":\"https:\/\/kogabau.facilitytest.sk\/de\/\",\"name\":\"KOGABAU\",\"description\":\"\",\"publisher\":{\"@id\":\"https:\/\/kogabau.facilitytest.sk\/de\/#organization\"},\"potentialAction\":[{\"@type\":\"SearchAction\",\"target\":{\"@type\":\"EntryPoint\",\"urlTemplate\":\"https:\/\/kogabau.facilitytest.sk\/de\/?s={search_term_string}\"},\"query-input\":{\"@type\":\"PropertyValueSpecification\",\"valueRequired\":true,\"valueName\":\"search_term_string\"}}],\"inLanguage\":\"de\"},{\"@type\":\"Organization\",\"@id\":\"https:\/\/kogabau.facilitytest.sk\/de\/#organization\",\"name\":\"KOGABAU\",\"url\":\"https:\/\/kogabau.facilitytest.sk\/de\/\",\"logo\":{\"@type\":\"ImageObject\",\"inLanguage\":\"de\",\"@id\":\"https:\/\/kogabau.facilitytest.sk\/de\/#\/schema\/logo\/image\/\",\"url\":\"https:\/\/kogabau.facilitytest.sk\/wp-content\/uploads\/2021\/02\/KOGA-BAU-logo-cierne.png\",\"contentUrl\":\"https:\/\/kogabau.facilitytest.sk\/wp-content\/uploads\/2021\/02\/KOGA-BAU-logo-cierne.png\",\"width\":516,\"height\":66,\"caption\":\"KOGABAU\"},\"image\":{\"@id\":\"https:\/\/kogabau.facilitytest.sk\/de\/#\/schema\/logo\/image\/\"}}]}<\/script>\n<!-- \/ Yoast SEO plugin. -->","yoast_head_json":{"title":"Bobrava\u00ae D400 \u2013 Einlaufrost aus Gusseisen 500\u00d7500 f\u00fcr Stra\u00dfen | KOGA Bau","description":"Einlaufrost Bobrava\u00ae D400 aus Gusseisen mit Scharnier und Edelstahlschraube, DN 450-Anschluss. Tragf\u00e4higkeit D400, geeignet f\u00fcr Stra\u00dfen, Parkpl\u00e4tze und Lagerfl\u00e4chen, optional mit Ihrem eigenen Logo.","robots":{"index":"noindex","follow":"follow","max-snippet":"max-snippet:-1","max-image-preview":"max-image-preview:large","max-video-preview":"max-video-preview:-1"},"og_locale":"de_DE","og_type":"article","og_title":"Bobrava\u00ae D400 \u2013 Einlaufrost aus Gusseisen 500\u00d7500 f\u00fcr Stra\u00dfen | KOGA Bau","og_description":"Einlaufrost Bobrava\u00ae D400 aus Gusseisen mit Scharnier und Edelstahlschraube, DN 450-Anschluss. Tragf\u00e4higkeit D400, geeignet f\u00fcr Stra\u00dfen, Parkpl\u00e4tze und Lagerfl\u00e4chen, optional mit Ihrem eigenen Logo.","og_url":"https:\/\/kogabau.facilitytest.sk\/de\/bobrava-d400\/","og_site_name":"KOGABAU","article_modified_time":"2025-11-09T09:37:37+00:00","og_image":[{"width":575,"height":580,"url":"https:\/\/kogabau.facilitytest.sk\/wp-content\/uploads\/2025\/10\/KoGaBau-Bobrava-D400.png","type":"image\/png"}],"twitter_card":"summary_large_image","schema":{"@context":"https:\/\/schema.org","@graph":[{"@type":"WebPage","@id":"https:\/\/kogabau.facilitytest.sk\/de\/bobrava-d400\/","url":"https:\/\/kogabau.facilitytest.sk\/de\/bobrava-d400\/","name":"Bobrava\u00ae D400 \u2013 Einlaufrost aus Gusseisen 500\u00d7500 f\u00fcr Stra\u00dfen | KOGA Bau","isPartOf":{"@id":"https:\/\/kogabau.facilitytest.sk\/de\/#website"},"primaryImageOfPage":{"@id":"https:\/\/kogabau.facilitytest.sk\/de\/bobrava-d400\/#primaryimage"},"image":{"@id":"https:\/\/kogabau.facilitytest.sk\/de\/bobrava-d400\/#primaryimage"},"thumbnailUrl":"https:\/\/kogabau.facilitytest.sk\/wp-content\/uploads\/2025\/10\/KoGaBau-Bobrava-D400.png","datePublished":"2025-10-12T16:19:29+00:00","dateModified":"2025-11-09T09:37:37+00:00","description":"Einlaufrost Bobrava\u00ae D400 aus Gusseisen mit Scharnier und Edelstahlschraube, DN 450-Anschluss. Tragf\u00e4higkeit D400, geeignet f\u00fcr Stra\u00dfen, Parkpl\u00e4tze und Lagerfl\u00e4chen, optional mit Ihrem eigenen Logo.","breadcrumb":{"@id":"https:\/\/kogabau.facilitytest.sk\/de\/bobrava-d400\/#breadcrumb"},"inLanguage":"de","potentialAction":[{"@type":"ReadAction","target":["https:\/\/kogabau.facilitytest.sk\/de\/bobrava-d400\/"]}]},{"@type":"ImageObject","inLanguage":"de","@id":"https:\/\/kogabau.facilitytest.sk\/de\/bobrava-d400\/#primaryimage","url":"https:\/\/kogabau.facilitytest.sk\/wp-content\/uploads\/2025\/10\/KoGaBau-Bobrava-D400.png","contentUrl":"https:\/\/kogabau.facilitytest.sk\/wp-content\/uploads\/2025\/10\/KoGaBau-Bobrava-D400.png"},{"@type":"BreadcrumbList","@id":"https:\/\/kogabau.facilitytest.sk\/de\/bobrava-d400\/#breadcrumb","itemListElement":[{"@type":"ListItem","position":1,"name":"Home","item":"https:\/\/kogabau.facilitytest.sk\/de\/"},{"@type":"ListItem","position":2,"name":"Bobrava D400"}]},{"@type":"WebSite","@id":"https:\/\/kogabau.facilitytest.sk\/de\/#website","url":"https:\/\/kogabau.facilitytest.sk\/de\/","name":"KOGABAU","description":"","publisher":{"@id":"https:\/\/kogabau.facilitytest.sk\/de\/#organization"},"potentialAction":[{"@type":"SearchAction","target":{"@type":"EntryPoint","urlTemplate":"https:\/\/kogabau.facilitytest.sk\/de\/?s={search_term_string}"},"query-input":{"@type":"PropertyValueSpecification","valueRequired":true,"valueName":"search_term_string"}}],"inLanguage":"de"},{"@type":"Organization","@id":"https:\/\/kogabau.facilitytest.sk\/de\/#organization","name":"KOGABAU","url":"https:\/\/kogabau.facilitytest.sk\/de\/","logo":{"@type":"ImageObject","inLanguage":"de","@id":"https:\/\/kogabau.facilitytest.sk\/de\/#\/schema\/logo\/image\/","url":"https:\/\/kogabau.facilitytest.sk\/wp-content\/uploads\/2021\/02\/KOGA-BAU-logo-cierne.png","contentUrl":"https:\/\/kogabau.facilitytest.sk\/wp-content\/uploads\/2021\/02\/KOGA-BAU-logo-cierne.png","width":516,"height":66,"caption":"KOGABAU"},"image":{"@id":"https:\/\/kogabau.facilitytest.sk\/de\/#\/schema\/logo\/image\/"}}]}},"_links":{"self":[{"href":"https:\/\/kogabau.facilitytest.sk\/de\/wp-json\/wp\/v2\/pages\/5130","targetHints":{"allow":["GET"]}}],"collection":[{"href":"https:\/\/kogabau.facilitytest.sk\/de\/wp-json\/wp\/v2\/pages"}],"about":[{"href":"https:\/\/kogabau.facilitytest.sk\/de\/wp-json\/wp\/v2\/types\/page"}],"author":[{"embeddable":true,"href":"https:\/\/kogabau.facilitytest.sk\/de\/wp-json\/wp\/v2\/users\/16"}],"replies":[{"embeddable":true,"href":"https:\/\/kogabau.facilitytest.sk\/de\/wp-json\/wp\/v2\/comments?post=5130"}],"version-history":[{"count":1,"href":"https:\/\/kogabau.facilitytest.sk\/de\/wp-json\/wp\/v2\/pages\/5130\/revisions"}],"predecessor-version":[{"id":5131,"href":"https:\/\/kogabau.facilitytest.sk\/de\/wp-json\/wp\/v2\/pages\/5130\/revisions\/5131"}],"wp:attachment":[{"href":"https:\/\/kogabau.facilitytest.sk\/de\/wp-json\/wp\/v2\/media?parent=5130"}],"curies":[{"name":"wp","href":"https:\/\/api.w.org\/{rel}","templated":true}]}}