{"id":5582,"date":"2025-10-13T09:44:22","date_gmt":"2025-10-13T07:44:22","guid":{"rendered":"https:\/\/kogabau.facilitytest.sk\/vah\/"},"modified":"2025-11-14T16:19:43","modified_gmt":"2025-11-14T15:19:43","slug":"vah","status":"publish","type":"page","link":"https:\/\/kogabau.facilitytest.sk\/cs\/vah\/","title":{"rendered":"Vah"},"content":{"rendered":"\t\t<div data-elementor-type=\"wp-page\" data-elementor-id=\"5582\" class=\"elementor elementor-5582 elementor-1558\" data-elementor-post-type=\"page\">\n\t\t\t\t\t\t<section class=\"elementor-section elementor-top-section elementor-element elementor-element-8c5cc58 elementor-section-boxed elementor-section-height-default elementor-section-height-default\" data-id=\"8c5cc58\" data-element_type=\"section\" data-settings=\"{&quot;background_background&quot;:&quot;classic&quot;}\">\n\t\t\t\t\t\t<div class=\"elementor-container elementor-column-gap-default\">\n\t\t\t\t\t<div class=\"elementor-column elementor-col-100 elementor-top-column elementor-element elementor-element-4c061b6\" data-id=\"4c061b6\" data-element_type=\"column\">\n\t\t\t<div class=\"elementor-widget-wrap elementor-element-populated\">\n\t\t\t\t\t\t<div class=\"elementor-element elementor-element-efc54a5 elementor-widget elementor-widget-spacer\" data-id=\"efc54a5\" data-element_type=\"widget\" data-widget_type=\"spacer.default\">\n\t\t\t\t<div class=\"elementor-widget-container\">\n\t\t\t\t\t\t\t<div class=\"elementor-spacer\">\n\t\t\t<div class=\"elementor-spacer-inner\"><\/div>\n\t\t<\/div>\n\t\t\t\t\t\t<\/div>\n\t\t\t\t<\/div>\n\t\t\t\t<div class=\"elementor-element elementor-element-db8ba8f elementor-widget elementor-widget-heading\" data-id=\"db8ba8f\" data-element_type=\"widget\" data-widget_type=\"heading.default\">\n\t\t\t\t<div class=\"elementor-widget-container\">\n\t\t\t\t\t<h1 class=\"elementor-heading-title elementor-size-default\">Vah\u00ae<\/h1>\t\t\t\t<\/div>\n\t\t\t\t<\/div>\n\t\t\t\t\t<\/div>\n\t\t<\/div>\n\t\t\t\t\t<\/div>\n\t\t<\/section>\n\t\t\t\t<section class=\"elementor-section elementor-top-section elementor-element elementor-element-6606034 elementor-reverse-tablet elementor-reverse-mobile elementor-section-boxed elementor-section-height-default elementor-section-height-default\" data-id=\"6606034\" data-element_type=\"section\" data-settings=\"{&quot;background_background&quot;:&quot;classic&quot;}\">\n\t\t\t\t\t\t<div class=\"elementor-container elementor-column-gap-default\">\n\t\t\t\t\t<div class=\"elementor-column elementor-col-50 elementor-top-column elementor-element elementor-element-ea36663\" data-id=\"ea36663\" data-element_type=\"column\">\n\t\t\t<div class=\"elementor-widget-wrap elementor-element-populated\">\n\t\t\t\t\t\t<div class=\"elementor-element elementor-element-b6169b0 elementor-widget elementor-widget-text-editor\" data-id=\"b6169b0\" data-element_type=\"widget\" data-widget_type=\"text-editor.default\">\n\t\t\t\t<div class=\"elementor-widget-container\">\n\t\t\t\t\t\t\t\t\t<p>Pou\u017e\u00edv\u00e1 se pro odvod vody do de\u0161\u0165ov\u00e9 vpusti nebo \u0161achty ve sv\u011btl\u00e9m rozm\u011bru DN600; je vhodn\u00e1 pro osazen\u00ed do st\u0159edn\u011b frekventovan\u00fdch provoz\u016f. Kruhov\u00e1 litinov\u00e1 vtokov\u00e1 m\u0159\u00ed\u017e v litinov\u00e9m r\u00e1mu s patkou a s pantem; EPDM t\u011bsn\u011bn\u00ed proti hluku; m\u0159\u00ed\u017e spl\u0148uje t\u0159\u00eddu zat\u00ed\u017een\u00ed D400. <\/p>\t\t\t\t\t\t\t\t<\/div>\n\t\t\t\t<\/div>\n\t\t\t\t\t<\/div>\n\t\t<\/div>\n\t\t\t\t<div class=\"elementor-column elementor-col-50 elementor-top-column elementor-element elementor-element-215eb55\" data-id=\"215eb55\" data-element_type=\"column\" data-settings=\"{&quot;background_background&quot;:&quot;classic&quot;}\">\n\t\t\t<div class=\"elementor-widget-wrap elementor-element-populated\">\n\t\t\t\t\t\t<div class=\"elementor-element elementor-element-4536708 elementor-widget elementor-widget-image\" data-id=\"4536708\" data-element_type=\"widget\" data-widget_type=\"image.default\">\n\t\t\t\t<div class=\"elementor-widget-container\">\n\t\t\t\t\t\t\t\t\t\t\t\t\t\t\t<img fetchpriority=\"high\" decoding=\"async\" width=\"575\" height=\"580\" src=\"https:\/\/kogabau.facilitytest.sk\/wp-content\/uploads\/2025\/10\/KoGaBau-Vah.png\" class=\"attachment-full size-full wp-image-4475\" alt=\"\" srcset=\"https:\/\/kogabau.facilitytest.sk\/wp-content\/uploads\/2025\/10\/KoGaBau-Vah.png 575w, https:\/\/kogabau.facilitytest.sk\/wp-content\/uploads\/2025\/10\/KoGaBau-Vah-297x300.png 297w, https:\/\/kogabau.facilitytest.sk\/wp-content\/uploads\/2025\/10\/KoGaBau-Vah-150x150.png 150w\" sizes=\"(max-width: 575px) 100vw, 575px\" \/>\t\t\t\t\t\t\t\t\t\t\t\t\t\t\t<\/div>\n\t\t\t\t<\/div>\n\t\t\t\t\t<\/div>\n\t\t<\/div>\n\t\t\t\t\t<\/div>\n\t\t<\/section>\n\t\t\t\t<section class=\"elementor-section elementor-top-section elementor-element elementor-element-7f532c8 horizontale elementor-section-boxed elementor-section-height-default elementor-section-height-default\" data-id=\"7f532c8\" data-element_type=\"section\" data-settings=\"{&quot;background_background&quot;:&quot;classic&quot;}\">\n\t\t\t\t\t\t<div class=\"elementor-container elementor-column-gap-default\">\n\t\t\t\t\t<div class=\"elementor-column elementor-col-100 elementor-top-column elementor-element elementor-element-8eabbcd\" data-id=\"8eabbcd\" data-element_type=\"column\">\n\t\t\t<div class=\"elementor-widget-wrap elementor-element-populated\">\n\t\t\t\t\t\t<section class=\"elementor-section elementor-inner-section elementor-element elementor-element-5e8f5b5 elementor-section-boxed elementor-section-height-default elementor-section-height-default\" data-id=\"5e8f5b5\" data-element_type=\"section\" data-settings=\"{&quot;background_background&quot;:&quot;classic&quot;}\">\n\t\t\t\t\t\t<div class=\"elementor-container elementor-column-gap-default\">\n\t\t\t\t\t<div class=\"elementor-column elementor-col-50 elementor-inner-column elementor-element elementor-element-746834a\" data-id=\"746834a\" data-element_type=\"column\">\n\t\t\t<div class=\"elementor-widget-wrap elementor-element-populated\">\n\t\t\t\t\t\t<div class=\"elementor-element elementor-element-78657aa elementor-widget elementor-widget-heading\" data-id=\"78657aa\" data-element_type=\"widget\" data-widget_type=\"heading.default\">\n\t\t\t\t<div class=\"elementor-widget-container\">\n\t\t\t\t\t<h2 class=\"elementor-heading-title elementor-size-default\">Hmotnost (kg)<\/h2>\t\t\t\t<\/div>\n\t\t\t\t<\/div>\n\t\t\t\t\t<\/div>\n\t\t<\/div>\n\t\t\t\t<div class=\"elementor-column elementor-col-50 elementor-inner-column elementor-element elementor-element-2a4d6c4\" data-id=\"2a4d6c4\" data-element_type=\"column\">\n\t\t\t<div class=\"elementor-widget-wrap elementor-element-populated\">\n\t\t\t\t\t\t<div class=\"elementor-element elementor-element-bd4d0bd elementor-widget elementor-widget-text-editor\" data-id=\"bd4d0bd\" data-element_type=\"widget\" data-widget_type=\"text-editor.default\">\n\t\t\t\t<div class=\"elementor-widget-container\">\n\t\t\t\t\t\t\t\t\t<p>55<\/p>\t\t\t\t\t\t\t\t<\/div>\n\t\t\t\t<\/div>\n\t\t\t\t\t<\/div>\n\t\t<\/div>\n\t\t\t\t\t<\/div>\n\t\t<\/section>\n\t\t\t\t<section class=\"elementor-section elementor-inner-section elementor-element elementor-element-af43d27 elementor-section-boxed elementor-section-height-default elementor-section-height-default\" data-id=\"af43d27\" data-element_type=\"section\" data-settings=\"{&quot;background_background&quot;:&quot;classic&quot;}\">\n\t\t\t\t\t\t<div class=\"elementor-container elementor-column-gap-default\">\n\t\t\t\t\t<div class=\"elementor-column elementor-col-50 elementor-inner-column elementor-element elementor-element-18fd001\" data-id=\"18fd001\" data-element_type=\"column\">\n\t\t\t<div class=\"elementor-widget-wrap elementor-element-populated\">\n\t\t\t\t\t\t<div class=\"elementor-element elementor-element-86d8686 elementor-widget elementor-widget-heading\" data-id=\"86d8686\" data-element_type=\"widget\" data-widget_type=\"heading.default\">\n\t\t\t\t<div class=\"elementor-widget-container\">\n\t\t\t\t\t<h2 class=\"elementor-heading-title elementor-size-default\">V\u00fd\u0161ka (mm)<\/h2>\t\t\t\t<\/div>\n\t\t\t\t<\/div>\n\t\t\t\t\t<\/div>\n\t\t<\/div>\n\t\t\t\t<div class=\"elementor-column elementor-col-50 elementor-inner-column elementor-element elementor-element-9f170a0\" data-id=\"9f170a0\" data-element_type=\"column\">\n\t\t\t<div class=\"elementor-widget-wrap elementor-element-populated\">\n\t\t\t\t\t\t<div class=\"elementor-element elementor-element-bebb2b4 elementor-widget elementor-widget-text-editor\" data-id=\"bebb2b4\" data-element_type=\"widget\" data-widget_type=\"text-editor.default\">\n\t\t\t\t<div class=\"elementor-widget-container\">\n\t\t\t\t\t\t\t\t\t<p>100<\/p>\t\t\t\t\t\t\t\t<\/div>\n\t\t\t\t<\/div>\n\t\t\t\t\t<\/div>\n\t\t<\/div>\n\t\t\t\t\t<\/div>\n\t\t<\/section>\n\t\t\t\t<section class=\"elementor-section elementor-inner-section elementor-element elementor-element-bcabd13 elementor-section-boxed elementor-section-height-default elementor-section-height-default\" data-id=\"bcabd13\" data-element_type=\"section\" data-settings=\"{&quot;background_background&quot;:&quot;classic&quot;}\">\n\t\t\t\t\t\t<div class=\"elementor-container elementor-column-gap-default\">\n\t\t\t\t\t<div class=\"elementor-column elementor-col-50 elementor-inner-column elementor-element elementor-element-7ee9b0f\" data-id=\"7ee9b0f\" data-element_type=\"column\">\n\t\t\t<div class=\"elementor-widget-wrap elementor-element-populated\">\n\t\t\t\t\t\t<div class=\"elementor-element elementor-element-892de29 elementor-widget elementor-widget-heading\" data-id=\"892de29\" data-element_type=\"widget\" data-widget_type=\"heading.default\">\n\t\t\t\t<div class=\"elementor-widget-container\">\n\t\t\t\t\t<h2 class=\"elementor-heading-title elementor-size-default\">Vn\u011bj\u0161\u00ed rozm\u011br horn\u00ed r\u00e1m (mm x mm)<\/h2>\t\t\t\t<\/div>\n\t\t\t\t<\/div>\n\t\t\t\t\t<\/div>\n\t\t<\/div>\n\t\t\t\t<div class=\"elementor-column elementor-col-50 elementor-inner-column elementor-element elementor-element-07a217e\" data-id=\"07a217e\" data-element_type=\"column\">\n\t\t\t<div class=\"elementor-widget-wrap elementor-element-populated\">\n\t\t\t\t\t\t<div class=\"elementor-element elementor-element-fec5e0e elementor-widget elementor-widget-text-editor\" data-id=\"fec5e0e\" data-element_type=\"widget\" data-widget_type=\"text-editor.default\">\n\t\t\t\t<div class=\"elementor-widget-container\">\n\t\t\t\t\t\t\t\t\t<p>\u2300775<\/p>\t\t\t\t\t\t\t\t<\/div>\n\t\t\t\t<\/div>\n\t\t\t\t\t<\/div>\n\t\t<\/div>\n\t\t\t\t\t<\/div>\n\t\t<\/section>\n\t\t\t\t<section class=\"elementor-section elementor-inner-section elementor-element elementor-element-fb70380 elementor-section-boxed elementor-section-height-default elementor-section-height-default\" data-id=\"fb70380\" data-element_type=\"section\" data-settings=\"{&quot;background_background&quot;:&quot;classic&quot;}\">\n\t\t\t\t\t\t<div class=\"elementor-container elementor-column-gap-default\">\n\t\t\t\t\t<div class=\"elementor-column elementor-col-50 elementor-inner-column elementor-element elementor-element-38b13c7\" data-id=\"38b13c7\" data-element_type=\"column\">\n\t\t\t<div class=\"elementor-widget-wrap elementor-element-populated\">\n\t\t\t\t\t\t<div class=\"elementor-element elementor-element-227873c elementor-widget elementor-widget-heading\" data-id=\"227873c\" data-element_type=\"widget\" data-widget_type=\"heading.default\">\n\t\t\t\t<div class=\"elementor-widget-container\">\n\t\t\t\t\t<h2 class=\"elementor-heading-title elementor-size-default\">Vn\u011bj\u0161\u00ed rozm\u011br r\u00e1m patka (mm x mm)<\/h2>\t\t\t\t<\/div>\n\t\t\t\t<\/div>\n\t\t\t\t\t<\/div>\n\t\t<\/div>\n\t\t\t\t<div class=\"elementor-column elementor-col-50 elementor-inner-column elementor-element elementor-element-f06a49d\" data-id=\"f06a49d\" data-element_type=\"column\">\n\t\t\t<div class=\"elementor-widget-wrap elementor-element-populated\">\n\t\t\t\t\t\t<div class=\"elementor-element elementor-element-17c6cf8 elementor-widget elementor-widget-text-editor\" data-id=\"17c6cf8\" data-element_type=\"widget\" data-widget_type=\"text-editor.default\">\n\t\t\t\t<div class=\"elementor-widget-container\">\n\t\t\t\t\t\t\t\t\t<p>\u2300648<\/p>\t\t\t\t\t\t\t\t<\/div>\n\t\t\t\t<\/div>\n\t\t\t\t\t<\/div>\n\t\t<\/div>\n\t\t\t\t\t<\/div>\n\t\t<\/section>\n\t\t\t\t<section class=\"elementor-section elementor-inner-section elementor-element elementor-element-a179588 elementor-section-boxed elementor-section-height-default elementor-section-height-default\" data-id=\"a179588\" data-element_type=\"section\" data-settings=\"{&quot;background_background&quot;:&quot;classic&quot;}\">\n\t\t\t\t\t\t<div class=\"elementor-container elementor-column-gap-default\">\n\t\t\t\t\t<div class=\"elementor-column elementor-col-50 elementor-inner-column elementor-element elementor-element-e5c94aa\" data-id=\"e5c94aa\" data-element_type=\"column\">\n\t\t\t<div class=\"elementor-widget-wrap elementor-element-populated\">\n\t\t\t\t\t\t<div class=\"elementor-element elementor-element-6580e04 elementor-widget elementor-widget-heading\" data-id=\"6580e04\" data-element_type=\"widget\" data-widget_type=\"heading.default\">\n\t\t\t\t<div class=\"elementor-widget-container\">\n\t\t\t\t\t<h2 class=\"elementor-heading-title elementor-size-default\">Sv\u011btl\u00fd rozm\u011br (mm)<\/h2>\t\t\t\t<\/div>\n\t\t\t\t<\/div>\n\t\t\t\t\t<\/div>\n\t\t<\/div>\n\t\t\t\t<div class=\"elementor-column elementor-col-50 elementor-inner-column elementor-element elementor-element-a451564\" data-id=\"a451564\" data-element_type=\"column\">\n\t\t\t<div class=\"elementor-widget-wrap elementor-element-populated\">\n\t\t\t\t\t\t<div class=\"elementor-element elementor-element-f9caa27 elementor-widget elementor-widget-text-editor\" data-id=\"f9caa27\" data-element_type=\"widget\" data-widget_type=\"text-editor.default\">\n\t\t\t\t<div class=\"elementor-widget-container\">\n\t\t\t\t\t\t\t\t\t<p>\u2300600<\/p>\t\t\t\t\t\t\t\t<\/div>\n\t\t\t\t<\/div>\n\t\t\t\t\t<\/div>\n\t\t<\/div>\n\t\t\t\t\t<\/div>\n\t\t<\/section>\n\t\t\t\t\t<\/div>\n\t\t<\/div>\n\t\t\t\t\t<\/div>\n\t\t<\/section>\n\t\t\t\t<\/div>\n\t\t","protected":false},"excerpt":{"rendered":"<p>Vah\u00ae Pou\u017e\u00edv\u00e1 se pro odvod vody do de\u0161\u0165ov\u00e9 vpusti nebo \u0161achty ve sv\u011btl\u00e9m rozm\u011bru DN600; je vhodn\u00e1 pro osazen\u00ed do st\u0159edn\u011b frekventovan\u00fdch provoz\u016f. Kruhov\u00e1 litinov\u00e1 vtokov\u00e1 m\u0159\u00ed\u017e v litinov\u00e9m r\u00e1mu s patkou a s pantem; EPDM t\u011bsn\u011bn\u00ed proti hluku; m\u0159\u00ed\u017e spl\u0148uje t\u0159\u00eddu zat\u00ed\u017een\u00ed D400. Hmotnost (kg) 55 V\u00fd\u0161ka (mm) 100 Vn\u011bj\u0161\u00ed rozm\u011br horn\u00ed r\u00e1m (mm [&hellip;]<\/p>\n","protected":false},"author":16,"featured_media":0,"parent":0,"menu_order":0,"comment_status":"closed","ping_status":"closed","template":"","meta":{"footnotes":""},"class_list":["post-5582","page","type-page","status-publish","hentry"],"yoast_head":"<!-- This site is optimized with the Yoast SEO plugin v26.2 - https:\/\/yoast.com\/wordpress\/plugins\/seo\/ -->\n<title>Vah\u00ae \u2013 Kruhov\u00e1 litinov\u00e1 vtokov\u00e1 m\u0159\u00ed\u017e D400 | KOGA Bau<\/title>\n<meta name=\"description\" content=\"Vah\u00ae je odoln\u00e1 kruhov\u00e1 litinov\u00e1 vtokov\u00e1 m\u0159\u00ed\u017e DN600 s patkou, pantem a tich\u00fdm EPDM t\u011bsn\u011bn\u00edm. Vhodn\u00e1 pro st\u0159edn\u011b frekventovan\u00e9 provozy, certifikovan\u00e1 v t\u0159\u00edd\u011b zat\u00ed\u017een\u00ed D400. Ide\u00e1ln\u00ed \u0159e\u0161en\u00ed pro spolehliv\u00e9 odvodn\u011bn\u00ed de\u0161\u0165ov\u00e9 vody.\" \/>\n<meta name=\"robots\" content=\"noindex, follow, max-snippet:-1, max-image-preview:large, max-video-preview:-1\" \/>\n<meta property=\"og:locale\" content=\"cs_CZ\" \/>\n<meta property=\"og:type\" content=\"article\" \/>\n<meta property=\"og:title\" content=\"Vah\u00ae \u2013 Kruhov\u00e1 litinov\u00e1 vtokov\u00e1 m\u0159\u00ed\u017e D400 | KOGA Bau\" \/>\n<meta property=\"og:description\" content=\"Vah\u00ae je odoln\u00e1 kruhov\u00e1 litinov\u00e1 vtokov\u00e1 m\u0159\u00ed\u017e DN600 s patkou, pantem a tich\u00fdm EPDM t\u011bsn\u011bn\u00edm. Vhodn\u00e1 pro st\u0159edn\u011b frekventovan\u00e9 provozy, certifikovan\u00e1 v t\u0159\u00edd\u011b zat\u00ed\u017een\u00ed D400. Ide\u00e1ln\u00ed \u0159e\u0161en\u00ed pro spolehliv\u00e9 odvodn\u011bn\u00ed de\u0161\u0165ov\u00e9 vody.\" \/>\n<meta property=\"og:url\" content=\"https:\/\/kogabau.facilitytest.sk\/cs\/vah\/\" \/>\n<meta property=\"og:site_name\" content=\"KOGABAU\" \/>\n<meta property=\"article:modified_time\" content=\"2025-11-14T15:19:43+00:00\" \/>\n<meta property=\"og:image\" content=\"https:\/\/kogabau.facilitytest.sk\/wp-content\/uploads\/2025\/10\/KoGaBau-Vah.png\" \/>\n\t<meta property=\"og:image:width\" content=\"575\" \/>\n\t<meta property=\"og:image:height\" content=\"580\" \/>\n\t<meta property=\"og:image:type\" content=\"image\/png\" \/>\n<meta name=\"twitter:card\" content=\"summary_large_image\" \/>\n<script type=\"application\/ld+json\" class=\"yoast-schema-graph\">{\"@context\":\"https:\/\/schema.org\",\"@graph\":[{\"@type\":\"WebPage\",\"@id\":\"https:\/\/kogabau.facilitytest.sk\/cs\/vah\/\",\"url\":\"https:\/\/kogabau.facilitytest.sk\/cs\/vah\/\",\"name\":\"Vah\u00ae \u2013 Kruhov\u00e1 litinov\u00e1 vtokov\u00e1 m\u0159\u00ed\u017e D400 | KOGA Bau\",\"isPartOf\":{\"@id\":\"https:\/\/kogabau.facilitytest.sk\/cs\/#website\"},\"primaryImageOfPage\":{\"@id\":\"https:\/\/kogabau.facilitytest.sk\/cs\/vah\/#primaryimage\"},\"image\":{\"@id\":\"https:\/\/kogabau.facilitytest.sk\/cs\/vah\/#primaryimage\"},\"thumbnailUrl\":\"https:\/\/kogabau.facilitytest.sk\/wp-content\/uploads\/2025\/10\/KoGaBau-Vah.png\",\"datePublished\":\"2025-10-13T07:44:22+00:00\",\"dateModified\":\"2025-11-14T15:19:43+00:00\",\"description\":\"Vah\u00ae je odoln\u00e1 kruhov\u00e1 litinov\u00e1 vtokov\u00e1 m\u0159\u00ed\u017e DN600 s patkou, pantem a tich\u00fdm EPDM t\u011bsn\u011bn\u00edm. Vhodn\u00e1 pro st\u0159edn\u011b frekventovan\u00e9 provozy, certifikovan\u00e1 v t\u0159\u00edd\u011b zat\u00ed\u017een\u00ed D400. Ide\u00e1ln\u00ed \u0159e\u0161en\u00ed pro spolehliv\u00e9 odvodn\u011bn\u00ed de\u0161\u0165ov\u00e9 vody.\",\"breadcrumb\":{\"@id\":\"https:\/\/kogabau.facilitytest.sk\/cs\/vah\/#breadcrumb\"},\"inLanguage\":\"cs\",\"potentialAction\":[{\"@type\":\"ReadAction\",\"target\":[\"https:\/\/kogabau.facilitytest.sk\/cs\/vah\/\"]}]},{\"@type\":\"ImageObject\",\"inLanguage\":\"cs\",\"@id\":\"https:\/\/kogabau.facilitytest.sk\/cs\/vah\/#primaryimage\",\"url\":\"https:\/\/kogabau.facilitytest.sk\/wp-content\/uploads\/2025\/10\/KoGaBau-Vah.png\",\"contentUrl\":\"https:\/\/kogabau.facilitytest.sk\/wp-content\/uploads\/2025\/10\/KoGaBau-Vah.png\"},{\"@type\":\"BreadcrumbList\",\"@id\":\"https:\/\/kogabau.facilitytest.sk\/cs\/vah\/#breadcrumb\",\"itemListElement\":[{\"@type\":\"ListItem\",\"position\":1,\"name\":\"Home\",\"item\":\"https:\/\/kogabau.facilitytest.sk\/cs\/\"},{\"@type\":\"ListItem\",\"position\":2,\"name\":\"Vah\"}]},{\"@type\":\"WebSite\",\"@id\":\"https:\/\/kogabau.facilitytest.sk\/cs\/#website\",\"url\":\"https:\/\/kogabau.facilitytest.sk\/cs\/\",\"name\":\"KOGABAU\",\"description\":\"\",\"publisher\":{\"@id\":\"https:\/\/kogabau.facilitytest.sk\/cs\/#organization\"},\"potentialAction\":[{\"@type\":\"SearchAction\",\"target\":{\"@type\":\"EntryPoint\",\"urlTemplate\":\"https:\/\/kogabau.facilitytest.sk\/cs\/?s={search_term_string}\"},\"query-input\":{\"@type\":\"PropertyValueSpecification\",\"valueRequired\":true,\"valueName\":\"search_term_string\"}}],\"inLanguage\":\"cs\"},{\"@type\":\"Organization\",\"@id\":\"https:\/\/kogabau.facilitytest.sk\/cs\/#organization\",\"name\":\"KOGABAU\",\"url\":\"https:\/\/kogabau.facilitytest.sk\/cs\/\",\"logo\":{\"@type\":\"ImageObject\",\"inLanguage\":\"cs\",\"@id\":\"https:\/\/kogabau.facilitytest.sk\/cs\/#\/schema\/logo\/image\/\",\"url\":\"https:\/\/kogabau.facilitytest.sk\/wp-content\/uploads\/2021\/02\/KOGA-BAU-logo-cierne.png\",\"contentUrl\":\"https:\/\/kogabau.facilitytest.sk\/wp-content\/uploads\/2021\/02\/KOGA-BAU-logo-cierne.png\",\"width\":516,\"height\":66,\"caption\":\"KOGABAU\"},\"image\":{\"@id\":\"https:\/\/kogabau.facilitytest.sk\/cs\/#\/schema\/logo\/image\/\"}}]}<\/script>\n<!-- \/ Yoast SEO plugin. -->","yoast_head_json":{"title":"Vah\u00ae \u2013 Kruhov\u00e1 litinov\u00e1 vtokov\u00e1 m\u0159\u00ed\u017e D400 | KOGA Bau","description":"Vah\u00ae je odoln\u00e1 kruhov\u00e1 litinov\u00e1 vtokov\u00e1 m\u0159\u00ed\u017e DN600 s patkou, pantem a tich\u00fdm EPDM t\u011bsn\u011bn\u00edm. Vhodn\u00e1 pro st\u0159edn\u011b frekventovan\u00e9 provozy, certifikovan\u00e1 v t\u0159\u00edd\u011b zat\u00ed\u017een\u00ed D400. Ide\u00e1ln\u00ed \u0159e\u0161en\u00ed pro spolehliv\u00e9 odvodn\u011bn\u00ed de\u0161\u0165ov\u00e9 vody.","robots":{"index":"noindex","follow":"follow","max-snippet":"max-snippet:-1","max-image-preview":"max-image-preview:large","max-video-preview":"max-video-preview:-1"},"og_locale":"cs_CZ","og_type":"article","og_title":"Vah\u00ae \u2013 Kruhov\u00e1 litinov\u00e1 vtokov\u00e1 m\u0159\u00ed\u017e D400 | KOGA Bau","og_description":"Vah\u00ae je odoln\u00e1 kruhov\u00e1 litinov\u00e1 vtokov\u00e1 m\u0159\u00ed\u017e DN600 s patkou, pantem a tich\u00fdm EPDM t\u011bsn\u011bn\u00edm. Vhodn\u00e1 pro st\u0159edn\u011b frekventovan\u00e9 provozy, certifikovan\u00e1 v t\u0159\u00edd\u011b zat\u00ed\u017een\u00ed D400. Ide\u00e1ln\u00ed \u0159e\u0161en\u00ed pro spolehliv\u00e9 odvodn\u011bn\u00ed de\u0161\u0165ov\u00e9 vody.","og_url":"https:\/\/kogabau.facilitytest.sk\/cs\/vah\/","og_site_name":"KOGABAU","article_modified_time":"2025-11-14T15:19:43+00:00","og_image":[{"width":575,"height":580,"url":"https:\/\/kogabau.facilitytest.sk\/wp-content\/uploads\/2025\/10\/KoGaBau-Vah.png","type":"image\/png"}],"twitter_card":"summary_large_image","schema":{"@context":"https:\/\/schema.org","@graph":[{"@type":"WebPage","@id":"https:\/\/kogabau.facilitytest.sk\/cs\/vah\/","url":"https:\/\/kogabau.facilitytest.sk\/cs\/vah\/","name":"Vah\u00ae \u2013 Kruhov\u00e1 litinov\u00e1 vtokov\u00e1 m\u0159\u00ed\u017e D400 | KOGA Bau","isPartOf":{"@id":"https:\/\/kogabau.facilitytest.sk\/cs\/#website"},"primaryImageOfPage":{"@id":"https:\/\/kogabau.facilitytest.sk\/cs\/vah\/#primaryimage"},"image":{"@id":"https:\/\/kogabau.facilitytest.sk\/cs\/vah\/#primaryimage"},"thumbnailUrl":"https:\/\/kogabau.facilitytest.sk\/wp-content\/uploads\/2025\/10\/KoGaBau-Vah.png","datePublished":"2025-10-13T07:44:22+00:00","dateModified":"2025-11-14T15:19:43+00:00","description":"Vah\u00ae je odoln\u00e1 kruhov\u00e1 litinov\u00e1 vtokov\u00e1 m\u0159\u00ed\u017e DN600 s patkou, pantem a tich\u00fdm EPDM t\u011bsn\u011bn\u00edm. Vhodn\u00e1 pro st\u0159edn\u011b frekventovan\u00e9 provozy, certifikovan\u00e1 v t\u0159\u00edd\u011b zat\u00ed\u017een\u00ed D400. Ide\u00e1ln\u00ed \u0159e\u0161en\u00ed pro spolehliv\u00e9 odvodn\u011bn\u00ed de\u0161\u0165ov\u00e9 vody.","breadcrumb":{"@id":"https:\/\/kogabau.facilitytest.sk\/cs\/vah\/#breadcrumb"},"inLanguage":"cs","potentialAction":[{"@type":"ReadAction","target":["https:\/\/kogabau.facilitytest.sk\/cs\/vah\/"]}]},{"@type":"ImageObject","inLanguage":"cs","@id":"https:\/\/kogabau.facilitytest.sk\/cs\/vah\/#primaryimage","url":"https:\/\/kogabau.facilitytest.sk\/wp-content\/uploads\/2025\/10\/KoGaBau-Vah.png","contentUrl":"https:\/\/kogabau.facilitytest.sk\/wp-content\/uploads\/2025\/10\/KoGaBau-Vah.png"},{"@type":"BreadcrumbList","@id":"https:\/\/kogabau.facilitytest.sk\/cs\/vah\/#breadcrumb","itemListElement":[{"@type":"ListItem","position":1,"name":"Home","item":"https:\/\/kogabau.facilitytest.sk\/cs\/"},{"@type":"ListItem","position":2,"name":"Vah"}]},{"@type":"WebSite","@id":"https:\/\/kogabau.facilitytest.sk\/cs\/#website","url":"https:\/\/kogabau.facilitytest.sk\/cs\/","name":"KOGABAU","description":"","publisher":{"@id":"https:\/\/kogabau.facilitytest.sk\/cs\/#organization"},"potentialAction":[{"@type":"SearchAction","target":{"@type":"EntryPoint","urlTemplate":"https:\/\/kogabau.facilitytest.sk\/cs\/?s={search_term_string}"},"query-input":{"@type":"PropertyValueSpecification","valueRequired":true,"valueName":"search_term_string"}}],"inLanguage":"cs"},{"@type":"Organization","@id":"https:\/\/kogabau.facilitytest.sk\/cs\/#organization","name":"KOGABAU","url":"https:\/\/kogabau.facilitytest.sk\/cs\/","logo":{"@type":"ImageObject","inLanguage":"cs","@id":"https:\/\/kogabau.facilitytest.sk\/cs\/#\/schema\/logo\/image\/","url":"https:\/\/kogabau.facilitytest.sk\/wp-content\/uploads\/2021\/02\/KOGA-BAU-logo-cierne.png","contentUrl":"https:\/\/kogabau.facilitytest.sk\/wp-content\/uploads\/2021\/02\/KOGA-BAU-logo-cierne.png","width":516,"height":66,"caption":"KOGABAU"},"image":{"@id":"https:\/\/kogabau.facilitytest.sk\/cs\/#\/schema\/logo\/image\/"}}]}},"_links":{"self":[{"href":"https:\/\/kogabau.facilitytest.sk\/cs\/wp-json\/wp\/v2\/pages\/5582","targetHints":{"allow":["GET"]}}],"collection":[{"href":"https:\/\/kogabau.facilitytest.sk\/cs\/wp-json\/wp\/v2\/pages"}],"about":[{"href":"https:\/\/kogabau.facilitytest.sk\/cs\/wp-json\/wp\/v2\/types\/page"}],"author":[{"embeddable":true,"href":"https:\/\/kogabau.facilitytest.sk\/cs\/wp-json\/wp\/v2\/users\/16"}],"replies":[{"embeddable":true,"href":"https:\/\/kogabau.facilitytest.sk\/cs\/wp-json\/wp\/v2\/comments?post=5582"}],"version-history":[{"count":2,"href":"https:\/\/kogabau.facilitytest.sk\/cs\/wp-json\/wp\/v2\/pages\/5582\/revisions"}],"predecessor-version":[{"id":7946,"href":"https:\/\/kogabau.facilitytest.sk\/cs\/wp-json\/wp\/v2\/pages\/5582\/revisions\/7946"}],"wp:attachment":[{"href":"https:\/\/kogabau.facilitytest.sk\/cs\/wp-json\/wp\/v2\/media?parent=5582"}],"curies":[{"name":"wp","href":"https:\/\/api.w.org\/{rel}","templated":true}]}}