{"id":5449,"date":"2025-10-12T14:34:52","date_gmt":"2025-10-12T12:34:52","guid":{"rendered":"https:\/\/kogabau.facilitytest.sk\/rohy\/"},"modified":"2025-11-09T12:41:58","modified_gmt":"2025-11-09T11:41:58","slug":"rohy","status":"publish","type":"page","link":"https:\/\/kogabau.facilitytest.sk\/cs\/rohy\/","title":{"rendered":"Rohy"},"content":{"rendered":"\t\t<div data-elementor-type=\"wp-page\" data-elementor-id=\"5449\" class=\"elementor elementor-5449 elementor-1088\" data-elementor-post-type=\"page\">\n\t\t\t\t\t\t<section class=\"elementor-section elementor-top-section elementor-element elementor-element-8c5cc58 elementor-section-boxed elementor-section-height-default elementor-section-height-default\" data-id=\"8c5cc58\" data-element_type=\"section\" data-settings=\"{&quot;background_background&quot;:&quot;classic&quot;}\">\n\t\t\t\t\t\t<div class=\"elementor-container elementor-column-gap-default\">\n\t\t\t\t\t<div class=\"elementor-column elementor-col-100 elementor-top-column elementor-element elementor-element-4c061b6\" data-id=\"4c061b6\" data-element_type=\"column\">\n\t\t\t<div class=\"elementor-widget-wrap elementor-element-populated\">\n\t\t\t\t\t\t<div class=\"elementor-element elementor-element-efc54a5 elementor-widget elementor-widget-spacer\" data-id=\"efc54a5\" data-element_type=\"widget\" data-widget_type=\"spacer.default\">\n\t\t\t\t<div class=\"elementor-widget-container\">\n\t\t\t\t\t\t\t<div class=\"elementor-spacer\">\n\t\t\t<div class=\"elementor-spacer-inner\"><\/div>\n\t\t<\/div>\n\t\t\t\t\t\t<\/div>\n\t\t\t\t<\/div>\n\t\t\t\t<div class=\"elementor-element elementor-element-db8ba8f elementor-widget elementor-widget-heading\" data-id=\"db8ba8f\" data-element_type=\"widget\" data-widget_type=\"heading.default\">\n\t\t\t\t<div class=\"elementor-widget-container\">\n\t\t\t\t\t<h1 class=\"elementor-heading-title elementor-size-default\">Rohy\u00ae<\/h1>\t\t\t\t<\/div>\n\t\t\t\t<\/div>\n\t\t\t\t\t<\/div>\n\t\t<\/div>\n\t\t\t\t\t<\/div>\n\t\t<\/section>\n\t\t\t\t<section class=\"elementor-section elementor-top-section elementor-element elementor-element-6606034 elementor-reverse-tablet elementor-reverse-mobile elementor-section-boxed elementor-section-height-default elementor-section-height-default\" data-id=\"6606034\" data-element_type=\"section\" data-settings=\"{&quot;background_background&quot;:&quot;classic&quot;}\">\n\t\t\t\t\t\t<div class=\"elementor-container elementor-column-gap-default\">\n\t\t\t\t\t<div class=\"elementor-column elementor-col-50 elementor-top-column elementor-element elementor-element-ea36663\" data-id=\"ea36663\" data-element_type=\"column\">\n\t\t\t<div class=\"elementor-widget-wrap elementor-element-populated\">\n\t\t\t\t\t\t<div class=\"elementor-element elementor-element-b6169b0 elementor-widget__width-initial elementor-widget elementor-widget-text-editor\" data-id=\"b6169b0\" data-element_type=\"widget\" data-widget_type=\"text-editor.default\">\n\t\t\t\t<div class=\"elementor-widget-container\">\n\t\t\t\t\t\t\t\t\t<p>Vymezova\u010d cyklostezek a parkovac\u00edch st\u00e1n\u00ed se pou\u017e\u00edv\u00e1 k vizu\u00e1ln\u00edmu i fyzick\u00e9mu vymezen\u00ed prostor\u016f, nap\u0159\u00edklad mezi cyklostezkou a chodn\u00edkem nebo u parkovac\u00edch m\u00edst. Ter\u010de jsou robustn\u00ed, celolitinov\u00e9 a pro zaji\u0161t\u011bn\u00ed stability se kotv\u00ed do zem\u011b pomoc\u00ed z\u00e1vitov\u00e9 ty\u010de (trnu). Mohou b\u00fdt povrchov\u011b upraveny podle pot\u0159eb z\u00e1kazn\u00edka (nap\u0159. barvou m\u011bsta).<\/p>\t\t\t\t\t\t\t\t<\/div>\n\t\t\t\t<\/div>\n\t\t\t\t\t<\/div>\n\t\t<\/div>\n\t\t\t\t<div class=\"elementor-column elementor-col-50 elementor-top-column elementor-element elementor-element-215eb55\" data-id=\"215eb55\" data-element_type=\"column\" data-settings=\"{&quot;background_background&quot;:&quot;classic&quot;}\">\n\t\t\t<div class=\"elementor-widget-wrap elementor-element-populated\">\n\t\t\t\t\t\t<div class=\"elementor-element elementor-element-4536708 elementor-widget elementor-widget-image\" data-id=\"4536708\" data-element_type=\"widget\" data-widget_type=\"image.default\">\n\t\t\t\t<div class=\"elementor-widget-container\">\n\t\t\t\t\t\t\t\t\t\t\t\t\t\t\t<img fetchpriority=\"high\" decoding=\"async\" width=\"575\" height=\"580\" src=\"https:\/\/kogabau.facilitytest.sk\/wp-content\/uploads\/2025\/10\/KoGaBau-Rohy.png\" class=\"attachment-full size-full wp-image-5448\" alt=\"\" srcset=\"https:\/\/kogabau.facilitytest.sk\/wp-content\/uploads\/2025\/10\/KoGaBau-Rohy.png 575w, https:\/\/kogabau.facilitytest.sk\/wp-content\/uploads\/2025\/10\/KoGaBau-Rohy-297x300.png 297w, https:\/\/kogabau.facilitytest.sk\/wp-content\/uploads\/2025\/10\/KoGaBau-Rohy-150x150.png 150w\" sizes=\"(max-width: 575px) 100vw, 575px\" \/>\t\t\t\t\t\t\t\t\t\t\t\t\t\t\t<\/div>\n\t\t\t\t<\/div>\n\t\t\t\t\t<\/div>\n\t\t<\/div>\n\t\t\t\t\t<\/div>\n\t\t<\/section>\n\t\t\t\t<\/div>\n\t\t","protected":false},"excerpt":{"rendered":"<p>Rohy\u00ae Vymezova\u010d cyklostezek a parkovac\u00edch st\u00e1n\u00ed se pou\u017e\u00edv\u00e1 k vizu\u00e1ln\u00edmu i fyzick\u00e9mu vymezen\u00ed prostor\u016f, nap\u0159\u00edklad mezi cyklostezkou a chodn\u00edkem nebo u parkovac\u00edch m\u00edst. Ter\u010de jsou robustn\u00ed, celolitinov\u00e9 a pro zaji\u0161t\u011bn\u00ed stability se kotv\u00ed do zem\u011b pomoc\u00ed z\u00e1vitov\u00e9 ty\u010de (trnu). Mohou b\u00fdt povrchov\u011b upraveny podle pot\u0159eb z\u00e1kazn\u00edka (nap\u0159. barvou m\u011bsta).<\/p>\n","protected":false},"author":16,"featured_media":0,"parent":0,"menu_order":0,"comment_status":"closed","ping_status":"closed","template":"","meta":{"footnotes":""},"class_list":["post-5449","page","type-page","status-publish","hentry"],"yoast_head":"<!-- This site is optimized with the Yoast SEO plugin v26.2 - https:\/\/yoast.com\/wordpress\/plugins\/seo\/ -->\n<title>Rohy\u00ae \u2013 Litinov\u00e9 vymezova\u010de cyklostezek a parkovac\u00edch st\u00e1n\u00ed | KOGA Bau<\/title>\n<meta name=\"description\" content=\"Rohy\u00ae od KOGA Bau jsou robustn\u00ed litinov\u00e9 vymezova\u010de ur\u010den\u00e9 k odd\u011blen\u00ed cyklostezek, chodn\u00edk\u016f a parkovac\u00edch m\u00edst. Kotven\u00e9 pomoc\u00ed z\u00e1vitov\u00e9 ty\u010de, s mo\u017enost\u00ed barevn\u00e9 \u00fapravy podle po\u017eadavk\u016f m\u011bsta \u010di investora. Spolehliv\u00e9, trvanliv\u00e9 a bezpe\u010dn\u00e9 \u0159e\u0161en\u00ed pro ve\u0159ejn\u00fd prostor.\" \/>\n<meta name=\"robots\" content=\"noindex, follow, max-snippet:-1, max-image-preview:large, max-video-preview:-1\" \/>\n<meta property=\"og:locale\" content=\"cs_CZ\" \/>\n<meta property=\"og:type\" content=\"article\" \/>\n<meta property=\"og:title\" content=\"Rohy\u00ae \u2013 Litinov\u00e9 vymezova\u010de cyklostezek a parkovac\u00edch st\u00e1n\u00ed | KOGA Bau\" \/>\n<meta property=\"og:description\" content=\"Rohy\u00ae od KOGA Bau jsou robustn\u00ed litinov\u00e9 vymezova\u010de ur\u010den\u00e9 k odd\u011blen\u00ed cyklostezek, chodn\u00edk\u016f a parkovac\u00edch m\u00edst. Kotven\u00e9 pomoc\u00ed z\u00e1vitov\u00e9 ty\u010de, s mo\u017enost\u00ed barevn\u00e9 \u00fapravy podle po\u017eadavk\u016f m\u011bsta \u010di investora. Spolehliv\u00e9, trvanliv\u00e9 a bezpe\u010dn\u00e9 \u0159e\u0161en\u00ed pro ve\u0159ejn\u00fd prostor.\" \/>\n<meta property=\"og:url\" content=\"https:\/\/kogabau.facilitytest.sk\/cs\/rohy\/\" \/>\n<meta property=\"og:site_name\" content=\"KOGABAU\" \/>\n<meta property=\"article:modified_time\" content=\"2025-11-09T11:41:58+00:00\" \/>\n<meta property=\"og:image\" content=\"https:\/\/kogabau.facilitytest.sk\/wp-content\/uploads\/2025\/10\/KoGaBau-Rohy.png\" \/>\n\t<meta property=\"og:image:width\" content=\"575\" \/>\n\t<meta property=\"og:image:height\" content=\"580\" \/>\n\t<meta property=\"og:image:type\" content=\"image\/png\" \/>\n<meta name=\"twitter:card\" content=\"summary_large_image\" \/>\n<script type=\"application\/ld+json\" class=\"yoast-schema-graph\">{\"@context\":\"https:\/\/schema.org\",\"@graph\":[{\"@type\":\"WebPage\",\"@id\":\"https:\/\/kogabau.facilitytest.sk\/cs\/rohy\/\",\"url\":\"https:\/\/kogabau.facilitytest.sk\/cs\/rohy\/\",\"name\":\"Rohy\u00ae \u2013 Litinov\u00e9 vymezova\u010de cyklostezek a parkovac\u00edch st\u00e1n\u00ed | KOGA Bau\",\"isPartOf\":{\"@id\":\"https:\/\/kogabau.facilitytest.sk\/cs\/#website\"},\"primaryImageOfPage\":{\"@id\":\"https:\/\/kogabau.facilitytest.sk\/cs\/rohy\/#primaryimage\"},\"image\":{\"@id\":\"https:\/\/kogabau.facilitytest.sk\/cs\/rohy\/#primaryimage\"},\"thumbnailUrl\":\"https:\/\/kogabau.facilitytest.sk\/wp-content\/uploads\/2025\/10\/KoGaBau-Rohy.png\",\"datePublished\":\"2025-10-12T12:34:52+00:00\",\"dateModified\":\"2025-11-09T11:41:58+00:00\",\"description\":\"Rohy\u00ae od KOGA Bau jsou robustn\u00ed litinov\u00e9 vymezova\u010de ur\u010den\u00e9 k odd\u011blen\u00ed cyklostezek, chodn\u00edk\u016f a parkovac\u00edch m\u00edst. Kotven\u00e9 pomoc\u00ed z\u00e1vitov\u00e9 ty\u010de, s mo\u017enost\u00ed barevn\u00e9 \u00fapravy podle po\u017eadavk\u016f m\u011bsta \u010di investora. Spolehliv\u00e9, trvanliv\u00e9 a bezpe\u010dn\u00e9 \u0159e\u0161en\u00ed pro ve\u0159ejn\u00fd prostor.\",\"breadcrumb\":{\"@id\":\"https:\/\/kogabau.facilitytest.sk\/cs\/rohy\/#breadcrumb\"},\"inLanguage\":\"cs\",\"potentialAction\":[{\"@type\":\"ReadAction\",\"target\":[\"https:\/\/kogabau.facilitytest.sk\/cs\/rohy\/\"]}]},{\"@type\":\"ImageObject\",\"inLanguage\":\"cs\",\"@id\":\"https:\/\/kogabau.facilitytest.sk\/cs\/rohy\/#primaryimage\",\"url\":\"https:\/\/kogabau.facilitytest.sk\/wp-content\/uploads\/2025\/10\/KoGaBau-Rohy.png\",\"contentUrl\":\"https:\/\/kogabau.facilitytest.sk\/wp-content\/uploads\/2025\/10\/KoGaBau-Rohy.png\"},{\"@type\":\"BreadcrumbList\",\"@id\":\"https:\/\/kogabau.facilitytest.sk\/cs\/rohy\/#breadcrumb\",\"itemListElement\":[{\"@type\":\"ListItem\",\"position\":1,\"name\":\"Home\",\"item\":\"https:\/\/kogabau.facilitytest.sk\/cs\/\"},{\"@type\":\"ListItem\",\"position\":2,\"name\":\"Rohy\"}]},{\"@type\":\"WebSite\",\"@id\":\"https:\/\/kogabau.facilitytest.sk\/cs\/#website\",\"url\":\"https:\/\/kogabau.facilitytest.sk\/cs\/\",\"name\":\"KOGABAU\",\"description\":\"\",\"publisher\":{\"@id\":\"https:\/\/kogabau.facilitytest.sk\/cs\/#organization\"},\"potentialAction\":[{\"@type\":\"SearchAction\",\"target\":{\"@type\":\"EntryPoint\",\"urlTemplate\":\"https:\/\/kogabau.facilitytest.sk\/cs\/?s={search_term_string}\"},\"query-input\":{\"@type\":\"PropertyValueSpecification\",\"valueRequired\":true,\"valueName\":\"search_term_string\"}}],\"inLanguage\":\"cs\"},{\"@type\":\"Organization\",\"@id\":\"https:\/\/kogabau.facilitytest.sk\/cs\/#organization\",\"name\":\"KOGABAU\",\"url\":\"https:\/\/kogabau.facilitytest.sk\/cs\/\",\"logo\":{\"@type\":\"ImageObject\",\"inLanguage\":\"cs\",\"@id\":\"https:\/\/kogabau.facilitytest.sk\/cs\/#\/schema\/logo\/image\/\",\"url\":\"https:\/\/kogabau.facilitytest.sk\/wp-content\/uploads\/2021\/02\/KOGA-BAU-logo-cierne.png\",\"contentUrl\":\"https:\/\/kogabau.facilitytest.sk\/wp-content\/uploads\/2021\/02\/KOGA-BAU-logo-cierne.png\",\"width\":516,\"height\":66,\"caption\":\"KOGABAU\"},\"image\":{\"@id\":\"https:\/\/kogabau.facilitytest.sk\/cs\/#\/schema\/logo\/image\/\"}}]}<\/script>\n<!-- \/ Yoast SEO plugin. -->","yoast_head_json":{"title":"Rohy\u00ae \u2013 Litinov\u00e9 vymezova\u010de cyklostezek a parkovac\u00edch st\u00e1n\u00ed | KOGA Bau","description":"Rohy\u00ae od KOGA Bau jsou robustn\u00ed litinov\u00e9 vymezova\u010de ur\u010den\u00e9 k odd\u011blen\u00ed cyklostezek, chodn\u00edk\u016f a parkovac\u00edch m\u00edst. Kotven\u00e9 pomoc\u00ed z\u00e1vitov\u00e9 ty\u010de, s mo\u017enost\u00ed barevn\u00e9 \u00fapravy podle po\u017eadavk\u016f m\u011bsta \u010di investora. Spolehliv\u00e9, trvanliv\u00e9 a bezpe\u010dn\u00e9 \u0159e\u0161en\u00ed pro ve\u0159ejn\u00fd prostor.","robots":{"index":"noindex","follow":"follow","max-snippet":"max-snippet:-1","max-image-preview":"max-image-preview:large","max-video-preview":"max-video-preview:-1"},"og_locale":"cs_CZ","og_type":"article","og_title":"Rohy\u00ae \u2013 Litinov\u00e9 vymezova\u010de cyklostezek a parkovac\u00edch st\u00e1n\u00ed | KOGA Bau","og_description":"Rohy\u00ae od KOGA Bau jsou robustn\u00ed litinov\u00e9 vymezova\u010de ur\u010den\u00e9 k odd\u011blen\u00ed cyklostezek, chodn\u00edk\u016f a parkovac\u00edch m\u00edst. Kotven\u00e9 pomoc\u00ed z\u00e1vitov\u00e9 ty\u010de, s mo\u017enost\u00ed barevn\u00e9 \u00fapravy podle po\u017eadavk\u016f m\u011bsta \u010di investora. Spolehliv\u00e9, trvanliv\u00e9 a bezpe\u010dn\u00e9 \u0159e\u0161en\u00ed pro ve\u0159ejn\u00fd prostor.","og_url":"https:\/\/kogabau.facilitytest.sk\/cs\/rohy\/","og_site_name":"KOGABAU","article_modified_time":"2025-11-09T11:41:58+00:00","og_image":[{"width":575,"height":580,"url":"https:\/\/kogabau.facilitytest.sk\/wp-content\/uploads\/2025\/10\/KoGaBau-Rohy.png","type":"image\/png"}],"twitter_card":"summary_large_image","schema":{"@context":"https:\/\/schema.org","@graph":[{"@type":"WebPage","@id":"https:\/\/kogabau.facilitytest.sk\/cs\/rohy\/","url":"https:\/\/kogabau.facilitytest.sk\/cs\/rohy\/","name":"Rohy\u00ae \u2013 Litinov\u00e9 vymezova\u010de cyklostezek a parkovac\u00edch st\u00e1n\u00ed | KOGA Bau","isPartOf":{"@id":"https:\/\/kogabau.facilitytest.sk\/cs\/#website"},"primaryImageOfPage":{"@id":"https:\/\/kogabau.facilitytest.sk\/cs\/rohy\/#primaryimage"},"image":{"@id":"https:\/\/kogabau.facilitytest.sk\/cs\/rohy\/#primaryimage"},"thumbnailUrl":"https:\/\/kogabau.facilitytest.sk\/wp-content\/uploads\/2025\/10\/KoGaBau-Rohy.png","datePublished":"2025-10-12T12:34:52+00:00","dateModified":"2025-11-09T11:41:58+00:00","description":"Rohy\u00ae od KOGA Bau jsou robustn\u00ed litinov\u00e9 vymezova\u010de ur\u010den\u00e9 k odd\u011blen\u00ed cyklostezek, chodn\u00edk\u016f a parkovac\u00edch m\u00edst. Kotven\u00e9 pomoc\u00ed z\u00e1vitov\u00e9 ty\u010de, s mo\u017enost\u00ed barevn\u00e9 \u00fapravy podle po\u017eadavk\u016f m\u011bsta \u010di investora. Spolehliv\u00e9, trvanliv\u00e9 a bezpe\u010dn\u00e9 \u0159e\u0161en\u00ed pro ve\u0159ejn\u00fd prostor.","breadcrumb":{"@id":"https:\/\/kogabau.facilitytest.sk\/cs\/rohy\/#breadcrumb"},"inLanguage":"cs","potentialAction":[{"@type":"ReadAction","target":["https:\/\/kogabau.facilitytest.sk\/cs\/rohy\/"]}]},{"@type":"ImageObject","inLanguage":"cs","@id":"https:\/\/kogabau.facilitytest.sk\/cs\/rohy\/#primaryimage","url":"https:\/\/kogabau.facilitytest.sk\/wp-content\/uploads\/2025\/10\/KoGaBau-Rohy.png","contentUrl":"https:\/\/kogabau.facilitytest.sk\/wp-content\/uploads\/2025\/10\/KoGaBau-Rohy.png"},{"@type":"BreadcrumbList","@id":"https:\/\/kogabau.facilitytest.sk\/cs\/rohy\/#breadcrumb","itemListElement":[{"@type":"ListItem","position":1,"name":"Home","item":"https:\/\/kogabau.facilitytest.sk\/cs\/"},{"@type":"ListItem","position":2,"name":"Rohy"}]},{"@type":"WebSite","@id":"https:\/\/kogabau.facilitytest.sk\/cs\/#website","url":"https:\/\/kogabau.facilitytest.sk\/cs\/","name":"KOGABAU","description":"","publisher":{"@id":"https:\/\/kogabau.facilitytest.sk\/cs\/#organization"},"potentialAction":[{"@type":"SearchAction","target":{"@type":"EntryPoint","urlTemplate":"https:\/\/kogabau.facilitytest.sk\/cs\/?s={search_term_string}"},"query-input":{"@type":"PropertyValueSpecification","valueRequired":true,"valueName":"search_term_string"}}],"inLanguage":"cs"},{"@type":"Organization","@id":"https:\/\/kogabau.facilitytest.sk\/cs\/#organization","name":"KOGABAU","url":"https:\/\/kogabau.facilitytest.sk\/cs\/","logo":{"@type":"ImageObject","inLanguage":"cs","@id":"https:\/\/kogabau.facilitytest.sk\/cs\/#\/schema\/logo\/image\/","url":"https:\/\/kogabau.facilitytest.sk\/wp-content\/uploads\/2021\/02\/KOGA-BAU-logo-cierne.png","contentUrl":"https:\/\/kogabau.facilitytest.sk\/wp-content\/uploads\/2021\/02\/KOGA-BAU-logo-cierne.png","width":516,"height":66,"caption":"KOGABAU"},"image":{"@id":"https:\/\/kogabau.facilitytest.sk\/cs\/#\/schema\/logo\/image\/"}}]}},"_links":{"self":[{"href":"https:\/\/kogabau.facilitytest.sk\/cs\/wp-json\/wp\/v2\/pages\/5449","targetHints":{"allow":["GET"]}}],"collection":[{"href":"https:\/\/kogabau.facilitytest.sk\/cs\/wp-json\/wp\/v2\/pages"}],"about":[{"href":"https:\/\/kogabau.facilitytest.sk\/cs\/wp-json\/wp\/v2\/types\/page"}],"author":[{"embeddable":true,"href":"https:\/\/kogabau.facilitytest.sk\/cs\/wp-json\/wp\/v2\/users\/16"}],"replies":[{"embeddable":true,"href":"https:\/\/kogabau.facilitytest.sk\/cs\/wp-json\/wp\/v2\/comments?post=5449"}],"version-history":[{"count":1,"href":"https:\/\/kogabau.facilitytest.sk\/cs\/wp-json\/wp\/v2\/pages\/5449\/revisions"}],"predecessor-version":[{"id":5450,"href":"https:\/\/kogabau.facilitytest.sk\/cs\/wp-json\/wp\/v2\/pages\/5449\/revisions\/5450"}],"wp:attachment":[{"href":"https:\/\/kogabau.facilitytest.sk\/cs\/wp-json\/wp\/v2\/media?parent=5449"}],"curies":[{"name":"wp","href":"https:\/\/api.w.org\/{rel}","templated":true}]}}