{"id":5435,"date":"2025-10-12T20:17:48","date_gmt":"2025-10-12T18:17:48","guid":{"rendered":"https:\/\/kogabau.facilitytest.sk\/radbuza\/"},"modified":"2025-11-12T14:59:27","modified_gmt":"2025-11-12T13:59:27","slug":"radbuza","status":"publish","type":"page","link":"https:\/\/kogabau.facilitytest.sk\/cs\/radbuza\/","title":{"rendered":"Radbuza"},"content":{"rendered":"\t\t<div data-elementor-type=\"wp-page\" data-elementor-id=\"5435\" class=\"elementor elementor-5435 elementor-1452\" data-elementor-post-type=\"page\">\n\t\t\t\t\t\t<section class=\"elementor-section elementor-top-section elementor-element elementor-element-8c5cc58 elementor-section-boxed elementor-section-height-default elementor-section-height-default\" data-id=\"8c5cc58\" data-element_type=\"section\" data-settings=\"{&quot;background_background&quot;:&quot;classic&quot;}\">\n\t\t\t\t\t\t<div class=\"elementor-container elementor-column-gap-default\">\n\t\t\t\t\t<div class=\"elementor-column elementor-col-100 elementor-top-column elementor-element elementor-element-4c061b6\" data-id=\"4c061b6\" data-element_type=\"column\">\n\t\t\t<div class=\"elementor-widget-wrap elementor-element-populated\">\n\t\t\t\t\t\t<div class=\"elementor-element elementor-element-efc54a5 elementor-widget elementor-widget-spacer\" data-id=\"efc54a5\" data-element_type=\"widget\" data-widget_type=\"spacer.default\">\n\t\t\t\t<div class=\"elementor-widget-container\">\n\t\t\t\t\t\t\t<div class=\"elementor-spacer\">\n\t\t\t<div class=\"elementor-spacer-inner\"><\/div>\n\t\t<\/div>\n\t\t\t\t\t\t<\/div>\n\t\t\t\t<\/div>\n\t\t\t\t<div class=\"elementor-element elementor-element-db8ba8f elementor-widget elementor-widget-heading\" data-id=\"db8ba8f\" data-element_type=\"widget\" data-widget_type=\"heading.default\">\n\t\t\t\t<div class=\"elementor-widget-container\">\n\t\t\t\t\t<h1 class=\"elementor-heading-title elementor-size-default\">Radbuza\u00ae<\/h1>\t\t\t\t<\/div>\n\t\t\t\t<\/div>\n\t\t\t\t\t<\/div>\n\t\t<\/div>\n\t\t\t\t\t<\/div>\n\t\t<\/section>\n\t\t\t\t<section class=\"elementor-section elementor-top-section elementor-element elementor-element-6606034 elementor-reverse-tablet elementor-reverse-mobile elementor-section-boxed elementor-section-height-default elementor-section-height-default\" data-id=\"6606034\" data-element_type=\"section\" data-settings=\"{&quot;background_background&quot;:&quot;classic&quot;}\">\n\t\t\t\t\t\t<div class=\"elementor-container elementor-column-gap-default\">\n\t\t\t\t\t<div class=\"elementor-column elementor-col-50 elementor-top-column elementor-element elementor-element-ea36663\" data-id=\"ea36663\" data-element_type=\"column\">\n\t\t\t<div class=\"elementor-widget-wrap elementor-element-populated\">\n\t\t\t\t\t\t<div class=\"elementor-element elementor-element-b6169b0 elementor-widget elementor-widget-text-editor\" data-id=\"b6169b0\" data-element_type=\"widget\" data-widget_type=\"text-editor.default\">\n\t\t\t\t<div class=\"elementor-widget-container\">\n\t\t\t\t\t\t\t\t\t<p>Vpus\u0165 je vyrobena z odoln\u00e9 litiny a spl\u0148uje normu \u010cSN EN 124-2 pro zat\u00ed\u017een\u00ed kategorie B 125, co\u017e ji \u010din\u00ed vhodnou pro oblasti s leh\u010d\u00edm dopravn\u00edm provozem, jako jsou chodn\u00edky a parkovi\u0161t\u011b. Vpus\u0165 je vybavena nerezov\u00fdm \u0161roubem M16 DIN912 s vnit\u0159n\u00edm \u0161estihranem, p\u0159edn\u00ed \u010d\u00e1st vpusti m\u00e1 sklon 11\u00b0 a celkov\u00e1 v\u00fd\u0161ka pro obrubn\u00edk je 150. Osazen\u00ed je mo\u017en\u00e9 na DN 450 a DN 500, s mo\u017enost\u00ed pou\u017eit\u00ed ko\u0161\u016f A4 a B1.   Sou\u010d\u00e1st\u00ed dod\u00e1vky je ocelov\u00fd ro\u0161t, kter\u00fd zaji\u0161\u0165uje \u00fa\u010dinn\u00e9 odvodn\u011bn\u00ed a ochranu p\u0159ed zanesen\u00edm.<\/p><p>Vpus\u0165 lze osadit celo-litinov\u00fdm v\u00edkem nebo v\u00edkem pro v\u00fdpl\u0148 (sou\u010d\u00e1st\u00ed dod\u00e1vky je kari s\u00ed\u0165). V obou p\u0159\u00edpadech nab\u00edz\u00edme i mo\u017enost modifikace s vlastn\u00edm motivem, nap\u0159. znak m\u011bsta.  <\/p>\t\t\t\t\t\t\t\t<\/div>\n\t\t\t\t<\/div>\n\t\t\t\t\t<\/div>\n\t\t<\/div>\n\t\t\t\t<div class=\"elementor-column elementor-col-50 elementor-top-column elementor-element elementor-element-215eb55\" data-id=\"215eb55\" data-element_type=\"column\" data-settings=\"{&quot;background_background&quot;:&quot;classic&quot;}\">\n\t\t\t<div class=\"elementor-widget-wrap elementor-element-populated\">\n\t\t\t\t\t\t<div class=\"elementor-element elementor-element-4536708 elementor-widget elementor-widget-image\" data-id=\"4536708\" data-element_type=\"widget\" data-widget_type=\"image.default\">\n\t\t\t\t<div class=\"elementor-widget-container\">\n\t\t\t\t\t\t\t\t\t\t\t\t\t\t\t<img fetchpriority=\"high\" decoding=\"async\" width=\"575\" height=\"580\" src=\"https:\/\/kogabau.facilitytest.sk\/wp-content\/uploads\/2025\/10\/KoGaBau-Radbuza.png\" class=\"attachment-full size-full wp-image-4472\" alt=\"\" srcset=\"https:\/\/kogabau.facilitytest.sk\/wp-content\/uploads\/2025\/10\/KoGaBau-Radbuza.png 575w, https:\/\/kogabau.facilitytest.sk\/wp-content\/uploads\/2025\/10\/KoGaBau-Radbuza-297x300.png 297w, https:\/\/kogabau.facilitytest.sk\/wp-content\/uploads\/2025\/10\/KoGaBau-Radbuza-150x150.png 150w\" sizes=\"(max-width: 575px) 100vw, 575px\" \/>\t\t\t\t\t\t\t\t\t\t\t\t\t\t\t<\/div>\n\t\t\t\t<\/div>\n\t\t\t\t\t<\/div>\n\t\t<\/div>\n\t\t\t\t\t<\/div>\n\t\t<\/section>\n\t\t\t\t<section class=\"elementor-section elementor-top-section elementor-element elementor-element-d0c7ab7 horizontale elementor-section-boxed elementor-section-height-default elementor-section-height-default\" data-id=\"d0c7ab7\" data-element_type=\"section\" data-settings=\"{&quot;background_background&quot;:&quot;classic&quot;}\">\n\t\t\t\t\t\t<div class=\"elementor-container elementor-column-gap-default\">\n\t\t\t\t\t<div class=\"elementor-column elementor-col-100 elementor-top-column elementor-element elementor-element-8305e8f\" data-id=\"8305e8f\" data-element_type=\"column\">\n\t\t\t<div class=\"elementor-widget-wrap elementor-element-populated\">\n\t\t\t\t\t\t<section class=\"elementor-section elementor-inner-section elementor-element elementor-element-621b0c2 elementor-section-boxed elementor-section-height-default elementor-section-height-default\" data-id=\"621b0c2\" data-element_type=\"section\" data-settings=\"{&quot;background_background&quot;:&quot;classic&quot;}\">\n\t\t\t\t\t\t<div class=\"elementor-container elementor-column-gap-default\">\n\t\t\t\t\t<div class=\"elementor-column elementor-col-50 elementor-inner-column elementor-element elementor-element-471665a\" data-id=\"471665a\" data-element_type=\"column\">\n\t\t\t<div class=\"elementor-widget-wrap elementor-element-populated\">\n\t\t\t\t\t\t<div class=\"elementor-element elementor-element-e0ce8d8 elementor-widget elementor-widget-heading\" data-id=\"e0ce8d8\" data-element_type=\"widget\" data-widget_type=\"heading.default\">\n\t\t\t\t<div class=\"elementor-widget-container\">\n\t\t\t\t\t<h2 class=\"elementor-heading-title elementor-size-default\">Hmotnost (kg)<\/h2>\t\t\t\t<\/div>\n\t\t\t\t<\/div>\n\t\t\t\t\t<\/div>\n\t\t<\/div>\n\t\t\t\t<div class=\"elementor-column elementor-col-50 elementor-inner-column elementor-element elementor-element-e3b4d68\" data-id=\"e3b4d68\" data-element_type=\"column\">\n\t\t\t<div class=\"elementor-widget-wrap elementor-element-populated\">\n\t\t\t\t\t\t<div class=\"elementor-element elementor-element-0a063a1 elementor-widget elementor-widget-text-editor\" data-id=\"0a063a1\" data-element_type=\"widget\" data-widget_type=\"text-editor.default\">\n\t\t\t\t<div class=\"elementor-widget-container\">\n\t\t\t\t\t\t\t\t\t<p>88<\/p>\t\t\t\t\t\t\t\t<\/div>\n\t\t\t\t<\/div>\n\t\t\t\t\t<\/div>\n\t\t<\/div>\n\t\t\t\t\t<\/div>\n\t\t<\/section>\n\t\t\t\t<section class=\"elementor-section elementor-inner-section elementor-element elementor-element-a4d4c29 elementor-section-boxed elementor-section-height-default elementor-section-height-default\" data-id=\"a4d4c29\" data-element_type=\"section\" data-settings=\"{&quot;background_background&quot;:&quot;classic&quot;}\">\n\t\t\t\t\t\t<div class=\"elementor-container elementor-column-gap-default\">\n\t\t\t\t\t<div class=\"elementor-column elementor-col-50 elementor-inner-column elementor-element elementor-element-4e227fc\" data-id=\"4e227fc\" data-element_type=\"column\">\n\t\t\t<div class=\"elementor-widget-wrap elementor-element-populated\">\n\t\t\t\t\t\t<div class=\"elementor-element elementor-element-1e7141e elementor-widget elementor-widget-heading\" data-id=\"1e7141e\" data-element_type=\"widget\" data-widget_type=\"heading.default\">\n\t\t\t\t<div class=\"elementor-widget-container\">\n\t\t\t\t\t<h2 class=\"elementor-heading-title elementor-size-default\">V\u00fd\u0161ka (mm)<\/h2>\t\t\t\t<\/div>\n\t\t\t\t<\/div>\n\t\t\t\t\t<\/div>\n\t\t<\/div>\n\t\t\t\t<div class=\"elementor-column elementor-col-50 elementor-inner-column elementor-element elementor-element-7b3fe65\" data-id=\"7b3fe65\" data-element_type=\"column\">\n\t\t\t<div class=\"elementor-widget-wrap elementor-element-populated\">\n\t\t\t\t\t\t<div class=\"elementor-element elementor-element-8c0c91d elementor-widget elementor-widget-text-editor\" data-id=\"8c0c91d\" data-element_type=\"widget\" data-widget_type=\"text-editor.default\">\n\t\t\t\t<div class=\"elementor-widget-container\">\n\t\t\t\t\t\t\t\t\t<p>195<\/p>\t\t\t\t\t\t\t\t<\/div>\n\t\t\t\t<\/div>\n\t\t\t\t\t<\/div>\n\t\t<\/div>\n\t\t\t\t\t<\/div>\n\t\t<\/section>\n\t\t\t\t<section class=\"elementor-section elementor-inner-section elementor-element elementor-element-6c16a53 elementor-section-boxed elementor-section-height-default elementor-section-height-default\" data-id=\"6c16a53\" data-element_type=\"section\" data-settings=\"{&quot;background_background&quot;:&quot;classic&quot;}\">\n\t\t\t\t\t\t<div class=\"elementor-container elementor-column-gap-default\">\n\t\t\t\t\t<div class=\"elementor-column elementor-col-50 elementor-inner-column elementor-element elementor-element-7939c13\" data-id=\"7939c13\" data-element_type=\"column\">\n\t\t\t<div class=\"elementor-widget-wrap elementor-element-populated\">\n\t\t\t\t\t\t<div class=\"elementor-element elementor-element-9a42591 elementor-widget elementor-widget-heading\" data-id=\"9a42591\" data-element_type=\"widget\" data-widget_type=\"heading.default\">\n\t\t\t\t<div class=\"elementor-widget-container\">\n\t\t\t\t\t<h2 class=\"elementor-heading-title elementor-size-default\">Vtokov\u00fd pr\u016f\u0159ez (m2)<\/h2>\t\t\t\t<\/div>\n\t\t\t\t<\/div>\n\t\t\t\t\t<\/div>\n\t\t<\/div>\n\t\t\t\t<div class=\"elementor-column elementor-col-50 elementor-inner-column elementor-element elementor-element-7f8fbd3\" data-id=\"7f8fbd3\" data-element_type=\"column\">\n\t\t\t<div class=\"elementor-widget-wrap elementor-element-populated\">\n\t\t\t\t\t\t<div class=\"elementor-element elementor-element-1489b5e elementor-widget elementor-widget-text-editor\" data-id=\"1489b5e\" data-element_type=\"widget\" data-widget_type=\"text-editor.default\">\n\t\t\t\t<div class=\"elementor-widget-container\">\n\t\t\t\t\t\t\t\t\t<p>0,056<\/p>\t\t\t\t\t\t\t\t<\/div>\n\t\t\t\t<\/div>\n\t\t\t\t\t<\/div>\n\t\t<\/div>\n\t\t\t\t\t<\/div>\n\t\t<\/section>\n\t\t\t\t<section class=\"elementor-section elementor-inner-section elementor-element elementor-element-e944eb0 elementor-section-boxed elementor-section-height-default elementor-section-height-default\" data-id=\"e944eb0\" data-element_type=\"section\" data-settings=\"{&quot;background_background&quot;:&quot;classic&quot;}\">\n\t\t\t\t\t\t<div class=\"elementor-container elementor-column-gap-default\">\n\t\t\t\t\t<div class=\"elementor-column elementor-col-50 elementor-inner-column elementor-element elementor-element-bbdf468\" data-id=\"bbdf468\" data-element_type=\"column\">\n\t\t\t<div class=\"elementor-widget-wrap elementor-element-populated\">\n\t\t\t\t\t\t<div class=\"elementor-element elementor-element-4a93e63 elementor-widget elementor-widget-heading\" data-id=\"4a93e63\" data-element_type=\"widget\" data-widget_type=\"heading.default\">\n\t\t\t\t<div class=\"elementor-widget-container\">\n\t\t\t\t\t<h2 class=\"elementor-heading-title elementor-size-default\">Vtokov\u00fd pr\u016f\u0159ez m\u0159\u00ed\u017e (m\u00b2)<\/h2>\t\t\t\t<\/div>\n\t\t\t\t<\/div>\n\t\t\t\t\t<\/div>\n\t\t<\/div>\n\t\t\t\t<div class=\"elementor-column elementor-col-50 elementor-inner-column elementor-element elementor-element-bf1b229\" data-id=\"bf1b229\" data-element_type=\"column\">\n\t\t\t<div class=\"elementor-widget-wrap elementor-element-populated\">\n\t\t\t\t\t\t<div class=\"elementor-element elementor-element-3ce1d39 elementor-widget elementor-widget-text-editor\" data-id=\"3ce1d39\" data-element_type=\"widget\" data-widget_type=\"text-editor.default\">\n\t\t\t\t<div class=\"elementor-widget-container\">\n\t\t\t\t\t\t\t\t\t<p>&#8211;<\/p>\t\t\t\t\t\t\t\t<\/div>\n\t\t\t\t<\/div>\n\t\t\t\t\t<\/div>\n\t\t<\/div>\n\t\t\t\t\t<\/div>\n\t\t<\/section>\n\t\t\t\t<section class=\"elementor-section elementor-inner-section elementor-element elementor-element-e7ae22c elementor-section-boxed elementor-section-height-default elementor-section-height-default\" data-id=\"e7ae22c\" data-element_type=\"section\" data-settings=\"{&quot;background_background&quot;:&quot;classic&quot;}\">\n\t\t\t\t\t\t<div class=\"elementor-container elementor-column-gap-default\">\n\t\t\t\t\t<div class=\"elementor-column elementor-col-50 elementor-inner-column elementor-element elementor-element-ee88966\" data-id=\"ee88966\" data-element_type=\"column\">\n\t\t\t<div class=\"elementor-widget-wrap elementor-element-populated\">\n\t\t\t\t\t\t<div class=\"elementor-element elementor-element-5c60f8a elementor-widget elementor-widget-heading\" data-id=\"5c60f8a\" data-element_type=\"widget\" data-widget_type=\"heading.default\">\n\t\t\t\t<div class=\"elementor-widget-container\">\n\t\t\t\t\t<h2 class=\"elementor-heading-title elementor-size-default\">Osazen\u00ed pro ko\u0161<\/h2>\t\t\t\t<\/div>\n\t\t\t\t<\/div>\n\t\t\t\t\t<\/div>\n\t\t<\/div>\n\t\t\t\t<div class=\"elementor-column elementor-col-50 elementor-inner-column elementor-element elementor-element-ae2dc23\" data-id=\"ae2dc23\" data-element_type=\"column\">\n\t\t\t<div class=\"elementor-widget-wrap elementor-element-populated\">\n\t\t\t\t\t\t<div class=\"elementor-element elementor-element-4616216 elementor-widget elementor-widget-text-editor\" data-id=\"4616216\" data-element_type=\"widget\" data-widget_type=\"text-editor.default\">\n\t\t\t\t<div class=\"elementor-widget-container\">\n\t\t\t\t\t\t\t\t\t<p>&#8211;<\/p>\t\t\t\t\t\t\t\t<\/div>\n\t\t\t\t<\/div>\n\t\t\t\t\t<\/div>\n\t\t<\/div>\n\t\t\t\t\t<\/div>\n\t\t<\/section>\n\t\t\t\t\t<\/div>\n\t\t<\/div>\n\t\t\t\t\t<\/div>\n\t\t<\/section>\n\t\t\t\t<\/div>\n\t\t","protected":false},"excerpt":{"rendered":"<p>Radbuza\u00ae Vpus\u0165 je vyrobena z odoln\u00e9 litiny a spl\u0148uje normu \u010cSN EN 124-2 pro zat\u00ed\u017een\u00ed kategorie B 125, co\u017e ji \u010din\u00ed vhodnou pro oblasti s leh\u010d\u00edm dopravn\u00edm provozem, jako jsou chodn\u00edky a parkovi\u0161t\u011b. Vpus\u0165 je vybavena nerezov\u00fdm \u0161roubem M16 DIN912 s vnit\u0159n\u00edm \u0161estihranem, p\u0159edn\u00ed \u010d\u00e1st vpusti m\u00e1 sklon 11\u00b0 a celkov\u00e1 v\u00fd\u0161ka pro obrubn\u00edk je [&hellip;]<\/p>\n","protected":false},"author":16,"featured_media":0,"parent":0,"menu_order":0,"comment_status":"closed","ping_status":"closed","template":"","meta":{"footnotes":""},"class_list":["post-5435","page","type-page","status-publish","hentry"],"yoast_head":"<!-- This site is optimized with the Yoast SEO plugin v26.2 - https:\/\/yoast.com\/wordpress\/plugins\/seo\/ -->\n<title>Radbuza\u00ae \u2013 Litinov\u00e1 vpus\u0165 B125 pro chodn\u00edky a parkovi\u0161t\u011b | KOGA Bau<\/title>\n<meta name=\"description\" content=\"Radbuza\u00ae je robustn\u00ed litinov\u00e1 vpus\u0165 t\u0159\u00eddy B125 se sklonem 11\u00b0, vhodn\u00e1 pro chodn\u00edky a parkovi\u0161t\u011b. Nab\u00edz\u00ed osazen\u00ed na DN 450\/500, kompatibilitu s ko\u0161i A4 a B1, ocelov\u00fd ro\u0161t a mo\u017enost vlastn\u00edho motivu v\u00edka. Spolehliv\u00e9 odvodn\u011bn\u00ed od KOGA Bau.\" \/>\n<meta name=\"robots\" content=\"noindex, follow, max-snippet:-1, max-image-preview:large, max-video-preview:-1\" \/>\n<meta property=\"og:locale\" content=\"cs_CZ\" \/>\n<meta property=\"og:type\" content=\"article\" \/>\n<meta property=\"og:title\" content=\"Radbuza\u00ae \u2013 Litinov\u00e1 vpus\u0165 B125 pro chodn\u00edky a parkovi\u0161t\u011b | KOGA Bau\" \/>\n<meta property=\"og:description\" content=\"Radbuza\u00ae je robustn\u00ed litinov\u00e1 vpus\u0165 t\u0159\u00eddy B125 se sklonem 11\u00b0, vhodn\u00e1 pro chodn\u00edky a parkovi\u0161t\u011b. Nab\u00edz\u00ed osazen\u00ed na DN 450\/500, kompatibilitu s ko\u0161i A4 a B1, ocelov\u00fd ro\u0161t a mo\u017enost vlastn\u00edho motivu v\u00edka. Spolehliv\u00e9 odvodn\u011bn\u00ed od KOGA Bau.\" \/>\n<meta property=\"og:url\" content=\"https:\/\/kogabau.facilitytest.sk\/cs\/radbuza\/\" \/>\n<meta property=\"og:site_name\" content=\"KOGABAU\" \/>\n<meta property=\"article:modified_time\" content=\"2025-11-12T13:59:27+00:00\" \/>\n<meta property=\"og:image\" content=\"https:\/\/kogabau.facilitytest.sk\/wp-content\/uploads\/2025\/10\/KoGaBau-Radbuza.png\" \/>\n\t<meta property=\"og:image:width\" content=\"575\" \/>\n\t<meta property=\"og:image:height\" content=\"580\" \/>\n\t<meta property=\"og:image:type\" content=\"image\/png\" \/>\n<meta name=\"twitter:card\" content=\"summary_large_image\" \/>\n<meta name=\"twitter:label1\" content=\"Odhadovan\u00e1 doba \u010dten\u00ed\" \/>\n\t<meta name=\"twitter:data1\" content=\"1 minuta\" \/>\n<script type=\"application\/ld+json\" class=\"yoast-schema-graph\">{\"@context\":\"https:\/\/schema.org\",\"@graph\":[{\"@type\":\"WebPage\",\"@id\":\"https:\/\/kogabau.facilitytest.sk\/cs\/radbuza\/\",\"url\":\"https:\/\/kogabau.facilitytest.sk\/cs\/radbuza\/\",\"name\":\"Radbuza\u00ae \u2013 Litinov\u00e1 vpus\u0165 B125 pro chodn\u00edky a parkovi\u0161t\u011b | KOGA Bau\",\"isPartOf\":{\"@id\":\"https:\/\/kogabau.facilitytest.sk\/cs\/#website\"},\"primaryImageOfPage\":{\"@id\":\"https:\/\/kogabau.facilitytest.sk\/cs\/radbuza\/#primaryimage\"},\"image\":{\"@id\":\"https:\/\/kogabau.facilitytest.sk\/cs\/radbuza\/#primaryimage\"},\"thumbnailUrl\":\"https:\/\/kogabau.facilitytest.sk\/wp-content\/uploads\/2025\/10\/KoGaBau-Radbuza.png\",\"datePublished\":\"2025-10-12T18:17:48+00:00\",\"dateModified\":\"2025-11-12T13:59:27+00:00\",\"description\":\"Radbuza\u00ae je robustn\u00ed litinov\u00e1 vpus\u0165 t\u0159\u00eddy B125 se sklonem 11\u00b0, vhodn\u00e1 pro chodn\u00edky a parkovi\u0161t\u011b. Nab\u00edz\u00ed osazen\u00ed na DN 450\/500, kompatibilitu s ko\u0161i A4 a B1, ocelov\u00fd ro\u0161t a mo\u017enost vlastn\u00edho motivu v\u00edka. Spolehliv\u00e9 odvodn\u011bn\u00ed od KOGA Bau.\",\"breadcrumb\":{\"@id\":\"https:\/\/kogabau.facilitytest.sk\/cs\/radbuza\/#breadcrumb\"},\"inLanguage\":\"cs\",\"potentialAction\":[{\"@type\":\"ReadAction\",\"target\":[\"https:\/\/kogabau.facilitytest.sk\/cs\/radbuza\/\"]}]},{\"@type\":\"ImageObject\",\"inLanguage\":\"cs\",\"@id\":\"https:\/\/kogabau.facilitytest.sk\/cs\/radbuza\/#primaryimage\",\"url\":\"https:\/\/kogabau.facilitytest.sk\/wp-content\/uploads\/2025\/10\/KoGaBau-Radbuza.png\",\"contentUrl\":\"https:\/\/kogabau.facilitytest.sk\/wp-content\/uploads\/2025\/10\/KoGaBau-Radbuza.png\"},{\"@type\":\"BreadcrumbList\",\"@id\":\"https:\/\/kogabau.facilitytest.sk\/cs\/radbuza\/#breadcrumb\",\"itemListElement\":[{\"@type\":\"ListItem\",\"position\":1,\"name\":\"Home\",\"item\":\"https:\/\/kogabau.facilitytest.sk\/cs\/\"},{\"@type\":\"ListItem\",\"position\":2,\"name\":\"Radbuza\"}]},{\"@type\":\"WebSite\",\"@id\":\"https:\/\/kogabau.facilitytest.sk\/cs\/#website\",\"url\":\"https:\/\/kogabau.facilitytest.sk\/cs\/\",\"name\":\"KOGABAU\",\"description\":\"\",\"publisher\":{\"@id\":\"https:\/\/kogabau.facilitytest.sk\/cs\/#organization\"},\"potentialAction\":[{\"@type\":\"SearchAction\",\"target\":{\"@type\":\"EntryPoint\",\"urlTemplate\":\"https:\/\/kogabau.facilitytest.sk\/cs\/?s={search_term_string}\"},\"query-input\":{\"@type\":\"PropertyValueSpecification\",\"valueRequired\":true,\"valueName\":\"search_term_string\"}}],\"inLanguage\":\"cs\"},{\"@type\":\"Organization\",\"@id\":\"https:\/\/kogabau.facilitytest.sk\/cs\/#organization\",\"name\":\"KOGABAU\",\"url\":\"https:\/\/kogabau.facilitytest.sk\/cs\/\",\"logo\":{\"@type\":\"ImageObject\",\"inLanguage\":\"cs\",\"@id\":\"https:\/\/kogabau.facilitytest.sk\/cs\/#\/schema\/logo\/image\/\",\"url\":\"https:\/\/kogabau.facilitytest.sk\/wp-content\/uploads\/2021\/02\/KOGA-BAU-logo-cierne.png\",\"contentUrl\":\"https:\/\/kogabau.facilitytest.sk\/wp-content\/uploads\/2021\/02\/KOGA-BAU-logo-cierne.png\",\"width\":516,\"height\":66,\"caption\":\"KOGABAU\"},\"image\":{\"@id\":\"https:\/\/kogabau.facilitytest.sk\/cs\/#\/schema\/logo\/image\/\"}}]}<\/script>\n<!-- \/ Yoast SEO plugin. -->","yoast_head_json":{"title":"Radbuza\u00ae \u2013 Litinov\u00e1 vpus\u0165 B125 pro chodn\u00edky a parkovi\u0161t\u011b | KOGA Bau","description":"Radbuza\u00ae je robustn\u00ed litinov\u00e1 vpus\u0165 t\u0159\u00eddy B125 se sklonem 11\u00b0, vhodn\u00e1 pro chodn\u00edky a parkovi\u0161t\u011b. Nab\u00edz\u00ed osazen\u00ed na DN 450\/500, kompatibilitu s ko\u0161i A4 a B1, ocelov\u00fd ro\u0161t a mo\u017enost vlastn\u00edho motivu v\u00edka. Spolehliv\u00e9 odvodn\u011bn\u00ed od KOGA Bau.","robots":{"index":"noindex","follow":"follow","max-snippet":"max-snippet:-1","max-image-preview":"max-image-preview:large","max-video-preview":"max-video-preview:-1"},"og_locale":"cs_CZ","og_type":"article","og_title":"Radbuza\u00ae \u2013 Litinov\u00e1 vpus\u0165 B125 pro chodn\u00edky a parkovi\u0161t\u011b | KOGA Bau","og_description":"Radbuza\u00ae je robustn\u00ed litinov\u00e1 vpus\u0165 t\u0159\u00eddy B125 se sklonem 11\u00b0, vhodn\u00e1 pro chodn\u00edky a parkovi\u0161t\u011b. Nab\u00edz\u00ed osazen\u00ed na DN 450\/500, kompatibilitu s ko\u0161i A4 a B1, ocelov\u00fd ro\u0161t a mo\u017enost vlastn\u00edho motivu v\u00edka. Spolehliv\u00e9 odvodn\u011bn\u00ed od KOGA Bau.","og_url":"https:\/\/kogabau.facilitytest.sk\/cs\/radbuza\/","og_site_name":"KOGABAU","article_modified_time":"2025-11-12T13:59:27+00:00","og_image":[{"width":575,"height":580,"url":"https:\/\/kogabau.facilitytest.sk\/wp-content\/uploads\/2025\/10\/KoGaBau-Radbuza.png","type":"image\/png"}],"twitter_card":"summary_large_image","twitter_misc":{"Odhadovan\u00e1 doba \u010dten\u00ed":"1 minuta"},"schema":{"@context":"https:\/\/schema.org","@graph":[{"@type":"WebPage","@id":"https:\/\/kogabau.facilitytest.sk\/cs\/radbuza\/","url":"https:\/\/kogabau.facilitytest.sk\/cs\/radbuza\/","name":"Radbuza\u00ae \u2013 Litinov\u00e1 vpus\u0165 B125 pro chodn\u00edky a parkovi\u0161t\u011b | KOGA Bau","isPartOf":{"@id":"https:\/\/kogabau.facilitytest.sk\/cs\/#website"},"primaryImageOfPage":{"@id":"https:\/\/kogabau.facilitytest.sk\/cs\/radbuza\/#primaryimage"},"image":{"@id":"https:\/\/kogabau.facilitytest.sk\/cs\/radbuza\/#primaryimage"},"thumbnailUrl":"https:\/\/kogabau.facilitytest.sk\/wp-content\/uploads\/2025\/10\/KoGaBau-Radbuza.png","datePublished":"2025-10-12T18:17:48+00:00","dateModified":"2025-11-12T13:59:27+00:00","description":"Radbuza\u00ae je robustn\u00ed litinov\u00e1 vpus\u0165 t\u0159\u00eddy B125 se sklonem 11\u00b0, vhodn\u00e1 pro chodn\u00edky a parkovi\u0161t\u011b. Nab\u00edz\u00ed osazen\u00ed na DN 450\/500, kompatibilitu s ko\u0161i A4 a B1, ocelov\u00fd ro\u0161t a mo\u017enost vlastn\u00edho motivu v\u00edka. Spolehliv\u00e9 odvodn\u011bn\u00ed od KOGA Bau.","breadcrumb":{"@id":"https:\/\/kogabau.facilitytest.sk\/cs\/radbuza\/#breadcrumb"},"inLanguage":"cs","potentialAction":[{"@type":"ReadAction","target":["https:\/\/kogabau.facilitytest.sk\/cs\/radbuza\/"]}]},{"@type":"ImageObject","inLanguage":"cs","@id":"https:\/\/kogabau.facilitytest.sk\/cs\/radbuza\/#primaryimage","url":"https:\/\/kogabau.facilitytest.sk\/wp-content\/uploads\/2025\/10\/KoGaBau-Radbuza.png","contentUrl":"https:\/\/kogabau.facilitytest.sk\/wp-content\/uploads\/2025\/10\/KoGaBau-Radbuza.png"},{"@type":"BreadcrumbList","@id":"https:\/\/kogabau.facilitytest.sk\/cs\/radbuza\/#breadcrumb","itemListElement":[{"@type":"ListItem","position":1,"name":"Home","item":"https:\/\/kogabau.facilitytest.sk\/cs\/"},{"@type":"ListItem","position":2,"name":"Radbuza"}]},{"@type":"WebSite","@id":"https:\/\/kogabau.facilitytest.sk\/cs\/#website","url":"https:\/\/kogabau.facilitytest.sk\/cs\/","name":"KOGABAU","description":"","publisher":{"@id":"https:\/\/kogabau.facilitytest.sk\/cs\/#organization"},"potentialAction":[{"@type":"SearchAction","target":{"@type":"EntryPoint","urlTemplate":"https:\/\/kogabau.facilitytest.sk\/cs\/?s={search_term_string}"},"query-input":{"@type":"PropertyValueSpecification","valueRequired":true,"valueName":"search_term_string"}}],"inLanguage":"cs"},{"@type":"Organization","@id":"https:\/\/kogabau.facilitytest.sk\/cs\/#organization","name":"KOGABAU","url":"https:\/\/kogabau.facilitytest.sk\/cs\/","logo":{"@type":"ImageObject","inLanguage":"cs","@id":"https:\/\/kogabau.facilitytest.sk\/cs\/#\/schema\/logo\/image\/","url":"https:\/\/kogabau.facilitytest.sk\/wp-content\/uploads\/2021\/02\/KOGA-BAU-logo-cierne.png","contentUrl":"https:\/\/kogabau.facilitytest.sk\/wp-content\/uploads\/2021\/02\/KOGA-BAU-logo-cierne.png","width":516,"height":66,"caption":"KOGABAU"},"image":{"@id":"https:\/\/kogabau.facilitytest.sk\/cs\/#\/schema\/logo\/image\/"}}]}},"_links":{"self":[{"href":"https:\/\/kogabau.facilitytest.sk\/cs\/wp-json\/wp\/v2\/pages\/5435","targetHints":{"allow":["GET"]}}],"collection":[{"href":"https:\/\/kogabau.facilitytest.sk\/cs\/wp-json\/wp\/v2\/pages"}],"about":[{"href":"https:\/\/kogabau.facilitytest.sk\/cs\/wp-json\/wp\/v2\/types\/page"}],"author":[{"embeddable":true,"href":"https:\/\/kogabau.facilitytest.sk\/cs\/wp-json\/wp\/v2\/users\/16"}],"replies":[{"embeddable":true,"href":"https:\/\/kogabau.facilitytest.sk\/cs\/wp-json\/wp\/v2\/comments?post=5435"}],"version-history":[{"count":8,"href":"https:\/\/kogabau.facilitytest.sk\/cs\/wp-json\/wp\/v2\/pages\/5435\/revisions"}],"predecessor-version":[{"id":7122,"href":"https:\/\/kogabau.facilitytest.sk\/cs\/wp-json\/wp\/v2\/pages\/5435\/revisions\/7122"}],"wp:attachment":[{"href":"https:\/\/kogabau.facilitytest.sk\/cs\/wp-json\/wp\/v2\/media?parent=5435"}],"curies":[{"name":"wp","href":"https:\/\/api.w.org\/{rel}","templated":true}]}}