{"id":5360,"date":"2022-02-14T19:56:10","date_gmt":"2022-02-14T18:56:10","guid":{"rendered":"https:\/\/kogabau.facilitytest.sk\/pouzivani-souboru-cookies\/"},"modified":"2025-11-09T12:19:40","modified_gmt":"2025-11-09T11:19:40","slug":"pouzivani-souboru-cookies","status":"publish","type":"page","link":"https:\/\/kogabau.facilitytest.sk\/cs\/pouzivani-souboru-cookies\/","title":{"rendered":"Pou\u017e\u00edv\u00e1n\u00ed soubor\u016f cookies"},"content":{"rendered":"\t\t<div data-elementor-type=\"wp-post\" data-elementor-id=\"5360\" class=\"elementor elementor-5360 elementor-54\" data-elementor-post-type=\"page\">\n\t\t\t\t\t\t<section class=\"elementor-section elementor-top-section elementor-element elementor-element-b5cb312 elementor-section-boxed elementor-section-height-default elementor-section-height-default\" data-id=\"b5cb312\" data-element_type=\"section\" data-settings=\"{&quot;background_background&quot;:&quot;classic&quot;}\">\n\t\t\t\t\t\t<div class=\"elementor-container elementor-column-gap-default\">\n\t\t\t\t\t<div class=\"elementor-column elementor-col-100 elementor-top-column elementor-element elementor-element-abf7891\" data-id=\"abf7891\" data-element_type=\"column\">\n\t\t\t<div class=\"elementor-widget-wrap elementor-element-populated\">\n\t\t\t\t\t\t<div class=\"elementor-element elementor-element-1c784e0 elementor-widget elementor-widget-spacer\" data-id=\"1c784e0\" data-element_type=\"widget\" data-widget_type=\"spacer.default\">\n\t\t\t\t<div class=\"elementor-widget-container\">\n\t\t\t\t\t\t\t<div class=\"elementor-spacer\">\n\t\t\t<div class=\"elementor-spacer-inner\"><\/div>\n\t\t<\/div>\n\t\t\t\t\t\t<\/div>\n\t\t\t\t<\/div>\n\t\t\t\t<div class=\"elementor-element elementor-element-3649150 elementor-widget elementor-widget-heading\" data-id=\"3649150\" data-element_type=\"widget\" data-widget_type=\"heading.default\">\n\t\t\t\t<div class=\"elementor-widget-container\">\n\t\t\t\t\t<h1 class=\"elementor-heading-title elementor-size-default\">Pou\u017e\u00edv\u00e1n\u00ed soubor\u016f cookies<\/h1>\t\t\t\t<\/div>\n\t\t\t\t<\/div>\n\t\t\t\t\t<\/div>\n\t\t<\/div>\n\t\t\t\t\t<\/div>\n\t\t<\/section>\n\t\t\t\t<section class=\"elementor-section elementor-top-section elementor-element elementor-element-7711da09 elementor-section-boxed elementor-section-height-default elementor-section-height-default\" data-id=\"7711da09\" data-element_type=\"section\">\n\t\t\t\t\t\t<div class=\"elementor-container elementor-column-gap-default\">\n\t\t\t\t\t<div class=\"elementor-column elementor-col-100 elementor-top-column elementor-element elementor-element-366fd1e\" data-id=\"366fd1e\" data-element_type=\"column\">\n\t\t\t<div class=\"elementor-widget-wrap elementor-element-populated\">\n\t\t\t\t\t\t<div class=\"elementor-element elementor-element-e96d9be elementor-widget elementor-widget-spacer\" data-id=\"e96d9be\" data-element_type=\"widget\" data-widget_type=\"spacer.default\">\n\t\t\t\t<div class=\"elementor-widget-container\">\n\t\t\t\t\t\t\t<div class=\"elementor-spacer\">\n\t\t\t<div class=\"elementor-spacer-inner\"><\/div>\n\t\t<\/div>\n\t\t\t\t\t\t<\/div>\n\t\t\t\t<\/div>\n\t\t\t\t<div class=\"elementor-element elementor-element-5e903318 elementor-widget elementor-widget-text-editor\" data-id=\"5e903318\" data-element_type=\"widget\" data-widget_type=\"text-editor.default\">\n\t\t\t\t<div class=\"elementor-widget-container\">\n\t\t\t\t\t\t\t\t\tTyto z\u00e1sady obsahuj\u00ed informace o tom, jak spole\u010dnost KOGA Bau s.r.o. se s\u00eddlem Kop\u010dianska 3756\/10 851 01 Bratislava &#8211; m\u011bstsk\u00e1 \u010d\u00e1st Petr\u017ealka, I\u010cO: 45462283, zapsan\u00e1 v Obchodn\u00edm rejst\u0159\u00edku M\u011bstsk\u00e9ho soudu Bratislava III, vlo\u017eka \u010d.. 118615\/B\n(d\u00e1le jen jako \u201eProvozovatel\u201c) pou\u017e\u00edv\u00e1 soubory cookies a podobn\u00e9 technologie (d\u00e1le jen \u201ecookies\u201c). \t\t\t\t\t\t\t\t<\/div>\n\t\t\t\t<\/div>\n\t\t\t\t<div class=\"elementor-element elementor-element-9fa745d elementor-widget elementor-widget-heading\" data-id=\"9fa745d\" data-element_type=\"widget\" data-widget_type=\"heading.default\">\n\t\t\t\t<div class=\"elementor-widget-container\">\n\t\t\t\t\t<h2 class=\"elementor-heading-title elementor-size-default\">Co jsou cookies?<\/h2>\t\t\t\t<\/div>\n\t\t\t\t<\/div>\n\t\t\t\t<div class=\"elementor-element elementor-element-53b9e417 elementor-widget elementor-widget-text-editor\" data-id=\"53b9e417\" data-element_type=\"widget\" data-widget_type=\"text-editor.default\">\n\t\t\t\t<div class=\"elementor-widget-container\">\n\t\t\t\t\t\t\t\t\t<p>Soubory cookies jsou mal\u00e9 textov\u00e9 soubory, kter\u00e9 mohou b\u00fdt do prohl\u00ed\u017ee\u010de odes\u00edl\u00e1ny p\u0159i n\u00e1v\u0161t\u011bv\u011b webov\u00fdch str\u00e1nek a ukl\u00e1d\u00e1ny do va\u0161eho za\u0159\u00edzen\u00ed (po\u010d\u00edta\u010de nebo do jin\u00e9ho za\u0159\u00edzen\u00ed s p\u0159\u00edstupem na internet, jako nap\u0159. smartphone nebo tablet). Soubory cookies se ukl\u00e1daj\u00ed do slo\u017eky pro soubory va\u0161eho prohl\u00ed\u017ee\u010de. Cookies obvykle obsahuj\u00ed n\u00e1zev webov\u00e9 str\u00e1nky, ze kter\u00e9 poch\u00e1zej\u00ed, platnost a hodnotu. P\u0159i dal\u0161\u00ed n\u00e1v\u0161t\u011bv\u011b str\u00e1nky webov\u00fd prohl\u00ed\u017ee\u010d znovu na\u010dte soubory cookies a tyto informace ode\u0161le zp\u011bt webov\u00e9 str\u00e1nce, kter\u00e1 p\u016fvodn\u011b cookies vytvo\u0159ila. Soubory \u201ecookies\u201c, kter\u00e9 pou\u017e\u00edv\u00e1me, nepo\u0161kozuj\u00ed V\u00e1\u0161 po\u010d\u00edta\u010d nebo za\u0159\u00edzen\u00ed.    <\/p>\t\t\t\t\t\t\t\t<\/div>\n\t\t\t\t<\/div>\n\t\t\t\t<div class=\"elementor-element elementor-element-2b8a5428 elementor-widget elementor-widget-heading\" data-id=\"2b8a5428\" data-element_type=\"widget\" data-widget_type=\"heading.default\">\n\t\t\t\t<div class=\"elementor-widget-container\">\n\t\t\t\t\t<h2 class=\"elementor-heading-title elementor-size-default\">Pro\u010d pou\u017e\u00edv\u00e1me cookies?<\/h2>\t\t\t\t<\/div>\n\t\t\t\t<\/div>\n\t\t\t\t<div class=\"elementor-element elementor-element-d895c32 elementor-widget elementor-widget-text-editor\" data-id=\"d895c32\" data-element_type=\"widget\" data-widget_type=\"text-editor.default\">\n\t\t\t\t<div class=\"elementor-widget-container\">\n\t\t\t\t\t\t\t\t\t<p>Cookies pou\u017e\u00edv\u00e1me s c\u00edlem optim\u00e1ln\u011b vytv\u00e1\u0159et a neust\u00e1le zkvalit\u0148ovat na\u0161e slu\u017eby, p\u0159izp\u016fsobit je Va\u0161im z\u00e1jm\u016fm a pot\u0159eb\u00e1m a zlep\u0161ovat jejich strukturu a obsah. Na str\u00e1nk\u00e1ch www.kogabau.cz mohou b\u00fdt pou\u017eity do\u010dasn\u00e9 a trval\u00e9 cookies. Do\u010dasn\u00e9 se uchov\u00e1vaj\u00ed ve Va\u0161em za\u0159\u00edzen\u00ed, dokud str\u00e1nku neopust\u00edte. Trval\u00e9 cookies z\u016fst\u00e1vaj\u00ed na Va\u0161em za\u0159\u00edzen\u00ed do uplynut\u00ed jejich platnosti nebo do ru\u010dn\u00edho vymaz\u00e1n\u00ed. Doba, po kterou si informace ponech\u00e1v\u00e1me, z\u00e1vis\u00ed na typu soubor\u016f cookies.    <\/p>\t\t\t\t\t\t\t\t<\/div>\n\t\t\t\t<\/div>\n\t\t\t\t<div class=\"elementor-element elementor-element-8fbe329 elementor-widget elementor-widget-heading\" data-id=\"8fbe329\" data-element_type=\"widget\" data-widget_type=\"heading.default\">\n\t\t\t\t<div class=\"elementor-widget-container\">\n\t\t\t\t\t<h2 class=\"elementor-heading-title elementor-size-default\">Na na\u0161ich webov\u00fdch str\u00e1nk\u00e1ch pou\u017e\u00edv\u00e1me pouze nezbytn\u00e9 cookies:<\/h2>\t\t\t\t<\/div>\n\t\t\t\t<\/div>\n\t\t\t\t<div class=\"elementor-element elementor-element-70610cef elementor-widget elementor-widget-text-editor\" data-id=\"70610cef\" data-element_type=\"widget\" data-widget_type=\"text-editor.default\">\n\t\t\t\t<div class=\"elementor-widget-container\">\n\t\t\t\t\t\t\t\t\t<p>Tyto soubory cookies tvo\u0159\u00ed z\u00e1klad pro provoz na\u0161\u00ed webov\u00e9 str\u00e1nky a umo\u017e\u0148uj\u00ed pou\u017e\u00edv\u00e1n\u00ed z\u00e1kladn\u00edch funkc\u00ed. Bez vyu\u017e\u00edv\u00e1n\u00ed t\u011bchto cookies by nebylo mo\u017en\u00e9 poskytovat slu\u017eby, kter\u00e9 tvo\u0159\u00ed z\u00e1klad na\u0161\u00ed webov\u00e9 str\u00e1nky, jeliko\u017e by se V\u00e1m n\u011bkter\u00e9 funkce na\u0161\u00ed webov\u00e9 str\u00e1nky nezobrazovaly spr\u00e1vn\u011b. <\/p><p> <\/p><p>Ve smyslu platn\u00e9 legislativy je Provozovatel opr\u00e1vn\u011bn ukl\u00e1dat funk\u010dn\u00ed cookies soubory do Va\u0161eho za\u0159\u00edzen\u00ed i bez Va\u0161eho souhlasu. Vyu\u017e\u00edv\u00e1n\u00ed funk\u010dn\u00edch cookies soubor\u016f m\u016f\u017eete vypnout prost\u0159ednictv\u00edm nastaven\u00ed Va\u0161eho prohl\u00ed\u017ee\u010de. V takov\u00e9m p\u0159\u00edpad\u011b se v\u00e1m v\u0161ak n\u011bkter\u00e9 funkce webov\u00e9 str\u00e1nky nebudou zobrazovat spr\u00e1vn\u011b.  <\/p>\t\t\t\t\t\t\t\t<\/div>\n\t\t\t\t<\/div>\n\t\t\t\t<div class=\"elementor-element elementor-element-75279ffb elementor-widget elementor-widget-heading\" data-id=\"75279ffb\" data-element_type=\"widget\" data-widget_type=\"heading.default\">\n\t\t\t\t<div class=\"elementor-widget-container\">\n\t\t\t\t\t<h2 class=\"elementor-heading-title elementor-size-default\">Jak lze zm\u011bnit nastaven\u00ed cookies?<\/h2>\t\t\t\t<\/div>\n\t\t\t\t<\/div>\n\t\t\t\t<div class=\"elementor-element elementor-element-734f6fc0 elementor-widget elementor-widget-text-editor\" data-id=\"734f6fc0\" data-element_type=\"widget\" data-widget_type=\"text-editor.default\">\n\t\t\t\t<div class=\"elementor-widget-container\">\n\t\t\t\t\t\t\t\t\t<p>Sv\u016fj souhlas s ukl\u00e1d\u00e1n\u00edm soubor\u016f cookies do Va\u0161eho za\u0159\u00edzen\u00ed m\u016f\u017eete kdykoli odvolat nebo zm\u011bnit v nastaven\u00ed soubor\u016f cookies ve sv\u00e9m webov\u00e9m prohl\u00ed\u017ee\u010di.<\/p>\t\t\t\t\t\t\t\t<\/div>\n\t\t\t\t<\/div>\n\t\t\t\t<div class=\"elementor-element elementor-element-4e182f78 elementor-widget elementor-widget-heading\" data-id=\"4e182f78\" data-element_type=\"widget\" data-widget_type=\"heading.default\">\n\t\t\t\t<div class=\"elementor-widget-container\">\n\t\t\t\t\t<h2 class=\"elementor-heading-title elementor-size-default\">Platnost<\/h2>\t\t\t\t<\/div>\n\t\t\t\t<\/div>\n\t\t\t\t<div class=\"elementor-element elementor-element-3689263a elementor-widget elementor-widget-text-editor\" data-id=\"3689263a\" data-element_type=\"widget\" data-widget_type=\"text-editor.default\">\n\t\t\t\t<div class=\"elementor-widget-container\">\n\t\t\t\t\t\t\t\t\t<p>Tyto aktualizovan\u00e9 z\u00e1sady pou\u017e\u00edv\u00e1n\u00ed soubor\u016f cookies na na\u0161\u00ed webov\u00e9 str\u00e1nce jsou platn\u00e9 a \u00fa\u010dinn\u00e9 od 1.2.2022. Provozovatel je opr\u00e1vn\u011bn aktualizovat a m\u011bnit tyto z\u00e1sady pou\u017e\u00edv\u00e1n\u00ed soubor\u016f cookies. <\/p>\t\t\t\t\t\t\t\t<\/div>\n\t\t\t\t<\/div>\n\t\t\t\t<div class=\"elementor-element elementor-element-6a1b2dfd elementor-widget elementor-widget-heading\" data-id=\"6a1b2dfd\" data-element_type=\"widget\" data-widget_type=\"heading.default\">\n\t\t\t\t<div class=\"elementor-widget-container\">\n\t\t\t\t\t<h2 class=\"elementor-heading-title elementor-size-default\">Seznam soubor\u016f cookies pou\u017e\u00edvan\u00fdch na str\u00e1nce www.kogabau.cz<\/h2>\t\t\t\t<\/div>\n\t\t\t\t<\/div>\n\t\t\t\t<div class=\"elementor-element elementor-element-74355cca elementor-widget elementor-widget-text-editor\" data-id=\"74355cca\" data-element_type=\"widget\" data-widget_type=\"text-editor.default\">\n\t\t\t\t<div class=\"elementor-widget-container\">\n\t\t\t\t\t\t\t\t\t<p>Kategorie: Nezbytn\u00e9 (1)<\/p>\n<table>\n<tbody>\n<tr>\n<td width=\"143\">\n<p><strong>N\u00c1ZEV COOKIE<\/strong><\/p>\n<\/td>\n<td width=\"148\">\n<p><strong>POSKYTOVATEL<\/strong><\/p>\n<\/td>\n<td width=\"40\">\n<p><strong>TYP<\/strong><\/p>\n<\/td>\n<td width=\"74\">\n<p><strong>EXSPIRUJE<\/strong><\/p>\n<\/td>\n<td width=\"66\">\n<p><strong>ZASLAN\u00c9 DO<\/strong><\/p>\n<\/td>\n<td width=\"120\">\n<p><strong>POPIS<\/strong><\/p>\n<\/td>\n<\/tr>\n<tr>\n<td width=\"143\">\n<p>elementor<\/p>\n<\/td>\n<td width=\"148\">\n<p>kogabau.sk<\/p>\n<\/td>\n<td width=\"40\">\n<p>HTML<\/p>\n<\/td>\n<td width=\"74\">\n<p>Trval\u00e9<\/p>\n<\/td>\n<td width=\"66\">\n<p>Slovakia<\/p>\n<\/td>\n<td width=\"120\">\n<p>Pou\u017e\u00edv\u00e1 se v kontextu s t\u00e9matem Word Press webov\u00e9 str\u00e1nky. Soubor cookie umo\u017e\u0148uje vlastn\u00edkovi webov\u00e9 str\u00e1nky implementovat nebo m\u011bnit obsah webov\u00e9 str\u00e1nky v re\u00e1ln\u00e9m \u010dase. <\/p>\n<\/td>\n<\/tr>\n<\/tbody>\n<\/table>\t\t\t\t\t\t\t\t<\/div>\n\t\t\t\t<\/div>\n\t\t\t\t\t<\/div>\n\t\t<\/div>\n\t\t\t\t\t<\/div>\n\t\t<\/section>\n\t\t\t\t<\/div>\n\t\t","protected":false},"excerpt":{"rendered":"<p>Pou\u017e\u00edv\u00e1n\u00ed soubor\u016f cookies Tyto z\u00e1sady obsahuj\u00ed informace o tom, jak spole\u010dnost KOGA Bau s.r.o. se s\u00eddlem Kop\u010dianska 3756\/10 851 01 Bratislava &#8211; m\u011bstsk\u00e1 \u010d\u00e1st Petr\u017ealka, I\u010cO: 45462283, zapsan\u00e1 v Obchodn\u00edm rejst\u0159\u00edku M\u011bstsk\u00e9ho soudu Bratislava III, vlo\u017eka \u010d.. 118615\/B (d\u00e1le jen jako \u201eProvozovatel\u201c) pou\u017e\u00edv\u00e1 soubory cookies a podobn\u00e9 technologie (d\u00e1le jen \u201ecookies\u201c). Co jsou cookies? Soubory [&hellip;]<\/p>\n","protected":false},"author":3,"featured_media":0,"parent":0,"menu_order":0,"comment_status":"closed","ping_status":"closed","template":"elementor_header_footer","meta":{"footnotes":""},"class_list":["post-5360","page","type-page","status-publish","hentry"],"yoast_head":"<!-- This site is optimized with the Yoast SEO plugin v26.2 - https:\/\/yoast.com\/wordpress\/plugins\/seo\/ -->\n<title>Pou\u017e\u00edv\u00e1n\u00ed soubor\u016f cookies<\/title>\n<meta name=\"description\" content=\"P\u0159e\u010dt\u011bte si, jak\u00e9 zpracov\u00e1v\u00e1me soubory cookies.\" \/>\n<meta name=\"robots\" content=\"noindex, follow, max-snippet:-1, max-image-preview:large, max-video-preview:-1\" \/>\n<meta property=\"og:locale\" content=\"cs_CZ\" \/>\n<meta property=\"og:type\" content=\"article\" \/>\n<meta property=\"og:title\" content=\"Pou\u017e\u00edv\u00e1n\u00ed soubor\u016f cookies\" \/>\n<meta property=\"og:description\" content=\"P\u0159e\u010dt\u011bte si, jak\u00e9 zpracov\u00e1v\u00e1me soubory cookies.\" \/>\n<meta property=\"og:url\" content=\"https:\/\/kogabau.facilitytest.sk\/cs\/pouzivani-souboru-cookies\/\" \/>\n<meta property=\"og:site_name\" content=\"KOGABAU\" \/>\n<meta property=\"article:modified_time\" content=\"2025-11-09T11:19:40+00:00\" \/>\n<meta name=\"twitter:card\" content=\"summary_large_image\" \/>\n<meta name=\"twitter:label1\" content=\"Odhadovan\u00e1 doba \u010dten\u00ed\" \/>\n\t<meta name=\"twitter:data1\" content=\"3 minuty\" \/>\n<script type=\"application\/ld+json\" class=\"yoast-schema-graph\">{\"@context\":\"https:\/\/schema.org\",\"@graph\":[{\"@type\":\"WebPage\",\"@id\":\"https:\/\/kogabau.facilitytest.sk\/cs\/pouzivani-souboru-cookies\/\",\"url\":\"https:\/\/kogabau.facilitytest.sk\/cs\/pouzivani-souboru-cookies\/\",\"name\":\"Pou\u017e\u00edv\u00e1n\u00ed soubor\u016f cookies\",\"isPartOf\":{\"@id\":\"https:\/\/kogabau.facilitytest.sk\/cs\/#website\"},\"datePublished\":\"2022-02-14T18:56:10+00:00\",\"dateModified\":\"2025-11-09T11:19:40+00:00\",\"description\":\"P\u0159e\u010dt\u011bte si, jak\u00e9 zpracov\u00e1v\u00e1me soubory cookies.\",\"breadcrumb\":{\"@id\":\"https:\/\/kogabau.facilitytest.sk\/cs\/pouzivani-souboru-cookies\/#breadcrumb\"},\"inLanguage\":\"cs\",\"potentialAction\":[{\"@type\":\"ReadAction\",\"target\":[\"https:\/\/kogabau.facilitytest.sk\/cs\/pouzivani-souboru-cookies\/\"]}]},{\"@type\":\"BreadcrumbList\",\"@id\":\"https:\/\/kogabau.facilitytest.sk\/cs\/pouzivani-souboru-cookies\/#breadcrumb\",\"itemListElement\":[{\"@type\":\"ListItem\",\"position\":1,\"name\":\"Home\",\"item\":\"https:\/\/kogabau.facilitytest.sk\/cs\/\"},{\"@type\":\"ListItem\",\"position\":2,\"name\":\"Pou\u017e\u00edv\u00e1n\u00ed soubor\u016f cookies\"}]},{\"@type\":\"WebSite\",\"@id\":\"https:\/\/kogabau.facilitytest.sk\/cs\/#website\",\"url\":\"https:\/\/kogabau.facilitytest.sk\/cs\/\",\"name\":\"KOGABAU\",\"description\":\"\",\"publisher\":{\"@id\":\"https:\/\/kogabau.facilitytest.sk\/cs\/#organization\"},\"potentialAction\":[{\"@type\":\"SearchAction\",\"target\":{\"@type\":\"EntryPoint\",\"urlTemplate\":\"https:\/\/kogabau.facilitytest.sk\/cs\/?s={search_term_string}\"},\"query-input\":{\"@type\":\"PropertyValueSpecification\",\"valueRequired\":true,\"valueName\":\"search_term_string\"}}],\"inLanguage\":\"cs\"},{\"@type\":\"Organization\",\"@id\":\"https:\/\/kogabau.facilitytest.sk\/cs\/#organization\",\"name\":\"KOGABAU\",\"url\":\"https:\/\/kogabau.facilitytest.sk\/cs\/\",\"logo\":{\"@type\":\"ImageObject\",\"inLanguage\":\"cs\",\"@id\":\"https:\/\/kogabau.facilitytest.sk\/cs\/#\/schema\/logo\/image\/\",\"url\":\"https:\/\/kogabau.facilitytest.sk\/wp-content\/uploads\/2021\/02\/KOGA-BAU-logo-cierne.png\",\"contentUrl\":\"https:\/\/kogabau.facilitytest.sk\/wp-content\/uploads\/2021\/02\/KOGA-BAU-logo-cierne.png\",\"width\":516,\"height\":66,\"caption\":\"KOGABAU\"},\"image\":{\"@id\":\"https:\/\/kogabau.facilitytest.sk\/cs\/#\/schema\/logo\/image\/\"}}]}<\/script>\n<!-- \/ Yoast SEO plugin. -->","yoast_head_json":{"title":"Pou\u017e\u00edv\u00e1n\u00ed soubor\u016f cookies","description":"P\u0159e\u010dt\u011bte si, jak\u00e9 zpracov\u00e1v\u00e1me soubory cookies.","robots":{"index":"noindex","follow":"follow","max-snippet":"max-snippet:-1","max-image-preview":"max-image-preview:large","max-video-preview":"max-video-preview:-1"},"og_locale":"cs_CZ","og_type":"article","og_title":"Pou\u017e\u00edv\u00e1n\u00ed soubor\u016f cookies","og_description":"P\u0159e\u010dt\u011bte si, jak\u00e9 zpracov\u00e1v\u00e1me soubory cookies.","og_url":"https:\/\/kogabau.facilitytest.sk\/cs\/pouzivani-souboru-cookies\/","og_site_name":"KOGABAU","article_modified_time":"2025-11-09T11:19:40+00:00","twitter_card":"summary_large_image","twitter_misc":{"Odhadovan\u00e1 doba \u010dten\u00ed":"3 minuty"},"schema":{"@context":"https:\/\/schema.org","@graph":[{"@type":"WebPage","@id":"https:\/\/kogabau.facilitytest.sk\/cs\/pouzivani-souboru-cookies\/","url":"https:\/\/kogabau.facilitytest.sk\/cs\/pouzivani-souboru-cookies\/","name":"Pou\u017e\u00edv\u00e1n\u00ed soubor\u016f cookies","isPartOf":{"@id":"https:\/\/kogabau.facilitytest.sk\/cs\/#website"},"datePublished":"2022-02-14T18:56:10+00:00","dateModified":"2025-11-09T11:19:40+00:00","description":"P\u0159e\u010dt\u011bte si, jak\u00e9 zpracov\u00e1v\u00e1me soubory cookies.","breadcrumb":{"@id":"https:\/\/kogabau.facilitytest.sk\/cs\/pouzivani-souboru-cookies\/#breadcrumb"},"inLanguage":"cs","potentialAction":[{"@type":"ReadAction","target":["https:\/\/kogabau.facilitytest.sk\/cs\/pouzivani-souboru-cookies\/"]}]},{"@type":"BreadcrumbList","@id":"https:\/\/kogabau.facilitytest.sk\/cs\/pouzivani-souboru-cookies\/#breadcrumb","itemListElement":[{"@type":"ListItem","position":1,"name":"Home","item":"https:\/\/kogabau.facilitytest.sk\/cs\/"},{"@type":"ListItem","position":2,"name":"Pou\u017e\u00edv\u00e1n\u00ed soubor\u016f cookies"}]},{"@type":"WebSite","@id":"https:\/\/kogabau.facilitytest.sk\/cs\/#website","url":"https:\/\/kogabau.facilitytest.sk\/cs\/","name":"KOGABAU","description":"","publisher":{"@id":"https:\/\/kogabau.facilitytest.sk\/cs\/#organization"},"potentialAction":[{"@type":"SearchAction","target":{"@type":"EntryPoint","urlTemplate":"https:\/\/kogabau.facilitytest.sk\/cs\/?s={search_term_string}"},"query-input":{"@type":"PropertyValueSpecification","valueRequired":true,"valueName":"search_term_string"}}],"inLanguage":"cs"},{"@type":"Organization","@id":"https:\/\/kogabau.facilitytest.sk\/cs\/#organization","name":"KOGABAU","url":"https:\/\/kogabau.facilitytest.sk\/cs\/","logo":{"@type":"ImageObject","inLanguage":"cs","@id":"https:\/\/kogabau.facilitytest.sk\/cs\/#\/schema\/logo\/image\/","url":"https:\/\/kogabau.facilitytest.sk\/wp-content\/uploads\/2021\/02\/KOGA-BAU-logo-cierne.png","contentUrl":"https:\/\/kogabau.facilitytest.sk\/wp-content\/uploads\/2021\/02\/KOGA-BAU-logo-cierne.png","width":516,"height":66,"caption":"KOGABAU"},"image":{"@id":"https:\/\/kogabau.facilitytest.sk\/cs\/#\/schema\/logo\/image\/"}}]}},"_links":{"self":[{"href":"https:\/\/kogabau.facilitytest.sk\/cs\/wp-json\/wp\/v2\/pages\/5360","targetHints":{"allow":["GET"]}}],"collection":[{"href":"https:\/\/kogabau.facilitytest.sk\/cs\/wp-json\/wp\/v2\/pages"}],"about":[{"href":"https:\/\/kogabau.facilitytest.sk\/cs\/wp-json\/wp\/v2\/types\/page"}],"author":[{"embeddable":true,"href":"https:\/\/kogabau.facilitytest.sk\/cs\/wp-json\/wp\/v2\/users\/3"}],"replies":[{"embeddable":true,"href":"https:\/\/kogabau.facilitytest.sk\/cs\/wp-json\/wp\/v2\/comments?post=5360"}],"version-history":[{"count":1,"href":"https:\/\/kogabau.facilitytest.sk\/cs\/wp-json\/wp\/v2\/pages\/5360\/revisions"}],"predecessor-version":[{"id":5361,"href":"https:\/\/kogabau.facilitytest.sk\/cs\/wp-json\/wp\/v2\/pages\/5360\/revisions\/5361"}],"wp:attachment":[{"href":"https:\/\/kogabau.facilitytest.sk\/cs\/wp-json\/wp\/v2\/media?parent=5360"}],"curies":[{"name":"wp","href":"https:\/\/api.w.org\/{rel}","templated":true}]}}