{"id":4633,"date":"2025-05-06T18:54:51","date_gmt":"2025-05-06T16:54:51","guid":{"rendered":"https:\/\/kogabau.facilitytest.sk\/o-nas\/"},"modified":"2025-11-25T13:48:29","modified_gmt":"2025-11-25T12:48:29","slug":"o-nas","status":"publish","type":"page","link":"https:\/\/kogabau.facilitytest.sk\/cs\/o-nas\/","title":{"rendered":"O n\u00e1s"},"content":{"rendered":"\t\t<div data-elementor-type=\"wp-page\" data-elementor-id=\"4633\" class=\"elementor elementor-4633 elementor-363\" data-elementor-post-type=\"page\">\n\t\t\t\t\t\t<section class=\"elementor-section elementor-top-section elementor-element elementor-element-65de7eb elementor-section-boxed elementor-section-height-default elementor-section-height-default\" data-id=\"65de7eb\" data-element_type=\"section\" data-settings=\"{&quot;background_background&quot;:&quot;classic&quot;}\">\n\t\t\t\t\t\t<div class=\"elementor-container elementor-column-gap-default\">\n\t\t\t\t\t<div class=\"elementor-column elementor-col-100 elementor-top-column elementor-element elementor-element-f2cccb7\" data-id=\"f2cccb7\" data-element_type=\"column\">\n\t\t\t<div class=\"elementor-widget-wrap elementor-element-populated\">\n\t\t\t\t\t\t<div class=\"elementor-element elementor-element-c6696aa elementor-widget elementor-widget-spacer\" data-id=\"c6696aa\" data-element_type=\"widget\" data-widget_type=\"spacer.default\">\n\t\t\t\t<div class=\"elementor-widget-container\">\n\t\t\t\t\t\t\t<div class=\"elementor-spacer\">\n\t\t\t<div class=\"elementor-spacer-inner\"><\/div>\n\t\t<\/div>\n\t\t\t\t\t\t<\/div>\n\t\t\t\t<\/div>\n\t\t\t\t<div class=\"elementor-element elementor-element-f83ecd9 elementor-widget elementor-widget-heading\" data-id=\"f83ecd9\" data-element_type=\"widget\" data-widget_type=\"heading.default\">\n\t\t\t\t<div class=\"elementor-widget-container\">\n\t\t\t\t\t<h1 class=\"elementor-heading-title elementor-size-default\">O n\u00e1s<\/h1>\t\t\t\t<\/div>\n\t\t\t\t<\/div>\n\t\t\t\t\t<\/div>\n\t\t<\/div>\n\t\t\t\t\t<\/div>\n\t\t<\/section>\n\t\t\t\t<section class=\"elementor-section elementor-top-section elementor-element elementor-element-48dcae8 elementor-section-boxed elementor-section-height-default elementor-section-height-default\" data-id=\"48dcae8\" data-element_type=\"section\" data-settings=\"{&quot;background_background&quot;:&quot;classic&quot;}\">\n\t\t\t\t\t\t<div class=\"elementor-container elementor-column-gap-default\">\n\t\t\t\t\t<div class=\"elementor-column elementor-col-100 elementor-top-column elementor-element elementor-element-3718dcf\" data-id=\"3718dcf\" data-element_type=\"column\">\n\t\t\t<div class=\"elementor-widget-wrap elementor-element-populated\">\n\t\t\t\t\t\t<div class=\"elementor-element elementor-element-13933d6 elementor-widget elementor-widget-text-editor\" data-id=\"13933d6\" data-element_type=\"widget\" data-widget_type=\"text-editor.default\">\n\t\t\t\t<div class=\"elementor-widget-container\">\n\t\t\t\t\t\t\t\t\t<p>Spole\u010dnost KOGA Bau s.r.o. byla zalo\u017eena s c\u00edlem nab\u00edzet komplexn\u00ed technick\u00e1 \u0159e\u0161en\u00ed firm\u00e1m zab\u00fdvaj\u00edc\u00edm se stavebnictv\u00edm. Chceme \u00fazce spolupracovat p\u0159i n\u00e1vrhu technick\u00e9ho \u0159e\u0161en\u00ed s projektantem, n\u00e1sledn\u011b podporovat zhotovitele stavby od za\u010d\u00e1tku v\u00fdb\u011bru technick\u00e9ho \u0159e\u0161en\u00ed a\u017e do kolaudace hotov\u00e9ho d\u00edla. Jsme aktivn\u011b p\u0159\u00edtomni na Slovensku, v \u010cesku, Bulharsku, Polsku a na Ukrajin\u011b. Na\u0161e realizace se nach\u00e1zej\u00ed v D\u00e1nsku, Srbsku, Loty\u0161sku a v dal\u0161\u00edch zem\u00edch EU.<\/p><p>Na\u0161i spole\u010dnost tvo\u0159\u00ed skupina mlad\u00fdch a dynamick\u00fdch lid\u00ed, kte\u0159\u00ed k tomu, co d\u011blaj\u00ed, p\u0159istupuj\u00ed s entuziasmem.<br \/>Jednou z na\u0161ich dominantn\u00edch \u010dinnost\u00ed je \u00fazk\u00e1 specializace na odvodn\u011bn\u00ed mostn\u00edch objekt\u016f a viadukt\u016f, kde m\u00e1me v nab\u00eddce ucelen\u00fd sortiment v\u00fdrobk\u016f. Komplexnost na\u0161ich slu\u017eeb je tvo\u0159ena odborn\u00fdm n\u00e1vrhem, v\u00fdrobou, dod\u00e1vkou a mont\u00e1\u017e\u00ed odvodn\u011bn\u00ed most\u016f. V\u017edy se v\u0161ak jedn\u00e1 o ucelen\u00e9 syst\u00e9mov\u00e9 \u0159e\u0161en\u00ed s p\u0159esn\u011b definovan\u00fdmi detaily. \u0158\u00edd\u00edme se heslem \u201eNa detailech z\u00e1le\u017e\u00ed&#8230;&#8220;.<\/p><p>\u0158e\u0161\u00edme tak\u00e9 problematiku mostn\u00edho a tunelov\u00e9ho p\u0159\u00edslu\u0161enstv\u00ed, a to hlavn\u011b mostov\u00e9 \u0159\u00edmsy z polymerbetonu nebo sklolamin\u00e1tu a tunelov\u00e1 odvodn\u011bn\u00ed z polymerbetonu. Um\u00edme tak\u00e9 zajistit atypick\u00e9 v\u00fdrobky ze sklolamin\u00e1tu, polymerbetonu a litiny. <br \/>Na\u0161\u00edm c\u00edlem je opakovan\u00e1 spolupr\u00e1ce se stavebn\u00edmi firmami na jimi realizovan\u00fdch projektech. Jasnou podm\u00ednkou takov\u00e9 spolupr\u00e1ce je spokojenost z\u00e1kazn\u00edka s na\u0161imi slu\u017ebami p\u0159i rozumn\u00e9 cen\u011b. Opakovan\u00e9 zasl\u00e1n\u00ed cenov\u00e9 popt\u00e1vky od firmy, kter\u00e1 s n\u00e1mi spolupracovala na p\u0159edchoz\u00ed stavb\u011b, je pro n\u00e1s d\u016fkazem toho, \u017ee na\u0161e snaha m\u00e1 smysl a motivuje n\u00e1s k neust\u00e1l\u00e9mu zlep\u0161ov\u00e1n\u00ed.<\/p>\t\t\t\t\t\t\t\t<\/div>\n\t\t\t\t<\/div>\n\t\t\t\t\t<\/div>\n\t\t<\/div>\n\t\t\t\t\t<\/div>\n\t\t<\/section>\n\t\t\t\t<section class=\"elementor-section elementor-top-section elementor-element elementor-element-c219992 elementor-section-boxed elementor-section-height-default elementor-section-height-default\" data-id=\"c219992\" data-element_type=\"section\" data-settings=\"{&quot;background_background&quot;:&quot;classic&quot;}\">\n\t\t\t\t\t\t<div class=\"elementor-container elementor-column-gap-default\">\n\t\t\t\t\t<div class=\"elementor-column elementor-col-33 elementor-top-column elementor-element elementor-element-67a325b\" data-id=\"67a325b\" data-element_type=\"column\">\n\t\t\t<div class=\"elementor-widget-wrap elementor-element-populated\">\n\t\t\t\t\t\t<div class=\"elementor-element elementor-element-9a8c1e0 elementor-widget elementor-widget-image\" data-id=\"9a8c1e0\" data-element_type=\"widget\" data-widget_type=\"image.default\">\n\t\t\t\t<div class=\"elementor-widget-container\">\n\t\t\t\t\t\t\t\t\t\t\t\t\t\t\t<img fetchpriority=\"high\" decoding=\"async\" width=\"464\" height=\"464\" src=\"https:\/\/kogabau.facilitytest.sk\/wp-content\/uploads\/2025\/10\/kogabau-onas-1.png\" class=\"attachment-full size-full wp-image-4537\" alt=\"\" srcset=\"https:\/\/kogabau.facilitytest.sk\/wp-content\/uploads\/2025\/10\/kogabau-onas-1.png 464w, https:\/\/kogabau.facilitytest.sk\/wp-content\/uploads\/2025\/10\/kogabau-onas-1-300x300.png 300w, https:\/\/kogabau.facilitytest.sk\/wp-content\/uploads\/2025\/10\/kogabau-onas-1-150x150.png 150w\" sizes=\"(max-width: 464px) 100vw, 464px\" \/>\t\t\t\t\t\t\t\t\t\t\t\t\t\t\t<\/div>\n\t\t\t\t<\/div>\n\t\t\t\t\t<\/div>\n\t\t<\/div>\n\t\t\t\t<div class=\"elementor-column elementor-col-33 elementor-top-column elementor-element elementor-element-49347b1\" data-id=\"49347b1\" data-element_type=\"column\">\n\t\t\t<div class=\"elementor-widget-wrap elementor-element-populated\">\n\t\t\t\t\t\t<div class=\"elementor-element elementor-element-2fb2a14 elementor-widget elementor-widget-image\" data-id=\"2fb2a14\" data-element_type=\"widget\" data-widget_type=\"image.default\">\n\t\t\t\t<div class=\"elementor-widget-container\">\n\t\t\t\t\t\t\t\t\t\t\t\t\t\t\t<img decoding=\"async\" width=\"464\" height=\"464\" src=\"https:\/\/kogabau.facilitytest.sk\/wp-content\/uploads\/2025\/10\/kogabau-onas-2.png\" class=\"attachment-full size-full wp-image-4538\" alt=\"\" srcset=\"https:\/\/kogabau.facilitytest.sk\/wp-content\/uploads\/2025\/10\/kogabau-onas-2.png 464w, https:\/\/kogabau.facilitytest.sk\/wp-content\/uploads\/2025\/10\/kogabau-onas-2-300x300.png 300w, https:\/\/kogabau.facilitytest.sk\/wp-content\/uploads\/2025\/10\/kogabau-onas-2-150x150.png 150w\" sizes=\"(max-width: 464px) 100vw, 464px\" \/>\t\t\t\t\t\t\t\t\t\t\t\t\t\t\t<\/div>\n\t\t\t\t<\/div>\n\t\t\t\t\t<\/div>\n\t\t<\/div>\n\t\t\t\t<div class=\"elementor-column elementor-col-33 elementor-top-column elementor-element elementor-element-e8661af\" data-id=\"e8661af\" data-element_type=\"column\">\n\t\t\t<div class=\"elementor-widget-wrap elementor-element-populated\">\n\t\t\t\t\t\t<div class=\"elementor-element elementor-element-e0ac896 elementor-widget elementor-widget-image\" data-id=\"e0ac896\" data-element_type=\"widget\" data-widget_type=\"image.default\">\n\t\t\t\t<div class=\"elementor-widget-container\">\n\t\t\t\t\t\t\t\t\t\t\t\t\t\t\t<img decoding=\"async\" width=\"464\" height=\"464\" src=\"https:\/\/kogabau.facilitytest.sk\/wp-content\/uploads\/2025\/10\/kogabau-onas-3.png\" class=\"attachment-full size-full wp-image-4539\" alt=\"\" srcset=\"https:\/\/kogabau.facilitytest.sk\/wp-content\/uploads\/2025\/10\/kogabau-onas-3.png 464w, https:\/\/kogabau.facilitytest.sk\/wp-content\/uploads\/2025\/10\/kogabau-onas-3-300x300.png 300w, https:\/\/kogabau.facilitytest.sk\/wp-content\/uploads\/2025\/10\/kogabau-onas-3-150x150.png 150w\" sizes=\"(max-width: 464px) 100vw, 464px\" \/>\t\t\t\t\t\t\t\t\t\t\t\t\t\t\t<\/div>\n\t\t\t\t<\/div>\n\t\t\t\t\t<\/div>\n\t\t<\/div>\n\t\t\t\t\t<\/div>\n\t\t<\/section>\n\t\t\t\t<section class=\"elementor-section elementor-top-section elementor-element elementor-element-8691f60 elementor-section-boxed elementor-section-height-default elementor-section-height-default\" data-id=\"8691f60\" data-element_type=\"section\" data-settings=\"{&quot;background_background&quot;:&quot;classic&quot;}\">\n\t\t\t\t\t\t<div class=\"elementor-container elementor-column-gap-default\">\n\t\t\t\t\t<div class=\"elementor-column elementor-col-100 elementor-top-column elementor-element elementor-element-9f10fcd\" data-id=\"9f10fcd\" data-element_type=\"column\">\n\t\t\t<div class=\"elementor-widget-wrap elementor-element-populated\">\n\t\t\t\t\t\t<div class=\"elementor-element elementor-element-9d20d49 elementor-widget elementor-widget-heading\" data-id=\"9d20d49\" data-element_type=\"widget\" data-widget_type=\"heading.default\">\n\t\t\t\t<div class=\"elementor-widget-container\">\n\t\t\t\t\t<h2 class=\"elementor-heading-title elementor-size-default\">Vznik sdru\u017een\u00ed<\/h2>\t\t\t\t<\/div>\n\t\t\t\t<\/div>\n\t\t\t\t<div class=\"elementor-element elementor-element-3317c09 elementor-widget elementor-widget-text-editor\" data-id=\"3317c09\" data-element_type=\"widget\" data-widget_type=\"text-editor.default\">\n\t\t\t\t<div class=\"elementor-widget-container\">\n\t\t\t\t\t\t\t\t\t<p>T\u00fdm lid\u00ed tvo\u0159\u00edc\u00edch spole\u010dnost KOGA Bau s. r. o. se ji\u017e dlouh\u00e9 roky zab\u00fdv\u00e1 problematikou potrubn\u00edch odvodn\u011bn\u00ed mostn\u00edch objekt\u016f. Zn\u00e1me v\u00fdhody i nev\u00fdhody jednotliv\u00fdch materi\u00e1l\u016f potrub\u00ed, zp\u016fsoby jejich pou\u017eit\u00ed pro jednotliv\u00e9 objekty, a to p\u0159i spolup\u016fsoben\u00ed se z\u00e1v\u011bsnou technikou a ostatn\u00edm p\u0159\u00edslu\u0161enstv\u00edm objektu. <br \/>Jak je v\u0161eobecn\u011b lidem z oboru zn\u00e1mo, spole\u010dnost Vl\u010dek Solution s.r.o. je jedin\u00fdm a prav\u00fdm pokra\u010dovatelem spole\u010dnosti Vl\u010dek group s.r.o.. Jejich litinov\u00e9 v\u00fdrobky z \u0159ady hlavn\u011b mostn\u00edch odvod\u0148ova\u010d\u016f jsou zn\u00e1m\u00e9 a vyu\u017e\u00edvan\u00e9 v mostn\u00edm stavitelstv\u00ed nejen v \u010cesku a na Slovensku, ale i v Evrop\u011b a ve sv\u011bt\u011b.<\/p><p>Pr\u00e1v\u011b toto vz\u00e1jemn\u00e9 dopl\u0148ov\u00e1n\u00ed na\u0161\u00ed nab\u00eddky a \u00fazk\u00e1 spolupr\u00e1ce mezi firmami KOGA Bau s.r.o. a Vl\u010dek Solution s.r.o. vy\u00fastila v podeps\u00e1n\u00ed smlouvy o vzniku sdru\u017een\u00ed \u201eVLCEK-KOGA&#8220;. Tento okam\u017eik byl samoz\u0159ejm\u00fdm a logick\u00fdm n\u00e1sledkem v\u00fd\u0161e uveden\u00fdch skute\u010dnost\u00ed. Osobou, kter\u00e1 st\u00e1la na za\u010d\u00e1tku a je odborn\u00fdm garantem na\u0161eho sdru\u017een\u00ed, je v\u0161eobecn\u011b uzn\u00e1van\u00fd a v oboru zn\u00e1m\u00fd Ing. Petr Vl\u010dek.<\/p><p>Sdru\u017een\u00ed \u201eVLCEK-KOGA&#8220; je tak\u00e9 odpov\u011bd\u00ed na \u201eodbornost&#8220; pro spole\u010dnosti ze zahrani\u010d\u00ed, kter\u00e9 se na \u010desk\u00fdch a slovensk\u00fdch trz\u00edch bez znalosti po\u017eadavk\u016f m\u00edstn\u00edch firem prosazuj\u00ed jen n\u00edzkou cenou, a to p\u0159i pou\u017e\u00edv\u00e1n\u00ed materi\u00e1l\u016f, kter\u00e9 zjevn\u011b neobstoj\u00ed nejen ve zkou\u0161ce \u017eivotnosti objektu, ale ani ve standardn\u00ed z\u00e1ru\u010dn\u00ed dob\u011b.<br \/>Na\u0161e sdru\u017een\u00ed vyr\u00e1b\u00ed pod vlastn\u00ed zna\u010dkou \u201eVLCEK-KOGA&#8220; \u0159adu nov\u00fdch mostn\u00edch odvod\u0148ova\u010d\u016f.<\/p><p>V r\u00e1mci tohoto sdru\u017een\u00ed p\u0159istupujeme k jednotliv\u00fdm zak\u00e1zk\u00e1m v \u010cesku, na Slovensku, ale i v ostatn\u00edch zem\u00edch na\u0161eho p\u016fsoben\u00ed. V r\u00e1mci spolup\u016fsoben\u00ed na trz\u00edch jsme dohodli exkluzivn\u00ed zastoupen\u00ed pro firmu KOGA Bau s.r.o. cel\u00e9ho sortimentu mostn\u00edch odvod\u0148ova\u010d\u016f spole\u010dnosti Vl\u010dek Solution s.r.o. na \u00fazem\u00ed Slovensk\u00e9 republiky. <br \/>C\u00edlem na\u0161eho sdru\u017een\u00ed je spolehliv\u00e9 a rychl\u00e9 vyhov\u011bn\u00ed pot\u0159eb\u00e1m na\u0161ich z\u00e1kazn\u00edk\u016f, a to p\u0159i dlouholet\u00fdch zku\u0161enostech a praxi v oboru odvodn\u011bn\u00ed most\u016f. Sdru\u017een\u00ed \u201eVLCEK-KOGA&#8220; d\u00edky pou\u017eit\u00ed prvot\u0159\u00eddn\u00edch materi\u00e1l\u016f vyb\u00edran\u00fdch hlavn\u011b podle jakosti a nejen nejni\u017e\u0161\u00ed ceny zaru\u010duje spokojenost s na\u0161imi slu\u017ebami v pr\u016fb\u011bhu cel\u00e9 realizace, ale i z\u00e1ru\u010dn\u00ed doby a \u017eivotnosti mostn\u00edho objektu, co\u017e je tak\u00e9 ov\u011b\u0159eno v praxi.<\/p>\t\t\t\t\t\t\t\t<\/div>\n\t\t\t\t<\/div>\n\t\t\t\t\t<\/div>\n\t\t<\/div>\n\t\t\t\t\t<\/div>\n\t\t<\/section>\n\t\t\t\t<\/div>\n\t\t","protected":false},"excerpt":{"rendered":"<p>O n\u00e1s Spole\u010dnost KOGA Bau s.r.o. byla zalo\u017eena s c\u00edlem nab\u00edzet komplexn\u00ed technick\u00e1 \u0159e\u0161en\u00ed firm\u00e1m zab\u00fdvaj\u00edc\u00edm se stavebnictv\u00edm. Chceme \u00fazce spolupracovat p\u0159i n\u00e1vrhu technick\u00e9ho \u0159e\u0161en\u00ed s projektantem, n\u00e1sledn\u011b podporovat zhotovitele stavby od za\u010d\u00e1tku v\u00fdb\u011bru technick\u00e9ho \u0159e\u0161en\u00ed a\u017e do kolaudace hotov\u00e9ho d\u00edla. Jsme aktivn\u011b p\u0159\u00edtomni na Slovensku, v \u010cesku, Bulharsku, Polsku a na Ukrajin\u011b. Na\u0161e realizace [&hellip;]<\/p>\n","protected":false},"author":15,"featured_media":0,"parent":0,"menu_order":0,"comment_status":"closed","ping_status":"closed","template":"","meta":{"footnotes":""},"class_list":["post-4633","page","type-page","status-publish","hentry"],"yoast_head":"<!-- This site is optimized with the Yoast SEO plugin v26.2 - https:\/\/yoast.com\/wordpress\/plugins\/seo\/ -->\n<title>O n\u00e1s | KOGA Bau \u2013 specialist\u00e9 na odvodn\u011bn\u00ed most\u016f a in\u017een\u00fdrsk\u00e9 stavby<\/title>\n<meta name=\"description\" content=\"KOGA Bau s.r.o. nab\u00edz\u00ed komplexn\u00ed \u0159e\u0161en\u00ed pro odvodn\u011bn\u00ed most\u016f a viadukt\u016f v\u010detn\u011b n\u00e1vrhu, v\u00fdroby, dod\u00e1vky a mont\u00e1\u017ee. Spolupracujeme s projektanty a zhotoviteli na Slovensku, v \u010cesku a dal\u0161\u00edch zem\u00edch EU, garantujeme kvalitu a dlouhodobou \u017eivotnost staveb.\" \/>\n<meta name=\"robots\" content=\"noindex, follow, max-snippet:-1, max-image-preview:large, max-video-preview:-1\" \/>\n<meta property=\"og:locale\" content=\"cs_CZ\" \/>\n<meta property=\"og:type\" content=\"article\" \/>\n<meta property=\"og:title\" content=\"O n\u00e1s | KOGA Bau \u2013 specialist\u00e9 na odvodn\u011bn\u00ed most\u016f a in\u017een\u00fdrsk\u00e9 stavby\" \/>\n<meta property=\"og:description\" content=\"KOGA Bau s.r.o. nab\u00edz\u00ed komplexn\u00ed \u0159e\u0161en\u00ed pro odvodn\u011bn\u00ed most\u016f a viadukt\u016f v\u010detn\u011b n\u00e1vrhu, v\u00fdroby, dod\u00e1vky a mont\u00e1\u017ee. Spolupracujeme s projektanty a zhotoviteli na Slovensku, v \u010cesku a dal\u0161\u00edch zem\u00edch EU, garantujeme kvalitu a dlouhodobou \u017eivotnost staveb.\" \/>\n<meta property=\"og:url\" content=\"https:\/\/kogabau.facilitytest.sk\/cs\/o-nas\/\" \/>\n<meta property=\"og:site_name\" content=\"KOGABAU\" \/>\n<meta property=\"article:modified_time\" content=\"2025-11-25T12:48:29+00:00\" \/>\n<meta property=\"og:image\" content=\"https:\/\/kogabau.facilitytest.sk\/wp-content\/uploads\/2025\/10\/kogabau-onas-1.png\" \/>\n\t<meta property=\"og:image:width\" content=\"464\" \/>\n\t<meta property=\"og:image:height\" content=\"464\" \/>\n\t<meta property=\"og:image:type\" content=\"image\/png\" \/>\n<meta name=\"twitter:card\" content=\"summary_large_image\" \/>\n<meta name=\"twitter:label1\" content=\"Odhadovan\u00e1 doba \u010dten\u00ed\" \/>\n\t<meta name=\"twitter:data1\" content=\"4 minuty\" \/>\n<script type=\"application\/ld+json\" class=\"yoast-schema-graph\">{\"@context\":\"https:\/\/schema.org\",\"@graph\":[{\"@type\":\"WebPage\",\"@id\":\"https:\/\/kogabau.facilitytest.sk\/cs\/o-nas\/\",\"url\":\"https:\/\/kogabau.facilitytest.sk\/cs\/o-nas\/\",\"name\":\"O n\u00e1s | KOGA Bau \u2013 specialist\u00e9 na odvodn\u011bn\u00ed most\u016f a in\u017een\u00fdrsk\u00e9 stavby\",\"isPartOf\":{\"@id\":\"https:\/\/kogabau.facilitytest.sk\/cs\/#website\"},\"primaryImageOfPage\":{\"@id\":\"https:\/\/kogabau.facilitytest.sk\/cs\/o-nas\/#primaryimage\"},\"image\":{\"@id\":\"https:\/\/kogabau.facilitytest.sk\/cs\/o-nas\/#primaryimage\"},\"thumbnailUrl\":\"https:\/\/kogabau.facilitytest.sk\/wp-content\/uploads\/2025\/10\/kogabau-onas-1.png\",\"datePublished\":\"2025-05-06T16:54:51+00:00\",\"dateModified\":\"2025-11-25T12:48:29+00:00\",\"description\":\"KOGA Bau s.r.o. nab\u00edz\u00ed komplexn\u00ed \u0159e\u0161en\u00ed pro odvodn\u011bn\u00ed most\u016f a viadukt\u016f v\u010detn\u011b n\u00e1vrhu, v\u00fdroby, dod\u00e1vky a mont\u00e1\u017ee. Spolupracujeme s projektanty a zhotoviteli na Slovensku, v \u010cesku a dal\u0161\u00edch zem\u00edch EU, garantujeme kvalitu a dlouhodobou \u017eivotnost staveb.\",\"breadcrumb\":{\"@id\":\"https:\/\/kogabau.facilitytest.sk\/cs\/o-nas\/#breadcrumb\"},\"inLanguage\":\"cs\",\"potentialAction\":[{\"@type\":\"ReadAction\",\"target\":[\"https:\/\/kogabau.facilitytest.sk\/cs\/o-nas\/\"]}]},{\"@type\":\"ImageObject\",\"inLanguage\":\"cs\",\"@id\":\"https:\/\/kogabau.facilitytest.sk\/cs\/o-nas\/#primaryimage\",\"url\":\"https:\/\/kogabau.facilitytest.sk\/wp-content\/uploads\/2025\/10\/kogabau-onas-1.png\",\"contentUrl\":\"https:\/\/kogabau.facilitytest.sk\/wp-content\/uploads\/2025\/10\/kogabau-onas-1.png\"},{\"@type\":\"BreadcrumbList\",\"@id\":\"https:\/\/kogabau.facilitytest.sk\/cs\/o-nas\/#breadcrumb\",\"itemListElement\":[{\"@type\":\"ListItem\",\"position\":1,\"name\":\"Home\",\"item\":\"https:\/\/kogabau.facilitytest.sk\/cs\/\"},{\"@type\":\"ListItem\",\"position\":2,\"name\":\"O n\u00e1s\"}]},{\"@type\":\"WebSite\",\"@id\":\"https:\/\/kogabau.facilitytest.sk\/cs\/#website\",\"url\":\"https:\/\/kogabau.facilitytest.sk\/cs\/\",\"name\":\"KOGABAU\",\"description\":\"\",\"publisher\":{\"@id\":\"https:\/\/kogabau.facilitytest.sk\/cs\/#organization\"},\"potentialAction\":[{\"@type\":\"SearchAction\",\"target\":{\"@type\":\"EntryPoint\",\"urlTemplate\":\"https:\/\/kogabau.facilitytest.sk\/cs\/?s={search_term_string}\"},\"query-input\":{\"@type\":\"PropertyValueSpecification\",\"valueRequired\":true,\"valueName\":\"search_term_string\"}}],\"inLanguage\":\"cs\"},{\"@type\":\"Organization\",\"@id\":\"https:\/\/kogabau.facilitytest.sk\/cs\/#organization\",\"name\":\"KOGABAU\",\"url\":\"https:\/\/kogabau.facilitytest.sk\/cs\/\",\"logo\":{\"@type\":\"ImageObject\",\"inLanguage\":\"cs\",\"@id\":\"https:\/\/kogabau.facilitytest.sk\/cs\/#\/schema\/logo\/image\/\",\"url\":\"https:\/\/kogabau.facilitytest.sk\/wp-content\/uploads\/2021\/02\/KOGA-BAU-logo-cierne.png\",\"contentUrl\":\"https:\/\/kogabau.facilitytest.sk\/wp-content\/uploads\/2021\/02\/KOGA-BAU-logo-cierne.png\",\"width\":516,\"height\":66,\"caption\":\"KOGABAU\"},\"image\":{\"@id\":\"https:\/\/kogabau.facilitytest.sk\/cs\/#\/schema\/logo\/image\/\"}}]}<\/script>\n<!-- \/ Yoast SEO plugin. -->","yoast_head_json":{"title":"O n\u00e1s | KOGA Bau \u2013 specialist\u00e9 na odvodn\u011bn\u00ed most\u016f a in\u017een\u00fdrsk\u00e9 stavby","description":"KOGA Bau s.r.o. nab\u00edz\u00ed komplexn\u00ed \u0159e\u0161en\u00ed pro odvodn\u011bn\u00ed most\u016f a viadukt\u016f v\u010detn\u011b n\u00e1vrhu, v\u00fdroby, dod\u00e1vky a mont\u00e1\u017ee. Spolupracujeme s projektanty a zhotoviteli na Slovensku, v \u010cesku a dal\u0161\u00edch zem\u00edch EU, garantujeme kvalitu a dlouhodobou \u017eivotnost staveb.","robots":{"index":"noindex","follow":"follow","max-snippet":"max-snippet:-1","max-image-preview":"max-image-preview:large","max-video-preview":"max-video-preview:-1"},"og_locale":"cs_CZ","og_type":"article","og_title":"O n\u00e1s | KOGA Bau \u2013 specialist\u00e9 na odvodn\u011bn\u00ed most\u016f a in\u017een\u00fdrsk\u00e9 stavby","og_description":"KOGA Bau s.r.o. nab\u00edz\u00ed komplexn\u00ed \u0159e\u0161en\u00ed pro odvodn\u011bn\u00ed most\u016f a viadukt\u016f v\u010detn\u011b n\u00e1vrhu, v\u00fdroby, dod\u00e1vky a mont\u00e1\u017ee. Spolupracujeme s projektanty a zhotoviteli na Slovensku, v \u010cesku a dal\u0161\u00edch zem\u00edch EU, garantujeme kvalitu a dlouhodobou \u017eivotnost staveb.","og_url":"https:\/\/kogabau.facilitytest.sk\/cs\/o-nas\/","og_site_name":"KOGABAU","article_modified_time":"2025-11-25T12:48:29+00:00","og_image":[{"width":464,"height":464,"url":"https:\/\/kogabau.facilitytest.sk\/wp-content\/uploads\/2025\/10\/kogabau-onas-1.png","type":"image\/png"}],"twitter_card":"summary_large_image","twitter_misc":{"Odhadovan\u00e1 doba \u010dten\u00ed":"4 minuty"},"schema":{"@context":"https:\/\/schema.org","@graph":[{"@type":"WebPage","@id":"https:\/\/kogabau.facilitytest.sk\/cs\/o-nas\/","url":"https:\/\/kogabau.facilitytest.sk\/cs\/o-nas\/","name":"O n\u00e1s | KOGA Bau \u2013 specialist\u00e9 na odvodn\u011bn\u00ed most\u016f a in\u017een\u00fdrsk\u00e9 stavby","isPartOf":{"@id":"https:\/\/kogabau.facilitytest.sk\/cs\/#website"},"primaryImageOfPage":{"@id":"https:\/\/kogabau.facilitytest.sk\/cs\/o-nas\/#primaryimage"},"image":{"@id":"https:\/\/kogabau.facilitytest.sk\/cs\/o-nas\/#primaryimage"},"thumbnailUrl":"https:\/\/kogabau.facilitytest.sk\/wp-content\/uploads\/2025\/10\/kogabau-onas-1.png","datePublished":"2025-05-06T16:54:51+00:00","dateModified":"2025-11-25T12:48:29+00:00","description":"KOGA Bau s.r.o. nab\u00edz\u00ed komplexn\u00ed \u0159e\u0161en\u00ed pro odvodn\u011bn\u00ed most\u016f a viadukt\u016f v\u010detn\u011b n\u00e1vrhu, v\u00fdroby, dod\u00e1vky a mont\u00e1\u017ee. Spolupracujeme s projektanty a zhotoviteli na Slovensku, v \u010cesku a dal\u0161\u00edch zem\u00edch EU, garantujeme kvalitu a dlouhodobou \u017eivotnost staveb.","breadcrumb":{"@id":"https:\/\/kogabau.facilitytest.sk\/cs\/o-nas\/#breadcrumb"},"inLanguage":"cs","potentialAction":[{"@type":"ReadAction","target":["https:\/\/kogabau.facilitytest.sk\/cs\/o-nas\/"]}]},{"@type":"ImageObject","inLanguage":"cs","@id":"https:\/\/kogabau.facilitytest.sk\/cs\/o-nas\/#primaryimage","url":"https:\/\/kogabau.facilitytest.sk\/wp-content\/uploads\/2025\/10\/kogabau-onas-1.png","contentUrl":"https:\/\/kogabau.facilitytest.sk\/wp-content\/uploads\/2025\/10\/kogabau-onas-1.png"},{"@type":"BreadcrumbList","@id":"https:\/\/kogabau.facilitytest.sk\/cs\/o-nas\/#breadcrumb","itemListElement":[{"@type":"ListItem","position":1,"name":"Home","item":"https:\/\/kogabau.facilitytest.sk\/cs\/"},{"@type":"ListItem","position":2,"name":"O n\u00e1s"}]},{"@type":"WebSite","@id":"https:\/\/kogabau.facilitytest.sk\/cs\/#website","url":"https:\/\/kogabau.facilitytest.sk\/cs\/","name":"KOGABAU","description":"","publisher":{"@id":"https:\/\/kogabau.facilitytest.sk\/cs\/#organization"},"potentialAction":[{"@type":"SearchAction","target":{"@type":"EntryPoint","urlTemplate":"https:\/\/kogabau.facilitytest.sk\/cs\/?s={search_term_string}"},"query-input":{"@type":"PropertyValueSpecification","valueRequired":true,"valueName":"search_term_string"}}],"inLanguage":"cs"},{"@type":"Organization","@id":"https:\/\/kogabau.facilitytest.sk\/cs\/#organization","name":"KOGABAU","url":"https:\/\/kogabau.facilitytest.sk\/cs\/","logo":{"@type":"ImageObject","inLanguage":"cs","@id":"https:\/\/kogabau.facilitytest.sk\/cs\/#\/schema\/logo\/image\/","url":"https:\/\/kogabau.facilitytest.sk\/wp-content\/uploads\/2021\/02\/KOGA-BAU-logo-cierne.png","contentUrl":"https:\/\/kogabau.facilitytest.sk\/wp-content\/uploads\/2021\/02\/KOGA-BAU-logo-cierne.png","width":516,"height":66,"caption":"KOGABAU"},"image":{"@id":"https:\/\/kogabau.facilitytest.sk\/cs\/#\/schema\/logo\/image\/"}}]}},"_links":{"self":[{"href":"https:\/\/kogabau.facilitytest.sk\/cs\/wp-json\/wp\/v2\/pages\/4633","targetHints":{"allow":["GET"]}}],"collection":[{"href":"https:\/\/kogabau.facilitytest.sk\/cs\/wp-json\/wp\/v2\/pages"}],"about":[{"href":"https:\/\/kogabau.facilitytest.sk\/cs\/wp-json\/wp\/v2\/types\/page"}],"author":[{"embeddable":true,"href":"https:\/\/kogabau.facilitytest.sk\/cs\/wp-json\/wp\/v2\/users\/15"}],"replies":[{"embeddable":true,"href":"https:\/\/kogabau.facilitytest.sk\/cs\/wp-json\/wp\/v2\/comments?post=4633"}],"version-history":[{"count":4,"href":"https:\/\/kogabau.facilitytest.sk\/cs\/wp-json\/wp\/v2\/pages\/4633\/revisions"}],"predecessor-version":[{"id":8230,"href":"https:\/\/kogabau.facilitytest.sk\/cs\/wp-json\/wp\/v2\/pages\/4633\/revisions\/8230"}],"wp:attachment":[{"href":"https:\/\/kogabau.facilitytest.sk\/cs\/wp-json\/wp\/v2\/media?parent=4633"}],"curies":[{"name":"wp","href":"https:\/\/api.w.org\/{rel}","templated":true}]}}