{"id":4577,"date":"2025-10-12T16:19:18","date_gmt":"2025-10-12T14:19:18","guid":{"rendered":"https:\/\/kogabau.facilitytest.sk\/modro-zelena-infrastruktura\/"},"modified":"2025-11-06T22:44:21","modified_gmt":"2025-11-06T21:44:21","slug":"modro-zelena-infrastruktura","status":"publish","type":"page","link":"https:\/\/kogabau.facilitytest.sk\/cs\/modro-zelena-infrastruktura\/","title":{"rendered":"Modro-zelen\u00e1 infrastruktura"},"content":{"rendered":"\t\t<div data-elementor-type=\"wp-page\" data-elementor-id=\"4577\" class=\"elementor elementor-4577 elementor-1159\" data-elementor-post-type=\"page\">\n\t\t\t\t\t\t<section class=\"elementor-section elementor-top-section elementor-element elementor-element-bdd03d9 elementor-section-boxed elementor-section-height-default elementor-section-height-default\" data-id=\"bdd03d9\" data-element_type=\"section\" data-settings=\"{&quot;background_background&quot;:&quot;classic&quot;}\">\n\t\t\t\t\t\t<div class=\"elementor-container elementor-column-gap-default\">\n\t\t\t\t\t<div class=\"elementor-column elementor-col-100 elementor-top-column elementor-element elementor-element-68e2ae7\" data-id=\"68e2ae7\" data-element_type=\"column\">\n\t\t\t<div class=\"elementor-widget-wrap elementor-element-populated\">\n\t\t\t\t\t\t<div class=\"elementor-element elementor-element-c55e6a2 elementor-widget elementor-widget-spacer\" data-id=\"c55e6a2\" data-element_type=\"widget\" data-widget_type=\"spacer.default\">\n\t\t\t\t<div class=\"elementor-widget-container\">\n\t\t\t\t\t\t\t<div class=\"elementor-spacer\">\n\t\t\t<div class=\"elementor-spacer-inner\"><\/div>\n\t\t<\/div>\n\t\t\t\t\t\t<\/div>\n\t\t\t\t<\/div>\n\t\t\t\t<div class=\"elementor-element elementor-element-e8058a8 elementor-widget elementor-widget-heading\" data-id=\"e8058a8\" data-element_type=\"widget\" data-widget_type=\"heading.default\">\n\t\t\t\t<div class=\"elementor-widget-container\">\n\t\t\t\t\t<h1 class=\"elementor-heading-title elementor-size-default\">Modro-zelen\u00e1 infrastruktura<\/h1>\t\t\t\t<\/div>\n\t\t\t\t<\/div>\n\t\t\t\t\t<\/div>\n\t\t<\/div>\n\t\t\t\t\t<\/div>\n\t\t<\/section>\n\t\t\t\t<section class=\"elementor-section elementor-top-section elementor-element elementor-element-3ae368f elementor-section-boxed elementor-section-height-default elementor-section-height-default\" data-id=\"3ae368f\" data-element_type=\"section\" data-settings=\"{&quot;background_background&quot;:&quot;classic&quot;}\">\n\t\t\t\t\t\t<div class=\"elementor-container elementor-column-gap-default\">\n\t\t\t\t\t<div class=\"elementor-column elementor-col-100 elementor-top-column elementor-element elementor-element-6ac00df\" data-id=\"6ac00df\" data-element_type=\"column\">\n\t\t\t<div class=\"elementor-widget-wrap elementor-element-populated\">\n\t\t\t\t\t\t<div class=\"elementor-element elementor-element-cb16a13 elementor-widget elementor-widget-text-editor\" data-id=\"cb16a13\" data-element_type=\"widget\" data-widget_type=\"text-editor.default\">\n\t\t\t\t<div class=\"elementor-widget-container\">\n\t\t\t\t\t\t\t\t\t<p>Modro-zelen\u00e1 infrastruktura (MZI) je radik\u00e1ln\u00ed zm\u011bnou p\u0159\u00edstupu k hospoda\u0159en\u00ed s de\u0161\u0165ovou vodou, kterou pozorujeme v posledn\u00edch letech. Nov\u00e9 projekty ji\u017e nepova\u017euj\u00ed de\u0161\u0165ovou vodu za odpad, kter\u00fd je t\u0159eba co nejrychleji odv\u00e9st z \u00fazem\u00ed, ale p\u0159istupuj\u00ed k n\u00ed jako k cenn\u00e9 z\u00e1sob\u011b. Voda m\u00e1 b\u00fdt zadr\u017eov\u00e1na a vyu\u017e\u00edv\u00e1na k \u00fadr\u017eb\u011b m\u011bstsk\u00e9 zelen\u011b a udr\u017eov\u00e1n\u00ed p\u0159ijateln\u00e9ho klimatu pro lidi v dob\u011b de\u0161t\u011b, ale i v obdob\u00ed po skon\u010den\u00ed sr\u00e1\u017eek. Spolupracujeme na n\u00e1vrz\u00edch s projektanty a architekty tak, aby vyu\u017eit\u00ed dopadaj\u00edc\u00ed vody na danou oblast bylo co nejefektivn\u011bj\u0161\u00ed. V na\u0161em portfoliu m\u00e1me hotov\u00e9 v\u00fdrobky, kter\u00e9 lze pou\u017e\u00edt p\u0159i n\u00e1vrhu MZI, ale tak\u00e9 vyv\u00edj\u00edme nov\u00e9 prvky, kter\u00e9 jsou ur\u010deny pro konkr\u00e9tn\u00ed projekty.<\/p><p><strong>R\u00e1di se z\u00fa\u010dastn\u00edme nov\u00fdch projekt\u016f, a proto pros\u00edme o kontakt s na\u0161\u00edm obchodn\u00edm odd\u011blen\u00edm.<\/strong><\/p>\t\t\t\t\t\t\t\t<\/div>\n\t\t\t\t<\/div>\n\t\t\t\t<div class=\"elementor-element elementor-element-05be724 elementor-widget elementor-widget-image\" data-id=\"05be724\" data-element_type=\"widget\" data-widget_type=\"image.default\">\n\t\t\t\t<div class=\"elementor-widget-container\">\n\t\t\t\t\t\t\t\t\t\t\t\t\t\t\t<img fetchpriority=\"high\" decoding=\"async\" width=\"1432\" height=\"700\" src=\"https:\/\/kogabau.facilitytest.sk\/wp-content\/uploads\/2025\/10\/kogabau-modro-zelena-infrastruktura.png\" class=\"attachment-full size-full wp-image-4576\" alt=\"\" srcset=\"https:\/\/kogabau.facilitytest.sk\/wp-content\/uploads\/2025\/10\/kogabau-modro-zelena-infrastruktura.png 1432w, https:\/\/kogabau.facilitytest.sk\/wp-content\/uploads\/2025\/10\/kogabau-modro-zelena-infrastruktura-300x147.png 300w, https:\/\/kogabau.facilitytest.sk\/wp-content\/uploads\/2025\/10\/kogabau-modro-zelena-infrastruktura-1024x501.png 1024w, https:\/\/kogabau.facilitytest.sk\/wp-content\/uploads\/2025\/10\/kogabau-modro-zelena-infrastruktura-768x375.png 768w\" sizes=\"(max-width: 1432px) 100vw, 1432px\" \/>\t\t\t\t\t\t\t\t\t\t\t\t\t\t\t<\/div>\n\t\t\t\t<\/div>\n\t\t\t\t\t<\/div>\n\t\t<\/div>\n\t\t\t\t\t<\/div>\n\t\t<\/section>\n\t\t\t\t<\/div>\n\t\t","protected":false},"excerpt":{"rendered":"<p>Modro-zelen\u00e1 infrastruktura Modro-zelen\u00e1 infrastruktura (MZI) je radik\u00e1ln\u00ed zm\u011bnou p\u0159\u00edstupu k hospoda\u0159en\u00ed s de\u0161\u0165ovou vodou, kterou pozorujeme v posledn\u00edch letech. Nov\u00e9 projekty ji\u017e nepova\u017euj\u00ed de\u0161\u0165ovou vodu za odpad, kter\u00fd je t\u0159eba co nejrychleji odv\u00e9st z \u00fazem\u00ed, ale p\u0159istupuj\u00ed k n\u00ed jako k cenn\u00e9 z\u00e1sob\u011b. Voda m\u00e1 b\u00fdt zadr\u017eov\u00e1na a vyu\u017e\u00edv\u00e1na k \u00fadr\u017eb\u011b m\u011bstsk\u00e9 zelen\u011b a udr\u017eov\u00e1n\u00ed [&hellip;]<\/p>\n","protected":false},"author":15,"featured_media":0,"parent":0,"menu_order":0,"comment_status":"closed","ping_status":"closed","template":"","meta":{"footnotes":""},"class_list":["post-4577","page","type-page","status-publish","hentry"],"yoast_head":"<!-- This site is optimized with the Yoast SEO plugin v26.2 - https:\/\/yoast.com\/wordpress\/plugins\/seo\/ -->\n<title>Modro-zelen\u00e1 infrastruktura \u2013 hospoda\u0159en\u00ed s de\u0161\u0165ovou vodou | KOGA Bau<\/title>\n<meta name=\"description\" content=\"KOGA Bau podporuje modro-zelenou infrastrukturu: efektivn\u00ed vyu\u017eit\u00ed de\u0161\u0165ov\u00e9 vody pro m\u011bstskou zele\u0148 a klima. Spolupracujeme na n\u00e1vrz\u00edch projekt\u016f s architekty a projektanty.\" \/>\n<meta name=\"robots\" content=\"noindex, follow, max-snippet:-1, max-image-preview:large, max-video-preview:-1\" \/>\n<meta property=\"og:locale\" content=\"cs_CZ\" \/>\n<meta property=\"og:type\" content=\"article\" \/>\n<meta property=\"og:title\" content=\"Modro-zelen\u00e1 infrastruktura \u2013 hospoda\u0159en\u00ed s de\u0161\u0165ovou vodou | KOGA Bau\" \/>\n<meta property=\"og:description\" content=\"KOGA Bau podporuje modro-zelenou infrastrukturu: efektivn\u00ed vyu\u017eit\u00ed de\u0161\u0165ov\u00e9 vody pro m\u011bstskou zele\u0148 a klima. Spolupracujeme na n\u00e1vrz\u00edch projekt\u016f s architekty a projektanty.\" \/>\n<meta property=\"og:url\" content=\"https:\/\/kogabau.facilitytest.sk\/cs\/modro-zelena-infrastruktura\/\" \/>\n<meta property=\"og:site_name\" content=\"KOGABAU\" \/>\n<meta property=\"article:modified_time\" content=\"2025-11-06T21:44:21+00:00\" \/>\n<meta property=\"og:image\" content=\"https:\/\/kogabau.facilitytest.sk\/wp-content\/uploads\/2025\/10\/kogabau-modro-zelena-infrastruktura.png\" \/>\n\t<meta property=\"og:image:width\" content=\"1432\" \/>\n\t<meta property=\"og:image:height\" content=\"700\" \/>\n\t<meta property=\"og:image:type\" content=\"image\/png\" \/>\n<meta name=\"twitter:card\" content=\"summary_large_image\" \/>\n<meta name=\"twitter:label1\" content=\"Odhadovan\u00e1 doba \u010dten\u00ed\" \/>\n\t<meta name=\"twitter:data1\" content=\"1 minuta\" \/>\n<script type=\"application\/ld+json\" class=\"yoast-schema-graph\">{\"@context\":\"https:\/\/schema.org\",\"@graph\":[{\"@type\":\"WebPage\",\"@id\":\"https:\/\/kogabau.facilitytest.sk\/cs\/modro-zelena-infrastruktura\/\",\"url\":\"https:\/\/kogabau.facilitytest.sk\/cs\/modro-zelena-infrastruktura\/\",\"name\":\"Modro-zelen\u00e1 infrastruktura \u2013 hospoda\u0159en\u00ed s de\u0161\u0165ovou vodou | KOGA Bau\",\"isPartOf\":{\"@id\":\"https:\/\/kogabau.facilitytest.sk\/cs\/#website\"},\"primaryImageOfPage\":{\"@id\":\"https:\/\/kogabau.facilitytest.sk\/cs\/modro-zelena-infrastruktura\/#primaryimage\"},\"image\":{\"@id\":\"https:\/\/kogabau.facilitytest.sk\/cs\/modro-zelena-infrastruktura\/#primaryimage\"},\"thumbnailUrl\":\"https:\/\/kogabau.facilitytest.sk\/wp-content\/uploads\/2025\/10\/kogabau-modro-zelena-infrastruktura.png\",\"datePublished\":\"2025-10-12T14:19:18+00:00\",\"dateModified\":\"2025-11-06T21:44:21+00:00\",\"description\":\"KOGA Bau podporuje modro-zelenou infrastrukturu: efektivn\u00ed vyu\u017eit\u00ed de\u0161\u0165ov\u00e9 vody pro m\u011bstskou zele\u0148 a klima. Spolupracujeme na n\u00e1vrz\u00edch projekt\u016f s architekty a projektanty.\",\"breadcrumb\":{\"@id\":\"https:\/\/kogabau.facilitytest.sk\/cs\/modro-zelena-infrastruktura\/#breadcrumb\"},\"inLanguage\":\"cs\",\"potentialAction\":[{\"@type\":\"ReadAction\",\"target\":[\"https:\/\/kogabau.facilitytest.sk\/cs\/modro-zelena-infrastruktura\/\"]}]},{\"@type\":\"ImageObject\",\"inLanguage\":\"cs\",\"@id\":\"https:\/\/kogabau.facilitytest.sk\/cs\/modro-zelena-infrastruktura\/#primaryimage\",\"url\":\"https:\/\/kogabau.facilitytest.sk\/wp-content\/uploads\/2025\/10\/kogabau-modro-zelena-infrastruktura.png\",\"contentUrl\":\"https:\/\/kogabau.facilitytest.sk\/wp-content\/uploads\/2025\/10\/kogabau-modro-zelena-infrastruktura.png\"},{\"@type\":\"BreadcrumbList\",\"@id\":\"https:\/\/kogabau.facilitytest.sk\/cs\/modro-zelena-infrastruktura\/#breadcrumb\",\"itemListElement\":[{\"@type\":\"ListItem\",\"position\":1,\"name\":\"Home\",\"item\":\"https:\/\/kogabau.facilitytest.sk\/cs\/\"},{\"@type\":\"ListItem\",\"position\":2,\"name\":\"Modro-zelen\u00e1 infrastruktura\"}]},{\"@type\":\"WebSite\",\"@id\":\"https:\/\/kogabau.facilitytest.sk\/cs\/#website\",\"url\":\"https:\/\/kogabau.facilitytest.sk\/cs\/\",\"name\":\"KOGABAU\",\"description\":\"\",\"publisher\":{\"@id\":\"https:\/\/kogabau.facilitytest.sk\/cs\/#organization\"},\"potentialAction\":[{\"@type\":\"SearchAction\",\"target\":{\"@type\":\"EntryPoint\",\"urlTemplate\":\"https:\/\/kogabau.facilitytest.sk\/cs\/?s={search_term_string}\"},\"query-input\":{\"@type\":\"PropertyValueSpecification\",\"valueRequired\":true,\"valueName\":\"search_term_string\"}}],\"inLanguage\":\"cs\"},{\"@type\":\"Organization\",\"@id\":\"https:\/\/kogabau.facilitytest.sk\/cs\/#organization\",\"name\":\"KOGABAU\",\"url\":\"https:\/\/kogabau.facilitytest.sk\/cs\/\",\"logo\":{\"@type\":\"ImageObject\",\"inLanguage\":\"cs\",\"@id\":\"https:\/\/kogabau.facilitytest.sk\/cs\/#\/schema\/logo\/image\/\",\"url\":\"https:\/\/kogabau.facilitytest.sk\/wp-content\/uploads\/2021\/02\/KOGA-BAU-logo-cierne.png\",\"contentUrl\":\"https:\/\/kogabau.facilitytest.sk\/wp-content\/uploads\/2021\/02\/KOGA-BAU-logo-cierne.png\",\"width\":516,\"height\":66,\"caption\":\"KOGABAU\"},\"image\":{\"@id\":\"https:\/\/kogabau.facilitytest.sk\/cs\/#\/schema\/logo\/image\/\"}}]}<\/script>\n<!-- \/ Yoast SEO plugin. -->","yoast_head_json":{"title":"Modro-zelen\u00e1 infrastruktura \u2013 hospoda\u0159en\u00ed s de\u0161\u0165ovou vodou | KOGA Bau","description":"KOGA Bau podporuje modro-zelenou infrastrukturu: efektivn\u00ed vyu\u017eit\u00ed de\u0161\u0165ov\u00e9 vody pro m\u011bstskou zele\u0148 a klima. Spolupracujeme na n\u00e1vrz\u00edch projekt\u016f s architekty a projektanty.","robots":{"index":"noindex","follow":"follow","max-snippet":"max-snippet:-1","max-image-preview":"max-image-preview:large","max-video-preview":"max-video-preview:-1"},"og_locale":"cs_CZ","og_type":"article","og_title":"Modro-zelen\u00e1 infrastruktura \u2013 hospoda\u0159en\u00ed s de\u0161\u0165ovou vodou | KOGA Bau","og_description":"KOGA Bau podporuje modro-zelenou infrastrukturu: efektivn\u00ed vyu\u017eit\u00ed de\u0161\u0165ov\u00e9 vody pro m\u011bstskou zele\u0148 a klima. Spolupracujeme na n\u00e1vrz\u00edch projekt\u016f s architekty a projektanty.","og_url":"https:\/\/kogabau.facilitytest.sk\/cs\/modro-zelena-infrastruktura\/","og_site_name":"KOGABAU","article_modified_time":"2025-11-06T21:44:21+00:00","og_image":[{"width":1432,"height":700,"url":"https:\/\/kogabau.facilitytest.sk\/wp-content\/uploads\/2025\/10\/kogabau-modro-zelena-infrastruktura.png","type":"image\/png"}],"twitter_card":"summary_large_image","twitter_misc":{"Odhadovan\u00e1 doba \u010dten\u00ed":"1 minuta"},"schema":{"@context":"https:\/\/schema.org","@graph":[{"@type":"WebPage","@id":"https:\/\/kogabau.facilitytest.sk\/cs\/modro-zelena-infrastruktura\/","url":"https:\/\/kogabau.facilitytest.sk\/cs\/modro-zelena-infrastruktura\/","name":"Modro-zelen\u00e1 infrastruktura \u2013 hospoda\u0159en\u00ed s de\u0161\u0165ovou vodou | KOGA Bau","isPartOf":{"@id":"https:\/\/kogabau.facilitytest.sk\/cs\/#website"},"primaryImageOfPage":{"@id":"https:\/\/kogabau.facilitytest.sk\/cs\/modro-zelena-infrastruktura\/#primaryimage"},"image":{"@id":"https:\/\/kogabau.facilitytest.sk\/cs\/modro-zelena-infrastruktura\/#primaryimage"},"thumbnailUrl":"https:\/\/kogabau.facilitytest.sk\/wp-content\/uploads\/2025\/10\/kogabau-modro-zelena-infrastruktura.png","datePublished":"2025-10-12T14:19:18+00:00","dateModified":"2025-11-06T21:44:21+00:00","description":"KOGA Bau podporuje modro-zelenou infrastrukturu: efektivn\u00ed vyu\u017eit\u00ed de\u0161\u0165ov\u00e9 vody pro m\u011bstskou zele\u0148 a klima. Spolupracujeme na n\u00e1vrz\u00edch projekt\u016f s architekty a projektanty.","breadcrumb":{"@id":"https:\/\/kogabau.facilitytest.sk\/cs\/modro-zelena-infrastruktura\/#breadcrumb"},"inLanguage":"cs","potentialAction":[{"@type":"ReadAction","target":["https:\/\/kogabau.facilitytest.sk\/cs\/modro-zelena-infrastruktura\/"]}]},{"@type":"ImageObject","inLanguage":"cs","@id":"https:\/\/kogabau.facilitytest.sk\/cs\/modro-zelena-infrastruktura\/#primaryimage","url":"https:\/\/kogabau.facilitytest.sk\/wp-content\/uploads\/2025\/10\/kogabau-modro-zelena-infrastruktura.png","contentUrl":"https:\/\/kogabau.facilitytest.sk\/wp-content\/uploads\/2025\/10\/kogabau-modro-zelena-infrastruktura.png"},{"@type":"BreadcrumbList","@id":"https:\/\/kogabau.facilitytest.sk\/cs\/modro-zelena-infrastruktura\/#breadcrumb","itemListElement":[{"@type":"ListItem","position":1,"name":"Home","item":"https:\/\/kogabau.facilitytest.sk\/cs\/"},{"@type":"ListItem","position":2,"name":"Modro-zelen\u00e1 infrastruktura"}]},{"@type":"WebSite","@id":"https:\/\/kogabau.facilitytest.sk\/cs\/#website","url":"https:\/\/kogabau.facilitytest.sk\/cs\/","name":"KOGABAU","description":"","publisher":{"@id":"https:\/\/kogabau.facilitytest.sk\/cs\/#organization"},"potentialAction":[{"@type":"SearchAction","target":{"@type":"EntryPoint","urlTemplate":"https:\/\/kogabau.facilitytest.sk\/cs\/?s={search_term_string}"},"query-input":{"@type":"PropertyValueSpecification","valueRequired":true,"valueName":"search_term_string"}}],"inLanguage":"cs"},{"@type":"Organization","@id":"https:\/\/kogabau.facilitytest.sk\/cs\/#organization","name":"KOGABAU","url":"https:\/\/kogabau.facilitytest.sk\/cs\/","logo":{"@type":"ImageObject","inLanguage":"cs","@id":"https:\/\/kogabau.facilitytest.sk\/cs\/#\/schema\/logo\/image\/","url":"https:\/\/kogabau.facilitytest.sk\/wp-content\/uploads\/2021\/02\/KOGA-BAU-logo-cierne.png","contentUrl":"https:\/\/kogabau.facilitytest.sk\/wp-content\/uploads\/2021\/02\/KOGA-BAU-logo-cierne.png","width":516,"height":66,"caption":"KOGABAU"},"image":{"@id":"https:\/\/kogabau.facilitytest.sk\/cs\/#\/schema\/logo\/image\/"}}]}},"_links":{"self":[{"href":"https:\/\/kogabau.facilitytest.sk\/cs\/wp-json\/wp\/v2\/pages\/4577","targetHints":{"allow":["GET"]}}],"collection":[{"href":"https:\/\/kogabau.facilitytest.sk\/cs\/wp-json\/wp\/v2\/pages"}],"about":[{"href":"https:\/\/kogabau.facilitytest.sk\/cs\/wp-json\/wp\/v2\/types\/page"}],"author":[{"embeddable":true,"href":"https:\/\/kogabau.facilitytest.sk\/cs\/wp-json\/wp\/v2\/users\/15"}],"replies":[{"embeddable":true,"href":"https:\/\/kogabau.facilitytest.sk\/cs\/wp-json\/wp\/v2\/comments?post=4577"}],"version-history":[{"count":1,"href":"https:\/\/kogabau.facilitytest.sk\/cs\/wp-json\/wp\/v2\/pages\/4577\/revisions"}],"predecessor-version":[{"id":4578,"href":"https:\/\/kogabau.facilitytest.sk\/cs\/wp-json\/wp\/v2\/pages\/4577\/revisions\/4578"}],"wp:attachment":[{"href":"https:\/\/kogabau.facilitytest.sk\/cs\/wp-json\/wp\/v2\/media?parent=4577"}],"curies":[{"name":"wp","href":"https:\/\/api.w.org\/{rel}","templated":true}]}}