{"id":4549,"date":"2025-10-14T12:58:48","date_gmt":"2025-10-14T10:58:48","guid":{"rendered":"https:\/\/kogabau.facilitytest.sk\/krizovatka-prievoz\/"},"modified":"2025-11-28T10:32:51","modified_gmt":"2025-11-28T09:32:51","slug":"krizovatka-prievoz","status":"publish","type":"page","link":"https:\/\/kogabau.facilitytest.sk\/cs\/krizovatka-prievoz\/","title":{"rendered":"K\u0159i\u017eovatka Prievoz"},"content":{"rendered":"\t\t<div data-elementor-type=\"wp-page\" data-elementor-id=\"4549\" class=\"elementor elementor-4549 elementor-2021\" data-elementor-post-type=\"page\">\n\t\t\t\t\t\t<section class=\"elementor-section elementor-top-section elementor-element elementor-element-8148f91 elementor-section-boxed elementor-section-height-default elementor-section-height-default\" data-id=\"8148f91\" data-element_type=\"section\" data-settings=\"{&quot;background_background&quot;:&quot;classic&quot;}\">\n\t\t\t\t\t\t<div class=\"elementor-container elementor-column-gap-default\">\n\t\t\t\t\t<div class=\"elementor-column elementor-col-100 elementor-top-column elementor-element elementor-element-5a3b9b3\" data-id=\"5a3b9b3\" data-element_type=\"column\">\n\t\t\t<div class=\"elementor-widget-wrap elementor-element-populated\">\n\t\t\t\t\t\t<div class=\"elementor-element elementor-element-fd30b84 elementor-widget elementor-widget-spacer\" data-id=\"fd30b84\" data-element_type=\"widget\" data-widget_type=\"spacer.default\">\n\t\t\t\t<div class=\"elementor-widget-container\">\n\t\t\t\t\t\t\t<div class=\"elementor-spacer\">\n\t\t\t<div class=\"elementor-spacer-inner\"><\/div>\n\t\t<\/div>\n\t\t\t\t\t\t<\/div>\n\t\t\t\t<\/div>\n\t\t\t\t<div class=\"elementor-element elementor-element-b019a02 elementor-widget elementor-widget-heading\" data-id=\"b019a02\" data-element_type=\"widget\" data-widget_type=\"heading.default\">\n\t\t\t\t<div class=\"elementor-widget-container\">\n\t\t\t\t\t<h1 class=\"elementor-heading-title elementor-size-default\">K\u0159i\u017eovatka Prievoz<\/h1>\t\t\t\t<\/div>\n\t\t\t\t<\/div>\n\t\t\t\t\t<\/div>\n\t\t<\/div>\n\t\t\t\t\t<\/div>\n\t\t<\/section>\n\t\t\t\t<section class=\"elementor-section elementor-top-section elementor-element elementor-element-29395f9 elementor-section-boxed elementor-section-height-default elementor-section-height-default\" data-id=\"29395f9\" data-element_type=\"section\" data-settings=\"{&quot;background_background&quot;:&quot;classic&quot;}\">\n\t\t\t\t\t\t<div class=\"elementor-container elementor-column-gap-default\">\n\t\t\t\t\t<div class=\"elementor-column elementor-col-50 elementor-top-column elementor-element elementor-element-4c29deb\" data-id=\"4c29deb\" data-element_type=\"column\">\n\t\t\t<div class=\"elementor-widget-wrap elementor-element-populated\">\n\t\t\t\t\t\t<div class=\"elementor-element elementor-element-b7dbd86 elementor-widget elementor-widget-heading\" data-id=\"b7dbd86\" data-element_type=\"widget\" data-widget_type=\"heading.default\">\n\t\t\t\t<div class=\"elementor-widget-container\">\n\t\t\t\t\t<h2 class=\"elementor-heading-title elementor-size-default\">Lokalizace:<\/h2>\t\t\t\t<\/div>\n\t\t\t\t<\/div>\n\t\t\t\t<div class=\"elementor-element elementor-element-0626055 elementor-widget elementor-widget-text-editor\" data-id=\"0626055\" data-element_type=\"widget\" data-widget_type=\"text-editor.default\">\n\t\t\t\t<div class=\"elementor-widget-container\">\n\t\t\t\t\t\t\t\t\t<p>Zem\u011b: Slovensko<\/p><p>N\u00e1zev stavby: Projektov\u00e1n\u00ed a v\u00fdstavba d\u00e1lni\u010dn\u00edch \u00fasek\u016f D4 Jarovce &#8211; Ra\u010da a \u00fasek\u016f R7 Bratislava Prievoz &#8211; Holice<\/p><p>Objekt: K\u0159i\u017eovatka Prievoz<\/p><p>GPS Sou\u0159adnice: 48,14189\u00b0 N, 17,15210\u00b0 E<\/p>\t\t\t\t\t\t\t\t<\/div>\n\t\t\t\t<\/div>\n\t\t\t\t<div class=\"elementor-element elementor-element-01b8870 elementor-widget elementor-widget-heading\" data-id=\"01b8870\" data-element_type=\"widget\" data-widget_type=\"heading.default\">\n\t\t\t\t<div class=\"elementor-widget-container\">\n\t\t\t\t\t<h2 class=\"elementor-heading-title elementor-size-default\">Z\u00fa\u010dastn\u011bn\u00e9 strany:<\/h2>\t\t\t\t<\/div>\n\t\t\t\t<\/div>\n\t\t\t\t<div class=\"elementor-element elementor-element-711a439 elementor-widget elementor-widget-text-editor\" data-id=\"711a439\" data-element_type=\"widget\" data-widget_type=\"text-editor.default\">\n\t\t\t\t<div class=\"elementor-widget-container\">\n\t\t\t\t\t\t\t\t\t<p>Investor: Ministerstvo dopravy a v\u00fdstavby SR<\/p><p>Projek\u010dn\u00ed kancel\u00e1\u0159: DOPRAVOPROJEKT, a. s.<\/p><p>Zhotovitel: D4R7 Construction s.r.o.<\/p>\t\t\t\t\t\t\t\t<\/div>\n\t\t\t\t<\/div>\n\t\t\t\t<div class=\"elementor-element elementor-element-8469b97 elementor-widget elementor-widget-heading\" data-id=\"8469b97\" data-element_type=\"widget\" data-widget_type=\"heading.default\">\n\t\t\t\t<div class=\"elementor-widget-container\">\n\t\t\t\t\t<h2 class=\"elementor-heading-title elementor-size-default\">Popis objektu:<\/h2>\t\t\t\t<\/div>\n\t\t\t\t<\/div>\n\t\t\t\t<div class=\"elementor-element elementor-element-a67bc67 elementor-widget elementor-widget-text-editor\" data-id=\"a67bc67\" data-element_type=\"widget\" data-widget_type=\"text-editor.default\">\n\t\t\t\t<div class=\"elementor-widget-container\">\n\t\t\t\t\t\t\t\t\t<p>Mimo\u00farov\u0148ov\u00e1 kri\u017eovatka d\u00e1lnici D1 s rychlostn\u00ed silnic\u00ed R7 v \u00faseku Bratislava a p\u0159ilehl\u00fdch komunikaci<\/p><p>Po\u010det realizovan\u00fdch objekt\u016f: 8 ks<\/p><p>Konstrukce mostu: monolitick\u00e9 a nosn\u00edkov\u00e9 konstrukce betonov\u00e9<\/p>\t\t\t\t\t\t\t\t<\/div>\n\t\t\t\t<\/div>\n\t\t\t\t<div class=\"elementor-element elementor-element-2839a4c elementor-widget elementor-widget-heading\" data-id=\"2839a4c\" data-element_type=\"widget\" data-widget_type=\"heading.default\">\n\t\t\t\t<div class=\"elementor-widget-container\">\n\t\t\t\t\t<h2 class=\"elementor-heading-title elementor-size-default\">Popis odvodn\u011bn\u00ed:<\/h2>\t\t\t\t<\/div>\n\t\t\t\t<\/div>\n\t\t\t\t<div class=\"elementor-element elementor-element-02cdff5 elementor-widget elementor-widget-text-editor\" data-id=\"02cdff5\" data-element_type=\"widget\" data-widget_type=\"text-editor.default\">\n\t\t\t\t<div class=\"elementor-widget-container\">\n\t\t\t\t\t\t\t\t\t<p>Pou\u017eit\u00fd syst\u00e9m: KOGA HDPE Grey<\/p><p>Pou\u017eit\u00e9 pr\u016fm\u011bry: DN50 \u2013 DN250,<\/p><p>Napojen\u00ed na odvod\u0148ova\u010de: 178 ks<\/p><p>Napojen\u00ed na tvarovky: 203 ks<\/p><p>Hlavn\u00ed kompenzace: kompenza\u010dn\u00ed hrdla DN160, DN200, DN250<\/p><p>Celkov\u00e1 d\u00e9lka instalace: 1513 bm.<\/p>\t\t\t\t\t\t\t\t<\/div>\n\t\t\t\t<\/div>\n\t\t\t\t\t<\/div>\n\t\t<\/div>\n\t\t\t\t<div class=\"elementor-column elementor-col-50 elementor-top-column elementor-element elementor-element-25c50e4\" data-id=\"25c50e4\" data-element_type=\"column\">\n\t\t\t<div class=\"elementor-widget-wrap elementor-element-populated\">\n\t\t\t\t\t\t<div class=\"elementor-element elementor-element-1927bee elementor-widget elementor-widget-google_maps\" data-id=\"1927bee\" data-element_type=\"widget\" data-widget_type=\"google_maps.default\">\n\t\t\t\t<div class=\"elementor-widget-container\">\n\t\t\t\t\t\t\t<div class=\"elementor-custom-embed\">\n\t\t\t<iframe loading=\"lazy\"\n\t\t\t\t\tsrc=\"https:\/\/maps.google.com\/maps?q=48.14189N%2C%2017.15210E&#038;t=m&#038;z=15&#038;output=embed&#038;iwloc=near\"\n\t\t\t\t\ttitle=\"48.14189N, 17.15210E\"\n\t\t\t\t\taria-label=\"48.14189N, 17.15210E\"\n\t\t\t><\/iframe>\n\t\t<\/div>\n\t\t\t\t\t\t<\/div>\n\t\t\t\t<\/div>\n\t\t\t\t<section class=\"elementor-section elementor-inner-section elementor-element elementor-element-2119a62 elementor-section-boxed elementor-section-height-default elementor-section-height-default\" data-id=\"2119a62\" data-element_type=\"section\">\n\t\t\t\t\t\t<div class=\"elementor-container elementor-column-gap-default\">\n\t\t\t\t\t<div class=\"elementor-column elementor-col-33 elementor-inner-column elementor-element elementor-element-761ddbb\" data-id=\"761ddbb\" data-element_type=\"column\" data-settings=\"{&quot;background_background&quot;:&quot;classic&quot;}\">\n\t\t\t<div class=\"elementor-widget-wrap elementor-element-populated\">\n\t\t\t\t\t\t<div class=\"elementor-element elementor-element-db17e67 elementor-widget elementor-widget-video\" data-id=\"db17e67\" data-element_type=\"widget\" data-settings=\"{&quot;video_type&quot;:&quot;hosted&quot;,&quot;controls&quot;:&quot;yes&quot;}\" data-widget_type=\"video.default\">\n\t\t\t\t<div class=\"elementor-widget-container\">\n\t\t\t\t\t\t\t<div class=\"e-hosted-video elementor-wrapper elementor-open-inline\">\n\t\t\t\t\t<video class=\"elementor-video\" src=\"https:\/\/kogabau.facilitytest.sk\/wp-content\/uploads\/2025\/10\/KOGA-BAU-Krizovatka-prievoz-dlhsia-verzia-4K.mp4\" controls=\"\" preload=\"metadata\" controlsList=\"nodownload\" poster=\"https:\/\/kogabau.facilitytest.sk\/wp-content\/uploads\/2025\/10\/Krizovatka-Prievoz-cover-foto.png\"><\/video>\n\t\t\t\t<\/div>\n\t\t\t\t\t\t<\/div>\n\t\t\t\t<\/div>\n\t\t\t\t\t<\/div>\n\t\t<\/div>\n\t\t\t\t<div class=\"elementor-column elementor-col-33 elementor-inner-column elementor-element elementor-element-c4e37b6\" data-id=\"c4e37b6\" data-element_type=\"column\" data-settings=\"{&quot;background_background&quot;:&quot;classic&quot;}\">\n\t\t\t<div class=\"elementor-widget-wrap elementor-element-populated\">\n\t\t\t\t\t\t<div class=\"elementor-element elementor-element-314f141 elementor-widget elementor-widget-image\" data-id=\"314f141\" data-element_type=\"widget\" data-widget_type=\"image.default\">\n\t\t\t\t<div class=\"elementor-widget-container\">\n\t\t\t\t\t\t\t\t\t\t\t\t\t\t\t<img fetchpriority=\"high\" decoding=\"async\" width=\"269\" height=\"246\" src=\"https:\/\/kogabau.facilitytest.sk\/wp-content\/uploads\/2025\/11\/IMG_8627.png\" class=\"attachment-full size-full wp-image-4547\" alt=\"\" \/>\t\t\t\t\t\t\t\t\t\t\t\t\t\t\t<\/div>\n\t\t\t\t<\/div>\n\t\t\t\t\t<\/div>\n\t\t<\/div>\n\t\t\t\t<div class=\"elementor-column elementor-col-33 elementor-inner-column elementor-element elementor-element-cf532d4\" data-id=\"cf532d4\" data-element_type=\"column\" data-settings=\"{&quot;background_background&quot;:&quot;classic&quot;}\">\n\t\t\t<div class=\"elementor-widget-wrap elementor-element-populated\">\n\t\t\t\t\t\t<div class=\"elementor-element elementor-element-3884935 elementor-widget elementor-widget-image\" data-id=\"3884935\" data-element_type=\"widget\" data-widget_type=\"image.default\">\n\t\t\t\t<div class=\"elementor-widget-container\">\n\t\t\t\t\t\t\t\t\t\t\t\t\t\t\t<img decoding=\"async\" width=\"270\" height=\"247\" src=\"https:\/\/kogabau.facilitytest.sk\/wp-content\/uploads\/2025\/11\/IMG_8626.png\" class=\"attachment-full size-full wp-image-4548\" alt=\"\" \/>\t\t\t\t\t\t\t\t\t\t\t\t\t\t\t<\/div>\n\t\t\t\t<\/div>\n\t\t\t\t\t<\/div>\n\t\t<\/div>\n\t\t\t\t\t<\/div>\n\t\t<\/section>\n\t\t\t\t\t<\/div>\n\t\t<\/div>\n\t\t\t\t\t<\/div>\n\t\t<\/section>\n\t\t\t\t<\/div>\n\t\t","protected":false},"excerpt":{"rendered":"<p>K\u0159i\u017eovatka Prievoz Lokalizace: Zem\u011b: Slovensko N\u00e1zev stavby: Projektov\u00e1n\u00ed a v\u00fdstavba d\u00e1lni\u010dn\u00edch \u00fasek\u016f D4 Jarovce &#8211; Ra\u010da a \u00fasek\u016f R7 Bratislava Prievoz &#8211; Holice Objekt: K\u0159i\u017eovatka Prievoz GPS Sou\u0159adnice: 48,14189\u00b0 N, 17,15210\u00b0 E Z\u00fa\u010dastn\u011bn\u00e9 strany: Investor: Ministerstvo dopravy a v\u00fdstavby SR Projek\u010dn\u00ed kancel\u00e1\u0159: DOPRAVOPROJEKT, a. s. Zhotovitel: D4R7 Construction s.r.o. Popis objektu: Mimo\u00farov\u0148ov\u00e1 kri\u017eovatka d\u00e1lnici D1 [&hellip;]<\/p>\n","protected":false},"author":15,"featured_media":0,"parent":0,"menu_order":0,"comment_status":"closed","ping_status":"closed","template":"","meta":{"footnotes":""},"class_list":["post-4549","page","type-page","status-publish","hentry"],"yoast_head":"<!-- This site is optimized with the Yoast SEO plugin v26.2 - https:\/\/yoast.com\/wordpress\/plugins\/seo\/ -->\n<title>K\u0159i\u017eovatka Prievoz \u2013 d\u00e1lni\u010dn\u00ed most a odvodn\u011bn\u00ed KOGA HDPE | KOGA Bau<\/title>\n<meta name=\"description\" content=\"K\u0159i\u017eovatka Prievoz na D4\/R7 v Bratislav\u011b: realizace 8 mostn\u00edch objekt\u016f se syst\u00e9mem odvodn\u011bn\u00ed KOGA HDPE, DN50\u2013DN250, 178 odvod\u0148ova\u010d\u016f, 203 tvarovek a 1513 bm instalace.\" \/>\n<meta name=\"robots\" content=\"noindex, follow, max-snippet:-1, max-image-preview:large, max-video-preview:-1\" \/>\n<meta property=\"og:locale\" content=\"cs_CZ\" \/>\n<meta property=\"og:type\" content=\"article\" \/>\n<meta property=\"og:title\" content=\"K\u0159i\u017eovatka Prievoz \u2013 d\u00e1lni\u010dn\u00ed most a odvodn\u011bn\u00ed KOGA HDPE | KOGA Bau\" \/>\n<meta property=\"og:description\" content=\"K\u0159i\u017eovatka Prievoz na D4\/R7 v Bratislav\u011b: realizace 8 mostn\u00edch objekt\u016f se syst\u00e9mem odvodn\u011bn\u00ed KOGA HDPE, DN50\u2013DN250, 178 odvod\u0148ova\u010d\u016f, 203 tvarovek a 1513 bm instalace.\" \/>\n<meta property=\"og:url\" content=\"https:\/\/kogabau.facilitytest.sk\/cs\/krizovatka-prievoz\/\" \/>\n<meta property=\"og:site_name\" content=\"KOGABAU\" \/>\n<meta property=\"article:modified_time\" content=\"2025-11-28T09:32:51+00:00\" \/>\n<meta property=\"og:image\" content=\"https:\/\/kogabau.facilitytest.sk\/wp-content\/uploads\/2025\/11\/IMG_8627.png\" \/>\n\t<meta property=\"og:image:width\" content=\"269\" \/>\n\t<meta property=\"og:image:height\" content=\"246\" \/>\n\t<meta property=\"og:image:type\" content=\"image\/png\" \/>\n<meta name=\"twitter:card\" content=\"summary_large_image\" \/>\n<meta name=\"twitter:label1\" content=\"Odhadovan\u00e1 doba \u010dten\u00ed\" \/>\n\t<meta name=\"twitter:data1\" content=\"1 minuta\" \/>\n<script type=\"application\/ld+json\" class=\"yoast-schema-graph\">{\"@context\":\"https:\/\/schema.org\",\"@graph\":[{\"@type\":\"WebPage\",\"@id\":\"https:\/\/kogabau.facilitytest.sk\/cs\/krizovatka-prievoz\/\",\"url\":\"https:\/\/kogabau.facilitytest.sk\/cs\/krizovatka-prievoz\/\",\"name\":\"K\u0159i\u017eovatka Prievoz \u2013 d\u00e1lni\u010dn\u00ed most a odvodn\u011bn\u00ed KOGA HDPE | KOGA Bau\",\"isPartOf\":{\"@id\":\"https:\/\/kogabau.facilitytest.sk\/cs\/#website\"},\"primaryImageOfPage\":{\"@id\":\"https:\/\/kogabau.facilitytest.sk\/cs\/krizovatka-prievoz\/#primaryimage\"},\"image\":{\"@id\":\"https:\/\/kogabau.facilitytest.sk\/cs\/krizovatka-prievoz\/#primaryimage\"},\"thumbnailUrl\":\"https:\/\/kogabau.facilitytest.sk\/wp-content\/uploads\/2025\/11\/IMG_8627.png\",\"datePublished\":\"2025-10-14T10:58:48+00:00\",\"dateModified\":\"2025-11-28T09:32:51+00:00\",\"description\":\"K\u0159i\u017eovatka Prievoz na D4\/R7 v Bratislav\u011b: realizace 8 mostn\u00edch objekt\u016f se syst\u00e9mem odvodn\u011bn\u00ed KOGA HDPE, DN50\u2013DN250, 178 odvod\u0148ova\u010d\u016f, 203 tvarovek a 1513 bm instalace.\",\"breadcrumb\":{\"@id\":\"https:\/\/kogabau.facilitytest.sk\/cs\/krizovatka-prievoz\/#breadcrumb\"},\"inLanguage\":\"cs\",\"potentialAction\":[{\"@type\":\"ReadAction\",\"target\":[\"https:\/\/kogabau.facilitytest.sk\/cs\/krizovatka-prievoz\/\"]}]},{\"@type\":\"ImageObject\",\"inLanguage\":\"cs\",\"@id\":\"https:\/\/kogabau.facilitytest.sk\/cs\/krizovatka-prievoz\/#primaryimage\",\"url\":\"https:\/\/kogabau.facilitytest.sk\/wp-content\/uploads\/2025\/11\/IMG_8627.png\",\"contentUrl\":\"https:\/\/kogabau.facilitytest.sk\/wp-content\/uploads\/2025\/11\/IMG_8627.png\"},{\"@type\":\"BreadcrumbList\",\"@id\":\"https:\/\/kogabau.facilitytest.sk\/cs\/krizovatka-prievoz\/#breadcrumb\",\"itemListElement\":[{\"@type\":\"ListItem\",\"position\":1,\"name\":\"Home\",\"item\":\"https:\/\/kogabau.facilitytest.sk\/cs\/\"},{\"@type\":\"ListItem\",\"position\":2,\"name\":\"K\u0159i\u017eovatka Prievoz\"}]},{\"@type\":\"WebSite\",\"@id\":\"https:\/\/kogabau.facilitytest.sk\/cs\/#website\",\"url\":\"https:\/\/kogabau.facilitytest.sk\/cs\/\",\"name\":\"KOGABAU\",\"description\":\"\",\"publisher\":{\"@id\":\"https:\/\/kogabau.facilitytest.sk\/cs\/#organization\"},\"potentialAction\":[{\"@type\":\"SearchAction\",\"target\":{\"@type\":\"EntryPoint\",\"urlTemplate\":\"https:\/\/kogabau.facilitytest.sk\/cs\/?s={search_term_string}\"},\"query-input\":{\"@type\":\"PropertyValueSpecification\",\"valueRequired\":true,\"valueName\":\"search_term_string\"}}],\"inLanguage\":\"cs\"},{\"@type\":\"Organization\",\"@id\":\"https:\/\/kogabau.facilitytest.sk\/cs\/#organization\",\"name\":\"KOGABAU\",\"url\":\"https:\/\/kogabau.facilitytest.sk\/cs\/\",\"logo\":{\"@type\":\"ImageObject\",\"inLanguage\":\"cs\",\"@id\":\"https:\/\/kogabau.facilitytest.sk\/cs\/#\/schema\/logo\/image\/\",\"url\":\"https:\/\/kogabau.facilitytest.sk\/wp-content\/uploads\/2021\/02\/KOGA-BAU-logo-cierne.png\",\"contentUrl\":\"https:\/\/kogabau.facilitytest.sk\/wp-content\/uploads\/2021\/02\/KOGA-BAU-logo-cierne.png\",\"width\":516,\"height\":66,\"caption\":\"KOGABAU\"},\"image\":{\"@id\":\"https:\/\/kogabau.facilitytest.sk\/cs\/#\/schema\/logo\/image\/\"}}]}<\/script>\n<!-- \/ Yoast SEO plugin. -->","yoast_head_json":{"title":"K\u0159i\u017eovatka Prievoz \u2013 d\u00e1lni\u010dn\u00ed most a odvodn\u011bn\u00ed KOGA HDPE | KOGA Bau","description":"K\u0159i\u017eovatka Prievoz na D4\/R7 v Bratislav\u011b: realizace 8 mostn\u00edch objekt\u016f se syst\u00e9mem odvodn\u011bn\u00ed KOGA HDPE, DN50\u2013DN250, 178 odvod\u0148ova\u010d\u016f, 203 tvarovek a 1513 bm instalace.","robots":{"index":"noindex","follow":"follow","max-snippet":"max-snippet:-1","max-image-preview":"max-image-preview:large","max-video-preview":"max-video-preview:-1"},"og_locale":"cs_CZ","og_type":"article","og_title":"K\u0159i\u017eovatka Prievoz \u2013 d\u00e1lni\u010dn\u00ed most a odvodn\u011bn\u00ed KOGA HDPE | KOGA Bau","og_description":"K\u0159i\u017eovatka Prievoz na D4\/R7 v Bratislav\u011b: realizace 8 mostn\u00edch objekt\u016f se syst\u00e9mem odvodn\u011bn\u00ed KOGA HDPE, DN50\u2013DN250, 178 odvod\u0148ova\u010d\u016f, 203 tvarovek a 1513 bm instalace.","og_url":"https:\/\/kogabau.facilitytest.sk\/cs\/krizovatka-prievoz\/","og_site_name":"KOGABAU","article_modified_time":"2025-11-28T09:32:51+00:00","og_image":[{"width":269,"height":246,"url":"https:\/\/kogabau.facilitytest.sk\/wp-content\/uploads\/2025\/11\/IMG_8627.png","type":"image\/png"}],"twitter_card":"summary_large_image","twitter_misc":{"Odhadovan\u00e1 doba \u010dten\u00ed":"1 minuta"},"schema":{"@context":"https:\/\/schema.org","@graph":[{"@type":"WebPage","@id":"https:\/\/kogabau.facilitytest.sk\/cs\/krizovatka-prievoz\/","url":"https:\/\/kogabau.facilitytest.sk\/cs\/krizovatka-prievoz\/","name":"K\u0159i\u017eovatka Prievoz \u2013 d\u00e1lni\u010dn\u00ed most a odvodn\u011bn\u00ed KOGA HDPE | KOGA Bau","isPartOf":{"@id":"https:\/\/kogabau.facilitytest.sk\/cs\/#website"},"primaryImageOfPage":{"@id":"https:\/\/kogabau.facilitytest.sk\/cs\/krizovatka-prievoz\/#primaryimage"},"image":{"@id":"https:\/\/kogabau.facilitytest.sk\/cs\/krizovatka-prievoz\/#primaryimage"},"thumbnailUrl":"https:\/\/kogabau.facilitytest.sk\/wp-content\/uploads\/2025\/11\/IMG_8627.png","datePublished":"2025-10-14T10:58:48+00:00","dateModified":"2025-11-28T09:32:51+00:00","description":"K\u0159i\u017eovatka Prievoz na D4\/R7 v Bratislav\u011b: realizace 8 mostn\u00edch objekt\u016f se syst\u00e9mem odvodn\u011bn\u00ed KOGA HDPE, DN50\u2013DN250, 178 odvod\u0148ova\u010d\u016f, 203 tvarovek a 1513 bm instalace.","breadcrumb":{"@id":"https:\/\/kogabau.facilitytest.sk\/cs\/krizovatka-prievoz\/#breadcrumb"},"inLanguage":"cs","potentialAction":[{"@type":"ReadAction","target":["https:\/\/kogabau.facilitytest.sk\/cs\/krizovatka-prievoz\/"]}]},{"@type":"ImageObject","inLanguage":"cs","@id":"https:\/\/kogabau.facilitytest.sk\/cs\/krizovatka-prievoz\/#primaryimage","url":"https:\/\/kogabau.facilitytest.sk\/wp-content\/uploads\/2025\/11\/IMG_8627.png","contentUrl":"https:\/\/kogabau.facilitytest.sk\/wp-content\/uploads\/2025\/11\/IMG_8627.png"},{"@type":"BreadcrumbList","@id":"https:\/\/kogabau.facilitytest.sk\/cs\/krizovatka-prievoz\/#breadcrumb","itemListElement":[{"@type":"ListItem","position":1,"name":"Home","item":"https:\/\/kogabau.facilitytest.sk\/cs\/"},{"@type":"ListItem","position":2,"name":"K\u0159i\u017eovatka Prievoz"}]},{"@type":"WebSite","@id":"https:\/\/kogabau.facilitytest.sk\/cs\/#website","url":"https:\/\/kogabau.facilitytest.sk\/cs\/","name":"KOGABAU","description":"","publisher":{"@id":"https:\/\/kogabau.facilitytest.sk\/cs\/#organization"},"potentialAction":[{"@type":"SearchAction","target":{"@type":"EntryPoint","urlTemplate":"https:\/\/kogabau.facilitytest.sk\/cs\/?s={search_term_string}"},"query-input":{"@type":"PropertyValueSpecification","valueRequired":true,"valueName":"search_term_string"}}],"inLanguage":"cs"},{"@type":"Organization","@id":"https:\/\/kogabau.facilitytest.sk\/cs\/#organization","name":"KOGABAU","url":"https:\/\/kogabau.facilitytest.sk\/cs\/","logo":{"@type":"ImageObject","inLanguage":"cs","@id":"https:\/\/kogabau.facilitytest.sk\/cs\/#\/schema\/logo\/image\/","url":"https:\/\/kogabau.facilitytest.sk\/wp-content\/uploads\/2021\/02\/KOGA-BAU-logo-cierne.png","contentUrl":"https:\/\/kogabau.facilitytest.sk\/wp-content\/uploads\/2021\/02\/KOGA-BAU-logo-cierne.png","width":516,"height":66,"caption":"KOGABAU"},"image":{"@id":"https:\/\/kogabau.facilitytest.sk\/cs\/#\/schema\/logo\/image\/"}}]}},"_links":{"self":[{"href":"https:\/\/kogabau.facilitytest.sk\/cs\/wp-json\/wp\/v2\/pages\/4549","targetHints":{"allow":["GET"]}}],"collection":[{"href":"https:\/\/kogabau.facilitytest.sk\/cs\/wp-json\/wp\/v2\/pages"}],"about":[{"href":"https:\/\/kogabau.facilitytest.sk\/cs\/wp-json\/wp\/v2\/types\/page"}],"author":[{"embeddable":true,"href":"https:\/\/kogabau.facilitytest.sk\/cs\/wp-json\/wp\/v2\/users\/15"}],"replies":[{"embeddable":true,"href":"https:\/\/kogabau.facilitytest.sk\/cs\/wp-json\/wp\/v2\/comments?post=4549"}],"version-history":[{"count":12,"href":"https:\/\/kogabau.facilitytest.sk\/cs\/wp-json\/wp\/v2\/pages\/4549\/revisions"}],"predecessor-version":[{"id":8334,"href":"https:\/\/kogabau.facilitytest.sk\/cs\/wp-json\/wp\/v2\/pages\/4549\/revisions\/8334"}],"wp:attachment":[{"href":"https:\/\/kogabau.facilitytest.sk\/cs\/wp-json\/wp\/v2\/media?parent=4549"}],"curies":[{"name":"wp","href":"https:\/\/api.w.org\/{rel}","templated":true}]}}