{"id":4517,"date":"2025-10-12T16:50:38","date_gmt":"2025-10-12T14:50:38","guid":{"rendered":"https:\/\/kogabau.facilitytest.sk\/koga-cornice-a-z-grp-koga-cornice-grp\/"},"modified":"2025-11-06T21:44:16","modified_gmt":"2025-11-06T20:44:16","slug":"koga-cornice-a-z-grp-koga-cornice-grp","status":"publish","type":"page","link":"https:\/\/kogabau.facilitytest.sk\/cs\/koga-cornice-a-z-grp-koga-cornice-grp\/","title":{"rendered":"KOGA CORNICE a z GRP KOGA CORNICE GRP"},"content":{"rendered":"\t\t<div data-elementor-type=\"wp-page\" data-elementor-id=\"4517\" class=\"elementor elementor-4517 elementor-1194\" data-elementor-post-type=\"page\">\n\t\t\t\t\t\t<section class=\"elementor-section elementor-top-section elementor-element elementor-element-95dbdbc elementor-section-boxed elementor-section-height-default elementor-section-height-default\" data-id=\"95dbdbc\" data-element_type=\"section\" data-settings=\"{&quot;background_background&quot;:&quot;classic&quot;}\">\n\t\t\t\t\t\t<div class=\"elementor-container elementor-column-gap-default\">\n\t\t\t\t\t<div class=\"elementor-column elementor-col-100 elementor-top-column elementor-element elementor-element-78e5e81\" data-id=\"78e5e81\" data-element_type=\"column\">\n\t\t\t<div class=\"elementor-widget-wrap elementor-element-populated\">\n\t\t\t\t\t\t<div class=\"elementor-element elementor-element-3ff8e3a elementor-widget elementor-widget-spacer\" data-id=\"3ff8e3a\" data-element_type=\"widget\" data-widget_type=\"spacer.default\">\n\t\t\t\t<div class=\"elementor-widget-container\">\n\t\t\t\t\t\t\t<div class=\"elementor-spacer\">\n\t\t\t<div class=\"elementor-spacer-inner\"><\/div>\n\t\t<\/div>\n\t\t\t\t\t\t<\/div>\n\t\t\t\t<\/div>\n\t\t\t\t<div class=\"elementor-element elementor-element-427b940 elementor-widget elementor-widget-heading\" data-id=\"427b940\" data-element_type=\"widget\" data-widget_type=\"heading.default\">\n\t\t\t\t<div class=\"elementor-widget-container\">\n\t\t\t\t\t<h1 class=\"elementor-heading-title elementor-size-default\">KOGA CORNICE a KOGA CORNICE GRP<\/h1>\t\t\t\t<\/div>\n\t\t\t\t<\/div>\n\t\t\t\t\t<\/div>\n\t\t<\/div>\n\t\t\t\t\t<\/div>\n\t\t<\/section>\n\t\t\t\t<section class=\"elementor-section elementor-top-section elementor-element elementor-element-1edceee elementor-section-boxed elementor-section-height-default elementor-section-height-default\" data-id=\"1edceee\" data-element_type=\"section\" data-settings=\"{&quot;background_background&quot;:&quot;classic&quot;}\">\n\t\t\t\t\t\t<div class=\"elementor-container elementor-column-gap-default\">\n\t\t\t\t\t<div class=\"elementor-column elementor-col-100 elementor-top-column elementor-element elementor-element-37f2fa0\" data-id=\"37f2fa0\" data-element_type=\"column\">\n\t\t\t<div class=\"elementor-widget-wrap elementor-element-populated\">\n\t\t\t\t\t\t<div class=\"elementor-element elementor-element-a07fc31 elementor-widget elementor-widget-text-editor\" data-id=\"a07fc31\" data-element_type=\"widget\" data-widget_type=\"text-editor.default\">\n\t\t\t\t<div class=\"elementor-widget-container\">\n\t\t\t\t\t\t\t\t\t<p>\u0158\u00edmsov\u00e9 prefabrik\u00e1ty vyroben\u00e9 z polymerbetonu jsou modern\u00edm a inovativn\u00edm materi\u00e1lem ur\u010den\u00fdm pro estetick\u00e9 a trval\u00e9 zakon\u010den\u00ed mostn\u00ed \u0159\u00edmsy. D\u00edky sv\u00fdm vlastnostem KOGA CORNICE prodlu\u017euje \u017eivotnost tohoto prvku na mostn\u00edm objektu. Pohledov\u00e1 strana prefabrik\u00e1t\u016f je pokryta vrstvou Gelcoatu, kter\u00fd zaru\u010duje barevnou st\u00e1lost a odolnost cel\u00e9ho v\u00fdrobku v\u016f\u010di pov\u011btrnostn\u00edm podm\u00ednk\u00e1m v pr\u016fb\u011bhu exploatace. \u0158\u00edmsov\u00e9 prefabrik\u00e1ty z polymerbetonu a GRP maj\u00ed \u0161irok\u00fd v\u00fdb\u011br barev a tvar\u016f, co\u017e umo\u017e\u0148uje architekt\u016fm zvolit si tento element, kter\u00fd rozhoduje o kone\u010dn\u00e9m vzhledu mostn\u00edho objektu.   <\/p>\t\t\t\t\t\t\t\t<\/div>\n\t\t\t\t<\/div>\n\t\t\t\t<div class=\"elementor-element elementor-element-37e3c74 elementor-widget elementor-widget-heading\" data-id=\"37e3c74\" data-element_type=\"widget\" data-widget_type=\"heading.default\">\n\t\t\t\t<div class=\"elementor-widget-container\">\n\t\t\t\t\t<h2 class=\"elementor-heading-title elementor-size-default\">Vlastnosti \u0159\u00edmsov\u00fdch prefabrik\u00e1t\u016f KOGA CORNICE z polymerbetonu<\/h2>\t\t\t\t<\/div>\n\t\t\t\t<\/div>\n\t\t\t\t<div class=\"elementor-element elementor-element-769ae5c elementor-widget elementor-widget-text-editor\" data-id=\"769ae5c\" data-element_type=\"widget\" data-widget_type=\"text-editor.default\">\n\t\t\t\t<div class=\"elementor-widget-container\">\n\t\t\t\t\t\t\t\t\t<p>Polymerbeton m\u00e1 pevnostn\u00ed vlastnosti p\u0159esahuj\u00edc\u00ed klasick\u00fd beton. D\u00edky tomu m\u016f\u017ee m\u00edt \u0159\u00edmsov\u00fd prefabrik\u00e1t na most tlou\u0161\u0165ku 40mm a metr \u0159\u00edmsy v\u010detn\u011b \u00fachyt\u016f m\u016f\u017ee m\u00edt hmotnost od 40kg\/bm. D\u00edky takov\u00fdm parametr\u016fm je manipulace na stavb\u011b a samotn\u00e1 instalace na mostn\u00edm objektu m\u00e9n\u011b n\u00e1ro\u010dn\u00e1 oproti klasick\u00fdm betonov\u00fdm prefabrik\u00e1t\u016fm. Mont\u00e1\u017e je mo\u017en\u00e9 realizovat bez pou\u017eit\u00ed t\u011b\u017ek\u00e9 techniky.   <\/p><p>Polymerbeton s\u00e1m o sob\u011b m\u00e1 vynikaj\u00edc\u00ed chemicko-fyzik\u00e1ln\u00ed a mechanick\u00e9 vlastnosti. Krom\u011b jin\u00e9ho je t\u0159eba vyzdvihnout nulovou nas\u00e1kavost, mrazuvzdornost, odolnost v\u016f\u010di ropn\u00fdm l\u00e1tk\u00e1m a chlorid\u016fm, barevnou st\u00e1lost, vysokou odolnost v\u016f\u010di UV z\u00e1\u0159en\u00ed. <\/p>\t\t\t\t\t\t\t\t<\/div>\n\t\t\t\t<\/div>\n\t\t\t\t<div class=\"elementor-element elementor-element-83c1498 elementor-widget elementor-widget-image\" data-id=\"83c1498\" data-element_type=\"widget\" data-widget_type=\"image.default\">\n\t\t\t\t<div class=\"elementor-widget-container\">\n\t\t\t\t\t\t\t\t\t\t\t\t\t\t\t<img fetchpriority=\"high\" decoding=\"async\" width=\"1433\" height=\"478\" src=\"https:\/\/kogabau.facilitytest.sk\/wp-content\/uploads\/2025\/10\/kogabau-KOGA-CORNICE-a-z-GRP-KOGA-CORNICE-GRP.png\" class=\"attachment-full size-full wp-image-4516\" alt=\"\" srcset=\"https:\/\/kogabau.facilitytest.sk\/wp-content\/uploads\/2025\/10\/kogabau-KOGA-CORNICE-a-z-GRP-KOGA-CORNICE-GRP.png 1433w, https:\/\/kogabau.facilitytest.sk\/wp-content\/uploads\/2025\/10\/kogabau-KOGA-CORNICE-a-z-GRP-KOGA-CORNICE-GRP-300x100.png 300w, https:\/\/kogabau.facilitytest.sk\/wp-content\/uploads\/2025\/10\/kogabau-KOGA-CORNICE-a-z-GRP-KOGA-CORNICE-GRP-1024x342.png 1024w, https:\/\/kogabau.facilitytest.sk\/wp-content\/uploads\/2025\/10\/kogabau-KOGA-CORNICE-a-z-GRP-KOGA-CORNICE-GRP-768x256.png 768w\" sizes=\"(max-width: 1433px) 100vw, 1433px\" \/>\t\t\t\t\t\t\t\t\t\t\t\t\t\t\t<\/div>\n\t\t\t\t<\/div>\n\t\t\t\t\t<\/div>\n\t\t<\/div>\n\t\t\t\t\t<\/div>\n\t\t<\/section>\n\t\t\t\t<section class=\"elementor-section elementor-top-section elementor-element elementor-element-52978b0 elementor-section-boxed elementor-section-height-default elementor-section-height-default\" data-id=\"52978b0\" data-element_type=\"section\" data-settings=\"{&quot;background_background&quot;:&quot;classic&quot;}\">\n\t\t\t\t\t\t<div class=\"elementor-container elementor-column-gap-default\">\n\t\t\t\t\t<div class=\"elementor-column elementor-col-100 elementor-top-column elementor-element elementor-element-eb63ef0\" data-id=\"eb63ef0\" data-element_type=\"column\">\n\t\t\t<div class=\"elementor-widget-wrap elementor-element-populated\">\n\t\t\t\t\t\t<div class=\"elementor-element elementor-element-31b74d1 elementor-widget elementor-widget-heading\" data-id=\"31b74d1\" data-element_type=\"widget\" data-widget_type=\"heading.default\">\n\t\t\t\t<div class=\"elementor-widget-container\">\n\t\t\t\t\t<h2 class=\"elementor-heading-title elementor-size-default\">\u00dachytn\u00e9 prvky:<\/h2>\t\t\t\t<\/div>\n\t\t\t\t<\/div>\n\t\t\t\t<div class=\"elementor-element elementor-element-204afdf elementor-widget elementor-widget-text-editor\" data-id=\"204afdf\" data-element_type=\"widget\" data-widget_type=\"text-editor.default\">\n\t\t\t\t<div class=\"elementor-widget-container\">\n\t\t\t\t\t\t\t\t\t<p>\u0158\u00edmsov\u00e9 prefabrik\u00e1ty jsou dod\u00e1v\u00e1ny spolu s prvky umo\u017e\u0148uj\u00edc\u00edmi mont\u00e1\u017e na most\u011b a n\u00e1sledn\u00e9 prov\u00e1z\u00e1n\u00ed v\u00fdztu\u017e\u00ed prefabrik\u00e1t\u016f s armaturou mostn\u00ed konstrukce. Ve spolupr\u00e1ci s projektantem um\u00edme navrhnout syst\u00e9m prvk\u016f nejvhodn\u011bj\u0161\u00ed pro armaturu mostu, z\u00e1rove\u0148 umo\u017e\u0148uj\u00edc\u00ed snadnou manipulaci a mont\u00e1\u017e prefabrik\u00e1tu v pr\u016fb\u011bhu v\u00fdstavby. <\/p>\t\t\t\t\t\t\t\t<\/div>\n\t\t\t\t<\/div>\n\t\t\t\t\t<\/div>\n\t\t<\/div>\n\t\t\t\t\t<\/div>\n\t\t<\/section>\n\t\t\t\t<section class=\"elementor-section elementor-top-section elementor-element elementor-element-20cff49 elementor-section-boxed elementor-section-height-default elementor-section-height-default\" data-id=\"20cff49\" data-element_type=\"section\" data-settings=\"{&quot;background_background&quot;:&quot;classic&quot;}\">\n\t\t\t\t\t\t<div class=\"elementor-container elementor-column-gap-default\">\n\t\t\t\t\t<div class=\"elementor-column elementor-col-100 elementor-top-column elementor-element elementor-element-886d016\" data-id=\"886d016\" data-element_type=\"column\">\n\t\t\t<div class=\"elementor-widget-wrap elementor-element-populated\">\n\t\t\t\t\t\t<div class=\"elementor-element elementor-element-ded8ece elementor-widget elementor-widget-heading\" data-id=\"ded8ece\" data-element_type=\"widget\" data-widget_type=\"heading.default\">\n\t\t\t\t<div class=\"elementor-widget-container\">\n\t\t\t\t\t<h2 class=\"elementor-heading-title elementor-size-default\">V\u00fdhody \u0159\u00edmsov\u00fdch prefabrik\u00e1t\u016f KOGA <br>CORNICE a KOGA CORNICE GRP:<\/h2>\t\t\t\t<\/div>\n\t\t\t\t<\/div>\n\t\t\t\t<section class=\"elementor-section elementor-inner-section elementor-element elementor-element-e566ef6 elementor-section-boxed elementor-section-height-default elementor-section-height-default\" data-id=\"e566ef6\" data-element_type=\"section\">\n\t\t\t\t\t\t<div class=\"elementor-container elementor-column-gap-default\">\n\t\t\t\t\t<div class=\"elementor-column elementor-col-100 elementor-inner-column elementor-element elementor-element-2995bc2\" data-id=\"2995bc2\" data-element_type=\"column\">\n\t\t\t<div class=\"elementor-widget-wrap elementor-element-populated\">\n\t\t\t\t\t\t<div class=\"elementor-element elementor-element-7522857 elementor-widget elementor-widget-text-editor\" data-id=\"7522857\" data-element_type=\"widget\" data-widget_type=\"text-editor.default\">\n\t\t\t\t<div class=\"elementor-widget-container\">\n\t\t\t\t\t\t\t\t\t<ul><li>vysok\u00e1 estetick\u00e1 hodnota hotov\u00e9 \u0159\u00edmsy mostn\u00edho objektu<\/li><li>snadn\u00e1 manipulace na stavb\u011b d\u00edky n\u00edzk\u00e9 hmotnosti<\/li><li>mrazuvzdornost d\u00edky nenas\u00e1kav\u00e9mu materi\u00e1lu<\/li><li>barevn\u00e1 st\u00e1lost d\u00edky zv\u00fd\u0161en\u00e9 odolnosti v\u016f\u010di UV z\u00e1\u0159en\u00ed<\/li><li>mo\u017enost kombinov\u00e1n\u00ed tvar\u016f a barev, co\u017e zaru\u010duje jedine\u010dn\u00fd kone\u010dn\u00fd efekt<\/li><li>rychl\u00e1 mont\u00e1\u017e na stavb\u011b<\/li><li>vysok\u00e1 kapacita dod\u00e1vek<\/li><\/ul>\t\t\t\t\t\t\t\t<\/div>\n\t\t\t\t<\/div>\n\t\t\t\t\t<\/div>\n\t\t<\/div>\n\t\t\t\t\t<\/div>\n\t\t<\/section>\n\t\t\t\t\t<\/div>\n\t\t<\/div>\n\t\t\t\t\t<\/div>\n\t\t<\/section>\n\t\t\t\t<\/div>\n\t\t","protected":false},"excerpt":{"rendered":"<p>KOGA CORNICE a KOGA CORNICE GRP \u0158\u00edmsov\u00e9 prefabrik\u00e1ty vyroben\u00e9 z polymerbetonu jsou modern\u00edm a inovativn\u00edm materi\u00e1lem ur\u010den\u00fdm pro estetick\u00e9 a trval\u00e9 zakon\u010den\u00ed mostn\u00ed \u0159\u00edmsy. D\u00edky sv\u00fdm vlastnostem KOGA CORNICE prodlu\u017euje \u017eivotnost tohoto prvku na mostn\u00edm objektu. Pohledov\u00e1 strana prefabrik\u00e1t\u016f je pokryta vrstvou Gelcoatu, kter\u00fd zaru\u010duje barevnou st\u00e1lost a odolnost cel\u00e9ho v\u00fdrobku v\u016f\u010di pov\u011btrnostn\u00edm podm\u00ednk\u00e1m v [&hellip;]<\/p>\n","protected":false},"author":15,"featured_media":0,"parent":0,"menu_order":0,"comment_status":"closed","ping_status":"closed","template":"","meta":{"footnotes":""},"class_list":["post-4517","page","type-page","status-publish","hentry"],"yoast_head":"<!-- This site is optimized with the Yoast SEO plugin v26.2 - https:\/\/yoast.com\/wordpress\/plugins\/seo\/ -->\n<title>KOGA CORNICE &amp; CORNICE GRP \u2013 \u0159\u00edmsov\u00e9 prefabrik\u00e1ty z polymerbetonu pro mosty | KOGA Bau<\/title>\n<meta name=\"description\" content=\"\u0158\u00edmsov\u00e9 prefabrik\u00e1ty KOGA CORNICE a CORNICE GRP z polymerbetonu a GRP poskytuj\u00ed estetick\u00e9 a trval\u00e9 zakon\u010den\u00ed mostn\u00edch \u0159\u00edms, mrazuvzdornost, barevnou st\u00e1lost, snadnou manipulaci a rychlou mont\u00e1\u017e.\" \/>\n<meta name=\"robots\" content=\"noindex, follow, max-snippet:-1, max-image-preview:large, max-video-preview:-1\" \/>\n<meta property=\"og:locale\" content=\"cs_CZ\" \/>\n<meta property=\"og:type\" content=\"article\" \/>\n<meta property=\"og:title\" content=\"KOGA CORNICE &amp; CORNICE GRP \u2013 \u0159\u00edmsov\u00e9 prefabrik\u00e1ty z polymerbetonu pro mosty | KOGA Bau\" \/>\n<meta property=\"og:description\" content=\"\u0158\u00edmsov\u00e9 prefabrik\u00e1ty KOGA CORNICE a CORNICE GRP z polymerbetonu a GRP poskytuj\u00ed estetick\u00e9 a trval\u00e9 zakon\u010den\u00ed mostn\u00edch \u0159\u00edms, mrazuvzdornost, barevnou st\u00e1lost, snadnou manipulaci a rychlou mont\u00e1\u017e.\" \/>\n<meta property=\"og:url\" content=\"https:\/\/kogabau.facilitytest.sk\/cs\/koga-cornice-a-z-grp-koga-cornice-grp\/\" \/>\n<meta property=\"og:site_name\" content=\"KOGABAU\" \/>\n<meta property=\"article:modified_time\" content=\"2025-11-06T20:44:16+00:00\" \/>\n<meta property=\"og:image\" content=\"https:\/\/kogabau.facilitytest.sk\/wp-content\/uploads\/2025\/10\/kogabau-KOGA-CORNICE-a-z-GRP-KOGA-CORNICE-GRP.png\" \/>\n\t<meta property=\"og:image:width\" content=\"1433\" \/>\n\t<meta property=\"og:image:height\" content=\"478\" \/>\n\t<meta property=\"og:image:type\" content=\"image\/png\" \/>\n<meta name=\"twitter:card\" content=\"summary_large_image\" \/>\n<meta name=\"twitter:label1\" content=\"Odhadovan\u00e1 doba \u010dten\u00ed\" \/>\n\t<meta name=\"twitter:data1\" content=\"2 minuty\" \/>\n<script type=\"application\/ld+json\" class=\"yoast-schema-graph\">{\"@context\":\"https:\/\/schema.org\",\"@graph\":[{\"@type\":\"WebPage\",\"@id\":\"https:\/\/kogabau.facilitytest.sk\/cs\/koga-cornice-a-z-grp-koga-cornice-grp\/\",\"url\":\"https:\/\/kogabau.facilitytest.sk\/cs\/koga-cornice-a-z-grp-koga-cornice-grp\/\",\"name\":\"KOGA CORNICE & CORNICE GRP \u2013 \u0159\u00edmsov\u00e9 prefabrik\u00e1ty z polymerbetonu pro mosty | KOGA Bau\",\"isPartOf\":{\"@id\":\"https:\/\/kogabau.facilitytest.sk\/cs\/#website\"},\"primaryImageOfPage\":{\"@id\":\"https:\/\/kogabau.facilitytest.sk\/cs\/koga-cornice-a-z-grp-koga-cornice-grp\/#primaryimage\"},\"image\":{\"@id\":\"https:\/\/kogabau.facilitytest.sk\/cs\/koga-cornice-a-z-grp-koga-cornice-grp\/#primaryimage\"},\"thumbnailUrl\":\"https:\/\/kogabau.facilitytest.sk\/wp-content\/uploads\/2025\/10\/kogabau-KOGA-CORNICE-a-z-GRP-KOGA-CORNICE-GRP.png\",\"datePublished\":\"2025-10-12T14:50:38+00:00\",\"dateModified\":\"2025-11-06T20:44:16+00:00\",\"description\":\"\u0158\u00edmsov\u00e9 prefabrik\u00e1ty KOGA CORNICE a CORNICE GRP z polymerbetonu a GRP poskytuj\u00ed estetick\u00e9 a trval\u00e9 zakon\u010den\u00ed mostn\u00edch \u0159\u00edms, mrazuvzdornost, barevnou st\u00e1lost, snadnou manipulaci a rychlou mont\u00e1\u017e.\",\"breadcrumb\":{\"@id\":\"https:\/\/kogabau.facilitytest.sk\/cs\/koga-cornice-a-z-grp-koga-cornice-grp\/#breadcrumb\"},\"inLanguage\":\"cs\",\"potentialAction\":[{\"@type\":\"ReadAction\",\"target\":[\"https:\/\/kogabau.facilitytest.sk\/cs\/koga-cornice-a-z-grp-koga-cornice-grp\/\"]}]},{\"@type\":\"ImageObject\",\"inLanguage\":\"cs\",\"@id\":\"https:\/\/kogabau.facilitytest.sk\/cs\/koga-cornice-a-z-grp-koga-cornice-grp\/#primaryimage\",\"url\":\"https:\/\/kogabau.facilitytest.sk\/wp-content\/uploads\/2025\/10\/kogabau-KOGA-CORNICE-a-z-GRP-KOGA-CORNICE-GRP.png\",\"contentUrl\":\"https:\/\/kogabau.facilitytest.sk\/wp-content\/uploads\/2025\/10\/kogabau-KOGA-CORNICE-a-z-GRP-KOGA-CORNICE-GRP.png\"},{\"@type\":\"BreadcrumbList\",\"@id\":\"https:\/\/kogabau.facilitytest.sk\/cs\/koga-cornice-a-z-grp-koga-cornice-grp\/#breadcrumb\",\"itemListElement\":[{\"@type\":\"ListItem\",\"position\":1,\"name\":\"Home\",\"item\":\"https:\/\/kogabau.facilitytest.sk\/cs\/\"},{\"@type\":\"ListItem\",\"position\":2,\"name\":\"KOGA CORNICE a z GRP KOGA CORNICE GRP\"}]},{\"@type\":\"WebSite\",\"@id\":\"https:\/\/kogabau.facilitytest.sk\/cs\/#website\",\"url\":\"https:\/\/kogabau.facilitytest.sk\/cs\/\",\"name\":\"KOGABAU\",\"description\":\"\",\"publisher\":{\"@id\":\"https:\/\/kogabau.facilitytest.sk\/cs\/#organization\"},\"potentialAction\":[{\"@type\":\"SearchAction\",\"target\":{\"@type\":\"EntryPoint\",\"urlTemplate\":\"https:\/\/kogabau.facilitytest.sk\/cs\/?s={search_term_string}\"},\"query-input\":{\"@type\":\"PropertyValueSpecification\",\"valueRequired\":true,\"valueName\":\"search_term_string\"}}],\"inLanguage\":\"cs\"},{\"@type\":\"Organization\",\"@id\":\"https:\/\/kogabau.facilitytest.sk\/cs\/#organization\",\"name\":\"KOGABAU\",\"url\":\"https:\/\/kogabau.facilitytest.sk\/cs\/\",\"logo\":{\"@type\":\"ImageObject\",\"inLanguage\":\"cs\",\"@id\":\"https:\/\/kogabau.facilitytest.sk\/cs\/#\/schema\/logo\/image\/\",\"url\":\"https:\/\/kogabau.facilitytest.sk\/wp-content\/uploads\/2021\/02\/KOGA-BAU-logo-cierne.png\",\"contentUrl\":\"https:\/\/kogabau.facilitytest.sk\/wp-content\/uploads\/2021\/02\/KOGA-BAU-logo-cierne.png\",\"width\":516,\"height\":66,\"caption\":\"KOGABAU\"},\"image\":{\"@id\":\"https:\/\/kogabau.facilitytest.sk\/cs\/#\/schema\/logo\/image\/\"}}]}<\/script>\n<!-- \/ Yoast SEO plugin. -->","yoast_head_json":{"title":"KOGA CORNICE & CORNICE GRP \u2013 \u0159\u00edmsov\u00e9 prefabrik\u00e1ty z polymerbetonu pro mosty | KOGA Bau","description":"\u0158\u00edmsov\u00e9 prefabrik\u00e1ty KOGA CORNICE a CORNICE GRP z polymerbetonu a GRP poskytuj\u00ed estetick\u00e9 a trval\u00e9 zakon\u010den\u00ed mostn\u00edch \u0159\u00edms, mrazuvzdornost, barevnou st\u00e1lost, snadnou manipulaci a rychlou mont\u00e1\u017e.","robots":{"index":"noindex","follow":"follow","max-snippet":"max-snippet:-1","max-image-preview":"max-image-preview:large","max-video-preview":"max-video-preview:-1"},"og_locale":"cs_CZ","og_type":"article","og_title":"KOGA CORNICE & CORNICE GRP \u2013 \u0159\u00edmsov\u00e9 prefabrik\u00e1ty z polymerbetonu pro mosty | KOGA Bau","og_description":"\u0158\u00edmsov\u00e9 prefabrik\u00e1ty KOGA CORNICE a CORNICE GRP z polymerbetonu a GRP poskytuj\u00ed estetick\u00e9 a trval\u00e9 zakon\u010den\u00ed mostn\u00edch \u0159\u00edms, mrazuvzdornost, barevnou st\u00e1lost, snadnou manipulaci a rychlou mont\u00e1\u017e.","og_url":"https:\/\/kogabau.facilitytest.sk\/cs\/koga-cornice-a-z-grp-koga-cornice-grp\/","og_site_name":"KOGABAU","article_modified_time":"2025-11-06T20:44:16+00:00","og_image":[{"width":1433,"height":478,"url":"https:\/\/kogabau.facilitytest.sk\/wp-content\/uploads\/2025\/10\/kogabau-KOGA-CORNICE-a-z-GRP-KOGA-CORNICE-GRP.png","type":"image\/png"}],"twitter_card":"summary_large_image","twitter_misc":{"Odhadovan\u00e1 doba \u010dten\u00ed":"2 minuty"},"schema":{"@context":"https:\/\/schema.org","@graph":[{"@type":"WebPage","@id":"https:\/\/kogabau.facilitytest.sk\/cs\/koga-cornice-a-z-grp-koga-cornice-grp\/","url":"https:\/\/kogabau.facilitytest.sk\/cs\/koga-cornice-a-z-grp-koga-cornice-grp\/","name":"KOGA CORNICE & CORNICE GRP \u2013 \u0159\u00edmsov\u00e9 prefabrik\u00e1ty z polymerbetonu pro mosty | KOGA Bau","isPartOf":{"@id":"https:\/\/kogabau.facilitytest.sk\/cs\/#website"},"primaryImageOfPage":{"@id":"https:\/\/kogabau.facilitytest.sk\/cs\/koga-cornice-a-z-grp-koga-cornice-grp\/#primaryimage"},"image":{"@id":"https:\/\/kogabau.facilitytest.sk\/cs\/koga-cornice-a-z-grp-koga-cornice-grp\/#primaryimage"},"thumbnailUrl":"https:\/\/kogabau.facilitytest.sk\/wp-content\/uploads\/2025\/10\/kogabau-KOGA-CORNICE-a-z-GRP-KOGA-CORNICE-GRP.png","datePublished":"2025-10-12T14:50:38+00:00","dateModified":"2025-11-06T20:44:16+00:00","description":"\u0158\u00edmsov\u00e9 prefabrik\u00e1ty KOGA CORNICE a CORNICE GRP z polymerbetonu a GRP poskytuj\u00ed estetick\u00e9 a trval\u00e9 zakon\u010den\u00ed mostn\u00edch \u0159\u00edms, mrazuvzdornost, barevnou st\u00e1lost, snadnou manipulaci a rychlou mont\u00e1\u017e.","breadcrumb":{"@id":"https:\/\/kogabau.facilitytest.sk\/cs\/koga-cornice-a-z-grp-koga-cornice-grp\/#breadcrumb"},"inLanguage":"cs","potentialAction":[{"@type":"ReadAction","target":["https:\/\/kogabau.facilitytest.sk\/cs\/koga-cornice-a-z-grp-koga-cornice-grp\/"]}]},{"@type":"ImageObject","inLanguage":"cs","@id":"https:\/\/kogabau.facilitytest.sk\/cs\/koga-cornice-a-z-grp-koga-cornice-grp\/#primaryimage","url":"https:\/\/kogabau.facilitytest.sk\/wp-content\/uploads\/2025\/10\/kogabau-KOGA-CORNICE-a-z-GRP-KOGA-CORNICE-GRP.png","contentUrl":"https:\/\/kogabau.facilitytest.sk\/wp-content\/uploads\/2025\/10\/kogabau-KOGA-CORNICE-a-z-GRP-KOGA-CORNICE-GRP.png"},{"@type":"BreadcrumbList","@id":"https:\/\/kogabau.facilitytest.sk\/cs\/koga-cornice-a-z-grp-koga-cornice-grp\/#breadcrumb","itemListElement":[{"@type":"ListItem","position":1,"name":"Home","item":"https:\/\/kogabau.facilitytest.sk\/cs\/"},{"@type":"ListItem","position":2,"name":"KOGA CORNICE a z GRP KOGA CORNICE GRP"}]},{"@type":"WebSite","@id":"https:\/\/kogabau.facilitytest.sk\/cs\/#website","url":"https:\/\/kogabau.facilitytest.sk\/cs\/","name":"KOGABAU","description":"","publisher":{"@id":"https:\/\/kogabau.facilitytest.sk\/cs\/#organization"},"potentialAction":[{"@type":"SearchAction","target":{"@type":"EntryPoint","urlTemplate":"https:\/\/kogabau.facilitytest.sk\/cs\/?s={search_term_string}"},"query-input":{"@type":"PropertyValueSpecification","valueRequired":true,"valueName":"search_term_string"}}],"inLanguage":"cs"},{"@type":"Organization","@id":"https:\/\/kogabau.facilitytest.sk\/cs\/#organization","name":"KOGABAU","url":"https:\/\/kogabau.facilitytest.sk\/cs\/","logo":{"@type":"ImageObject","inLanguage":"cs","@id":"https:\/\/kogabau.facilitytest.sk\/cs\/#\/schema\/logo\/image\/","url":"https:\/\/kogabau.facilitytest.sk\/wp-content\/uploads\/2021\/02\/KOGA-BAU-logo-cierne.png","contentUrl":"https:\/\/kogabau.facilitytest.sk\/wp-content\/uploads\/2021\/02\/KOGA-BAU-logo-cierne.png","width":516,"height":66,"caption":"KOGABAU"},"image":{"@id":"https:\/\/kogabau.facilitytest.sk\/cs\/#\/schema\/logo\/image\/"}}]}},"_links":{"self":[{"href":"https:\/\/kogabau.facilitytest.sk\/cs\/wp-json\/wp\/v2\/pages\/4517","targetHints":{"allow":["GET"]}}],"collection":[{"href":"https:\/\/kogabau.facilitytest.sk\/cs\/wp-json\/wp\/v2\/pages"}],"about":[{"href":"https:\/\/kogabau.facilitytest.sk\/cs\/wp-json\/wp\/v2\/types\/page"}],"author":[{"embeddable":true,"href":"https:\/\/kogabau.facilitytest.sk\/cs\/wp-json\/wp\/v2\/users\/15"}],"replies":[{"embeddable":true,"href":"https:\/\/kogabau.facilitytest.sk\/cs\/wp-json\/wp\/v2\/comments?post=4517"}],"version-history":[{"count":1,"href":"https:\/\/kogabau.facilitytest.sk\/cs\/wp-json\/wp\/v2\/pages\/4517\/revisions"}],"predecessor-version":[{"id":4518,"href":"https:\/\/kogabau.facilitytest.sk\/cs\/wp-json\/wp\/v2\/pages\/4517\/revisions\/4518"}],"wp:attachment":[{"href":"https:\/\/kogabau.facilitytest.sk\/cs\/wp-json\/wp\/v2\/media?parent=4517"}],"curies":[{"name":"wp","href":"https:\/\/api.w.org\/{rel}","templated":true}]}}