{"id":4491,"date":"2025-05-06T20:44:31","date_gmt":"2025-05-06T18:44:31","guid":{"rendered":"https:\/\/kogabau.facilitytest.sk\/d1-janovce-jablonov-i\/"},"modified":"2025-11-06T21:28:02","modified_gmt":"2025-11-06T20:28:02","slug":"d1-janovce-jablonov-i","status":"publish","type":"page","link":"https:\/\/kogabau.facilitytest.sk\/cs\/d1-janovce-jablonov-i\/","title":{"rendered":"D1 &#8211; Janovce-Jablonov I."},"content":{"rendered":"\t\t<div data-elementor-type=\"wp-page\" data-elementor-id=\"4491\" class=\"elementor elementor-4491 elementor-412\" data-elementor-post-type=\"page\">\n\t\t\t\t\t\t<section class=\"elementor-section elementor-top-section elementor-element elementor-element-8148f91 elementor-section-boxed elementor-section-height-default elementor-section-height-default\" data-id=\"8148f91\" data-element_type=\"section\" data-settings=\"{&quot;background_background&quot;:&quot;classic&quot;}\">\n\t\t\t\t\t\t<div class=\"elementor-container elementor-column-gap-default\">\n\t\t\t\t\t<div class=\"elementor-column elementor-col-100 elementor-top-column elementor-element elementor-element-5a3b9b3\" data-id=\"5a3b9b3\" data-element_type=\"column\">\n\t\t\t<div class=\"elementor-widget-wrap elementor-element-populated\">\n\t\t\t\t\t\t<div class=\"elementor-element elementor-element-fd30b84 elementor-widget elementor-widget-spacer\" data-id=\"fd30b84\" data-element_type=\"widget\" data-widget_type=\"spacer.default\">\n\t\t\t\t<div class=\"elementor-widget-container\">\n\t\t\t\t\t\t\t<div class=\"elementor-spacer\">\n\t\t\t<div class=\"elementor-spacer-inner\"><\/div>\n\t\t<\/div>\n\t\t\t\t\t\t<\/div>\n\t\t\t\t<\/div>\n\t\t\t\t<div class=\"elementor-element elementor-element-b019a02 elementor-widget elementor-widget-heading\" data-id=\"b019a02\" data-element_type=\"widget\" data-widget_type=\"heading.default\">\n\t\t\t\t<div class=\"elementor-widget-container\">\n\t\t\t\t\t<h1 class=\"elementor-heading-title elementor-size-default\">D1 - Janovce-Jablonov I.<\/h1>\t\t\t\t<\/div>\n\t\t\t\t<\/div>\n\t\t\t\t<div class=\"elementor-element elementor-element-47983e0 elementor-widget elementor-widget-heading\" data-id=\"47983e0\" data-element_type=\"widget\" data-widget_type=\"heading.default\">\n\t\t\t\t<div class=\"elementor-widget-container\">\n\t\t\t\t\t<h2 class=\"elementor-heading-title elementor-size-default\">Tubusov\u00fd d\u00e1lni\u010dn\u00ed most SO205:<\/h2>\t\t\t\t<\/div>\n\t\t\t\t<\/div>\n\t\t\t\t\t<\/div>\n\t\t<\/div>\n\t\t\t\t\t<\/div>\n\t\t<\/section>\n\t\t\t\t<section class=\"elementor-section elementor-top-section elementor-element elementor-element-29395f9 elementor-section-boxed elementor-section-height-default elementor-section-height-default\" data-id=\"29395f9\" data-element_type=\"section\" data-settings=\"{&quot;background_background&quot;:&quot;classic&quot;}\">\n\t\t\t\t\t\t<div class=\"elementor-container elementor-column-gap-default\">\n\t\t\t\t\t<div class=\"elementor-column elementor-col-50 elementor-top-column elementor-element elementor-element-4c29deb\" data-id=\"4c29deb\" data-element_type=\"column\">\n\t\t\t<div class=\"elementor-widget-wrap elementor-element-populated\">\n\t\t\t\t\t\t<div class=\"elementor-element elementor-element-b7dbd86 elementor-widget elementor-widget-heading\" data-id=\"b7dbd86\" data-element_type=\"widget\" data-widget_type=\"heading.default\">\n\t\t\t\t<div class=\"elementor-widget-container\">\n\t\t\t\t\t<h2 class=\"elementor-heading-title elementor-size-default\">Lokalizace<\/h2>\t\t\t\t<\/div>\n\t\t\t\t<\/div>\n\t\t\t\t<div class=\"elementor-element elementor-element-0626055 elementor-widget elementor-widget-text-editor\" data-id=\"0626055\" data-element_type=\"widget\" data-widget_type=\"text-editor.default\">\n\t\t\t\t<div class=\"elementor-widget-container\">\n\t\t\t\t\t\t\t\t\t<p>Zem\u011b: Slovensko<\/p><p>D\u00e1lnice: D1 <\/p><p>\u00dasek: Janovce-Jablonov I.<\/p><p>Objekt: SO205 <\/p><p>GPS sou\u0159adnice: 49.001112N, 20.512148E<\/p>\t\t\t\t\t\t\t\t<\/div>\n\t\t\t\t<\/div>\n\t\t\t\t<div class=\"elementor-element elementor-element-01b8870 elementor-widget elementor-widget-heading\" data-id=\"01b8870\" data-element_type=\"widget\" data-widget_type=\"heading.default\">\n\t\t\t\t<div class=\"elementor-widget-container\">\n\t\t\t\t\t<h2 class=\"elementor-heading-title elementor-size-default\">Z\u00fa\u010dastn\u011bn\u00e9 strany:<\/h2>\t\t\t\t<\/div>\n\t\t\t\t<\/div>\n\t\t\t\t<div class=\"elementor-element elementor-element-711a439 elementor-widget elementor-widget-text-editor\" data-id=\"711a439\" data-element_type=\"widget\" data-widget_type=\"text-editor.default\">\n\t\t\t\t<div class=\"elementor-widget-container\">\n\t\t\t\t\t\t\t\t\t<p>Investor: <strong>N\u00e1rodn\u00ed d\u00e1lni\u010dn\u00ed spole\u010dnost, a. s.<\/strong><\/p><p>Projek\u010dn\u00ed kancel\u00e1\u0159: Alfa 04<\/p><p>Zhotovitel: Boegl a Krysl k.s. \u2013 pobo\u010dka Bratislava<\/p>\t\t\t\t\t\t\t\t<\/div>\n\t\t\t\t<\/div>\n\t\t\t\t<div class=\"elementor-element elementor-element-8469b97 elementor-widget elementor-widget-heading\" data-id=\"8469b97\" data-element_type=\"widget\" data-widget_type=\"heading.default\">\n\t\t\t\t<div class=\"elementor-widget-container\">\n\t\t\t\t\t<h2 class=\"elementor-heading-title elementor-size-default\">Popis konstrukc\u00ed objektu:<\/h2>\t\t\t\t<\/div>\n\t\t\t\t<\/div>\n\t\t\t\t<div class=\"elementor-element elementor-element-a67bc67 elementor-widget elementor-widget-text-editor\" data-id=\"a67bc67\" data-element_type=\"widget\" data-widget_type=\"text-editor.default\">\n\t\t\t\t<div class=\"elementor-widget-container\">\n\t\t\t\t\t\t\t\t\t<p>D\u00e9lka mostu: 500m<\/p><p>V\u00fd\u0161ka mostu: 31m<\/p><p>Konstrukce mostu: betonov\u00fd, 8p\u00f3lov\u00fd most<\/p>\t\t\t\t\t\t\t\t<\/div>\n\t\t\t\t<\/div>\n\t\t\t\t<div class=\"elementor-element elementor-element-2839a4c elementor-widget elementor-widget-heading\" data-id=\"2839a4c\" data-element_type=\"widget\" data-widget_type=\"heading.default\">\n\t\t\t\t<div class=\"elementor-widget-container\">\n\t\t\t\t\t<h2 class=\"elementor-heading-title elementor-size-default\">Popis odvodn\u011bn\u00ed:<\/h2>\t\t\t\t<\/div>\n\t\t\t\t<\/div>\n\t\t\t\t<div class=\"elementor-element elementor-element-02cdff5 elementor-widget elementor-widget-text-editor\" data-id=\"02cdff5\" data-element_type=\"widget\" data-widget_type=\"text-editor.default\">\n\t\t\t\t<div class=\"elementor-widget-container\">\n\t\t\t\t\t\t\t\t\t<p>Pou\u017eit\u00fd syst\u00e9m: KOGA HDPE Grey<\/p><p>Pou\u017eit\u00e9 pr\u016fm\u011bry: DN160, DN200, DN250, DN315<\/p><p>Napojen\u00ed na odvod\u0148ova\u010de: 53<\/p><p>Napojen\u00ed na tvarovky: 30ks<\/p><p>Hlavn\u00ed kompenzace: kompenz\u00e1tor gumov\u00fd DN315<\/p><p>Celkov\u00e1 d\u00e9lka instalace: 1100bm.<\/p>\t\t\t\t\t\t\t\t<\/div>\n\t\t\t\t<\/div>\n\t\t\t\t\t<\/div>\n\t\t<\/div>\n\t\t\t\t<div class=\"elementor-column elementor-col-50 elementor-top-column elementor-element elementor-element-25c50e4\" data-id=\"25c50e4\" data-element_type=\"column\">\n\t\t\t<div class=\"elementor-widget-wrap elementor-element-populated\">\n\t\t\t\t\t\t<div class=\"elementor-element elementor-element-1927bee elementor-widget elementor-widget-google_maps\" data-id=\"1927bee\" data-element_type=\"widget\" data-widget_type=\"google_maps.default\">\n\t\t\t\t<div class=\"elementor-widget-container\">\n\t\t\t\t\t\t\t<div class=\"elementor-custom-embed\">\n\t\t\t<iframe loading=\"lazy\"\n\t\t\t\t\tsrc=\"https:\/\/maps.google.com\/maps?q=49.001112N%2C%2020.512148E&#038;t=m&#038;z=15&#038;output=embed&#038;iwloc=near\"\n\t\t\t\t\ttitle=\"49.001112N, 20.512148E\"\n\t\t\t\t\taria-label=\"49.001112N, 20.512148E\"\n\t\t\t><\/iframe>\n\t\t<\/div>\n\t\t\t\t\t\t<\/div>\n\t\t\t\t<\/div>\n\t\t\t\t<section class=\"elementor-section elementor-inner-section elementor-element elementor-element-2119a62 elementor-section-boxed elementor-section-height-default elementor-section-height-default\" data-id=\"2119a62\" data-element_type=\"section\">\n\t\t\t\t\t\t<div class=\"elementor-container elementor-column-gap-default\">\n\t\t\t\t\t<div class=\"elementor-column elementor-col-33 elementor-inner-column elementor-element elementor-element-761ddbb\" data-id=\"761ddbb\" data-element_type=\"column\" data-settings=\"{&quot;background_background&quot;:&quot;classic&quot;}\">\n\t\t\t<div class=\"elementor-widget-wrap elementor-element-populated\">\n\t\t\t\t\t\t<div class=\"elementor-element elementor-element-7b20848 elementor-widget elementor-widget-image\" data-id=\"7b20848\" data-element_type=\"widget\" data-widget_type=\"image.default\">\n\t\t\t\t<div class=\"elementor-widget-container\">\n\t\t\t\t\t\t\t\t\t\t\t\t\t\t\t<img fetchpriority=\"high\" decoding=\"async\" width=\"269\" height=\"246\" src=\"https:\/\/kogabau.facilitytest.sk\/wp-content\/uploads\/2025\/05\/IMG_8625-1.png\" class=\"attachment-large size-large wp-image-4488\" alt=\"\" \/>\t\t\t\t\t\t\t\t\t\t\t\t\t\t\t<\/div>\n\t\t\t\t<\/div>\n\t\t\t\t\t<\/div>\n\t\t<\/div>\n\t\t\t\t<div class=\"elementor-column elementor-col-33 elementor-inner-column elementor-element elementor-element-c4e37b6\" data-id=\"c4e37b6\" data-element_type=\"column\" data-settings=\"{&quot;background_background&quot;:&quot;classic&quot;}\">\n\t\t\t<div class=\"elementor-widget-wrap elementor-element-populated\">\n\t\t\t\t\t\t<div class=\"elementor-element elementor-element-314f141 elementor-widget elementor-widget-image\" data-id=\"314f141\" data-element_type=\"widget\" data-widget_type=\"image.default\">\n\t\t\t\t<div class=\"elementor-widget-container\">\n\t\t\t\t\t\t\t\t\t\t\t\t\t\t\t<img decoding=\"async\" width=\"270\" height=\"247\" src=\"https:\/\/kogabau.facilitytest.sk\/wp-content\/uploads\/2025\/05\/IMG_8626-1.png\" class=\"attachment-large size-large wp-image-4489\" alt=\"\" \/>\t\t\t\t\t\t\t\t\t\t\t\t\t\t\t<\/div>\n\t\t\t\t<\/div>\n\t\t\t\t\t<\/div>\n\t\t<\/div>\n\t\t\t\t<div class=\"elementor-column elementor-col-33 elementor-inner-column elementor-element elementor-element-cf532d4\" data-id=\"cf532d4\" data-element_type=\"column\" data-settings=\"{&quot;background_background&quot;:&quot;classic&quot;}\">\n\t\t\t<div class=\"elementor-widget-wrap elementor-element-populated\">\n\t\t\t\t\t\t<div class=\"elementor-element elementor-element-3884935 elementor-widget elementor-widget-image\" data-id=\"3884935\" data-element_type=\"widget\" data-widget_type=\"image.default\">\n\t\t\t\t<div class=\"elementor-widget-container\">\n\t\t\t\t\t\t\t\t\t\t\t\t\t\t\t<img decoding=\"async\" width=\"269\" height=\"246\" src=\"https:\/\/kogabau.facilitytest.sk\/wp-content\/uploads\/2025\/05\/IMG_8627-1.png\" class=\"attachment-large size-large wp-image-4490\" alt=\"\" \/>\t\t\t\t\t\t\t\t\t\t\t\t\t\t\t<\/div>\n\t\t\t\t<\/div>\n\t\t\t\t\t<\/div>\n\t\t<\/div>\n\t\t\t\t\t<\/div>\n\t\t<\/section>\n\t\t\t\t\t<\/div>\n\t\t<\/div>\n\t\t\t\t\t<\/div>\n\t\t<\/section>\n\t\t\t\t<\/div>\n\t\t","protected":false},"excerpt":{"rendered":"<p>D1 &#8211; Janovce-Jablonov I. Tubusov\u00fd d\u00e1lni\u010dn\u00ed most SO205: Lokalizace Zem\u011b: Slovensko D\u00e1lnice: D1 \u00dasek: Janovce-Jablonov I. Objekt: SO205 GPS sou\u0159adnice: 49.001112N, 20.512148E Z\u00fa\u010dastn\u011bn\u00e9 strany: Investor: N\u00e1rodn\u00ed d\u00e1lni\u010dn\u00ed spole\u010dnost, a. s. Projek\u010dn\u00ed kancel\u00e1\u0159: Alfa 04 Zhotovitel: Boegl a Krysl k.s. \u2013 pobo\u010dka Bratislava Popis konstrukc\u00ed objektu: D\u00e9lka mostu: 500m V\u00fd\u0161ka mostu: 31m Konstrukce mostu: betonov\u00fd, 8p\u00f3lov\u00fd [&hellip;]<\/p>\n","protected":false},"author":15,"featured_media":0,"parent":0,"menu_order":0,"comment_status":"closed","ping_status":"closed","template":"","meta":{"footnotes":""},"class_list":["post-4491","page","type-page","status-publish","hentry"],"yoast_head":"<!-- This site is optimized with the Yoast SEO plugin v26.2 - https:\/\/yoast.com\/wordpress\/plugins\/seo\/ -->\n<title>D1 Janovce\u2013Jablonov I \u2013 tubusov\u00fd d\u00e1lni\u010dn\u00ed most SO205 s KOGA odvodn\u011bn\u00edm<\/title>\n<meta name=\"description\" content=\"D\u00e1lni\u010dn\u00ed most SO205 (D1, Janovce\u2013Jablonov I.) \u2013 betonov\u00fd 8p\u00f3lov\u00fd most, d\u00e9lka 500m, v\u00fd\u0161ka 31m. Odvodn\u011bn\u00ed s KOGA HDPE Grey DN160\u2013DN315, 1100bm instalace, kompenz\u00e1tor gumov\u00fd DN315.\" \/>\n<meta name=\"robots\" content=\"noindex, follow, max-snippet:-1, max-image-preview:large, max-video-preview:-1\" \/>\n<meta property=\"og:locale\" content=\"cs_CZ\" \/>\n<meta property=\"og:type\" content=\"article\" \/>\n<meta property=\"og:title\" content=\"D1 Janovce\u2013Jablonov I \u2013 tubusov\u00fd d\u00e1lni\u010dn\u00ed most SO205 s KOGA odvodn\u011bn\u00edm\" \/>\n<meta property=\"og:description\" content=\"D\u00e1lni\u010dn\u00ed most SO205 (D1, Janovce\u2013Jablonov I.) \u2013 betonov\u00fd 8p\u00f3lov\u00fd most, d\u00e9lka 500m, v\u00fd\u0161ka 31m. Odvodn\u011bn\u00ed s KOGA HDPE Grey DN160\u2013DN315, 1100bm instalace, kompenz\u00e1tor gumov\u00fd DN315.\" \/>\n<meta property=\"og:url\" content=\"https:\/\/kogabau.facilitytest.sk\/cs\/d1-janovce-jablonov-i\/\" \/>\n<meta property=\"og:site_name\" content=\"KOGABAU\" \/>\n<meta property=\"article:modified_time\" content=\"2025-11-06T20:28:02+00:00\" \/>\n<meta property=\"og:image\" content=\"https:\/\/kogabau.facilitytest.sk\/wp-content\/uploads\/2025\/05\/IMG_8625-1.png\" \/>\n\t<meta property=\"og:image:width\" content=\"269\" \/>\n\t<meta property=\"og:image:height\" content=\"246\" \/>\n\t<meta property=\"og:image:type\" content=\"image\/png\" \/>\n<meta name=\"twitter:card\" content=\"summary_large_image\" \/>\n<meta name=\"twitter:label1\" content=\"Odhadovan\u00e1 doba \u010dten\u00ed\" \/>\n\t<meta name=\"twitter:data1\" content=\"1 minuta\" \/>\n<script type=\"application\/ld+json\" class=\"yoast-schema-graph\">{\"@context\":\"https:\/\/schema.org\",\"@graph\":[{\"@type\":\"WebPage\",\"@id\":\"https:\/\/kogabau.facilitytest.sk\/cs\/d1-janovce-jablonov-i\/\",\"url\":\"https:\/\/kogabau.facilitytest.sk\/cs\/d1-janovce-jablonov-i\/\",\"name\":\"D1 Janovce\u2013Jablonov I \u2013 tubusov\u00fd d\u00e1lni\u010dn\u00ed most SO205 s KOGA odvodn\u011bn\u00edm\",\"isPartOf\":{\"@id\":\"https:\/\/kogabau.facilitytest.sk\/cs\/#website\"},\"primaryImageOfPage\":{\"@id\":\"https:\/\/kogabau.facilitytest.sk\/cs\/d1-janovce-jablonov-i\/#primaryimage\"},\"image\":{\"@id\":\"https:\/\/kogabau.facilitytest.sk\/cs\/d1-janovce-jablonov-i\/#primaryimage\"},\"thumbnailUrl\":\"https:\/\/kogabau.facilitytest.sk\/wp-content\/uploads\/2025\/05\/IMG_8625-1.png\",\"datePublished\":\"2025-05-06T18:44:31+00:00\",\"dateModified\":\"2025-11-06T20:28:02+00:00\",\"description\":\"D\u00e1lni\u010dn\u00ed most SO205 (D1, Janovce\u2013Jablonov I.) \u2013 betonov\u00fd 8p\u00f3lov\u00fd most, d\u00e9lka 500m, v\u00fd\u0161ka 31m. Odvodn\u011bn\u00ed s KOGA HDPE Grey DN160\u2013DN315, 1100bm instalace, kompenz\u00e1tor gumov\u00fd DN315.\",\"breadcrumb\":{\"@id\":\"https:\/\/kogabau.facilitytest.sk\/cs\/d1-janovce-jablonov-i\/#breadcrumb\"},\"inLanguage\":\"cs\",\"potentialAction\":[{\"@type\":\"ReadAction\",\"target\":[\"https:\/\/kogabau.facilitytest.sk\/cs\/d1-janovce-jablonov-i\/\"]}]},{\"@type\":\"ImageObject\",\"inLanguage\":\"cs\",\"@id\":\"https:\/\/kogabau.facilitytest.sk\/cs\/d1-janovce-jablonov-i\/#primaryimage\",\"url\":\"https:\/\/kogabau.facilitytest.sk\/wp-content\/uploads\/2025\/05\/IMG_8625-1.png\",\"contentUrl\":\"https:\/\/kogabau.facilitytest.sk\/wp-content\/uploads\/2025\/05\/IMG_8625-1.png\"},{\"@type\":\"BreadcrumbList\",\"@id\":\"https:\/\/kogabau.facilitytest.sk\/cs\/d1-janovce-jablonov-i\/#breadcrumb\",\"itemListElement\":[{\"@type\":\"ListItem\",\"position\":1,\"name\":\"Home\",\"item\":\"https:\/\/kogabau.facilitytest.sk\/cs\/\"},{\"@type\":\"ListItem\",\"position\":2,\"name\":\"D1 &#8211; Janovce-Jablonov I.\"}]},{\"@type\":\"WebSite\",\"@id\":\"https:\/\/kogabau.facilitytest.sk\/cs\/#website\",\"url\":\"https:\/\/kogabau.facilitytest.sk\/cs\/\",\"name\":\"KOGABAU\",\"description\":\"\",\"publisher\":{\"@id\":\"https:\/\/kogabau.facilitytest.sk\/cs\/#organization\"},\"potentialAction\":[{\"@type\":\"SearchAction\",\"target\":{\"@type\":\"EntryPoint\",\"urlTemplate\":\"https:\/\/kogabau.facilitytest.sk\/cs\/?s={search_term_string}\"},\"query-input\":{\"@type\":\"PropertyValueSpecification\",\"valueRequired\":true,\"valueName\":\"search_term_string\"}}],\"inLanguage\":\"cs\"},{\"@type\":\"Organization\",\"@id\":\"https:\/\/kogabau.facilitytest.sk\/cs\/#organization\",\"name\":\"KOGABAU\",\"url\":\"https:\/\/kogabau.facilitytest.sk\/cs\/\",\"logo\":{\"@type\":\"ImageObject\",\"inLanguage\":\"cs\",\"@id\":\"https:\/\/kogabau.facilitytest.sk\/cs\/#\/schema\/logo\/image\/\",\"url\":\"https:\/\/kogabau.facilitytest.sk\/wp-content\/uploads\/2021\/02\/KOGA-BAU-logo-cierne.png\",\"contentUrl\":\"https:\/\/kogabau.facilitytest.sk\/wp-content\/uploads\/2021\/02\/KOGA-BAU-logo-cierne.png\",\"width\":516,\"height\":66,\"caption\":\"KOGABAU\"},\"image\":{\"@id\":\"https:\/\/kogabau.facilitytest.sk\/cs\/#\/schema\/logo\/image\/\"}}]}<\/script>\n<!-- \/ Yoast SEO plugin. -->","yoast_head_json":{"title":"D1 Janovce\u2013Jablonov I \u2013 tubusov\u00fd d\u00e1lni\u010dn\u00ed most SO205 s KOGA odvodn\u011bn\u00edm","description":"D\u00e1lni\u010dn\u00ed most SO205 (D1, Janovce\u2013Jablonov I.) \u2013 betonov\u00fd 8p\u00f3lov\u00fd most, d\u00e9lka 500m, v\u00fd\u0161ka 31m. Odvodn\u011bn\u00ed s KOGA HDPE Grey DN160\u2013DN315, 1100bm instalace, kompenz\u00e1tor gumov\u00fd DN315.","robots":{"index":"noindex","follow":"follow","max-snippet":"max-snippet:-1","max-image-preview":"max-image-preview:large","max-video-preview":"max-video-preview:-1"},"og_locale":"cs_CZ","og_type":"article","og_title":"D1 Janovce\u2013Jablonov I \u2013 tubusov\u00fd d\u00e1lni\u010dn\u00ed most SO205 s KOGA odvodn\u011bn\u00edm","og_description":"D\u00e1lni\u010dn\u00ed most SO205 (D1, Janovce\u2013Jablonov I.) \u2013 betonov\u00fd 8p\u00f3lov\u00fd most, d\u00e9lka 500m, v\u00fd\u0161ka 31m. Odvodn\u011bn\u00ed s KOGA HDPE Grey DN160\u2013DN315, 1100bm instalace, kompenz\u00e1tor gumov\u00fd DN315.","og_url":"https:\/\/kogabau.facilitytest.sk\/cs\/d1-janovce-jablonov-i\/","og_site_name":"KOGABAU","article_modified_time":"2025-11-06T20:28:02+00:00","og_image":[{"width":269,"height":246,"url":"https:\/\/kogabau.facilitytest.sk\/wp-content\/uploads\/2025\/05\/IMG_8625-1.png","type":"image\/png"}],"twitter_card":"summary_large_image","twitter_misc":{"Odhadovan\u00e1 doba \u010dten\u00ed":"1 minuta"},"schema":{"@context":"https:\/\/schema.org","@graph":[{"@type":"WebPage","@id":"https:\/\/kogabau.facilitytest.sk\/cs\/d1-janovce-jablonov-i\/","url":"https:\/\/kogabau.facilitytest.sk\/cs\/d1-janovce-jablonov-i\/","name":"D1 Janovce\u2013Jablonov I \u2013 tubusov\u00fd d\u00e1lni\u010dn\u00ed most SO205 s KOGA odvodn\u011bn\u00edm","isPartOf":{"@id":"https:\/\/kogabau.facilitytest.sk\/cs\/#website"},"primaryImageOfPage":{"@id":"https:\/\/kogabau.facilitytest.sk\/cs\/d1-janovce-jablonov-i\/#primaryimage"},"image":{"@id":"https:\/\/kogabau.facilitytest.sk\/cs\/d1-janovce-jablonov-i\/#primaryimage"},"thumbnailUrl":"https:\/\/kogabau.facilitytest.sk\/wp-content\/uploads\/2025\/05\/IMG_8625-1.png","datePublished":"2025-05-06T18:44:31+00:00","dateModified":"2025-11-06T20:28:02+00:00","description":"D\u00e1lni\u010dn\u00ed most SO205 (D1, Janovce\u2013Jablonov I.) \u2013 betonov\u00fd 8p\u00f3lov\u00fd most, d\u00e9lka 500m, v\u00fd\u0161ka 31m. Odvodn\u011bn\u00ed s KOGA HDPE Grey DN160\u2013DN315, 1100bm instalace, kompenz\u00e1tor gumov\u00fd DN315.","breadcrumb":{"@id":"https:\/\/kogabau.facilitytest.sk\/cs\/d1-janovce-jablonov-i\/#breadcrumb"},"inLanguage":"cs","potentialAction":[{"@type":"ReadAction","target":["https:\/\/kogabau.facilitytest.sk\/cs\/d1-janovce-jablonov-i\/"]}]},{"@type":"ImageObject","inLanguage":"cs","@id":"https:\/\/kogabau.facilitytest.sk\/cs\/d1-janovce-jablonov-i\/#primaryimage","url":"https:\/\/kogabau.facilitytest.sk\/wp-content\/uploads\/2025\/05\/IMG_8625-1.png","contentUrl":"https:\/\/kogabau.facilitytest.sk\/wp-content\/uploads\/2025\/05\/IMG_8625-1.png"},{"@type":"BreadcrumbList","@id":"https:\/\/kogabau.facilitytest.sk\/cs\/d1-janovce-jablonov-i\/#breadcrumb","itemListElement":[{"@type":"ListItem","position":1,"name":"Home","item":"https:\/\/kogabau.facilitytest.sk\/cs\/"},{"@type":"ListItem","position":2,"name":"D1 &#8211; Janovce-Jablonov I."}]},{"@type":"WebSite","@id":"https:\/\/kogabau.facilitytest.sk\/cs\/#website","url":"https:\/\/kogabau.facilitytest.sk\/cs\/","name":"KOGABAU","description":"","publisher":{"@id":"https:\/\/kogabau.facilitytest.sk\/cs\/#organization"},"potentialAction":[{"@type":"SearchAction","target":{"@type":"EntryPoint","urlTemplate":"https:\/\/kogabau.facilitytest.sk\/cs\/?s={search_term_string}"},"query-input":{"@type":"PropertyValueSpecification","valueRequired":true,"valueName":"search_term_string"}}],"inLanguage":"cs"},{"@type":"Organization","@id":"https:\/\/kogabau.facilitytest.sk\/cs\/#organization","name":"KOGABAU","url":"https:\/\/kogabau.facilitytest.sk\/cs\/","logo":{"@type":"ImageObject","inLanguage":"cs","@id":"https:\/\/kogabau.facilitytest.sk\/cs\/#\/schema\/logo\/image\/","url":"https:\/\/kogabau.facilitytest.sk\/wp-content\/uploads\/2021\/02\/KOGA-BAU-logo-cierne.png","contentUrl":"https:\/\/kogabau.facilitytest.sk\/wp-content\/uploads\/2021\/02\/KOGA-BAU-logo-cierne.png","width":516,"height":66,"caption":"KOGABAU"},"image":{"@id":"https:\/\/kogabau.facilitytest.sk\/cs\/#\/schema\/logo\/image\/"}}]}},"_links":{"self":[{"href":"https:\/\/kogabau.facilitytest.sk\/cs\/wp-json\/wp\/v2\/pages\/4491","targetHints":{"allow":["GET"]}}],"collection":[{"href":"https:\/\/kogabau.facilitytest.sk\/cs\/wp-json\/wp\/v2\/pages"}],"about":[{"href":"https:\/\/kogabau.facilitytest.sk\/cs\/wp-json\/wp\/v2\/types\/page"}],"author":[{"embeddable":true,"href":"https:\/\/kogabau.facilitytest.sk\/cs\/wp-json\/wp\/v2\/users\/15"}],"replies":[{"embeddable":true,"href":"https:\/\/kogabau.facilitytest.sk\/cs\/wp-json\/wp\/v2\/comments?post=4491"}],"version-history":[{"count":2,"href":"https:\/\/kogabau.facilitytest.sk\/cs\/wp-json\/wp\/v2\/pages\/4491\/revisions"}],"predecessor-version":[{"id":8340,"href":"https:\/\/kogabau.facilitytest.sk\/cs\/wp-json\/wp\/v2\/pages\/4491\/revisions\/8340"}],"wp:attachment":[{"href":"https:\/\/kogabau.facilitytest.sk\/cs\/wp-json\/wp\/v2\/media?parent=4491"}],"curies":[{"name":"wp","href":"https:\/\/api.w.org\/{rel}","templated":true}]}}